{"id":4700,"date":"2022-02-20T14:53:18","date_gmt":"2022-02-20T14:53:18","guid":{"rendered":"https:\/\/medicinasinc.com\/it\/?post_type=product&#038;p=4700"},"modified":"2022-03-17T00:44:39","modified_gmt":"2022-03-17T00:44:39","slug":"compra-marocchino-primero-hash","status":"publish","type":"product","link":"https:\/\/medicinasinc.com\/it\/product\/compra-marocchino-primero-hash\/","title":{"rendered":"Acquista Primero Hash Marocchino"},"content":{"rendered":"<p>Acquista Primo Hash Marocchino<\/p>\n<p>Acquista Primo Hash Marocchino. Il Moroccan Primero Hash \u00e8 un rispettabile clone di hashish. \u00c8, in generale, legale e rimarr\u00e0 legale fino alla fine dei tempi. \u00c8 privo di THC, cannabinoidi sintetici e altri sintetici di ricerca (come JWH-018, JWH-073, JWH-250, AM-2209 e cos\u00ec via). \u00c8 presumibilmente il miglior clone di hashish legale disponibile. Utilizziamo solo materiali naturali e ricchi di nutrienti. Sembra che l&#8217;hashish assomigli all&#8217;hashish, si sente come l&#8217;hashish, odora di canapa e ha un sapore fantastico. L&#8217;hashish marocchino Primero \u00e8 solo leggermente pi\u00f9 scuro degli altri nostri prodotti. Se sei curioso dei nostri prodotti, ti consigliamo di acquistare prima un pacchetto di esempio. Acquista pi\u00f9 dei nostri articoli cloni di hash legali per risparmiare denaro.<\/p>\n","protected":false},"excerpt":{"rendered":"<div class=\"woocommerce-product-details__short-description\">\n<p>acquista hash premier marocchino online su bestglobalmed con consegna rapida in tutto il mondo. Vendo hashish marocchino di alta qualit\u00e0. acquista ora.<\/p>\n<\/p><\/div>\n","protected":false},"featured_media":4712,"comment_status":"open","ping_status":"closed","template":"","meta":[],"product_brand":[],"product_cat":[610],"product_tag":[683,686,684,685,687,688],"class_list":{"0":"post-4700","1":"product","2":"type-product","3":"status-publish","4":"has-post-thumbnail","6":"product_cat-compra-hash-hashish","7":"product_tag-compra-compra-bubble-hash-online","8":"product_tag-comprare-palle-tempio-nepalesi","9":"product_tag-comprare-cannabis-olio-di-cocco","10":"product_tag-buy-moroc-caramello-online","11":"product_tag-sale-fragole-gocce-per-la-tosse","12":"product_tag-miele-marocchino-biondo-hash","14":"first","15":"instock","16":"shipping-taxable","17":"purchasable","18":"product-type-variable","19":"has-default-attributes"},"yoast_head":"<!-- This site is optimized with the Yoast SEO plugin v27.3 - https:\/\/yoast.com\/product\/yoast-seo-wordpress\/ -->\n<title>Acquista Primero Hash marocchino - I migliori migliori medicinali globali<\/title>\n<meta name=\"description\" content=\"acquista hashish premiero marocchino online su bestglobalmed con consegna veloce in tutto il mondo. Vendo hashish marocchino di alta qualit\u00e0. acquistare ora.\" \/>\n<meta name=\"robots\" content=\"index, follow, max-snippet:-1, max-image-preview:large, max-video-preview:-1\" \/>\n<link rel=\"canonical\" href=\"https:\/\/medicinasinc.com\/it\/product\/compra-marocchino-primero-hash\/\" \/>\n<meta property=\"og:locale\" content=\"it_IT\" \/>\n<meta property=\"og:type\" content=\"article\" \/>\n<meta property=\"og:title\" content=\"Acquista Primero Hash marocchino - I migliori migliori medicinali globali\" \/>\n<meta property=\"og:description\" content=\"acquista hashish premiero marocchino online su bestglobalmed con consegna veloce in tutto il mondo. Vendo hashish marocchino di alta qualit\u00e0. acquistare ora.\" \/>\n<meta property=\"og:url\" content=\"https:\/\/medicinasinc.com\/it\/product\/compra-marocchino-primero-hash\/\" \/>\n<meta property=\"og:site_name\" content=\"Medicinas Inc\" \/>\n<meta property=\"article:modified_time\" content=\"2022-03-17T00:44:39+00:00\" \/>\n<meta property=\"og:image\" content=\"https:\/\/medicinasinc.com\/it\/wp-content\/uploads\/sites\/4\/2022\/02\/Buy-Moroccan-Primero-Hash.jpg\" \/>\n\t<meta property=\"og:image:width\" content=\"600\" \/>\n\t<meta property=\"og:image:height\" content=\"600\" \/>\n\t<meta property=\"og:image:type\" content=\"image\/jpeg\" \/>\n<meta name=\"twitter:card\" content=\"summary_large_image\" \/>\n<meta name=\"twitter:label1\" content=\"Tempo di lettura stimato\" \/>\n\t<meta name=\"twitter:data1\" content=\"1 minuto\" \/>\n<script type=\"application\/ld+json\" class=\"yoast-schema-graph\">{\"@context\":\"https:\\\/\\\/schema.org\",\"@graph\":[{\"@type\":\"WebPage\",\"@id\":\"https:\\\/\\\/medicinasinc.com\\\/it\\\/product\\\/compra-marocchino-primero-hash\\\/\",\"url\":\"https:\\\/\\\/medicinasinc.com\\\/it\\\/product\\\/compra-marocchino-primero-hash\\\/\",\"name\":\"Acquista Primero Hash marocchino - I migliori migliori medicinali globali\",\"isPartOf\":{\"@id\":\"https:\\\/\\\/medicinasinc.com\\\/it\\\/#website\"},\"primaryImageOfPage\":{\"@id\":\"https:\\\/\\\/medicinasinc.com\\\/it\\\/product\\\/compra-marocchino-primero-hash\\\/#primaryimage\"},\"image\":{\"@id\":\"https:\\\/\\\/medicinasinc.com\\\/it\\\/product\\\/compra-marocchino-primero-hash\\\/#primaryimage\"},\"thumbnailUrl\":\"https:\\\/\\\/medicinasinc.com\\\/it\\\/wp-content\\\/uploads\\\/sites\\\/4\\\/2022\\\/02\\\/Buy-Moroccan-Primero-Hash.jpg\",\"datePublished\":\"2022-02-20T14:53:18+00:00\",\"dateModified\":\"2022-03-17T00:44:39+00:00\",\"description\":\"acquista hashish premiero marocchino online su bestglobalmed con consegna veloce in tutto il mondo. Vendo hashish marocchino di alta qualit\u00e0. acquistare ora.\",\"breadcrumb\":{\"@id\":\"https:\\\/\\\/medicinasinc.com\\\/it\\\/product\\\/compra-marocchino-primero-hash\\\/#breadcrumb\"},\"inLanguage\":\"it-IT\",\"potentialAction\":[{\"@type\":\"ReadAction\",\"target\":[\"https:\\\/\\\/medicinasinc.com\\\/it\\\/product\\\/compra-marocchino-primero-hash\\\/\"]}]},{\"@type\":\"ImageObject\",\"inLanguage\":\"it-IT\",\"@id\":\"https:\\\/\\\/medicinasinc.com\\\/it\\\/product\\\/compra-marocchino-primero-hash\\\/#primaryimage\",\"url\":\"https:\\\/\\\/medicinasinc.com\\\/it\\\/wp-content\\\/uploads\\\/sites\\\/4\\\/2022\\\/02\\\/Buy-Moroccan-Primero-Hash.jpg\",\"contentUrl\":\"https:\\\/\\\/medicinasinc.com\\\/it\\\/wp-content\\\/uploads\\\/sites\\\/4\\\/2022\\\/02\\\/Buy-Moroccan-Primero-Hash.jpg\",\"width\":600,\"height\":600},{\"@type\":\"BreadcrumbList\",\"@id\":\"https:\\\/\\\/medicinasinc.com\\\/it\\\/product\\\/compra-marocchino-primero-hash\\\/#breadcrumb\",\"itemListElement\":[{\"@type\":\"ListItem\",\"position\":1,\"name\":\"Negozio\",\"item\":\"https:\\\/\\\/medicinasinc.com\\\/it\\\/negozio\\\/\"},{\"@type\":\"ListItem\",\"position\":2,\"name\":\"Acquista Primero Hash Marocchino\"}]},{\"@type\":\"WebSite\",\"@id\":\"https:\\\/\\\/medicinasinc.com\\\/it\\\/#website\",\"url\":\"https:\\\/\\\/medicinasinc.com\\\/it\\\/\",\"name\":\"Medicinas Inc\",\"description\":\"Health Medical Clinic\",\"potentialAction\":[{\"@type\":\"SearchAction\",\"target\":{\"@type\":\"EntryPoint\",\"urlTemplate\":\"https:\\\/\\\/medicinasinc.com\\\/it\\\/?s={search_term_string}\"},\"query-input\":{\"@type\":\"PropertyValueSpecification\",\"valueRequired\":true,\"valueName\":\"search_term_string\"}}],\"inLanguage\":\"it-IT\"}]}<\/script>\n<!-- \/ Yoast SEO plugin. -->","yoast_head_json":{"title":"Acquista Primero Hash marocchino - I migliori migliori medicinali globali","description":"acquista hashish premiero marocchino online su bestglobalmed con consegna veloce in tutto il mondo. Vendo hashish marocchino di alta qualit\u00e0. acquistare ora.","robots":{"index":"index","follow":"follow","max-snippet":"max-snippet:-1","max-image-preview":"max-image-preview:large","max-video-preview":"max-video-preview:-1"},"canonical":"https:\/\/medicinasinc.com\/it\/product\/compra-marocchino-primero-hash\/","og_locale":"it_IT","og_type":"article","og_title":"Acquista Primero Hash marocchino - I migliori migliori medicinali globali","og_description":"acquista hashish premiero marocchino online su bestglobalmed con consegna veloce in tutto il mondo. Vendo hashish marocchino di alta qualit\u00e0. acquistare ora.","og_url":"https:\/\/medicinasinc.com\/it\/product\/compra-marocchino-primero-hash\/","og_site_name":"Medicinas Inc","article_modified_time":"2022-03-17T00:44:39+00:00","og_image":[{"width":600,"height":600,"url":"https:\/\/medicinasinc.com\/it\/wp-content\/uploads\/sites\/4\/2022\/02\/Buy-Moroccan-Primero-Hash.jpg","type":"image\/jpeg"}],"twitter_card":"summary_large_image","twitter_misc":{"Tempo di lettura stimato":"1 minuto"},"schema":{"@context":"https:\/\/schema.org","@graph":[{"@type":"WebPage","@id":"https:\/\/medicinasinc.com\/it\/product\/compra-marocchino-primero-hash\/","url":"https:\/\/medicinasinc.com\/it\/product\/compra-marocchino-primero-hash\/","name":"Acquista Primero Hash marocchino - I migliori migliori medicinali globali","isPartOf":{"@id":"https:\/\/medicinasinc.com\/it\/#website"},"primaryImageOfPage":{"@id":"https:\/\/medicinasinc.com\/it\/product\/compra-marocchino-primero-hash\/#primaryimage"},"image":{"@id":"https:\/\/medicinasinc.com\/it\/product\/compra-marocchino-primero-hash\/#primaryimage"},"thumbnailUrl":"https:\/\/medicinasinc.com\/it\/wp-content\/uploads\/sites\/4\/2022\/02\/Buy-Moroccan-Primero-Hash.jpg","datePublished":"2022-02-20T14:53:18+00:00","dateModified":"2022-03-17T00:44:39+00:00","description":"acquista hashish premiero marocchino online su bestglobalmed con consegna veloce in tutto il mondo. Vendo hashish marocchino di alta qualit\u00e0. acquistare ora.","breadcrumb":{"@id":"https:\/\/medicinasinc.com\/it\/product\/compra-marocchino-primero-hash\/#breadcrumb"},"inLanguage":"it-IT","potentialAction":[{"@type":"ReadAction","target":["https:\/\/medicinasinc.com\/it\/product\/compra-marocchino-primero-hash\/"]}]},{"@type":"ImageObject","inLanguage":"it-IT","@id":"https:\/\/medicinasinc.com\/it\/product\/compra-marocchino-primero-hash\/#primaryimage","url":"https:\/\/medicinasinc.com\/it\/wp-content\/uploads\/sites\/4\/2022\/02\/Buy-Moroccan-Primero-Hash.jpg","contentUrl":"https:\/\/medicinasinc.com\/it\/wp-content\/uploads\/sites\/4\/2022\/02\/Buy-Moroccan-Primero-Hash.jpg","width":600,"height":600},{"@type":"BreadcrumbList","@id":"https:\/\/medicinasinc.com\/it\/product\/compra-marocchino-primero-hash\/#breadcrumb","itemListElement":[{"@type":"ListItem","position":1,"name":"Negozio","item":"https:\/\/medicinasinc.com\/it\/negozio\/"},{"@type":"ListItem","position":2,"name":"Acquista Primero Hash Marocchino"}]},{"@type":"WebSite","@id":"https:\/\/medicinasinc.com\/it\/#website","url":"https:\/\/medicinasinc.com\/it\/","name":"Medicinas Inc","description":"Health Medical Clinic","potentialAction":[{"@type":"SearchAction","target":{"@type":"EntryPoint","urlTemplate":"https:\/\/medicinasinc.com\/it\/?s={search_term_string}"},"query-input":{"@type":"PropertyValueSpecification","valueRequired":true,"valueName":"search_term_string"}}],"inLanguage":"it-IT"}]}},"_links":{"self":[{"href":"https:\/\/medicinasinc.com\/it\/wp-json\/wp\/v2\/product\/4700","targetHints":{"allow":["GET"]}}],"collection":[{"href":"https:\/\/medicinasinc.com\/it\/wp-json\/wp\/v2\/product"}],"about":[{"href":"https:\/\/medicinasinc.com\/it\/wp-json\/wp\/v2\/types\/product"}],"replies":[{"embeddable":true,"href":"https:\/\/medicinasinc.com\/it\/wp-json\/wp\/v2\/comments?post=4700"}],"wp:featuredmedia":[{"embeddable":true,"href":"https:\/\/medicinasinc.com\/it\/wp-json\/wp\/v2\/media\/4712"}],"wp:attachment":[{"href":"https:\/\/medicinasinc.com\/it\/wp-json\/wp\/v2\/media?parent=4700"}],"wp:term":[{"taxonomy":"product_brand","embeddable":true,"href":"https:\/\/medicinasinc.com\/it\/wp-json\/wp\/v2\/product_brand?post=4700"},{"taxonomy":"product_cat","embeddable":true,"href":"https:\/\/medicinasinc.com\/it\/wp-json\/wp\/v2\/product_cat?post=4700"},{"taxonomy":"product_tag","embeddable":true,"href":"https:\/\/medicinasinc.com\/it\/wp-json\/wp\/v2\/product_tag?post=4700"}],"curies":[{"name":"wp","href":"https:\/\/api.w.org\/{rel}","templated":true}]}}