{"id":4666,"date":"2022-02-20T14:26:53","date_gmt":"2022-02-20T14:26:53","guid":{"rendered":"https:\/\/medicinasinc.com\/it\/?post_type=product&#038;p=4666"},"modified":"2022-03-17T00:45:17","modified_gmt":"2022-03-17T00:45:17","slug":"buy-ice-hash-stick","status":"publish","type":"product","link":"https:\/\/medicinasinc.com\/it\/product\/buy-ice-hash-stick\/","title":{"rendered":"Acquista bastoncini di hashish di ghiaccio"},"content":{"rendered":"<p>L&#8217;Ice Hash sta rapidamente guadagnando popolarit\u00e0 come metodo a bassa manutenzione per produrre hashish di alta qualit\u00e0. La marijuana viene combinata con l&#8217;acqua e poi filtrata attraverso vari tipi di stoffa. La resina che ne risulta \u00e8 incredibile. Bastoncini di hashish fatti di ghiaccio. Esistono numerosi metodi per creare Ice Hash. Puoi acquistare Ice-o-lators online per creare Ice Hash. Acquista bastoncini di hashish fatti di ghiaccio<\/p>\n<p>Come viene definito l&#8217;hashish (hash)?<\/p>\n<p>&#8220;L&#8217;hashish \u00e8 una sostanza psicoattiva derivata dalle ghiandole resinose della pianta femminile di Cannabis (pistillato). [\u2026 ] L&#8217;obiettivo \u00e8 isolare (e quindi concentrare) la resina contenente THC per produrre hashish&#8221;. Bastoncini di hashish fatti di ghiaccio<\/p>\n<p>Acquista bastoncini di hashish di ghiaccio | Acquista bastoncini di hashish di ghiaccio | Acquista Ice Hash Sticks<\/p>\n<p>In parole povere, l&#8217;hashish (che ora chiameremo hash) \u00e8 la ghiandola di resina isolata della pianta di cannabis. Ancora pi\u00f9 semplice, l&#8217;hashish \u00e8 quando la buona sostanza appiccicosa della tua cannabis viene estratta completamente da sola. L&#8217;hash \u00e8, in un certo senso, cannabis distillata! Bastoncini di hashish fatti di ghiaccio<\/p>\n<p>Fare hashish con ghiaccio secco \u00e8 il metodo pi\u00f9 semplice, veloce ed efficiente per estrarre la resina dalla cannabis. In poche parole, questa \u00e8 la nostra opinione collettiva. Dry Ice Hash \u00e8 il metodo ottimale per la produzione di hashish. Bastoncini di hashish fatti di ghiaccio<\/p>\n<p>&nbsp;<\/p>\n<p>Cosa rende unico l&#8217;hashish con ghiaccio secco?<\/p>\n<p>Anche se non tutti gli hash sono identici, molti sono abbastanza simili.<\/p>\n<p>L&#8217;hashish d&#8217;acqua, chiamato anche ice hash, bubble hash, gravity (Gumby) e dry ice hash, produce tutti ghiandole di resina isolate.<\/p>\n<p>Hash Sticks Made of Ice<\/p>\n<p>Mentre molti metodi producono lo stesso prodotto o un prodotto simile, l&#8217;uso del ghiaccio secco presenta una serie di vantaggi rispetto ad altri metodi di raccolta della resina:<\/p>\n<p>\u00c8 pi\u00f9 conveniente dei metodi alternativi.<br \/> Puoi completa l&#8217;hash con ghiaccio secco in circa 1\/25 del tempo necessario per completare l&#8217;hash per gravit\u00e0! Sebbene questo esempio sia estremo, produrre hashish con ghiaccio secco richiede solo pochi minuti ed \u00e8 significativamente pi\u00f9 veloce di altri metodi. Bastoncini di hashish fatti di ghiaccio<br \/> \u00c8 ridicolmente semplice e quella semplicit\u00e0 si traduce in gratificazione immediata. Ottieni hashish premium per meno di 15 minuti agitando un secchio e un sacchetto.<br \/> Non c&#8217;\u00e8 umidit\u00e0 presente!<br \/> Ci\u00f2 significa che la resina \u00e8 pronta immediatamente dopo essere stata scossa!<\/p>\n","protected":false},"excerpt":{"rendered":"<div class=\"woocommerce-product-details__short-description\">\n<p>Gli Ice Hash Sticks, noti anche come Thai Sticks, sono una razza autoctona sativa pura originaria della Thailandia e arrivata negli Stati Uniti negli anni &#8217;70.<\/p>\n<p>Ice Hash sta rapidamente guadagnando popolarit\u00e0 come metodo a bassa manutenzione per produrre hashish di alta qualit\u00e0. La marijuana viene combinata con l&#8217;acqua e poi filtrata attraverso vari tipi di stoffa. La resina che ne risulta \u00e8 incredibile. Bastoncini di hashish fatti di ghiaccio. Esistono numerosi metodi per creare Ice Hash. Puoi acquistare Ice-o-lators online per creare Ice Hash. Acquista bastoncini di hashish fatti di ghiaccio<\/p>\n<\/p><\/div>\n","protected":false},"featured_media":4679,"comment_status":"open","ping_status":"closed","template":"","meta":[],"product_brand":[],"product_cat":[610],"product_tag":[],"class_list":{"0":"post-4666","1":"product","2":"type-product","3":"status-publish","4":"has-post-thumbnail","6":"product_cat-compra-hash-hashish","8":"first","9":"instock","10":"shipping-taxable","11":"purchasable","12":"product-type-variable","13":"has-default-attributes"},"yoast_head":"<!-- This site is optimized with the Yoast SEO plugin v27.3 - https:\/\/yoast.com\/product\/yoast-seo-wordpress\/ -->\n<title>Acquista bastoncini di Ice Hash - I migliori migliori medicinali globali<\/title>\n<meta name=\"description\" content=\"Acquista Ice Hash Sticks in vendita nel Regno Unito, in Europa Online noto anche come Thai Sticks \u00e8 una variet\u00e0 autoctona sativa pura iniziata in Thailandia, che si \u00e8 fatta strada negli Stati Uniti solo negli anni &#039;70.\" \/>\n<meta name=\"robots\" content=\"index, follow, max-snippet:-1, max-image-preview:large, max-video-preview:-1\" \/>\n<link rel=\"canonical\" href=\"https:\/\/medicinasinc.com\/it\/product\/buy-ice-hash-stick\/\" \/>\n<meta property=\"og:locale\" content=\"it_IT\" \/>\n<meta property=\"og:type\" content=\"article\" \/>\n<meta property=\"og:title\" content=\"Acquista bastoncini di Ice Hash - I migliori migliori medicinali globali\" \/>\n<meta property=\"og:description\" content=\"Acquista Ice Hash Sticks in vendita nel Regno Unito, in Europa Online noto anche come Thai Sticks \u00e8 una variet\u00e0 autoctona sativa pura iniziata in Thailandia, che si \u00e8 fatta strada negli Stati Uniti solo negli anni &#039;70.\" \/>\n<meta property=\"og:url\" content=\"https:\/\/medicinasinc.com\/it\/product\/buy-ice-hash-stick\/\" \/>\n<meta property=\"og:site_name\" content=\"Medicinas Inc\" \/>\n<meta property=\"article:modified_time\" content=\"2022-03-17T00:45:17+00:00\" \/>\n<meta property=\"og:image\" content=\"https:\/\/medicinasinc.com\/it\/wp-content\/uploads\/sites\/4\/2022\/02\/Buy-Ice-Hash-Sticks.jpg\" \/>\n\t<meta property=\"og:image:width\" content=\"600\" \/>\n\t<meta property=\"og:image:height\" content=\"600\" \/>\n\t<meta property=\"og:image:type\" content=\"image\/jpeg\" \/>\n<meta name=\"twitter:card\" content=\"summary_large_image\" \/>\n<meta name=\"twitter:label1\" content=\"Tempo di lettura stimato\" \/>\n\t<meta name=\"twitter:data1\" content=\"2 minuti\" \/>\n<script type=\"application\/ld+json\" class=\"yoast-schema-graph\">{\"@context\":\"https:\\\/\\\/schema.org\",\"@graph\":[{\"@type\":\"WebPage\",\"@id\":\"https:\\\/\\\/medicinasinc.com\\\/it\\\/product\\\/buy-ice-hash-stick\\\/\",\"url\":\"https:\\\/\\\/medicinasinc.com\\\/it\\\/product\\\/buy-ice-hash-stick\\\/\",\"name\":\"Acquista bastoncini di Ice Hash - I migliori migliori medicinali globali\",\"isPartOf\":{\"@id\":\"https:\\\/\\\/medicinasinc.com\\\/it\\\/#website\"},\"primaryImageOfPage\":{\"@id\":\"https:\\\/\\\/medicinasinc.com\\\/it\\\/product\\\/buy-ice-hash-stick\\\/#primaryimage\"},\"image\":{\"@id\":\"https:\\\/\\\/medicinasinc.com\\\/it\\\/product\\\/buy-ice-hash-stick\\\/#primaryimage\"},\"thumbnailUrl\":\"https:\\\/\\\/medicinasinc.com\\\/it\\\/wp-content\\\/uploads\\\/sites\\\/4\\\/2022\\\/02\\\/Buy-Ice-Hash-Sticks.jpg\",\"datePublished\":\"2022-02-20T14:26:53+00:00\",\"dateModified\":\"2022-03-17T00:45:17+00:00\",\"description\":\"Acquista Ice Hash Sticks in vendita nel Regno Unito, in Europa Online noto anche come Thai Sticks \u00e8 una variet\u00e0 autoctona sativa pura iniziata in Thailandia, che si \u00e8 fatta strada negli Stati Uniti solo negli anni '70.\",\"breadcrumb\":{\"@id\":\"https:\\\/\\\/medicinasinc.com\\\/it\\\/product\\\/buy-ice-hash-stick\\\/#breadcrumb\"},\"inLanguage\":\"it-IT\",\"potentialAction\":[{\"@type\":\"ReadAction\",\"target\":[\"https:\\\/\\\/medicinasinc.com\\\/it\\\/product\\\/buy-ice-hash-stick\\\/\"]}]},{\"@type\":\"ImageObject\",\"inLanguage\":\"it-IT\",\"@id\":\"https:\\\/\\\/medicinasinc.com\\\/it\\\/product\\\/buy-ice-hash-stick\\\/#primaryimage\",\"url\":\"https:\\\/\\\/medicinasinc.com\\\/it\\\/wp-content\\\/uploads\\\/sites\\\/4\\\/2022\\\/02\\\/Buy-Ice-Hash-Sticks.jpg\",\"contentUrl\":\"https:\\\/\\\/medicinasinc.com\\\/it\\\/wp-content\\\/uploads\\\/sites\\\/4\\\/2022\\\/02\\\/Buy-Ice-Hash-Sticks.jpg\",\"width\":600,\"height\":600},{\"@type\":\"BreadcrumbList\",\"@id\":\"https:\\\/\\\/medicinasinc.com\\\/it\\\/product\\\/buy-ice-hash-stick\\\/#breadcrumb\",\"itemListElement\":[{\"@type\":\"ListItem\",\"position\":1,\"name\":\"Negozio\",\"item\":\"https:\\\/\\\/medicinasinc.com\\\/it\\\/negozio\\\/\"},{\"@type\":\"ListItem\",\"position\":2,\"name\":\"Acquista bastoncini di hashish di ghiaccio\"}]},{\"@type\":\"WebSite\",\"@id\":\"https:\\\/\\\/medicinasinc.com\\\/it\\\/#website\",\"url\":\"https:\\\/\\\/medicinasinc.com\\\/it\\\/\",\"name\":\"Medicinas Inc\",\"description\":\"Health Medical Clinic\",\"potentialAction\":[{\"@type\":\"SearchAction\",\"target\":{\"@type\":\"EntryPoint\",\"urlTemplate\":\"https:\\\/\\\/medicinasinc.com\\\/it\\\/?s={search_term_string}\"},\"query-input\":{\"@type\":\"PropertyValueSpecification\",\"valueRequired\":true,\"valueName\":\"search_term_string\"}}],\"inLanguage\":\"it-IT\"}]}<\/script>\n<!-- \/ Yoast SEO plugin. -->","yoast_head_json":{"title":"Acquista bastoncini di Ice Hash - I migliori migliori medicinali globali","description":"Acquista Ice Hash Sticks in vendita nel Regno Unito, in Europa Online noto anche come Thai Sticks \u00e8 una variet\u00e0 autoctona sativa pura iniziata in Thailandia, che si \u00e8 fatta strada negli Stati Uniti solo negli anni '70.","robots":{"index":"index","follow":"follow","max-snippet":"max-snippet:-1","max-image-preview":"max-image-preview:large","max-video-preview":"max-video-preview:-1"},"canonical":"https:\/\/medicinasinc.com\/it\/product\/buy-ice-hash-stick\/","og_locale":"it_IT","og_type":"article","og_title":"Acquista bastoncini di Ice Hash - I migliori migliori medicinali globali","og_description":"Acquista Ice Hash Sticks in vendita nel Regno Unito, in Europa Online noto anche come Thai Sticks \u00e8 una variet\u00e0 autoctona sativa pura iniziata in Thailandia, che si \u00e8 fatta strada negli Stati Uniti solo negli anni '70.","og_url":"https:\/\/medicinasinc.com\/it\/product\/buy-ice-hash-stick\/","og_site_name":"Medicinas Inc","article_modified_time":"2022-03-17T00:45:17+00:00","og_image":[{"width":600,"height":600,"url":"https:\/\/medicinasinc.com\/it\/wp-content\/uploads\/sites\/4\/2022\/02\/Buy-Ice-Hash-Sticks.jpg","type":"image\/jpeg"}],"twitter_card":"summary_large_image","twitter_misc":{"Tempo di lettura stimato":"2 minuti"},"schema":{"@context":"https:\/\/schema.org","@graph":[{"@type":"WebPage","@id":"https:\/\/medicinasinc.com\/it\/product\/buy-ice-hash-stick\/","url":"https:\/\/medicinasinc.com\/it\/product\/buy-ice-hash-stick\/","name":"Acquista bastoncini di Ice Hash - I migliori migliori medicinali globali","isPartOf":{"@id":"https:\/\/medicinasinc.com\/it\/#website"},"primaryImageOfPage":{"@id":"https:\/\/medicinasinc.com\/it\/product\/buy-ice-hash-stick\/#primaryimage"},"image":{"@id":"https:\/\/medicinasinc.com\/it\/product\/buy-ice-hash-stick\/#primaryimage"},"thumbnailUrl":"https:\/\/medicinasinc.com\/it\/wp-content\/uploads\/sites\/4\/2022\/02\/Buy-Ice-Hash-Sticks.jpg","datePublished":"2022-02-20T14:26:53+00:00","dateModified":"2022-03-17T00:45:17+00:00","description":"Acquista Ice Hash Sticks in vendita nel Regno Unito, in Europa Online noto anche come Thai Sticks \u00e8 una variet\u00e0 autoctona sativa pura iniziata in Thailandia, che si \u00e8 fatta strada negli Stati Uniti solo negli anni '70.","breadcrumb":{"@id":"https:\/\/medicinasinc.com\/it\/product\/buy-ice-hash-stick\/#breadcrumb"},"inLanguage":"it-IT","potentialAction":[{"@type":"ReadAction","target":["https:\/\/medicinasinc.com\/it\/product\/buy-ice-hash-stick\/"]}]},{"@type":"ImageObject","inLanguage":"it-IT","@id":"https:\/\/medicinasinc.com\/it\/product\/buy-ice-hash-stick\/#primaryimage","url":"https:\/\/medicinasinc.com\/it\/wp-content\/uploads\/sites\/4\/2022\/02\/Buy-Ice-Hash-Sticks.jpg","contentUrl":"https:\/\/medicinasinc.com\/it\/wp-content\/uploads\/sites\/4\/2022\/02\/Buy-Ice-Hash-Sticks.jpg","width":600,"height":600},{"@type":"BreadcrumbList","@id":"https:\/\/medicinasinc.com\/it\/product\/buy-ice-hash-stick\/#breadcrumb","itemListElement":[{"@type":"ListItem","position":1,"name":"Negozio","item":"https:\/\/medicinasinc.com\/it\/negozio\/"},{"@type":"ListItem","position":2,"name":"Acquista bastoncini di hashish di ghiaccio"}]},{"@type":"WebSite","@id":"https:\/\/medicinasinc.com\/it\/#website","url":"https:\/\/medicinasinc.com\/it\/","name":"Medicinas Inc","description":"Health Medical Clinic","potentialAction":[{"@type":"SearchAction","target":{"@type":"EntryPoint","urlTemplate":"https:\/\/medicinasinc.com\/it\/?s={search_term_string}"},"query-input":{"@type":"PropertyValueSpecification","valueRequired":true,"valueName":"search_term_string"}}],"inLanguage":"it-IT"}]}},"_links":{"self":[{"href":"https:\/\/medicinasinc.com\/it\/wp-json\/wp\/v2\/product\/4666","targetHints":{"allow":["GET"]}}],"collection":[{"href":"https:\/\/medicinasinc.com\/it\/wp-json\/wp\/v2\/product"}],"about":[{"href":"https:\/\/medicinasinc.com\/it\/wp-json\/wp\/v2\/types\/product"}],"replies":[{"embeddable":true,"href":"https:\/\/medicinasinc.com\/it\/wp-json\/wp\/v2\/comments?post=4666"}],"wp:featuredmedia":[{"embeddable":true,"href":"https:\/\/medicinasinc.com\/it\/wp-json\/wp\/v2\/media\/4679"}],"wp:attachment":[{"href":"https:\/\/medicinasinc.com\/it\/wp-json\/wp\/v2\/media?parent=4666"}],"wp:term":[{"taxonomy":"product_brand","embeddable":true,"href":"https:\/\/medicinasinc.com\/it\/wp-json\/wp\/v2\/product_brand?post=4666"},{"taxonomy":"product_cat","embeddable":true,"href":"https:\/\/medicinasinc.com\/it\/wp-json\/wp\/v2\/product_cat?post=4666"},{"taxonomy":"product_tag","embeddable":true,"href":"https:\/\/medicinasinc.com\/it\/wp-json\/wp\/v2\/product_tag?post=4666"}],"curies":[{"name":"wp","href":"https:\/\/api.w.org\/{rel}","templated":true}]}}