{"id":4627,"date":"2022-02-20T13:57:00","date_gmt":"2022-02-20T13:57:00","guid":{"rendered":"https:\/\/medicinasinc.com\/it\/?post_type=product&#038;p=4627"},"modified":"2022-03-17T00:46:03","modified_gmt":"2022-03-17T00:46:03","slug":"buy-bc-hash","status":"publish","type":"product","link":"https:\/\/medicinasinc.com\/it\/product\/buy-bc-hash\/","title":{"rendered":"Acquista BC Hash"},"content":{"rendered":"<div class=\"woocommerce-tabs wc-tabs-wrapper\">\n<div id=\"tab-description\" class=\"woocommerce-Tabs-panel woocommerce-Tabs-panel--description panel entry-content wc-tab\" role=\"tabpanel\" aria-labelledby=\"tab-title-description\">\n<p>BC-Hash pu\u00f2 essere acquistato online.<\/p>\n<p>Vuoi provare qualcosa di nuovo oggi? La nostra raccomandazione \u00e8 di dare un&#8217;occhiata a questo hashish di alta qualit\u00e0 che \u00e8 popolare sia tra i principianti che tra i consumatori esperti di marijuana. BC-Hash pu\u00f2 essere acquistato online.<\/p>\n<p>BC Hash ha un caratteristico aroma e sapore di pino.<\/p>\n<p>Sebbene molte persone prevedano un profumo forte, la realt\u00e0 \u00e8 che \u00e8 piuttosto delicato, rendendo anche questo prodotto \u00e8 abbastanza pratico. La parte migliore \u00e8 che lo sballo non inizia immediatamente, quindi puoi prenderti il \u200b\u200btuo tempo e aspettarti che duri a lungo. Questa \u00e8 un&#8217;opzione eccellente per coloro che cercano una giornata di relax e per coloro che cercano di combattere l&#8217;ansia. Spediamo negli Stati Uniti d&#8217;America, nel Regno Unito, in Australia, in Canada e in Europa, oltre che a livello internazionale.<\/p>\n<\/p><\/div><\/div>\n","protected":false},"excerpt":{"rendered":"<p>Acquista BC Hash in vendita nel Regno Unito online al miglior disordine globale. Ordina prodotti a base di olio di hash e BC hash. Acquista erba online qui e ricevi spedizioni rapide ovunque in Europa, Regno Unito.<\/p>\n<p>&nbsp;<\/p>\n<ul>\n<li>Spedizione in tutto il mondo<\/li>\n<li><strong>Grado: AAAA<\/strong><\/li>\n<li><strong>Contattaci<\/strong>\u00a0per ordini pi\u00f9 grandi<\/li>\n<\/ul>\n","protected":false},"featured_media":4639,"comment_status":"open","ping_status":"closed","template":"","meta":[],"product_brand":[],"product_cat":[610],"product_tag":[612,611,638,639,645,651,648,475,624,625,644,636,455,628,627,454,641,615,640,617,616,642,619,620,461,630,632,643,614,623,634,459,635,637,646,470,647,473,650,622,618,626,649,653,629,631,633,652,621,655,681,657,660,661,664,656,665,613,682,668,669,671,672,679,678,673,675,674,663,677,680,676,662,670,654,666,667,659,658],"class_list":{"0":"post-4627","1":"product","2":"type-product","3":"status-publish","4":"has-post-thumbnail","6":"product_cat-compra-hash-hashish","7":"product_tag-420-mail-order-usa","8":"product_tag-420-vendita-per-posta-marijuana-usa","9":"product_tag-acquistare-cera-marijuana-online-australia","10":"product_tag-comprare-marijuana-cera-online-uk","11":"product_tag-compra-cera-online-con-spedizione-in-tutto-il-mondo","12":"product_tag-comprare-cera-erba-on-line-con-spedizione-in-tutto-il-mondo","13":"product_tag-comprare-erba-online-australia","14":"product_tag-comprare-erba-on-line-uk","15":"product_tag-compra-kush-online","16":"product_tag-buy-kush-online-usa","17":"product_tag-compra-thc-cera-online","18":"product_tag-acquistare-marijuana-shatter-wax-online-con-spedizione-in-tutto-il-mondo","19":"product_tag-comprare-marijuana-online","20":"product_tag-comprare-marijuana-online-brasile","21":"product_tag-comprare-marijuana-online-australia","22":"product_tag-comprare-marijuana-edibles-online","23":"product_tag-acquistare-giunti-pre-laminati-online","24":"product_tag-comprare-olio-di-cannabis-online","25":"product_tag-compra-moon-rocks-online","26":"product_tag-comprare-cannabis-online-malesia","27":"product_tag-comprare-cannabis-online-kuwait","28":"product_tag-comprare-shatter-wax-online","29":"product_tag-compra-dabs-online","30":"product_tag-compra-dabs-online-mail-order","31":"product_tag-comprare-marijuana-medica-online","32":"product_tag-acquistare-marijuana-online-confezione-discreta","33":"product_tag-comprare-marijuana-online-malesia","34":"product_tag-comprare-thc-olio-online","35":"product_tag-best-online-dispensary","36":"product_tag-buy-high-thc-cannabis-oil-online","37":"product_tag-buy-marijuana-online-uk","38":"product_tag-buy-marijuana-online-usa","39":"product_tag-buy-marijuana-online-with-worldwide-shipping","40":"product_tag-buy-marijuana-shatterwax-online-with-worldwide-shipping","41":"product_tag-buy-weed-edibles-online","42":"product_tag-buy-weed-online","43":"product_tag-buy-weed-online-asia","44":"product_tag-buy-weed-online-europe","45":"product_tag-buy-weed-online-with-worldwide-shipping","46":"product_tag-buy-hash-online-uk","47":"product_tag-comprare-a-buon-mercato-erba-on-line-usa","48":"product_tag-compra-erba-legale-online","49":"product_tag-compra-erba-online-usa","50":"product_tag-acquisto-erba-online-recensioni-usa","51":"product_tag-comprare-marijuana-online-ca","52":"product_tag-comprare-marijuana-online-latino-americano","53":"product_tag-comprare-marijuana-online-medio-oriente","54":"product_tag-comprare-marijuana-online-usa","55":"product_tag-buy-hash-oil-online-australia","56":"product_tag-edibles-worldwide-shipping","57":"product_tag-erba-in-vendita-online-usa","58":"product_tag-legit-online-dispensary","59":"product_tag-mail-order-marijuana-online","60":"product_tag-mail-order-marijuana-online-usa","61":"product_tag-marijuana-in-vendita-usa","62":"product_tag-legale-marijuana-in-vendita-usa","63":"product_tag-marijuana-online-usa","64":"product_tag-miglior-negozio-di-marijuana-online-usa","65":"product_tag-negozio-on-line-di-cannabis-in-tutto-il-mondo","66":"product_tag-online-dispensary-shipping-usa","67":"product_tag-online-dispensary-shipping-worldwide","68":"product_tag-order-kush-online-usa","69":"product_tag-order-marijuana-online","70":"product_tag-order-weed-online-usa","71":"product_tag-ordina-erba-on-line","72":"product_tag-ordinare-marijuana-online-europa","73":"product_tag-ordinare-marijuana-online-usa","74":"product_tag-ordinare-marijuana-online-francia","75":"product_tag-mail-order-weed-on-line-con-spedizione-in-tutto-il-mondo","76":"product_tag-order-shatter-online-usa","77":"product_tag-ordinare-erba-on-line-negli-usa","78":"product_tag-ordina-marijuana-online-spedizione-mondiale","79":"product_tag-vendita-per-corrispondenza-marijuana-online-con-spedizione-in-tutto-il-mondo","80":"product_tag-online-dispensario-spedizione-recensioni-in-tutto-il-mondo","81":"product_tag-california-dispensary-shipping-worldwide","82":"product_tag-spedizione-dispensario-online","83":"product_tag-online-dispensario-spedizione-uk","84":"product_tag-legit-online-dispensary-shipping-worldwide","85":"product_tag-legit-online-dispensary-shipping-usa","87":"first","88":"instock","89":"shipping-taxable","90":"purchasable","91":"product-type-variable","92":"has-default-attributes"},"yoast_head":"<!-- This site is optimized with the Yoast SEO plugin v27.3 - https:\/\/yoast.com\/product\/yoast-seo-wordpress\/ -->\n<title>Acquista BC Hash Online - I migliori migliori medicinali globali<\/title>\n<meta name=\"description\" content=\"Acquista BC Hash in vendita nel Regno Unito online nel miglior pasticcio globale. Ordina prodotti a base di olio di hash e BC hash. Acquista erba online qui e ottieni una spedizione veloce ovunque in Europa, Regno Unito.\" \/>\n<meta name=\"robots\" content=\"index, follow, max-snippet:-1, max-image-preview:large, max-video-preview:-1\" \/>\n<link rel=\"canonical\" href=\"https:\/\/medicinasinc.com\/it\/product\/buy-bc-hash\/\" \/>\n<meta property=\"og:locale\" content=\"it_IT\" \/>\n<meta property=\"og:type\" content=\"article\" \/>\n<meta property=\"og:title\" content=\"Acquista BC Hash Online - I migliori migliori medicinali globali\" \/>\n<meta property=\"og:description\" content=\"Acquista BC Hash in vendita nel Regno Unito online nel miglior pasticcio globale. Ordina prodotti a base di olio di hash e BC hash. Acquista erba online qui e ottieni una spedizione veloce ovunque in Europa, Regno Unito.\" \/>\n<meta property=\"og:url\" content=\"https:\/\/medicinasinc.com\/it\/product\/buy-bc-hash\/\" \/>\n<meta property=\"og:site_name\" content=\"Medicinas Inc\" \/>\n<meta property=\"article:modified_time\" content=\"2022-03-17T00:46:03+00:00\" \/>\n<meta property=\"og:image\" content=\"https:\/\/medicinasinc.com\/it\/wp-content\/uploads\/sites\/4\/2022\/02\/Buy-BC-Hash.jpg\" \/>\n\t<meta property=\"og:image:width\" content=\"600\" \/>\n\t<meta property=\"og:image:height\" content=\"600\" \/>\n\t<meta property=\"og:image:type\" content=\"image\/jpeg\" \/>\n<meta name=\"twitter:card\" content=\"summary_large_image\" \/>\n<meta name=\"twitter:label1\" content=\"Tempo di lettura stimato\" \/>\n\t<meta name=\"twitter:data1\" content=\"1 minuto\" \/>\n<script type=\"application\/ld+json\" class=\"yoast-schema-graph\">{\"@context\":\"https:\\\/\\\/schema.org\",\"@graph\":[{\"@type\":\"WebPage\",\"@id\":\"https:\\\/\\\/medicinasinc.com\\\/it\\\/product\\\/buy-bc-hash\\\/\",\"url\":\"https:\\\/\\\/medicinasinc.com\\\/it\\\/product\\\/buy-bc-hash\\\/\",\"name\":\"Acquista BC Hash Online - I migliori migliori medicinali globali\",\"isPartOf\":{\"@id\":\"https:\\\/\\\/medicinasinc.com\\\/it\\\/#website\"},\"primaryImageOfPage\":{\"@id\":\"https:\\\/\\\/medicinasinc.com\\\/it\\\/product\\\/buy-bc-hash\\\/#primaryimage\"},\"image\":{\"@id\":\"https:\\\/\\\/medicinasinc.com\\\/it\\\/product\\\/buy-bc-hash\\\/#primaryimage\"},\"thumbnailUrl\":\"https:\\\/\\\/medicinasinc.com\\\/it\\\/wp-content\\\/uploads\\\/sites\\\/4\\\/2022\\\/02\\\/Buy-BC-Hash.jpg\",\"datePublished\":\"2022-02-20T13:57:00+00:00\",\"dateModified\":\"2022-03-17T00:46:03+00:00\",\"description\":\"Acquista BC Hash in vendita nel Regno Unito online nel miglior pasticcio globale. Ordina prodotti a base di olio di hash e BC hash. Acquista erba online qui e ottieni una spedizione veloce ovunque in Europa, Regno Unito.\",\"breadcrumb\":{\"@id\":\"https:\\\/\\\/medicinasinc.com\\\/it\\\/product\\\/buy-bc-hash\\\/#breadcrumb\"},\"inLanguage\":\"it-IT\",\"potentialAction\":[{\"@type\":\"ReadAction\",\"target\":[\"https:\\\/\\\/medicinasinc.com\\\/it\\\/product\\\/buy-bc-hash\\\/\"]}]},{\"@type\":\"ImageObject\",\"inLanguage\":\"it-IT\",\"@id\":\"https:\\\/\\\/medicinasinc.com\\\/it\\\/product\\\/buy-bc-hash\\\/#primaryimage\",\"url\":\"https:\\\/\\\/medicinasinc.com\\\/it\\\/wp-content\\\/uploads\\\/sites\\\/4\\\/2022\\\/02\\\/Buy-BC-Hash.jpg\",\"contentUrl\":\"https:\\\/\\\/medicinasinc.com\\\/it\\\/wp-content\\\/uploads\\\/sites\\\/4\\\/2022\\\/02\\\/Buy-BC-Hash.jpg\",\"width\":600,\"height\":600},{\"@type\":\"BreadcrumbList\",\"@id\":\"https:\\\/\\\/medicinasinc.com\\\/it\\\/product\\\/buy-bc-hash\\\/#breadcrumb\",\"itemListElement\":[{\"@type\":\"ListItem\",\"position\":1,\"name\":\"Negozio\",\"item\":\"https:\\\/\\\/medicinasinc.com\\\/it\\\/negozio\\\/\"},{\"@type\":\"ListItem\",\"position\":2,\"name\":\"Acquista BC Hash\"}]},{\"@type\":\"WebSite\",\"@id\":\"https:\\\/\\\/medicinasinc.com\\\/it\\\/#website\",\"url\":\"https:\\\/\\\/medicinasinc.com\\\/it\\\/\",\"name\":\"Medicinas Inc\",\"description\":\"Health Medical Clinic\",\"potentialAction\":[{\"@type\":\"SearchAction\",\"target\":{\"@type\":\"EntryPoint\",\"urlTemplate\":\"https:\\\/\\\/medicinasinc.com\\\/it\\\/?s={search_term_string}\"},\"query-input\":{\"@type\":\"PropertyValueSpecification\",\"valueRequired\":true,\"valueName\":\"search_term_string\"}}],\"inLanguage\":\"it-IT\"}]}<\/script>\n<!-- \/ Yoast SEO plugin. -->","yoast_head_json":{"title":"Acquista BC Hash Online - I migliori migliori medicinali globali","description":"Acquista BC Hash in vendita nel Regno Unito online nel miglior pasticcio globale. Ordina prodotti a base di olio di hash e BC hash. Acquista erba online qui e ottieni una spedizione veloce ovunque in Europa, Regno Unito.","robots":{"index":"index","follow":"follow","max-snippet":"max-snippet:-1","max-image-preview":"max-image-preview:large","max-video-preview":"max-video-preview:-1"},"canonical":"https:\/\/medicinasinc.com\/it\/product\/buy-bc-hash\/","og_locale":"it_IT","og_type":"article","og_title":"Acquista BC Hash Online - I migliori migliori medicinali globali","og_description":"Acquista BC Hash in vendita nel Regno Unito online nel miglior pasticcio globale. Ordina prodotti a base di olio di hash e BC hash. Acquista erba online qui e ottieni una spedizione veloce ovunque in Europa, Regno Unito.","og_url":"https:\/\/medicinasinc.com\/it\/product\/buy-bc-hash\/","og_site_name":"Medicinas Inc","article_modified_time":"2022-03-17T00:46:03+00:00","og_image":[{"width":600,"height":600,"url":"https:\/\/medicinasinc.com\/it\/wp-content\/uploads\/sites\/4\/2022\/02\/Buy-BC-Hash.jpg","type":"image\/jpeg"}],"twitter_card":"summary_large_image","twitter_misc":{"Tempo di lettura stimato":"1 minuto"},"schema":{"@context":"https:\/\/schema.org","@graph":[{"@type":"WebPage","@id":"https:\/\/medicinasinc.com\/it\/product\/buy-bc-hash\/","url":"https:\/\/medicinasinc.com\/it\/product\/buy-bc-hash\/","name":"Acquista BC Hash Online - I migliori migliori medicinali globali","isPartOf":{"@id":"https:\/\/medicinasinc.com\/it\/#website"},"primaryImageOfPage":{"@id":"https:\/\/medicinasinc.com\/it\/product\/buy-bc-hash\/#primaryimage"},"image":{"@id":"https:\/\/medicinasinc.com\/it\/product\/buy-bc-hash\/#primaryimage"},"thumbnailUrl":"https:\/\/medicinasinc.com\/it\/wp-content\/uploads\/sites\/4\/2022\/02\/Buy-BC-Hash.jpg","datePublished":"2022-02-20T13:57:00+00:00","dateModified":"2022-03-17T00:46:03+00:00","description":"Acquista BC Hash in vendita nel Regno Unito online nel miglior pasticcio globale. Ordina prodotti a base di olio di hash e BC hash. Acquista erba online qui e ottieni una spedizione veloce ovunque in Europa, Regno Unito.","breadcrumb":{"@id":"https:\/\/medicinasinc.com\/it\/product\/buy-bc-hash\/#breadcrumb"},"inLanguage":"it-IT","potentialAction":[{"@type":"ReadAction","target":["https:\/\/medicinasinc.com\/it\/product\/buy-bc-hash\/"]}]},{"@type":"ImageObject","inLanguage":"it-IT","@id":"https:\/\/medicinasinc.com\/it\/product\/buy-bc-hash\/#primaryimage","url":"https:\/\/medicinasinc.com\/it\/wp-content\/uploads\/sites\/4\/2022\/02\/Buy-BC-Hash.jpg","contentUrl":"https:\/\/medicinasinc.com\/it\/wp-content\/uploads\/sites\/4\/2022\/02\/Buy-BC-Hash.jpg","width":600,"height":600},{"@type":"BreadcrumbList","@id":"https:\/\/medicinasinc.com\/it\/product\/buy-bc-hash\/#breadcrumb","itemListElement":[{"@type":"ListItem","position":1,"name":"Negozio","item":"https:\/\/medicinasinc.com\/it\/negozio\/"},{"@type":"ListItem","position":2,"name":"Acquista BC Hash"}]},{"@type":"WebSite","@id":"https:\/\/medicinasinc.com\/it\/#website","url":"https:\/\/medicinasinc.com\/it\/","name":"Medicinas Inc","description":"Health Medical Clinic","potentialAction":[{"@type":"SearchAction","target":{"@type":"EntryPoint","urlTemplate":"https:\/\/medicinasinc.com\/it\/?s={search_term_string}"},"query-input":{"@type":"PropertyValueSpecification","valueRequired":true,"valueName":"search_term_string"}}],"inLanguage":"it-IT"}]}},"_links":{"self":[{"href":"https:\/\/medicinasinc.com\/it\/wp-json\/wp\/v2\/product\/4627","targetHints":{"allow":["GET"]}}],"collection":[{"href":"https:\/\/medicinasinc.com\/it\/wp-json\/wp\/v2\/product"}],"about":[{"href":"https:\/\/medicinasinc.com\/it\/wp-json\/wp\/v2\/types\/product"}],"replies":[{"embeddable":true,"href":"https:\/\/medicinasinc.com\/it\/wp-json\/wp\/v2\/comments?post=4627"}],"wp:featuredmedia":[{"embeddable":true,"href":"https:\/\/medicinasinc.com\/it\/wp-json\/wp\/v2\/media\/4639"}],"wp:attachment":[{"href":"https:\/\/medicinasinc.com\/it\/wp-json\/wp\/v2\/media?parent=4627"}],"wp:term":[{"taxonomy":"product_brand","embeddable":true,"href":"https:\/\/medicinasinc.com\/it\/wp-json\/wp\/v2\/product_brand?post=4627"},{"taxonomy":"product_cat","embeddable":true,"href":"https:\/\/medicinasinc.com\/it\/wp-json\/wp\/v2\/product_cat?post=4627"},{"taxonomy":"product_tag","embeddable":true,"href":"https:\/\/medicinasinc.com\/it\/wp-json\/wp\/v2\/product_tag?post=4627"}],"curies":[{"name":"wp","href":"https:\/\/api.w.org\/{rel}","templated":true}]}}