{"id":4609,"date":"2022-02-20T13:44:35","date_gmt":"2022-02-20T13:44:35","guid":{"rendered":"https:\/\/medicinasinc.com\/it\/?post_type=product&#038;p=4609"},"modified":"2022-03-17T00:46:29","modified_gmt":"2022-03-17T00:46:29","slug":"comprare-pillole-di-ecstasy-vera-mela-verde","status":"publish","type":"product","link":"https:\/\/medicinasinc.com\/it\/product\/comprare-pillole-di-ecstasy-vera-mela-verde\/","title":{"rendered":"Acquista vere pillole di ecstasy alla mela verde"},"content":{"rendered":"<p>Acquista online l&#8217;ecstasy di mela verde genuina.<\/p>\n<p>Sono sicuro che sei famoso per questo assioma. &#8220;Una mela al giorno allontana lo specialista&#8221;, recita il proverbio. Dati i numerosi benefici per la salute associati al consumo di mele, questo adagio dietetico potrebbe non essere troppo lontano dal segno. Ecco alcuni dei benefici per la salute associati al consumo di mele verdi.<\/p>\n<p>\u00c8 stato dimostrato che il consumo di mele migliora la salute del cuore e riduce il rischio di sviluppare malattie cardiovascolari.<\/p>\n<p>Il preciso meccanismo di quali mele migliorano la salute del cuore \u00e8 confusa. Una possibile spiegazione \u00e8 che le mele contengono un&#8217;elevata quantit\u00e0 di fibra alimentare, che \u00e8 stata collegata all&#8217;abbassamento del colesterolo LDL.<\/p>\n<p>Ridurre il rischio di sviluppare il diabete di tipo 2<\/p>\n<p>Consumare solo un minimo poche mele verdi alla settimana possono ridurre il rischio di sviluppare il diabete di tipo 2, secondo uno studio; tuttavia, dovrebbero essere condotte ulteriori ricerche. Non \u00e8 noto se i composti presenti nelle mele verdi aiutino le persone a gestire i sintomi del diabete.<\/p>\n<p>Poich\u00e9 la mela verde ha una miriade di vantaggi, anche le pillole di mela verde hanno una miriade di vantaggi. Dovremmo discutere delle pillole di mela verde.<br \/> Se ti piace bere succo di mela fresco in una calda giornata estiva, le pillole di mela verde e verde miglioreranno la tua esperienza e soddisfazione di un paio di tacche. Prodotto a Washington con pillole di mela verde, il gruppo ha infuso queste pillole con la migliore cannabis dello stato.<\/p>\n<p>Il THC pu\u00f2 essere difficile da bruciare dal punto di vista del dosaggio, soprattutto se i titolari non sono marcati eccezionalmente bene. Le pillole di mela verde hanno cambiato tutto questo, poich\u00e9 ora offrono tre ceppi distinti della loro famosa miscela da 12 once con vari gradi di forza. I grandi battitori apprezzeranno la loro miscela pi\u00f9 radicata, che contiene 100 mg per 12 once.<\/p>\n<p>A causa del fatto che le pillole di mela verde incorporano la cannabis attraverso un nuovo metodo, i clienti rimangono senza odore o sapore di erba rilevabile, rendendoli ideali per le persone che cercano di sballarsi ma non sono in grado di andare oltre il tipo di altre pillole. Inoltre, l&#8217;assunzione di cannabis contribuisce al progresso di uno stile di vita pi\u00f9 sano, poich\u00e9 il fumo dei fiori o dei vaporizzatori pu\u00f2 diventare dannoso dopo un po&#8217;. La pillola di mela verde \u00e8 benefica per un anno e contiene poche calorie, quindi l&#8217;unica cosa di cui devi preoccuparti \u00e8 astenersi dal cibo dopo aver assunto il farmaco.<\/p>\n<table style=\"height: 104px\" width=\"508\">\n<tbody>\n<tr>\n<th><span style=\"font-weight: 400\">Colore:<\/span><\/th>\n<td>Verde<\/td>\n<\/tr>\n<tr>\n<th> <span style=\"font-weight: 400\">Taglia:<\/span><\/th>\n<td>279 mg<\/td>\n<\/tr>\n<\/tbody>\n<\/table>\n","protected":false},"excerpt":{"rendered":"<div class=\"woocommerce-product-details__short-description\">\n<p>Acquista pillole di ecstasy di mela verde reale in vendita online nel Regno Unito, in Europa ai migliori prezzi dal miglior fornitore affidabile di MDMA, garantiamo una consegna discreta e sicura in tutto il mondo<\/p>\n<p><strong>L&#8217;ordine minimo<\/strong><strong> \u00e8 di 50 pillole.<\/strong><\/p>\n<\/p><\/div>\n","protected":false},"featured_media":4620,"comment_status":"open","ping_status":"closed","template":"","meta":[],"product_brand":[],"product_cat":[498],"product_tag":[593,597,596,599,594,598,603,604,605,600,609,602,606,608,595,601,607],"class_list":{"0":"post-4609","1":"product","2":"type-product","3":"status-publish","4":"has-post-thumbnail","6":"product_cat-acquista-pillole-di-ecstasy","7":"product_tag-mela-droga","8":"product_tag-droga-mela-verde","9":"product_tag-e-pill-pink","10":"product_tag-estasi-di-mela-verde","11":"product_tag-mela-estasi","12":"product_tag-green-apple-drugs","13":"product_tag-green-extacy-pills","14":"product_tag-green-pills","15":"product_tag-green-pills-drugs","16":"product_tag-logo-mela-verde","17":"product_tag-piccole-pillole-verdi","18":"product_tag-pillola-di-ecstasy-verde","19":"product_tag-pillola-verde-rolex","20":"product_tag-pillola-verde","21":"product_tag-pillole-di-mela","22":"product_tag-pillole-di-mela-verde","23":"product_tag-relazione-pillola-rolex-verde","25":"first","26":"instock","27":"shipping-taxable","28":"purchasable","29":"product-type-variable","30":"has-default-attributes"},"yoast_head":"<!-- This site is optimized with the Yoast SEO plugin v27.3 - https:\/\/yoast.com\/product\/yoast-seo-wordpress\/ -->\n<title>Acquista online pillole di ecstasy di mela verde reale - I migliori farmaci globali migliori<\/title>\n<meta name=\"description\" content=\"Acquista pillole di ecstasy di mela verde reale in vendita online nel Regno Unito, in Europa ai migliori prezzi dal miglior fornitore affidabile di MDMA, garantiamo una consegna discreta e sicura in tutto il mondo\" \/>\n<meta name=\"robots\" content=\"index, follow, max-snippet:-1, max-image-preview:large, max-video-preview:-1\" \/>\n<link rel=\"canonical\" href=\"https:\/\/medicinasinc.com\/it\/product\/comprare-pillole-di-ecstasy-vera-mela-verde\/\" \/>\n<meta property=\"og:locale\" content=\"it_IT\" \/>\n<meta property=\"og:type\" content=\"article\" \/>\n<meta property=\"og:title\" content=\"Acquista online pillole di ecstasy di mela verde reale - I migliori farmaci globali migliori\" \/>\n<meta property=\"og:description\" content=\"Acquista pillole di ecstasy di mela verde reale in vendita online nel Regno Unito, in Europa ai migliori prezzi dal miglior fornitore affidabile di MDMA, garantiamo una consegna discreta e sicura in tutto il mondo\" \/>\n<meta property=\"og:url\" content=\"https:\/\/medicinasinc.com\/it\/product\/comprare-pillole-di-ecstasy-vera-mela-verde\/\" \/>\n<meta property=\"og:site_name\" content=\"Medicinas Inc\" \/>\n<meta property=\"article:modified_time\" content=\"2022-03-17T00:46:29+00:00\" \/>\n<meta property=\"og:image\" content=\"https:\/\/medicinasinc.com\/it\/wp-content\/uploads\/sites\/4\/2022\/02\/order-real-green-apple-ecstasy-pills-online.jpg\" \/>\n\t<meta property=\"og:image:width\" content=\"600\" \/>\n\t<meta property=\"og:image:height\" content=\"600\" \/>\n\t<meta property=\"og:image:type\" content=\"image\/jpeg\" \/>\n<meta name=\"twitter:card\" content=\"summary_large_image\" \/>\n<meta name=\"twitter:label1\" content=\"Tempo di lettura stimato\" \/>\n\t<meta name=\"twitter:data1\" content=\"2 minuti\" \/>\n<script type=\"application\/ld+json\" class=\"yoast-schema-graph\">{\"@context\":\"https:\\\/\\\/schema.org\",\"@graph\":[{\"@type\":\"WebPage\",\"@id\":\"https:\\\/\\\/medicinasinc.com\\\/it\\\/product\\\/comprare-pillole-di-ecstasy-vera-mela-verde\\\/\",\"url\":\"https:\\\/\\\/medicinasinc.com\\\/it\\\/product\\\/comprare-pillole-di-ecstasy-vera-mela-verde\\\/\",\"name\":\"Acquista online pillole di ecstasy di mela verde reale - I migliori farmaci globali migliori\",\"isPartOf\":{\"@id\":\"https:\\\/\\\/medicinasinc.com\\\/it\\\/#website\"},\"primaryImageOfPage\":{\"@id\":\"https:\\\/\\\/medicinasinc.com\\\/it\\\/product\\\/comprare-pillole-di-ecstasy-vera-mela-verde\\\/#primaryimage\"},\"image\":{\"@id\":\"https:\\\/\\\/medicinasinc.com\\\/it\\\/product\\\/comprare-pillole-di-ecstasy-vera-mela-verde\\\/#primaryimage\"},\"thumbnailUrl\":\"https:\\\/\\\/medicinasinc.com\\\/it\\\/wp-content\\\/uploads\\\/sites\\\/4\\\/2022\\\/02\\\/order-real-green-apple-ecstasy-pills-online.jpg\",\"datePublished\":\"2022-02-20T13:44:35+00:00\",\"dateModified\":\"2022-03-17T00:46:29+00:00\",\"description\":\"Acquista pillole di ecstasy di mela verde reale in vendita online nel Regno Unito, in Europa ai migliori prezzi dal miglior fornitore affidabile di MDMA, garantiamo una consegna discreta e sicura in tutto il mondo\",\"breadcrumb\":{\"@id\":\"https:\\\/\\\/medicinasinc.com\\\/it\\\/product\\\/comprare-pillole-di-ecstasy-vera-mela-verde\\\/#breadcrumb\"},\"inLanguage\":\"it-IT\",\"potentialAction\":[{\"@type\":\"ReadAction\",\"target\":[\"https:\\\/\\\/medicinasinc.com\\\/it\\\/product\\\/comprare-pillole-di-ecstasy-vera-mela-verde\\\/\"]}]},{\"@type\":\"ImageObject\",\"inLanguage\":\"it-IT\",\"@id\":\"https:\\\/\\\/medicinasinc.com\\\/it\\\/product\\\/comprare-pillole-di-ecstasy-vera-mela-verde\\\/#primaryimage\",\"url\":\"https:\\\/\\\/medicinasinc.com\\\/it\\\/wp-content\\\/uploads\\\/sites\\\/4\\\/2022\\\/02\\\/order-real-green-apple-ecstasy-pills-online.jpg\",\"contentUrl\":\"https:\\\/\\\/medicinasinc.com\\\/it\\\/wp-content\\\/uploads\\\/sites\\\/4\\\/2022\\\/02\\\/order-real-green-apple-ecstasy-pills-online.jpg\",\"width\":600,\"height\":600},{\"@type\":\"BreadcrumbList\",\"@id\":\"https:\\\/\\\/medicinasinc.com\\\/it\\\/product\\\/comprare-pillole-di-ecstasy-vera-mela-verde\\\/#breadcrumb\",\"itemListElement\":[{\"@type\":\"ListItem\",\"position\":1,\"name\":\"Negozio\",\"item\":\"https:\\\/\\\/medicinasinc.com\\\/it\\\/negozio\\\/\"},{\"@type\":\"ListItem\",\"position\":2,\"name\":\"Acquista vere pillole di ecstasy alla mela verde\"}]},{\"@type\":\"WebSite\",\"@id\":\"https:\\\/\\\/medicinasinc.com\\\/it\\\/#website\",\"url\":\"https:\\\/\\\/medicinasinc.com\\\/it\\\/\",\"name\":\"Medicinas Inc\",\"description\":\"Health Medical Clinic\",\"potentialAction\":[{\"@type\":\"SearchAction\",\"target\":{\"@type\":\"EntryPoint\",\"urlTemplate\":\"https:\\\/\\\/medicinasinc.com\\\/it\\\/?s={search_term_string}\"},\"query-input\":{\"@type\":\"PropertyValueSpecification\",\"valueRequired\":true,\"valueName\":\"search_term_string\"}}],\"inLanguage\":\"it-IT\"}]}<\/script>\n<!-- \/ Yoast SEO plugin. -->","yoast_head_json":{"title":"Acquista online pillole di ecstasy di mela verde reale - I migliori farmaci globali migliori","description":"Acquista pillole di ecstasy di mela verde reale in vendita online nel Regno Unito, in Europa ai migliori prezzi dal miglior fornitore affidabile di MDMA, garantiamo una consegna discreta e sicura in tutto il mondo","robots":{"index":"index","follow":"follow","max-snippet":"max-snippet:-1","max-image-preview":"max-image-preview:large","max-video-preview":"max-video-preview:-1"},"canonical":"https:\/\/medicinasinc.com\/it\/product\/comprare-pillole-di-ecstasy-vera-mela-verde\/","og_locale":"it_IT","og_type":"article","og_title":"Acquista online pillole di ecstasy di mela verde reale - I migliori farmaci globali migliori","og_description":"Acquista pillole di ecstasy di mela verde reale in vendita online nel Regno Unito, in Europa ai migliori prezzi dal miglior fornitore affidabile di MDMA, garantiamo una consegna discreta e sicura in tutto il mondo","og_url":"https:\/\/medicinasinc.com\/it\/product\/comprare-pillole-di-ecstasy-vera-mela-verde\/","og_site_name":"Medicinas Inc","article_modified_time":"2022-03-17T00:46:29+00:00","og_image":[{"width":600,"height":600,"url":"https:\/\/medicinasinc.com\/it\/wp-content\/uploads\/sites\/4\/2022\/02\/order-real-green-apple-ecstasy-pills-online.jpg","type":"image\/jpeg"}],"twitter_card":"summary_large_image","twitter_misc":{"Tempo di lettura stimato":"2 minuti"},"schema":{"@context":"https:\/\/schema.org","@graph":[{"@type":"WebPage","@id":"https:\/\/medicinasinc.com\/it\/product\/comprare-pillole-di-ecstasy-vera-mela-verde\/","url":"https:\/\/medicinasinc.com\/it\/product\/comprare-pillole-di-ecstasy-vera-mela-verde\/","name":"Acquista online pillole di ecstasy di mela verde reale - I migliori farmaci globali migliori","isPartOf":{"@id":"https:\/\/medicinasinc.com\/it\/#website"},"primaryImageOfPage":{"@id":"https:\/\/medicinasinc.com\/it\/product\/comprare-pillole-di-ecstasy-vera-mela-verde\/#primaryimage"},"image":{"@id":"https:\/\/medicinasinc.com\/it\/product\/comprare-pillole-di-ecstasy-vera-mela-verde\/#primaryimage"},"thumbnailUrl":"https:\/\/medicinasinc.com\/it\/wp-content\/uploads\/sites\/4\/2022\/02\/order-real-green-apple-ecstasy-pills-online.jpg","datePublished":"2022-02-20T13:44:35+00:00","dateModified":"2022-03-17T00:46:29+00:00","description":"Acquista pillole di ecstasy di mela verde reale in vendita online nel Regno Unito, in Europa ai migliori prezzi dal miglior fornitore affidabile di MDMA, garantiamo una consegna discreta e sicura in tutto il mondo","breadcrumb":{"@id":"https:\/\/medicinasinc.com\/it\/product\/comprare-pillole-di-ecstasy-vera-mela-verde\/#breadcrumb"},"inLanguage":"it-IT","potentialAction":[{"@type":"ReadAction","target":["https:\/\/medicinasinc.com\/it\/product\/comprare-pillole-di-ecstasy-vera-mela-verde\/"]}]},{"@type":"ImageObject","inLanguage":"it-IT","@id":"https:\/\/medicinasinc.com\/it\/product\/comprare-pillole-di-ecstasy-vera-mela-verde\/#primaryimage","url":"https:\/\/medicinasinc.com\/it\/wp-content\/uploads\/sites\/4\/2022\/02\/order-real-green-apple-ecstasy-pills-online.jpg","contentUrl":"https:\/\/medicinasinc.com\/it\/wp-content\/uploads\/sites\/4\/2022\/02\/order-real-green-apple-ecstasy-pills-online.jpg","width":600,"height":600},{"@type":"BreadcrumbList","@id":"https:\/\/medicinasinc.com\/it\/product\/comprare-pillole-di-ecstasy-vera-mela-verde\/#breadcrumb","itemListElement":[{"@type":"ListItem","position":1,"name":"Negozio","item":"https:\/\/medicinasinc.com\/it\/negozio\/"},{"@type":"ListItem","position":2,"name":"Acquista vere pillole di ecstasy alla mela verde"}]},{"@type":"WebSite","@id":"https:\/\/medicinasinc.com\/it\/#website","url":"https:\/\/medicinasinc.com\/it\/","name":"Medicinas Inc","description":"Health Medical Clinic","potentialAction":[{"@type":"SearchAction","target":{"@type":"EntryPoint","urlTemplate":"https:\/\/medicinasinc.com\/it\/?s={search_term_string}"},"query-input":{"@type":"PropertyValueSpecification","valueRequired":true,"valueName":"search_term_string"}}],"inLanguage":"it-IT"}]}},"_links":{"self":[{"href":"https:\/\/medicinasinc.com\/it\/wp-json\/wp\/v2\/product\/4609","targetHints":{"allow":["GET"]}}],"collection":[{"href":"https:\/\/medicinasinc.com\/it\/wp-json\/wp\/v2\/product"}],"about":[{"href":"https:\/\/medicinasinc.com\/it\/wp-json\/wp\/v2\/types\/product"}],"replies":[{"embeddable":true,"href":"https:\/\/medicinasinc.com\/it\/wp-json\/wp\/v2\/comments?post=4609"}],"wp:featuredmedia":[{"embeddable":true,"href":"https:\/\/medicinasinc.com\/it\/wp-json\/wp\/v2\/media\/4620"}],"wp:attachment":[{"href":"https:\/\/medicinasinc.com\/it\/wp-json\/wp\/v2\/media?parent=4609"}],"wp:term":[{"taxonomy":"product_brand","embeddable":true,"href":"https:\/\/medicinasinc.com\/it\/wp-json\/wp\/v2\/product_brand?post=4609"},{"taxonomy":"product_cat","embeddable":true,"href":"https:\/\/medicinasinc.com\/it\/wp-json\/wp\/v2\/product_cat?post=4609"},{"taxonomy":"product_tag","embeddable":true,"href":"https:\/\/medicinasinc.com\/it\/wp-json\/wp\/v2\/product_tag?post=4609"}],"curies":[{"name":"wp","href":"https:\/\/api.w.org\/{rel}","templated":true}]}}