{"id":4592,"date":"2022-02-20T13:31:58","date_gmt":"2022-02-20T13:31:58","guid":{"rendered":"https:\/\/medicinasinc.com\/it\/?post_type=product&#038;p=4592"},"modified":"2022-08-03T06:01:41","modified_gmt":"2022-08-03T06:01:41","slug":"buy-ecstasy-philipp-plein-blue-524-mg-mdma-pillole","status":"publish","type":"product","link":"https:\/\/medicinasinc.com\/it\/product\/buy-ecstasy-philipp-plein-blue-524-mg-mdma-pillole\/","title":{"rendered":"Acquista Ecstasy- Philipp Plein Blue- Pillole di MDMA da 524 mg"},"content":{"rendered":"<div class=\"woocommerce-tabs wc-tabs-wrapper\">\n<div id=\"tab-description\" class=\"woocommerce-Tabs-panel woocommerce-Tabs-panel--description panel entry-content wc-tab\" role=\"tabpanel\" aria-labelledby=\"tab-title-description\">\n<p>Acquisto online di XTC-Pillole Philipp Plein Blue-524 mg MDMA.<\/p>\n<p>\u2013 Philipp Plein 524MG offre un&#8217;esperienza eccezionale. \u00c8 un prodotto completamente sicuro e igienico. Ottima qualit\u00e0 ad un prezzo accessibile. \u2013 Gli effetti iniziano circa 30 minuti dopo e durano circa 6 ore.<br \/> \u2013 Utilizzare met\u00e0 di questa pillola alla volta. Consumare una quantit\u00e0 adeguata di acqua durante la terapia.<\/p>\n<h1><a style=\"font-size: 16px\" href=\"https:\/\/merrydrug.com\/\">.<\/a><\/h1>\n<\/p><\/div><\/div>\n<div class=\"prodotti correlati\"><\/div>\n","protected":false},"excerpt":{"rendered":"<div class=\"woocommerce-product-details__short-description\">\n<p>Acquista Philipp Plein Blue- 524 Mg MDMA nel Regno Unito e in Europa al miglior prezzo di mercato. Tutti i nostri prodotti sono realizzati con ingredienti completamente naturali e privi di THC. Effettua ora il tuo ordine online!<\/p>\n<p>Philipp Blue-524 \u00e8 una pillola per feste estreme e un farmaco MDMA ampiamente utilizzato negli Stati Uniti d&#8217;America e in Corea. Le sue propriet\u00e0 psicoattive furono scoperte a met\u00e0 degli anni Cinquanta del Settecento. Se qualcuno vuole provare un livello estremo di sballo, non lascer\u00e0 questo prodotto dopo averlo provato. Philipp Blue \u00e8 utilizzato anche nelle cerimonie religiose ed \u00e8 rimasto per anni un prodotto di alta qualit\u00e0 perch\u00e9 le persone sono consapevoli dei suoi benefici e non possono farne a meno.<\/p>\n<p>Gli individui lo riordinano grazie ai suoi potenti effetti e ai risultati rapidi. Grazie alla sua efficacia, non rimarr\u00e0 mai in stock per un periodo di tempo prolungato.<\/p>\n<p>Acquisto di pillole Philips Plein Blue-524<\/p>\n<p>La quantit\u00e0 minima dell&#8217;ordine \u00e8 di cinquanta pillole.<\/p>\n<\/p><\/div>\n","protected":false},"featured_media":4605,"comment_status":"open","ping_status":"closed","template":"","meta":[],"product_brand":[],"product_cat":[498],"product_tag":[585,501,583,590,584,588,586,587,589,512,591,592],"class_list":{"0":"post-4592","1":"product","2":"type-product","3":"status-publish","4":"has-post-thumbnail","6":"product_cat-acquista-pillole-di-ecstasy","7":"product_tag-comprare-ecstasy-philipp-plein-blue-524-mg-mdma-pillole-online","8":"product_tag-compra-mdma-online","9":"product_tag-comprare-pillole-di-ecstasy-online","10":"product_tag-droghe-damore","11":"product_tag-buy-xtc-pills-online","12":"product_tag-compresse-di-ecstasy","13":"product_tag-droghe","14":"product_tag-ecstasy","15":"product_tag-ghb","16":"product_tag-mdma","17":"product_tag-mg-mdma","18":"product_tag-xtc-pillole","20":"first","21":"instock","22":"shipping-taxable","23":"purchasable","24":"product-type-variable","25":"has-default-attributes"},"yoast_head":"<!-- This site is optimized with the Yoast SEO plugin v27.3 - https:\/\/yoast.com\/product\/yoast-seo-wordpress\/ -->\n<title>Acquista Ecstasy- Philipp Plein Blue- Pillole di MDMA da 524 mg - Global Medicina<\/title>\n<meta name=\"description\" content=\"Acquista Philipp Plein Blue- 524 Mg MDMA Regno Unito, Europa al miglior prezzo di mercato. Tutti i nostri prodotti sono realizzati con ingredienti naturali puri privi di THC. Ordina online ora!\" \/>\n<meta name=\"robots\" content=\"index, follow, max-snippet:-1, max-image-preview:large, max-video-preview:-1\" \/>\n<link rel=\"canonical\" href=\"https:\/\/medicinasinc.com\/it\/product\/buy-ecstasy-philipp-plein-blue-524-mg-mdma-pillole\/\" \/>\n<meta property=\"og:locale\" content=\"it_IT\" \/>\n<meta property=\"og:type\" content=\"article\" \/>\n<meta property=\"og:title\" content=\"Acquista Ecstasy- Philipp Plein Blue- Pillole di MDMA da 524 mg - Global Medicina\" \/>\n<meta property=\"og:description\" content=\"Acquista Philipp Plein Blue- 524 Mg MDMA Regno Unito, Europa al miglior prezzo di mercato. Tutti i nostri prodotti sono realizzati con ingredienti naturali puri privi di THC. Ordina online ora!\" \/>\n<meta property=\"og:url\" content=\"https:\/\/medicinasinc.com\/it\/product\/buy-ecstasy-philipp-plein-blue-524-mg-mdma-pillole\/\" \/>\n<meta property=\"og:site_name\" content=\"Medicinas Inc\" \/>\n<meta property=\"article:modified_time\" content=\"2022-08-03T06:01:41+00:00\" \/>\n<meta property=\"og:image\" content=\"https:\/\/medicinasinc.com\/it\/wp-content\/uploads\/sites\/4\/2022\/02\/buy-xtc-philipp-plein-blue-524-mg-mdma-pills-online.jpg\" \/>\n\t<meta property=\"og:image:width\" content=\"600\" \/>\n\t<meta property=\"og:image:height\" content=\"600\" \/>\n\t<meta property=\"og:image:type\" content=\"image\/jpeg\" \/>\n<meta name=\"twitter:card\" content=\"summary_large_image\" \/>\n<meta name=\"twitter:label1\" content=\"Tempo di lettura stimato\" \/>\n\t<meta name=\"twitter:data1\" content=\"1 minuto\" \/>\n<script type=\"application\/ld+json\" class=\"yoast-schema-graph\">{\"@context\":\"https:\\\/\\\/schema.org\",\"@graph\":[{\"@type\":\"WebPage\",\"@id\":\"https:\\\/\\\/medicinasinc.com\\\/it\\\/product\\\/buy-ecstasy-philipp-plein-blue-524-mg-mdma-pillole\\\/\",\"url\":\"https:\\\/\\\/medicinasinc.com\\\/it\\\/product\\\/buy-ecstasy-philipp-plein-blue-524-mg-mdma-pillole\\\/\",\"name\":\"Acquista Ecstasy- Philipp Plein Blue- Pillole di MDMA da 524 mg - Global Medicina\",\"isPartOf\":{\"@id\":\"https:\\\/\\\/medicinasinc.com\\\/it\\\/#website\"},\"primaryImageOfPage\":{\"@id\":\"https:\\\/\\\/medicinasinc.com\\\/it\\\/product\\\/buy-ecstasy-philipp-plein-blue-524-mg-mdma-pillole\\\/#primaryimage\"},\"image\":{\"@id\":\"https:\\\/\\\/medicinasinc.com\\\/it\\\/product\\\/buy-ecstasy-philipp-plein-blue-524-mg-mdma-pillole\\\/#primaryimage\"},\"thumbnailUrl\":\"https:\\\/\\\/medicinasinc.com\\\/it\\\/wp-content\\\/uploads\\\/sites\\\/4\\\/2022\\\/02\\\/buy-xtc-philipp-plein-blue-524-mg-mdma-pills-online.jpg\",\"datePublished\":\"2022-02-20T13:31:58+00:00\",\"dateModified\":\"2022-08-03T06:01:41+00:00\",\"description\":\"Acquista Philipp Plein Blue- 524 Mg MDMA Regno Unito, Europa al miglior prezzo di mercato. Tutti i nostri prodotti sono realizzati con ingredienti naturali puri privi di THC. Ordina online ora!\",\"breadcrumb\":{\"@id\":\"https:\\\/\\\/medicinasinc.com\\\/it\\\/product\\\/buy-ecstasy-philipp-plein-blue-524-mg-mdma-pillole\\\/#breadcrumb\"},\"inLanguage\":\"it-IT\",\"potentialAction\":[{\"@type\":\"ReadAction\",\"target\":[\"https:\\\/\\\/medicinasinc.com\\\/it\\\/product\\\/buy-ecstasy-philipp-plein-blue-524-mg-mdma-pillole\\\/\"]}]},{\"@type\":\"ImageObject\",\"inLanguage\":\"it-IT\",\"@id\":\"https:\\\/\\\/medicinasinc.com\\\/it\\\/product\\\/buy-ecstasy-philipp-plein-blue-524-mg-mdma-pillole\\\/#primaryimage\",\"url\":\"https:\\\/\\\/medicinasinc.com\\\/it\\\/wp-content\\\/uploads\\\/sites\\\/4\\\/2022\\\/02\\\/buy-xtc-philipp-plein-blue-524-mg-mdma-pills-online.jpg\",\"contentUrl\":\"https:\\\/\\\/medicinasinc.com\\\/it\\\/wp-content\\\/uploads\\\/sites\\\/4\\\/2022\\\/02\\\/buy-xtc-philipp-plein-blue-524-mg-mdma-pills-online.jpg\",\"width\":600,\"height\":600},{\"@type\":\"BreadcrumbList\",\"@id\":\"https:\\\/\\\/medicinasinc.com\\\/it\\\/product\\\/buy-ecstasy-philipp-plein-blue-524-mg-mdma-pillole\\\/#breadcrumb\",\"itemListElement\":[{\"@type\":\"ListItem\",\"position\":1,\"name\":\"Negozio\",\"item\":\"https:\\\/\\\/medicinasinc.com\\\/it\\\/negozio\\\/\"},{\"@type\":\"ListItem\",\"position\":2,\"name\":\"Acquista Ecstasy- Philipp Plein Blue- Pillole di MDMA da 524 mg\"}]},{\"@type\":\"WebSite\",\"@id\":\"https:\\\/\\\/medicinasinc.com\\\/it\\\/#website\",\"url\":\"https:\\\/\\\/medicinasinc.com\\\/it\\\/\",\"name\":\"Medicinas Inc\",\"description\":\"Health Medical Clinic\",\"potentialAction\":[{\"@type\":\"SearchAction\",\"target\":{\"@type\":\"EntryPoint\",\"urlTemplate\":\"https:\\\/\\\/medicinasinc.com\\\/it\\\/?s={search_term_string}\"},\"query-input\":{\"@type\":\"PropertyValueSpecification\",\"valueRequired\":true,\"valueName\":\"search_term_string\"}}],\"inLanguage\":\"it-IT\"}]}<\/script>\n<!-- \/ Yoast SEO plugin. -->","yoast_head_json":{"title":"Acquista Ecstasy- Philipp Plein Blue- Pillole di MDMA da 524 mg - Global Medicina","description":"Acquista Philipp Plein Blue- 524 Mg MDMA Regno Unito, Europa al miglior prezzo di mercato. Tutti i nostri prodotti sono realizzati con ingredienti naturali puri privi di THC. Ordina online ora!","robots":{"index":"index","follow":"follow","max-snippet":"max-snippet:-1","max-image-preview":"max-image-preview:large","max-video-preview":"max-video-preview:-1"},"canonical":"https:\/\/medicinasinc.com\/it\/product\/buy-ecstasy-philipp-plein-blue-524-mg-mdma-pillole\/","og_locale":"it_IT","og_type":"article","og_title":"Acquista Ecstasy- Philipp Plein Blue- Pillole di MDMA da 524 mg - Global Medicina","og_description":"Acquista Philipp Plein Blue- 524 Mg MDMA Regno Unito, Europa al miglior prezzo di mercato. Tutti i nostri prodotti sono realizzati con ingredienti naturali puri privi di THC. Ordina online ora!","og_url":"https:\/\/medicinasinc.com\/it\/product\/buy-ecstasy-philipp-plein-blue-524-mg-mdma-pillole\/","og_site_name":"Medicinas Inc","article_modified_time":"2022-08-03T06:01:41+00:00","og_image":[{"width":600,"height":600,"url":"https:\/\/medicinasinc.com\/it\/wp-content\/uploads\/sites\/4\/2022\/02\/buy-xtc-philipp-plein-blue-524-mg-mdma-pills-online.jpg","type":"image\/jpeg"}],"twitter_card":"summary_large_image","twitter_misc":{"Tempo di lettura stimato":"1 minuto"},"schema":{"@context":"https:\/\/schema.org","@graph":[{"@type":"WebPage","@id":"https:\/\/medicinasinc.com\/it\/product\/buy-ecstasy-philipp-plein-blue-524-mg-mdma-pillole\/","url":"https:\/\/medicinasinc.com\/it\/product\/buy-ecstasy-philipp-plein-blue-524-mg-mdma-pillole\/","name":"Acquista Ecstasy- Philipp Plein Blue- Pillole di MDMA da 524 mg - Global Medicina","isPartOf":{"@id":"https:\/\/medicinasinc.com\/it\/#website"},"primaryImageOfPage":{"@id":"https:\/\/medicinasinc.com\/it\/product\/buy-ecstasy-philipp-plein-blue-524-mg-mdma-pillole\/#primaryimage"},"image":{"@id":"https:\/\/medicinasinc.com\/it\/product\/buy-ecstasy-philipp-plein-blue-524-mg-mdma-pillole\/#primaryimage"},"thumbnailUrl":"https:\/\/medicinasinc.com\/it\/wp-content\/uploads\/sites\/4\/2022\/02\/buy-xtc-philipp-plein-blue-524-mg-mdma-pills-online.jpg","datePublished":"2022-02-20T13:31:58+00:00","dateModified":"2022-08-03T06:01:41+00:00","description":"Acquista Philipp Plein Blue- 524 Mg MDMA Regno Unito, Europa al miglior prezzo di mercato. Tutti i nostri prodotti sono realizzati con ingredienti naturali puri privi di THC. Ordina online ora!","breadcrumb":{"@id":"https:\/\/medicinasinc.com\/it\/product\/buy-ecstasy-philipp-plein-blue-524-mg-mdma-pillole\/#breadcrumb"},"inLanguage":"it-IT","potentialAction":[{"@type":"ReadAction","target":["https:\/\/medicinasinc.com\/it\/product\/buy-ecstasy-philipp-plein-blue-524-mg-mdma-pillole\/"]}]},{"@type":"ImageObject","inLanguage":"it-IT","@id":"https:\/\/medicinasinc.com\/it\/product\/buy-ecstasy-philipp-plein-blue-524-mg-mdma-pillole\/#primaryimage","url":"https:\/\/medicinasinc.com\/it\/wp-content\/uploads\/sites\/4\/2022\/02\/buy-xtc-philipp-plein-blue-524-mg-mdma-pills-online.jpg","contentUrl":"https:\/\/medicinasinc.com\/it\/wp-content\/uploads\/sites\/4\/2022\/02\/buy-xtc-philipp-plein-blue-524-mg-mdma-pills-online.jpg","width":600,"height":600},{"@type":"BreadcrumbList","@id":"https:\/\/medicinasinc.com\/it\/product\/buy-ecstasy-philipp-plein-blue-524-mg-mdma-pillole\/#breadcrumb","itemListElement":[{"@type":"ListItem","position":1,"name":"Negozio","item":"https:\/\/medicinasinc.com\/it\/negozio\/"},{"@type":"ListItem","position":2,"name":"Acquista Ecstasy- Philipp Plein Blue- Pillole di MDMA da 524 mg"}]},{"@type":"WebSite","@id":"https:\/\/medicinasinc.com\/it\/#website","url":"https:\/\/medicinasinc.com\/it\/","name":"Medicinas Inc","description":"Health Medical Clinic","potentialAction":[{"@type":"SearchAction","target":{"@type":"EntryPoint","urlTemplate":"https:\/\/medicinasinc.com\/it\/?s={search_term_string}"},"query-input":{"@type":"PropertyValueSpecification","valueRequired":true,"valueName":"search_term_string"}}],"inLanguage":"it-IT"}]}},"_links":{"self":[{"href":"https:\/\/medicinasinc.com\/it\/wp-json\/wp\/v2\/product\/4592","targetHints":{"allow":["GET"]}}],"collection":[{"href":"https:\/\/medicinasinc.com\/it\/wp-json\/wp\/v2\/product"}],"about":[{"href":"https:\/\/medicinasinc.com\/it\/wp-json\/wp\/v2\/types\/product"}],"replies":[{"embeddable":true,"href":"https:\/\/medicinasinc.com\/it\/wp-json\/wp\/v2\/comments?post=4592"}],"wp:featuredmedia":[{"embeddable":true,"href":"https:\/\/medicinasinc.com\/it\/wp-json\/wp\/v2\/media\/4605"}],"wp:attachment":[{"href":"https:\/\/medicinasinc.com\/it\/wp-json\/wp\/v2\/media?parent=4592"}],"wp:term":[{"taxonomy":"product_brand","embeddable":true,"href":"https:\/\/medicinasinc.com\/it\/wp-json\/wp\/v2\/product_brand?post=4592"},{"taxonomy":"product_cat","embeddable":true,"href":"https:\/\/medicinasinc.com\/it\/wp-json\/wp\/v2\/product_cat?post=4592"},{"taxonomy":"product_tag","embeddable":true,"href":"https:\/\/medicinasinc.com\/it\/wp-json\/wp\/v2\/product_tag?post=4592"}],"curies":[{"name":"wp","href":"https:\/\/api.w.org\/{rel}","templated":true}]}}