{"id":4455,"date":"2022-02-20T09:28:05","date_gmt":"2022-02-20T09:28:05","guid":{"rendered":"https:\/\/medicinasinc.com\/it\/?post_type=product&#038;p=4455"},"modified":"2022-03-17T00:49:36","modified_gmt":"2022-03-17T00:49:36","slug":"buy-hi-tech-sciroppo-per-la-tosse","status":"publish","type":"product","link":"https:\/\/medicinasinc.com\/it\/product\/buy-hi-tech-sciroppo-per-la-tosse\/","title":{"rendered":"Acquista lo sciroppo per la tosse Hi-Tech"},"content":{"rendered":"<p>Acquisto online di sciroppo per la tosse Hi-Tech.<\/p>\n<p>Acquista lo sciroppo per la tosse Hi-Tech online a prezzi estremamente bassi. inoltre, acquistare cocaina a scopo di rivendita. Vendiamo una variet\u00e0 di stimolanti e narcotici, incluso il GHB.<\/p>\n<p>Anche se apprezzo un buon appetibilit\u00e0, credo che impieghino troppo tempo per entrare in azione. A causa della sua forza e del suo sapore, lo sciroppo di THC potrebbe diventare il tuo nuovo sostanza di riferimento per l&#8217;assistenza.<\/p>\n<p>Lo sciroppo di cannabis \u00e8 fantastico per i clienti ristorativi e ricreativi. \u00c8 forte ed efficace \u2013 spesso ha effetto entro 20-30 minuti \u2013 e prudente da usare. Aggiungi semplicemente la tua porzione a qualsiasi cibo o bevanda e il gioco \u00e8 fatto. Tuttavia, puoi bere una piccola dose senza incidenti. Questo \u00e8 tutto quello che c&#8217;\u00e8 da fare!<\/p>\n<p>sciroppo per la tosse in vendita, sciroppo per la tosse high tech, sciroppo per la tosse online, prezzo magro hi-tech, sciroppo per la tosse hi-tech online, hi-tech online. Coloro che non sopportano l&#8217;idea di fumare erba (o forse sono troppo incapaci per considerarlo) ma desiderano comunque raccogliere i benefici di questa pianta davvero meravigliosa sono incoraggiati a considerare lo sciroppo di THC come un metodo di consumo alternativo. I clienti rigorosamente terapeutici saranno lieti di apprendere che \u00e8 disponibile anche lo sciroppo di CBD. Questo, tuttavia, \u00e8 un argomento per un altro articolo!<\/p>\n<p>FARE SCIROPPO THC: ISTRUZIONI PASSO DOPO PASSO<\/p>\n<p>Se stai cercando una ricetta semplice per lo sciroppo di THC, non cercare oltre. Puoi senza dubbio preparare uno sciroppo di THC versabile a casa con solo pochi ingredienti e hardware minimo. \u00c8 probabilmente l&#8217;oggetto pi\u00f9 semplice da realizzare da soli, poich\u00e9 non ci si aspetta che i sintetici potenzialmente pericolosi estraggano il THC dal materiale vegetale.<\/p>\n<p>Per creare il tuo sciroppo infuso di THC, avrai bisogno di&#8230;.<\/p>\n<p>Acqua. Circa 200 ml produrranno una quantit\u00e0 ragionevole di sciroppo. Poich\u00e9 la formula \u00e8 cos\u00ec semplice, in genere puoi farne quante ne vuoi in seguito.<\/p>\n<p>Zucchero. La quantit\u00e0 di zucchero che usi influenzer\u00e0 la quantit\u00e0 di tempo in cui il tuo sciroppo di cannabis pu\u00f2 essere conservato. Lo sciroppo fatto con due sezioni di zucchero e una sezione di acqua pu\u00f2 essere conservato per circa un quarto d&#8217;anno). Allo stesso modo si pu\u00f2 preparare uno sciroppo 1:1, anche se non durer\u00e0 a lungo.<\/p>\n<p>Varie forme di THC grossolanamente decarbossilato (fioritura, rifinitura, frullato, hashish, olio, rottura, cera, in un certo senso tutto pu\u00f2 essere utilizzato).<\/p>\n<p>DOSAGGIO DELLO SCIROPPO THC<\/p>\n<p>La quantit\u00e0 di sciroppo di THC consumato varia notevolmente da individuo a individuo. \u00c8 fondamentale prestare attenzione e valutare la propria capacit\u00e0 rispetto alla forza di qualsiasi oggetto contenente THC. sciroppo per la tosse online, sciroppo di thc high tech, prezzo magro hi-tech, sciroppo per la tosse hi-tech online, sciroppo per la tosse hi-tech online, sciroppo per la tosse in vendita<\/p>\n<p>Il problema con gli sciroppi misti THC fatti in casa \u00e8 che il loro la forza di concentrazione \u00e8 spesso sconosciuta. Se sei preoccupato per questo o semplicemente non vuoi affrontare il fastidio (insignificante) di crearne uno tuo, cerca di seguito le nostre migliori scelte sul mercato oggi.<\/p>\n","protected":false},"excerpt":{"rendered":"<p>Acquista lo sciroppo per la tosse Hi-Tech in vendita nel Regno Unito, in Europa online. Sciroppo Hi-Tech di prometazina cloridrato e codeina fosfato\u2026ogni 5 ml contiene: prometazina cloridrato 6,25 mg; codeina fosfato 10 mg. Alcool 7%Indicazione: sedativo per la tosse<\/p>\n","protected":false},"featured_media":4489,"comment_status":"open","ping_status":"closed","template":"","meta":[],"product_brand":[],"product_cat":[497],"product_tag":[],"class_list":{"0":"post-4455","1":"product","2":"type-product","3":"status-publish","4":"has-post-thumbnail","6":"product_cat-comprare-sciroppo-per-la-tosse","8":"first","9":"instock","10":"shipping-taxable","11":"purchasable","12":"product-type-variable","13":"has-default-attributes"},"yoast_head":"<!-- This site is optimized with the Yoast SEO plugin v27.3 - https:\/\/yoast.com\/product\/yoast-seo-wordpress\/ -->\n<title>Acquista lo sciroppo per la tosse Hi-Tech - I migliori farmaci globali<\/title>\n<meta name=\"description\" content=\"Acquista lo sciroppo per la tosse Hi-Tech in vendita nel Regno Unito, in Europa online. Sciroppo Hi-Tech di prometazina cloridrato e codeina fosfato\u2026ogni 5 ml contiene: prometazina cloridrato 6,25 mg; codeina fosfato 10 mg. Alcool 7%Indicazione: sedativo della tosse\" \/>\n<meta name=\"robots\" content=\"index, follow, max-snippet:-1, max-image-preview:large, max-video-preview:-1\" \/>\n<link rel=\"canonical\" href=\"https:\/\/medicinasinc.com\/it\/product\/buy-hi-tech-sciroppo-per-la-tosse\/\" \/>\n<meta property=\"og:locale\" content=\"it_IT\" \/>\n<meta property=\"og:type\" content=\"article\" \/>\n<meta property=\"og:title\" content=\"Acquista lo sciroppo per la tosse Hi-Tech - I migliori farmaci globali\" \/>\n<meta property=\"og:description\" content=\"Acquista lo sciroppo per la tosse Hi-Tech in vendita nel Regno Unito, in Europa online. Sciroppo Hi-Tech di prometazina cloridrato e codeina fosfato\u2026ogni 5 ml contiene: prometazina cloridrato 6,25 mg; codeina fosfato 10 mg. Alcool 7%Indicazione: sedativo della tosse\" \/>\n<meta property=\"og:url\" content=\"https:\/\/medicinasinc.com\/it\/product\/buy-hi-tech-sciroppo-per-la-tosse\/\" \/>\n<meta property=\"og:site_name\" content=\"Medicinas Inc\" \/>\n<meta property=\"article:modified_time\" content=\"2022-03-17T00:49:36+00:00\" \/>\n<meta property=\"og:image\" content=\"https:\/\/medicinasinc.com\/it\/wp-content\/uploads\/sites\/4\/2022\/02\/buy-hi-tech-cough-syrup-online.jpg\" \/>\n\t<meta property=\"og:image:width\" content=\"600\" \/>\n\t<meta property=\"og:image:height\" content=\"600\" \/>\n\t<meta property=\"og:image:type\" content=\"image\/jpeg\" \/>\n<meta name=\"twitter:card\" content=\"summary_large_image\" \/>\n<meta name=\"twitter:label1\" content=\"Tempo di lettura stimato\" \/>\n\t<meta name=\"twitter:data1\" content=\"3 minuti\" \/>\n<script type=\"application\/ld+json\" class=\"yoast-schema-graph\">{\"@context\":\"https:\\\/\\\/schema.org\",\"@graph\":[{\"@type\":\"WebPage\",\"@id\":\"https:\\\/\\\/medicinasinc.com\\\/it\\\/product\\\/buy-hi-tech-sciroppo-per-la-tosse\\\/\",\"url\":\"https:\\\/\\\/medicinasinc.com\\\/it\\\/product\\\/buy-hi-tech-sciroppo-per-la-tosse\\\/\",\"name\":\"Acquista lo sciroppo per la tosse Hi-Tech - I migliori farmaci globali\",\"isPartOf\":{\"@id\":\"https:\\\/\\\/medicinasinc.com\\\/it\\\/#website\"},\"primaryImageOfPage\":{\"@id\":\"https:\\\/\\\/medicinasinc.com\\\/it\\\/product\\\/buy-hi-tech-sciroppo-per-la-tosse\\\/#primaryimage\"},\"image\":{\"@id\":\"https:\\\/\\\/medicinasinc.com\\\/it\\\/product\\\/buy-hi-tech-sciroppo-per-la-tosse\\\/#primaryimage\"},\"thumbnailUrl\":\"https:\\\/\\\/medicinasinc.com\\\/it\\\/wp-content\\\/uploads\\\/sites\\\/4\\\/2022\\\/02\\\/buy-hi-tech-cough-syrup-online.jpg\",\"datePublished\":\"2022-02-20T09:28:05+00:00\",\"dateModified\":\"2022-03-17T00:49:36+00:00\",\"description\":\"Acquista lo sciroppo per la tosse Hi-Tech in vendita nel Regno Unito, in Europa online. Sciroppo Hi-Tech di prometazina cloridrato e codeina fosfato\u2026ogni 5 ml contiene: prometazina cloridrato 6,25 mg; codeina fosfato 10 mg. Alcool 7%Indicazione: sedativo della tosse\",\"breadcrumb\":{\"@id\":\"https:\\\/\\\/medicinasinc.com\\\/it\\\/product\\\/buy-hi-tech-sciroppo-per-la-tosse\\\/#breadcrumb\"},\"inLanguage\":\"it-IT\",\"potentialAction\":[{\"@type\":\"ReadAction\",\"target\":[\"https:\\\/\\\/medicinasinc.com\\\/it\\\/product\\\/buy-hi-tech-sciroppo-per-la-tosse\\\/\"]}]},{\"@type\":\"ImageObject\",\"inLanguage\":\"it-IT\",\"@id\":\"https:\\\/\\\/medicinasinc.com\\\/it\\\/product\\\/buy-hi-tech-sciroppo-per-la-tosse\\\/#primaryimage\",\"url\":\"https:\\\/\\\/medicinasinc.com\\\/it\\\/wp-content\\\/uploads\\\/sites\\\/4\\\/2022\\\/02\\\/buy-hi-tech-cough-syrup-online.jpg\",\"contentUrl\":\"https:\\\/\\\/medicinasinc.com\\\/it\\\/wp-content\\\/uploads\\\/sites\\\/4\\\/2022\\\/02\\\/buy-hi-tech-cough-syrup-online.jpg\",\"width\":600,\"height\":600},{\"@type\":\"BreadcrumbList\",\"@id\":\"https:\\\/\\\/medicinasinc.com\\\/it\\\/product\\\/buy-hi-tech-sciroppo-per-la-tosse\\\/#breadcrumb\",\"itemListElement\":[{\"@type\":\"ListItem\",\"position\":1,\"name\":\"Negozio\",\"item\":\"https:\\\/\\\/medicinasinc.com\\\/it\\\/negozio\\\/\"},{\"@type\":\"ListItem\",\"position\":2,\"name\":\"Acquista lo sciroppo per la tosse Hi-Tech\"}]},{\"@type\":\"WebSite\",\"@id\":\"https:\\\/\\\/medicinasinc.com\\\/it\\\/#website\",\"url\":\"https:\\\/\\\/medicinasinc.com\\\/it\\\/\",\"name\":\"Medicinas Inc\",\"description\":\"Health Medical Clinic\",\"potentialAction\":[{\"@type\":\"SearchAction\",\"target\":{\"@type\":\"EntryPoint\",\"urlTemplate\":\"https:\\\/\\\/medicinasinc.com\\\/it\\\/?s={search_term_string}\"},\"query-input\":{\"@type\":\"PropertyValueSpecification\",\"valueRequired\":true,\"valueName\":\"search_term_string\"}}],\"inLanguage\":\"it-IT\"}]}<\/script>\n<!-- \/ Yoast SEO plugin. -->","yoast_head_json":{"title":"Acquista lo sciroppo per la tosse Hi-Tech - I migliori farmaci globali","description":"Acquista lo sciroppo per la tosse Hi-Tech in vendita nel Regno Unito, in Europa online. Sciroppo Hi-Tech di prometazina cloridrato e codeina fosfato\u2026ogni 5 ml contiene: prometazina cloridrato 6,25 mg; codeina fosfato 10 mg. Alcool 7%Indicazione: sedativo della tosse","robots":{"index":"index","follow":"follow","max-snippet":"max-snippet:-1","max-image-preview":"max-image-preview:large","max-video-preview":"max-video-preview:-1"},"canonical":"https:\/\/medicinasinc.com\/it\/product\/buy-hi-tech-sciroppo-per-la-tosse\/","og_locale":"it_IT","og_type":"article","og_title":"Acquista lo sciroppo per la tosse Hi-Tech - I migliori farmaci globali","og_description":"Acquista lo sciroppo per la tosse Hi-Tech in vendita nel Regno Unito, in Europa online. Sciroppo Hi-Tech di prometazina cloridrato e codeina fosfato\u2026ogni 5 ml contiene: prometazina cloridrato 6,25 mg; codeina fosfato 10 mg. Alcool 7%Indicazione: sedativo della tosse","og_url":"https:\/\/medicinasinc.com\/it\/product\/buy-hi-tech-sciroppo-per-la-tosse\/","og_site_name":"Medicinas Inc","article_modified_time":"2022-03-17T00:49:36+00:00","og_image":[{"width":600,"height":600,"url":"https:\/\/medicinasinc.com\/it\/wp-content\/uploads\/sites\/4\/2022\/02\/buy-hi-tech-cough-syrup-online.jpg","type":"image\/jpeg"}],"twitter_card":"summary_large_image","twitter_misc":{"Tempo di lettura stimato":"3 minuti"},"schema":{"@context":"https:\/\/schema.org","@graph":[{"@type":"WebPage","@id":"https:\/\/medicinasinc.com\/it\/product\/buy-hi-tech-sciroppo-per-la-tosse\/","url":"https:\/\/medicinasinc.com\/it\/product\/buy-hi-tech-sciroppo-per-la-tosse\/","name":"Acquista lo sciroppo per la tosse Hi-Tech - I migliori farmaci globali","isPartOf":{"@id":"https:\/\/medicinasinc.com\/it\/#website"},"primaryImageOfPage":{"@id":"https:\/\/medicinasinc.com\/it\/product\/buy-hi-tech-sciroppo-per-la-tosse\/#primaryimage"},"image":{"@id":"https:\/\/medicinasinc.com\/it\/product\/buy-hi-tech-sciroppo-per-la-tosse\/#primaryimage"},"thumbnailUrl":"https:\/\/medicinasinc.com\/it\/wp-content\/uploads\/sites\/4\/2022\/02\/buy-hi-tech-cough-syrup-online.jpg","datePublished":"2022-02-20T09:28:05+00:00","dateModified":"2022-03-17T00:49:36+00:00","description":"Acquista lo sciroppo per la tosse Hi-Tech in vendita nel Regno Unito, in Europa online. Sciroppo Hi-Tech di prometazina cloridrato e codeina fosfato\u2026ogni 5 ml contiene: prometazina cloridrato 6,25 mg; codeina fosfato 10 mg. Alcool 7%Indicazione: sedativo della tosse","breadcrumb":{"@id":"https:\/\/medicinasinc.com\/it\/product\/buy-hi-tech-sciroppo-per-la-tosse\/#breadcrumb"},"inLanguage":"it-IT","potentialAction":[{"@type":"ReadAction","target":["https:\/\/medicinasinc.com\/it\/product\/buy-hi-tech-sciroppo-per-la-tosse\/"]}]},{"@type":"ImageObject","inLanguage":"it-IT","@id":"https:\/\/medicinasinc.com\/it\/product\/buy-hi-tech-sciroppo-per-la-tosse\/#primaryimage","url":"https:\/\/medicinasinc.com\/it\/wp-content\/uploads\/sites\/4\/2022\/02\/buy-hi-tech-cough-syrup-online.jpg","contentUrl":"https:\/\/medicinasinc.com\/it\/wp-content\/uploads\/sites\/4\/2022\/02\/buy-hi-tech-cough-syrup-online.jpg","width":600,"height":600},{"@type":"BreadcrumbList","@id":"https:\/\/medicinasinc.com\/it\/product\/buy-hi-tech-sciroppo-per-la-tosse\/#breadcrumb","itemListElement":[{"@type":"ListItem","position":1,"name":"Negozio","item":"https:\/\/medicinasinc.com\/it\/negozio\/"},{"@type":"ListItem","position":2,"name":"Acquista lo sciroppo per la tosse Hi-Tech"}]},{"@type":"WebSite","@id":"https:\/\/medicinasinc.com\/it\/#website","url":"https:\/\/medicinasinc.com\/it\/","name":"Medicinas Inc","description":"Health Medical Clinic","potentialAction":[{"@type":"SearchAction","target":{"@type":"EntryPoint","urlTemplate":"https:\/\/medicinasinc.com\/it\/?s={search_term_string}"},"query-input":{"@type":"PropertyValueSpecification","valueRequired":true,"valueName":"search_term_string"}}],"inLanguage":"it-IT"}]}},"_links":{"self":[{"href":"https:\/\/medicinasinc.com\/it\/wp-json\/wp\/v2\/product\/4455","targetHints":{"allow":["GET"]}}],"collection":[{"href":"https:\/\/medicinasinc.com\/it\/wp-json\/wp\/v2\/product"}],"about":[{"href":"https:\/\/medicinasinc.com\/it\/wp-json\/wp\/v2\/types\/product"}],"replies":[{"embeddable":true,"href":"https:\/\/medicinasinc.com\/it\/wp-json\/wp\/v2\/comments?post=4455"}],"wp:featuredmedia":[{"embeddable":true,"href":"https:\/\/medicinasinc.com\/it\/wp-json\/wp\/v2\/media\/4489"}],"wp:attachment":[{"href":"https:\/\/medicinasinc.com\/it\/wp-json\/wp\/v2\/media?parent=4455"}],"wp:term":[{"taxonomy":"product_brand","embeddable":true,"href":"https:\/\/medicinasinc.com\/it\/wp-json\/wp\/v2\/product_brand?post=4455"},{"taxonomy":"product_cat","embeddable":true,"href":"https:\/\/medicinasinc.com\/it\/wp-json\/wp\/v2\/product_cat?post=4455"},{"taxonomy":"product_tag","embeddable":true,"href":"https:\/\/medicinasinc.com\/it\/wp-json\/wp\/v2\/product_tag?post=4455"}],"curies":[{"name":"wp","href":"https:\/\/api.w.org\/{rel}","templated":true}]}}