{"id":4431,"date":"2022-02-20T09:14:34","date_gmt":"2022-02-20T09:14:34","guid":{"rendered":"https:\/\/medicinasinc.com\/it\/?post_type=product&#038;p=4431"},"modified":"2022-03-17T00:50:02","modified_gmt":"2022-03-17T00:50:02","slug":"buy-thc-distillate-superior-extract","status":"publish","type":"product","link":"https:\/\/medicinasinc.com\/it\/product\/buy-thc-distillate-superior-extract\/","title":{"rendered":"Acquista il distillato di THC \u2013 Estratto superiore"},"content":{"rendered":"<p>Acquista il distillato di THC \u2013 Estratto Premium<\/p>\n<p>Il distillato di THC premium \u00e8 un concentrato di cannabis prodotto in Canada. Questo prodotto \u00e8 stato testato in laboratorio ed \u00e8 risultato contenere un&#8217;alta concentrazione di THC, che va dal 95 al 98 percento. Il nostro distillato di THC \u00e8 estremamente stabile a temperatura ambiente e non cola. Inoltre, \u00e8 di qualit\u00e0 eccezionale, privo di solventi, cristallino e trasparente. Il distillato \u00e8 un tipo di estratto che viene utilizzato in vari modi. Per citarne alcuni, questi includono il riempimento di cartucce di vaporizzazione, la creazione di edibili e il dabbing in un rig.<\/p>\n","protected":false},"excerpt":{"rendered":"<ul>\n<li>Spedizione in tutto il mondo<\/li>\n<li>La quantit\u00e0 minima dell&#8217;ordine \u00e8 <strong>2<\/strong><\/li>\n<li><strong>Contattaci<\/strong>\u00a0per ordini pi\u00f9 grandi<\/li>\n<\/ul>\n","protected":false},"featured_media":4465,"comment_status":"open","ping_status":"closed","template":"","meta":[],"product_brand":[],"product_cat":[440],"product_tag":[],"class_list":{"0":"post-4431","1":"product","2":"type-product","3":"status-publish","4":"has-post-thumbnail","6":"product_cat-comprare-cannabis-cbd-olio","8":"first","9":"instock","10":"shipping-taxable","11":"purchasable","12":"product-type-variable","13":"has-default-attributes"},"yoast_head":"<!-- This site is optimized with the Yoast SEO plugin v27.3 - https:\/\/yoast.com\/product\/yoast-seo-wordpress\/ -->\n<title>Acquista distillato di THC - Estratto superiore - I migliori medicinali globali<\/title>\n<meta name=\"description\" content=\"Acquista THC Distillate Superior Extract e concentrati di THC in vendita dal miglior dispensario online del Regno Unito, in Europa. Ordina ora e ottieni la spedizione gratuita per acquisti superiori a $ 150!\" \/>\n<meta name=\"robots\" content=\"index, follow, max-snippet:-1, max-image-preview:large, max-video-preview:-1\" \/>\n<link rel=\"canonical\" href=\"https:\/\/medicinasinc.com\/it\/product\/buy-thc-distillate-superior-extract\/\" \/>\n<meta property=\"og:locale\" content=\"it_IT\" \/>\n<meta property=\"og:type\" content=\"article\" \/>\n<meta property=\"og:title\" content=\"Acquista distillato di THC - Estratto superiore - I migliori medicinali globali\" \/>\n<meta property=\"og:description\" content=\"Acquista THC Distillate Superior Extract e concentrati di THC in vendita dal miglior dispensario online del Regno Unito, in Europa. Ordina ora e ottieni la spedizione gratuita per acquisti superiori a $ 150!\" \/>\n<meta property=\"og:url\" content=\"https:\/\/medicinasinc.com\/it\/product\/buy-thc-distillate-superior-extract\/\" \/>\n<meta property=\"og:site_name\" content=\"Medicinas Inc\" \/>\n<meta property=\"article:modified_time\" content=\"2022-03-17T00:50:02+00:00\" \/>\n<meta property=\"og:image\" content=\"https:\/\/medicinasinc.com\/it\/wp-content\/uploads\/sites\/4\/2022\/02\/Buy-THC-DISTILLATE-1.jpg\" \/>\n\t<meta property=\"og:image:width\" content=\"800\" \/>\n\t<meta property=\"og:image:height\" content=\"800\" \/>\n\t<meta property=\"og:image:type\" content=\"image\/jpeg\" \/>\n<meta name=\"twitter:card\" content=\"summary_large_image\" \/>\n<meta name=\"twitter:label1\" content=\"Tempo di lettura stimato\" \/>\n\t<meta name=\"twitter:data1\" content=\"1 minuto\" \/>\n<script type=\"application\/ld+json\" class=\"yoast-schema-graph\">{\"@context\":\"https:\\\/\\\/schema.org\",\"@graph\":[{\"@type\":\"WebPage\",\"@id\":\"https:\\\/\\\/medicinasinc.com\\\/it\\\/product\\\/buy-thc-distillate-superior-extract\\\/\",\"url\":\"https:\\\/\\\/medicinasinc.com\\\/it\\\/product\\\/buy-thc-distillate-superior-extract\\\/\",\"name\":\"Acquista distillato di THC - Estratto superiore - I migliori medicinali globali\",\"isPartOf\":{\"@id\":\"https:\\\/\\\/medicinasinc.com\\\/it\\\/#website\"},\"primaryImageOfPage\":{\"@id\":\"https:\\\/\\\/medicinasinc.com\\\/it\\\/product\\\/buy-thc-distillate-superior-extract\\\/#primaryimage\"},\"image\":{\"@id\":\"https:\\\/\\\/medicinasinc.com\\\/it\\\/product\\\/buy-thc-distillate-superior-extract\\\/#primaryimage\"},\"thumbnailUrl\":\"https:\\\/\\\/medicinasinc.com\\\/it\\\/wp-content\\\/uploads\\\/sites\\\/4\\\/2022\\\/02\\\/Buy-THC-DISTILLATE-1.jpg\",\"datePublished\":\"2022-02-20T09:14:34+00:00\",\"dateModified\":\"2022-03-17T00:50:02+00:00\",\"description\":\"Acquista THC Distillate Superior Extract e concentrati di THC in vendita dal miglior dispensario online del Regno Unito, in Europa. Ordina ora e ottieni la spedizione gratuita per acquisti superiori a $ 150!\",\"breadcrumb\":{\"@id\":\"https:\\\/\\\/medicinasinc.com\\\/it\\\/product\\\/buy-thc-distillate-superior-extract\\\/#breadcrumb\"},\"inLanguage\":\"it-IT\",\"potentialAction\":[{\"@type\":\"ReadAction\",\"target\":[\"https:\\\/\\\/medicinasinc.com\\\/it\\\/product\\\/buy-thc-distillate-superior-extract\\\/\"]}]},{\"@type\":\"ImageObject\",\"inLanguage\":\"it-IT\",\"@id\":\"https:\\\/\\\/medicinasinc.com\\\/it\\\/product\\\/buy-thc-distillate-superior-extract\\\/#primaryimage\",\"url\":\"https:\\\/\\\/medicinasinc.com\\\/it\\\/wp-content\\\/uploads\\\/sites\\\/4\\\/2022\\\/02\\\/Buy-THC-DISTILLATE-1.jpg\",\"contentUrl\":\"https:\\\/\\\/medicinasinc.com\\\/it\\\/wp-content\\\/uploads\\\/sites\\\/4\\\/2022\\\/02\\\/Buy-THC-DISTILLATE-1.jpg\",\"width\":800,\"height\":800},{\"@type\":\"BreadcrumbList\",\"@id\":\"https:\\\/\\\/medicinasinc.com\\\/it\\\/product\\\/buy-thc-distillate-superior-extract\\\/#breadcrumb\",\"itemListElement\":[{\"@type\":\"ListItem\",\"position\":1,\"name\":\"Negozio\",\"item\":\"https:\\\/\\\/medicinasinc.com\\\/it\\\/negozio\\\/\"},{\"@type\":\"ListItem\",\"position\":2,\"name\":\"Acquista il distillato di THC \u2013 Estratto superiore\"}]},{\"@type\":\"WebSite\",\"@id\":\"https:\\\/\\\/medicinasinc.com\\\/it\\\/#website\",\"url\":\"https:\\\/\\\/medicinasinc.com\\\/it\\\/\",\"name\":\"Medicinas Inc\",\"description\":\"Health Medical Clinic\",\"potentialAction\":[{\"@type\":\"SearchAction\",\"target\":{\"@type\":\"EntryPoint\",\"urlTemplate\":\"https:\\\/\\\/medicinasinc.com\\\/it\\\/?s={search_term_string}\"},\"query-input\":{\"@type\":\"PropertyValueSpecification\",\"valueRequired\":true,\"valueName\":\"search_term_string\"}}],\"inLanguage\":\"it-IT\"}]}<\/script>\n<!-- \/ Yoast SEO plugin. -->","yoast_head_json":{"title":"Acquista distillato di THC - Estratto superiore - I migliori medicinali globali","description":"Acquista THC Distillate Superior Extract e concentrati di THC in vendita dal miglior dispensario online del Regno Unito, in Europa. Ordina ora e ottieni la spedizione gratuita per acquisti superiori a $ 150!","robots":{"index":"index","follow":"follow","max-snippet":"max-snippet:-1","max-image-preview":"max-image-preview:large","max-video-preview":"max-video-preview:-1"},"canonical":"https:\/\/medicinasinc.com\/it\/product\/buy-thc-distillate-superior-extract\/","og_locale":"it_IT","og_type":"article","og_title":"Acquista distillato di THC - Estratto superiore - I migliori medicinali globali","og_description":"Acquista THC Distillate Superior Extract e concentrati di THC in vendita dal miglior dispensario online del Regno Unito, in Europa. Ordina ora e ottieni la spedizione gratuita per acquisti superiori a $ 150!","og_url":"https:\/\/medicinasinc.com\/it\/product\/buy-thc-distillate-superior-extract\/","og_site_name":"Medicinas Inc","article_modified_time":"2022-03-17T00:50:02+00:00","og_image":[{"width":800,"height":800,"url":"https:\/\/medicinasinc.com\/it\/wp-content\/uploads\/sites\/4\/2022\/02\/Buy-THC-DISTILLATE-1.jpg","type":"image\/jpeg"}],"twitter_card":"summary_large_image","twitter_misc":{"Tempo di lettura stimato":"1 minuto"},"schema":{"@context":"https:\/\/schema.org","@graph":[{"@type":"WebPage","@id":"https:\/\/medicinasinc.com\/it\/product\/buy-thc-distillate-superior-extract\/","url":"https:\/\/medicinasinc.com\/it\/product\/buy-thc-distillate-superior-extract\/","name":"Acquista distillato di THC - Estratto superiore - I migliori medicinali globali","isPartOf":{"@id":"https:\/\/medicinasinc.com\/it\/#website"},"primaryImageOfPage":{"@id":"https:\/\/medicinasinc.com\/it\/product\/buy-thc-distillate-superior-extract\/#primaryimage"},"image":{"@id":"https:\/\/medicinasinc.com\/it\/product\/buy-thc-distillate-superior-extract\/#primaryimage"},"thumbnailUrl":"https:\/\/medicinasinc.com\/it\/wp-content\/uploads\/sites\/4\/2022\/02\/Buy-THC-DISTILLATE-1.jpg","datePublished":"2022-02-20T09:14:34+00:00","dateModified":"2022-03-17T00:50:02+00:00","description":"Acquista THC Distillate Superior Extract e concentrati di THC in vendita dal miglior dispensario online del Regno Unito, in Europa. Ordina ora e ottieni la spedizione gratuita per acquisti superiori a $ 150!","breadcrumb":{"@id":"https:\/\/medicinasinc.com\/it\/product\/buy-thc-distillate-superior-extract\/#breadcrumb"},"inLanguage":"it-IT","potentialAction":[{"@type":"ReadAction","target":["https:\/\/medicinasinc.com\/it\/product\/buy-thc-distillate-superior-extract\/"]}]},{"@type":"ImageObject","inLanguage":"it-IT","@id":"https:\/\/medicinasinc.com\/it\/product\/buy-thc-distillate-superior-extract\/#primaryimage","url":"https:\/\/medicinasinc.com\/it\/wp-content\/uploads\/sites\/4\/2022\/02\/Buy-THC-DISTILLATE-1.jpg","contentUrl":"https:\/\/medicinasinc.com\/it\/wp-content\/uploads\/sites\/4\/2022\/02\/Buy-THC-DISTILLATE-1.jpg","width":800,"height":800},{"@type":"BreadcrumbList","@id":"https:\/\/medicinasinc.com\/it\/product\/buy-thc-distillate-superior-extract\/#breadcrumb","itemListElement":[{"@type":"ListItem","position":1,"name":"Negozio","item":"https:\/\/medicinasinc.com\/it\/negozio\/"},{"@type":"ListItem","position":2,"name":"Acquista il distillato di THC \u2013 Estratto superiore"}]},{"@type":"WebSite","@id":"https:\/\/medicinasinc.com\/it\/#website","url":"https:\/\/medicinasinc.com\/it\/","name":"Medicinas Inc","description":"Health Medical Clinic","potentialAction":[{"@type":"SearchAction","target":{"@type":"EntryPoint","urlTemplate":"https:\/\/medicinasinc.com\/it\/?s={search_term_string}"},"query-input":{"@type":"PropertyValueSpecification","valueRequired":true,"valueName":"search_term_string"}}],"inLanguage":"it-IT"}]}},"_links":{"self":[{"href":"https:\/\/medicinasinc.com\/it\/wp-json\/wp\/v2\/product\/4431","targetHints":{"allow":["GET"]}}],"collection":[{"href":"https:\/\/medicinasinc.com\/it\/wp-json\/wp\/v2\/product"}],"about":[{"href":"https:\/\/medicinasinc.com\/it\/wp-json\/wp\/v2\/types\/product"}],"replies":[{"embeddable":true,"href":"https:\/\/medicinasinc.com\/it\/wp-json\/wp\/v2\/comments?post=4431"}],"wp:featuredmedia":[{"embeddable":true,"href":"https:\/\/medicinasinc.com\/it\/wp-json\/wp\/v2\/media\/4465"}],"wp:attachment":[{"href":"https:\/\/medicinasinc.com\/it\/wp-json\/wp\/v2\/media?parent=4431"}],"wp:term":[{"taxonomy":"product_brand","embeddable":true,"href":"https:\/\/medicinasinc.com\/it\/wp-json\/wp\/v2\/product_brand?post=4431"},{"taxonomy":"product_cat","embeddable":true,"href":"https:\/\/medicinasinc.com\/it\/wp-json\/wp\/v2\/product_cat?post=4431"},{"taxonomy":"product_tag","embeddable":true,"href":"https:\/\/medicinasinc.com\/it\/wp-json\/wp\/v2\/product_tag?post=4431"}],"curies":[{"name":"wp","href":"https:\/\/api.w.org\/{rel}","templated":true}]}}