{"id":4425,"date":"2022-02-20T09:10:27","date_gmt":"2022-02-20T09:10:27","guid":{"rendered":"https:\/\/medicinasinc.com\/it\/?post_type=product&#038;p=4425"},"modified":"2022-03-17T00:50:13","modified_gmt":"2022-03-17T00:50:13","slug":"buy-skywalker-og-thc-distillate-kosher-extract","status":"publish","type":"product","link":"https:\/\/medicinasinc.com\/it\/product\/buy-skywalker-og-thc-distillate-kosher-extract\/","title":{"rendered":"Acquista Skywalker OG THC Distillate \u2013 Estratto Kosher"},"content":{"rendered":"<p>THC Distillate Extract Kosher<\/p>\n<p>THC Distillate \u00e8 uno degli estratti di cannabis pi\u00f9 puri e potenti sul mercato, fornendo un&#8217;ampia variet\u00e0 di propriet\u00e0 e benefici medicinali. La cannabis viene scomposta utilizzando la distillazione molecolare a percorso breve fino a quando praticamente ogni componente non viene separato dal THC (questo include: terpeni, lipidi vegetali, pesticidi e altri contaminanti). Questo metodo produce un estratto di cannabis estremamente puro senza l&#8217;uso di solventi per estrarre il THC. Insieme a questa purezza, la distillazione produce un prodotto che \u00e8 significativamente pi\u00f9 potente dell&#8217;erba secca o di altri estratti di cannabis. Il distillato di THC pu\u00f2 contenere tra l&#8217;85 e il 99 percento di THC!<\/p>\n","protected":false},"excerpt":{"rendered":"<p><em>Acquista Skywalker OG Distillate<\/em>\u00a0La siringa \u00e8 un olio Indica rilassante che calma la mente, rilassa il corpo e ti mette in uno stato di totale euforia.<\/p>\n<p><em>Acquista Skywalker OG THC Distillato<\/em>\u00a0&#8211; estratto kosher online Canada dal pi\u00f9 grande dispensario online, Buy My Weed Online.<\/p>\n<ul>\n<li><\/li>\n<li>Spedizione in tutto il mondo<\/li>\n<li>La quantit\u00e0 minima dell&#8217;ordine \u00e8 5<\/li>\n<li><strong>Contattaci<\/strong>\u00a0per ordini pi\u00f9 grandi<\/li>\n<\/ul>\n","protected":false},"featured_media":4459,"comment_status":"open","ping_status":"closed","template":"","meta":[],"product_brand":[],"product_cat":[440],"product_tag":[],"class_list":{"0":"post-4425","1":"product","2":"type-product","3":"status-publish","4":"has-post-thumbnail","6":"product_cat-comprare-cannabis-cbd-olio","8":"first","9":"instock","10":"shipping-taxable","11":"purchasable","12":"product-type-variable","13":"has-default-attributes"},"yoast_head":"<!-- This site is optimized with the Yoast SEO plugin v27.3 - https:\/\/yoast.com\/product\/yoast-seo-wordpress\/ -->\n<title>Acquista Skywalker OG THC Distillate \u2013 Estratto kosher - Anteprima della descrizione Best Global MedsMeta:<\/title>\n<meta name=\"description\" content=\"Acquista Skywalker OG THC Distillate in vendita - estratto kosher online in Europa dal pi\u00f9 grande dispensario online, Buy My Weed Online.\" \/>\n<meta name=\"robots\" content=\"index, follow, max-snippet:-1, max-image-preview:large, max-video-preview:-1\" \/>\n<link rel=\"canonical\" href=\"https:\/\/medicinasinc.com\/it\/product\/buy-skywalker-og-thc-distillate-kosher-extract\/\" \/>\n<meta property=\"og:locale\" content=\"it_IT\" \/>\n<meta property=\"og:type\" content=\"article\" \/>\n<meta property=\"og:title\" content=\"Acquista Skywalker OG THC Distillate \u2013 Estratto kosher - Anteprima della descrizione Best Global MedsMeta:\" \/>\n<meta property=\"og:description\" content=\"Acquista Skywalker OG THC Distillate in vendita - estratto kosher online in Europa dal pi\u00f9 grande dispensario online, Buy My Weed Online.\" \/>\n<meta property=\"og:url\" content=\"https:\/\/medicinasinc.com\/it\/product\/buy-skywalker-og-thc-distillate-kosher-extract\/\" \/>\n<meta property=\"og:site_name\" content=\"Medicinas Inc\" \/>\n<meta property=\"article:modified_time\" content=\"2022-03-17T00:50:13+00:00\" \/>\n<meta property=\"og:image\" content=\"https:\/\/medicinasinc.com\/it\/wp-content\/uploads\/sites\/4\/2022\/02\/Buy-Skywalker-OG-THC-Distillate.jpg\" \/>\n\t<meta property=\"og:image:width\" content=\"980\" \/>\n\t<meta property=\"og:image:height\" content=\"980\" \/>\n\t<meta property=\"og:image:type\" content=\"image\/jpeg\" \/>\n<meta name=\"twitter:card\" content=\"summary_large_image\" \/>\n<meta name=\"twitter:label1\" content=\"Tempo di lettura stimato\" \/>\n\t<meta name=\"twitter:data1\" content=\"1 minuto\" \/>\n<script type=\"application\/ld+json\" class=\"yoast-schema-graph\">{\"@context\":\"https:\\\/\\\/schema.org\",\"@graph\":[{\"@type\":\"WebPage\",\"@id\":\"https:\\\/\\\/medicinasinc.com\\\/it\\\/product\\\/buy-skywalker-og-thc-distillate-kosher-extract\\\/\",\"url\":\"https:\\\/\\\/medicinasinc.com\\\/it\\\/product\\\/buy-skywalker-og-thc-distillate-kosher-extract\\\/\",\"name\":\"Acquista Skywalker OG THC Distillate \u2013 Estratto kosher - Anteprima della descrizione Best Global MedsMeta:\",\"isPartOf\":{\"@id\":\"https:\\\/\\\/medicinasinc.com\\\/it\\\/#website\"},\"primaryImageOfPage\":{\"@id\":\"https:\\\/\\\/medicinasinc.com\\\/it\\\/product\\\/buy-skywalker-og-thc-distillate-kosher-extract\\\/#primaryimage\"},\"image\":{\"@id\":\"https:\\\/\\\/medicinasinc.com\\\/it\\\/product\\\/buy-skywalker-og-thc-distillate-kosher-extract\\\/#primaryimage\"},\"thumbnailUrl\":\"https:\\\/\\\/medicinasinc.com\\\/it\\\/wp-content\\\/uploads\\\/sites\\\/4\\\/2022\\\/02\\\/Buy-Skywalker-OG-THC-Distillate.jpg\",\"datePublished\":\"2022-02-20T09:10:27+00:00\",\"dateModified\":\"2022-03-17T00:50:13+00:00\",\"description\":\"Acquista Skywalker OG THC Distillate in vendita - estratto kosher online in Europa dal pi\u00f9 grande dispensario online, Buy My Weed Online.\",\"breadcrumb\":{\"@id\":\"https:\\\/\\\/medicinasinc.com\\\/it\\\/product\\\/buy-skywalker-og-thc-distillate-kosher-extract\\\/#breadcrumb\"},\"inLanguage\":\"it-IT\",\"potentialAction\":[{\"@type\":\"ReadAction\",\"target\":[\"https:\\\/\\\/medicinasinc.com\\\/it\\\/product\\\/buy-skywalker-og-thc-distillate-kosher-extract\\\/\"]}]},{\"@type\":\"ImageObject\",\"inLanguage\":\"it-IT\",\"@id\":\"https:\\\/\\\/medicinasinc.com\\\/it\\\/product\\\/buy-skywalker-og-thc-distillate-kosher-extract\\\/#primaryimage\",\"url\":\"https:\\\/\\\/medicinasinc.com\\\/it\\\/wp-content\\\/uploads\\\/sites\\\/4\\\/2022\\\/02\\\/Buy-Skywalker-OG-THC-Distillate.jpg\",\"contentUrl\":\"https:\\\/\\\/medicinasinc.com\\\/it\\\/wp-content\\\/uploads\\\/sites\\\/4\\\/2022\\\/02\\\/Buy-Skywalker-OG-THC-Distillate.jpg\",\"width\":980,\"height\":980},{\"@type\":\"BreadcrumbList\",\"@id\":\"https:\\\/\\\/medicinasinc.com\\\/it\\\/product\\\/buy-skywalker-og-thc-distillate-kosher-extract\\\/#breadcrumb\",\"itemListElement\":[{\"@type\":\"ListItem\",\"position\":1,\"name\":\"Negozio\",\"item\":\"https:\\\/\\\/medicinasinc.com\\\/it\\\/negozio\\\/\"},{\"@type\":\"ListItem\",\"position\":2,\"name\":\"Acquista Skywalker OG THC Distillate \u2013 Estratto Kosher\"}]},{\"@type\":\"WebSite\",\"@id\":\"https:\\\/\\\/medicinasinc.com\\\/it\\\/#website\",\"url\":\"https:\\\/\\\/medicinasinc.com\\\/it\\\/\",\"name\":\"Medicinas Inc\",\"description\":\"Health Medical Clinic\",\"potentialAction\":[{\"@type\":\"SearchAction\",\"target\":{\"@type\":\"EntryPoint\",\"urlTemplate\":\"https:\\\/\\\/medicinasinc.com\\\/it\\\/?s={search_term_string}\"},\"query-input\":{\"@type\":\"PropertyValueSpecification\",\"valueRequired\":true,\"valueName\":\"search_term_string\"}}],\"inLanguage\":\"it-IT\"}]}<\/script>\n<!-- \/ Yoast SEO plugin. -->","yoast_head_json":{"title":"Acquista Skywalker OG THC Distillate \u2013 Estratto kosher - Anteprima della descrizione Best Global MedsMeta:","description":"Acquista Skywalker OG THC Distillate in vendita - estratto kosher online in Europa dal pi\u00f9 grande dispensario online, Buy My Weed Online.","robots":{"index":"index","follow":"follow","max-snippet":"max-snippet:-1","max-image-preview":"max-image-preview:large","max-video-preview":"max-video-preview:-1"},"canonical":"https:\/\/medicinasinc.com\/it\/product\/buy-skywalker-og-thc-distillate-kosher-extract\/","og_locale":"it_IT","og_type":"article","og_title":"Acquista Skywalker OG THC Distillate \u2013 Estratto kosher - Anteprima della descrizione Best Global MedsMeta:","og_description":"Acquista Skywalker OG THC Distillate in vendita - estratto kosher online in Europa dal pi\u00f9 grande dispensario online, Buy My Weed Online.","og_url":"https:\/\/medicinasinc.com\/it\/product\/buy-skywalker-og-thc-distillate-kosher-extract\/","og_site_name":"Medicinas Inc","article_modified_time":"2022-03-17T00:50:13+00:00","og_image":[{"width":980,"height":980,"url":"https:\/\/medicinasinc.com\/it\/wp-content\/uploads\/sites\/4\/2022\/02\/Buy-Skywalker-OG-THC-Distillate.jpg","type":"image\/jpeg"}],"twitter_card":"summary_large_image","twitter_misc":{"Tempo di lettura stimato":"1 minuto"},"schema":{"@context":"https:\/\/schema.org","@graph":[{"@type":"WebPage","@id":"https:\/\/medicinasinc.com\/it\/product\/buy-skywalker-og-thc-distillate-kosher-extract\/","url":"https:\/\/medicinasinc.com\/it\/product\/buy-skywalker-og-thc-distillate-kosher-extract\/","name":"Acquista Skywalker OG THC Distillate \u2013 Estratto kosher - Anteprima della descrizione Best Global MedsMeta:","isPartOf":{"@id":"https:\/\/medicinasinc.com\/it\/#website"},"primaryImageOfPage":{"@id":"https:\/\/medicinasinc.com\/it\/product\/buy-skywalker-og-thc-distillate-kosher-extract\/#primaryimage"},"image":{"@id":"https:\/\/medicinasinc.com\/it\/product\/buy-skywalker-og-thc-distillate-kosher-extract\/#primaryimage"},"thumbnailUrl":"https:\/\/medicinasinc.com\/it\/wp-content\/uploads\/sites\/4\/2022\/02\/Buy-Skywalker-OG-THC-Distillate.jpg","datePublished":"2022-02-20T09:10:27+00:00","dateModified":"2022-03-17T00:50:13+00:00","description":"Acquista Skywalker OG THC Distillate in vendita - estratto kosher online in Europa dal pi\u00f9 grande dispensario online, Buy My Weed Online.","breadcrumb":{"@id":"https:\/\/medicinasinc.com\/it\/product\/buy-skywalker-og-thc-distillate-kosher-extract\/#breadcrumb"},"inLanguage":"it-IT","potentialAction":[{"@type":"ReadAction","target":["https:\/\/medicinasinc.com\/it\/product\/buy-skywalker-og-thc-distillate-kosher-extract\/"]}]},{"@type":"ImageObject","inLanguage":"it-IT","@id":"https:\/\/medicinasinc.com\/it\/product\/buy-skywalker-og-thc-distillate-kosher-extract\/#primaryimage","url":"https:\/\/medicinasinc.com\/it\/wp-content\/uploads\/sites\/4\/2022\/02\/Buy-Skywalker-OG-THC-Distillate.jpg","contentUrl":"https:\/\/medicinasinc.com\/it\/wp-content\/uploads\/sites\/4\/2022\/02\/Buy-Skywalker-OG-THC-Distillate.jpg","width":980,"height":980},{"@type":"BreadcrumbList","@id":"https:\/\/medicinasinc.com\/it\/product\/buy-skywalker-og-thc-distillate-kosher-extract\/#breadcrumb","itemListElement":[{"@type":"ListItem","position":1,"name":"Negozio","item":"https:\/\/medicinasinc.com\/it\/negozio\/"},{"@type":"ListItem","position":2,"name":"Acquista Skywalker OG THC Distillate \u2013 Estratto Kosher"}]},{"@type":"WebSite","@id":"https:\/\/medicinasinc.com\/it\/#website","url":"https:\/\/medicinasinc.com\/it\/","name":"Medicinas Inc","description":"Health Medical Clinic","potentialAction":[{"@type":"SearchAction","target":{"@type":"EntryPoint","urlTemplate":"https:\/\/medicinasinc.com\/it\/?s={search_term_string}"},"query-input":{"@type":"PropertyValueSpecification","valueRequired":true,"valueName":"search_term_string"}}],"inLanguage":"it-IT"}]}},"_links":{"self":[{"href":"https:\/\/medicinasinc.com\/it\/wp-json\/wp\/v2\/product\/4425","targetHints":{"allow":["GET"]}}],"collection":[{"href":"https:\/\/medicinasinc.com\/it\/wp-json\/wp\/v2\/product"}],"about":[{"href":"https:\/\/medicinasinc.com\/it\/wp-json\/wp\/v2\/types\/product"}],"replies":[{"embeddable":true,"href":"https:\/\/medicinasinc.com\/it\/wp-json\/wp\/v2\/comments?post=4425"}],"wp:featuredmedia":[{"embeddable":true,"href":"https:\/\/medicinasinc.com\/it\/wp-json\/wp\/v2\/media\/4459"}],"wp:attachment":[{"href":"https:\/\/medicinasinc.com\/it\/wp-json\/wp\/v2\/media?parent=4425"}],"wp:term":[{"taxonomy":"product_brand","embeddable":true,"href":"https:\/\/medicinasinc.com\/it\/wp-json\/wp\/v2\/product_brand?post=4425"},{"taxonomy":"product_cat","embeddable":true,"href":"https:\/\/medicinasinc.com\/it\/wp-json\/wp\/v2\/product_cat?post=4425"},{"taxonomy":"product_tag","embeddable":true,"href":"https:\/\/medicinasinc.com\/it\/wp-json\/wp\/v2\/product_tag?post=4425"}],"curies":[{"name":"wp","href":"https:\/\/api.w.org\/{rel}","templated":true}]}}