{"id":4412,"date":"2022-02-20T09:00:17","date_gmt":"2022-02-20T09:00:17","guid":{"rendered":"https:\/\/medicinasinc.com\/it\/?post_type=product&#038;p=4412"},"modified":"2022-03-17T00:50:32","modified_gmt":"2022-03-17T00:50:32","slug":"compra-rick-simpson-olio","status":"publish","type":"product","link":"https:\/\/medicinasinc.com\/it\/product\/compra-rick-simpson-olio\/","title":{"rendered":"Compra l&#8217;olio di Rick Simpson"},"content":{"rendered":"<p><strong>Acquista l&#8217;olio di Rick Simpson<\/strong><\/p>\n<div class=\"woocommerce-tabs wc-tabs-wrapper\">\n<div id=\"tab-description\" class=\"woocommerce-Tabs-panel woocommerce-Tabs-panel--description panel entry-content wc-tab\" role=\"tabpanel\" aria-labelledby=\"tab-title-description\">\n<p><strong>RSO \u00e8 un olio derivato da solventi ottenuto lavando la cannabis germogli in un solvente come la nafta leggera pura e poi facendo evaporare il solvente per estrarre l&#8217;olio.<\/strong><br \/> <strong>RSO \u00e8 un prodotto generico. Ci\u00f2 significa che non \u00e8 disponibile per l&#8217;acquisto &#8220;Rick Simpson Oil&#8221;. Simpson mostra come realizzare il suo olio omonimo sul suo sito web. Tuttavia, non trae profitto dal petrolio.<\/strong><\/p>\n<\/p><\/div><\/div>\n<div class=\"prodotti correlati\">\n<div class=\"woocommerce-tabs wc-tabs-wrapper\">\n<div id=\"tab-description\" class=\"woocommerce-Tabs-panel woocommerce-Tabs-panel--description panel entry-content wc-tab\" role=\"tabpanel\" aria-labelledby=\"tab-title-description\">\n<p>&nbsp;<\/p>\n<\/p><\/div><\/div><\/div>\n<p>&nbsp;<\/p>\n","protected":false},"excerpt":{"rendered":"<p>Compra Rick Simpson Oil (RSO) in vendita nel Regno Unito, in Europa Ordina online. Abbiamo la pi\u00f9 alta qualit\u00e0 di olio Rick Simpson in vendita. Offriamo la formula originale RSO ad alto contenuto di THC.<\/p>\n<p><em>Acquista<\/em>\u00a0il nostro\u00a0<em>olio Rick Simpson<\/em>\u00a0in vendita e utilizzalo correttamente. Classic\u00a0<em>RSO<\/em>\u00a0\u00e8 generalmente prodotto con variet\u00e0 a predominanza Indica perch\u00e9 contengono livelli pi\u00f9 elevati di\u00a0<em>CBD<\/em>.<\/p>\n<ul>\n<li>Spedizione in tutto il mondo<\/li>\n<li>La quantit\u00e0 minima dell&#8217;ordine \u00e8 5<\/li>\n<li><strong>Contattaci<\/strong>\u00a0per ordini pi\u00f9 grandi<\/li>\n<\/ul>\n","protected":false},"featured_media":4445,"comment_status":"open","ping_status":"closed","template":"","meta":[],"product_brand":[],"product_cat":[440],"product_tag":[490,489,491,495,492,494,493,496],"class_list":{"0":"post-4412","1":"product","2":"type-product","3":"status-publish","4":"has-post-thumbnail","6":"product_cat-comprare-cannabis-cbd-olio","7":"product_tag-alto-cbd-rso","8":"product_tag-bulk-cbd-rso","9":"product_tag-rick-simpson-olio-california","10":"product_tag-rso-olio-in-vendita-in-ohio","11":"product_tag-rick-simpson-olio-wiki","12":"product_tag-rso-oil-for-pain","13":"product_tag-rso-cbd-olio-per-lansia","14":"product_tag-rso-prezzo-del-petrolio-colorado","16":"first","17":"instock","18":"shipping-taxable","19":"purchasable","20":"product-type-variable","21":"has-default-attributes"},"yoast_head":"<!-- This site is optimized with the Yoast SEO plugin v27.3 - https:\/\/yoast.com\/product\/yoast-seo-wordpress\/ -->\n<title>Acquista Rick Simpson Oil - USA - Europa - Best Global Meds<\/title>\n<meta name=\"description\" content=\"Acquista Rick Simpson Oil (RSO) in vendita nel Regno Unito, in Europa Ordina online. Abbiamo la pi\u00f9 alta qualit\u00e0 di olio Rick Simpson in vendita. Offriamo la formula originale RSO ad alto contenuto di THC.\" \/>\n<meta name=\"robots\" content=\"index, follow, max-snippet:-1, max-image-preview:large, max-video-preview:-1\" \/>\n<link rel=\"canonical\" href=\"https:\/\/medicinasinc.com\/it\/product\/compra-rick-simpson-olio\/\" \/>\n<meta property=\"og:locale\" content=\"it_IT\" \/>\n<meta property=\"og:type\" content=\"article\" \/>\n<meta property=\"og:title\" content=\"Acquista Rick Simpson Oil - USA - Europa - Best Global Meds\" \/>\n<meta property=\"og:description\" content=\"Acquista Rick Simpson Oil (RSO) in vendita nel Regno Unito, in Europa Ordina online. Abbiamo la pi\u00f9 alta qualit\u00e0 di olio Rick Simpson in vendita. Offriamo la formula originale RSO ad alto contenuto di THC.\" \/>\n<meta property=\"og:url\" content=\"https:\/\/medicinasinc.com\/it\/product\/compra-rick-simpson-olio\/\" \/>\n<meta property=\"og:site_name\" content=\"Medicinas Inc\" \/>\n<meta property=\"article:modified_time\" content=\"2022-03-17T00:50:32+00:00\" \/>\n<meta property=\"og:image\" content=\"https:\/\/medicinasinc.com\/it\/wp-content\/uploads\/sites\/4\/2022\/02\/Buy-Rick-Simpson-Oil.jpg\" \/>\n\t<meta property=\"og:image:width\" content=\"1170\" \/>\n\t<meta property=\"og:image:height\" content=\"658\" \/>\n\t<meta property=\"og:image:type\" content=\"image\/jpeg\" \/>\n<meta name=\"twitter:card\" content=\"summary_large_image\" \/>\n<meta name=\"twitter:label1\" content=\"Tempo di lettura stimato\" \/>\n\t<meta name=\"twitter:data1\" content=\"1 minuto\" \/>\n<script type=\"application\/ld+json\" class=\"yoast-schema-graph\">{\"@context\":\"https:\\\/\\\/schema.org\",\"@graph\":[{\"@type\":\"WebPage\",\"@id\":\"https:\\\/\\\/medicinasinc.com\\\/it\\\/product\\\/compra-rick-simpson-olio\\\/\",\"url\":\"https:\\\/\\\/medicinasinc.com\\\/it\\\/product\\\/compra-rick-simpson-olio\\\/\",\"name\":\"Acquista Rick Simpson Oil - USA - Europa - Best Global Meds\",\"isPartOf\":{\"@id\":\"https:\\\/\\\/medicinasinc.com\\\/it\\\/#website\"},\"primaryImageOfPage\":{\"@id\":\"https:\\\/\\\/medicinasinc.com\\\/it\\\/product\\\/compra-rick-simpson-olio\\\/#primaryimage\"},\"image\":{\"@id\":\"https:\\\/\\\/medicinasinc.com\\\/it\\\/product\\\/compra-rick-simpson-olio\\\/#primaryimage\"},\"thumbnailUrl\":\"https:\\\/\\\/medicinasinc.com\\\/it\\\/wp-content\\\/uploads\\\/sites\\\/4\\\/2022\\\/02\\\/Buy-Rick-Simpson-Oil.jpg\",\"datePublished\":\"2022-02-20T09:00:17+00:00\",\"dateModified\":\"2022-03-17T00:50:32+00:00\",\"description\":\"Acquista Rick Simpson Oil (RSO) in vendita nel Regno Unito, in Europa Ordina online. Abbiamo la pi\u00f9 alta qualit\u00e0 di olio Rick Simpson in vendita. Offriamo la formula originale RSO ad alto contenuto di THC.\",\"breadcrumb\":{\"@id\":\"https:\\\/\\\/medicinasinc.com\\\/it\\\/product\\\/compra-rick-simpson-olio\\\/#breadcrumb\"},\"inLanguage\":\"it-IT\",\"potentialAction\":[{\"@type\":\"ReadAction\",\"target\":[\"https:\\\/\\\/medicinasinc.com\\\/it\\\/product\\\/compra-rick-simpson-olio\\\/\"]}]},{\"@type\":\"ImageObject\",\"inLanguage\":\"it-IT\",\"@id\":\"https:\\\/\\\/medicinasinc.com\\\/it\\\/product\\\/compra-rick-simpson-olio\\\/#primaryimage\",\"url\":\"https:\\\/\\\/medicinasinc.com\\\/it\\\/wp-content\\\/uploads\\\/sites\\\/4\\\/2022\\\/02\\\/Buy-Rick-Simpson-Oil.jpg\",\"contentUrl\":\"https:\\\/\\\/medicinasinc.com\\\/it\\\/wp-content\\\/uploads\\\/sites\\\/4\\\/2022\\\/02\\\/Buy-Rick-Simpson-Oil.jpg\",\"width\":1170,\"height\":658},{\"@type\":\"BreadcrumbList\",\"@id\":\"https:\\\/\\\/medicinasinc.com\\\/it\\\/product\\\/compra-rick-simpson-olio\\\/#breadcrumb\",\"itemListElement\":[{\"@type\":\"ListItem\",\"position\":1,\"name\":\"Negozio\",\"item\":\"https:\\\/\\\/medicinasinc.com\\\/it\\\/negozio\\\/\"},{\"@type\":\"ListItem\",\"position\":2,\"name\":\"Compra l&#8217;olio di Rick Simpson\"}]},{\"@type\":\"WebSite\",\"@id\":\"https:\\\/\\\/medicinasinc.com\\\/it\\\/#website\",\"url\":\"https:\\\/\\\/medicinasinc.com\\\/it\\\/\",\"name\":\"Medicinas Inc\",\"description\":\"Health Medical Clinic\",\"potentialAction\":[{\"@type\":\"SearchAction\",\"target\":{\"@type\":\"EntryPoint\",\"urlTemplate\":\"https:\\\/\\\/medicinasinc.com\\\/it\\\/?s={search_term_string}\"},\"query-input\":{\"@type\":\"PropertyValueSpecification\",\"valueRequired\":true,\"valueName\":\"search_term_string\"}}],\"inLanguage\":\"it-IT\"}]}<\/script>\n<!-- \/ Yoast SEO plugin. -->","yoast_head_json":{"title":"Acquista Rick Simpson Oil - USA - Europa - Best Global Meds","description":"Acquista Rick Simpson Oil (RSO) in vendita nel Regno Unito, in Europa Ordina online. Abbiamo la pi\u00f9 alta qualit\u00e0 di olio Rick Simpson in vendita. Offriamo la formula originale RSO ad alto contenuto di THC.","robots":{"index":"index","follow":"follow","max-snippet":"max-snippet:-1","max-image-preview":"max-image-preview:large","max-video-preview":"max-video-preview:-1"},"canonical":"https:\/\/medicinasinc.com\/it\/product\/compra-rick-simpson-olio\/","og_locale":"it_IT","og_type":"article","og_title":"Acquista Rick Simpson Oil - USA - Europa - Best Global Meds","og_description":"Acquista Rick Simpson Oil (RSO) in vendita nel Regno Unito, in Europa Ordina online. Abbiamo la pi\u00f9 alta qualit\u00e0 di olio Rick Simpson in vendita. Offriamo la formula originale RSO ad alto contenuto di THC.","og_url":"https:\/\/medicinasinc.com\/it\/product\/compra-rick-simpson-olio\/","og_site_name":"Medicinas Inc","article_modified_time":"2022-03-17T00:50:32+00:00","og_image":[{"width":1170,"height":658,"url":"https:\/\/medicinasinc.com\/it\/wp-content\/uploads\/sites\/4\/2022\/02\/Buy-Rick-Simpson-Oil.jpg","type":"image\/jpeg"}],"twitter_card":"summary_large_image","twitter_misc":{"Tempo di lettura stimato":"1 minuto"},"schema":{"@context":"https:\/\/schema.org","@graph":[{"@type":"WebPage","@id":"https:\/\/medicinasinc.com\/it\/product\/compra-rick-simpson-olio\/","url":"https:\/\/medicinasinc.com\/it\/product\/compra-rick-simpson-olio\/","name":"Acquista Rick Simpson Oil - USA - Europa - Best Global Meds","isPartOf":{"@id":"https:\/\/medicinasinc.com\/it\/#website"},"primaryImageOfPage":{"@id":"https:\/\/medicinasinc.com\/it\/product\/compra-rick-simpson-olio\/#primaryimage"},"image":{"@id":"https:\/\/medicinasinc.com\/it\/product\/compra-rick-simpson-olio\/#primaryimage"},"thumbnailUrl":"https:\/\/medicinasinc.com\/it\/wp-content\/uploads\/sites\/4\/2022\/02\/Buy-Rick-Simpson-Oil.jpg","datePublished":"2022-02-20T09:00:17+00:00","dateModified":"2022-03-17T00:50:32+00:00","description":"Acquista Rick Simpson Oil (RSO) in vendita nel Regno Unito, in Europa Ordina online. Abbiamo la pi\u00f9 alta qualit\u00e0 di olio Rick Simpson in vendita. Offriamo la formula originale RSO ad alto contenuto di THC.","breadcrumb":{"@id":"https:\/\/medicinasinc.com\/it\/product\/compra-rick-simpson-olio\/#breadcrumb"},"inLanguage":"it-IT","potentialAction":[{"@type":"ReadAction","target":["https:\/\/medicinasinc.com\/it\/product\/compra-rick-simpson-olio\/"]}]},{"@type":"ImageObject","inLanguage":"it-IT","@id":"https:\/\/medicinasinc.com\/it\/product\/compra-rick-simpson-olio\/#primaryimage","url":"https:\/\/medicinasinc.com\/it\/wp-content\/uploads\/sites\/4\/2022\/02\/Buy-Rick-Simpson-Oil.jpg","contentUrl":"https:\/\/medicinasinc.com\/it\/wp-content\/uploads\/sites\/4\/2022\/02\/Buy-Rick-Simpson-Oil.jpg","width":1170,"height":658},{"@type":"BreadcrumbList","@id":"https:\/\/medicinasinc.com\/it\/product\/compra-rick-simpson-olio\/#breadcrumb","itemListElement":[{"@type":"ListItem","position":1,"name":"Negozio","item":"https:\/\/medicinasinc.com\/it\/negozio\/"},{"@type":"ListItem","position":2,"name":"Compra l&#8217;olio di Rick Simpson"}]},{"@type":"WebSite","@id":"https:\/\/medicinasinc.com\/it\/#website","url":"https:\/\/medicinasinc.com\/it\/","name":"Medicinas Inc","description":"Health Medical Clinic","potentialAction":[{"@type":"SearchAction","target":{"@type":"EntryPoint","urlTemplate":"https:\/\/medicinasinc.com\/it\/?s={search_term_string}"},"query-input":{"@type":"PropertyValueSpecification","valueRequired":true,"valueName":"search_term_string"}}],"inLanguage":"it-IT"}]}},"_links":{"self":[{"href":"https:\/\/medicinasinc.com\/it\/wp-json\/wp\/v2\/product\/4412","targetHints":{"allow":["GET"]}}],"collection":[{"href":"https:\/\/medicinasinc.com\/it\/wp-json\/wp\/v2\/product"}],"about":[{"href":"https:\/\/medicinasinc.com\/it\/wp-json\/wp\/v2\/types\/product"}],"replies":[{"embeddable":true,"href":"https:\/\/medicinasinc.com\/it\/wp-json\/wp\/v2\/comments?post=4412"}],"wp:featuredmedia":[{"embeddable":true,"href":"https:\/\/medicinasinc.com\/it\/wp-json\/wp\/v2\/media\/4445"}],"wp:attachment":[{"href":"https:\/\/medicinasinc.com\/it\/wp-json\/wp\/v2\/media?parent=4412"}],"wp:term":[{"taxonomy":"product_brand","embeddable":true,"href":"https:\/\/medicinasinc.com\/it\/wp-json\/wp\/v2\/product_brand?post=4412"},{"taxonomy":"product_cat","embeddable":true,"href":"https:\/\/medicinasinc.com\/it\/wp-json\/wp\/v2\/product_cat?post=4412"},{"taxonomy":"product_tag","embeddable":true,"href":"https:\/\/medicinasinc.com\/it\/wp-json\/wp\/v2\/product_tag?post=4412"}],"curies":[{"name":"wp","href":"https:\/\/api.w.org\/{rel}","templated":true}]}}