{"id":4404,"date":"2022-02-20T08:55:28","date_gmt":"2022-02-20T08:55:28","guid":{"rendered":"https:\/\/medicinasinc.com\/it\/?post_type=product&#038;p=4404"},"modified":"2022-03-17T00:50:41","modified_gmt":"2022-03-17T00:50:41","slug":"buy-pink-kush-thc-distillate-dabeast","status":"publish","type":"product","link":"https:\/\/medicinasinc.com\/it\/product\/buy-pink-kush-thc-distillate-dabeast\/","title":{"rendered":"Acquista il distillato di THC Pink Kush \u2013 Dabeast"},"content":{"rendered":"<p>Vendesi distillato Pink Kush THC \u2013 Dabeast<\/p>\n<p>Penna Sabre Vape con distillato Pink Kush THC \u2013 Dabeast<\/p>\n<p>1 x sigaretta elettronica Sabre<br \/> 1 x Pink Kush pre- pod riempito<br \/> 1 cavo micro USB E\/O 1 pod preriempito Pink Kush<\/p>\n<p>Inserisci il pod nella Sabre Pen e inizia subito a svapare. L&#8217;effetto completo pu\u00f2 richiedere fino a quindici minuti per essere percepito. Si consigliano da due a quattro erogazioni per i pazienti che non consumano da un po&#8217; di tempo, ma fino a dieci erogazioni dovrebbero essere sufficienti per coloro che consumano pi\u00f9 frequentemente.<\/p>\n<p>Kush Pink<br \/> Il lignaggio genetico di Pink Kush \u00e8 sconosciuto \u2013 ma \u00e8 opinione diffusa che sia un parente della leggendaria OG Kush. Questo ibrido a predominanza indica produce un forte sballo fisico, rendendolo uno dei ceppi pi\u00f9 medicinali disponibili. La Pink Kush ha un aroma dolce che ricorda la vaniglia o le caramelle zuccherate, con sfumature di pino fresco. Pink Kush fornisce uno sballo di lunga durata, concentrato sul corpo, accompagnato da effetti euforici ed edificanti. A dosi elevate, alcuni consumatori potrebbero provare forti spuntini, rendendo la Pink Kush una variet\u00e0 eccellente per stimolare la perdita di appetito. Pink Kush \u00e8 un medicinale versatile che pu\u00f2 essere utilizzato per trattare la depressione, l&#8217;ansia, l&#8217;infiammazione, il dolore cronico, l&#8217;emicrania, il mal di testa, l&#8217;insonnia e la perdita di appetito.<\/p>\n","protected":false},"excerpt":{"rendered":"<p>Acquista Pink Kush THC Distillate Sabre Vape Pen in vendita nel Regno Unito, in Europa e negli Stati Uniti d&#8217;America dal pi\u00f9 grande dispensario online del mondo, Buy My Weed Online.<\/p>\n<p>Acquista Pink Kush THC Indica Distillate Siringhe dal sito web di marijuana per corrispondenza n. 1 pi\u00f9 affidabile &#8211; I migliori medicinali a base di erbe con spedizione gratuita! Pi\u00f9 di $ 150.<\/p>\n<p>&nbsp;<\/p>\n<ul>\n<li>Spedizione in tutto il mondo<\/li>\n<li>La quantit\u00e0 minima dell&#8217;ordine \u00e8 di 5 cartucce<\/li>\n<li><strong>Contattaci <\/strong>\u00a0per ordini pi\u00f9 grandi<\/li>\n<\/ul>\n","protected":false},"featured_media":4438,"comment_status":"open","ping_status":"closed","template":"","meta":[],"product_brand":[],"product_cat":[440],"product_tag":[],"class_list":{"0":"post-4404","1":"product","2":"type-product","3":"status-publish","4":"has-post-thumbnail","6":"product_cat-comprare-cannabis-cbd-olio","8":"first","9":"instock","10":"shipping-taxable","11":"purchasable","12":"product-type-simple"},"yoast_head":"<!-- This site is optimized with the Yoast SEO plugin v27.3 - https:\/\/yoast.com\/product\/yoast-seo-wordpress\/ -->\n<title>Acquista Pink Kush THC Distillate - Dabeast - Best Global Meds<\/title>\n<meta name=\"description\" content=\"Acquista Pink Kush THC Distillate Sabre Vape Pen in vendita nel Regno Unito, Europa- Dabeast online USA dal pi\u00f9 grande dispensario online, Buy My Weed Online.\" \/>\n<meta name=\"robots\" content=\"index, follow, max-snippet:-1, max-image-preview:large, max-video-preview:-1\" \/>\n<link rel=\"canonical\" href=\"https:\/\/medicinasinc.com\/it\/product\/buy-pink-kush-thc-distillate-dabeast\/\" \/>\n<meta property=\"og:locale\" content=\"it_IT\" \/>\n<meta property=\"og:type\" content=\"article\" \/>\n<meta property=\"og:title\" content=\"Acquista Pink Kush THC Distillate - Dabeast - Best Global Meds\" \/>\n<meta property=\"og:description\" content=\"Acquista Pink Kush THC Distillate Sabre Vape Pen in vendita nel Regno Unito, Europa- Dabeast online USA dal pi\u00f9 grande dispensario online, Buy My Weed Online.\" \/>\n<meta property=\"og:url\" content=\"https:\/\/medicinasinc.com\/it\/product\/buy-pink-kush-thc-distillate-dabeast\/\" \/>\n<meta property=\"og:site_name\" content=\"Medicinas Inc\" \/>\n<meta property=\"article:modified_time\" content=\"2022-03-17T00:50:41+00:00\" \/>\n<meta property=\"og:image\" content=\"https:\/\/medicinasinc.com\/it\/wp-content\/uploads\/sites\/4\/2022\/02\/Buy-Pink-Kush-THC-Distillate-\u2013-Dabeast.jpg\" \/>\n\t<meta property=\"og:image:width\" content=\"600\" \/>\n\t<meta property=\"og:image:height\" content=\"600\" \/>\n\t<meta property=\"og:image:type\" content=\"image\/jpeg\" \/>\n<meta name=\"twitter:card\" content=\"summary_large_image\" \/>\n<meta name=\"twitter:label1\" content=\"Tempo di lettura stimato\" \/>\n\t<meta name=\"twitter:data1\" content=\"1 minuto\" \/>\n<script type=\"application\/ld+json\" class=\"yoast-schema-graph\">{\"@context\":\"https:\\\/\\\/schema.org\",\"@graph\":[{\"@type\":\"WebPage\",\"@id\":\"https:\\\/\\\/medicinasinc.com\\\/it\\\/product\\\/buy-pink-kush-thc-distillate-dabeast\\\/\",\"url\":\"https:\\\/\\\/medicinasinc.com\\\/it\\\/product\\\/buy-pink-kush-thc-distillate-dabeast\\\/\",\"name\":\"Acquista Pink Kush THC Distillate - Dabeast - Best Global Meds\",\"isPartOf\":{\"@id\":\"https:\\\/\\\/medicinasinc.com\\\/it\\\/#website\"},\"primaryImageOfPage\":{\"@id\":\"https:\\\/\\\/medicinasinc.com\\\/it\\\/product\\\/buy-pink-kush-thc-distillate-dabeast\\\/#primaryimage\"},\"image\":{\"@id\":\"https:\\\/\\\/medicinasinc.com\\\/it\\\/product\\\/buy-pink-kush-thc-distillate-dabeast\\\/#primaryimage\"},\"thumbnailUrl\":\"https:\\\/\\\/medicinasinc.com\\\/it\\\/wp-content\\\/uploads\\\/sites\\\/4\\\/2022\\\/02\\\/Buy-Pink-Kush-THC-Distillate-\u2013-Dabeast.jpg\",\"datePublished\":\"2022-02-20T08:55:28+00:00\",\"dateModified\":\"2022-03-17T00:50:41+00:00\",\"description\":\"Acquista Pink Kush THC Distillate Sabre Vape Pen in vendita nel Regno Unito, Europa- Dabeast online USA dal pi\u00f9 grande dispensario online, Buy My Weed Online.\",\"breadcrumb\":{\"@id\":\"https:\\\/\\\/medicinasinc.com\\\/it\\\/product\\\/buy-pink-kush-thc-distillate-dabeast\\\/#breadcrumb\"},\"inLanguage\":\"it-IT\",\"potentialAction\":[{\"@type\":\"ReadAction\",\"target\":[\"https:\\\/\\\/medicinasinc.com\\\/it\\\/product\\\/buy-pink-kush-thc-distillate-dabeast\\\/\"]}]},{\"@type\":\"ImageObject\",\"inLanguage\":\"it-IT\",\"@id\":\"https:\\\/\\\/medicinasinc.com\\\/it\\\/product\\\/buy-pink-kush-thc-distillate-dabeast\\\/#primaryimage\",\"url\":\"https:\\\/\\\/medicinasinc.com\\\/it\\\/wp-content\\\/uploads\\\/sites\\\/4\\\/2022\\\/02\\\/Buy-Pink-Kush-THC-Distillate-\u2013-Dabeast.jpg\",\"contentUrl\":\"https:\\\/\\\/medicinasinc.com\\\/it\\\/wp-content\\\/uploads\\\/sites\\\/4\\\/2022\\\/02\\\/Buy-Pink-Kush-THC-Distillate-\u2013-Dabeast.jpg\",\"width\":600,\"height\":600},{\"@type\":\"BreadcrumbList\",\"@id\":\"https:\\\/\\\/medicinasinc.com\\\/it\\\/product\\\/buy-pink-kush-thc-distillate-dabeast\\\/#breadcrumb\",\"itemListElement\":[{\"@type\":\"ListItem\",\"position\":1,\"name\":\"Negozio\",\"item\":\"https:\\\/\\\/medicinasinc.com\\\/it\\\/negozio\\\/\"},{\"@type\":\"ListItem\",\"position\":2,\"name\":\"Acquista il distillato di THC Pink Kush \u2013 Dabeast\"}]},{\"@type\":\"WebSite\",\"@id\":\"https:\\\/\\\/medicinasinc.com\\\/it\\\/#website\",\"url\":\"https:\\\/\\\/medicinasinc.com\\\/it\\\/\",\"name\":\"Medicinas Inc\",\"description\":\"Health Medical Clinic\",\"potentialAction\":[{\"@type\":\"SearchAction\",\"target\":{\"@type\":\"EntryPoint\",\"urlTemplate\":\"https:\\\/\\\/medicinasinc.com\\\/it\\\/?s={search_term_string}\"},\"query-input\":{\"@type\":\"PropertyValueSpecification\",\"valueRequired\":true,\"valueName\":\"search_term_string\"}}],\"inLanguage\":\"it-IT\"}]}<\/script>\n<!-- \/ Yoast SEO plugin. -->","yoast_head_json":{"title":"Acquista Pink Kush THC Distillate - Dabeast - Best Global Meds","description":"Acquista Pink Kush THC Distillate Sabre Vape Pen in vendita nel Regno Unito, Europa- Dabeast online USA dal pi\u00f9 grande dispensario online, Buy My Weed Online.","robots":{"index":"index","follow":"follow","max-snippet":"max-snippet:-1","max-image-preview":"max-image-preview:large","max-video-preview":"max-video-preview:-1"},"canonical":"https:\/\/medicinasinc.com\/it\/product\/buy-pink-kush-thc-distillate-dabeast\/","og_locale":"it_IT","og_type":"article","og_title":"Acquista Pink Kush THC Distillate - Dabeast - Best Global Meds","og_description":"Acquista Pink Kush THC Distillate Sabre Vape Pen in vendita nel Regno Unito, Europa- Dabeast online USA dal pi\u00f9 grande dispensario online, Buy My Weed Online.","og_url":"https:\/\/medicinasinc.com\/it\/product\/buy-pink-kush-thc-distillate-dabeast\/","og_site_name":"Medicinas Inc","article_modified_time":"2022-03-17T00:50:41+00:00","og_image":[{"width":600,"height":600,"url":"https:\/\/medicinasinc.com\/it\/wp-content\/uploads\/sites\/4\/2022\/02\/Buy-Pink-Kush-THC-Distillate-\u2013-Dabeast.jpg","type":"image\/jpeg"}],"twitter_card":"summary_large_image","twitter_misc":{"Tempo di lettura stimato":"1 minuto"},"schema":{"@context":"https:\/\/schema.org","@graph":[{"@type":"WebPage","@id":"https:\/\/medicinasinc.com\/it\/product\/buy-pink-kush-thc-distillate-dabeast\/","url":"https:\/\/medicinasinc.com\/it\/product\/buy-pink-kush-thc-distillate-dabeast\/","name":"Acquista Pink Kush THC Distillate - Dabeast - Best Global Meds","isPartOf":{"@id":"https:\/\/medicinasinc.com\/it\/#website"},"primaryImageOfPage":{"@id":"https:\/\/medicinasinc.com\/it\/product\/buy-pink-kush-thc-distillate-dabeast\/#primaryimage"},"image":{"@id":"https:\/\/medicinasinc.com\/it\/product\/buy-pink-kush-thc-distillate-dabeast\/#primaryimage"},"thumbnailUrl":"https:\/\/medicinasinc.com\/it\/wp-content\/uploads\/sites\/4\/2022\/02\/Buy-Pink-Kush-THC-Distillate-\u2013-Dabeast.jpg","datePublished":"2022-02-20T08:55:28+00:00","dateModified":"2022-03-17T00:50:41+00:00","description":"Acquista Pink Kush THC Distillate Sabre Vape Pen in vendita nel Regno Unito, Europa- Dabeast online USA dal pi\u00f9 grande dispensario online, Buy My Weed Online.","breadcrumb":{"@id":"https:\/\/medicinasinc.com\/it\/product\/buy-pink-kush-thc-distillate-dabeast\/#breadcrumb"},"inLanguage":"it-IT","potentialAction":[{"@type":"ReadAction","target":["https:\/\/medicinasinc.com\/it\/product\/buy-pink-kush-thc-distillate-dabeast\/"]}]},{"@type":"ImageObject","inLanguage":"it-IT","@id":"https:\/\/medicinasinc.com\/it\/product\/buy-pink-kush-thc-distillate-dabeast\/#primaryimage","url":"https:\/\/medicinasinc.com\/it\/wp-content\/uploads\/sites\/4\/2022\/02\/Buy-Pink-Kush-THC-Distillate-\u2013-Dabeast.jpg","contentUrl":"https:\/\/medicinasinc.com\/it\/wp-content\/uploads\/sites\/4\/2022\/02\/Buy-Pink-Kush-THC-Distillate-\u2013-Dabeast.jpg","width":600,"height":600},{"@type":"BreadcrumbList","@id":"https:\/\/medicinasinc.com\/it\/product\/buy-pink-kush-thc-distillate-dabeast\/#breadcrumb","itemListElement":[{"@type":"ListItem","position":1,"name":"Negozio","item":"https:\/\/medicinasinc.com\/it\/negozio\/"},{"@type":"ListItem","position":2,"name":"Acquista il distillato di THC Pink Kush \u2013 Dabeast"}]},{"@type":"WebSite","@id":"https:\/\/medicinasinc.com\/it\/#website","url":"https:\/\/medicinasinc.com\/it\/","name":"Medicinas Inc","description":"Health Medical Clinic","potentialAction":[{"@type":"SearchAction","target":{"@type":"EntryPoint","urlTemplate":"https:\/\/medicinasinc.com\/it\/?s={search_term_string}"},"query-input":{"@type":"PropertyValueSpecification","valueRequired":true,"valueName":"search_term_string"}}],"inLanguage":"it-IT"}]}},"_links":{"self":[{"href":"https:\/\/medicinasinc.com\/it\/wp-json\/wp\/v2\/product\/4404","targetHints":{"allow":["GET"]}}],"collection":[{"href":"https:\/\/medicinasinc.com\/it\/wp-json\/wp\/v2\/product"}],"about":[{"href":"https:\/\/medicinasinc.com\/it\/wp-json\/wp\/v2\/types\/product"}],"replies":[{"embeddable":true,"href":"https:\/\/medicinasinc.com\/it\/wp-json\/wp\/v2\/comments?post=4404"}],"wp:featuredmedia":[{"embeddable":true,"href":"https:\/\/medicinasinc.com\/it\/wp-json\/wp\/v2\/media\/4438"}],"wp:attachment":[{"href":"https:\/\/medicinasinc.com\/it\/wp-json\/wp\/v2\/media?parent=4404"}],"wp:term":[{"taxonomy":"product_brand","embeddable":true,"href":"https:\/\/medicinasinc.com\/it\/wp-json\/wp\/v2\/product_brand?post=4404"},{"taxonomy":"product_cat","embeddable":true,"href":"https:\/\/medicinasinc.com\/it\/wp-json\/wp\/v2\/product_cat?post=4404"},{"taxonomy":"product_tag","embeddable":true,"href":"https:\/\/medicinasinc.com\/it\/wp-json\/wp\/v2\/product_tag?post=4404"}],"curies":[{"name":"wp","href":"https:\/\/api.w.org\/{rel}","templated":true}]}}