{"id":4390,"date":"2022-02-20T08:47:42","date_gmt":"2022-02-20T08:47:42","guid":{"rendered":"https:\/\/medicinasinc.com\/it\/?post_type=product&#038;p=4390"},"modified":"2022-03-17T00:51:01","modified_gmt":"2022-03-17T00:51:01","slug":"buy-lemon-haze-co2-1g-cartuccia-vape","status":"publish","type":"product","link":"https:\/\/medicinasinc.com\/it\/product\/buy-lemon-haze-co2-1g-cartuccia-vape\/","title":{"rendered":"Acquista la cartuccia di vaporizzazione Lemon Haze CO2 da 1 g"},"content":{"rendered":"<p>Cartuccia di vaporizzazione di CO2 da 1 g Lemon Haze in vendita.<\/p>\n<p>Cartuccia di vaporizzazione di CO2 di Lemon Haze da 1 g in vendita.<\/p>\n<p>Cartucce di vaporizzazione di CO2 di Lemon Haze in vendita. Da Pure, ci sforziamo di fornire l&#8217;olio pi\u00f9 puro, pi\u00f9 sicuro e pi\u00f9 coerente disponibile. I nostri aromi sono fatti interamente di terpeni di frutta presenti in natura. 1 grammo di olio di cannabis non adulterato<br \/> La Lemon Skunk Super Silver Haze di Green House Seeds \u00e8 un ibrido a predominanza Sativa di Lemon Skunk e Super Silver Haze che ha vinto due Cannabis Cup. La Super Lemon Haze \u00e8 una meraviglia multicolore di kief. Come suggerisce il nome, questa variet\u00e0 mostra caratteristiche di limone distinte. L&#8217;aroma \u00e8 agrumato, sapido e leggermente dolce. Il sapore \u00e8 esattamente quello che ci si aspetterebbe dall&#8217;omonimo; aspro e dolce, simili alle caramelle Lemonheads, anche se non cos\u00ec nitide come ci si potrebbe aspettare.<\/p>\n<p>Contenuto di THC: 65,22% Contenuto di CBD: 2,86%<\/p>\n","protected":false},"excerpt":{"rendered":"<p>Cartuccia di vaporizzazione di CO2 Super Lemon Haze<\/p>\n<p>Acquista la variet\u00e0 di cartucce di vaporizzazione di olio di cannabis Super Lemon Haze nel Regno Unito e in Europa. Metodo di estrazione dell&#8217;olio di Sativa: CO2 subcritica. Cartuccia Vape per Olio di Cannabis Super Lemon Haze.<\/p>\n<p>Una delle migliori cartucce Vape Co2 sul mercato \u00e8 la Super Lemon Haze. Pi\u00f9 specificamente, l&#8217;aroma \u00e8 sapido, agrumato e leggermente dolce. Il sapore \u00e8 aspro e dolce, che ricorda le caramelle alla testa di limone. Le cartucce per vaporizzatori di CO2 X-trates contengono solo olio di cannabis puro che contiene un ampio spettro di cannabinoidi e terpeni organici. Inoltre, sono disponibili cartucce da 1 g e 0,5 ml.<\/p>\n<p>Il prezzo del prodotto \u00e8 il seguente: per cartuccia da 1 g<br \/> \u00c8 richiesto un ordine minimo di 5 cartucce.<\/p>\n","protected":false},"featured_media":4423,"comment_status":"open","ping_status":"closed","template":"","meta":[],"product_brand":[],"product_cat":[440],"product_tag":[481,485,482,483,486,488,487,484],"class_list":{"0":"post-4390","1":"product","2":"type-product","3":"status-publish","4":"has-post-thumbnail","6":"product_cat-comprare-cannabis-cbd-olio","7":"product_tag-cartucce-svapo-pre-riempite-europe-tags-super-lemon-haze-allbud","8":"product_tag-cartuccia-di-olio-super-lemon-haze","9":"product_tag-cartuccia-super-limone-haze","10":"product_tag-cartuccia-di-vaporizzazione-super-limone-haze-co2","11":"product_tag-prezzo-super-lemon-haze","12":"product_tag-super-lemon-haze-yield-description-reviews-0","13":"product_tag-semi-di-super-limone-haze","14":"product_tag-super-lemon-haze-kingpen","16":"first","17":"instock","18":"shipping-taxable","19":"purchasable","20":"product-type-variable","21":"has-default-attributes"},"yoast_head":"<!-- This site is optimized with the Yoast SEO plugin v27.3 - https:\/\/yoast.com\/product\/yoast-seo-wordpress\/ -->\n<title>Acquista la cartuccia di vaporizzazione di CO2 Lemon Haze - Best Global Meds<\/title>\n<meta name=\"description\" content=\"Acquista la variet\u00e0 di cartucce Vape per olio di cannabis Super Lemon Haze in vendita nel Regno Unito, in Europa. Metodo di estrazione dell&#039;olio Sativa: CO2 subcritica. Cartuccia per svapo di olio di cannabis Super Lemon Haze.\" \/>\n<meta name=\"robots\" content=\"index, follow, max-snippet:-1, max-image-preview:large, max-video-preview:-1\" \/>\n<link rel=\"canonical\" href=\"https:\/\/medicinasinc.com\/it\/product\/buy-lemon-haze-co2-1g-cartuccia-vape\/\" \/>\n<meta property=\"og:locale\" content=\"it_IT\" \/>\n<meta property=\"og:type\" content=\"article\" \/>\n<meta property=\"og:title\" content=\"Acquista la cartuccia di vaporizzazione di CO2 Lemon Haze - Best Global Meds\" \/>\n<meta property=\"og:description\" content=\"Acquista la variet\u00e0 di cartucce Vape per olio di cannabis Super Lemon Haze in vendita nel Regno Unito, in Europa. Metodo di estrazione dell&#039;olio Sativa: CO2 subcritica. Cartuccia per svapo di olio di cannabis Super Lemon Haze.\" \/>\n<meta property=\"og:url\" content=\"https:\/\/medicinasinc.com\/it\/product\/buy-lemon-haze-co2-1g-cartuccia-vape\/\" \/>\n<meta property=\"og:site_name\" content=\"Medicinas Inc\" \/>\n<meta property=\"article:modified_time\" content=\"2022-03-17T00:51:01+00:00\" \/>\n<meta property=\"og:image\" content=\"https:\/\/medicinasinc.com\/it\/wp-content\/uploads\/sites\/4\/2022\/02\/Buy-High-THC-Cannabis-Oil-1g-cartridge-online.jpg\" \/>\n\t<meta property=\"og:image:width\" content=\"600\" \/>\n\t<meta property=\"og:image:height\" content=\"600\" \/>\n\t<meta property=\"og:image:type\" content=\"image\/jpeg\" \/>\n<meta name=\"twitter:card\" content=\"summary_large_image\" \/>\n<meta name=\"twitter:label1\" content=\"Tempo di lettura stimato\" \/>\n\t<meta name=\"twitter:data1\" content=\"1 minuto\" \/>\n<script type=\"application\/ld+json\" class=\"yoast-schema-graph\">{\"@context\":\"https:\\\/\\\/schema.org\",\"@graph\":[{\"@type\":\"WebPage\",\"@id\":\"https:\\\/\\\/medicinasinc.com\\\/it\\\/product\\\/buy-lemon-haze-co2-1g-cartuccia-vape\\\/\",\"url\":\"https:\\\/\\\/medicinasinc.com\\\/it\\\/product\\\/buy-lemon-haze-co2-1g-cartuccia-vape\\\/\",\"name\":\"Acquista la cartuccia di vaporizzazione di CO2 Lemon Haze - Best Global Meds\",\"isPartOf\":{\"@id\":\"https:\\\/\\\/medicinasinc.com\\\/it\\\/#website\"},\"primaryImageOfPage\":{\"@id\":\"https:\\\/\\\/medicinasinc.com\\\/it\\\/product\\\/buy-lemon-haze-co2-1g-cartuccia-vape\\\/#primaryimage\"},\"image\":{\"@id\":\"https:\\\/\\\/medicinasinc.com\\\/it\\\/product\\\/buy-lemon-haze-co2-1g-cartuccia-vape\\\/#primaryimage\"},\"thumbnailUrl\":\"https:\\\/\\\/medicinasinc.com\\\/it\\\/wp-content\\\/uploads\\\/sites\\\/4\\\/2022\\\/02\\\/Buy-High-THC-Cannabis-Oil-1g-cartridge-online.jpg\",\"datePublished\":\"2022-02-20T08:47:42+00:00\",\"dateModified\":\"2022-03-17T00:51:01+00:00\",\"description\":\"Acquista la variet\u00e0 di cartucce Vape per olio di cannabis Super Lemon Haze in vendita nel Regno Unito, in Europa. Metodo di estrazione dell'olio Sativa: CO2 subcritica. Cartuccia per svapo di olio di cannabis Super Lemon Haze.\",\"breadcrumb\":{\"@id\":\"https:\\\/\\\/medicinasinc.com\\\/it\\\/product\\\/buy-lemon-haze-co2-1g-cartuccia-vape\\\/#breadcrumb\"},\"inLanguage\":\"it-IT\",\"potentialAction\":[{\"@type\":\"ReadAction\",\"target\":[\"https:\\\/\\\/medicinasinc.com\\\/it\\\/product\\\/buy-lemon-haze-co2-1g-cartuccia-vape\\\/\"]}]},{\"@type\":\"ImageObject\",\"inLanguage\":\"it-IT\",\"@id\":\"https:\\\/\\\/medicinasinc.com\\\/it\\\/product\\\/buy-lemon-haze-co2-1g-cartuccia-vape\\\/#primaryimage\",\"url\":\"https:\\\/\\\/medicinasinc.com\\\/it\\\/wp-content\\\/uploads\\\/sites\\\/4\\\/2022\\\/02\\\/Buy-High-THC-Cannabis-Oil-1g-cartridge-online.jpg\",\"contentUrl\":\"https:\\\/\\\/medicinasinc.com\\\/it\\\/wp-content\\\/uploads\\\/sites\\\/4\\\/2022\\\/02\\\/Buy-High-THC-Cannabis-Oil-1g-cartridge-online.jpg\",\"width\":600,\"height\":600},{\"@type\":\"BreadcrumbList\",\"@id\":\"https:\\\/\\\/medicinasinc.com\\\/it\\\/product\\\/buy-lemon-haze-co2-1g-cartuccia-vape\\\/#breadcrumb\",\"itemListElement\":[{\"@type\":\"ListItem\",\"position\":1,\"name\":\"Negozio\",\"item\":\"https:\\\/\\\/medicinasinc.com\\\/it\\\/negozio\\\/\"},{\"@type\":\"ListItem\",\"position\":2,\"name\":\"Acquista la cartuccia di vaporizzazione Lemon Haze CO2 da 1 g\"}]},{\"@type\":\"WebSite\",\"@id\":\"https:\\\/\\\/medicinasinc.com\\\/it\\\/#website\",\"url\":\"https:\\\/\\\/medicinasinc.com\\\/it\\\/\",\"name\":\"Medicinas Inc\",\"description\":\"Health Medical Clinic\",\"potentialAction\":[{\"@type\":\"SearchAction\",\"target\":{\"@type\":\"EntryPoint\",\"urlTemplate\":\"https:\\\/\\\/medicinasinc.com\\\/it\\\/?s={search_term_string}\"},\"query-input\":{\"@type\":\"PropertyValueSpecification\",\"valueRequired\":true,\"valueName\":\"search_term_string\"}}],\"inLanguage\":\"it-IT\"}]}<\/script>\n<!-- \/ Yoast SEO plugin. -->","yoast_head_json":{"title":"Acquista la cartuccia di vaporizzazione di CO2 Lemon Haze - Best Global Meds","description":"Acquista la variet\u00e0 di cartucce Vape per olio di cannabis Super Lemon Haze in vendita nel Regno Unito, in Europa. Metodo di estrazione dell'olio Sativa: CO2 subcritica. Cartuccia per svapo di olio di cannabis Super Lemon Haze.","robots":{"index":"index","follow":"follow","max-snippet":"max-snippet:-1","max-image-preview":"max-image-preview:large","max-video-preview":"max-video-preview:-1"},"canonical":"https:\/\/medicinasinc.com\/it\/product\/buy-lemon-haze-co2-1g-cartuccia-vape\/","og_locale":"it_IT","og_type":"article","og_title":"Acquista la cartuccia di vaporizzazione di CO2 Lemon Haze - Best Global Meds","og_description":"Acquista la variet\u00e0 di cartucce Vape per olio di cannabis Super Lemon Haze in vendita nel Regno Unito, in Europa. Metodo di estrazione dell'olio Sativa: CO2 subcritica. Cartuccia per svapo di olio di cannabis Super Lemon Haze.","og_url":"https:\/\/medicinasinc.com\/it\/product\/buy-lemon-haze-co2-1g-cartuccia-vape\/","og_site_name":"Medicinas Inc","article_modified_time":"2022-03-17T00:51:01+00:00","og_image":[{"width":600,"height":600,"url":"https:\/\/medicinasinc.com\/it\/wp-content\/uploads\/sites\/4\/2022\/02\/Buy-High-THC-Cannabis-Oil-1g-cartridge-online.jpg","type":"image\/jpeg"}],"twitter_card":"summary_large_image","twitter_misc":{"Tempo di lettura stimato":"1 minuto"},"schema":{"@context":"https:\/\/schema.org","@graph":[{"@type":"WebPage","@id":"https:\/\/medicinasinc.com\/it\/product\/buy-lemon-haze-co2-1g-cartuccia-vape\/","url":"https:\/\/medicinasinc.com\/it\/product\/buy-lemon-haze-co2-1g-cartuccia-vape\/","name":"Acquista la cartuccia di vaporizzazione di CO2 Lemon Haze - Best Global Meds","isPartOf":{"@id":"https:\/\/medicinasinc.com\/it\/#website"},"primaryImageOfPage":{"@id":"https:\/\/medicinasinc.com\/it\/product\/buy-lemon-haze-co2-1g-cartuccia-vape\/#primaryimage"},"image":{"@id":"https:\/\/medicinasinc.com\/it\/product\/buy-lemon-haze-co2-1g-cartuccia-vape\/#primaryimage"},"thumbnailUrl":"https:\/\/medicinasinc.com\/it\/wp-content\/uploads\/sites\/4\/2022\/02\/Buy-High-THC-Cannabis-Oil-1g-cartridge-online.jpg","datePublished":"2022-02-20T08:47:42+00:00","dateModified":"2022-03-17T00:51:01+00:00","description":"Acquista la variet\u00e0 di cartucce Vape per olio di cannabis Super Lemon Haze in vendita nel Regno Unito, in Europa. Metodo di estrazione dell'olio Sativa: CO2 subcritica. Cartuccia per svapo di olio di cannabis Super Lemon Haze.","breadcrumb":{"@id":"https:\/\/medicinasinc.com\/it\/product\/buy-lemon-haze-co2-1g-cartuccia-vape\/#breadcrumb"},"inLanguage":"it-IT","potentialAction":[{"@type":"ReadAction","target":["https:\/\/medicinasinc.com\/it\/product\/buy-lemon-haze-co2-1g-cartuccia-vape\/"]}]},{"@type":"ImageObject","inLanguage":"it-IT","@id":"https:\/\/medicinasinc.com\/it\/product\/buy-lemon-haze-co2-1g-cartuccia-vape\/#primaryimage","url":"https:\/\/medicinasinc.com\/it\/wp-content\/uploads\/sites\/4\/2022\/02\/Buy-High-THC-Cannabis-Oil-1g-cartridge-online.jpg","contentUrl":"https:\/\/medicinasinc.com\/it\/wp-content\/uploads\/sites\/4\/2022\/02\/Buy-High-THC-Cannabis-Oil-1g-cartridge-online.jpg","width":600,"height":600},{"@type":"BreadcrumbList","@id":"https:\/\/medicinasinc.com\/it\/product\/buy-lemon-haze-co2-1g-cartuccia-vape\/#breadcrumb","itemListElement":[{"@type":"ListItem","position":1,"name":"Negozio","item":"https:\/\/medicinasinc.com\/it\/negozio\/"},{"@type":"ListItem","position":2,"name":"Acquista la cartuccia di vaporizzazione Lemon Haze CO2 da 1 g"}]},{"@type":"WebSite","@id":"https:\/\/medicinasinc.com\/it\/#website","url":"https:\/\/medicinasinc.com\/it\/","name":"Medicinas Inc","description":"Health Medical Clinic","potentialAction":[{"@type":"SearchAction","target":{"@type":"EntryPoint","urlTemplate":"https:\/\/medicinasinc.com\/it\/?s={search_term_string}"},"query-input":{"@type":"PropertyValueSpecification","valueRequired":true,"valueName":"search_term_string"}}],"inLanguage":"it-IT"}]}},"_links":{"self":[{"href":"https:\/\/medicinasinc.com\/it\/wp-json\/wp\/v2\/product\/4390","targetHints":{"allow":["GET"]}}],"collection":[{"href":"https:\/\/medicinasinc.com\/it\/wp-json\/wp\/v2\/product"}],"about":[{"href":"https:\/\/medicinasinc.com\/it\/wp-json\/wp\/v2\/types\/product"}],"replies":[{"embeddable":true,"href":"https:\/\/medicinasinc.com\/it\/wp-json\/wp\/v2\/comments?post=4390"}],"wp:featuredmedia":[{"embeddable":true,"href":"https:\/\/medicinasinc.com\/it\/wp-json\/wp\/v2\/media\/4423"}],"wp:attachment":[{"href":"https:\/\/medicinasinc.com\/it\/wp-json\/wp\/v2\/media?parent=4390"}],"wp:term":[{"taxonomy":"product_brand","embeddable":true,"href":"https:\/\/medicinasinc.com\/it\/wp-json\/wp\/v2\/product_brand?post=4390"},{"taxonomy":"product_cat","embeddable":true,"href":"https:\/\/medicinasinc.com\/it\/wp-json\/wp\/v2\/product_cat?post=4390"},{"taxonomy":"product_tag","embeddable":true,"href":"https:\/\/medicinasinc.com\/it\/wp-json\/wp\/v2\/product_tag?post=4390"}],"curies":[{"name":"wp","href":"https:\/\/api.w.org\/{rel}","templated":true}]}}