{"id":4388,"date":"2022-02-20T08:46:53","date_gmt":"2022-02-20T08:46:53","guid":{"rendered":"https:\/\/medicinasinc.com\/it\/?post_type=product&#038;p=4388"},"modified":"2022-03-17T00:51:10","modified_gmt":"2022-03-17T00:51:10","slug":"comprare-olio-di-cannabis-ad-alto-contenuto-thc-cartuccia-1g-online","status":"publish","type":"product","link":"https:\/\/medicinasinc.com\/it\/product\/comprare-olio-di-cannabis-ad-alto-contenuto-thc-cartuccia-1g-online\/","title":{"rendered":"Acquista online la cartuccia da 1 g di olio di cannabis ad alto contenuto di THC"},"content":{"rendered":"<p>Acquista online una cartuccia da 1 g di olio di cannabis ad alto contenuto di THC.<\/p>\n<p>Invece di miscelare la nostra cannabis, offriamo cartucce in 18 ceppi distinti. Non utilizziamo alcun additivo. La nostra cannabis viene coltivata naturalmente nella regione di cannabis premium della California settentrionale e quindi estratta in modo pulito utilizzando un metodo brevettato di CO2 supercritico.<\/p>\n<p>Olio di cannabis per uso medico. Ibrido, Sativa e Indica<\/p>\n<p>I benefici medici dell&#8217;olio di cannabis<br \/> Protezione del sistema immunitario Aumenta significativamente le possibilit\u00e0 di remissione<br \/> Aiuta a stabilizzare ed eliminare il dolore acuto o cronico<br \/> Elimina protocolli farmaceutici potenzialmente dannosi<br \/> Riduce o elimina la crescita delle cellule maligne. Riduce o elimina la nausea.<\/p>\n<p>La cannabis ha storicamente contenuto concentrazioni di THC comprese tra il 12 e il 21%.<\/p>\n<p>Le concentrazioni di CBD nella maggior parte delle piante di cannabis variano tra lo 0,1 e lo 0,3 percento. Tuttavia, sono ora disponibili ceppi di Cannabis pi\u00f9 ricchi di CBD, il che rende gli oli di cannabis ricchi di CBD pi\u00f9 accessibili. Questi oli di cannabis sono disponibili per l&#8217;acquisto e possono essere ordinati in sicurezza online da noi. olio di hash in vendita online, come acquistare olio di hash online, olio ad alto contenuto di thc in vendita, ordinare olio di hash online, acquistare olio di hash online, cartuccia di olio di hash in vendita, dove posso acquistare olio di thc online, olio di hash thc in vendita, hash cartucce di olio in vendita online, dove acquistare olio di thc online, acquistare cartucce di olio di hashish online<\/p>\n<p>Inoltre, gli oli ricchi di CBD sono preferiti per condizioni come epilessia, ansia, stress e nausea. Gli oli di CBD ti aiuteranno anche a rilassarti e aiuteranno nel trattamento di insonnia, mal di testa da tensione, disturbi dell&#8217;umore e disturbo da deficit di attenzione.<\/p>\n<p>Prima di acquistare hashish online, \u00e8 fondamentale capire l&#8217;effetto, come si relaziona alla cannabis e cosa la distingue dagli altri prodotti a base di erba. Hash, un altro termine per &#8220;hashish&#8221; nello stato, \u00e8 un concentrato di cannabis veicolato attraverso la pece di una pianta di marijuana. Ci\u00f2 si ottiene separando gli organi linfatici di una pianta di cannabis, che vengono chiamati collettivamente tricomi, dai suoi fiori. Questi tricomi sono noti per contenere le pi\u00f9 alte concentrazioni di cannabinoidi e terpeni, che sono i composti chimici responsabili delle propriet\u00e0 e delle caratteristiche uniche di Maryjane. A causa dell&#8217;elevata concentrazione di cannabinoidi e terpeni nell&#8217;hashish, possiede una straordinaria capacit\u00e0 di creare incontri psicoattivi e medicinali strabilianti per i consumatori di cannabis. L&#8217;olio di hashish \u00e8 una forma altamente concentrata di cannabis che pu\u00f2 essere fumata, vaporizzata, consumata o strofinata sulla pelle. Occasionalmente, l&#8217;uso dell&#8217;olio di hashish viene definito &#8220;raggiungere&#8221; o &#8220;consumare&#8221;. L&#8217;olio di hashish \u00e8 derivato dalle piante di cannabis e contiene THC (delta-9-tetraidrocannabinolo), lo stesso composto rivoluzionario che si trova in altri prodotti Maryjane. Tuttavia, l&#8217;olio di hashish \u00e8 pi\u00f9 potente e contiene fino al 90% di THC puro. Naturalmente, in altre parti della pianta di cannabis, il contenuto di THC \u00e8 in genere intorno al 12%. L&#8217;estrazione affidabile di CO2 \u00e8 attualmente il metodo pi\u00f9 efficace per estrarre l&#8217;olio di THC. Inoltre, \u00e8 il metodo pi\u00f9 comune e sicuro per la produzione di olio di cannabis, distillato e camion di gomme da masticare. Il motivo per cui \u00e8 cos\u00ec diffuso in questi giorni \u00e8 che questo olio di THC \u00e8 privo di solventi aggiuntivi come liquori o butano. La maggior parte degli oli di THC contiene un tipo di preparazione decrescente. Ci\u00f2 \u00e8 necessario per garantire che l&#8217;olio mantenga una consistenza ideale per lo svapo. Gli specialisti in diminuzione pi\u00f9 notevoli sono la glicerina vegetale e il glicole propilenico (VG e PG), che si trovano comunemente negli e-liquid standard. Alcuni contengono vari riempitivi come PEG e, pi\u00f9 recentemente, TEC Temper, che \u00e8 un&#8217;altra condizione derivata dai terpeni naturali. L&#8217;olio di hashish \u00e8 disponibile per l&#8217;acquisto.<\/p>\n","protected":false},"excerpt":{"rendered":"<p>Acquista olio di marijuana ad alto contenuto di THC in vendita nel Regno Unito, in Europa online. Acquista olio di cannabis thc puro al 100% in vendita negli Stati Uniti. Olio di cannabis a spettro completo. Cancro all&#8217;olio di THC in vendita.Potenza: 85% THC &amp; 15% CBD<\/p>\n<p>Il prezzo del prodotto \u00e8 pari a: per 5 cartucce<\/p>\n<p>La quantit\u00e0 minima ordinabile \u00e8: 5 cartucce<\/p>\n","protected":false},"featured_media":4423,"comment_status":"open","ping_status":"closed","template":"","meta":[],"product_brand":[],"product_cat":[440],"product_tag":[],"class_list":{"0":"post-4388","1":"product","2":"type-product","3":"status-publish","4":"has-post-thumbnail","6":"product_cat-comprare-cannabis-cbd-olio","8":"first","9":"instock","10":"shipping-taxable","11":"purchasable","12":"product-type-variable","13":"has-default-attributes"},"yoast_head":"<!-- This site is optimized with the Yoast SEO plugin v27.3 - https:\/\/yoast.com\/product\/yoast-seo-wordpress\/ -->\n<title>Acquista online la cartuccia da 1 g di olio di cannabis ad alto contenuto di THC - Best Global Meds<\/title>\n<meta name=\"description\" content=\"Acquista olio di marijuana ad alto contenuto di THC in vendita nel Regno Unito, in Europa online. Acquista olio di cannabis thc puro al 100% in vendita negli Stati Uniti. Olio di cannabis a spettro completo. Cancro all&#039;olio di THC in vendita.Potenza: 85% THC &amp; 15% di CBD\" \/>\n<meta name=\"robots\" content=\"index, follow, max-snippet:-1, max-image-preview:large, max-video-preview:-1\" \/>\n<link rel=\"canonical\" href=\"https:\/\/medicinasinc.com\/it\/product\/comprare-olio-di-cannabis-ad-alto-contenuto-thc-cartuccia-1g-online\/\" \/>\n<meta property=\"og:locale\" content=\"it_IT\" \/>\n<meta property=\"og:type\" content=\"article\" \/>\n<meta property=\"og:title\" content=\"Acquista online la cartuccia da 1 g di olio di cannabis ad alto contenuto di THC - Best Global Meds\" \/>\n<meta property=\"og:description\" content=\"Acquista olio di marijuana ad alto contenuto di THC in vendita nel Regno Unito, in Europa online. Acquista olio di cannabis thc puro al 100% in vendita negli Stati Uniti. Olio di cannabis a spettro completo. Cancro all&#039;olio di THC in vendita.Potenza: 85% THC &amp; 15% di CBD\" \/>\n<meta property=\"og:url\" content=\"https:\/\/medicinasinc.com\/it\/product\/comprare-olio-di-cannabis-ad-alto-contenuto-thc-cartuccia-1g-online\/\" \/>\n<meta property=\"og:site_name\" content=\"Medicinas Inc\" \/>\n<meta property=\"article:modified_time\" content=\"2022-03-17T00:51:10+00:00\" \/>\n<meta property=\"og:image\" content=\"https:\/\/medicinasinc.com\/it\/wp-content\/uploads\/sites\/4\/2022\/02\/Buy-High-THC-Cannabis-Oil-1g-cartridge-online.jpg\" \/>\n\t<meta property=\"og:image:width\" content=\"600\" \/>\n\t<meta property=\"og:image:height\" content=\"600\" \/>\n\t<meta property=\"og:image:type\" content=\"image\/jpeg\" \/>\n<meta name=\"twitter:card\" content=\"summary_large_image\" \/>\n<meta name=\"twitter:label1\" content=\"Tempo di lettura stimato\" \/>\n\t<meta name=\"twitter:data1\" content=\"3 minuti\" \/>\n<script type=\"application\/ld+json\" class=\"yoast-schema-graph\">{\"@context\":\"https:\\\/\\\/schema.org\",\"@graph\":[{\"@type\":\"WebPage\",\"@id\":\"https:\\\/\\\/medicinasinc.com\\\/it\\\/product\\\/comprare-olio-di-cannabis-ad-alto-contenuto-thc-cartuccia-1g-online\\\/\",\"url\":\"https:\\\/\\\/medicinasinc.com\\\/it\\\/product\\\/comprare-olio-di-cannabis-ad-alto-contenuto-thc-cartuccia-1g-online\\\/\",\"name\":\"Acquista online la cartuccia da 1 g di olio di cannabis ad alto contenuto di THC - Best Global Meds\",\"isPartOf\":{\"@id\":\"https:\\\/\\\/medicinasinc.com\\\/it\\\/#website\"},\"primaryImageOfPage\":{\"@id\":\"https:\\\/\\\/medicinasinc.com\\\/it\\\/product\\\/comprare-olio-di-cannabis-ad-alto-contenuto-thc-cartuccia-1g-online\\\/#primaryimage\"},\"image\":{\"@id\":\"https:\\\/\\\/medicinasinc.com\\\/it\\\/product\\\/comprare-olio-di-cannabis-ad-alto-contenuto-thc-cartuccia-1g-online\\\/#primaryimage\"},\"thumbnailUrl\":\"https:\\\/\\\/medicinasinc.com\\\/it\\\/wp-content\\\/uploads\\\/sites\\\/4\\\/2022\\\/02\\\/Buy-High-THC-Cannabis-Oil-1g-cartridge-online.jpg\",\"datePublished\":\"2022-02-20T08:46:53+00:00\",\"dateModified\":\"2022-03-17T00:51:10+00:00\",\"description\":\"Acquista olio di marijuana ad alto contenuto di THC in vendita nel Regno Unito, in Europa online. Acquista olio di cannabis thc puro al 100% in vendita negli Stati Uniti. Olio di cannabis a spettro completo. Cancro all'olio di THC in vendita.Potenza: 85% THC &amp; 15% di CBD\",\"breadcrumb\":{\"@id\":\"https:\\\/\\\/medicinasinc.com\\\/it\\\/product\\\/comprare-olio-di-cannabis-ad-alto-contenuto-thc-cartuccia-1g-online\\\/#breadcrumb\"},\"inLanguage\":\"it-IT\",\"potentialAction\":[{\"@type\":\"ReadAction\",\"target\":[\"https:\\\/\\\/medicinasinc.com\\\/it\\\/product\\\/comprare-olio-di-cannabis-ad-alto-contenuto-thc-cartuccia-1g-online\\\/\"]}]},{\"@type\":\"ImageObject\",\"inLanguage\":\"it-IT\",\"@id\":\"https:\\\/\\\/medicinasinc.com\\\/it\\\/product\\\/comprare-olio-di-cannabis-ad-alto-contenuto-thc-cartuccia-1g-online\\\/#primaryimage\",\"url\":\"https:\\\/\\\/medicinasinc.com\\\/it\\\/wp-content\\\/uploads\\\/sites\\\/4\\\/2022\\\/02\\\/Buy-High-THC-Cannabis-Oil-1g-cartridge-online.jpg\",\"contentUrl\":\"https:\\\/\\\/medicinasinc.com\\\/it\\\/wp-content\\\/uploads\\\/sites\\\/4\\\/2022\\\/02\\\/Buy-High-THC-Cannabis-Oil-1g-cartridge-online.jpg\",\"width\":600,\"height\":600},{\"@type\":\"BreadcrumbList\",\"@id\":\"https:\\\/\\\/medicinasinc.com\\\/it\\\/product\\\/comprare-olio-di-cannabis-ad-alto-contenuto-thc-cartuccia-1g-online\\\/#breadcrumb\",\"itemListElement\":[{\"@type\":\"ListItem\",\"position\":1,\"name\":\"Negozio\",\"item\":\"https:\\\/\\\/medicinasinc.com\\\/it\\\/negozio\\\/\"},{\"@type\":\"ListItem\",\"position\":2,\"name\":\"Acquista online la cartuccia da 1 g di olio di cannabis ad alto contenuto di THC\"}]},{\"@type\":\"WebSite\",\"@id\":\"https:\\\/\\\/medicinasinc.com\\\/it\\\/#website\",\"url\":\"https:\\\/\\\/medicinasinc.com\\\/it\\\/\",\"name\":\"Medicinas Inc\",\"description\":\"Health Medical Clinic\",\"potentialAction\":[{\"@type\":\"SearchAction\",\"target\":{\"@type\":\"EntryPoint\",\"urlTemplate\":\"https:\\\/\\\/medicinasinc.com\\\/it\\\/?s={search_term_string}\"},\"query-input\":{\"@type\":\"PropertyValueSpecification\",\"valueRequired\":true,\"valueName\":\"search_term_string\"}}],\"inLanguage\":\"it-IT\"}]}<\/script>\n<!-- \/ Yoast SEO plugin. -->","yoast_head_json":{"title":"Acquista online la cartuccia da 1 g di olio di cannabis ad alto contenuto di THC - Best Global Meds","description":"Acquista olio di marijuana ad alto contenuto di THC in vendita nel Regno Unito, in Europa online. Acquista olio di cannabis thc puro al 100% in vendita negli Stati Uniti. Olio di cannabis a spettro completo. Cancro all'olio di THC in vendita.Potenza: 85% THC &amp; 15% di CBD","robots":{"index":"index","follow":"follow","max-snippet":"max-snippet:-1","max-image-preview":"max-image-preview:large","max-video-preview":"max-video-preview:-1"},"canonical":"https:\/\/medicinasinc.com\/it\/product\/comprare-olio-di-cannabis-ad-alto-contenuto-thc-cartuccia-1g-online\/","og_locale":"it_IT","og_type":"article","og_title":"Acquista online la cartuccia da 1 g di olio di cannabis ad alto contenuto di THC - Best Global Meds","og_description":"Acquista olio di marijuana ad alto contenuto di THC in vendita nel Regno Unito, in Europa online. Acquista olio di cannabis thc puro al 100% in vendita negli Stati Uniti. Olio di cannabis a spettro completo. Cancro all'olio di THC in vendita.Potenza: 85% THC &amp; 15% di CBD","og_url":"https:\/\/medicinasinc.com\/it\/product\/comprare-olio-di-cannabis-ad-alto-contenuto-thc-cartuccia-1g-online\/","og_site_name":"Medicinas Inc","article_modified_time":"2022-03-17T00:51:10+00:00","og_image":[{"width":600,"height":600,"url":"https:\/\/medicinasinc.com\/it\/wp-content\/uploads\/sites\/4\/2022\/02\/Buy-High-THC-Cannabis-Oil-1g-cartridge-online.jpg","type":"image\/jpeg"}],"twitter_card":"summary_large_image","twitter_misc":{"Tempo di lettura stimato":"3 minuti"},"schema":{"@context":"https:\/\/schema.org","@graph":[{"@type":"WebPage","@id":"https:\/\/medicinasinc.com\/it\/product\/comprare-olio-di-cannabis-ad-alto-contenuto-thc-cartuccia-1g-online\/","url":"https:\/\/medicinasinc.com\/it\/product\/comprare-olio-di-cannabis-ad-alto-contenuto-thc-cartuccia-1g-online\/","name":"Acquista online la cartuccia da 1 g di olio di cannabis ad alto contenuto di THC - Best Global Meds","isPartOf":{"@id":"https:\/\/medicinasinc.com\/it\/#website"},"primaryImageOfPage":{"@id":"https:\/\/medicinasinc.com\/it\/product\/comprare-olio-di-cannabis-ad-alto-contenuto-thc-cartuccia-1g-online\/#primaryimage"},"image":{"@id":"https:\/\/medicinasinc.com\/it\/product\/comprare-olio-di-cannabis-ad-alto-contenuto-thc-cartuccia-1g-online\/#primaryimage"},"thumbnailUrl":"https:\/\/medicinasinc.com\/it\/wp-content\/uploads\/sites\/4\/2022\/02\/Buy-High-THC-Cannabis-Oil-1g-cartridge-online.jpg","datePublished":"2022-02-20T08:46:53+00:00","dateModified":"2022-03-17T00:51:10+00:00","description":"Acquista olio di marijuana ad alto contenuto di THC in vendita nel Regno Unito, in Europa online. Acquista olio di cannabis thc puro al 100% in vendita negli Stati Uniti. Olio di cannabis a spettro completo. Cancro all'olio di THC in vendita.Potenza: 85% THC &amp; 15% di CBD","breadcrumb":{"@id":"https:\/\/medicinasinc.com\/it\/product\/comprare-olio-di-cannabis-ad-alto-contenuto-thc-cartuccia-1g-online\/#breadcrumb"},"inLanguage":"it-IT","potentialAction":[{"@type":"ReadAction","target":["https:\/\/medicinasinc.com\/it\/product\/comprare-olio-di-cannabis-ad-alto-contenuto-thc-cartuccia-1g-online\/"]}]},{"@type":"ImageObject","inLanguage":"it-IT","@id":"https:\/\/medicinasinc.com\/it\/product\/comprare-olio-di-cannabis-ad-alto-contenuto-thc-cartuccia-1g-online\/#primaryimage","url":"https:\/\/medicinasinc.com\/it\/wp-content\/uploads\/sites\/4\/2022\/02\/Buy-High-THC-Cannabis-Oil-1g-cartridge-online.jpg","contentUrl":"https:\/\/medicinasinc.com\/it\/wp-content\/uploads\/sites\/4\/2022\/02\/Buy-High-THC-Cannabis-Oil-1g-cartridge-online.jpg","width":600,"height":600},{"@type":"BreadcrumbList","@id":"https:\/\/medicinasinc.com\/it\/product\/comprare-olio-di-cannabis-ad-alto-contenuto-thc-cartuccia-1g-online\/#breadcrumb","itemListElement":[{"@type":"ListItem","position":1,"name":"Negozio","item":"https:\/\/medicinasinc.com\/it\/negozio\/"},{"@type":"ListItem","position":2,"name":"Acquista online la cartuccia da 1 g di olio di cannabis ad alto contenuto di THC"}]},{"@type":"WebSite","@id":"https:\/\/medicinasinc.com\/it\/#website","url":"https:\/\/medicinasinc.com\/it\/","name":"Medicinas Inc","description":"Health Medical Clinic","potentialAction":[{"@type":"SearchAction","target":{"@type":"EntryPoint","urlTemplate":"https:\/\/medicinasinc.com\/it\/?s={search_term_string}"},"query-input":{"@type":"PropertyValueSpecification","valueRequired":true,"valueName":"search_term_string"}}],"inLanguage":"it-IT"}]}},"_links":{"self":[{"href":"https:\/\/medicinasinc.com\/it\/wp-json\/wp\/v2\/product\/4388","targetHints":{"allow":["GET"]}}],"collection":[{"href":"https:\/\/medicinasinc.com\/it\/wp-json\/wp\/v2\/product"}],"about":[{"href":"https:\/\/medicinasinc.com\/it\/wp-json\/wp\/v2\/types\/product"}],"replies":[{"embeddable":true,"href":"https:\/\/medicinasinc.com\/it\/wp-json\/wp\/v2\/comments?post=4388"}],"wp:featuredmedia":[{"embeddable":true,"href":"https:\/\/medicinasinc.com\/it\/wp-json\/wp\/v2\/media\/4423"}],"wp:attachment":[{"href":"https:\/\/medicinasinc.com\/it\/wp-json\/wp\/v2\/media?parent=4388"}],"wp:term":[{"taxonomy":"product_brand","embeddable":true,"href":"https:\/\/medicinasinc.com\/it\/wp-json\/wp\/v2\/product_brand?post=4388"},{"taxonomy":"product_cat","embeddable":true,"href":"https:\/\/medicinasinc.com\/it\/wp-json\/wp\/v2\/product_cat?post=4388"},{"taxonomy":"product_tag","embeddable":true,"href":"https:\/\/medicinasinc.com\/it\/wp-json\/wp\/v2\/product_tag?post=4388"}],"curies":[{"name":"wp","href":"https:\/\/api.w.org\/{rel}","templated":true}]}}