{"id":4374,"date":"2022-02-20T08:40:15","date_gmt":"2022-02-20T08:40:15","guid":{"rendered":"https:\/\/medicinasinc.com\/it\/?post_type=product&#038;p=4374"},"modified":"2022-03-17T00:51:32","modified_gmt":"2022-03-17T00:51:32","slug":"comprare-cartuccia-olio-co2-arlecchino-1g","status":"publish","type":"product","link":"https:\/\/medicinasinc.com\/it\/product\/comprare-cartuccia-olio-co2-arlecchino-1g\/","title":{"rendered":"Acquista la cartuccia di olio di CO2 Harlequin da 1 g"},"content":{"rendered":"<p>Acquisto online di cartucce di olio di CO2 Harlequin da 1 g.<\/p>\n<p>Acquisto online di cartucce di olio di CO2 Harlequin da 1 g.<\/p>\n<p>Acquisto online di cartucce di olio di CO2 di Harlequin. 13,02 per cento di THCA | 6,54 per cento di THC | 49,10 per cento CBDA | 5,35 percento di CBD<\/p>\n<p>Harlequin \u00e8 una variet\u00e0 a predominanza Sativa leggermente psicoattiva con noci tostate, cioccolato e, in particolare, fiori profumati di ciliegia. Harlequin \u00e8 un ceppo ad alto contenuto di CBD con psicoattivit\u00e0 e propriet\u00e0 analgesiche trascurabili. L&#8217;arlecchino \u00e8 spesso usato per trattare il dolore ed \u00e8 adatto per l&#8217;uso diurno grazie al suo alto contenuto di CBD e agli effetti di lucidit\u00e0.<\/p>\n<p>ORO COLOMBIANO + NEPALI + THAI + LINEA DELLA PAESE SVIZZERA<\/p>\n<p>TERRA \u2013 SPEZIATO \u2013 LEGNO \u2013 SAPORI DI MANGO<\/p>\n<p>DOLORE \u2013 STRESS \u2013 INFIAMMAZIONE \u2013 DEPRESSIONE \u2013 NAUSEA \u2013 MEDICO<\/p>\n<p>ELEVATO \u2013 RILASSATO \u2013 MOLTO \u2013 CONCENTRATO \u2013 FELICE IN GENERALE\/p<\/p>\n","protected":false},"excerpt":{"rendered":"<p>Acquista cartucce Co2 Harlequin in vendita, cartuccia vaporizzatore arlecchino, cartuccia vaporizzatore cbd arlecchino, &#8230; Acquista cartucce THC Vape Pen Oil, cartucce THC in vendita online. Acquista online la cartuccia da 1 g di olio di CO2 Harlequin. Cartucce di THC nel Regno Unito in vendita. Acquista cartucce di olio Vape co2.<\/p>\n<h2>Acquista cartucce di olio di cannabis THC<\/h2>\n<p>il prezzo del prodotto \u00e8 pari a: per cartuccia da 1 g<br \/> <strong>La quantit\u00e0 minima ordinabile \u00e8: 5 cartucce<\/p>\n","protected":false},"featured_media":4409,"comment_status":"open","ping_status":"closed","template":"","meta":[],"product_brand":[],"product_cat":[440],"product_tag":[],"class_list":{"0":"post-4374","1":"product","2":"type-product","3":"status-publish","4":"has-post-thumbnail","6":"product_cat-comprare-cannabis-cbd-olio","8":"first","9":"instock","10":"shipping-taxable","11":"purchasable","12":"product-type-variable","13":"has-default-attributes"},"yoast_head":"<!-- This site is optimized with the Yoast SEO plugin v27.3 - https:\/\/yoast.com\/product\/yoast-seo-wordpress\/ -->\n<title>Acquista online la cartuccia da 1 g di olio di CO2 Harlequin - Best Global Meds<\/title>\n<meta name=\"description\" content=\"Acquista cartucce Co2 Harlequin in vendita, cartuccia vape arlecchino, cartuccia vape cbd arlecchino, ... Acquista cartucce olio per penna Vape THC, cartucce THC in vendita online. Acquista online la cartuccia da 1 g di olio di CO2 Harlequin. Cartucce di THC nel Regno Unito in vendita. Acquista cartucce di olio Co2 Vape.\" \/>\n<meta name=\"robots\" content=\"index, follow, max-snippet:-1, max-image-preview:large, max-video-preview:-1\" \/>\n<link rel=\"canonical\" href=\"https:\/\/medicinasinc.com\/it\/product\/comprare-cartuccia-olio-co2-arlecchino-1g\/\" \/>\n<meta property=\"og:locale\" content=\"it_IT\" \/>\n<meta property=\"og:type\" content=\"article\" \/>\n<meta property=\"og:title\" content=\"Acquista online la cartuccia da 1 g di olio di CO2 Harlequin - Best Global Meds\" \/>\n<meta property=\"og:description\" content=\"Acquista cartucce Co2 Harlequin in vendita, cartuccia vape arlecchino, cartuccia vape cbd arlecchino, ... Acquista cartucce olio per penna Vape THC, cartucce THC in vendita online. Acquista online la cartuccia da 1 g di olio di CO2 Harlequin. Cartucce di THC nel Regno Unito in vendita. Acquista cartucce di olio Co2 Vape.\" \/>\n<meta property=\"og:url\" content=\"https:\/\/medicinasinc.com\/it\/product\/comprare-cartuccia-olio-co2-arlecchino-1g\/\" \/>\n<meta property=\"og:site_name\" content=\"Medicinas Inc\" \/>\n<meta property=\"article:modified_time\" content=\"2022-03-17T00:51:32+00:00\" \/>\n<meta property=\"og:image\" content=\"https:\/\/medicinasinc.com\/it\/wp-content\/uploads\/sites\/4\/2022\/02\/Buy-Harlequin-CO2-Oil-1g-Cartridge-Online.jpg\" \/>\n\t<meta property=\"og:image:width\" content=\"600\" \/>\n\t<meta property=\"og:image:height\" content=\"600\" \/>\n\t<meta property=\"og:image:type\" content=\"image\/jpeg\" \/>\n<meta name=\"twitter:card\" content=\"summary_large_image\" \/>\n<meta name=\"twitter:label1\" content=\"Tempo di lettura stimato\" \/>\n\t<meta name=\"twitter:data1\" content=\"1 minuto\" \/>\n<script type=\"application\/ld+json\" class=\"yoast-schema-graph\">{\"@context\":\"https:\\\/\\\/schema.org\",\"@graph\":[{\"@type\":\"WebPage\",\"@id\":\"https:\\\/\\\/medicinasinc.com\\\/it\\\/product\\\/comprare-cartuccia-olio-co2-arlecchino-1g\\\/\",\"url\":\"https:\\\/\\\/medicinasinc.com\\\/it\\\/product\\\/comprare-cartuccia-olio-co2-arlecchino-1g\\\/\",\"name\":\"Acquista online la cartuccia da 1 g di olio di CO2 Harlequin - Best Global Meds\",\"isPartOf\":{\"@id\":\"https:\\\/\\\/medicinasinc.com\\\/it\\\/#website\"},\"primaryImageOfPage\":{\"@id\":\"https:\\\/\\\/medicinasinc.com\\\/it\\\/product\\\/comprare-cartuccia-olio-co2-arlecchino-1g\\\/#primaryimage\"},\"image\":{\"@id\":\"https:\\\/\\\/medicinasinc.com\\\/it\\\/product\\\/comprare-cartuccia-olio-co2-arlecchino-1g\\\/#primaryimage\"},\"thumbnailUrl\":\"https:\\\/\\\/medicinasinc.com\\\/it\\\/wp-content\\\/uploads\\\/sites\\\/4\\\/2022\\\/02\\\/Buy-Harlequin-CO2-Oil-1g-Cartridge-Online.jpg\",\"datePublished\":\"2022-02-20T08:40:15+00:00\",\"dateModified\":\"2022-03-17T00:51:32+00:00\",\"description\":\"Acquista cartucce Co2 Harlequin in vendita, cartuccia vape arlecchino, cartuccia vape cbd arlecchino, ... Acquista cartucce olio per penna Vape THC, cartucce THC in vendita online. Acquista online la cartuccia da 1 g di olio di CO2 Harlequin. Cartucce di THC nel Regno Unito in vendita. Acquista cartucce di olio Co2 Vape.\",\"breadcrumb\":{\"@id\":\"https:\\\/\\\/medicinasinc.com\\\/it\\\/product\\\/comprare-cartuccia-olio-co2-arlecchino-1g\\\/#breadcrumb\"},\"inLanguage\":\"it-IT\",\"potentialAction\":[{\"@type\":\"ReadAction\",\"target\":[\"https:\\\/\\\/medicinasinc.com\\\/it\\\/product\\\/comprare-cartuccia-olio-co2-arlecchino-1g\\\/\"]}]},{\"@type\":\"ImageObject\",\"inLanguage\":\"it-IT\",\"@id\":\"https:\\\/\\\/medicinasinc.com\\\/it\\\/product\\\/comprare-cartuccia-olio-co2-arlecchino-1g\\\/#primaryimage\",\"url\":\"https:\\\/\\\/medicinasinc.com\\\/it\\\/wp-content\\\/uploads\\\/sites\\\/4\\\/2022\\\/02\\\/Buy-Harlequin-CO2-Oil-1g-Cartridge-Online.jpg\",\"contentUrl\":\"https:\\\/\\\/medicinasinc.com\\\/it\\\/wp-content\\\/uploads\\\/sites\\\/4\\\/2022\\\/02\\\/Buy-Harlequin-CO2-Oil-1g-Cartridge-Online.jpg\",\"width\":600,\"height\":600},{\"@type\":\"BreadcrumbList\",\"@id\":\"https:\\\/\\\/medicinasinc.com\\\/it\\\/product\\\/comprare-cartuccia-olio-co2-arlecchino-1g\\\/#breadcrumb\",\"itemListElement\":[{\"@type\":\"ListItem\",\"position\":1,\"name\":\"Negozio\",\"item\":\"https:\\\/\\\/medicinasinc.com\\\/it\\\/negozio\\\/\"},{\"@type\":\"ListItem\",\"position\":2,\"name\":\"Acquista la cartuccia di olio di CO2 Harlequin da 1 g\"}]},{\"@type\":\"WebSite\",\"@id\":\"https:\\\/\\\/medicinasinc.com\\\/it\\\/#website\",\"url\":\"https:\\\/\\\/medicinasinc.com\\\/it\\\/\",\"name\":\"Medicinas Inc\",\"description\":\"Health Medical Clinic\",\"potentialAction\":[{\"@type\":\"SearchAction\",\"target\":{\"@type\":\"EntryPoint\",\"urlTemplate\":\"https:\\\/\\\/medicinasinc.com\\\/it\\\/?s={search_term_string}\"},\"query-input\":{\"@type\":\"PropertyValueSpecification\",\"valueRequired\":true,\"valueName\":\"search_term_string\"}}],\"inLanguage\":\"it-IT\"}]}<\/script>\n<!-- \/ Yoast SEO plugin. -->","yoast_head_json":{"title":"Acquista online la cartuccia da 1 g di olio di CO2 Harlequin - Best Global Meds","description":"Acquista cartucce Co2 Harlequin in vendita, cartuccia vape arlecchino, cartuccia vape cbd arlecchino, ... Acquista cartucce olio per penna Vape THC, cartucce THC in vendita online. Acquista online la cartuccia da 1 g di olio di CO2 Harlequin. Cartucce di THC nel Regno Unito in vendita. Acquista cartucce di olio Co2 Vape.","robots":{"index":"index","follow":"follow","max-snippet":"max-snippet:-1","max-image-preview":"max-image-preview:large","max-video-preview":"max-video-preview:-1"},"canonical":"https:\/\/medicinasinc.com\/it\/product\/comprare-cartuccia-olio-co2-arlecchino-1g\/","og_locale":"it_IT","og_type":"article","og_title":"Acquista online la cartuccia da 1 g di olio di CO2 Harlequin - Best Global Meds","og_description":"Acquista cartucce Co2 Harlequin in vendita, cartuccia vape arlecchino, cartuccia vape cbd arlecchino, ... Acquista cartucce olio per penna Vape THC, cartucce THC in vendita online. Acquista online la cartuccia da 1 g di olio di CO2 Harlequin. Cartucce di THC nel Regno Unito in vendita. Acquista cartucce di olio Co2 Vape.","og_url":"https:\/\/medicinasinc.com\/it\/product\/comprare-cartuccia-olio-co2-arlecchino-1g\/","og_site_name":"Medicinas Inc","article_modified_time":"2022-03-17T00:51:32+00:00","og_image":[{"width":600,"height":600,"url":"https:\/\/medicinasinc.com\/it\/wp-content\/uploads\/sites\/4\/2022\/02\/Buy-Harlequin-CO2-Oil-1g-Cartridge-Online.jpg","type":"image\/jpeg"}],"twitter_card":"summary_large_image","twitter_misc":{"Tempo di lettura stimato":"1 minuto"},"schema":{"@context":"https:\/\/schema.org","@graph":[{"@type":"WebPage","@id":"https:\/\/medicinasinc.com\/it\/product\/comprare-cartuccia-olio-co2-arlecchino-1g\/","url":"https:\/\/medicinasinc.com\/it\/product\/comprare-cartuccia-olio-co2-arlecchino-1g\/","name":"Acquista online la cartuccia da 1 g di olio di CO2 Harlequin - Best Global Meds","isPartOf":{"@id":"https:\/\/medicinasinc.com\/it\/#website"},"primaryImageOfPage":{"@id":"https:\/\/medicinasinc.com\/it\/product\/comprare-cartuccia-olio-co2-arlecchino-1g\/#primaryimage"},"image":{"@id":"https:\/\/medicinasinc.com\/it\/product\/comprare-cartuccia-olio-co2-arlecchino-1g\/#primaryimage"},"thumbnailUrl":"https:\/\/medicinasinc.com\/it\/wp-content\/uploads\/sites\/4\/2022\/02\/Buy-Harlequin-CO2-Oil-1g-Cartridge-Online.jpg","datePublished":"2022-02-20T08:40:15+00:00","dateModified":"2022-03-17T00:51:32+00:00","description":"Acquista cartucce Co2 Harlequin in vendita, cartuccia vape arlecchino, cartuccia vape cbd arlecchino, ... Acquista cartucce olio per penna Vape THC, cartucce THC in vendita online. Acquista online la cartuccia da 1 g di olio di CO2 Harlequin. Cartucce di THC nel Regno Unito in vendita. Acquista cartucce di olio Co2 Vape.","breadcrumb":{"@id":"https:\/\/medicinasinc.com\/it\/product\/comprare-cartuccia-olio-co2-arlecchino-1g\/#breadcrumb"},"inLanguage":"it-IT","potentialAction":[{"@type":"ReadAction","target":["https:\/\/medicinasinc.com\/it\/product\/comprare-cartuccia-olio-co2-arlecchino-1g\/"]}]},{"@type":"ImageObject","inLanguage":"it-IT","@id":"https:\/\/medicinasinc.com\/it\/product\/comprare-cartuccia-olio-co2-arlecchino-1g\/#primaryimage","url":"https:\/\/medicinasinc.com\/it\/wp-content\/uploads\/sites\/4\/2022\/02\/Buy-Harlequin-CO2-Oil-1g-Cartridge-Online.jpg","contentUrl":"https:\/\/medicinasinc.com\/it\/wp-content\/uploads\/sites\/4\/2022\/02\/Buy-Harlequin-CO2-Oil-1g-Cartridge-Online.jpg","width":600,"height":600},{"@type":"BreadcrumbList","@id":"https:\/\/medicinasinc.com\/it\/product\/comprare-cartuccia-olio-co2-arlecchino-1g\/#breadcrumb","itemListElement":[{"@type":"ListItem","position":1,"name":"Negozio","item":"https:\/\/medicinasinc.com\/it\/negozio\/"},{"@type":"ListItem","position":2,"name":"Acquista la cartuccia di olio di CO2 Harlequin da 1 g"}]},{"@type":"WebSite","@id":"https:\/\/medicinasinc.com\/it\/#website","url":"https:\/\/medicinasinc.com\/it\/","name":"Medicinas Inc","description":"Health Medical Clinic","potentialAction":[{"@type":"SearchAction","target":{"@type":"EntryPoint","urlTemplate":"https:\/\/medicinasinc.com\/it\/?s={search_term_string}"},"query-input":{"@type":"PropertyValueSpecification","valueRequired":true,"valueName":"search_term_string"}}],"inLanguage":"it-IT"}]}},"_links":{"self":[{"href":"https:\/\/medicinasinc.com\/it\/wp-json\/wp\/v2\/product\/4374","targetHints":{"allow":["GET"]}}],"collection":[{"href":"https:\/\/medicinasinc.com\/it\/wp-json\/wp\/v2\/product"}],"about":[{"href":"https:\/\/medicinasinc.com\/it\/wp-json\/wp\/v2\/types\/product"}],"replies":[{"embeddable":true,"href":"https:\/\/medicinasinc.com\/it\/wp-json\/wp\/v2\/comments?post=4374"}],"wp:featuredmedia":[{"embeddable":true,"href":"https:\/\/medicinasinc.com\/it\/wp-json\/wp\/v2\/media\/4409"}],"wp:attachment":[{"href":"https:\/\/medicinasinc.com\/it\/wp-json\/wp\/v2\/media?parent=4374"}],"wp:term":[{"taxonomy":"product_brand","embeddable":true,"href":"https:\/\/medicinasinc.com\/it\/wp-json\/wp\/v2\/product_brand?post=4374"},{"taxonomy":"product_cat","embeddable":true,"href":"https:\/\/medicinasinc.com\/it\/wp-json\/wp\/v2\/product_cat?post=4374"},{"taxonomy":"product_tag","embeddable":true,"href":"https:\/\/medicinasinc.com\/it\/wp-json\/wp\/v2\/product_tag?post=4374"}],"curies":[{"name":"wp","href":"https:\/\/api.w.org\/{rel}","templated":true}]}}