{"id":4367,"date":"2022-02-20T08:35:49","date_gmt":"2022-02-20T08:35:49","guid":{"rendered":"https:\/\/medicinasinc.com\/it\/?post_type=product&#038;p=4367"},"modified":"2022-03-17T00:51:41","modified_gmt":"2022-03-17T00:51:41","slug":"comprare-cannatonic-co2-cartuccia-olio","status":"publish","type":"product","link":"https:\/\/medicinasinc.com\/it\/product\/comprare-cannatonic-co2-cartuccia-olio\/","title":{"rendered":"Acquista la cartuccia dell&#8217;olio di CO2 cannatonic"},"content":{"rendered":"<p>Acquista le cartucce Rick Simpson Cannabis Oil da 1 g online negli Stati Uniti d&#8217;America.<\/p>\n<p>Acquista le cartucce Rick Simpson Cannabis Oil da 1 g online negli Stati Uniti d&#8217;America.<\/p>\n<p>Dopo aver immerso le la migliore cannabis in pura nafta o alcol isopropilico, i composti terapeutici vengono estratti dalla pianta, lasciando dietro di s\u00e9 un liquido simile al catrame quando il solvente evapora completamente. Otteniamo un olio di cannabis Rick Simpson di alta qualit\u00e0. Questo pu\u00f2 essere assunto per via orale o applicato direttamente sulla pelle.<\/p>\n<p>Washington, DC, olio di Rick Simpson<\/p>\n<p>L&#8217;olio di Rick Simpson \u00e8 una soluzione vaporizzata derivata dalla cannabis. Era una via d&#8217;uscita dal cancro per molte persone. Inoltre, l&#8217;olio viene chiamato olio di canapa Rick Simpson e olio di cannabis Rick Simpson.<\/p>\n<p>Se hai esaminato la marijuana per scopi medicinali, potresti esserti imbattuto in Rick Simpson Oil. RSO \u00e8 un estratto di cannabis unico nel suo genere che ha preso il nome da un uomo di nome, avete indovinato, Rick Simpson.<\/p>\n<p>\u00c8 un estratto di cannabis estremamente potente con alte concentrazioni di THC, lo psicoattivo componente della cannabis. L&#8217;olio viene prodotto concentrando il contenuto di THC dei fiori indicatori essiccati utilizzando un dissolvibile. L&#8217;Indica \u00e8 preferita rispetto ad altri ceppi per i suoi effetti sedativi. A causa dell&#8217;elevata concentrazione di materiale vegetale e dell&#8217;assenza di oli trasportatori, l&#8217;olio risultante \u00e8 di colore terroso scuro e denso, in contrasto con i numerosi concentrati che siamo abituati a vedere.<\/p>\n<p>L&#8217;olio \u00e8 stato scoperto in 2003. A Rick Simpson \u00e8 stato diagnosticato un tipo di cancro della pelle e si \u00e8 rivolto alla cannabis per il trattamento. Di recente ha chiesto se la cannabis potesse aiutare con i suoi vari disturbi, solo per incontrare insoddisfazione. Ha cercato la pianta da solo e ha creduto che calmasse le sue indicazioni. Quando si \u00e8 reso conto di avere il cancro, ha esaminato un&#8217;indagine che ha scoperto che la cannabis poteva ridurre i tumori nei topi e ha scelto di tentare un accordo efficace sulla cannabis.<\/p>\n<p>Per quattro giorni, ha applicato concentrati di cannabis su garze e ha coperto i suoi tumori. Quando ha eliminato le andane, i tumori sono scomparsi. Questa rivelazione ha spinto la creazione di Rick Simpson Oil. In ogni caso, inizi\u00f2 a condividere la sua intuizione raccogliendo cannabis e producendo olio per altri che erano stati privati \u200b\u200b\u200b\u200bprima di incontrare difficolt\u00e0 legali. Al momento, Rick Simpson incoraggia gli altri a produrre il proprio olio e fornisce linee guida.<\/p>\n<p>Se stai cercando il miglior olio del mondo, Rick Simpson Oil Washington \u00e8 la soluzione migliore. Forniamo a Washington puro olio Rick Simpson. Effettua ora il tuo ordine e verr\u00e0 consegnato a casa tua entro pochi giorni.<\/p>\n<p>Medicina sicura ed efficace<br \/> L&#8217;olio di cannabis Rick Simpson \u00e8 in una classe a s\u00e9 stante grazie alla sua non -natura tossica. Se stai cercando un modo sicuro per curare il cancro o una variet\u00e0 di altri disturbi, l&#8217;olio di canapa Rick Simpson potrebbe essere la risposta. Non hai nemmeno bisogno della supervisione di un medico per usare questo olio.<\/p>\n","protected":false},"excerpt":{"rendered":"<p>Acquista le cartucce di olio di CO2 Cannatonic in modo sicuro e conveniente online. Scopri una selezione diversificata di prodotti a base di marijuana di alta qualit\u00e0 in vendita negli Stati Uniti d&#8217;America, in Europa e nel Regno Unito!<\/p>\n<p>Acquista le cartucce Rick Simpson Cannabis Oil da 1 g online negli Stati Uniti d&#8217;America.<\/p>\n<p> p&gt; <\/p>\n<p>Rick Simpson Cannabis Oil \u00e8 disponibile in una variet\u00e0 di variet\u00e0. CBD e amp; Concentrazioni di THC per cancro e amp; di pi\u00f9.<\/p>\n<p>Acquista cartucce Rick Simpson da 1 g di olio di cannabis<\/p>\n<p>Il prezzo del prodotto \u00e8 il seguente: per cartuccia da 1 g<br \/> \u00c8 richiesto un ordine minimo di 5 cartucce. <\/p>\n","protected":false},"featured_media":4402,"comment_status":"open","ping_status":"closed","template":"","meta":[],"product_brand":[],"product_cat":[440],"product_tag":[452,460,471,474,475,455,462,463,454,453,461,464,456,457,458,459,469,470,472,473,476,477,451,465,467,468,466,480,478,479],"class_list":{"0":"post-4367","1":"product","2":"type-product","3":"status-publish","4":"has-post-thumbnail","6":"product_cat-comprare-cannabis-cbd-olio","7":"product_tag-comprare-cannatonic-co2-cartuccia-olio","8":"product_tag-comprare-cera-marijuana-online-usa","9":"product_tag-compra-erba-online-bitcoin","10":"product_tag-compra-erba-on-line-legalmente","11":"product_tag-comprare-erba-on-line-uk","12":"product_tag-comprare-marijuana-online","13":"product_tag-compra-moonrock-online-bitcoin","14":"product_tag-compra-moonrock-online-uk","15":"product_tag-comprare-marijuana-edibles-online","16":"product_tag-comprare-cannatonic-co2-cartuccia-olio-online","17":"product_tag-comprare-marijuana-medica-online","18":"product_tag-compra-moonrocks-online","19":"product_tag-buy-marijuana-online-bitcoin","20":"product_tag-buy-marijuana-online-europe","21":"product_tag-buy-marijuana-online-in-usa","22":"product_tag-buy-marijuana-online-usa","23":"product_tag-buy-weed-in-usa","24":"product_tag-buy-weed-online","25":"product_tag-buy-weed-online-discreetly","26":"product_tag-buy-weed-online-europe","27":"product_tag-buying-marijuana-online","28":"product_tag-buying-weed-online","29":"product_tag-compra-cannabis-con-bitcoin","30":"product_tag-comprare-erba-in-australia","31":"product_tag-comprare-erba-in-irlanda","32":"product_tag-comprare-erba-in-svizzera","33":"product_tag-comprare-erba-in-francia","34":"product_tag-dove-acquistare-marijuana-online","35":"product_tag-kush-in-vendita","36":"product_tag-marijuana-in-vendita","38":"first","39":"instock","40":"shipping-taxable","41":"purchasable","42":"product-type-variable","43":"has-default-attributes"},"yoast_head":"<!-- This site is optimized with the Yoast SEO plugin v27.3 - https:\/\/yoast.com\/product\/yoast-seo-wordpress\/ -->\n<title>Acquista online la cartuccia Cannatonic CO2 Oil 1g (Copia) - Best Global Meds<\/title>\n<meta name=\"description\" content=\"Acquista Cannatonic Cartuccia Olio CO2 in vendita online in tutta sicurezza a prezzi convenienti. Scopri un&#039;ampia gamma di prodotti di qualit\u00e0 per l&#039;erba in vendita negli Stati Uniti, nell&#039;UE, nel Regno Unito!\" \/>\n<meta name=\"robots\" content=\"index, follow, max-snippet:-1, max-image-preview:large, max-video-preview:-1\" \/>\n<link rel=\"canonical\" href=\"https:\/\/medicinasinc.com\/it\/product\/comprare-cannatonic-co2-cartuccia-olio\/\" \/>\n<meta property=\"og:locale\" content=\"it_IT\" \/>\n<meta property=\"og:type\" content=\"article\" \/>\n<meta property=\"og:title\" content=\"Acquista online la cartuccia Cannatonic CO2 Oil 1g (Copia) - Best Global Meds\" \/>\n<meta property=\"og:description\" content=\"Acquista Cannatonic Cartuccia Olio CO2 in vendita online in tutta sicurezza a prezzi convenienti. Scopri un&#039;ampia gamma di prodotti di qualit\u00e0 per l&#039;erba in vendita negli Stati Uniti, nell&#039;UE, nel Regno Unito!\" \/>\n<meta property=\"og:url\" content=\"https:\/\/medicinasinc.com\/it\/product\/comprare-cannatonic-co2-cartuccia-olio\/\" \/>\n<meta property=\"og:site_name\" content=\"Medicinas Inc\" \/>\n<meta property=\"article:modified_time\" content=\"2022-03-17T00:51:41+00:00\" \/>\n<meta property=\"og:image\" content=\"https:\/\/medicinasinc.com\/it\/wp-content\/uploads\/sites\/4\/2022\/02\/Buy-Cannatonic-CO2-Oil-Cartridge.png\" \/>\n\t<meta property=\"og:image:width\" content=\"542\" \/>\n\t<meta property=\"og:image:height\" content=\"420\" \/>\n\t<meta property=\"og:image:type\" content=\"image\/png\" \/>\n<meta name=\"twitter:card\" content=\"summary_large_image\" \/>\n<meta name=\"twitter:label1\" content=\"Tempo di lettura stimato\" \/>\n\t<meta name=\"twitter:data1\" content=\"3 minuti\" \/>\n<script type=\"application\/ld+json\" class=\"yoast-schema-graph\">{\"@context\":\"https:\\\/\\\/schema.org\",\"@graph\":[{\"@type\":\"WebPage\",\"@id\":\"https:\\\/\\\/medicinasinc.com\\\/it\\\/product\\\/comprare-cannatonic-co2-cartuccia-olio\\\/\",\"url\":\"https:\\\/\\\/medicinasinc.com\\\/it\\\/product\\\/comprare-cannatonic-co2-cartuccia-olio\\\/\",\"name\":\"Acquista online la cartuccia Cannatonic CO2 Oil 1g (Copia) - Best Global Meds\",\"isPartOf\":{\"@id\":\"https:\\\/\\\/medicinasinc.com\\\/it\\\/#website\"},\"primaryImageOfPage\":{\"@id\":\"https:\\\/\\\/medicinasinc.com\\\/it\\\/product\\\/comprare-cannatonic-co2-cartuccia-olio\\\/#primaryimage\"},\"image\":{\"@id\":\"https:\\\/\\\/medicinasinc.com\\\/it\\\/product\\\/comprare-cannatonic-co2-cartuccia-olio\\\/#primaryimage\"},\"thumbnailUrl\":\"https:\\\/\\\/medicinasinc.com\\\/it\\\/wp-content\\\/uploads\\\/sites\\\/4\\\/2022\\\/02\\\/Buy-Cannatonic-CO2-Oil-Cartridge.png\",\"datePublished\":\"2022-02-20T08:35:49+00:00\",\"dateModified\":\"2022-03-17T00:51:41+00:00\",\"description\":\"Acquista Cannatonic Cartuccia Olio CO2 in vendita online in tutta sicurezza a prezzi convenienti. Scopri un'ampia gamma di prodotti di qualit\u00e0 per l'erba in vendita negli Stati Uniti, nell'UE, nel Regno Unito!\",\"breadcrumb\":{\"@id\":\"https:\\\/\\\/medicinasinc.com\\\/it\\\/product\\\/comprare-cannatonic-co2-cartuccia-olio\\\/#breadcrumb\"},\"inLanguage\":\"it-IT\",\"potentialAction\":[{\"@type\":\"ReadAction\",\"target\":[\"https:\\\/\\\/medicinasinc.com\\\/it\\\/product\\\/comprare-cannatonic-co2-cartuccia-olio\\\/\"]}]},{\"@type\":\"ImageObject\",\"inLanguage\":\"it-IT\",\"@id\":\"https:\\\/\\\/medicinasinc.com\\\/it\\\/product\\\/comprare-cannatonic-co2-cartuccia-olio\\\/#primaryimage\",\"url\":\"https:\\\/\\\/medicinasinc.com\\\/it\\\/wp-content\\\/uploads\\\/sites\\\/4\\\/2022\\\/02\\\/Buy-Cannatonic-CO2-Oil-Cartridge.png\",\"contentUrl\":\"https:\\\/\\\/medicinasinc.com\\\/it\\\/wp-content\\\/uploads\\\/sites\\\/4\\\/2022\\\/02\\\/Buy-Cannatonic-CO2-Oil-Cartridge.png\",\"width\":542,\"height\":420},{\"@type\":\"BreadcrumbList\",\"@id\":\"https:\\\/\\\/medicinasinc.com\\\/it\\\/product\\\/comprare-cannatonic-co2-cartuccia-olio\\\/#breadcrumb\",\"itemListElement\":[{\"@type\":\"ListItem\",\"position\":1,\"name\":\"Negozio\",\"item\":\"https:\\\/\\\/medicinasinc.com\\\/it\\\/negozio\\\/\"},{\"@type\":\"ListItem\",\"position\":2,\"name\":\"Acquista la cartuccia dell&#8217;olio di CO2 cannatonic\"}]},{\"@type\":\"WebSite\",\"@id\":\"https:\\\/\\\/medicinasinc.com\\\/it\\\/#website\",\"url\":\"https:\\\/\\\/medicinasinc.com\\\/it\\\/\",\"name\":\"Medicinas Inc\",\"description\":\"Health Medical Clinic\",\"potentialAction\":[{\"@type\":\"SearchAction\",\"target\":{\"@type\":\"EntryPoint\",\"urlTemplate\":\"https:\\\/\\\/medicinasinc.com\\\/it\\\/?s={search_term_string}\"},\"query-input\":{\"@type\":\"PropertyValueSpecification\",\"valueRequired\":true,\"valueName\":\"search_term_string\"}}],\"inLanguage\":\"it-IT\"}]}<\/script>\n<!-- \/ Yoast SEO plugin. -->","yoast_head_json":{"title":"Acquista online la cartuccia Cannatonic CO2 Oil 1g (Copia) - Best Global Meds","description":"Acquista Cannatonic Cartuccia Olio CO2 in vendita online in tutta sicurezza a prezzi convenienti. Scopri un'ampia gamma di prodotti di qualit\u00e0 per l'erba in vendita negli Stati Uniti, nell'UE, nel Regno Unito!","robots":{"index":"index","follow":"follow","max-snippet":"max-snippet:-1","max-image-preview":"max-image-preview:large","max-video-preview":"max-video-preview:-1"},"canonical":"https:\/\/medicinasinc.com\/it\/product\/comprare-cannatonic-co2-cartuccia-olio\/","og_locale":"it_IT","og_type":"article","og_title":"Acquista online la cartuccia Cannatonic CO2 Oil 1g (Copia) - Best Global Meds","og_description":"Acquista Cannatonic Cartuccia Olio CO2 in vendita online in tutta sicurezza a prezzi convenienti. Scopri un'ampia gamma di prodotti di qualit\u00e0 per l'erba in vendita negli Stati Uniti, nell'UE, nel Regno Unito!","og_url":"https:\/\/medicinasinc.com\/it\/product\/comprare-cannatonic-co2-cartuccia-olio\/","og_site_name":"Medicinas Inc","article_modified_time":"2022-03-17T00:51:41+00:00","og_image":[{"width":542,"height":420,"url":"https:\/\/medicinasinc.com\/it\/wp-content\/uploads\/sites\/4\/2022\/02\/Buy-Cannatonic-CO2-Oil-Cartridge.png","type":"image\/png"}],"twitter_card":"summary_large_image","twitter_misc":{"Tempo di lettura stimato":"3 minuti"},"schema":{"@context":"https:\/\/schema.org","@graph":[{"@type":"WebPage","@id":"https:\/\/medicinasinc.com\/it\/product\/comprare-cannatonic-co2-cartuccia-olio\/","url":"https:\/\/medicinasinc.com\/it\/product\/comprare-cannatonic-co2-cartuccia-olio\/","name":"Acquista online la cartuccia Cannatonic CO2 Oil 1g (Copia) - Best Global Meds","isPartOf":{"@id":"https:\/\/medicinasinc.com\/it\/#website"},"primaryImageOfPage":{"@id":"https:\/\/medicinasinc.com\/it\/product\/comprare-cannatonic-co2-cartuccia-olio\/#primaryimage"},"image":{"@id":"https:\/\/medicinasinc.com\/it\/product\/comprare-cannatonic-co2-cartuccia-olio\/#primaryimage"},"thumbnailUrl":"https:\/\/medicinasinc.com\/it\/wp-content\/uploads\/sites\/4\/2022\/02\/Buy-Cannatonic-CO2-Oil-Cartridge.png","datePublished":"2022-02-20T08:35:49+00:00","dateModified":"2022-03-17T00:51:41+00:00","description":"Acquista Cannatonic Cartuccia Olio CO2 in vendita online in tutta sicurezza a prezzi convenienti. Scopri un'ampia gamma di prodotti di qualit\u00e0 per l'erba in vendita negli Stati Uniti, nell'UE, nel Regno Unito!","breadcrumb":{"@id":"https:\/\/medicinasinc.com\/it\/product\/comprare-cannatonic-co2-cartuccia-olio\/#breadcrumb"},"inLanguage":"it-IT","potentialAction":[{"@type":"ReadAction","target":["https:\/\/medicinasinc.com\/it\/product\/comprare-cannatonic-co2-cartuccia-olio\/"]}]},{"@type":"ImageObject","inLanguage":"it-IT","@id":"https:\/\/medicinasinc.com\/it\/product\/comprare-cannatonic-co2-cartuccia-olio\/#primaryimage","url":"https:\/\/medicinasinc.com\/it\/wp-content\/uploads\/sites\/4\/2022\/02\/Buy-Cannatonic-CO2-Oil-Cartridge.png","contentUrl":"https:\/\/medicinasinc.com\/it\/wp-content\/uploads\/sites\/4\/2022\/02\/Buy-Cannatonic-CO2-Oil-Cartridge.png","width":542,"height":420},{"@type":"BreadcrumbList","@id":"https:\/\/medicinasinc.com\/it\/product\/comprare-cannatonic-co2-cartuccia-olio\/#breadcrumb","itemListElement":[{"@type":"ListItem","position":1,"name":"Negozio","item":"https:\/\/medicinasinc.com\/it\/negozio\/"},{"@type":"ListItem","position":2,"name":"Acquista la cartuccia dell&#8217;olio di CO2 cannatonic"}]},{"@type":"WebSite","@id":"https:\/\/medicinasinc.com\/it\/#website","url":"https:\/\/medicinasinc.com\/it\/","name":"Medicinas Inc","description":"Health Medical Clinic","potentialAction":[{"@type":"SearchAction","target":{"@type":"EntryPoint","urlTemplate":"https:\/\/medicinasinc.com\/it\/?s={search_term_string}"},"query-input":{"@type":"PropertyValueSpecification","valueRequired":true,"valueName":"search_term_string"}}],"inLanguage":"it-IT"}]}},"_links":{"self":[{"href":"https:\/\/medicinasinc.com\/it\/wp-json\/wp\/v2\/product\/4367","targetHints":{"allow":["GET"]}}],"collection":[{"href":"https:\/\/medicinasinc.com\/it\/wp-json\/wp\/v2\/product"}],"about":[{"href":"https:\/\/medicinasinc.com\/it\/wp-json\/wp\/v2\/types\/product"}],"replies":[{"embeddable":true,"href":"https:\/\/medicinasinc.com\/it\/wp-json\/wp\/v2\/comments?post=4367"}],"wp:featuredmedia":[{"embeddable":true,"href":"https:\/\/medicinasinc.com\/it\/wp-json\/wp\/v2\/media\/4402"}],"wp:attachment":[{"href":"https:\/\/medicinasinc.com\/it\/wp-json\/wp\/v2\/media?parent=4367"}],"wp:term":[{"taxonomy":"product_brand","embeddable":true,"href":"https:\/\/medicinasinc.com\/it\/wp-json\/wp\/v2\/product_brand?post=4367"},{"taxonomy":"product_cat","embeddable":true,"href":"https:\/\/medicinasinc.com\/it\/wp-json\/wp\/v2\/product_cat?post=4367"},{"taxonomy":"product_tag","embeddable":true,"href":"https:\/\/medicinasinc.com\/it\/wp-json\/wp\/v2\/product_tag?post=4367"}],"curies":[{"name":"wp","href":"https:\/\/api.w.org\/{rel}","templated":true}]}}