{"id":4338,"date":"2022-02-20T08:27:22","date_gmt":"2022-02-20T08:27:22","guid":{"rendered":"https:\/\/medicinasinc.com\/it\/?post_type=product&#038;p=4338"},"modified":"2022-03-17T00:52:28","modified_gmt":"2022-03-17T00:52:28","slug":"buy-250mg-thc-mist-spray-10ml-facilita","status":"publish","type":"product","link":"https:\/\/medicinasinc.com\/it\/product\/buy-250mg-thc-mist-spray-10ml-facilita\/","title":{"rendered":"Acquista 250mg THC Mist Spray 10ml \u2013 Facilit\u00e0"},"content":{"rendered":"<p>Acquista 10ml 250mg THC Mist Spray \u2013 Facilit\u00e0<\/p>\n<p>Con il nostro delizioso spray per l&#8217;alito alla cannabis, Ease sublingual Spray eleva il tradizionale concetto di tintura a un livello completamente nuovo. Ease Spray ti consente di dosare secondo necessit\u00e0, indipendentemente dal luogo, senza temere lo stigma tradizionalmente associato alla maggior parte dei prodotti a base di cannabis. Ease Spray contiene ben 5 mg di farmaco per spray, consentendoti di medicare con precisione al livello che soddisfa le tue esigenze. Gli spray Ease non contengono alcol, solventi o prodotti petrolchimici nella loro formula completamente naturale di estratti di cocco, terpeni ed estratti di cannabis.<\/p>\n<p>Questo prodotto semplifica la cura in movimento! Con la nuovissima facilit\u00e0 Shake n Spray Extra Strength!<\/p>\n<p>DOSAGGI PER FLACONI SPRAY SUBLINGUALI<\/p>\n<p>250mg THC in un flacone di vetro da 10 ml<\/p>\n<p>Ogni flacone ne contiene 50 -60 spruzzi.<\/p>\n","protected":false},"excerpt":{"rendered":"<p>Acquista 250mg THC Mist Spray UK 10ml in vendita Europe Online. Ease Spray ti d\u00e0 la libert\u00e0 di dosare secondo necessit\u00e0 ovunque tu sia, senza preoccuparti dello stigma tradizionalmente<\/p>\n<ul>\n<li>Spedizione in tutto il mondo<\/li>\n<li>SPRAY NEBBIA THC EXTRA FORZA<\/li>\n<li>Bottiglia di vetro da 10 ml 250mg di THC<\/li>\n<li>La quantit\u00e0 minima dell&#8217;ordine \u00e8 5<\/li>\n<li><strong>Contattaci<\/strong>\u00a0per ordini pi\u00f9 grandi<\/li>\n<\/ul>\n","protected":false},"featured_media":4371,"comment_status":"open","ping_status":"closed","template":"","meta":[],"product_brand":[],"product_cat":[440],"product_tag":[],"class_list":{"0":"post-4338","1":"product","2":"type-product","3":"status-publish","4":"has-post-thumbnail","6":"product_cat-comprare-cannabis-cbd-olio","8":"first","9":"instock","10":"shipping-taxable","11":"purchasable","12":"product-type-variable","13":"has-default-attributes"},"yoast_head":"<!-- This site is optimized with the Yoast SEO plugin v27.3 - https:\/\/yoast.com\/product\/yoast-seo-wordpress\/ -->\n<title>Acquista 250mg THC Mist Spray 10ml \u2013 Facilit\u00e0 - Best Global Meds<\/title>\n<meta name=\"description\" content=\"Acquista 250mg THC Mist Spray UK 10ml in vendita Europa Online. Ease Spray ti d\u00e0 la libert\u00e0 di dosare secondo necessit\u00e0 ovunque tu sia, senza preoccuparti dello stigma tradizionalmente\" \/>\n<meta name=\"robots\" content=\"index, follow, max-snippet:-1, max-image-preview:large, max-video-preview:-1\" \/>\n<link rel=\"canonical\" href=\"https:\/\/medicinasinc.com\/it\/product\/buy-250mg-thc-mist-spray-10ml-facilita\/\" \/>\n<meta property=\"og:locale\" content=\"it_IT\" \/>\n<meta property=\"og:type\" content=\"article\" \/>\n<meta property=\"og:title\" content=\"Acquista 250mg THC Mist Spray 10ml \u2013 Facilit\u00e0 - Best Global Meds\" \/>\n<meta property=\"og:description\" content=\"Acquista 250mg THC Mist Spray UK 10ml in vendita Europa Online. Ease Spray ti d\u00e0 la libert\u00e0 di dosare secondo necessit\u00e0 ovunque tu sia, senza preoccuparti dello stigma tradizionalmente\" \/>\n<meta property=\"og:url\" content=\"https:\/\/medicinasinc.com\/it\/product\/buy-250mg-thc-mist-spray-10ml-facilita\/\" \/>\n<meta property=\"og:site_name\" content=\"Medicinas Inc\" \/>\n<meta property=\"article:modified_time\" content=\"2022-03-17T00:52:28+00:00\" \/>\n<meta property=\"og:image\" content=\"https:\/\/medicinasinc.com\/it\/wp-content\/uploads\/sites\/4\/2022\/02\/Buy-250mg-THC-Mist-Spray-10ml.jpg\" \/>\n\t<meta property=\"og:image:width\" content=\"1500\" \/>\n\t<meta property=\"og:image:height\" content=\"1500\" \/>\n\t<meta property=\"og:image:type\" content=\"image\/jpeg\" \/>\n<meta name=\"twitter:card\" content=\"summary_large_image\" \/>\n<meta name=\"twitter:label1\" content=\"Tempo di lettura stimato\" \/>\n\t<meta name=\"twitter:data1\" content=\"1 minuto\" \/>\n<script type=\"application\/ld+json\" class=\"yoast-schema-graph\">{\"@context\":\"https:\\\/\\\/schema.org\",\"@graph\":[{\"@type\":\"WebPage\",\"@id\":\"https:\\\/\\\/medicinasinc.com\\\/it\\\/product\\\/buy-250mg-thc-mist-spray-10ml-facilita\\\/\",\"url\":\"https:\\\/\\\/medicinasinc.com\\\/it\\\/product\\\/buy-250mg-thc-mist-spray-10ml-facilita\\\/\",\"name\":\"Acquista 250mg THC Mist Spray 10ml \u2013 Facilit\u00e0 - Best Global Meds\",\"isPartOf\":{\"@id\":\"https:\\\/\\\/medicinasinc.com\\\/it\\\/#website\"},\"primaryImageOfPage\":{\"@id\":\"https:\\\/\\\/medicinasinc.com\\\/it\\\/product\\\/buy-250mg-thc-mist-spray-10ml-facilita\\\/#primaryimage\"},\"image\":{\"@id\":\"https:\\\/\\\/medicinasinc.com\\\/it\\\/product\\\/buy-250mg-thc-mist-spray-10ml-facilita\\\/#primaryimage\"},\"thumbnailUrl\":\"https:\\\/\\\/medicinasinc.com\\\/it\\\/wp-content\\\/uploads\\\/sites\\\/4\\\/2022\\\/02\\\/Buy-250mg-THC-Mist-Spray-10ml.jpg\",\"datePublished\":\"2022-02-20T08:27:22+00:00\",\"dateModified\":\"2022-03-17T00:52:28+00:00\",\"description\":\"Acquista 250mg THC Mist Spray UK 10ml in vendita Europa Online. Ease Spray ti d\u00e0 la libert\u00e0 di dosare secondo necessit\u00e0 ovunque tu sia, senza preoccuparti dello stigma tradizionalmente\",\"breadcrumb\":{\"@id\":\"https:\\\/\\\/medicinasinc.com\\\/it\\\/product\\\/buy-250mg-thc-mist-spray-10ml-facilita\\\/#breadcrumb\"},\"inLanguage\":\"it-IT\",\"potentialAction\":[{\"@type\":\"ReadAction\",\"target\":[\"https:\\\/\\\/medicinasinc.com\\\/it\\\/product\\\/buy-250mg-thc-mist-spray-10ml-facilita\\\/\"]}]},{\"@type\":\"ImageObject\",\"inLanguage\":\"it-IT\",\"@id\":\"https:\\\/\\\/medicinasinc.com\\\/it\\\/product\\\/buy-250mg-thc-mist-spray-10ml-facilita\\\/#primaryimage\",\"url\":\"https:\\\/\\\/medicinasinc.com\\\/it\\\/wp-content\\\/uploads\\\/sites\\\/4\\\/2022\\\/02\\\/Buy-250mg-THC-Mist-Spray-10ml.jpg\",\"contentUrl\":\"https:\\\/\\\/medicinasinc.com\\\/it\\\/wp-content\\\/uploads\\\/sites\\\/4\\\/2022\\\/02\\\/Buy-250mg-THC-Mist-Spray-10ml.jpg\",\"width\":1500,\"height\":1500},{\"@type\":\"BreadcrumbList\",\"@id\":\"https:\\\/\\\/medicinasinc.com\\\/it\\\/product\\\/buy-250mg-thc-mist-spray-10ml-facilita\\\/#breadcrumb\",\"itemListElement\":[{\"@type\":\"ListItem\",\"position\":1,\"name\":\"Negozio\",\"item\":\"https:\\\/\\\/medicinasinc.com\\\/it\\\/negozio\\\/\"},{\"@type\":\"ListItem\",\"position\":2,\"name\":\"Acquista 250mg THC Mist Spray 10ml \u2013 Facilit\u00e0\"}]},{\"@type\":\"WebSite\",\"@id\":\"https:\\\/\\\/medicinasinc.com\\\/it\\\/#website\",\"url\":\"https:\\\/\\\/medicinasinc.com\\\/it\\\/\",\"name\":\"Medicinas Inc\",\"description\":\"Health Medical Clinic\",\"potentialAction\":[{\"@type\":\"SearchAction\",\"target\":{\"@type\":\"EntryPoint\",\"urlTemplate\":\"https:\\\/\\\/medicinasinc.com\\\/it\\\/?s={search_term_string}\"},\"query-input\":{\"@type\":\"PropertyValueSpecification\",\"valueRequired\":true,\"valueName\":\"search_term_string\"}}],\"inLanguage\":\"it-IT\"}]}<\/script>\n<!-- \/ Yoast SEO plugin. -->","yoast_head_json":{"title":"Acquista 250mg THC Mist Spray 10ml \u2013 Facilit\u00e0 - Best Global Meds","description":"Acquista 250mg THC Mist Spray UK 10ml in vendita Europa Online. Ease Spray ti d\u00e0 la libert\u00e0 di dosare secondo necessit\u00e0 ovunque tu sia, senza preoccuparti dello stigma tradizionalmente","robots":{"index":"index","follow":"follow","max-snippet":"max-snippet:-1","max-image-preview":"max-image-preview:large","max-video-preview":"max-video-preview:-1"},"canonical":"https:\/\/medicinasinc.com\/it\/product\/buy-250mg-thc-mist-spray-10ml-facilita\/","og_locale":"it_IT","og_type":"article","og_title":"Acquista 250mg THC Mist Spray 10ml \u2013 Facilit\u00e0 - Best Global Meds","og_description":"Acquista 250mg THC Mist Spray UK 10ml in vendita Europa Online. Ease Spray ti d\u00e0 la libert\u00e0 di dosare secondo necessit\u00e0 ovunque tu sia, senza preoccuparti dello stigma tradizionalmente","og_url":"https:\/\/medicinasinc.com\/it\/product\/buy-250mg-thc-mist-spray-10ml-facilita\/","og_site_name":"Medicinas Inc","article_modified_time":"2022-03-17T00:52:28+00:00","og_image":[{"width":1500,"height":1500,"url":"https:\/\/medicinasinc.com\/it\/wp-content\/uploads\/sites\/4\/2022\/02\/Buy-250mg-THC-Mist-Spray-10ml.jpg","type":"image\/jpeg"}],"twitter_card":"summary_large_image","twitter_misc":{"Tempo di lettura stimato":"1 minuto"},"schema":{"@context":"https:\/\/schema.org","@graph":[{"@type":"WebPage","@id":"https:\/\/medicinasinc.com\/it\/product\/buy-250mg-thc-mist-spray-10ml-facilita\/","url":"https:\/\/medicinasinc.com\/it\/product\/buy-250mg-thc-mist-spray-10ml-facilita\/","name":"Acquista 250mg THC Mist Spray 10ml \u2013 Facilit\u00e0 - Best Global Meds","isPartOf":{"@id":"https:\/\/medicinasinc.com\/it\/#website"},"primaryImageOfPage":{"@id":"https:\/\/medicinasinc.com\/it\/product\/buy-250mg-thc-mist-spray-10ml-facilita\/#primaryimage"},"image":{"@id":"https:\/\/medicinasinc.com\/it\/product\/buy-250mg-thc-mist-spray-10ml-facilita\/#primaryimage"},"thumbnailUrl":"https:\/\/medicinasinc.com\/it\/wp-content\/uploads\/sites\/4\/2022\/02\/Buy-250mg-THC-Mist-Spray-10ml.jpg","datePublished":"2022-02-20T08:27:22+00:00","dateModified":"2022-03-17T00:52:28+00:00","description":"Acquista 250mg THC Mist Spray UK 10ml in vendita Europa Online. Ease Spray ti d\u00e0 la libert\u00e0 di dosare secondo necessit\u00e0 ovunque tu sia, senza preoccuparti dello stigma tradizionalmente","breadcrumb":{"@id":"https:\/\/medicinasinc.com\/it\/product\/buy-250mg-thc-mist-spray-10ml-facilita\/#breadcrumb"},"inLanguage":"it-IT","potentialAction":[{"@type":"ReadAction","target":["https:\/\/medicinasinc.com\/it\/product\/buy-250mg-thc-mist-spray-10ml-facilita\/"]}]},{"@type":"ImageObject","inLanguage":"it-IT","@id":"https:\/\/medicinasinc.com\/it\/product\/buy-250mg-thc-mist-spray-10ml-facilita\/#primaryimage","url":"https:\/\/medicinasinc.com\/it\/wp-content\/uploads\/sites\/4\/2022\/02\/Buy-250mg-THC-Mist-Spray-10ml.jpg","contentUrl":"https:\/\/medicinasinc.com\/it\/wp-content\/uploads\/sites\/4\/2022\/02\/Buy-250mg-THC-Mist-Spray-10ml.jpg","width":1500,"height":1500},{"@type":"BreadcrumbList","@id":"https:\/\/medicinasinc.com\/it\/product\/buy-250mg-thc-mist-spray-10ml-facilita\/#breadcrumb","itemListElement":[{"@type":"ListItem","position":1,"name":"Negozio","item":"https:\/\/medicinasinc.com\/it\/negozio\/"},{"@type":"ListItem","position":2,"name":"Acquista 250mg THC Mist Spray 10ml \u2013 Facilit\u00e0"}]},{"@type":"WebSite","@id":"https:\/\/medicinasinc.com\/it\/#website","url":"https:\/\/medicinasinc.com\/it\/","name":"Medicinas Inc","description":"Health Medical Clinic","potentialAction":[{"@type":"SearchAction","target":{"@type":"EntryPoint","urlTemplate":"https:\/\/medicinasinc.com\/it\/?s={search_term_string}"},"query-input":{"@type":"PropertyValueSpecification","valueRequired":true,"valueName":"search_term_string"}}],"inLanguage":"it-IT"}]}},"_links":{"self":[{"href":"https:\/\/medicinasinc.com\/it\/wp-json\/wp\/v2\/product\/4338","targetHints":{"allow":["GET"]}}],"collection":[{"href":"https:\/\/medicinasinc.com\/it\/wp-json\/wp\/v2\/product"}],"about":[{"href":"https:\/\/medicinasinc.com\/it\/wp-json\/wp\/v2\/types\/product"}],"replies":[{"embeddable":true,"href":"https:\/\/medicinasinc.com\/it\/wp-json\/wp\/v2\/comments?post=4338"}],"wp:featuredmedia":[{"embeddable":true,"href":"https:\/\/medicinasinc.com\/it\/wp-json\/wp\/v2\/media\/4371"}],"wp:attachment":[{"href":"https:\/\/medicinasinc.com\/it\/wp-json\/wp\/v2\/media?parent=4338"}],"wp:term":[{"taxonomy":"product_brand","embeddable":true,"href":"https:\/\/medicinasinc.com\/it\/wp-json\/wp\/v2\/product_brand?post=4338"},{"taxonomy":"product_cat","embeddable":true,"href":"https:\/\/medicinasinc.com\/it\/wp-json\/wp\/v2\/product_cat?post=4338"},{"taxonomy":"product_tag","embeddable":true,"href":"https:\/\/medicinasinc.com\/it\/wp-json\/wp\/v2\/product_tag?post=4338"}],"curies":[{"name":"wp","href":"https:\/\/api.w.org\/{rel}","templated":true}]}}