{"id":5926,"date":"2022-02-22T08:28:02","date_gmt":"2022-02-22T08:28:02","guid":{"rendered":"https:\/\/medicinasinc.com\/hr\/?post_type=product&#038;p=5926"},"modified":"2022-03-15T05:19:41","modified_gmt":"2022-03-15T05:19:41","slug":"kupiti-thj-018","status":"publish","type":"product","link":"https:\/\/medicinasinc.com\/hr\/product\/kupiti-thj-018\/","title":{"rendered":"Kupite THJ-018"},"content":{"rendered":"<p>Unato\u010d sve ve\u0107oj prevalenciji novih psihoaktivnih spojeva, trenutno nema dostupnih podataka o ljudskom metabolizmu, \u0161to ote\u017eava laboratorijsko dokumentiranje gutanja u uzorcima urina i procjenu farmakodinami\u010dkih, farmakokineti\u010dkih i toksikolo\u0161kih zna\u010dajki lijekova.<\/p>\n<p>Sintetski analozi indazola iz konoplje JWH-018 i THJ-2201 objavljeni su 2014. kao THJ-018 i THJ-2201.<\/p>\n<p>THJ 018 je potpuno novi sinteti\u010dki lijek dostupan za kupnju. Klasificiran je kao kanabinoid. Ovaj spoj je derivat dobro poznatog lijeka jwh 018.<\/p>\n<p>Informacijski sustav Nacionalnog forenzi\u010dkog laboratorija ima 220 izvje\u0161\u0107a THJ-2201, prema AM-2201. U sije\u010dnju 2015. Uprava za borbu protiv droga klasificirala je THJ-2201 kao Popis I zbog mnogih \u0161tetnih pojava.<\/p>\n<p>METODE: Nakon inkubacije 10 mol\/L THJ-018 i THJ-2201 u ljudskim hepatocitima tijekom 3 sata, upotrijebili smo masenu spektrometriju visoke razlu\u010divosti (HR-MS) (TripleTOF 5600+) kako bismo otkrili optimalne markere metabolita. Skeniranje iona proizvoda s filterima za defekt mase aktivirano je potpunim skeniranjem i prikupljanjem podataka ovisnom. MetaSite je kori\u0161ten za predvi\u0111anje metabolita in silico, koji su zatim uspore\u0111eni s metabolitima prona\u0111enim u ljudskim hepatocitima.<\/p>\n<p>REZULTATI: Prona\u0111eno je trinaest metabolita THJ-018, s hidroksilacijom na N-pentil lancu i naknadnom oksidacijom ili glukuronidacija je prevladavaju\u0107i metaboli\u010dki put. U THJ-2201 je prona\u0111eno 27 metabolita, od kojih je ve\u0107ina bila oksidativna defluoracija pra\u0107ena karboksilacijom ili glukuronidacijom, kao i glukuronidacija hidroksiliranih metabolita.<\/p>\n<p>Oba spoja pokazala su sintezu dihidrodiola na naftalenskom dijelu. Predvi\u0111anje MetaSite-a bilo je to\u010dno za metabolite hepatocita THJ-018, dok je oksidativna defluoracija THJ-2201 bila podcijenjena.<\/p>\n<p> ZAKLJU\u010cCI: Istra\u017eili smo metabolizam THJ-018 i THJ-2201 u ljudskim hepatocitima i podatke pomo\u0107u HR-MS-a. preradu, a laboratorijima preporu\u010dujemo relevantne pokazatelje za prepoznavanje unosa THJ-018 i THJ-2201 i povezivanje dokumentiranih \u0161tetnih ishoda s ovim novim sinteti\u010dkim kanabinoidima.<\/p>\n<p>SC se ve\u017eu na endogene kanabinoidne receptore i proizvode kanabimimeti\u010dke u\u010dinke usporedive s 9. -tetrahidrokanabinol (1, 2). Zlouporaba SC3 dovodi do velikih nuspojava kao \u0161to su akutno o\u0161te\u0107enje bubrega, infarkt miokarda i smrt (3, 4).<\/p>\n<p>Unato\u010d tim rizicima, ljudi i dalje konzumiraju SC. Mnogi SC-ovi su zakazani u Sjedinjenim Dr\u017eavama, Japanu i ve\u0107ini europskih zemalja (na primjer, JWH018, JWH-073, AKB48 i XLR-11); me\u0111utim, stalno se pojavljuju dodatni strukturno raznoliki spojevi.<\/p>\n","protected":false},"excerpt":{"rendered":"<p>Kupite THJ-018 (SGT-17) za prodaju Europa, UK sintetski je kanabinoid koji je indazolni analog JWH-018 i prodan je online kao dizajnerska droga. Dostupna veleprodajna narud\u017eba<\/p>\n","protected":false},"featured_media":5940,"comment_status":"open","ping_status":"closed","template":"","meta":[],"product_brand":[],"product_cat":[2596],"product_tag":[4103,4109,4104,4106,4107,4105,4108],"class_list":{"0":"post-5926","1":"product","2":"type-product","3":"status-publish","4":"has-post-thumbnail","6":"product_cat-kanabinoidi-na-prodaju","7":"product_tag-buy-thj-018-online","8":"product_tag-gdje-kupiti-thj-018-online","9":"product_tag-kako-kupiti-thj-018-online","10":"product_tag-kupnja-thj-018-online","11":"product_tag-najbolje-mjesto-za-kupnju-thj-018-online","12":"product_tag-narui-thj-018-online","13":"product_tag-thj-018-na-prodaju","15":"first","16":"instock","17":"shipping-taxable","18":"purchasable","19":"product-type-variable"},"yoast_head":"<!-- This site is optimized with the Yoast SEO plugin v27.3 - https:\/\/yoast.com\/product\/yoast-seo-wordpress\/ -->\n<title>Kupite THJ-018 - SGT-17 - Najbolji najbolji svjetski lijekovi<\/title>\n<meta name=\"description\" content=\"Kupite THJ-018 (SGT-17) za prodaju Europa, UK je sinteti\u010dki kanabinoid koji je indazol analog JWH-018 i prodan je na internetu kao dizajnerska droga. Dostupna veleprodajna narud\u017eba\" \/>\n<meta name=\"robots\" content=\"index, follow, max-snippet:-1, max-image-preview:large, max-video-preview:-1\" \/>\n<link rel=\"canonical\" href=\"https:\/\/medicinasinc.com\/hr\/product\/kupiti-thj-018\/\" \/>\n<meta property=\"og:locale\" content=\"hr_HR\" \/>\n<meta property=\"og:type\" content=\"article\" \/>\n<meta property=\"og:title\" content=\"Kupite THJ-018 - SGT-17 - Najbolji najbolji svjetski lijekovi\" \/>\n<meta property=\"og:description\" content=\"Kupite THJ-018 (SGT-17) za prodaju Europa, UK je sinteti\u010dki kanabinoid koji je indazol analog JWH-018 i prodan je na internetu kao dizajnerska droga. Dostupna veleprodajna narud\u017eba\" \/>\n<meta property=\"og:url\" content=\"https:\/\/medicinasinc.com\/hr\/product\/kupiti-thj-018\/\" \/>\n<meta property=\"og:site_name\" content=\"Medicinas Inc\" \/>\n<meta property=\"article:modified_time\" content=\"2022-03-15T05:19:41+00:00\" \/>\n<meta property=\"og:image\" content=\"https:\/\/medicinasinc.com\/hr\/wp-content\/uploads\/sites\/3\/2022\/02\/Buy-THJ-018.jpeg\" \/>\n\t<meta property=\"og:image:width\" content=\"751\" \/>\n\t<meta property=\"og:image:height\" content=\"800\" \/>\n\t<meta property=\"og:image:type\" content=\"image\/jpeg\" \/>\n<meta name=\"twitter:card\" content=\"summary_large_image\" \/>\n<meta name=\"twitter:label1\" content=\"Procijenjeno vrijeme \u010ditanja\" \/>\n\t<meta name=\"twitter:data1\" content=\"2 minute\" \/>\n<script type=\"application\/ld+json\" class=\"yoast-schema-graph\">{\"@context\":\"https:\\\/\\\/schema.org\",\"@graph\":[{\"@type\":\"WebPage\",\"@id\":\"https:\\\/\\\/medicinasinc.com\\\/hr\\\/product\\\/kupiti-thj-018\\\/\",\"url\":\"https:\\\/\\\/medicinasinc.com\\\/hr\\\/product\\\/kupiti-thj-018\\\/\",\"name\":\"Kupite THJ-018 - SGT-17 - Najbolji najbolji svjetski lijekovi\",\"isPartOf\":{\"@id\":\"https:\\\/\\\/medicinasinc.com\\\/hr\\\/#website\"},\"primaryImageOfPage\":{\"@id\":\"https:\\\/\\\/medicinasinc.com\\\/hr\\\/product\\\/kupiti-thj-018\\\/#primaryimage\"},\"image\":{\"@id\":\"https:\\\/\\\/medicinasinc.com\\\/hr\\\/product\\\/kupiti-thj-018\\\/#primaryimage\"},\"thumbnailUrl\":\"https:\\\/\\\/medicinasinc.com\\\/hr\\\/wp-content\\\/uploads\\\/sites\\\/3\\\/2022\\\/02\\\/Buy-THJ-018.jpeg\",\"datePublished\":\"2022-02-22T08:28:02+00:00\",\"dateModified\":\"2022-03-15T05:19:41+00:00\",\"description\":\"Kupite THJ-018 (SGT-17) za prodaju Europa, UK je sinteti\u010dki kanabinoid koji je indazol analog JWH-018 i prodan je na internetu kao dizajnerska droga. Dostupna veleprodajna narud\u017eba\",\"breadcrumb\":{\"@id\":\"https:\\\/\\\/medicinasinc.com\\\/hr\\\/product\\\/kupiti-thj-018\\\/#breadcrumb\"},\"inLanguage\":\"hr\",\"potentialAction\":[{\"@type\":\"ReadAction\",\"target\":[\"https:\\\/\\\/medicinasinc.com\\\/hr\\\/product\\\/kupiti-thj-018\\\/\"]}]},{\"@type\":\"ImageObject\",\"inLanguage\":\"hr\",\"@id\":\"https:\\\/\\\/medicinasinc.com\\\/hr\\\/product\\\/kupiti-thj-018\\\/#primaryimage\",\"url\":\"https:\\\/\\\/medicinasinc.com\\\/hr\\\/wp-content\\\/uploads\\\/sites\\\/3\\\/2022\\\/02\\\/Buy-THJ-018.jpeg\",\"contentUrl\":\"https:\\\/\\\/medicinasinc.com\\\/hr\\\/wp-content\\\/uploads\\\/sites\\\/3\\\/2022\\\/02\\\/Buy-THJ-018.jpeg\",\"width\":751,\"height\":800},{\"@type\":\"BreadcrumbList\",\"@id\":\"https:\\\/\\\/medicinasinc.com\\\/hr\\\/product\\\/kupiti-thj-018\\\/#breadcrumb\",\"itemListElement\":[{\"@type\":\"ListItem\",\"position\":1,\"name\":\"Du\u0107an\",\"item\":\"https:\\\/\\\/medicinasinc.com\\\/hr\\\/ducan\\\/\"},{\"@type\":\"ListItem\",\"position\":2,\"name\":\"Kupite THJ-018\"}]},{\"@type\":\"WebSite\",\"@id\":\"https:\\\/\\\/medicinasinc.com\\\/hr\\\/#website\",\"url\":\"https:\\\/\\\/medicinasinc.com\\\/hr\\\/\",\"name\":\"Medicinas Inc\",\"description\":\"Health Medical Clinic\",\"potentialAction\":[{\"@type\":\"SearchAction\",\"target\":{\"@type\":\"EntryPoint\",\"urlTemplate\":\"https:\\\/\\\/medicinasinc.com\\\/hr\\\/?s={search_term_string}\"},\"query-input\":{\"@type\":\"PropertyValueSpecification\",\"valueRequired\":true,\"valueName\":\"search_term_string\"}}],\"inLanguage\":\"hr\"}]}<\/script>\n<!-- \/ Yoast SEO plugin. -->","yoast_head_json":{"title":"Kupite THJ-018 - SGT-17 - Najbolji najbolji svjetski lijekovi","description":"Kupite THJ-018 (SGT-17) za prodaju Europa, UK je sinteti\u010dki kanabinoid koji je indazol analog JWH-018 i prodan je na internetu kao dizajnerska droga. Dostupna veleprodajna narud\u017eba","robots":{"index":"index","follow":"follow","max-snippet":"max-snippet:-1","max-image-preview":"max-image-preview:large","max-video-preview":"max-video-preview:-1"},"canonical":"https:\/\/medicinasinc.com\/hr\/product\/kupiti-thj-018\/","og_locale":"hr_HR","og_type":"article","og_title":"Kupite THJ-018 - SGT-17 - Najbolji najbolji svjetski lijekovi","og_description":"Kupite THJ-018 (SGT-17) za prodaju Europa, UK je sinteti\u010dki kanabinoid koji je indazol analog JWH-018 i prodan je na internetu kao dizajnerska droga. Dostupna veleprodajna narud\u017eba","og_url":"https:\/\/medicinasinc.com\/hr\/product\/kupiti-thj-018\/","og_site_name":"Medicinas Inc","article_modified_time":"2022-03-15T05:19:41+00:00","og_image":[{"width":751,"height":800,"url":"https:\/\/medicinasinc.com\/hr\/wp-content\/uploads\/sites\/3\/2022\/02\/Buy-THJ-018.jpeg","type":"image\/jpeg"}],"twitter_card":"summary_large_image","twitter_misc":{"Procijenjeno vrijeme \u010ditanja":"2 minute"},"schema":{"@context":"https:\/\/schema.org","@graph":[{"@type":"WebPage","@id":"https:\/\/medicinasinc.com\/hr\/product\/kupiti-thj-018\/","url":"https:\/\/medicinasinc.com\/hr\/product\/kupiti-thj-018\/","name":"Kupite THJ-018 - SGT-17 - Najbolji najbolji svjetski lijekovi","isPartOf":{"@id":"https:\/\/medicinasinc.com\/hr\/#website"},"primaryImageOfPage":{"@id":"https:\/\/medicinasinc.com\/hr\/product\/kupiti-thj-018\/#primaryimage"},"image":{"@id":"https:\/\/medicinasinc.com\/hr\/product\/kupiti-thj-018\/#primaryimage"},"thumbnailUrl":"https:\/\/medicinasinc.com\/hr\/wp-content\/uploads\/sites\/3\/2022\/02\/Buy-THJ-018.jpeg","datePublished":"2022-02-22T08:28:02+00:00","dateModified":"2022-03-15T05:19:41+00:00","description":"Kupite THJ-018 (SGT-17) za prodaju Europa, UK je sinteti\u010dki kanabinoid koji je indazol analog JWH-018 i prodan je na internetu kao dizajnerska droga. Dostupna veleprodajna narud\u017eba","breadcrumb":{"@id":"https:\/\/medicinasinc.com\/hr\/product\/kupiti-thj-018\/#breadcrumb"},"inLanguage":"hr","potentialAction":[{"@type":"ReadAction","target":["https:\/\/medicinasinc.com\/hr\/product\/kupiti-thj-018\/"]}]},{"@type":"ImageObject","inLanguage":"hr","@id":"https:\/\/medicinasinc.com\/hr\/product\/kupiti-thj-018\/#primaryimage","url":"https:\/\/medicinasinc.com\/hr\/wp-content\/uploads\/sites\/3\/2022\/02\/Buy-THJ-018.jpeg","contentUrl":"https:\/\/medicinasinc.com\/hr\/wp-content\/uploads\/sites\/3\/2022\/02\/Buy-THJ-018.jpeg","width":751,"height":800},{"@type":"BreadcrumbList","@id":"https:\/\/medicinasinc.com\/hr\/product\/kupiti-thj-018\/#breadcrumb","itemListElement":[{"@type":"ListItem","position":1,"name":"Du\u0107an","item":"https:\/\/medicinasinc.com\/hr\/ducan\/"},{"@type":"ListItem","position":2,"name":"Kupite THJ-018"}]},{"@type":"WebSite","@id":"https:\/\/medicinasinc.com\/hr\/#website","url":"https:\/\/medicinasinc.com\/hr\/","name":"Medicinas Inc","description":"Health Medical Clinic","potentialAction":[{"@type":"SearchAction","target":{"@type":"EntryPoint","urlTemplate":"https:\/\/medicinasinc.com\/hr\/?s={search_term_string}"},"query-input":{"@type":"PropertyValueSpecification","valueRequired":true,"valueName":"search_term_string"}}],"inLanguage":"hr"}]}},"_links":{"self":[{"href":"https:\/\/medicinasinc.com\/hr\/wp-json\/wp\/v2\/product\/5926","targetHints":{"allow":["GET"]}}],"collection":[{"href":"https:\/\/medicinasinc.com\/hr\/wp-json\/wp\/v2\/product"}],"about":[{"href":"https:\/\/medicinasinc.com\/hr\/wp-json\/wp\/v2\/types\/product"}],"replies":[{"embeddable":true,"href":"https:\/\/medicinasinc.com\/hr\/wp-json\/wp\/v2\/comments?post=5926"}],"wp:featuredmedia":[{"embeddable":true,"href":"https:\/\/medicinasinc.com\/hr\/wp-json\/wp\/v2\/media\/5940"}],"wp:attachment":[{"href":"https:\/\/medicinasinc.com\/hr\/wp-json\/wp\/v2\/media?parent=5926"}],"wp:term":[{"taxonomy":"product_brand","embeddable":true,"href":"https:\/\/medicinasinc.com\/hr\/wp-json\/wp\/v2\/product_brand?post=5926"},{"taxonomy":"product_cat","embeddable":true,"href":"https:\/\/medicinasinc.com\/hr\/wp-json\/wp\/v2\/product_cat?post=5926"},{"taxonomy":"product_tag","embeddable":true,"href":"https:\/\/medicinasinc.com\/hr\/wp-json\/wp\/v2\/product_tag?post=5926"}],"curies":[{"name":"wp","href":"https:\/\/api.w.org\/{rel}","templated":true}]}}