{"id":5917,"date":"2022-02-22T08:19:52","date_gmt":"2022-02-22T08:19:52","guid":{"rendered":"https:\/\/medicinasinc.com\/hr\/?post_type=product&#038;p=5917"},"modified":"2022-03-15T05:20:00","modified_gmt":"2022-03-15T05:20:00","slug":"kupiti-nm-2201","status":"publish","type":"product","link":"https:\/\/medicinasinc.com\/hr\/product\/kupiti-nm-2201\/","title":{"rendered":"Kupite NM-2201"},"content":{"rendered":"<p>Je li sinteti\u010dki kanabinoid na bazi indola nazvan CBL-2201. Vjerojatno ima ista svojstva kao 5F-PB-22 i NNE1, koji su oba potpuni agonisti i ve\u017eu se na CB1 i CB2 receptore s niskim nanomolarnim afinitetom.<\/p>\n<p>Kupite NM-2201 Online dobro je mjesto za kupnju NM-2201 online. kupiti Research Chemicals. NM-2201 mo\u017eete kupiti online od pouzdanog dobavlja\u010da po sni\u017eenoj cijeni. Globalhomemed.com je mjesto za kupnju. Sigurno je slati NM-2201 iz Europe u Sjedinjene Dr\u017eave i druga mjesta.<\/p>\n<p>Ovo je sinteti\u010dki kanabinoid nazvan NM-2201. Ima puno istih svojstava kao i njegovi bliski srodnici, 5F-PB-22 i NNE1, koji su oba potpuni agonisti i ve\u017eu se na CB1 i CB2 receptore s niskim nanomolarnim afinitetom.<\/p>\n<p>Samo za istra\u017eivanje. Ne mo\u017ee se koristiti ni za \u0161to drugo, poput in vivo dijagnostike, hrane, lijekova, medicinskih ure\u0111aja i kozmetike za ljude i\/ili \u017eivotinje, niti se mo\u017ee koristiti na ljudima ili \u017eivotinjama.<\/p>\n<p>5F. -PB-22 i NNE1 su sintetski kanabinoidi koji se temelje na indolu. Oba su potpuni agonisti i ve\u017eu se na CB1 i CB2 receptore s niskim nanomolarnim afinitetom.<\/p>\n<p>1. 1-(5-fluoro-pentil)-1H,3-karboksilna kiselina N-naftalen-1-il ester N-naftalen-1-il ester N-naftalen-1-il ester N-naftalen-1-1-il ester NM-2201 ima kemijsku formulu C24H22FNO2 i te\u017ei 375,16 grama. Jo\u0161 je vrlo rano u procesu prou\u010davanja NM-2201. Jo\u0161 nema dovoljno podataka koji bi pokazali \u0161to mo\u017ee u\u010diniti. Me\u0111utim, isti je kao AM-2201. To zna\u010di da su karakteristike iste.<\/p>\n<p>Ovo je sinteti\u010dki kanabinoid nazvan NM-2201. Ima puno istih svojstava kao i njegovi bliski srodnici, 5F-PB-22 i NNE1, koji su oba potpuni agonisti i ve\u017eu se na CB1 i CB2 receptore s niskim nanomolarnim afinitetom.<\/p>\n<p>Samo za istra\u017eivanje. Ne mo\u017ee se koristiti ni za \u0161to drugo, poput in vivo dijagnostike, hrane, lijekova, medicinskih ure\u0111aja i kozmetike za ljude i\/ili \u017eivotinje, niti se mo\u017ee koristiti na ljudima ili \u017eivotinjama.<\/p>\n<p>5F. -PB-22 i NNE1 su sintetski kanabinoidi koji se temelje na indolu. Oba su potpuni agonisti i ve\u017eu se na CB1 i CB2 receptore s niskim nanomolarnim afinitetom.<\/p>\n<p>1. 1-(5-fluoro-pentil)-1H,3-karboksilna kiselina N-naftalen-1-il ester N-naftalen-1-il ester N-naftalen-1-il ester N-naftalen-1-1-il ester NM-2201 ima kemijsku formulu C24H22FNO2 i te\u017ei 375,16 grama. Jo\u0161 je vrlo rano u procesu prou\u010davanja NM-2201. Jo\u0161 nema dovoljno podataka koji bi pokazali \u0161to mo\u017ee u\u010diniti. Me\u0111utim, isti je kao AM-2201. To zna\u010di da su karakteristike iste.<\/p>\n","protected":false},"excerpt":{"rendered":"<p><b>Kupite NM-2201 <\/b>na prodaju Europa, UK (tako\u0111er poznat kao\u00a0<b>CBL-2201<\/b>) je\u00a0baziran na indolu\u00a0<a class=\"mw-redirect\" title=\"Sintetski kanabinoid\" href=\"https:\/\/en.wikipedia.org\/wiki\/Synthetic_cannabinoid\">sinteti\u010dki kanabinoid<\/a>\u00a0koji vjerojatno ima sli\u010dna svojstva kao usko povezani\u00a05F-PB-22\u00a0i\u00a0NNE1, koji su oboje\u00a0potpuni agonisti i\u00a0neselektivno\u00a0ve\u017eu se na\u00a0CB<sub>1<\/sub>\u00a0i\u00a0CB<sub>2<\/sub> receptore s niskim nanomolarnim afinitetom, dostupno na veliko<\/p>\n","protected":false},"featured_media":5938,"comment_status":"open","ping_status":"closed","template":"","meta":[],"product_brand":[],"product_cat":[2596],"product_tag":[4095,4093,4090,4094,4092,4091],"class_list":{"0":"post-5917","1":"product","2":"type-product","3":"status-publish","4":"has-post-thumbnail","6":"product_cat-kanabinoidi-na-prodaju","7":"product_tag-gdje-kupiti-nm2201-online","8":"product_tag-kupnja-nm2201-online","9":"product_tag-kupiti-nm2201-online","10":"product_tag-najbolje-mjesto-za-kupnju-nm2201-online","11":"product_tag-naruite-nm2201-online","12":"product_tag-nm2201-na-prodaju","14":"first","15":"instock","16":"featured","17":"shipping-taxable","18":"purchasable","19":"product-type-variable"},"yoast_head":"<!-- This site is optimized with the Yoast SEO plugin v27.3 - https:\/\/yoast.com\/product\/yoast-seo-wordpress\/ -->\n<title>Kupite NM-2201\u00a0- CBL-2201 - Najbolji najbolji svjetski lijekovi<\/title>\n<meta name=\"description\" content=\"Kupite NM-2201 za prodaju Europa, UK (tako\u0111er poznat kao\u00a0CBL-2201) je\u00a0sinteti\u010dki kanabinoid na bazi indola\u00a0koji vjerojatno ima sli\u010dna svojstva kao usko povezani\u00a05F-PB-22\u00a0i\u00a0NNE1, koji su i\u00a0potpuni agonisti\u00a0i\u00a0neselektivno\u00a0d CB1\u00a0i\u00a0CB2 receptori s niskim nanomolarnim afinitetom, dostupni na veliko\" \/>\n<meta name=\"robots\" content=\"index, follow, max-snippet:-1, max-image-preview:large, max-video-preview:-1\" \/>\n<link rel=\"canonical\" href=\"https:\/\/medicinasinc.com\/hr\/product\/kupiti-nm-2201\/\" \/>\n<meta property=\"og:locale\" content=\"hr_HR\" \/>\n<meta property=\"og:type\" content=\"article\" \/>\n<meta property=\"og:title\" content=\"Kupite NM-2201\u00a0- CBL-2201 - Najbolji najbolji svjetski lijekovi\" \/>\n<meta property=\"og:description\" content=\"Kupite NM-2201 za prodaju Europa, UK (tako\u0111er poznat kao\u00a0CBL-2201) je\u00a0sinteti\u010dki kanabinoid na bazi indola\u00a0koji vjerojatno ima sli\u010dna svojstva kao usko povezani\u00a05F-PB-22\u00a0i\u00a0NNE1, koji su i\u00a0potpuni agonisti\u00a0i\u00a0neselektivno\u00a0d CB1\u00a0i\u00a0CB2 receptori s niskim nanomolarnim afinitetom, dostupni na veliko\" \/>\n<meta property=\"og:url\" content=\"https:\/\/medicinasinc.com\/hr\/product\/kupiti-nm-2201\/\" \/>\n<meta property=\"og:site_name\" content=\"Medicinas Inc\" \/>\n<meta property=\"article:modified_time\" content=\"2022-03-15T05:20:00+00:00\" \/>\n<meta property=\"og:image\" content=\"https:\/\/medicinasinc.com\/hr\/wp-content\/uploads\/sites\/3\/2022\/02\/Buy-NM-2201.jpg\" \/>\n\t<meta property=\"og:image:width\" content=\"458\" \/>\n\t<meta property=\"og:image:height\" content=\"458\" \/>\n\t<meta property=\"og:image:type\" content=\"image\/jpeg\" \/>\n<meta name=\"twitter:card\" content=\"summary_large_image\" \/>\n<meta name=\"twitter:label1\" content=\"Procijenjeno vrijeme \u010ditanja\" \/>\n\t<meta name=\"twitter:data1\" content=\"2 minute\" \/>\n<script type=\"application\/ld+json\" class=\"yoast-schema-graph\">{\"@context\":\"https:\\\/\\\/schema.org\",\"@graph\":[{\"@type\":\"WebPage\",\"@id\":\"https:\\\/\\\/medicinasinc.com\\\/hr\\\/product\\\/kupiti-nm-2201\\\/\",\"url\":\"https:\\\/\\\/medicinasinc.com\\\/hr\\\/product\\\/kupiti-nm-2201\\\/\",\"name\":\"Kupite NM-2201\u00a0- CBL-2201 - Najbolji najbolji svjetski lijekovi\",\"isPartOf\":{\"@id\":\"https:\\\/\\\/medicinasinc.com\\\/hr\\\/#website\"},\"primaryImageOfPage\":{\"@id\":\"https:\\\/\\\/medicinasinc.com\\\/hr\\\/product\\\/kupiti-nm-2201\\\/#primaryimage\"},\"image\":{\"@id\":\"https:\\\/\\\/medicinasinc.com\\\/hr\\\/product\\\/kupiti-nm-2201\\\/#primaryimage\"},\"thumbnailUrl\":\"https:\\\/\\\/medicinasinc.com\\\/hr\\\/wp-content\\\/uploads\\\/sites\\\/3\\\/2022\\\/02\\\/Buy-NM-2201.jpg\",\"datePublished\":\"2022-02-22T08:19:52+00:00\",\"dateModified\":\"2022-03-15T05:20:00+00:00\",\"description\":\"Kupite NM-2201 za prodaju Europa, UK (tako\u0111er poznat kao\u00a0CBL-2201) je\u00a0sinteti\u010dki kanabinoid na bazi indola\u00a0koji vjerojatno ima sli\u010dna svojstva kao usko povezani\u00a05F-PB-22\u00a0i\u00a0NNE1, koji su i\u00a0potpuni agonisti\u00a0i\u00a0neselektivno\u00a0d CB1\u00a0i\u00a0CB2 receptori s niskim nanomolarnim afinitetom, dostupni na veliko\",\"breadcrumb\":{\"@id\":\"https:\\\/\\\/medicinasinc.com\\\/hr\\\/product\\\/kupiti-nm-2201\\\/#breadcrumb\"},\"inLanguage\":\"hr\",\"potentialAction\":[{\"@type\":\"ReadAction\",\"target\":[\"https:\\\/\\\/medicinasinc.com\\\/hr\\\/product\\\/kupiti-nm-2201\\\/\"]}]},{\"@type\":\"ImageObject\",\"inLanguage\":\"hr\",\"@id\":\"https:\\\/\\\/medicinasinc.com\\\/hr\\\/product\\\/kupiti-nm-2201\\\/#primaryimage\",\"url\":\"https:\\\/\\\/medicinasinc.com\\\/hr\\\/wp-content\\\/uploads\\\/sites\\\/3\\\/2022\\\/02\\\/Buy-NM-2201.jpg\",\"contentUrl\":\"https:\\\/\\\/medicinasinc.com\\\/hr\\\/wp-content\\\/uploads\\\/sites\\\/3\\\/2022\\\/02\\\/Buy-NM-2201.jpg\",\"width\":458,\"height\":458},{\"@type\":\"BreadcrumbList\",\"@id\":\"https:\\\/\\\/medicinasinc.com\\\/hr\\\/product\\\/kupiti-nm-2201\\\/#breadcrumb\",\"itemListElement\":[{\"@type\":\"ListItem\",\"position\":1,\"name\":\"Du\u0107an\",\"item\":\"https:\\\/\\\/medicinasinc.com\\\/hr\\\/ducan\\\/\"},{\"@type\":\"ListItem\",\"position\":2,\"name\":\"Kupite NM-2201\"}]},{\"@type\":\"WebSite\",\"@id\":\"https:\\\/\\\/medicinasinc.com\\\/hr\\\/#website\",\"url\":\"https:\\\/\\\/medicinasinc.com\\\/hr\\\/\",\"name\":\"Medicinas Inc\",\"description\":\"Health Medical Clinic\",\"potentialAction\":[{\"@type\":\"SearchAction\",\"target\":{\"@type\":\"EntryPoint\",\"urlTemplate\":\"https:\\\/\\\/medicinasinc.com\\\/hr\\\/?s={search_term_string}\"},\"query-input\":{\"@type\":\"PropertyValueSpecification\",\"valueRequired\":true,\"valueName\":\"search_term_string\"}}],\"inLanguage\":\"hr\"}]}<\/script>\n<!-- \/ Yoast SEO plugin. -->","yoast_head_json":{"title":"Kupite NM-2201\u00a0- CBL-2201 - Najbolji najbolji svjetski lijekovi","description":"Kupite NM-2201 za prodaju Europa, UK (tako\u0111er poznat kao\u00a0CBL-2201) je\u00a0sinteti\u010dki kanabinoid na bazi indola\u00a0koji vjerojatno ima sli\u010dna svojstva kao usko povezani\u00a05F-PB-22\u00a0i\u00a0NNE1, koji su i\u00a0potpuni agonisti\u00a0i\u00a0neselektivno\u00a0d CB1\u00a0i\u00a0CB2 receptori s niskim nanomolarnim afinitetom, dostupni na veliko","robots":{"index":"index","follow":"follow","max-snippet":"max-snippet:-1","max-image-preview":"max-image-preview:large","max-video-preview":"max-video-preview:-1"},"canonical":"https:\/\/medicinasinc.com\/hr\/product\/kupiti-nm-2201\/","og_locale":"hr_HR","og_type":"article","og_title":"Kupite NM-2201\u00a0- CBL-2201 - Najbolji najbolji svjetski lijekovi","og_description":"Kupite NM-2201 za prodaju Europa, UK (tako\u0111er poznat kao\u00a0CBL-2201) je\u00a0sinteti\u010dki kanabinoid na bazi indola\u00a0koji vjerojatno ima sli\u010dna svojstva kao usko povezani\u00a05F-PB-22\u00a0i\u00a0NNE1, koji su i\u00a0potpuni agonisti\u00a0i\u00a0neselektivno\u00a0d CB1\u00a0i\u00a0CB2 receptori s niskim nanomolarnim afinitetom, dostupni na veliko","og_url":"https:\/\/medicinasinc.com\/hr\/product\/kupiti-nm-2201\/","og_site_name":"Medicinas Inc","article_modified_time":"2022-03-15T05:20:00+00:00","og_image":[{"width":458,"height":458,"url":"https:\/\/medicinasinc.com\/hr\/wp-content\/uploads\/sites\/3\/2022\/02\/Buy-NM-2201.jpg","type":"image\/jpeg"}],"twitter_card":"summary_large_image","twitter_misc":{"Procijenjeno vrijeme \u010ditanja":"2 minute"},"schema":{"@context":"https:\/\/schema.org","@graph":[{"@type":"WebPage","@id":"https:\/\/medicinasinc.com\/hr\/product\/kupiti-nm-2201\/","url":"https:\/\/medicinasinc.com\/hr\/product\/kupiti-nm-2201\/","name":"Kupite NM-2201\u00a0- CBL-2201 - Najbolji najbolji svjetski lijekovi","isPartOf":{"@id":"https:\/\/medicinasinc.com\/hr\/#website"},"primaryImageOfPage":{"@id":"https:\/\/medicinasinc.com\/hr\/product\/kupiti-nm-2201\/#primaryimage"},"image":{"@id":"https:\/\/medicinasinc.com\/hr\/product\/kupiti-nm-2201\/#primaryimage"},"thumbnailUrl":"https:\/\/medicinasinc.com\/hr\/wp-content\/uploads\/sites\/3\/2022\/02\/Buy-NM-2201.jpg","datePublished":"2022-02-22T08:19:52+00:00","dateModified":"2022-03-15T05:20:00+00:00","description":"Kupite NM-2201 za prodaju Europa, UK (tako\u0111er poznat kao\u00a0CBL-2201) je\u00a0sinteti\u010dki kanabinoid na bazi indola\u00a0koji vjerojatno ima sli\u010dna svojstva kao usko povezani\u00a05F-PB-22\u00a0i\u00a0NNE1, koji su i\u00a0potpuni agonisti\u00a0i\u00a0neselektivno\u00a0d CB1\u00a0i\u00a0CB2 receptori s niskim nanomolarnim afinitetom, dostupni na veliko","breadcrumb":{"@id":"https:\/\/medicinasinc.com\/hr\/product\/kupiti-nm-2201\/#breadcrumb"},"inLanguage":"hr","potentialAction":[{"@type":"ReadAction","target":["https:\/\/medicinasinc.com\/hr\/product\/kupiti-nm-2201\/"]}]},{"@type":"ImageObject","inLanguage":"hr","@id":"https:\/\/medicinasinc.com\/hr\/product\/kupiti-nm-2201\/#primaryimage","url":"https:\/\/medicinasinc.com\/hr\/wp-content\/uploads\/sites\/3\/2022\/02\/Buy-NM-2201.jpg","contentUrl":"https:\/\/medicinasinc.com\/hr\/wp-content\/uploads\/sites\/3\/2022\/02\/Buy-NM-2201.jpg","width":458,"height":458},{"@type":"BreadcrumbList","@id":"https:\/\/medicinasinc.com\/hr\/product\/kupiti-nm-2201\/#breadcrumb","itemListElement":[{"@type":"ListItem","position":1,"name":"Du\u0107an","item":"https:\/\/medicinasinc.com\/hr\/ducan\/"},{"@type":"ListItem","position":2,"name":"Kupite NM-2201"}]},{"@type":"WebSite","@id":"https:\/\/medicinasinc.com\/hr\/#website","url":"https:\/\/medicinasinc.com\/hr\/","name":"Medicinas Inc","description":"Health Medical Clinic","potentialAction":[{"@type":"SearchAction","target":{"@type":"EntryPoint","urlTemplate":"https:\/\/medicinasinc.com\/hr\/?s={search_term_string}"},"query-input":{"@type":"PropertyValueSpecification","valueRequired":true,"valueName":"search_term_string"}}],"inLanguage":"hr"}]}},"_links":{"self":[{"href":"https:\/\/medicinasinc.com\/hr\/wp-json\/wp\/v2\/product\/5917","targetHints":{"allow":["GET"]}}],"collection":[{"href":"https:\/\/medicinasinc.com\/hr\/wp-json\/wp\/v2\/product"}],"about":[{"href":"https:\/\/medicinasinc.com\/hr\/wp-json\/wp\/v2\/types\/product"}],"replies":[{"embeddable":true,"href":"https:\/\/medicinasinc.com\/hr\/wp-json\/wp\/v2\/comments?post=5917"}],"wp:featuredmedia":[{"embeddable":true,"href":"https:\/\/medicinasinc.com\/hr\/wp-json\/wp\/v2\/media\/5938"}],"wp:attachment":[{"href":"https:\/\/medicinasinc.com\/hr\/wp-json\/wp\/v2\/media?parent=5917"}],"wp:term":[{"taxonomy":"product_brand","embeddable":true,"href":"https:\/\/medicinasinc.com\/hr\/wp-json\/wp\/v2\/product_brand?post=5917"},{"taxonomy":"product_cat","embeddable":true,"href":"https:\/\/medicinasinc.com\/hr\/wp-json\/wp\/v2\/product_cat?post=5917"},{"taxonomy":"product_tag","embeddable":true,"href":"https:\/\/medicinasinc.com\/hr\/wp-json\/wp\/v2\/product_tag?post=5917"}],"curies":[{"name":"wp","href":"https:\/\/api.w.org\/{rel}","templated":true}]}}