{"id":5912,"date":"2022-02-22T08:15:30","date_gmt":"2022-02-22T08:15:30","guid":{"rendered":"https:\/\/medicinasinc.com\/hr\/?post_type=product&#038;p=5912"},"modified":"2022-03-15T05:20:09","modified_gmt":"2022-03-15T05:20:09","slug":"buy-mdmb-chmica","status":"publish","type":"product","link":"https:\/\/medicinasinc.com\/hr\/product\/buy-mdmb-chmica\/","title":{"rendered":"Kupite MDMB-CHMICA"},"content":{"rendered":"<p>MDMB-CHMICA (ili MMB-CHMINACA) je sinteti\u010dki kanabis na bazi indola koji se nudi online kao dizajnerska droga. Dok je MDMB-CHMICA u po\u010detku bio na tr\u017ei\u0161tu kao &#8220;MMB-CHMINACA&#8221;, izopropilni analog MDMB-CHMINACA (AMB-CHMINACA) otkriven je na tr\u017ei\u0161tu dizajnerskih lijekova 2015.<\/p>\n<p>MMB-CHMINACA<\/p>\n<p>MDMB-CHMINACA<\/p>\n<p>MMB-CHMINACA (MDMB-CHMINACA) je sinteti\u010dki kanabis na bazi indola koji se nudi online kao dizajnerska droga.<\/p>\n<p>MMB-CHMINACA<\/p>\n<p> p&gt; <\/p>\n<p>MDMB-CHMINACA<\/p>\n<p>IUPAC naziv: (2S)<\/p>\n<p>2,3-dimetilbutanoat<br \/> CAS: N\/A<br \/> N\/A ChemSpider <br \/> C23H32N2O3<br \/> 384,5 g\/mol MMB<br \/> MDMB-CHMINACA<\/p>\n<p>(2S)-metil<\/p>\n<p>1 H-indol-3-ilkarbonilamino-2 ,3-dimetilbutanoat<\/p>\n<p>MMB-CHMINACA (MDMB-CHMINACA) je kanabinoid na bazi indola s dimetilbutanoatnom skupinom. \u010cini se da ova kemikalija ima ve\u0107i in vitro afinitet vezanja od mnogih sada\u0161njih kanabinoida, a istra\u017eiva\u010di bi to trebali imati na umu kada osmi\u0161ljavaju studije i postavljaju materijal na stani\u010dne supstrate.<\/p>\n<p>Sintetski kanabinoidi velika su zbirka spojeva koji su stalno prisutni. razvija i predstavlja se javnosti. Me\u0111utim, uvo\u0111enje MMB-CHMINACA izazvalo je izuzetan interes zbog svojih jedinstvenih svojstava. Njegov hipotetski utjecaj na CB1 i CB2 receptore znatno je ve\u0107i po jedinici od AB-CHMINACA, \u0161to zahtijeva manje koli\u010dine aktivnog materijala da bi se zadovoljio cilj eksperimenta.<\/p>\n<p>MMB-CHMINACA je bijeli prah koji se mo\u017ee sigurno pohraniti. i obra\u0111en u laboratoriju. Ovaj sintetski kanabinoid ima kompliciranu kemijsku formulu (2S)-metil-2-(1-(cikloheksilmetil)-1H-indol-3-ilkarbonilamino)-3,3-dimetilbutanoat. Molekularna masa mu je 384,5 g\/mol, a formula je C23H32N2O3.<\/p>\n<p>MMB-CHMINACA je nova kemikalija s kojom se treba rukovati s najve\u0107om pa\u017enjom i precizno je mjeriti zbog njezine iznimne \u010disto\u0107e. Pozivamo sve da ispitaju stanje lokalnih ograni\u010denja prije nabave sinteti\u010dkog kanabisa i drugih tvari iz na\u0161e internetske trgovine.<\/p>\n","protected":false},"excerpt":{"rendered":"<p>Kupite MDMB-CHMICA, MMB2101\u00a0za prodaju Europa, UK (tako\u0111er neto\u010dno poznat kao MMB-CHMINACA) je\u00a0sinteti\u010dki kanabinoid na bazi indola\u00a0koji je mo\u0107an\u00a0agonist\u00a0receptora\u00a0CB1\u00a0i prodan je na mre\u017ei kao dizajnerska droga Wholes Narud\u017eba dostupna<\/p>\n","protected":false},"featured_media":5937,"comment_status":"open","ping_status":"closed","template":"","meta":[],"product_brand":[],"product_cat":[2596],"product_tag":[4083,4089,4084,4085,4088,4087,4086],"class_list":{"0":"post-5912","1":"product","2":"type-product","3":"status-publish","4":"has-post-thumbnail","6":"product_cat-kanabinoidi-na-prodaju","7":"product_tag-buy-mmb-chminaca-online","8":"product_tag-gdje-kupiti-mmb-chminaca-online","9":"product_tag-kako-kupiti-mmb-chminaca-online","10":"product_tag-mmb-chminaca","11":"product_tag-najbolje-mjesto-za-kupnju-mmb-chminaca-online","12":"product_tag-naruite-mmb-chminaca-online","13":"product_tag-mmb-chminaca-na-prodaja","15":"first","16":"instock","17":"shipping-taxable","18":"purchasable","19":"product-type-variable"},"yoast_head":"<!-- This site is optimized with the Yoast SEO plugin v27.3 - https:\/\/yoast.com\/product\/yoast-seo-wordpress\/ -->\n<title>Kupite MMB-Chminaca - MMB-CHMINACA - Najbolji globalni lijekovi<\/title>\n<meta name=\"description\" content=\"Kupite MDMB-CHMICA, MMB2101\u00a0za prodaju Europa, UK (tako\u0111er neto\u010dno poznat kao MMB-CHMINACA) je\u00a0sinteti\u010dki kanabinoid na bazi indola\u00a0koji je sna\u017ean\u00a0agonist\u00a0receptora\u00a0CB1\u00a0i prodan je online kao\u00a0dizajnerski lijek, veleprodaja\" \/>\n<meta name=\"robots\" content=\"index, follow, max-snippet:-1, max-image-preview:large, max-video-preview:-1\" \/>\n<link rel=\"canonical\" href=\"https:\/\/medicinasinc.com\/hr\/product\/buy-mdmb-chmica\/\" \/>\n<meta property=\"og:locale\" content=\"hr_HR\" \/>\n<meta property=\"og:type\" content=\"article\" \/>\n<meta property=\"og:title\" content=\"Kupite MMB-Chminaca - MMB-CHMINACA - Najbolji globalni lijekovi\" \/>\n<meta property=\"og:description\" content=\"Kupite MDMB-CHMICA, MMB2101\u00a0za prodaju Europa, UK (tako\u0111er neto\u010dno poznat kao MMB-CHMINACA) je\u00a0sinteti\u010dki kanabinoid na bazi indola\u00a0koji je sna\u017ean\u00a0agonist\u00a0receptora\u00a0CB1\u00a0i prodan je online kao\u00a0dizajnerski lijek, veleprodaja\" \/>\n<meta property=\"og:url\" content=\"https:\/\/medicinasinc.com\/hr\/product\/buy-mdmb-chmica\/\" \/>\n<meta property=\"og:site_name\" content=\"Medicinas Inc\" \/>\n<meta property=\"article:modified_time\" content=\"2022-03-15T05:20:09+00:00\" \/>\n<meta property=\"og:image\" content=\"https:\/\/medicinasinc.com\/hr\/wp-content\/uploads\/sites\/3\/2022\/02\/Buy-MDMB-CHMICA.jpg\" \/>\n\t<meta property=\"og:image:width\" content=\"459\" \/>\n\t<meta property=\"og:image:height\" content=\"443\" \/>\n\t<meta property=\"og:image:type\" content=\"image\/jpeg\" \/>\n<meta name=\"twitter:card\" content=\"summary_large_image\" \/>\n<meta name=\"twitter:label1\" content=\"Procijenjeno vrijeme \u010ditanja\" \/>\n\t<meta name=\"twitter:data1\" content=\"2 minute\" \/>\n<script type=\"application\/ld+json\" class=\"yoast-schema-graph\">{\"@context\":\"https:\\\/\\\/schema.org\",\"@graph\":[{\"@type\":\"WebPage\",\"@id\":\"https:\\\/\\\/medicinasinc.com\\\/hr\\\/product\\\/buy-mdmb-chmica\\\/\",\"url\":\"https:\\\/\\\/medicinasinc.com\\\/hr\\\/product\\\/buy-mdmb-chmica\\\/\",\"name\":\"Kupite MMB-Chminaca - MMB-CHMINACA - Najbolji globalni lijekovi\",\"isPartOf\":{\"@id\":\"https:\\\/\\\/medicinasinc.com\\\/hr\\\/#website\"},\"primaryImageOfPage\":{\"@id\":\"https:\\\/\\\/medicinasinc.com\\\/hr\\\/product\\\/buy-mdmb-chmica\\\/#primaryimage\"},\"image\":{\"@id\":\"https:\\\/\\\/medicinasinc.com\\\/hr\\\/product\\\/buy-mdmb-chmica\\\/#primaryimage\"},\"thumbnailUrl\":\"https:\\\/\\\/medicinasinc.com\\\/hr\\\/wp-content\\\/uploads\\\/sites\\\/3\\\/2022\\\/02\\\/Buy-MDMB-CHMICA.jpg\",\"datePublished\":\"2022-02-22T08:15:30+00:00\",\"dateModified\":\"2022-03-15T05:20:09+00:00\",\"description\":\"Kupite MDMB-CHMICA, MMB2101\u00a0za prodaju Europa, UK (tako\u0111er neto\u010dno poznat kao MMB-CHMINACA) je\u00a0sinteti\u010dki kanabinoid na bazi indola\u00a0koji je sna\u017ean\u00a0agonist\u00a0receptora\u00a0CB1\u00a0i prodan je online kao\u00a0dizajnerski lijek, veleprodaja\",\"breadcrumb\":{\"@id\":\"https:\\\/\\\/medicinasinc.com\\\/hr\\\/product\\\/buy-mdmb-chmica\\\/#breadcrumb\"},\"inLanguage\":\"hr\",\"potentialAction\":[{\"@type\":\"ReadAction\",\"target\":[\"https:\\\/\\\/medicinasinc.com\\\/hr\\\/product\\\/buy-mdmb-chmica\\\/\"]}]},{\"@type\":\"ImageObject\",\"inLanguage\":\"hr\",\"@id\":\"https:\\\/\\\/medicinasinc.com\\\/hr\\\/product\\\/buy-mdmb-chmica\\\/#primaryimage\",\"url\":\"https:\\\/\\\/medicinasinc.com\\\/hr\\\/wp-content\\\/uploads\\\/sites\\\/3\\\/2022\\\/02\\\/Buy-MDMB-CHMICA.jpg\",\"contentUrl\":\"https:\\\/\\\/medicinasinc.com\\\/hr\\\/wp-content\\\/uploads\\\/sites\\\/3\\\/2022\\\/02\\\/Buy-MDMB-CHMICA.jpg\",\"width\":459,\"height\":443},{\"@type\":\"BreadcrumbList\",\"@id\":\"https:\\\/\\\/medicinasinc.com\\\/hr\\\/product\\\/buy-mdmb-chmica\\\/#breadcrumb\",\"itemListElement\":[{\"@type\":\"ListItem\",\"position\":1,\"name\":\"Du\u0107an\",\"item\":\"https:\\\/\\\/medicinasinc.com\\\/hr\\\/ducan\\\/\"},{\"@type\":\"ListItem\",\"position\":2,\"name\":\"Kupite MDMB-CHMICA\"}]},{\"@type\":\"WebSite\",\"@id\":\"https:\\\/\\\/medicinasinc.com\\\/hr\\\/#website\",\"url\":\"https:\\\/\\\/medicinasinc.com\\\/hr\\\/\",\"name\":\"Medicinas Inc\",\"description\":\"Health Medical Clinic\",\"potentialAction\":[{\"@type\":\"SearchAction\",\"target\":{\"@type\":\"EntryPoint\",\"urlTemplate\":\"https:\\\/\\\/medicinasinc.com\\\/hr\\\/?s={search_term_string}\"},\"query-input\":{\"@type\":\"PropertyValueSpecification\",\"valueRequired\":true,\"valueName\":\"search_term_string\"}}],\"inLanguage\":\"hr\"}]}<\/script>\n<!-- \/ Yoast SEO plugin. -->","yoast_head_json":{"title":"Kupite MMB-Chminaca - MMB-CHMINACA - Najbolji globalni lijekovi","description":"Kupite MDMB-CHMICA, MMB2101\u00a0za prodaju Europa, UK (tako\u0111er neto\u010dno poznat kao MMB-CHMINACA) je\u00a0sinteti\u010dki kanabinoid na bazi indola\u00a0koji je sna\u017ean\u00a0agonist\u00a0receptora\u00a0CB1\u00a0i prodan je online kao\u00a0dizajnerski lijek, veleprodaja","robots":{"index":"index","follow":"follow","max-snippet":"max-snippet:-1","max-image-preview":"max-image-preview:large","max-video-preview":"max-video-preview:-1"},"canonical":"https:\/\/medicinasinc.com\/hr\/product\/buy-mdmb-chmica\/","og_locale":"hr_HR","og_type":"article","og_title":"Kupite MMB-Chminaca - MMB-CHMINACA - Najbolji globalni lijekovi","og_description":"Kupite MDMB-CHMICA, MMB2101\u00a0za prodaju Europa, UK (tako\u0111er neto\u010dno poznat kao MMB-CHMINACA) je\u00a0sinteti\u010dki kanabinoid na bazi indola\u00a0koji je sna\u017ean\u00a0agonist\u00a0receptora\u00a0CB1\u00a0i prodan je online kao\u00a0dizajnerski lijek, veleprodaja","og_url":"https:\/\/medicinasinc.com\/hr\/product\/buy-mdmb-chmica\/","og_site_name":"Medicinas Inc","article_modified_time":"2022-03-15T05:20:09+00:00","og_image":[{"width":459,"height":443,"url":"https:\/\/medicinasinc.com\/hr\/wp-content\/uploads\/sites\/3\/2022\/02\/Buy-MDMB-CHMICA.jpg","type":"image\/jpeg"}],"twitter_card":"summary_large_image","twitter_misc":{"Procijenjeno vrijeme \u010ditanja":"2 minute"},"schema":{"@context":"https:\/\/schema.org","@graph":[{"@type":"WebPage","@id":"https:\/\/medicinasinc.com\/hr\/product\/buy-mdmb-chmica\/","url":"https:\/\/medicinasinc.com\/hr\/product\/buy-mdmb-chmica\/","name":"Kupite MMB-Chminaca - MMB-CHMINACA - Najbolji globalni lijekovi","isPartOf":{"@id":"https:\/\/medicinasinc.com\/hr\/#website"},"primaryImageOfPage":{"@id":"https:\/\/medicinasinc.com\/hr\/product\/buy-mdmb-chmica\/#primaryimage"},"image":{"@id":"https:\/\/medicinasinc.com\/hr\/product\/buy-mdmb-chmica\/#primaryimage"},"thumbnailUrl":"https:\/\/medicinasinc.com\/hr\/wp-content\/uploads\/sites\/3\/2022\/02\/Buy-MDMB-CHMICA.jpg","datePublished":"2022-02-22T08:15:30+00:00","dateModified":"2022-03-15T05:20:09+00:00","description":"Kupite MDMB-CHMICA, MMB2101\u00a0za prodaju Europa, UK (tako\u0111er neto\u010dno poznat kao MMB-CHMINACA) je\u00a0sinteti\u010dki kanabinoid na bazi indola\u00a0koji je sna\u017ean\u00a0agonist\u00a0receptora\u00a0CB1\u00a0i prodan je online kao\u00a0dizajnerski lijek, veleprodaja","breadcrumb":{"@id":"https:\/\/medicinasinc.com\/hr\/product\/buy-mdmb-chmica\/#breadcrumb"},"inLanguage":"hr","potentialAction":[{"@type":"ReadAction","target":["https:\/\/medicinasinc.com\/hr\/product\/buy-mdmb-chmica\/"]}]},{"@type":"ImageObject","inLanguage":"hr","@id":"https:\/\/medicinasinc.com\/hr\/product\/buy-mdmb-chmica\/#primaryimage","url":"https:\/\/medicinasinc.com\/hr\/wp-content\/uploads\/sites\/3\/2022\/02\/Buy-MDMB-CHMICA.jpg","contentUrl":"https:\/\/medicinasinc.com\/hr\/wp-content\/uploads\/sites\/3\/2022\/02\/Buy-MDMB-CHMICA.jpg","width":459,"height":443},{"@type":"BreadcrumbList","@id":"https:\/\/medicinasinc.com\/hr\/product\/buy-mdmb-chmica\/#breadcrumb","itemListElement":[{"@type":"ListItem","position":1,"name":"Du\u0107an","item":"https:\/\/medicinasinc.com\/hr\/ducan\/"},{"@type":"ListItem","position":2,"name":"Kupite MDMB-CHMICA"}]},{"@type":"WebSite","@id":"https:\/\/medicinasinc.com\/hr\/#website","url":"https:\/\/medicinasinc.com\/hr\/","name":"Medicinas Inc","description":"Health Medical Clinic","potentialAction":[{"@type":"SearchAction","target":{"@type":"EntryPoint","urlTemplate":"https:\/\/medicinasinc.com\/hr\/?s={search_term_string}"},"query-input":{"@type":"PropertyValueSpecification","valueRequired":true,"valueName":"search_term_string"}}],"inLanguage":"hr"}]}},"_links":{"self":[{"href":"https:\/\/medicinasinc.com\/hr\/wp-json\/wp\/v2\/product\/5912","targetHints":{"allow":["GET"]}}],"collection":[{"href":"https:\/\/medicinasinc.com\/hr\/wp-json\/wp\/v2\/product"}],"about":[{"href":"https:\/\/medicinasinc.com\/hr\/wp-json\/wp\/v2\/types\/product"}],"replies":[{"embeddable":true,"href":"https:\/\/medicinasinc.com\/hr\/wp-json\/wp\/v2\/comments?post=5912"}],"wp:featuredmedia":[{"embeddable":true,"href":"https:\/\/medicinasinc.com\/hr\/wp-json\/wp\/v2\/media\/5937"}],"wp:attachment":[{"href":"https:\/\/medicinasinc.com\/hr\/wp-json\/wp\/v2\/media?parent=5912"}],"wp:term":[{"taxonomy":"product_brand","embeddable":true,"href":"https:\/\/medicinasinc.com\/hr\/wp-json\/wp\/v2\/product_brand?post=5912"},{"taxonomy":"product_cat","embeddable":true,"href":"https:\/\/medicinasinc.com\/hr\/wp-json\/wp\/v2\/product_cat?post=5912"},{"taxonomy":"product_tag","embeddable":true,"href":"https:\/\/medicinasinc.com\/hr\/wp-json\/wp\/v2\/product_tag?post=5912"}],"curies":[{"name":"wp","href":"https:\/\/api.w.org\/{rel}","templated":true}]}}