{"id":5906,"date":"2022-02-22T08:12:00","date_gmt":"2022-02-22T08:12:00","guid":{"rendered":"https:\/\/medicinasinc.com\/hr\/?post_type=product&#038;p=5906"},"modified":"2022-03-15T05:20:20","modified_gmt":"2022-03-15T05:20:20","slug":"kupi-s-fubinaca","status":"publish","type":"product","link":"https:\/\/medicinasinc.com\/hr\/product\/kupi-s-fubinaca\/","title":{"rendered":"Kupite AMB-FUBINACA"},"content":{"rendered":"<p>Sintetski kanabinoid AMB-FUBINACA na bazi indazola, tako\u0111er poznat kao FUB-AMB i MMB-FUBINACA, sna\u017ean je kanabinoidni agonist. Ima Ki vrijednosti od 10,04 nM na CB1 i 0,786 nM na CB2 i EC50 vrijednosti od 0,5433 nM na CB1 i 0,1278 nM na CB2. Prodan je na internetu kao dizajnerska droga. Prvi ga je napravio Pfizer, koji je patentirao spoj 2009. Spoj nikada nije testiran na ljudima. U 2017. i prvoj polovici 2018. godine DEA je izvr\u0161ila mnogo zapljena droga. Naj\u010de\u0161\u0107i sintetski kanabinoid bio je AMB-FUBINACA.<\/p>\n<p>To je sintetski kanabinoid na bazi indazola pod nazivom AMB-FUBINACA, i sna\u017ean je agonist kanabinoidnih receptora. Ima Ki vrijednosti od 10,04 nM na CB1 i 0,786 nM na CB2, te EC50 vrijednosti od 0,5433 nM na CB1 i 0,1278 nM na CB2. Prodan je na internetu kao dizajnerska droga.<\/p>\n","protected":false},"excerpt":{"rendered":"<p><b>Kupite AMB-FUBINACA<\/b> zbog UK, Europe (tako\u0111er poznat kao <b>FUB-AMB<\/b>\u00a0i\u00a0<b>MMB-FUBINACA<\/b>) je\u00a0bazirana na indazolu <a class=\"mw-redirect\" title=\"Synthetic cannabinoid\" href=\"https:\/\/en.wikipedia.org\/wiki\/Synthetic_cannabinoid\">sinteti\u010dki kanabinoid<\/a>\u00a0koji je mo\u0107an\u00a0<a title=\"Agonist\" href=\"https:\/\/en.wikipedia.org\/wiki\/Agonist\">agonist<\/a>\u00a0za\u00a0kanabinoidne receptore, s\u00a0<i>K<\/i><sub>i<\/sub>\u00a0vrijednostima od 10,04\u00a0nM na CB<sub>1<\/sub>\u00a0i 0,786\u00a0nM na\u00a0CB<sub>2<\/sub>\u00a0i\u00a0EC<sub>50<\/sub>\u00a0vrijednosti od 0,5433\u00a0nM na CB<sub>1<\/sub>\u00a0i 0,1278\u00a0nM pri CB<sub>2<\/sub>, <sup id=\"cite_ref-1\" class=\"reference\"><\/sup>i prodan je online kao\u00a0dizajnerski lijek<\/p>\n","protected":false},"featured_media":5936,"comment_status":"open","ping_status":"closed","template":"","meta":[],"product_brand":[],"product_cat":[2596],"product_tag":[4077,4082,4079,4081,4080,4078],"class_list":{"0":"post-5906","1":"product","2":"type-product","3":"status-publish","4":"has-post-thumbnail","6":"product_cat-kanabinoidi-na-prodaju","7":"product_tag-buy-fub-amb-online","8":"product_tag-gdje-kupiti-fub-amb-online","9":"product_tag-kako-kupiti-fub-amb-online","10":"product_tag-kupnja-fub-s-online","11":"product_tag-naruite-fub-with-online","12":"product_tag-fub-sa-na-prodaja","14":"first","15":"instock","16":"shipping-taxable","17":"purchasable","18":"product-type-variable"},"yoast_head":"<!-- This site is optimized with the Yoast SEO plugin v27.3 - https:\/\/yoast.com\/product\/yoast-seo-wordpress\/ -->\n<title>Kupite AMB-FUBINACA - FUB-AMB - MMB-FUBINACA - Najbolji svjetski lijekovi<\/title>\n<meta name=\"description\" content=\"Kupite AMB-FUBINACA radi UK, Europe (tako\u0111er poznat kao FUB-AMB\u00a0i\u00a0MMB-FUBINACA) je\u00a0sintetski kanabinoid\u00a0na bazi indazola\u00a0koji je mo\u0107an\u00a0agonist\u00a0za\u00a0kanabinoidne receptore, s\u00a0Ki\u00a0vrijednostima od 10,04\u00a01\u00a0i\u00a06nM na\u00a07. CB2\u00a0i\u00a0EC50\u00a0vrijednosti od 0,5433\u00a0nM na CB1\u00a0i 0,1278\u00a0nM na CB2, a prodan je online kao\u00a0dizajnerski lijek\" \/>\n<meta name=\"robots\" content=\"index, follow, max-snippet:-1, max-image-preview:large, max-video-preview:-1\" \/>\n<link rel=\"canonical\" href=\"https:\/\/medicinasinc.com\/hr\/product\/kupi-s-fubinaca\/\" \/>\n<meta property=\"og:locale\" content=\"hr_HR\" \/>\n<meta property=\"og:type\" content=\"article\" \/>\n<meta property=\"og:title\" content=\"Kupite AMB-FUBINACA - FUB-AMB - MMB-FUBINACA - Najbolji svjetski lijekovi\" \/>\n<meta property=\"og:description\" content=\"Kupite AMB-FUBINACA radi UK, Europe (tako\u0111er poznat kao FUB-AMB\u00a0i\u00a0MMB-FUBINACA) je\u00a0sintetski kanabinoid\u00a0na bazi indazola\u00a0koji je mo\u0107an\u00a0agonist\u00a0za\u00a0kanabinoidne receptore, s\u00a0Ki\u00a0vrijednostima od 10,04\u00a01\u00a0i\u00a06nM na\u00a07. CB2\u00a0i\u00a0EC50\u00a0vrijednosti od 0,5433\u00a0nM na CB1\u00a0i 0,1278\u00a0nM na CB2, a prodan je online kao\u00a0dizajnerski lijek\" \/>\n<meta property=\"og:url\" content=\"https:\/\/medicinasinc.com\/hr\/product\/kupi-s-fubinaca\/\" \/>\n<meta property=\"og:site_name\" content=\"Medicinas Inc\" \/>\n<meta property=\"article:modified_time\" content=\"2022-03-15T05:20:20+00:00\" \/>\n<meta property=\"og:image\" content=\"https:\/\/medicinasinc.com\/hr\/wp-content\/uploads\/sites\/3\/2022\/02\/Buy-AMB-FUBINACA.jpg\" \/>\n\t<meta property=\"og:image:width\" content=\"400\" \/>\n\t<meta property=\"og:image:height\" content=\"400\" \/>\n\t<meta property=\"og:image:type\" content=\"image\/jpeg\" \/>\n<meta name=\"twitter:card\" content=\"summary_large_image\" \/>\n<meta name=\"twitter:label1\" content=\"Procijenjeno vrijeme \u010ditanja\" \/>\n\t<meta name=\"twitter:data1\" content=\"1 minuta\" \/>\n<script type=\"application\/ld+json\" class=\"yoast-schema-graph\">{\"@context\":\"https:\\\/\\\/schema.org\",\"@graph\":[{\"@type\":\"WebPage\",\"@id\":\"https:\\\/\\\/medicinasinc.com\\\/hr\\\/product\\\/kupi-s-fubinaca\\\/\",\"url\":\"https:\\\/\\\/medicinasinc.com\\\/hr\\\/product\\\/kupi-s-fubinaca\\\/\",\"name\":\"Kupite AMB-FUBINACA - FUB-AMB - MMB-FUBINACA - Najbolji svjetski lijekovi\",\"isPartOf\":{\"@id\":\"https:\\\/\\\/medicinasinc.com\\\/hr\\\/#website\"},\"primaryImageOfPage\":{\"@id\":\"https:\\\/\\\/medicinasinc.com\\\/hr\\\/product\\\/kupi-s-fubinaca\\\/#primaryimage\"},\"image\":{\"@id\":\"https:\\\/\\\/medicinasinc.com\\\/hr\\\/product\\\/kupi-s-fubinaca\\\/#primaryimage\"},\"thumbnailUrl\":\"https:\\\/\\\/medicinasinc.com\\\/hr\\\/wp-content\\\/uploads\\\/sites\\\/3\\\/2022\\\/02\\\/Buy-AMB-FUBINACA.jpg\",\"datePublished\":\"2022-02-22T08:12:00+00:00\",\"dateModified\":\"2022-03-15T05:20:20+00:00\",\"description\":\"Kupite AMB-FUBINACA radi UK, Europe (tako\u0111er poznat kao FUB-AMB\u00a0i\u00a0MMB-FUBINACA) je\u00a0sintetski kanabinoid\u00a0na bazi indazola\u00a0koji je mo\u0107an\u00a0agonist\u00a0za\u00a0kanabinoidne receptore, s\u00a0Ki\u00a0vrijednostima od 10,04\u00a01\u00a0i\u00a06nM na\u00a07. CB2\u00a0i\u00a0EC50\u00a0vrijednosti od 0,5433\u00a0nM na CB1\u00a0i 0,1278\u00a0nM na CB2, a prodan je online kao\u00a0dizajnerski lijek\",\"breadcrumb\":{\"@id\":\"https:\\\/\\\/medicinasinc.com\\\/hr\\\/product\\\/kupi-s-fubinaca\\\/#breadcrumb\"},\"inLanguage\":\"hr\",\"potentialAction\":[{\"@type\":\"ReadAction\",\"target\":[\"https:\\\/\\\/medicinasinc.com\\\/hr\\\/product\\\/kupi-s-fubinaca\\\/\"]}]},{\"@type\":\"ImageObject\",\"inLanguage\":\"hr\",\"@id\":\"https:\\\/\\\/medicinasinc.com\\\/hr\\\/product\\\/kupi-s-fubinaca\\\/#primaryimage\",\"url\":\"https:\\\/\\\/medicinasinc.com\\\/hr\\\/wp-content\\\/uploads\\\/sites\\\/3\\\/2022\\\/02\\\/Buy-AMB-FUBINACA.jpg\",\"contentUrl\":\"https:\\\/\\\/medicinasinc.com\\\/hr\\\/wp-content\\\/uploads\\\/sites\\\/3\\\/2022\\\/02\\\/Buy-AMB-FUBINACA.jpg\",\"width\":400,\"height\":400},{\"@type\":\"BreadcrumbList\",\"@id\":\"https:\\\/\\\/medicinasinc.com\\\/hr\\\/product\\\/kupi-s-fubinaca\\\/#breadcrumb\",\"itemListElement\":[{\"@type\":\"ListItem\",\"position\":1,\"name\":\"Du\u0107an\",\"item\":\"https:\\\/\\\/medicinasinc.com\\\/hr\\\/ducan\\\/\"},{\"@type\":\"ListItem\",\"position\":2,\"name\":\"Kupite AMB-FUBINACA\"}]},{\"@type\":\"WebSite\",\"@id\":\"https:\\\/\\\/medicinasinc.com\\\/hr\\\/#website\",\"url\":\"https:\\\/\\\/medicinasinc.com\\\/hr\\\/\",\"name\":\"Medicinas Inc\",\"description\":\"Health Medical Clinic\",\"potentialAction\":[{\"@type\":\"SearchAction\",\"target\":{\"@type\":\"EntryPoint\",\"urlTemplate\":\"https:\\\/\\\/medicinasinc.com\\\/hr\\\/?s={search_term_string}\"},\"query-input\":{\"@type\":\"PropertyValueSpecification\",\"valueRequired\":true,\"valueName\":\"search_term_string\"}}],\"inLanguage\":\"hr\"}]}<\/script>\n<!-- \/ Yoast SEO plugin. -->","yoast_head_json":{"title":"Kupite AMB-FUBINACA - FUB-AMB - MMB-FUBINACA - Najbolji svjetski lijekovi","description":"Kupite AMB-FUBINACA radi UK, Europe (tako\u0111er poznat kao FUB-AMB\u00a0i\u00a0MMB-FUBINACA) je\u00a0sintetski kanabinoid\u00a0na bazi indazola\u00a0koji je mo\u0107an\u00a0agonist\u00a0za\u00a0kanabinoidne receptore, s\u00a0Ki\u00a0vrijednostima od 10,04\u00a01\u00a0i\u00a06nM na\u00a07. CB2\u00a0i\u00a0EC50\u00a0vrijednosti od 0,5433\u00a0nM na CB1\u00a0i 0,1278\u00a0nM na CB2, a prodan je online kao\u00a0dizajnerski lijek","robots":{"index":"index","follow":"follow","max-snippet":"max-snippet:-1","max-image-preview":"max-image-preview:large","max-video-preview":"max-video-preview:-1"},"canonical":"https:\/\/medicinasinc.com\/hr\/product\/kupi-s-fubinaca\/","og_locale":"hr_HR","og_type":"article","og_title":"Kupite AMB-FUBINACA - FUB-AMB - MMB-FUBINACA - Najbolji svjetski lijekovi","og_description":"Kupite AMB-FUBINACA radi UK, Europe (tako\u0111er poznat kao FUB-AMB\u00a0i\u00a0MMB-FUBINACA) je\u00a0sintetski kanabinoid\u00a0na bazi indazola\u00a0koji je mo\u0107an\u00a0agonist\u00a0za\u00a0kanabinoidne receptore, s\u00a0Ki\u00a0vrijednostima od 10,04\u00a01\u00a0i\u00a06nM na\u00a07. CB2\u00a0i\u00a0EC50\u00a0vrijednosti od 0,5433\u00a0nM na CB1\u00a0i 0,1278\u00a0nM na CB2, a prodan je online kao\u00a0dizajnerski lijek","og_url":"https:\/\/medicinasinc.com\/hr\/product\/kupi-s-fubinaca\/","og_site_name":"Medicinas Inc","article_modified_time":"2022-03-15T05:20:20+00:00","og_image":[{"width":400,"height":400,"url":"https:\/\/medicinasinc.com\/hr\/wp-content\/uploads\/sites\/3\/2022\/02\/Buy-AMB-FUBINACA.jpg","type":"image\/jpeg"}],"twitter_card":"summary_large_image","twitter_misc":{"Procijenjeno vrijeme \u010ditanja":"1 minuta"},"schema":{"@context":"https:\/\/schema.org","@graph":[{"@type":"WebPage","@id":"https:\/\/medicinasinc.com\/hr\/product\/kupi-s-fubinaca\/","url":"https:\/\/medicinasinc.com\/hr\/product\/kupi-s-fubinaca\/","name":"Kupite AMB-FUBINACA - FUB-AMB - MMB-FUBINACA - Najbolji svjetski lijekovi","isPartOf":{"@id":"https:\/\/medicinasinc.com\/hr\/#website"},"primaryImageOfPage":{"@id":"https:\/\/medicinasinc.com\/hr\/product\/kupi-s-fubinaca\/#primaryimage"},"image":{"@id":"https:\/\/medicinasinc.com\/hr\/product\/kupi-s-fubinaca\/#primaryimage"},"thumbnailUrl":"https:\/\/medicinasinc.com\/hr\/wp-content\/uploads\/sites\/3\/2022\/02\/Buy-AMB-FUBINACA.jpg","datePublished":"2022-02-22T08:12:00+00:00","dateModified":"2022-03-15T05:20:20+00:00","description":"Kupite AMB-FUBINACA radi UK, Europe (tako\u0111er poznat kao FUB-AMB\u00a0i\u00a0MMB-FUBINACA) je\u00a0sintetski kanabinoid\u00a0na bazi indazola\u00a0koji je mo\u0107an\u00a0agonist\u00a0za\u00a0kanabinoidne receptore, s\u00a0Ki\u00a0vrijednostima od 10,04\u00a01\u00a0i\u00a06nM na\u00a07. CB2\u00a0i\u00a0EC50\u00a0vrijednosti od 0,5433\u00a0nM na CB1\u00a0i 0,1278\u00a0nM na CB2, a prodan je online kao\u00a0dizajnerski lijek","breadcrumb":{"@id":"https:\/\/medicinasinc.com\/hr\/product\/kupi-s-fubinaca\/#breadcrumb"},"inLanguage":"hr","potentialAction":[{"@type":"ReadAction","target":["https:\/\/medicinasinc.com\/hr\/product\/kupi-s-fubinaca\/"]}]},{"@type":"ImageObject","inLanguage":"hr","@id":"https:\/\/medicinasinc.com\/hr\/product\/kupi-s-fubinaca\/#primaryimage","url":"https:\/\/medicinasinc.com\/hr\/wp-content\/uploads\/sites\/3\/2022\/02\/Buy-AMB-FUBINACA.jpg","contentUrl":"https:\/\/medicinasinc.com\/hr\/wp-content\/uploads\/sites\/3\/2022\/02\/Buy-AMB-FUBINACA.jpg","width":400,"height":400},{"@type":"BreadcrumbList","@id":"https:\/\/medicinasinc.com\/hr\/product\/kupi-s-fubinaca\/#breadcrumb","itemListElement":[{"@type":"ListItem","position":1,"name":"Du\u0107an","item":"https:\/\/medicinasinc.com\/hr\/ducan\/"},{"@type":"ListItem","position":2,"name":"Kupite AMB-FUBINACA"}]},{"@type":"WebSite","@id":"https:\/\/medicinasinc.com\/hr\/#website","url":"https:\/\/medicinasinc.com\/hr\/","name":"Medicinas Inc","description":"Health Medical Clinic","potentialAction":[{"@type":"SearchAction","target":{"@type":"EntryPoint","urlTemplate":"https:\/\/medicinasinc.com\/hr\/?s={search_term_string}"},"query-input":{"@type":"PropertyValueSpecification","valueRequired":true,"valueName":"search_term_string"}}],"inLanguage":"hr"}]}},"_links":{"self":[{"href":"https:\/\/medicinasinc.com\/hr\/wp-json\/wp\/v2\/product\/5906","targetHints":{"allow":["GET"]}}],"collection":[{"href":"https:\/\/medicinasinc.com\/hr\/wp-json\/wp\/v2\/product"}],"about":[{"href":"https:\/\/medicinasinc.com\/hr\/wp-json\/wp\/v2\/types\/product"}],"replies":[{"embeddable":true,"href":"https:\/\/medicinasinc.com\/hr\/wp-json\/wp\/v2\/comments?post=5906"}],"wp:featuredmedia":[{"embeddable":true,"href":"https:\/\/medicinasinc.com\/hr\/wp-json\/wp\/v2\/media\/5936"}],"wp:attachment":[{"href":"https:\/\/medicinasinc.com\/hr\/wp-json\/wp\/v2\/media?parent=5906"}],"wp:term":[{"taxonomy":"product_brand","embeddable":true,"href":"https:\/\/medicinasinc.com\/hr\/wp-json\/wp\/v2\/product_brand?post=5906"},{"taxonomy":"product_cat","embeddable":true,"href":"https:\/\/medicinasinc.com\/hr\/wp-json\/wp\/v2\/product_cat?post=5906"},{"taxonomy":"product_tag","embeddable":true,"href":"https:\/\/medicinasinc.com\/hr\/wp-json\/wp\/v2\/product_tag?post=5906"}],"curies":[{"name":"wp","href":"https:\/\/api.w.org\/{rel}","templated":true}]}}