{"id":5897,"date":"2022-02-22T08:07:13","date_gmt":"2022-02-22T08:07:13","guid":{"rendered":"https:\/\/medicinasinc.com\/hr\/?post_type=product&#038;p=5897"},"modified":"2022-03-15T05:20:37","modified_gmt":"2022-03-15T05:20:37","slug":"kupiti-5c-akb48","status":"publish","type":"product","link":"https:\/\/medicinasinc.com\/hr\/product\/kupiti-5c-akb48\/","title":{"rendered":"Kupite 5C-AKB48"},"content":{"rendered":"<p>Koji je kod 5C-AKB48?<\/p>\n<p>5C-AKB48 je sintetski kanabinoid koji pripada klasi indazol karboksamida. To je 5-kloro analog 5F-AKB48 (\u010desto se naziva AKB48, 5F-APINACA ili 5F-AKB48), poznatijeg sinteti\u010dkog kanabinoida otkrivenog u Ju\u017enoj Koreji.<\/p>\n<p>Najve\u0107i europski trgovac na malo. praha 5C-AKB48.<\/p>\n<p>5C-AKB48 se mo\u017ee kupiti online koriste\u0107i Bitcoin. 5C-AKB48 je ja\u010da verzija AKB-48 koja djeluje na kanabinoidne receptore.<\/p>\n<p>Tvrdi se da 5C-AKB48 ima sli\u010dne, ali sna\u017enije u\u010dinke od 5F-AKB48, te, kao i svi sinteti\u010dki kanabinoidi, ima visok afinitet za CB1 i CB2 receptore.<\/p>\n<p>Kemijske karakteristike 5C-AKB48<\/p>\n<p>C23H30CIN3O<\/p>\n<p>N-(adamantan-1-il)<\/p>\n<p>-1-(5-kloropentil)-1H-indazol<\/p>\n<p>-3-karboksamid<\/p>\n<p>Molekularna te\u017eina: 400,00 g\/mol<\/p>\n<p>\u010cisto\u0107a : vi\u0161e od 98 posto<\/p>\n<p>5C-AKB48 je sintetski kanabinoid koji pripada obitelji indazol-3-karboksamida. Dijeli sli\u010dne molekularne zna\u010dajke s 5F-ABD. Kao \u0161to je slu\u010daj s mnogim kanabinoidima, ima visok afinitet za CB1 i CB2 receptore, \u0161to pridonosi njegovim eufori\u010dnim karakteristikama. Kao \u0161to je slu\u010daj s ve\u0107inom kanabinoida, netopiv je u vodi i stabilan je na sobnoj temperaturi. Kao \u0161to je slu\u010daj s ve\u0107inom kanabinoida, 5C-AKB48 ima zna\u010dajan potencijal za kori\u0161tenje kao sredstvo protiv bolova i stimulans apetita. Iako nisu provedena ispitivanja na ljudima, razumno je pretpostaviti da 5C-AKB48 ima iste sintetske kanabinoidne u\u010dinke kao i druge kemikalije u istoj klasi. Treba napomenuti da sigurnosni profil ovog lijeka nije temeljito procijenjen i da nije namijenjen za ljudsku prehranu.<\/p>\n<p>Koje su vjerojatne nuspojave i mjere opreza povezane s 5C-AKB48?<\/p>\n<p>U\u010dinci 5C-psihoaktivnog AKB48 usporedivi su s u\u010dincima drugih prirodnih i sintetskih kanabinoida, ponajvi\u0161e 5F-ABD.<\/p>\n<p>Sedacija: Mo\u017eda najpoznatiji u\u010dinak kanabinoida, potro\u0161a\u010di izvje\u0161tavaju o dubokom osje\u0107aju smirenosti i smanjene razine energije nakon potro\u0161nje 5C-AKB48.<\/p>\n<p>Smanjenje upale: tisu\u0107lje\u0107ima su se prirodni kanabinoidi koristili zbog svojih protuupalnih svojstava. CBD (nepsihoaktivni kanabinoid) nedavno je stekao popularnost kao sredstvo protiv bolova i upale. Iako nisu provedena nikakva slu\u017ebena istra\u017eivanja, razumno je pretpostaviti da 5C-AKB48 posjeduje protuupalna svojstva povezana s kanabinoidima.<\/p>\n<p>Svojstva protiv mu\u010dnine i povra\u0107anja: kanabinoidi imaju svojstva protiv mu\u010dnine i povra\u0107anja koja imaju svojstva protiv mu\u010dnine i povra\u0107anja. klini\u010dki se vi\u0111aju dugi niz godina [1], s rutinski propisivanim lijekovima kao \u0161to su Marinol, syndros i Nabilone koji sadr\u017ee sintetske kanabinoide.<\/p>\n<p>Kanabinoidi su dugo bili prepoznati po svojoj sposobnosti da zna\u010dajno smanje te\u017einu migrene i migrene. kroni\u010dne glavobolje u ljudi [2]. Na\u017ealost, nisu provedene kontrolirane studije o korisnosti 5C-AKB48 u lije\u010denju glavobolje, a postoji samo nekoliko anegdotskih izvje\u0161taja.<\/p>\n<p>Kao \u0161to je prethodno navedeno, nije poduzeta nikakva formalna istra\u017eivanja o 5C-AKB48. , pa je stoga njegov sigurnosni profil trenutno nejasan. Unato\u010d izostanku testiranja, mo\u017eemo o\u010dekivati \u200b\u200bda \u0107e pokazati tipi\u010dne \u0161tetne u\u010dinke kanabisa. Kao rezultat toga, va\u017eno je zapamtiti da je 5C-AKB48 namijenjen samo za istra\u017eiva\u010dku upotrebu i nije namijenjen prehrani ljudi. Ne smije se rukovati bez upotrebe odgovaraju\u0107e laboratorijske opreme, uklju\u010duju\u0107i za\u0161titu za o\u010di i rukavice.<\/p>\n<p>Gdje mogu kupiti?<\/p>\n<p>Chemical Planet s ponosom nudi najkvalitetniji 5C- AKB48 na tr\u017ei\u0161tu. Chemical Planet je tako\u0111er dobavlja\u010d broj 1 od povjerenja, koji pru\u017ea brzu, diskretnu dostavu na brojna mjesta diljem svijeta.<\/p>\n<p>Da biste kupili 5C-AKB48, morate imati najmanje 18 godina i sve glavne kreditne kartice. kao i bitcoin su prihva\u0107eni. Svi proizvodi, uklju\u010duju\u0107i 5C-AKB48, namijenjeni su isklju\u010divo za istra\u017eiva\u010dku upotrebu i nisu namijenjeni prehrani ljudi.<\/p>\n","protected":false},"excerpt":{"rendered":"<p>Kupite 5c-akb48 za prodaju, veleprodaja 5c-akb48 UK, naru\u010dite 5cakb48 europski dobavlja\u010d. 5c-akb48 je sintetski kanabinoid na bazi indazola koji se prodaje na internetu kao dizajnerska droga.<\/p>\n","protected":false},"featured_media":5928,"comment_status":"open","ping_status":"closed","template":"","meta":[],"product_brand":[],"product_cat":[2596],"product_tag":[4052,4053,4054,4055,4056,2600,4058,4057,2616,4059,2615,4060,4061,4065,4062,4063,4064],"class_list":{"0":"post-5897","1":"product","2":"type-product","3":"status-publish","4":"has-post-thumbnail","6":"product_cat-kanabinoidi-na-prodaju","7":"product_tag-5c-akb48","8":"product_tag-5c-akb48-na-prodaja","9":"product_tag-5cakb48","10":"product_tag-5f-mdmb-2201-5f-mdmb-2201-kanabinoid","11":"product_tag-5f-mdmb-2201-psihonaut","12":"product_tag-5f-mdmb-2201","13":"product_tag-5f-mdmb-2201-doziranje","14":"product_tag-5f-mdmb-2201-kajman","15":"product_tag-5f-mdmb-2201-recenzija","16":"product_tag-5f-mdmb-2201-recenzije","17":"product_tag-5f-mdmb-2201-reddit","18":"product_tag-5f-mdmb-2201-wiki","19":"product_tag-5fmdmb2201-5f-mdmb-2201-kanabinoid","20":"product_tag-gdje-kupiti-5c-akb48-online","21":"product_tag-kupiti-5c-akb48-online","22":"product_tag-kupnja-5c-akb48-online","23":"product_tag-najbolje-mjesto-za-kupnju-5c-akb48-online","25":"first","26":"instock","27":"shipping-taxable","28":"purchasable","29":"product-type-variable"},"yoast_head":"<!-- This site is optimized with the Yoast SEO plugin v27.3 - https:\/\/yoast.com\/product\/yoast-seo-wordpress\/ -->\n<title>Kupite 5c-akb48 od pouzdanog dobavlja\u010da - kanabinoidi - najbolji svjetski lijekovi<\/title>\n<meta name=\"description\" content=\"Kupite 5c-akb48 za prodaju, veleprodaja 5c-akb48 UK, naru\u010dite 5cakb48 europski dobavlja\u010d. 5c-akb48 je sintetski kanabinoid na bazi indazola koji se prodaje na internetu kao dizajnerski lijek.\" \/>\n<meta name=\"robots\" content=\"index, follow, max-snippet:-1, max-image-preview:large, max-video-preview:-1\" \/>\n<link rel=\"canonical\" href=\"https:\/\/medicinasinc.com\/hr\/product\/kupiti-5c-akb48\/\" \/>\n<meta property=\"og:locale\" content=\"hr_HR\" \/>\n<meta property=\"og:type\" content=\"article\" \/>\n<meta property=\"og:title\" content=\"Kupite 5c-akb48 od pouzdanog dobavlja\u010da - kanabinoidi - najbolji svjetski lijekovi\" \/>\n<meta property=\"og:description\" content=\"Kupite 5c-akb48 za prodaju, veleprodaja 5c-akb48 UK, naru\u010dite 5cakb48 europski dobavlja\u010d. 5c-akb48 je sintetski kanabinoid na bazi indazola koji se prodaje na internetu kao dizajnerski lijek.\" \/>\n<meta property=\"og:url\" content=\"https:\/\/medicinasinc.com\/hr\/product\/kupiti-5c-akb48\/\" \/>\n<meta property=\"og:site_name\" content=\"Medicinas Inc\" \/>\n<meta property=\"article:modified_time\" content=\"2022-03-15T05:20:37+00:00\" \/>\n<meta property=\"og:image\" content=\"https:\/\/medicinasinc.com\/hr\/wp-content\/uploads\/sites\/3\/2022\/02\/Buy-5C-AKB48.png\" \/>\n\t<meta property=\"og:image:width\" content=\"500\" \/>\n\t<meta property=\"og:image:height\" content=\"500\" \/>\n\t<meta property=\"og:image:type\" content=\"image\/png\" \/>\n<meta name=\"twitter:card\" content=\"summary_large_image\" \/>\n<meta name=\"twitter:label1\" content=\"Procijenjeno vrijeme \u010ditanja\" \/>\n\t<meta name=\"twitter:data1\" content=\"3 minute\" \/>\n<script type=\"application\/ld+json\" class=\"yoast-schema-graph\">{\"@context\":\"https:\\\/\\\/schema.org\",\"@graph\":[{\"@type\":\"WebPage\",\"@id\":\"https:\\\/\\\/medicinasinc.com\\\/hr\\\/product\\\/kupiti-5c-akb48\\\/\",\"url\":\"https:\\\/\\\/medicinasinc.com\\\/hr\\\/product\\\/kupiti-5c-akb48\\\/\",\"name\":\"Kupite 5c-akb48 od pouzdanog dobavlja\u010da - kanabinoidi - najbolji svjetski lijekovi\",\"isPartOf\":{\"@id\":\"https:\\\/\\\/medicinasinc.com\\\/hr\\\/#website\"},\"primaryImageOfPage\":{\"@id\":\"https:\\\/\\\/medicinasinc.com\\\/hr\\\/product\\\/kupiti-5c-akb48\\\/#primaryimage\"},\"image\":{\"@id\":\"https:\\\/\\\/medicinasinc.com\\\/hr\\\/product\\\/kupiti-5c-akb48\\\/#primaryimage\"},\"thumbnailUrl\":\"https:\\\/\\\/medicinasinc.com\\\/hr\\\/wp-content\\\/uploads\\\/sites\\\/3\\\/2022\\\/02\\\/Buy-5C-AKB48.png\",\"datePublished\":\"2022-02-22T08:07:13+00:00\",\"dateModified\":\"2022-03-15T05:20:37+00:00\",\"description\":\"Kupite 5c-akb48 za prodaju, veleprodaja 5c-akb48 UK, naru\u010dite 5cakb48 europski dobavlja\u010d. 5c-akb48 je sintetski kanabinoid na bazi indazola koji se prodaje na internetu kao dizajnerski lijek.\",\"breadcrumb\":{\"@id\":\"https:\\\/\\\/medicinasinc.com\\\/hr\\\/product\\\/kupiti-5c-akb48\\\/#breadcrumb\"},\"inLanguage\":\"hr\",\"potentialAction\":[{\"@type\":\"ReadAction\",\"target\":[\"https:\\\/\\\/medicinasinc.com\\\/hr\\\/product\\\/kupiti-5c-akb48\\\/\"]}]},{\"@type\":\"ImageObject\",\"inLanguage\":\"hr\",\"@id\":\"https:\\\/\\\/medicinasinc.com\\\/hr\\\/product\\\/kupiti-5c-akb48\\\/#primaryimage\",\"url\":\"https:\\\/\\\/medicinasinc.com\\\/hr\\\/wp-content\\\/uploads\\\/sites\\\/3\\\/2022\\\/02\\\/Buy-5C-AKB48.png\",\"contentUrl\":\"https:\\\/\\\/medicinasinc.com\\\/hr\\\/wp-content\\\/uploads\\\/sites\\\/3\\\/2022\\\/02\\\/Buy-5C-AKB48.png\",\"width\":500,\"height\":500},{\"@type\":\"BreadcrumbList\",\"@id\":\"https:\\\/\\\/medicinasinc.com\\\/hr\\\/product\\\/kupiti-5c-akb48\\\/#breadcrumb\",\"itemListElement\":[{\"@type\":\"ListItem\",\"position\":1,\"name\":\"Du\u0107an\",\"item\":\"https:\\\/\\\/medicinasinc.com\\\/hr\\\/ducan\\\/\"},{\"@type\":\"ListItem\",\"position\":2,\"name\":\"Kupite 5C-AKB48\"}]},{\"@type\":\"WebSite\",\"@id\":\"https:\\\/\\\/medicinasinc.com\\\/hr\\\/#website\",\"url\":\"https:\\\/\\\/medicinasinc.com\\\/hr\\\/\",\"name\":\"Medicinas Inc\",\"description\":\"Health Medical Clinic\",\"potentialAction\":[{\"@type\":\"SearchAction\",\"target\":{\"@type\":\"EntryPoint\",\"urlTemplate\":\"https:\\\/\\\/medicinasinc.com\\\/hr\\\/?s={search_term_string}\"},\"query-input\":{\"@type\":\"PropertyValueSpecification\",\"valueRequired\":true,\"valueName\":\"search_term_string\"}}],\"inLanguage\":\"hr\"}]}<\/script>\n<!-- \/ Yoast SEO plugin. -->","yoast_head_json":{"title":"Kupite 5c-akb48 od pouzdanog dobavlja\u010da - kanabinoidi - najbolji svjetski lijekovi","description":"Kupite 5c-akb48 za prodaju, veleprodaja 5c-akb48 UK, naru\u010dite 5cakb48 europski dobavlja\u010d. 5c-akb48 je sintetski kanabinoid na bazi indazola koji se prodaje na internetu kao dizajnerski lijek.","robots":{"index":"index","follow":"follow","max-snippet":"max-snippet:-1","max-image-preview":"max-image-preview:large","max-video-preview":"max-video-preview:-1"},"canonical":"https:\/\/medicinasinc.com\/hr\/product\/kupiti-5c-akb48\/","og_locale":"hr_HR","og_type":"article","og_title":"Kupite 5c-akb48 od pouzdanog dobavlja\u010da - kanabinoidi - najbolji svjetski lijekovi","og_description":"Kupite 5c-akb48 za prodaju, veleprodaja 5c-akb48 UK, naru\u010dite 5cakb48 europski dobavlja\u010d. 5c-akb48 je sintetski kanabinoid na bazi indazola koji se prodaje na internetu kao dizajnerski lijek.","og_url":"https:\/\/medicinasinc.com\/hr\/product\/kupiti-5c-akb48\/","og_site_name":"Medicinas Inc","article_modified_time":"2022-03-15T05:20:37+00:00","og_image":[{"width":500,"height":500,"url":"https:\/\/medicinasinc.com\/hr\/wp-content\/uploads\/sites\/3\/2022\/02\/Buy-5C-AKB48.png","type":"image\/png"}],"twitter_card":"summary_large_image","twitter_misc":{"Procijenjeno vrijeme \u010ditanja":"3 minute"},"schema":{"@context":"https:\/\/schema.org","@graph":[{"@type":"WebPage","@id":"https:\/\/medicinasinc.com\/hr\/product\/kupiti-5c-akb48\/","url":"https:\/\/medicinasinc.com\/hr\/product\/kupiti-5c-akb48\/","name":"Kupite 5c-akb48 od pouzdanog dobavlja\u010da - kanabinoidi - najbolji svjetski lijekovi","isPartOf":{"@id":"https:\/\/medicinasinc.com\/hr\/#website"},"primaryImageOfPage":{"@id":"https:\/\/medicinasinc.com\/hr\/product\/kupiti-5c-akb48\/#primaryimage"},"image":{"@id":"https:\/\/medicinasinc.com\/hr\/product\/kupiti-5c-akb48\/#primaryimage"},"thumbnailUrl":"https:\/\/medicinasinc.com\/hr\/wp-content\/uploads\/sites\/3\/2022\/02\/Buy-5C-AKB48.png","datePublished":"2022-02-22T08:07:13+00:00","dateModified":"2022-03-15T05:20:37+00:00","description":"Kupite 5c-akb48 za prodaju, veleprodaja 5c-akb48 UK, naru\u010dite 5cakb48 europski dobavlja\u010d. 5c-akb48 je sintetski kanabinoid na bazi indazola koji se prodaje na internetu kao dizajnerski lijek.","breadcrumb":{"@id":"https:\/\/medicinasinc.com\/hr\/product\/kupiti-5c-akb48\/#breadcrumb"},"inLanguage":"hr","potentialAction":[{"@type":"ReadAction","target":["https:\/\/medicinasinc.com\/hr\/product\/kupiti-5c-akb48\/"]}]},{"@type":"ImageObject","inLanguage":"hr","@id":"https:\/\/medicinasinc.com\/hr\/product\/kupiti-5c-akb48\/#primaryimage","url":"https:\/\/medicinasinc.com\/hr\/wp-content\/uploads\/sites\/3\/2022\/02\/Buy-5C-AKB48.png","contentUrl":"https:\/\/medicinasinc.com\/hr\/wp-content\/uploads\/sites\/3\/2022\/02\/Buy-5C-AKB48.png","width":500,"height":500},{"@type":"BreadcrumbList","@id":"https:\/\/medicinasinc.com\/hr\/product\/kupiti-5c-akb48\/#breadcrumb","itemListElement":[{"@type":"ListItem","position":1,"name":"Du\u0107an","item":"https:\/\/medicinasinc.com\/hr\/ducan\/"},{"@type":"ListItem","position":2,"name":"Kupite 5C-AKB48"}]},{"@type":"WebSite","@id":"https:\/\/medicinasinc.com\/hr\/#website","url":"https:\/\/medicinasinc.com\/hr\/","name":"Medicinas Inc","description":"Health Medical Clinic","potentialAction":[{"@type":"SearchAction","target":{"@type":"EntryPoint","urlTemplate":"https:\/\/medicinasinc.com\/hr\/?s={search_term_string}"},"query-input":{"@type":"PropertyValueSpecification","valueRequired":true,"valueName":"search_term_string"}}],"inLanguage":"hr"}]}},"_links":{"self":[{"href":"https:\/\/medicinasinc.com\/hr\/wp-json\/wp\/v2\/product\/5897","targetHints":{"allow":["GET"]}}],"collection":[{"href":"https:\/\/medicinasinc.com\/hr\/wp-json\/wp\/v2\/product"}],"about":[{"href":"https:\/\/medicinasinc.com\/hr\/wp-json\/wp\/v2\/types\/product"}],"replies":[{"embeddable":true,"href":"https:\/\/medicinasinc.com\/hr\/wp-json\/wp\/v2\/comments?post=5897"}],"wp:featuredmedia":[{"embeddable":true,"href":"https:\/\/medicinasinc.com\/hr\/wp-json\/wp\/v2\/media\/5928"}],"wp:attachment":[{"href":"https:\/\/medicinasinc.com\/hr\/wp-json\/wp\/v2\/media?parent=5897"}],"wp:term":[{"taxonomy":"product_brand","embeddable":true,"href":"https:\/\/medicinasinc.com\/hr\/wp-json\/wp\/v2\/product_brand?post=5897"},{"taxonomy":"product_cat","embeddable":true,"href":"https:\/\/medicinasinc.com\/hr\/wp-json\/wp\/v2\/product_cat?post=5897"},{"taxonomy":"product_tag","embeddable":true,"href":"https:\/\/medicinasinc.com\/hr\/wp-json\/wp\/v2\/product_tag?post=5897"}],"curies":[{"name":"wp","href":"https:\/\/api.w.org\/{rel}","templated":true}]}}