{"id":5893,"date":"2022-02-22T08:05:19","date_gmt":"2022-02-22T08:05:19","guid":{"rendered":"https:\/\/medicinasinc.com\/hr\/?post_type=product&#038;p=5893"},"modified":"2022-03-15T05:20:46","modified_gmt":"2022-03-15T05:20:46","slug":"kupiti-benzil-metil-keton-bmk-prah-online","status":"publish","type":"product","link":"https:\/\/medicinasinc.com\/hr\/product\/kupiti-benzil-metil-keton-bmk-prah-online\/","title":{"rendered":"Kupite benzil metil keton (BMK) prah online"},"content":{"rendered":"<p>Online kupnja BMK praha<\/p>\n<p>BMK prah se mo\u017ee kupiti online. Kemijska formula za fenilaceton je C6H5CH2COCH3. To je ulje koje je bezbojno i topivo u organskim otapalima. Ova se kemikalija op\u0107enito naziva P2P jer se koristi u proizvodnji metamfetamina i amfetamina. Fenilaceton se kod ljudi proizvodi kao metabolit amfetamina i metamfetamina oksidativnom deaminacijom posredovanom FMO3.<\/p>\n<p>Fenilaceton, tako\u0111er poznat kao benzil metil keton (BMK) ili P2P, bio je prekursor proizvodnje amfetamina. Regulira ga Europska unija (EU) prema Uredbi (EZ) 273\/2004 o prekursorima droga i Uredbi Vije\u0107a (EZ) 111\/2005 o razmjeni prekursora droga. Kao rezultat toga, administratori moraju dobiti ovla\u0161tenje od kvalificiranih stru\u010dnjaka kako bi ga posjedovali, uvozili ili transportirali. U posljednje vrijeme nije bilo velikih zarobljavanja BMK unutar EU. Imamo stvarno dobru ocjenu zadovoljstva kupaca i spremni smo biti vode\u0107i online dobavlja\u010di fenilaceton ulja.<\/p>\n<p>Fenilaceton se tako\u0111er mo\u017ee sintetizirati iz prekursora kao \u0161to je APAAN (alfa-fenilacetoacetonitril). Nedavno je uvoz APAAN-a bio na vrhuncu svih vremena i kao rezultat toga bio je uravnote\u017een u EU pred kraj 2013. U o\u017eujku 2014. Komisija Ujedinjenih naroda za opojne droge jednoglasno je izglasala da se regulira globalno. <\/p>\n<p>Na\u0161i na\u010dini dostave i dostave potpuno su sigurni i jednostavni za kupnju fenilacetonskog ulja putem interneta. Spremni smo prodati male koli\u010dine kao i velike koli\u010dine na\u0161eg fenilacetonskog ulja na mre\u017ei. Na\u0161e phenylacetone Oil online kvaliteta je bez premca, a prodajemo u malim\/velikim koli\u010dinama uz jamstvo diskretne dostave na vrijeme nakon \u0161to kupite phenylacetone Oil online. Dostava putem DHL-a, TNT-a ili FedEx-a, izme\u0111u ostalog. Osim toga, ovisi o na\u010dinu prijevoza kupca prilikom narud\u017ebe za fenilacetonsko ulje online. Ne ustru\u010davajte se kontaktirati nas kada budete spremni kupiti fenilaceton, jer mi nudimo najjeftiniju cijenu.<\/p>\n<p>Namjera nam je da kupnju \u0161irokog spektra na\u0161ih proizvoda u\u010dinimo jednostavnom. Nakon \u0161to naru\u010dite fenilacetonsko ulje online kod nas, mi \u0107emo vas savjetovati o kupnji. Osiguravamo da na\u0161i klijenti dobiju svoj paket i visokokvalitetno fenilacetonsko ulje, kao i da postignu svoje ciljeve osiguravaju\u0107i da su na\u0161i artikli pravilno tretirani.<\/p>\n","protected":false},"excerpt":{"rendered":"<p>Kupite benzil metil keton (BMK) prah online. Na\u0161 BMK prah je 100% laboratorijski ispitan. Na\u0161 BMK prah \u0161aljemo kao diskretnu i ekspresnu po\u0161iljku<\/p>\n","protected":false},"featured_media":5922,"comment_status":"open","ping_status":"closed","template":"","meta":[],"product_brand":[],"product_cat":[2014],"product_tag":[],"class_list":{"0":"post-5893","1":"product","2":"type-product","3":"status-publish","4":"has-post-thumbnail","6":"product_cat-kupiti-istrazivati-kemikalije","8":"first","9":"instock","10":"shipping-taxable","11":"purchasable","12":"product-type-variable"},"yoast_head":"<!-- This site is optimized with the Yoast SEO plugin v27.3 - https:\/\/yoast.com\/product\/yoast-seo-wordpress\/ -->\n<title>Kupite benzil metil keton (BMK) u prahu na mre\u017ei - najbolji svjetski lijekovi<\/title>\n<meta name=\"description\" content=\"Kupite benzil metil keton (BMK) prah online. Na\u0161 BMK prah je 100% laboratorijski ispitan. Na\u0161 BMK prah \u0161aljemo kao diskretnu i ekspresnu po\u0161iljku\" \/>\n<meta name=\"robots\" content=\"index, follow, max-snippet:-1, max-image-preview:large, max-video-preview:-1\" \/>\n<link rel=\"canonical\" href=\"https:\/\/medicinasinc.com\/hr\/product\/kupiti-benzil-metil-keton-bmk-prah-online\/\" \/>\n<meta property=\"og:locale\" content=\"hr_HR\" \/>\n<meta property=\"og:type\" content=\"article\" \/>\n<meta property=\"og:title\" content=\"Kupite benzil metil keton (BMK) u prahu na mre\u017ei - najbolji svjetski lijekovi\" \/>\n<meta property=\"og:description\" content=\"Kupite benzil metil keton (BMK) prah online. Na\u0161 BMK prah je 100% laboratorijski ispitan. Na\u0161 BMK prah \u0161aljemo kao diskretnu i ekspresnu po\u0161iljku\" \/>\n<meta property=\"og:url\" content=\"https:\/\/medicinasinc.com\/hr\/product\/kupiti-benzil-metil-keton-bmk-prah-online\/\" \/>\n<meta property=\"og:site_name\" content=\"Medicinas Inc\" \/>\n<meta property=\"article:modified_time\" content=\"2022-03-15T05:20:46+00:00\" \/>\n<meta property=\"og:image\" content=\"https:\/\/medicinasinc.com\/hr\/wp-content\/uploads\/sites\/3\/2022\/02\/buy-bmk-powder.jpg\" \/>\n\t<meta property=\"og:image:width\" content=\"447\" \/>\n\t<meta property=\"og:image:height\" content=\"389\" \/>\n\t<meta property=\"og:image:type\" content=\"image\/jpeg\" \/>\n<meta name=\"twitter:card\" content=\"summary_large_image\" \/>\n<meta name=\"twitter:label1\" content=\"Procijenjeno vrijeme \u010ditanja\" \/>\n\t<meta name=\"twitter:data1\" content=\"2 minute\" \/>\n<script type=\"application\/ld+json\" class=\"yoast-schema-graph\">{\"@context\":\"https:\\\/\\\/schema.org\",\"@graph\":[{\"@type\":\"WebPage\",\"@id\":\"https:\\\/\\\/medicinasinc.com\\\/hr\\\/product\\\/kupiti-benzil-metil-keton-bmk-prah-online\\\/\",\"url\":\"https:\\\/\\\/medicinasinc.com\\\/hr\\\/product\\\/kupiti-benzil-metil-keton-bmk-prah-online\\\/\",\"name\":\"Kupite benzil metil keton (BMK) u prahu na mre\u017ei - najbolji svjetski lijekovi\",\"isPartOf\":{\"@id\":\"https:\\\/\\\/medicinasinc.com\\\/hr\\\/#website\"},\"primaryImageOfPage\":{\"@id\":\"https:\\\/\\\/medicinasinc.com\\\/hr\\\/product\\\/kupiti-benzil-metil-keton-bmk-prah-online\\\/#primaryimage\"},\"image\":{\"@id\":\"https:\\\/\\\/medicinasinc.com\\\/hr\\\/product\\\/kupiti-benzil-metil-keton-bmk-prah-online\\\/#primaryimage\"},\"thumbnailUrl\":\"https:\\\/\\\/medicinasinc.com\\\/hr\\\/wp-content\\\/uploads\\\/sites\\\/3\\\/2022\\\/02\\\/buy-bmk-powder.jpg\",\"datePublished\":\"2022-02-22T08:05:19+00:00\",\"dateModified\":\"2022-03-15T05:20:46+00:00\",\"description\":\"Kupite benzil metil keton (BMK) prah online. Na\u0161 BMK prah je 100% laboratorijski ispitan. Na\u0161 BMK prah \u0161aljemo kao diskretnu i ekspresnu po\u0161iljku\",\"breadcrumb\":{\"@id\":\"https:\\\/\\\/medicinasinc.com\\\/hr\\\/product\\\/kupiti-benzil-metil-keton-bmk-prah-online\\\/#breadcrumb\"},\"inLanguage\":\"hr\",\"potentialAction\":[{\"@type\":\"ReadAction\",\"target\":[\"https:\\\/\\\/medicinasinc.com\\\/hr\\\/product\\\/kupiti-benzil-metil-keton-bmk-prah-online\\\/\"]}]},{\"@type\":\"ImageObject\",\"inLanguage\":\"hr\",\"@id\":\"https:\\\/\\\/medicinasinc.com\\\/hr\\\/product\\\/kupiti-benzil-metil-keton-bmk-prah-online\\\/#primaryimage\",\"url\":\"https:\\\/\\\/medicinasinc.com\\\/hr\\\/wp-content\\\/uploads\\\/sites\\\/3\\\/2022\\\/02\\\/buy-bmk-powder.jpg\",\"contentUrl\":\"https:\\\/\\\/medicinasinc.com\\\/hr\\\/wp-content\\\/uploads\\\/sites\\\/3\\\/2022\\\/02\\\/buy-bmk-powder.jpg\",\"width\":447,\"height\":389},{\"@type\":\"BreadcrumbList\",\"@id\":\"https:\\\/\\\/medicinasinc.com\\\/hr\\\/product\\\/kupiti-benzil-metil-keton-bmk-prah-online\\\/#breadcrumb\",\"itemListElement\":[{\"@type\":\"ListItem\",\"position\":1,\"name\":\"Du\u0107an\",\"item\":\"https:\\\/\\\/medicinasinc.com\\\/hr\\\/ducan\\\/\"},{\"@type\":\"ListItem\",\"position\":2,\"name\":\"Kupite benzil metil keton (BMK) prah online\"}]},{\"@type\":\"WebSite\",\"@id\":\"https:\\\/\\\/medicinasinc.com\\\/hr\\\/#website\",\"url\":\"https:\\\/\\\/medicinasinc.com\\\/hr\\\/\",\"name\":\"Medicinas Inc\",\"description\":\"Health Medical Clinic\",\"potentialAction\":[{\"@type\":\"SearchAction\",\"target\":{\"@type\":\"EntryPoint\",\"urlTemplate\":\"https:\\\/\\\/medicinasinc.com\\\/hr\\\/?s={search_term_string}\"},\"query-input\":{\"@type\":\"PropertyValueSpecification\",\"valueRequired\":true,\"valueName\":\"search_term_string\"}}],\"inLanguage\":\"hr\"}]}<\/script>\n<!-- \/ Yoast SEO plugin. -->","yoast_head_json":{"title":"Kupite benzil metil keton (BMK) u prahu na mre\u017ei - najbolji svjetski lijekovi","description":"Kupite benzil metil keton (BMK) prah online. Na\u0161 BMK prah je 100% laboratorijski ispitan. Na\u0161 BMK prah \u0161aljemo kao diskretnu i ekspresnu po\u0161iljku","robots":{"index":"index","follow":"follow","max-snippet":"max-snippet:-1","max-image-preview":"max-image-preview:large","max-video-preview":"max-video-preview:-1"},"canonical":"https:\/\/medicinasinc.com\/hr\/product\/kupiti-benzil-metil-keton-bmk-prah-online\/","og_locale":"hr_HR","og_type":"article","og_title":"Kupite benzil metil keton (BMK) u prahu na mre\u017ei - najbolji svjetski lijekovi","og_description":"Kupite benzil metil keton (BMK) prah online. Na\u0161 BMK prah je 100% laboratorijski ispitan. Na\u0161 BMK prah \u0161aljemo kao diskretnu i ekspresnu po\u0161iljku","og_url":"https:\/\/medicinasinc.com\/hr\/product\/kupiti-benzil-metil-keton-bmk-prah-online\/","og_site_name":"Medicinas Inc","article_modified_time":"2022-03-15T05:20:46+00:00","og_image":[{"width":447,"height":389,"url":"https:\/\/medicinasinc.com\/hr\/wp-content\/uploads\/sites\/3\/2022\/02\/buy-bmk-powder.jpg","type":"image\/jpeg"}],"twitter_card":"summary_large_image","twitter_misc":{"Procijenjeno vrijeme \u010ditanja":"2 minute"},"schema":{"@context":"https:\/\/schema.org","@graph":[{"@type":"WebPage","@id":"https:\/\/medicinasinc.com\/hr\/product\/kupiti-benzil-metil-keton-bmk-prah-online\/","url":"https:\/\/medicinasinc.com\/hr\/product\/kupiti-benzil-metil-keton-bmk-prah-online\/","name":"Kupite benzil metil keton (BMK) u prahu na mre\u017ei - najbolji svjetski lijekovi","isPartOf":{"@id":"https:\/\/medicinasinc.com\/hr\/#website"},"primaryImageOfPage":{"@id":"https:\/\/medicinasinc.com\/hr\/product\/kupiti-benzil-metil-keton-bmk-prah-online\/#primaryimage"},"image":{"@id":"https:\/\/medicinasinc.com\/hr\/product\/kupiti-benzil-metil-keton-bmk-prah-online\/#primaryimage"},"thumbnailUrl":"https:\/\/medicinasinc.com\/hr\/wp-content\/uploads\/sites\/3\/2022\/02\/buy-bmk-powder.jpg","datePublished":"2022-02-22T08:05:19+00:00","dateModified":"2022-03-15T05:20:46+00:00","description":"Kupite benzil metil keton (BMK) prah online. Na\u0161 BMK prah je 100% laboratorijski ispitan. Na\u0161 BMK prah \u0161aljemo kao diskretnu i ekspresnu po\u0161iljku","breadcrumb":{"@id":"https:\/\/medicinasinc.com\/hr\/product\/kupiti-benzil-metil-keton-bmk-prah-online\/#breadcrumb"},"inLanguage":"hr","potentialAction":[{"@type":"ReadAction","target":["https:\/\/medicinasinc.com\/hr\/product\/kupiti-benzil-metil-keton-bmk-prah-online\/"]}]},{"@type":"ImageObject","inLanguage":"hr","@id":"https:\/\/medicinasinc.com\/hr\/product\/kupiti-benzil-metil-keton-bmk-prah-online\/#primaryimage","url":"https:\/\/medicinasinc.com\/hr\/wp-content\/uploads\/sites\/3\/2022\/02\/buy-bmk-powder.jpg","contentUrl":"https:\/\/medicinasinc.com\/hr\/wp-content\/uploads\/sites\/3\/2022\/02\/buy-bmk-powder.jpg","width":447,"height":389},{"@type":"BreadcrumbList","@id":"https:\/\/medicinasinc.com\/hr\/product\/kupiti-benzil-metil-keton-bmk-prah-online\/#breadcrumb","itemListElement":[{"@type":"ListItem","position":1,"name":"Du\u0107an","item":"https:\/\/medicinasinc.com\/hr\/ducan\/"},{"@type":"ListItem","position":2,"name":"Kupite benzil metil keton (BMK) prah online"}]},{"@type":"WebSite","@id":"https:\/\/medicinasinc.com\/hr\/#website","url":"https:\/\/medicinasinc.com\/hr\/","name":"Medicinas Inc","description":"Health Medical Clinic","potentialAction":[{"@type":"SearchAction","target":{"@type":"EntryPoint","urlTemplate":"https:\/\/medicinasinc.com\/hr\/?s={search_term_string}"},"query-input":{"@type":"PropertyValueSpecification","valueRequired":true,"valueName":"search_term_string"}}],"inLanguage":"hr"}]}},"_links":{"self":[{"href":"https:\/\/medicinasinc.com\/hr\/wp-json\/wp\/v2\/product\/5893","targetHints":{"allow":["GET"]}}],"collection":[{"href":"https:\/\/medicinasinc.com\/hr\/wp-json\/wp\/v2\/product"}],"about":[{"href":"https:\/\/medicinasinc.com\/hr\/wp-json\/wp\/v2\/types\/product"}],"replies":[{"embeddable":true,"href":"https:\/\/medicinasinc.com\/hr\/wp-json\/wp\/v2\/comments?post=5893"}],"wp:featuredmedia":[{"embeddable":true,"href":"https:\/\/medicinasinc.com\/hr\/wp-json\/wp\/v2\/media\/5922"}],"wp:attachment":[{"href":"https:\/\/medicinasinc.com\/hr\/wp-json\/wp\/v2\/media?parent=5893"}],"wp:term":[{"taxonomy":"product_brand","embeddable":true,"href":"https:\/\/medicinasinc.com\/hr\/wp-json\/wp\/v2\/product_brand?post=5893"},{"taxonomy":"product_cat","embeddable":true,"href":"https:\/\/medicinasinc.com\/hr\/wp-json\/wp\/v2\/product_cat?post=5893"},{"taxonomy":"product_tag","embeddable":true,"href":"https:\/\/medicinasinc.com\/hr\/wp-json\/wp\/v2\/product_tag?post=5893"}],"curies":[{"name":"wp","href":"https:\/\/api.w.org\/{rel}","templated":true}]}}