{"id":5890,"date":"2022-02-22T08:03:24","date_gmt":"2022-02-22T08:03:24","guid":{"rendered":"https:\/\/medicinasinc.com\/hr\/?post_type=product&#038;p=5890"},"modified":"2022-03-15T05:20:59","modified_gmt":"2022-03-15T05:20:59","slug":"buy-apaan-online-alfa-fenilacetoacetonitril","status":"publish","type":"product","link":"https:\/\/medicinasinc.com\/hr\/product\/buy-apaan-online-alfa-fenilacetoacetonitril\/","title":{"rendered":"Kupite APAAN online (alfa-fenilacetoacetonitril)"},"content":{"rendered":"<p>Kupite APAAN u uglednoj internetskoj ljekarni.<\/p>\n<p>APAAN, CAS registarski broj 4468-48-8, kristalni je prah u rasponu boja od bijele do svijetlo \u017eute koji se sintetizira iz benzilcijanida.<\/p>\n<p> &gt; <\/p>\n<p>\u0160to je APAAN (Alfa-fenilacetoacetonitril)?<\/p>\n<p>Alfa-fenilacetoacetonitril je kemikalija s CAS brojem 4468-48-8 koju Zakon o kontroliranim tvarima klasificira kao tvar s liste I (CSA). Otkriveno je da se koristi u tajnim kemijskim laboratorijima za ilegalnu proizvodnju ograni\u010dene tvari iz rasporeda II poznate kao fenil-2-propanon ili P2P), metamfetamina i amfetamina. Kao rezultat toga, DEA je zatra\u017eila da se klasificira kao kontrolirana tvar.<\/p>\n<p>Svaku kemijsku smjesu koja sadr\u017ei alfa-fenilacetoacetonitril regulira CSA, osim u ograni\u010denim okolnostima.<\/p>\n<p>\u0160to. jesu li neki alfa fenilacetoacetonitril sinonimi?<\/p>\n<p>Osim toga, alfa fenilacetoacetonitril se naziva sljede\u0107im nazivima:<\/p>\n<p>NSC 11777 NSC 25183 NSC 55206 APAAN 2-Phenylace su mnogi<br \/>Koji su mnogi Dostupne su vrste alfa fenilacetoacetonitrila?<\/p>\n<p>Ova kemikalija je dostupna u obliku praha, \u017eutog, sme\u0111eg ili bijelog oblika, kao i u kristalnim oblicima sa slabom slamnato \u017eutom bojom.<\/p>\n<p>Kako mogu. kupiti Alpha Phenylacetoacetonitril?<\/p>\n<p>Alpha Phenylacetoacetonitril je dostupan za kupnju putem na\u0161e online trgovine. Na\u0161a kemikalija je iznimno \u010dista. I ne samo to, nego \u0107ete ga i kod nas dobiti po znatno ni\u017eoj cijeni od ve\u0107ine drugih dobavlja\u010da na tr\u017ei\u0161tu. Jo\u0161 jedan uvjerljiv poticaj za kupnju u na\u0161oj online trgovini je da ga diskretno i sigurno distribuiramo na\u0161im kupcima na mnogim mjestima diljem svijeta putem na\u0161ih pouzdanih kurirskih partnera.<\/p>\n<p>Koje kvalitete ima Alpha Phenylacetoacetonitril?<br \/> Sljede\u0107e su specifi\u010dne zna\u010dajke ove kemikalije:<\/p>\n<p>Koristite tablicu za ovaj dio (to\u010dka taljenja, vreli\u0161te, gusto\u0107a, CAS broj, \u010disto\u0107a i molekularna te\u017eina, na primjer).<\/p>\n<p>Koje primjene ima alfa fenilacetoacetonitril?<\/p>\n<p>Alfa fenilacetoacetonitril nema dopu\u0161tenu upotrebu osim u svrhe istra\u017eivanja i razvoja, kao i za analiti\u010dke svrhe u laboratorijima.<\/p>\n<p>Nekoliko poznatih dobavlja\u010da proizvoda. ova kemikalija uklju\u010duje sljede\u0107e:<br \/> Sljede\u0107i je popis dobavlja\u010da Alpha fenilacetoacetonitrila:<br \/> Aurum Pharmatech LLC Activate Scientific<br \/> Heterocyclics Research Chemicals and Building Blocks MolPort<br \/> Kemijsko istra\u017eivanje i razvoj od strane Vukovi<br \/> AK Scienti fic, Inc. (AKSCI) Alfa Chemistry Oakwood Products<br \/> APIChem Technology Vitas-M Laboratory LabNetwork, a WuXi AppTec Company Chemieliva Pharmaceutical Co., Ltd Hangzhou APIChem Technology Vitas-M Laboratory<br \/> Kako se Alpha Phecenilatrie sintetizira pripremljeno?<\/p>\n<p>60 g \u010distog natrija mase 2,6 grama atoma pomije\u0161a se sa 700 ccm apsolutnog alkohola. Otopina natrijevog etoksida priprema se ovom metodom u tikvici s okruglim dnom od 2-1 opremljenoj refluksnim kondenzatorom. Ovoj zagrijanoj otopini doda se 234 g ili 2 mola \u010distog benzil cijanida i 264 g ili 3 mola suhog etil acetata i dobro protrese. Kondenzator je zape\u010da\u0107en cijevi od kalcijevog klorida. Otopina se kuha u parnoj kupelji dva sata, a zatim se ostavi preko no\u0107i. Sljede\u0107eg jutra primijetit \u0107ete da su se u smjesi stvorile grudice. Kao rezultat, drvena \u0161ipka se koristi za mije\u0161anje teku\u0107ine, \u0161to uzrokuje razbijanje grudica. Nakon toga se smjesom za zamrzavanje hladi na temperaturu od 10\u00b0. Temperatura se zatim odr\u017eava na ovoj razini dva sata. A 6-in. B\u00fcchnerov lijevak se koristi za prikupljanje natrijeve soli, koja se \u010detiri puta ispere u lijevku s 250-cc. dijelovi etera. Otkrit \u0107ete bezbojni filter kola\u010d koji odgovara 250\u2013275 g. suhe natrijeve soli, ili 69-76% od predvi\u0111ene koli\u010dine. Pomije\u0161ajte filtrate i dodajte ih u smjesu za zamrzavanje.<\/p>\n<p>Na sobnoj temperaturi otopite natrijevu sol koja je jo\u0161 mokra od etera u 1,3 l destiliranog vode, a zatim otopinu ohladiti na 0\u00b0. Precipitirajte nitril laganim dodavanjem 90cc glacijalne octene kiseline i sna\u017eno protresite. Odvojite talog filtracijom odsisom i isperite ga \u010detiri puta u 250 cc vode pomo\u0107u lijevka. Sada biste trebali imati vla\u017eni kola\u010d od -Phenylacetoacetonitrile te\u017eine 300 g (188-206 g). Suh je 59-64 posto i ima to\u010dku taljenja od 87-89\u00b0, \u0161to je prikladno za ve\u0107inu primjena.<\/p>\n<p>Ako se \u017eeli prekristalizacija sirove kemikalije, otopite vla\u017eni kola\u010d u 100 ccm kipu\u0107eg metilnog alkohola. Otopinu filtrirajte i mije\u0161aju\u0107i ohladite na temperaturu od 10\u00b0. Odsisajte kristale i jednom ih isperite s 40 ccm metil alkohola ohla\u0111enog na 10\u00b0. Proizvod te\u017ei 173\u2013191 g (54%\u201360%) kada je suh i ima tali\u0161te od 88,5\u201389,5\u00b0. U rezultatu 5-1. tikvicu, pomije\u0161aju filtrate i ispiranje od odvajanja natrijeve soli. Mo\u017eete ga razrijediti ledeno hladnom vodom do to\u010dke kada je tikvica potpuno puna. Sifoniranjem potpuno uklonite donji sloj. Zna\u010dajan dio etera mo\u017ee se ukloniti dekantiranjem, a ostatak odvojiti pomo\u0107u lijevka za odvajanje.<\/p>\n<p>Izvadite vodeni sloj jo\u0161 dvaput koriste\u0107i 500 ccm dijelova etera, a zatim bacite eterske ekstrakte.<\/p>\n<p> &gt; <\/p>\n<p>Pri smanjenom tlaku mo\u017eete ukloniti sve ostatke etera u vodenom sloju usisavanjem zraka kroz otopinu tijekom jednog sata pomo\u0107u usisne pumpe. Dodavanjem 60cc glacijalne octene kiseline, istalo\u017ei se -fenilacetoacetonitril.<\/p>\n<p>Ako se ulje odbaci, uronite tikvicu u ledenu kupelj dok talog ne kristalizira. Odvojite kristale usisnom filtracijom i isperite ih \u010detiri puta u lijevu napunjenom s 50 cc vode. Materijal \u017eu\u0107kastosme\u0111e boje te\u017ei 50\u201355 g i ima tali\u0161te od 83\u201386\u00b0 kada se osu\u0161i. Zatim ga otopite u mati\u010dnim otopinama metilnog alkohola koje su ostale od kristalizacije prethodne serije. Rezultiraju\u0107a otopina se zatim zagrijava u prisutnosti Norita u tragovima. Procijedi se i ohladi na temperaturu od 10\u00b0. Sakupite kristale stvorene filterom i isperite ih s 10cc hladnog metil alkohola, nakon \u010dega slijedi su\u0161enje. Tada se dobiva tvar od 43\u201348 grama blijede boje slame i tali\u0161ta od 87\u201389\u00b0. Rekristalizira se iz otopine 25cc \u010distog metil alkohola i 10cc hladnog metil alkohola. Dobiva se materijal mase 37\u201341 g s tali\u0161tem 88,5\u201389,5\u00b0. To rezultira ukupnim materijalom ove \u010disto\u0107e koji te\u017ei izme\u0111u 210 i 232 g, ili 66-73 posto teorijske koli\u010dine.<\/p>\n<p>Koje kvalitete ima alfa fenilacetoacetonitril?<\/p>\n<p>Sljede\u0107e su kvalitete. specifi\u010dne zna\u010dajke ove kemikalije:<\/p>\n<p>Molekularna te\u017eina: 159,188 g\/mol To\u010dna masa: 159,068 g\/mol CAS: 4468-48-8<br \/> 99,8% \u010disto\u0107e<br \/> Koliko vrijedi Alpha Cijena fenilacetoacetonitrila?<\/p>\n<p>Cijena ove kemikalije varira ovisno o dobavlja\u010du. Stvarna cijena odre\u0111ena je popustom koji odobrava online trgovac i koli\u010dinom kupljene kemikalije. Mo\u017eemo vam osigurati da \u0107ete ga prona\u0107i po najpovoljnijoj cijeni na tr\u017ei\u0161tu u na\u0161oj trgovini. Osim toga, jam\u010dimo kvalitetu proizvoda i ubrzamo dostavu na va\u0161 dom.<\/p>\n<p>Kako je Alpha Phenylacetoacetonitril pravno klasificiran?<\/p>\n<p>Zbog \u010dinjenice da je Alpha Phenylacetoacetonitril kemikalija Popisa I, sve transakcije koji ga uklju\u010duju, bez obzira na njihovu koli\u010dinu, kontroliraju se.<\/p>\n<p>Proizvo\u0111a\u010di smjesa koje sadr\u017ee ovu kemikaliju koje ne ispunjavaju uvjete za automatsko izuze\u0107e moraju podnijeti zahtjev za izuze\u0107e, jer su sve kemijske smjese uklju\u010duju\u0107i nju u bilo kojoj koncentraciji regulirane. <\/p>\n<p>Koja su upozorenja povezana s ovom kemikalijom kojih se morate pridr\u017eavati?<\/p>\n<p>Morate paziti da za\u0161titite svoju sigurnost pri rukovanju ovom tvari. Sljede\u0107a su upozorenja i mjere opreza:<\/p>\n<p>Ako se jede oralno, ova kemikalija je iznimno opasna. Stoga ga izbjegavajte pod svaku cijenu.<br \/> Budu\u0107i da je opasno ako do\u0111e u dodir s va\u0161im mesom, morate postupati s njima izuzetno oprezno i \u200b\u200bnositi rukavice kako biste za\u0161titili svoju ko\u017eu.<br \/> osjetite iritaciju ko\u017ee i mo\u017ee \u010dak i korodirati, stoga izbjegavajte bliski dodir.<br \/> Budu\u0107i da je poznato da kemikalija uzrokuje jaku iritaciju i o\u0161te\u0107enje o\u010diju, klju\u010dno je koristiti za\u0161titne nao\u010dale koje potpuno pokrivaju o\u010di, \u010dime se sprje\u010dava nenamjeran kontakt s o\u010dima.<br \/> Utvr\u0111eno je da je izuzetno opasan kada se udi\u0161e. Stoga, lice mora biti pokriveno kako bi se sprije\u010dilo nenamjerno udisanje kemikalije tijekom istra\u017eivanja, razvoja ili analize.<br \/> Lijek je dovoljno sna\u017ean da izazove respiratornu nelagodu. \u010cak i jednokratno izlaganje mo\u017ee izazvati toksi\u010dnost za ciljni organ. Mogu\u0107a je te\u0161ka upala, osobito u di\u0161nim putevima.<\/p>\n<p>Kupite APAAN online | Kupite APAAN za prodaju | Kupite APAAN online | Kupite APAAN online (SAD, KINA, UK, SVIJET)<\/p>\n","protected":false},"excerpt":{"rendered":"<p>Kupite APAAN (alfa-fenilacetoacetonitril) za prodaju Europa, Velika Britanija online bez recepta. Naru\u010dite APAAN (alfa-fenilacetoacetonitril) online.<\/p>\n<p>APAAN (alfa-fenilacetoacetonitril) je analiti\u010dki referentni standard sa strukturnom sli\u010dno\u0161\u0107u s amfetaminom.<\/p>\n<p>-acetilbenzenacetonitril<\/p>\n<p> 4468-48-8 CAS br.<\/p>\n<p>Sinonimi: APAAN, 2-fenilacetoacetonitril<\/p>\n<p>Molekularna formula: C10H9NO<\/p>\n<p>Te\u017eina formule: 159,2<\/p>\n<p>\u010cisto\u0107a:\u226598%<\/p>\n<p>Formulacija: kristalna krutina<\/p>\n<p>\u03bbmax:264 nm<\/p>\n<p>Skladi\u0161tenje: -20\u00b0C<\/p>\n<p>Stabilnost :\u2265 2 godine<\/p>\n","protected":false},"featured_media":5916,"comment_status":"open","ping_status":"closed","template":"","meta":[],"product_brand":[],"product_cat":[703],"product_tag":[],"class_list":{"0":"post-5890","1":"product","2":"type-product","3":"status-publish","4":"has-post-thumbnail","6":"product_cat-kupiti-psihedelicne-droge","8":"first","9":"instock","10":"shipping-taxable","11":"purchasable","12":"product-type-variable"},"yoast_head":"<!-- This site is optimized with the Yoast SEO plugin v27.3 - https:\/\/yoast.com\/product\/yoast-seo-wordpress\/ -->\n<title>Kupite APAAN online (alfa-fenilacetoacetonitril) - najbolji svjetski lijekovi<\/title>\n<meta name=\"description\" content=\"Kupite APAAN (alfa-fenilacetoacetonitril) za prodaju Europa, Velika Britanija online bez recepta. Naru\u010dite APAAN (alfa-fenilacetoacetonitril) online.\" \/>\n<meta name=\"robots\" content=\"index, follow, max-snippet:-1, max-image-preview:large, max-video-preview:-1\" \/>\n<link rel=\"canonical\" href=\"https:\/\/medicinasinc.com\/hr\/product\/buy-apaan-online-alfa-fenilacetoacetonitril\/\" \/>\n<meta property=\"og:locale\" content=\"hr_HR\" \/>\n<meta property=\"og:type\" content=\"article\" \/>\n<meta property=\"og:title\" content=\"Kupite APAAN online (alfa-fenilacetoacetonitril) - najbolji svjetski lijekovi\" \/>\n<meta property=\"og:description\" content=\"Kupite APAAN (alfa-fenilacetoacetonitril) za prodaju Europa, Velika Britanija online bez recepta. Naru\u010dite APAAN (alfa-fenilacetoacetonitril) online.\" \/>\n<meta property=\"og:url\" content=\"https:\/\/medicinasinc.com\/hr\/product\/buy-apaan-online-alfa-fenilacetoacetonitril\/\" \/>\n<meta property=\"og:site_name\" content=\"Medicinas Inc\" \/>\n<meta property=\"article:modified_time\" content=\"2022-03-15T05:20:59+00:00\" \/>\n<meta property=\"og:image\" content=\"https:\/\/medicinasinc.com\/hr\/wp-content\/uploads\/sites\/3\/2022\/02\/buy-apaan-alpha-phenylacetoacetonitrile.jpg\" \/>\n\t<meta property=\"og:image:width\" content=\"600\" \/>\n\t<meta property=\"og:image:height\" content=\"600\" \/>\n\t<meta property=\"og:image:type\" content=\"image\/jpeg\" \/>\n<meta name=\"twitter:card\" content=\"summary_large_image\" \/>\n<meta name=\"twitter:label1\" content=\"Procijenjeno vrijeme \u010ditanja\" \/>\n\t<meta name=\"twitter:data1\" content=\"6 minuta\" \/>\n<script type=\"application\/ld+json\" class=\"yoast-schema-graph\">{\"@context\":\"https:\\\/\\\/schema.org\",\"@graph\":[{\"@type\":\"WebPage\",\"@id\":\"https:\\\/\\\/medicinasinc.com\\\/hr\\\/product\\\/buy-apaan-online-alfa-fenilacetoacetonitril\\\/\",\"url\":\"https:\\\/\\\/medicinasinc.com\\\/hr\\\/product\\\/buy-apaan-online-alfa-fenilacetoacetonitril\\\/\",\"name\":\"Kupite APAAN online (alfa-fenilacetoacetonitril) - najbolji svjetski lijekovi\",\"isPartOf\":{\"@id\":\"https:\\\/\\\/medicinasinc.com\\\/hr\\\/#website\"},\"primaryImageOfPage\":{\"@id\":\"https:\\\/\\\/medicinasinc.com\\\/hr\\\/product\\\/buy-apaan-online-alfa-fenilacetoacetonitril\\\/#primaryimage\"},\"image\":{\"@id\":\"https:\\\/\\\/medicinasinc.com\\\/hr\\\/product\\\/buy-apaan-online-alfa-fenilacetoacetonitril\\\/#primaryimage\"},\"thumbnailUrl\":\"https:\\\/\\\/medicinasinc.com\\\/hr\\\/wp-content\\\/uploads\\\/sites\\\/3\\\/2022\\\/02\\\/buy-apaan-alpha-phenylacetoacetonitrile.jpg\",\"datePublished\":\"2022-02-22T08:03:24+00:00\",\"dateModified\":\"2022-03-15T05:20:59+00:00\",\"description\":\"Kupite APAAN (alfa-fenilacetoacetonitril) za prodaju Europa, Velika Britanija online bez recepta. Naru\u010dite APAAN (alfa-fenilacetoacetonitril) online.\",\"breadcrumb\":{\"@id\":\"https:\\\/\\\/medicinasinc.com\\\/hr\\\/product\\\/buy-apaan-online-alfa-fenilacetoacetonitril\\\/#breadcrumb\"},\"inLanguage\":\"hr\",\"potentialAction\":[{\"@type\":\"ReadAction\",\"target\":[\"https:\\\/\\\/medicinasinc.com\\\/hr\\\/product\\\/buy-apaan-online-alfa-fenilacetoacetonitril\\\/\"]}]},{\"@type\":\"ImageObject\",\"inLanguage\":\"hr\",\"@id\":\"https:\\\/\\\/medicinasinc.com\\\/hr\\\/product\\\/buy-apaan-online-alfa-fenilacetoacetonitril\\\/#primaryimage\",\"url\":\"https:\\\/\\\/medicinasinc.com\\\/hr\\\/wp-content\\\/uploads\\\/sites\\\/3\\\/2022\\\/02\\\/buy-apaan-alpha-phenylacetoacetonitrile.jpg\",\"contentUrl\":\"https:\\\/\\\/medicinasinc.com\\\/hr\\\/wp-content\\\/uploads\\\/sites\\\/3\\\/2022\\\/02\\\/buy-apaan-alpha-phenylacetoacetonitrile.jpg\",\"width\":600,\"height\":600},{\"@type\":\"BreadcrumbList\",\"@id\":\"https:\\\/\\\/medicinasinc.com\\\/hr\\\/product\\\/buy-apaan-online-alfa-fenilacetoacetonitril\\\/#breadcrumb\",\"itemListElement\":[{\"@type\":\"ListItem\",\"position\":1,\"name\":\"Du\u0107an\",\"item\":\"https:\\\/\\\/medicinasinc.com\\\/hr\\\/ducan\\\/\"},{\"@type\":\"ListItem\",\"position\":2,\"name\":\"Kupite APAAN online (alfa-fenilacetoacetonitril)\"}]},{\"@type\":\"WebSite\",\"@id\":\"https:\\\/\\\/medicinasinc.com\\\/hr\\\/#website\",\"url\":\"https:\\\/\\\/medicinasinc.com\\\/hr\\\/\",\"name\":\"Medicinas Inc\",\"description\":\"Health Medical Clinic\",\"potentialAction\":[{\"@type\":\"SearchAction\",\"target\":{\"@type\":\"EntryPoint\",\"urlTemplate\":\"https:\\\/\\\/medicinasinc.com\\\/hr\\\/?s={search_term_string}\"},\"query-input\":{\"@type\":\"PropertyValueSpecification\",\"valueRequired\":true,\"valueName\":\"search_term_string\"}}],\"inLanguage\":\"hr\"}]}<\/script>\n<!-- \/ Yoast SEO plugin. -->","yoast_head_json":{"title":"Kupite APAAN online (alfa-fenilacetoacetonitril) - najbolji svjetski lijekovi","description":"Kupite APAAN (alfa-fenilacetoacetonitril) za prodaju Europa, Velika Britanija online bez recepta. Naru\u010dite APAAN (alfa-fenilacetoacetonitril) online.","robots":{"index":"index","follow":"follow","max-snippet":"max-snippet:-1","max-image-preview":"max-image-preview:large","max-video-preview":"max-video-preview:-1"},"canonical":"https:\/\/medicinasinc.com\/hr\/product\/buy-apaan-online-alfa-fenilacetoacetonitril\/","og_locale":"hr_HR","og_type":"article","og_title":"Kupite APAAN online (alfa-fenilacetoacetonitril) - najbolji svjetski lijekovi","og_description":"Kupite APAAN (alfa-fenilacetoacetonitril) za prodaju Europa, Velika Britanija online bez recepta. Naru\u010dite APAAN (alfa-fenilacetoacetonitril) online.","og_url":"https:\/\/medicinasinc.com\/hr\/product\/buy-apaan-online-alfa-fenilacetoacetonitril\/","og_site_name":"Medicinas Inc","article_modified_time":"2022-03-15T05:20:59+00:00","og_image":[{"width":600,"height":600,"url":"https:\/\/medicinasinc.com\/hr\/wp-content\/uploads\/sites\/3\/2022\/02\/buy-apaan-alpha-phenylacetoacetonitrile.jpg","type":"image\/jpeg"}],"twitter_card":"summary_large_image","twitter_misc":{"Procijenjeno vrijeme \u010ditanja":"6 minuta"},"schema":{"@context":"https:\/\/schema.org","@graph":[{"@type":"WebPage","@id":"https:\/\/medicinasinc.com\/hr\/product\/buy-apaan-online-alfa-fenilacetoacetonitril\/","url":"https:\/\/medicinasinc.com\/hr\/product\/buy-apaan-online-alfa-fenilacetoacetonitril\/","name":"Kupite APAAN online (alfa-fenilacetoacetonitril) - najbolji svjetski lijekovi","isPartOf":{"@id":"https:\/\/medicinasinc.com\/hr\/#website"},"primaryImageOfPage":{"@id":"https:\/\/medicinasinc.com\/hr\/product\/buy-apaan-online-alfa-fenilacetoacetonitril\/#primaryimage"},"image":{"@id":"https:\/\/medicinasinc.com\/hr\/product\/buy-apaan-online-alfa-fenilacetoacetonitril\/#primaryimage"},"thumbnailUrl":"https:\/\/medicinasinc.com\/hr\/wp-content\/uploads\/sites\/3\/2022\/02\/buy-apaan-alpha-phenylacetoacetonitrile.jpg","datePublished":"2022-02-22T08:03:24+00:00","dateModified":"2022-03-15T05:20:59+00:00","description":"Kupite APAAN (alfa-fenilacetoacetonitril) za prodaju Europa, Velika Britanija online bez recepta. Naru\u010dite APAAN (alfa-fenilacetoacetonitril) online.","breadcrumb":{"@id":"https:\/\/medicinasinc.com\/hr\/product\/buy-apaan-online-alfa-fenilacetoacetonitril\/#breadcrumb"},"inLanguage":"hr","potentialAction":[{"@type":"ReadAction","target":["https:\/\/medicinasinc.com\/hr\/product\/buy-apaan-online-alfa-fenilacetoacetonitril\/"]}]},{"@type":"ImageObject","inLanguage":"hr","@id":"https:\/\/medicinasinc.com\/hr\/product\/buy-apaan-online-alfa-fenilacetoacetonitril\/#primaryimage","url":"https:\/\/medicinasinc.com\/hr\/wp-content\/uploads\/sites\/3\/2022\/02\/buy-apaan-alpha-phenylacetoacetonitrile.jpg","contentUrl":"https:\/\/medicinasinc.com\/hr\/wp-content\/uploads\/sites\/3\/2022\/02\/buy-apaan-alpha-phenylacetoacetonitrile.jpg","width":600,"height":600},{"@type":"BreadcrumbList","@id":"https:\/\/medicinasinc.com\/hr\/product\/buy-apaan-online-alfa-fenilacetoacetonitril\/#breadcrumb","itemListElement":[{"@type":"ListItem","position":1,"name":"Du\u0107an","item":"https:\/\/medicinasinc.com\/hr\/ducan\/"},{"@type":"ListItem","position":2,"name":"Kupite APAAN online (alfa-fenilacetoacetonitril)"}]},{"@type":"WebSite","@id":"https:\/\/medicinasinc.com\/hr\/#website","url":"https:\/\/medicinasinc.com\/hr\/","name":"Medicinas Inc","description":"Health Medical Clinic","potentialAction":[{"@type":"SearchAction","target":{"@type":"EntryPoint","urlTemplate":"https:\/\/medicinasinc.com\/hr\/?s={search_term_string}"},"query-input":{"@type":"PropertyValueSpecification","valueRequired":true,"valueName":"search_term_string"}}],"inLanguage":"hr"}]}},"_links":{"self":[{"href":"https:\/\/medicinasinc.com\/hr\/wp-json\/wp\/v2\/product\/5890","targetHints":{"allow":["GET"]}}],"collection":[{"href":"https:\/\/medicinasinc.com\/hr\/wp-json\/wp\/v2\/product"}],"about":[{"href":"https:\/\/medicinasinc.com\/hr\/wp-json\/wp\/v2\/types\/product"}],"replies":[{"embeddable":true,"href":"https:\/\/medicinasinc.com\/hr\/wp-json\/wp\/v2\/comments?post=5890"}],"wp:featuredmedia":[{"embeddable":true,"href":"https:\/\/medicinasinc.com\/hr\/wp-json\/wp\/v2\/media\/5916"}],"wp:attachment":[{"href":"https:\/\/medicinasinc.com\/hr\/wp-json\/wp\/v2\/media?parent=5890"}],"wp:term":[{"taxonomy":"product_brand","embeddable":true,"href":"https:\/\/medicinasinc.com\/hr\/wp-json\/wp\/v2\/product_brand?post=5890"},{"taxonomy":"product_cat","embeddable":true,"href":"https:\/\/medicinasinc.com\/hr\/wp-json\/wp\/v2\/product_cat?post=5890"},{"taxonomy":"product_tag","embeddable":true,"href":"https:\/\/medicinasinc.com\/hr\/wp-json\/wp\/v2\/product_tag?post=5890"}],"curies":[{"name":"wp","href":"https:\/\/api.w.org\/{rel}","templated":true}]}}