{"id":5886,"date":"2022-02-22T07:58:50","date_gmt":"2022-02-22T07:58:50","guid":{"rendered":"https:\/\/medicinasinc.com\/hr\/?post_type=product&#038;p=5886"},"modified":"2022-03-15T05:21:08","modified_gmt":"2022-03-15T05:21:08","slug":"kupiti-dilaudid-4-mg","status":"publish","type":"product","link":"https:\/\/medicinasinc.com\/hr\/product\/kupiti-dilaudid-4-mg\/","title":{"rendered":"Kupite Dilaudid 4 mg"},"content":{"rendered":"<p>Kupite dilaudid 4 mg u Ujedinjenom Kraljevstvu i Europi u na\u0161oj internetskoj ljekarni Global med s brzom me\u0111unarodnom dostavom! Ovdje \u0107ete dobiti najbolji Dilaudid 4 mg za kupnju!<\/p>\n<p>Dilaudid 4 mg, hidromorfon je narkoti\u010dki analgetik. Opioid se povremeno naziva narkotikom.<\/p>\n<p>Dilaudid 4 mg je lijek koji se izdaje na recept koji se koristi za lije\u010denje umjerene do jake boli.<\/p>\n<p>Ako Dilaudid kupite online, tako\u0111er mo\u017eete dobiti dozu. informacija. Trebali biste uzeti 2 mg do 4 mg kako je propisano za po\u010detno lije\u010denje.<\/p>\n<p>Ovaj lijek je dostupan u formulaciji s produljenim osloba\u0111anjem za lije\u010denje umjerene do jake boli 24 sata dnevno. Ovaj oblik doziranja Dilaudid 4 mg nije namijenjen za uporabu prema potrebi za bol.<\/p>\n<p>Hidromorfon Dilaudid 4 mg tako\u0111er se mo\u017ee koristiti za druge namjene koje nisu uklju\u010dene u ovaj vodi\u010d za lijekove.<\/p>\n<p>\u0160to. jesu najkriti\u010dnije informacije kojih bih trebao biti svjestan u vezi s hidromorfonom?<\/p>\n<p>Ako imate te\u0161ke respiratorne probleme ili za\u010depljenje u \u017eelucu ili crijevima, ne biste trebali koristiti hidromorfon.<\/p>\n<p>4 mg. dilaudid hidromorfon mo\u017ee uzrokovati brz ili potpuni prestanak disanja i mo\u017ee razviti naviku. Kako biste izbjegli potencijalno smrtonosnu dozu, uzmite samo propisanu dozu i progutajte cijelu tabletu s produljenim osloba\u0111anjem. Nikada nemojte davati drugoj osobi Dilaudid 4 mg.<\/p>\n<p>&nbsp;<\/p>\n<p>NEPRAVILNA UPOTREBA NARKOTI\u010cNIH LIJEKOVA MO\u017dE REZULTATI OVISNOSTI, PREDOZIRANJA ILI SMRTI, osobito kod djece ili drugih osoba koje uzimaju lijek bez na recept.<\/p>\n<p>Ako je majka uzimala Dilaudid 4 mg tijekom trudno\u0107e, novoro\u0111en\u010de mo\u017ee osjetiti po \u017eivot opasne simptome ustezanja.<\/p>\n<p>Ne konzumirajte alkoholna pi\u0107a.<\/p>\n<p>Tamo. postoji mogu\u0107nost opasnih nuspojava, uklju\u010duju\u0107i smrt.<\/p>\n<p>O \u010demu bih trebao razgovarati sa svojim lije\u010dnikom prije po\u010detka lije\u010denja hidromorfonom?<\/p>\n<p>Ne biste trebali uzimati ovaj lijek ako ste ikada uzimali ovaj lijek? \u0161tetni odgovor na hidromorfon ili bilo koji drugi narkoti\u010dki lijek, ili ako imate bilo koje od sljede\u0107ih stanja:<\/p>\n<p>te\u0161ka astma ili pote\u0161ko\u0107e s disanjem; blokada u va\u0161em \u017eelucu ili crijevima; ili paraliti\u010dki ileus, opstrukcija crijeva.<\/p>\n<p>Ako ste koristili MAO inhibitor u posljednjih 14 dana, nemojte uzimati Dilaudid 4 mg hidromorfona. Mo\u017ee do\u0107i do potencijalno \u0161tetne interakcije s lijekovima. Izokarboksazid, linezolid, injekcija metilenskog plavog, fenelzin, razagilin, selegilin i tranilcipromin su inhibitori MAO.<\/p>\n<p>Odre\u0111eni lijekovi mogu stupiti u interakciju s hidromorfonom, \u0161to dovodi do potencijalno smrtonosne bolesti zvane serotoninski sindrom. Provjerite je li va\u0161 lije\u010dnik svjestan svih lijekova koje uzimate za depresiju, mentalne bolesti, Parkinsonovu bolest, migrenske glavobolje, ozbiljne infekcije ili prevenciju mu\u010dnine i povra\u0107anja. Posavjetujte se sa svojim lije\u010dnikom prije bilo kakve promjene u na\u010dinu ili u\u010destalosti uzimanja lijekova.<\/p>\n<p>Mo\u017eda ne\u0107ete mo\u0107i uzimati Dilaudid 4 mg hidromorfona ako trenutno ne koristite opioidne (narkoti\u010dke) lijekove protiv bolova i su tolerantni na to. Posavjetujte se sa svojim lije\u010dnikom ako niste sigurni jeste li tolerantni na opioide.<\/p>\n<p>Kako biste bili sigurni da je hidromorfon siguran za vas, obavijestite svog lije\u010dnika ako imate bilo \u0161to od sljede\u0107eg:<\/p>\n<p>bilo koju vrstu ote\u017eano disanje ili bolest plu\u0107a; povijest potresa mozga, tumora mozga ili napadaja; povijest zlouporabe supstanci, alkoholizma ili mentalne bolesti; problemi s mokrenjem; bolest jetre ili bubrega; alergija na sulfite; Addisonova bolest ili drugi poreme\u0107aji nadbubre\u017ene \u017elijezde; problemi sa \u017eu\u010dnim mjehurom, gu\u0161tera\u010dom ili \u0161titnja\u010dom; ili ako uzimate sedativ kao \u0161to je Valium (diazepam, alprazolam, lorazepam, Ativan, Klonopin, Restoril, Tranxene, Versed, Xanax i drugi).<\/p>\n","protected":false},"excerpt":{"rendered":"<p>Kupite dilaudid 4 mg za prodaju u Velikoj Britaniji, Europi u na\u0161oj najboljoj globalnoj online trgovini s brzom dostavom diljem svijeta! Najbolji Dilaudid 4 mg za naru\u010divanje na\u0107i \u0107ete ovdje!<\/p>\n<p>Dilaudid 4 mg, hidromorfon mo\u017ee uzrokovati usporeno ili zaustavljeno disanje i mo\u017ee prerasti u naviku. Kako biste izbjegli potencijalno smrtonosnu dozu, uzmite samo propisanu dozu i progutajte cijelu tabletu s produljenim osloba\u0111anjem. Nikada nemojte davati drugoj osobi Dilaudid 4 mg.<\/p>\n","protected":false},"featured_media":5911,"comment_status":"open","ping_status":"closed","template":"","meta":[],"product_brand":[],"product_cat":[1117],"product_tag":[4046,4051,4047,4049,4045,4050,4048],"class_list":{"0":"post-5886","1":"product","2":"type-product","3":"status-publish","4":"has-post-thumbnail","6":"product_cat-kupite-tablete-za-bol-spavanje-seks","7":"product_tag-dilaudid-4-mg-na-prodaju","8":"product_tag-gdje-kupiti-dilaudid-4-mg-online","9":"product_tag-how-to-buy-dilaudid-4-mg-online","10":"product_tag-kupnja-dilaudid-4-mg-online","11":"product_tag-kupiti-dilaudid-4-mg-online","12":"product_tag-najbolje-mjesto-za-kupnju-dilaudid-4-mg-online","13":"product_tag-naruite-dilaudid-4-mg-online","15":"first","16":"instock","17":"featured","18":"shipping-taxable","19":"purchasable","20":"product-type-variable","21":"has-default-attributes"},"yoast_head":"<!-- This site is optimized with the Yoast SEO plugin v27.3 - https:\/\/yoast.com\/product\/yoast-seo-wordpress\/ -->\n<title>Kupite Dilaudid 4 mg - najbolji najbolji svjetski lijekovi<\/title>\n<meta name=\"description\" content=\"Kupite dilaudid 4 mg za prodaju u Velikoj Britaniji, Europi u na\u0161oj Best Global Meds online trgovini s brzom dostavom diljem svijeta! Najbolji Dilaudid 4 mg za naru\u010divanje na\u0107i \u0107ete ovdje!\" \/>\n<meta name=\"robots\" content=\"index, follow, max-snippet:-1, max-image-preview:large, max-video-preview:-1\" \/>\n<link rel=\"canonical\" href=\"https:\/\/medicinasinc.com\/hr\/product\/kupiti-dilaudid-4-mg\/\" \/>\n<meta property=\"og:locale\" content=\"hr_HR\" \/>\n<meta property=\"og:type\" content=\"article\" \/>\n<meta property=\"og:title\" content=\"Kupite Dilaudid 4 mg - najbolji najbolji svjetski lijekovi\" \/>\n<meta property=\"og:description\" content=\"Kupite dilaudid 4 mg za prodaju u Velikoj Britaniji, Europi u na\u0161oj Best Global Meds online trgovini s brzom dostavom diljem svijeta! Najbolji Dilaudid 4 mg za naru\u010divanje na\u0107i \u0107ete ovdje!\" \/>\n<meta property=\"og:url\" content=\"https:\/\/medicinasinc.com\/hr\/product\/kupiti-dilaudid-4-mg\/\" \/>\n<meta property=\"og:site_name\" content=\"Medicinas Inc\" \/>\n<meta property=\"article:modified_time\" content=\"2022-03-15T05:21:08+00:00\" \/>\n<meta property=\"og:image\" content=\"https:\/\/medicinasinc.com\/hr\/wp-content\/uploads\/sites\/3\/2022\/02\/Buy-Dilaudid-4-mg.jpg\" \/>\n\t<meta property=\"og:image:width\" content=\"720\" \/>\n\t<meta property=\"og:image:height\" content=\"445\" \/>\n\t<meta property=\"og:image:type\" content=\"image\/jpeg\" \/>\n<meta name=\"twitter:card\" content=\"summary_large_image\" \/>\n<meta name=\"twitter:label1\" content=\"Procijenjeno vrijeme \u010ditanja\" \/>\n\t<meta name=\"twitter:data1\" content=\"3 minute\" \/>\n<script type=\"application\/ld+json\" class=\"yoast-schema-graph\">{\"@context\":\"https:\\\/\\\/schema.org\",\"@graph\":[{\"@type\":\"WebPage\",\"@id\":\"https:\\\/\\\/medicinasinc.com\\\/hr\\\/product\\\/kupiti-dilaudid-4-mg\\\/\",\"url\":\"https:\\\/\\\/medicinasinc.com\\\/hr\\\/product\\\/kupiti-dilaudid-4-mg\\\/\",\"name\":\"Kupite Dilaudid 4 mg - najbolji najbolji svjetski lijekovi\",\"isPartOf\":{\"@id\":\"https:\\\/\\\/medicinasinc.com\\\/hr\\\/#website\"},\"primaryImageOfPage\":{\"@id\":\"https:\\\/\\\/medicinasinc.com\\\/hr\\\/product\\\/kupiti-dilaudid-4-mg\\\/#primaryimage\"},\"image\":{\"@id\":\"https:\\\/\\\/medicinasinc.com\\\/hr\\\/product\\\/kupiti-dilaudid-4-mg\\\/#primaryimage\"},\"thumbnailUrl\":\"https:\\\/\\\/medicinasinc.com\\\/hr\\\/wp-content\\\/uploads\\\/sites\\\/3\\\/2022\\\/02\\\/Buy-Dilaudid-4-mg.jpg\",\"datePublished\":\"2022-02-22T07:58:50+00:00\",\"dateModified\":\"2022-03-15T05:21:08+00:00\",\"description\":\"Kupite dilaudid 4 mg za prodaju u Velikoj Britaniji, Europi u na\u0161oj Best Global Meds online trgovini s brzom dostavom diljem svijeta! Najbolji Dilaudid 4 mg za naru\u010divanje na\u0107i \u0107ete ovdje!\",\"breadcrumb\":{\"@id\":\"https:\\\/\\\/medicinasinc.com\\\/hr\\\/product\\\/kupiti-dilaudid-4-mg\\\/#breadcrumb\"},\"inLanguage\":\"hr\",\"potentialAction\":[{\"@type\":\"ReadAction\",\"target\":[\"https:\\\/\\\/medicinasinc.com\\\/hr\\\/product\\\/kupiti-dilaudid-4-mg\\\/\"]}]},{\"@type\":\"ImageObject\",\"inLanguage\":\"hr\",\"@id\":\"https:\\\/\\\/medicinasinc.com\\\/hr\\\/product\\\/kupiti-dilaudid-4-mg\\\/#primaryimage\",\"url\":\"https:\\\/\\\/medicinasinc.com\\\/hr\\\/wp-content\\\/uploads\\\/sites\\\/3\\\/2022\\\/02\\\/Buy-Dilaudid-4-mg.jpg\",\"contentUrl\":\"https:\\\/\\\/medicinasinc.com\\\/hr\\\/wp-content\\\/uploads\\\/sites\\\/3\\\/2022\\\/02\\\/Buy-Dilaudid-4-mg.jpg\",\"width\":720,\"height\":445},{\"@type\":\"BreadcrumbList\",\"@id\":\"https:\\\/\\\/medicinasinc.com\\\/hr\\\/product\\\/kupiti-dilaudid-4-mg\\\/#breadcrumb\",\"itemListElement\":[{\"@type\":\"ListItem\",\"position\":1,\"name\":\"Du\u0107an\",\"item\":\"https:\\\/\\\/medicinasinc.com\\\/hr\\\/ducan\\\/\"},{\"@type\":\"ListItem\",\"position\":2,\"name\":\"Kupite Dilaudid 4 mg\"}]},{\"@type\":\"WebSite\",\"@id\":\"https:\\\/\\\/medicinasinc.com\\\/hr\\\/#website\",\"url\":\"https:\\\/\\\/medicinasinc.com\\\/hr\\\/\",\"name\":\"Medicinas Inc\",\"description\":\"Health Medical Clinic\",\"potentialAction\":[{\"@type\":\"SearchAction\",\"target\":{\"@type\":\"EntryPoint\",\"urlTemplate\":\"https:\\\/\\\/medicinasinc.com\\\/hr\\\/?s={search_term_string}\"},\"query-input\":{\"@type\":\"PropertyValueSpecification\",\"valueRequired\":true,\"valueName\":\"search_term_string\"}}],\"inLanguage\":\"hr\"}]}<\/script>\n<!-- \/ Yoast SEO plugin. -->","yoast_head_json":{"title":"Kupite Dilaudid 4 mg - najbolji najbolji svjetski lijekovi","description":"Kupite dilaudid 4 mg za prodaju u Velikoj Britaniji, Europi u na\u0161oj Best Global Meds online trgovini s brzom dostavom diljem svijeta! Najbolji Dilaudid 4 mg za naru\u010divanje na\u0107i \u0107ete ovdje!","robots":{"index":"index","follow":"follow","max-snippet":"max-snippet:-1","max-image-preview":"max-image-preview:large","max-video-preview":"max-video-preview:-1"},"canonical":"https:\/\/medicinasinc.com\/hr\/product\/kupiti-dilaudid-4-mg\/","og_locale":"hr_HR","og_type":"article","og_title":"Kupite Dilaudid 4 mg - najbolji najbolji svjetski lijekovi","og_description":"Kupite dilaudid 4 mg za prodaju u Velikoj Britaniji, Europi u na\u0161oj Best Global Meds online trgovini s brzom dostavom diljem svijeta! Najbolji Dilaudid 4 mg za naru\u010divanje na\u0107i \u0107ete ovdje!","og_url":"https:\/\/medicinasinc.com\/hr\/product\/kupiti-dilaudid-4-mg\/","og_site_name":"Medicinas Inc","article_modified_time":"2022-03-15T05:21:08+00:00","og_image":[{"width":720,"height":445,"url":"https:\/\/medicinasinc.com\/hr\/wp-content\/uploads\/sites\/3\/2022\/02\/Buy-Dilaudid-4-mg.jpg","type":"image\/jpeg"}],"twitter_card":"summary_large_image","twitter_misc":{"Procijenjeno vrijeme \u010ditanja":"3 minute"},"schema":{"@context":"https:\/\/schema.org","@graph":[{"@type":"WebPage","@id":"https:\/\/medicinasinc.com\/hr\/product\/kupiti-dilaudid-4-mg\/","url":"https:\/\/medicinasinc.com\/hr\/product\/kupiti-dilaudid-4-mg\/","name":"Kupite Dilaudid 4 mg - najbolji najbolji svjetski lijekovi","isPartOf":{"@id":"https:\/\/medicinasinc.com\/hr\/#website"},"primaryImageOfPage":{"@id":"https:\/\/medicinasinc.com\/hr\/product\/kupiti-dilaudid-4-mg\/#primaryimage"},"image":{"@id":"https:\/\/medicinasinc.com\/hr\/product\/kupiti-dilaudid-4-mg\/#primaryimage"},"thumbnailUrl":"https:\/\/medicinasinc.com\/hr\/wp-content\/uploads\/sites\/3\/2022\/02\/Buy-Dilaudid-4-mg.jpg","datePublished":"2022-02-22T07:58:50+00:00","dateModified":"2022-03-15T05:21:08+00:00","description":"Kupite dilaudid 4 mg za prodaju u Velikoj Britaniji, Europi u na\u0161oj Best Global Meds online trgovini s brzom dostavom diljem svijeta! Najbolji Dilaudid 4 mg za naru\u010divanje na\u0107i \u0107ete ovdje!","breadcrumb":{"@id":"https:\/\/medicinasinc.com\/hr\/product\/kupiti-dilaudid-4-mg\/#breadcrumb"},"inLanguage":"hr","potentialAction":[{"@type":"ReadAction","target":["https:\/\/medicinasinc.com\/hr\/product\/kupiti-dilaudid-4-mg\/"]}]},{"@type":"ImageObject","inLanguage":"hr","@id":"https:\/\/medicinasinc.com\/hr\/product\/kupiti-dilaudid-4-mg\/#primaryimage","url":"https:\/\/medicinasinc.com\/hr\/wp-content\/uploads\/sites\/3\/2022\/02\/Buy-Dilaudid-4-mg.jpg","contentUrl":"https:\/\/medicinasinc.com\/hr\/wp-content\/uploads\/sites\/3\/2022\/02\/Buy-Dilaudid-4-mg.jpg","width":720,"height":445},{"@type":"BreadcrumbList","@id":"https:\/\/medicinasinc.com\/hr\/product\/kupiti-dilaudid-4-mg\/#breadcrumb","itemListElement":[{"@type":"ListItem","position":1,"name":"Du\u0107an","item":"https:\/\/medicinasinc.com\/hr\/ducan\/"},{"@type":"ListItem","position":2,"name":"Kupite Dilaudid 4 mg"}]},{"@type":"WebSite","@id":"https:\/\/medicinasinc.com\/hr\/#website","url":"https:\/\/medicinasinc.com\/hr\/","name":"Medicinas Inc","description":"Health Medical Clinic","potentialAction":[{"@type":"SearchAction","target":{"@type":"EntryPoint","urlTemplate":"https:\/\/medicinasinc.com\/hr\/?s={search_term_string}"},"query-input":{"@type":"PropertyValueSpecification","valueRequired":true,"valueName":"search_term_string"}}],"inLanguage":"hr"}]}},"_links":{"self":[{"href":"https:\/\/medicinasinc.com\/hr\/wp-json\/wp\/v2\/product\/5886","targetHints":{"allow":["GET"]}}],"collection":[{"href":"https:\/\/medicinasinc.com\/hr\/wp-json\/wp\/v2\/product"}],"about":[{"href":"https:\/\/medicinasinc.com\/hr\/wp-json\/wp\/v2\/types\/product"}],"replies":[{"embeddable":true,"href":"https:\/\/medicinasinc.com\/hr\/wp-json\/wp\/v2\/comments?post=5886"}],"wp:featuredmedia":[{"embeddable":true,"href":"https:\/\/medicinasinc.com\/hr\/wp-json\/wp\/v2\/media\/5911"}],"wp:attachment":[{"href":"https:\/\/medicinasinc.com\/hr\/wp-json\/wp\/v2\/media?parent=5886"}],"wp:term":[{"taxonomy":"product_brand","embeddable":true,"href":"https:\/\/medicinasinc.com\/hr\/wp-json\/wp\/v2\/product_brand?post=5886"},{"taxonomy":"product_cat","embeddable":true,"href":"https:\/\/medicinasinc.com\/hr\/wp-json\/wp\/v2\/product_cat?post=5886"},{"taxonomy":"product_tag","embeddable":true,"href":"https:\/\/medicinasinc.com\/hr\/wp-json\/wp\/v2\/product_tag?post=5886"}],"curies":[{"name":"wp","href":"https:\/\/api.w.org\/{rel}","templated":true}]}}