{"id":5875,"date":"2022-02-22T07:46:55","date_gmt":"2022-02-22T07:46:55","guid":{"rendered":"https:\/\/medicinasinc.com\/hr\/?post_type=product&#038;p=5875"},"modified":"2022-03-15T05:21:25","modified_gmt":"2022-03-15T05:21:25","slug":"kupi-gama-butirolakton","status":"publish","type":"product","link":"https:\/\/medicinasinc.com\/hr\/product\/kupi-gama-butirolakton\/","title":{"rendered":"Kupite gama-butirolakton"},"content":{"rendered":"<p>Gama-butirolakton (-butirolakton ili GBL) je bijela higroskopna teku\u0107ina slabog karakteristi\u010dnog mirisa koja je topiva u vodi. GBL je \u0161iroko kori\u0161teno otapalo i reagens u kemiji, kao i sredstvo za aromu, otapalo za \u010di\u0161\u0107enje, sredstvo za uklanjanje super-ljepila i otapalo u nekim mokrim aluminijskim elektroliti\u010dkim kondenzatorima.<\/p>\n<p>Kupite gama-butirolakton (GBL) 1,0 mg\/ml u referentnim standardima za acetonitril koji su izvedeni iz GHB i sli\u010dnih spojeva. Kupnja putem interneta<\/p>\n<p>Gamma butirolakton za prodaju online, gbl (gama-butirolakton) za prodaju, gama butirolakton za prodaju u Velikoj Britaniji, gama butirolakton za \u010di\u0161\u0107enje na prodaju<\/p>\n<p>Funkcionira kao prekursor za GHB u ljudi i koristi se kao rekreacijsko opojno sredstvo s u\u010dincima usporedivim s alkoholom.<\/p>\n<p>GBL je otkriven u ekstraktima iz uzoraka \u010distog vina. Ovo istra\u017eivanje implicira da se GBL prirodno pojavljuje u nekim vinima i mo\u017ee biti prisutan u usporedivim proizvodima. Otkrivena koncentracija bila je oko 5 g\/mL, \u0161to je jednostavno odre\u0111eno kori\u0161tenjem jednostavnog pristupa ekstrakcije nakon \u010dega slijedi GC\/MS analiza.<\/p>\n<p>GBL se mo\u017ee otkriti u aromama sira, me\u0111utim kona\u010dni prehrambeni proizvod obi\u010dno ima manje od 0,0002 posto GBL.<\/p>\n<p>GBL je klasificiran kao lakton. Hidrolizira se u natrijev gama-hidroksibutirat, natrijevu sol gama-hidroksimasla\u010dne kiseline, pod bazi\u010dnim uvjetima, na primjer u otopini natrijevog hidroksida. Stvara ravnote\u017enu kombinaciju obje kemikalije u kiselim okolnostima. Nakon toga, te se kemikalije mogu kombinirati i stvoriti polimer. Kada se koristi nenukleofilna baza, kao \u0161to je litijev diizopropilamid,<\/p>\n<p>GBL ima potencijal djelovati kao alfa-uglji\u010dni nukleofil. Kaprolakton, sli\u010dna kemikalija, mo\u017ee se upotrijebiti na ovaj na\u010din za stvaranje poliestera.<\/p>\n<p>GBL nije aktivna tvar sama po sebi; njegov mehanizam djelovanja proizlazi iz njegovog statusa predlijeka GHB-a. GHB-ov hipnoti\u010dki u\u010dinak se poja\u010dava kada se kombinira s alkoholom. U studiji na \u0161takorima iz 2003. otkriveno je da GBL ima poja\u010dan hipnoti\u010dki u\u010dinak u kombinaciji s etanolom, budu\u0107i da je mjera vremena spavanja bila dulja od zbroja dviju neovisnih komponenti.<\/p>\n","protected":false},"excerpt":{"rendered":"<p>Mo\u017eete kupiti gama-butirolakton od dobavlja\u010da kojima vjerujemo, a mi radimo s tim dobavlja\u010dima kako bismo omogu\u0107ili pristup za kupnju gama-butirolaktona za prodaju u Velikoj Britaniji, Europi<\/p>\n<p>Svi pirolidoni sintetizirani su kori\u0161tenjem GBL-a kao kemijskog posrednika . Mo\u017ee se koristiti za izradu insekticida, herbicida i regulatora rasta biljaka.<\/p>\n","protected":false},"featured_media":5885,"comment_status":"open","ping_status":"closed","template":"","meta":[],"product_brand":[],"product_cat":[2014],"product_tag":[4037,4033,4031,4035,4036,4034,4032],"class_list":{"0":"post-5875","1":"product","2":"type-product","3":"status-publish","4":"has-post-thumbnail","6":"product_cat-kupiti-istrazivati-kemikalije","7":"product_tag-gdje-kupiti-gama-butirolakton-online","8":"product_tag-kako-kupiti-gama-butirolakton-online","9":"product_tag-kupiti-gama-butirolakton-online","10":"product_tag-kupnja-gama-butirolakton-online","11":"product_tag-najbolje-mjesto-za-kupnju-gama-butirolakton-online","12":"product_tag-naruite-gama-butirolakton-online","13":"product_tag-gama-butirolakton-na-prodaju","15":"first","16":"instock","17":"featured","18":"shipping-taxable","19":"purchasable","20":"product-type-variable"},"yoast_head":"<!-- This site is optimized with the Yoast SEO plugin v27.3 - https:\/\/yoast.com\/product\/yoast-seo-wordpress\/ -->\n<title>Kupite gama-butirolakton - najbolji najbolji svjetski lijekovi<\/title>\n<meta name=\"description\" content=\"Gama-butirolakton mo\u017eete kupiti od dobavlja\u010da kojima vjerujemo, a mi radimo s tim dobavlja\u010dima kako bismo omogu\u0107ili pristup kupnji gama-butirolaktona za prodaju u Velikoj Britaniji, Europi\" \/>\n<meta name=\"robots\" content=\"index, follow, max-snippet:-1, max-image-preview:large, max-video-preview:-1\" \/>\n<link rel=\"canonical\" href=\"https:\/\/medicinasinc.com\/hr\/product\/kupi-gama-butirolakton\/\" \/>\n<meta property=\"og:locale\" content=\"hr_HR\" \/>\n<meta property=\"og:type\" content=\"article\" \/>\n<meta property=\"og:title\" content=\"Kupite gama-butirolakton - najbolji najbolji svjetski lijekovi\" \/>\n<meta property=\"og:description\" content=\"Gama-butirolakton mo\u017eete kupiti od dobavlja\u010da kojima vjerujemo, a mi radimo s tim dobavlja\u010dima kako bismo omogu\u0107ili pristup kupnji gama-butirolaktona za prodaju u Velikoj Britaniji, Europi\" \/>\n<meta property=\"og:url\" content=\"https:\/\/medicinasinc.com\/hr\/product\/kupi-gama-butirolakton\/\" \/>\n<meta property=\"og:site_name\" content=\"Medicinas Inc\" \/>\n<meta property=\"article:modified_time\" content=\"2022-03-15T05:21:25+00:00\" \/>\n<meta property=\"og:image\" content=\"https:\/\/medicinasinc.com\/hr\/wp-content\/uploads\/sites\/3\/2022\/02\/Buy-Gamma-Butyrolactone.jpg\" \/>\n\t<meta property=\"og:image:width\" content=\"500\" \/>\n\t<meta property=\"og:image:height\" content=\"500\" \/>\n\t<meta property=\"og:image:type\" content=\"image\/jpeg\" \/>\n<meta name=\"twitter:card\" content=\"summary_large_image\" \/>\n<meta name=\"twitter:label1\" content=\"Procijenjeno vrijeme \u010ditanja\" \/>\n\t<meta name=\"twitter:data1\" content=\"2 minute\" \/>\n<script type=\"application\/ld+json\" class=\"yoast-schema-graph\">{\"@context\":\"https:\\\/\\\/schema.org\",\"@graph\":[{\"@type\":\"WebPage\",\"@id\":\"https:\\\/\\\/medicinasinc.com\\\/hr\\\/product\\\/kupi-gama-butirolakton\\\/\",\"url\":\"https:\\\/\\\/medicinasinc.com\\\/hr\\\/product\\\/kupi-gama-butirolakton\\\/\",\"name\":\"Kupite gama-butirolakton - najbolji najbolji svjetski lijekovi\",\"isPartOf\":{\"@id\":\"https:\\\/\\\/medicinasinc.com\\\/hr\\\/#website\"},\"primaryImageOfPage\":{\"@id\":\"https:\\\/\\\/medicinasinc.com\\\/hr\\\/product\\\/kupi-gama-butirolakton\\\/#primaryimage\"},\"image\":{\"@id\":\"https:\\\/\\\/medicinasinc.com\\\/hr\\\/product\\\/kupi-gama-butirolakton\\\/#primaryimage\"},\"thumbnailUrl\":\"https:\\\/\\\/medicinasinc.com\\\/hr\\\/wp-content\\\/uploads\\\/sites\\\/3\\\/2022\\\/02\\\/Buy-Gamma-Butyrolactone.jpg\",\"datePublished\":\"2022-02-22T07:46:55+00:00\",\"dateModified\":\"2022-03-15T05:21:25+00:00\",\"description\":\"Gama-butirolakton mo\u017eete kupiti od dobavlja\u010da kojima vjerujemo, a mi radimo s tim dobavlja\u010dima kako bismo omogu\u0107ili pristup kupnji gama-butirolaktona za prodaju u Velikoj Britaniji, Europi\",\"breadcrumb\":{\"@id\":\"https:\\\/\\\/medicinasinc.com\\\/hr\\\/product\\\/kupi-gama-butirolakton\\\/#breadcrumb\"},\"inLanguage\":\"hr\",\"potentialAction\":[{\"@type\":\"ReadAction\",\"target\":[\"https:\\\/\\\/medicinasinc.com\\\/hr\\\/product\\\/kupi-gama-butirolakton\\\/\"]}]},{\"@type\":\"ImageObject\",\"inLanguage\":\"hr\",\"@id\":\"https:\\\/\\\/medicinasinc.com\\\/hr\\\/product\\\/kupi-gama-butirolakton\\\/#primaryimage\",\"url\":\"https:\\\/\\\/medicinasinc.com\\\/hr\\\/wp-content\\\/uploads\\\/sites\\\/3\\\/2022\\\/02\\\/Buy-Gamma-Butyrolactone.jpg\",\"contentUrl\":\"https:\\\/\\\/medicinasinc.com\\\/hr\\\/wp-content\\\/uploads\\\/sites\\\/3\\\/2022\\\/02\\\/Buy-Gamma-Butyrolactone.jpg\",\"width\":500,\"height\":500},{\"@type\":\"BreadcrumbList\",\"@id\":\"https:\\\/\\\/medicinasinc.com\\\/hr\\\/product\\\/kupi-gama-butirolakton\\\/#breadcrumb\",\"itemListElement\":[{\"@type\":\"ListItem\",\"position\":1,\"name\":\"Du\u0107an\",\"item\":\"https:\\\/\\\/medicinasinc.com\\\/hr\\\/ducan\\\/\"},{\"@type\":\"ListItem\",\"position\":2,\"name\":\"Kupite gama-butirolakton\"}]},{\"@type\":\"WebSite\",\"@id\":\"https:\\\/\\\/medicinasinc.com\\\/hr\\\/#website\",\"url\":\"https:\\\/\\\/medicinasinc.com\\\/hr\\\/\",\"name\":\"Medicinas Inc\",\"description\":\"Health Medical Clinic\",\"potentialAction\":[{\"@type\":\"SearchAction\",\"target\":{\"@type\":\"EntryPoint\",\"urlTemplate\":\"https:\\\/\\\/medicinasinc.com\\\/hr\\\/?s={search_term_string}\"},\"query-input\":{\"@type\":\"PropertyValueSpecification\",\"valueRequired\":true,\"valueName\":\"search_term_string\"}}],\"inLanguage\":\"hr\"}]}<\/script>\n<!-- \/ Yoast SEO plugin. -->","yoast_head_json":{"title":"Kupite gama-butirolakton - najbolji najbolji svjetski lijekovi","description":"Gama-butirolakton mo\u017eete kupiti od dobavlja\u010da kojima vjerujemo, a mi radimo s tim dobavlja\u010dima kako bismo omogu\u0107ili pristup kupnji gama-butirolaktona za prodaju u Velikoj Britaniji, Europi","robots":{"index":"index","follow":"follow","max-snippet":"max-snippet:-1","max-image-preview":"max-image-preview:large","max-video-preview":"max-video-preview:-1"},"canonical":"https:\/\/medicinasinc.com\/hr\/product\/kupi-gama-butirolakton\/","og_locale":"hr_HR","og_type":"article","og_title":"Kupite gama-butirolakton - najbolji najbolji svjetski lijekovi","og_description":"Gama-butirolakton mo\u017eete kupiti od dobavlja\u010da kojima vjerujemo, a mi radimo s tim dobavlja\u010dima kako bismo omogu\u0107ili pristup kupnji gama-butirolaktona za prodaju u Velikoj Britaniji, Europi","og_url":"https:\/\/medicinasinc.com\/hr\/product\/kupi-gama-butirolakton\/","og_site_name":"Medicinas Inc","article_modified_time":"2022-03-15T05:21:25+00:00","og_image":[{"width":500,"height":500,"url":"https:\/\/medicinasinc.com\/hr\/wp-content\/uploads\/sites\/3\/2022\/02\/Buy-Gamma-Butyrolactone.jpg","type":"image\/jpeg"}],"twitter_card":"summary_large_image","twitter_misc":{"Procijenjeno vrijeme \u010ditanja":"2 minute"},"schema":{"@context":"https:\/\/schema.org","@graph":[{"@type":"WebPage","@id":"https:\/\/medicinasinc.com\/hr\/product\/kupi-gama-butirolakton\/","url":"https:\/\/medicinasinc.com\/hr\/product\/kupi-gama-butirolakton\/","name":"Kupite gama-butirolakton - najbolji najbolji svjetski lijekovi","isPartOf":{"@id":"https:\/\/medicinasinc.com\/hr\/#website"},"primaryImageOfPage":{"@id":"https:\/\/medicinasinc.com\/hr\/product\/kupi-gama-butirolakton\/#primaryimage"},"image":{"@id":"https:\/\/medicinasinc.com\/hr\/product\/kupi-gama-butirolakton\/#primaryimage"},"thumbnailUrl":"https:\/\/medicinasinc.com\/hr\/wp-content\/uploads\/sites\/3\/2022\/02\/Buy-Gamma-Butyrolactone.jpg","datePublished":"2022-02-22T07:46:55+00:00","dateModified":"2022-03-15T05:21:25+00:00","description":"Gama-butirolakton mo\u017eete kupiti od dobavlja\u010da kojima vjerujemo, a mi radimo s tim dobavlja\u010dima kako bismo omogu\u0107ili pristup kupnji gama-butirolaktona za prodaju u Velikoj Britaniji, Europi","breadcrumb":{"@id":"https:\/\/medicinasinc.com\/hr\/product\/kupi-gama-butirolakton\/#breadcrumb"},"inLanguage":"hr","potentialAction":[{"@type":"ReadAction","target":["https:\/\/medicinasinc.com\/hr\/product\/kupi-gama-butirolakton\/"]}]},{"@type":"ImageObject","inLanguage":"hr","@id":"https:\/\/medicinasinc.com\/hr\/product\/kupi-gama-butirolakton\/#primaryimage","url":"https:\/\/medicinasinc.com\/hr\/wp-content\/uploads\/sites\/3\/2022\/02\/Buy-Gamma-Butyrolactone.jpg","contentUrl":"https:\/\/medicinasinc.com\/hr\/wp-content\/uploads\/sites\/3\/2022\/02\/Buy-Gamma-Butyrolactone.jpg","width":500,"height":500},{"@type":"BreadcrumbList","@id":"https:\/\/medicinasinc.com\/hr\/product\/kupi-gama-butirolakton\/#breadcrumb","itemListElement":[{"@type":"ListItem","position":1,"name":"Du\u0107an","item":"https:\/\/medicinasinc.com\/hr\/ducan\/"},{"@type":"ListItem","position":2,"name":"Kupite gama-butirolakton"}]},{"@type":"WebSite","@id":"https:\/\/medicinasinc.com\/hr\/#website","url":"https:\/\/medicinasinc.com\/hr\/","name":"Medicinas Inc","description":"Health Medical Clinic","potentialAction":[{"@type":"SearchAction","target":{"@type":"EntryPoint","urlTemplate":"https:\/\/medicinasinc.com\/hr\/?s={search_term_string}"},"query-input":{"@type":"PropertyValueSpecification","valueRequired":true,"valueName":"search_term_string"}}],"inLanguage":"hr"}]}},"_links":{"self":[{"href":"https:\/\/medicinasinc.com\/hr\/wp-json\/wp\/v2\/product\/5875","targetHints":{"allow":["GET"]}}],"collection":[{"href":"https:\/\/medicinasinc.com\/hr\/wp-json\/wp\/v2\/product"}],"about":[{"href":"https:\/\/medicinasinc.com\/hr\/wp-json\/wp\/v2\/types\/product"}],"replies":[{"embeddable":true,"href":"https:\/\/medicinasinc.com\/hr\/wp-json\/wp\/v2\/comments?post=5875"}],"wp:featuredmedia":[{"embeddable":true,"href":"https:\/\/medicinasinc.com\/hr\/wp-json\/wp\/v2\/media\/5885"}],"wp:attachment":[{"href":"https:\/\/medicinasinc.com\/hr\/wp-json\/wp\/v2\/media?parent=5875"}],"wp:term":[{"taxonomy":"product_brand","embeddable":true,"href":"https:\/\/medicinasinc.com\/hr\/wp-json\/wp\/v2\/product_brand?post=5875"},{"taxonomy":"product_cat","embeddable":true,"href":"https:\/\/medicinasinc.com\/hr\/wp-json\/wp\/v2\/product_cat?post=5875"},{"taxonomy":"product_tag","embeddable":true,"href":"https:\/\/medicinasinc.com\/hr\/wp-json\/wp\/v2\/product_tag?post=5875"}],"curies":[{"name":"wp","href":"https:\/\/api.w.org\/{rel}","templated":true}]}}