{"id":5870,"date":"2022-02-22T07:42:43","date_gmt":"2022-02-22T07:42:43","guid":{"rendered":"https:\/\/medicinasinc.com\/hr\/?post_type=product&#038;p=5870"},"modified":"2022-08-04T06:13:25","modified_gmt":"2022-08-04T06:13:25","slug":"kupiti-3-cmc-kristal","status":"publish","type":"product","link":"https:\/\/medicinasinc.com\/hr\/product\/kupiti-3-cmc-kristal\/","title":{"rendered":"Kupite kristal od 3 cmc"},"content":{"rendered":"<p>Kupite 3-CMC CRYSTAL, kupite 3 CMC CRYSTAL, kupite 3 CMC CRYSTAL, kupite 3-CMC CRYSTAL<\/p>\n<p>KRISTALA 3-CMC, sada je dostupno toliko katinona, o \u010demu svjedo\u010di niti u kojem su korisnici pregledali svoja iskustva sa svime \u0161to su isprobali. Ne ulaze\u0107i u dubinu o svakom od njih, evo moje ljestvice:<br \/>\nbk-MDMA (metilon) &gt; bk-MBDB (butilon) &gt; 4-MEC &gt; MABP (Buphedrone)<\/p>\n<p>Jedini koje bih ikada ponovno pomislio da posjedujem su zloglasni mefedron i metilon, koji su posljednjih godina vi\u0161e-manje zabranjeni u svijetu.<\/p>\n<p>Nabavio sam. ovu ljestvicu od nekoga tko dobro poznaje ovu klasu RC-a, \u0161to sam smatrao intrigantnim:<\/p>\n<p>KRISTALNI OBLIK 3-CMC, 4-MMC &gt; bk-MDMA &gt; 4-CMC &gt;gt; 3-CMC &gt;gt; 3-MMC &gt;gt; 5-metil-etilon &gt;gt; Butilon &gt; Etilon<br \/>\n\u010cini se da je ovaj &#8220;klefedron&#8221; (4-CMC) koji nije napravio veliki utjecaj na RC tr\u017ei\u0161te. I, AFAIK, nije posebno zakazano na ve\u0107ini lokacija. Me\u0111utim, sigurnosni profil je uglavnom nepoznat, a mnogi su upla\u0161eni, jer je poznato da je analog amfetamina, 4-CA, izrazito neurotoksi\u010dan.<\/p>\n<p>Jedini koje bih ikada ponovno mogao posjedovati su zloglasni mefedron i metilon, oba su vi\u0161e-manje zabranjena na globalnoj razini posljednjih godina.<br \/>\nOvu sam ljestvicu dobio od nekoga tko je dobro upu\u0107en u ovu klasu RC-a, \u0161to sam smatrao intrigantnim:<\/p>\n<p>KRISTALNI OBLIK 3-CMC, 4-MMC &gt; bk-MDMA &gt; 4-CMC &gt;gt; 3-CMC &gt;gt; 3-MMC &gt;gt; 5-metil-etilon &gt;gt; Butilon &gt; Etilon<br \/>\n\u010cini se da je ovaj &#8220;klefedron&#8221; (4-CMC) koji nije napravio veliki utjecaj na RC tr\u017ei\u0161te. I, AFAIK, nije posebno zakazano na ve\u0107ini lokacija. Me\u0111utim, sigurnosni profil je uglavnom nepoznat, a mnogi se boje jer je poznato da je analog amfetamina, 4-CA, izrazito neurotoksi\u010dan.<\/p>\n","protected":false},"excerpt":{"rendered":"<p>Kupite 3-CMC CRYSTAL prah za prodaju u Velikoj Britaniji, Europi u na\u0161oj medicinasinc.com online trgovini uz brzu dostavu diljem svijeta! Najbolji 3-CMC CRYSTAL za naru\u010divanje prona\u0107i \u0107ete ovdje!<\/p>\n<p>bk-MDMA &gt; 4-CMC &gt;gt; 3-CMC &gt;gt; 3-MMC &gt;gt; 5-metil-etilon &gt;gt; Butilon &gt; Etilon<br \/>\nPrema izvje\u0161\u0107ima, ovaj \u201cClephedron\u201d (4-CMC) koji nije imao veliku prisutnost na RC tr\u017ei\u0161tu je zapravo prili\u010dno dobar. I, AFAIK, nije posebno zakazano na ve\u0107ini mjesta. Iako je sigurnosni profil uglavnom nepoznat,<\/p>\n","protected":false},"featured_media":5880,"comment_status":"open","ping_status":"closed","template":"","meta":[],"product_brand":[],"product_cat":[2014],"product_tag":[4025,4030,4026,4028,4029,4027,4024],"class_list":{"0":"post-5870","1":"product","2":"type-product","3":"status-publish","4":"has-post-thumbnail","6":"product_cat-kupiti-istrazivati-kemikalije","7":"product_tag-buy-3-cmc-crystal-online","8":"product_tag-gdje-kupiti-3-cmc-kristal-online","9":"product_tag-how-to-buy-3-cmc-crystal-online","10":"product_tag-kupnja-3-cmc-kristal-online","11":"product_tag-najbolje-mjesto-za-kupnju-3-cmc-kristal-online","12":"product_tag-naruite-3-cmc-kristal-online","13":"product_tag-3-cmc-kristal-na-prodaj","15":"first","16":"instock","17":"featured","18":"shipping-taxable","19":"purchasable","20":"product-type-variable"},"yoast_head":"<!-- This site is optimized with the Yoast SEO plugin v27.3 - https:\/\/yoast.com\/product\/yoast-seo-wordpress\/ -->\n<title>Kupite kristal od 3 cmc - Beat Best Global Meds<\/title>\n<meta name=\"description\" content=\"Kupite 3-CMC CRYSTAL prah za prodaju u Velikoj Britaniji, Europi u na\u0161oj medicinasinc.com online trgovini uz brzu dostavu diljem svijeta! Najbolji 3-CMC CRYSTAL za narud\u017ebu na\u0107i \u0107ete ovdje!\" \/>\n<meta name=\"robots\" content=\"index, follow, max-snippet:-1, max-image-preview:large, max-video-preview:-1\" \/>\n<link rel=\"canonical\" href=\"https:\/\/medicinasinc.com\/hr\/product\/kupiti-3-cmc-kristal\/\" \/>\n<meta property=\"og:locale\" content=\"hr_HR\" \/>\n<meta property=\"og:type\" content=\"article\" \/>\n<meta property=\"og:title\" content=\"Kupite kristal od 3 cmc - Beat Best Global Meds\" \/>\n<meta property=\"og:description\" content=\"Kupite 3-CMC CRYSTAL prah za prodaju u Velikoj Britaniji, Europi u na\u0161oj medicinasinc.com online trgovini uz brzu dostavu diljem svijeta! Najbolji 3-CMC CRYSTAL za narud\u017ebu na\u0107i \u0107ete ovdje!\" \/>\n<meta property=\"og:url\" content=\"https:\/\/medicinasinc.com\/hr\/product\/kupiti-3-cmc-kristal\/\" \/>\n<meta property=\"og:site_name\" content=\"Medicinas Inc\" \/>\n<meta property=\"article:modified_time\" content=\"2022-08-04T06:13:25+00:00\" \/>\n<meta property=\"og:image\" content=\"https:\/\/medicinasinc.com\/hr\/wp-content\/uploads\/sites\/3\/2022\/02\/Buy-3-CMC-CRYSTAL.jpg\" \/>\n\t<meta property=\"og:image:width\" content=\"720\" \/>\n\t<meta property=\"og:image:height\" content=\"600\" \/>\n\t<meta property=\"og:image:type\" content=\"image\/jpeg\" \/>\n<meta name=\"twitter:card\" content=\"summary_large_image\" \/>\n<meta name=\"twitter:label1\" content=\"Procijenjeno vrijeme \u010ditanja\" \/>\n\t<meta name=\"twitter:data1\" content=\"2 minute\" \/>\n<script type=\"application\/ld+json\" class=\"yoast-schema-graph\">{\"@context\":\"https:\\\/\\\/schema.org\",\"@graph\":[{\"@type\":\"WebPage\",\"@id\":\"https:\\\/\\\/medicinasinc.com\\\/hr\\\/product\\\/kupiti-3-cmc-kristal\\\/\",\"url\":\"https:\\\/\\\/medicinasinc.com\\\/hr\\\/product\\\/kupiti-3-cmc-kristal\\\/\",\"name\":\"Kupite kristal od 3 cmc - Beat Best Global Meds\",\"isPartOf\":{\"@id\":\"https:\\\/\\\/medicinasinc.com\\\/hr\\\/#website\"},\"primaryImageOfPage\":{\"@id\":\"https:\\\/\\\/medicinasinc.com\\\/hr\\\/product\\\/kupiti-3-cmc-kristal\\\/#primaryimage\"},\"image\":{\"@id\":\"https:\\\/\\\/medicinasinc.com\\\/hr\\\/product\\\/kupiti-3-cmc-kristal\\\/#primaryimage\"},\"thumbnailUrl\":\"https:\\\/\\\/medicinasinc.com\\\/hr\\\/wp-content\\\/uploads\\\/sites\\\/3\\\/2022\\\/02\\\/Buy-3-CMC-CRYSTAL.jpg\",\"datePublished\":\"2022-02-22T07:42:43+00:00\",\"dateModified\":\"2022-08-04T06:13:25+00:00\",\"description\":\"Kupite 3-CMC CRYSTAL prah za prodaju u Velikoj Britaniji, Europi u na\u0161oj medicinasinc.com online trgovini uz brzu dostavu diljem svijeta! Najbolji 3-CMC CRYSTAL za narud\u017ebu na\u0107i \u0107ete ovdje!\",\"breadcrumb\":{\"@id\":\"https:\\\/\\\/medicinasinc.com\\\/hr\\\/product\\\/kupiti-3-cmc-kristal\\\/#breadcrumb\"},\"inLanguage\":\"hr\",\"potentialAction\":[{\"@type\":\"ReadAction\",\"target\":[\"https:\\\/\\\/medicinasinc.com\\\/hr\\\/product\\\/kupiti-3-cmc-kristal\\\/\"]}]},{\"@type\":\"ImageObject\",\"inLanguage\":\"hr\",\"@id\":\"https:\\\/\\\/medicinasinc.com\\\/hr\\\/product\\\/kupiti-3-cmc-kristal\\\/#primaryimage\",\"url\":\"https:\\\/\\\/medicinasinc.com\\\/hr\\\/wp-content\\\/uploads\\\/sites\\\/3\\\/2022\\\/02\\\/Buy-3-CMC-CRYSTAL.jpg\",\"contentUrl\":\"https:\\\/\\\/medicinasinc.com\\\/hr\\\/wp-content\\\/uploads\\\/sites\\\/3\\\/2022\\\/02\\\/Buy-3-CMC-CRYSTAL.jpg\",\"width\":720,\"height\":600},{\"@type\":\"BreadcrumbList\",\"@id\":\"https:\\\/\\\/medicinasinc.com\\\/hr\\\/product\\\/kupiti-3-cmc-kristal\\\/#breadcrumb\",\"itemListElement\":[{\"@type\":\"ListItem\",\"position\":1,\"name\":\"Du\u0107an\",\"item\":\"https:\\\/\\\/medicinasinc.com\\\/hr\\\/ducan\\\/\"},{\"@type\":\"ListItem\",\"position\":2,\"name\":\"Kupite kristal od 3 cmc\"}]},{\"@type\":\"WebSite\",\"@id\":\"https:\\\/\\\/medicinasinc.com\\\/hr\\\/#website\",\"url\":\"https:\\\/\\\/medicinasinc.com\\\/hr\\\/\",\"name\":\"Medicinas Inc\",\"description\":\"Health Medical Clinic\",\"potentialAction\":[{\"@type\":\"SearchAction\",\"target\":{\"@type\":\"EntryPoint\",\"urlTemplate\":\"https:\\\/\\\/medicinasinc.com\\\/hr\\\/?s={search_term_string}\"},\"query-input\":{\"@type\":\"PropertyValueSpecification\",\"valueRequired\":true,\"valueName\":\"search_term_string\"}}],\"inLanguage\":\"hr\"}]}<\/script>\n<!-- \/ Yoast SEO plugin. -->","yoast_head_json":{"title":"Kupite kristal od 3 cmc - Beat Best Global Meds","description":"Kupite 3-CMC CRYSTAL prah za prodaju u Velikoj Britaniji, Europi u na\u0161oj medicinasinc.com online trgovini uz brzu dostavu diljem svijeta! Najbolji 3-CMC CRYSTAL za narud\u017ebu na\u0107i \u0107ete ovdje!","robots":{"index":"index","follow":"follow","max-snippet":"max-snippet:-1","max-image-preview":"max-image-preview:large","max-video-preview":"max-video-preview:-1"},"canonical":"https:\/\/medicinasinc.com\/hr\/product\/kupiti-3-cmc-kristal\/","og_locale":"hr_HR","og_type":"article","og_title":"Kupite kristal od 3 cmc - Beat Best Global Meds","og_description":"Kupite 3-CMC CRYSTAL prah za prodaju u Velikoj Britaniji, Europi u na\u0161oj medicinasinc.com online trgovini uz brzu dostavu diljem svijeta! Najbolji 3-CMC CRYSTAL za narud\u017ebu na\u0107i \u0107ete ovdje!","og_url":"https:\/\/medicinasinc.com\/hr\/product\/kupiti-3-cmc-kristal\/","og_site_name":"Medicinas Inc","article_modified_time":"2022-08-04T06:13:25+00:00","og_image":[{"width":720,"height":600,"url":"https:\/\/medicinasinc.com\/hr\/wp-content\/uploads\/sites\/3\/2022\/02\/Buy-3-CMC-CRYSTAL.jpg","type":"image\/jpeg"}],"twitter_card":"summary_large_image","twitter_misc":{"Procijenjeno vrijeme \u010ditanja":"2 minute"},"schema":{"@context":"https:\/\/schema.org","@graph":[{"@type":"WebPage","@id":"https:\/\/medicinasinc.com\/hr\/product\/kupiti-3-cmc-kristal\/","url":"https:\/\/medicinasinc.com\/hr\/product\/kupiti-3-cmc-kristal\/","name":"Kupite kristal od 3 cmc - Beat Best Global Meds","isPartOf":{"@id":"https:\/\/medicinasinc.com\/hr\/#website"},"primaryImageOfPage":{"@id":"https:\/\/medicinasinc.com\/hr\/product\/kupiti-3-cmc-kristal\/#primaryimage"},"image":{"@id":"https:\/\/medicinasinc.com\/hr\/product\/kupiti-3-cmc-kristal\/#primaryimage"},"thumbnailUrl":"https:\/\/medicinasinc.com\/hr\/wp-content\/uploads\/sites\/3\/2022\/02\/Buy-3-CMC-CRYSTAL.jpg","datePublished":"2022-02-22T07:42:43+00:00","dateModified":"2022-08-04T06:13:25+00:00","description":"Kupite 3-CMC CRYSTAL prah za prodaju u Velikoj Britaniji, Europi u na\u0161oj medicinasinc.com online trgovini uz brzu dostavu diljem svijeta! Najbolji 3-CMC CRYSTAL za narud\u017ebu na\u0107i \u0107ete ovdje!","breadcrumb":{"@id":"https:\/\/medicinasinc.com\/hr\/product\/kupiti-3-cmc-kristal\/#breadcrumb"},"inLanguage":"hr","potentialAction":[{"@type":"ReadAction","target":["https:\/\/medicinasinc.com\/hr\/product\/kupiti-3-cmc-kristal\/"]}]},{"@type":"ImageObject","inLanguage":"hr","@id":"https:\/\/medicinasinc.com\/hr\/product\/kupiti-3-cmc-kristal\/#primaryimage","url":"https:\/\/medicinasinc.com\/hr\/wp-content\/uploads\/sites\/3\/2022\/02\/Buy-3-CMC-CRYSTAL.jpg","contentUrl":"https:\/\/medicinasinc.com\/hr\/wp-content\/uploads\/sites\/3\/2022\/02\/Buy-3-CMC-CRYSTAL.jpg","width":720,"height":600},{"@type":"BreadcrumbList","@id":"https:\/\/medicinasinc.com\/hr\/product\/kupiti-3-cmc-kristal\/#breadcrumb","itemListElement":[{"@type":"ListItem","position":1,"name":"Du\u0107an","item":"https:\/\/medicinasinc.com\/hr\/ducan\/"},{"@type":"ListItem","position":2,"name":"Kupite kristal od 3 cmc"}]},{"@type":"WebSite","@id":"https:\/\/medicinasinc.com\/hr\/#website","url":"https:\/\/medicinasinc.com\/hr\/","name":"Medicinas Inc","description":"Health Medical Clinic","potentialAction":[{"@type":"SearchAction","target":{"@type":"EntryPoint","urlTemplate":"https:\/\/medicinasinc.com\/hr\/?s={search_term_string}"},"query-input":{"@type":"PropertyValueSpecification","valueRequired":true,"valueName":"search_term_string"}}],"inLanguage":"hr"}]}},"_links":{"self":[{"href":"https:\/\/medicinasinc.com\/hr\/wp-json\/wp\/v2\/product\/5870","targetHints":{"allow":["GET"]}}],"collection":[{"href":"https:\/\/medicinasinc.com\/hr\/wp-json\/wp\/v2\/product"}],"about":[{"href":"https:\/\/medicinasinc.com\/hr\/wp-json\/wp\/v2\/types\/product"}],"replies":[{"embeddable":true,"href":"https:\/\/medicinasinc.com\/hr\/wp-json\/wp\/v2\/comments?post=5870"}],"wp:featuredmedia":[{"embeddable":true,"href":"https:\/\/medicinasinc.com\/hr\/wp-json\/wp\/v2\/media\/5880"}],"wp:attachment":[{"href":"https:\/\/medicinasinc.com\/hr\/wp-json\/wp\/v2\/media?parent=5870"}],"wp:term":[{"taxonomy":"product_brand","embeddable":true,"href":"https:\/\/medicinasinc.com\/hr\/wp-json\/wp\/v2\/product_brand?post=5870"},{"taxonomy":"product_cat","embeddable":true,"href":"https:\/\/medicinasinc.com\/hr\/wp-json\/wp\/v2\/product_cat?post=5870"},{"taxonomy":"product_tag","embeddable":true,"href":"https:\/\/medicinasinc.com\/hr\/wp-json\/wp\/v2\/product_tag?post=5870"}],"curies":[{"name":"wp","href":"https:\/\/api.w.org\/{rel}","templated":true}]}}