{"id":5863,"date":"2022-02-22T07:36:01","date_gmt":"2022-02-22T07:36:01","guid":{"rendered":"https:\/\/medicinasinc.com\/hr\/?post_type=product&#038;p=5863"},"modified":"2022-03-15T05:24:00","modified_gmt":"2022-03-15T05:24:00","slug":"kupiti-gama-hidroksibutirat-ghb-prah","status":"publish","type":"product","link":"https:\/\/medicinasinc.com\/hr\/product\/kupiti-gama-hidroksibutirat-ghb-prah\/","title":{"rendered":"Kupite gama hidroksibutirat (GHB) u prahu"},"content":{"rendered":"<p>Online kupnja GHB praha<\/p>\n<p>Kupite GHB prah online. GHB je sinteti\u010dki anestetik. Dostupan je u obliku prozirne teku\u0107ine ili praha i blago slan okus. Budu\u0107i da je potencija razli\u010dita, ne postoji takva stvar kao \u0161to je &#8216;sigurna doza&#8217;. GBL (gama-butirolakton) i 1,4-butandiol su komercijalno dostupni kao GHB alternative. Oni su legalno dostupni kao otapala za \u010di\u0161\u0107enje, a kada se progutaju, prirodno se pretvaraju u GHB.<\/p>\n<p>Gama butirolakton se koristi za pobolj\u0161anje atletskih performansi, kvalitete sna, te seksualne performanse i u\u017eivanja. Osim toga, koriste ga za lije\u010denje depresije i stresa, za produljenje \u017eivota, za promicanje jasnog razmi\u0161ljanja, za poticanje opu\u0161tanja i za osloba\u0111anje hormona rasta. Osim toga, GBL se koristi za smanjenje tjelesne masno\u0107e i za izgradnju tijela ili mi\u0161i\u0107a. Odre\u0111eni pojedinci ga koriste rekreativno.<\/p>\n<p>GHB ili GBL Chemicals for Research<\/p>\n<p>(alternativni nazivi: gamahidroksibutirat, teku\u0107i ekstazi, teku\u0107i X, gamahidroksibutirat)<\/p>\n<p>Uobi\u010dajeno, GHB nudi se u malim bo\u010dicama kao bistra teku\u0107ina ne\u0161to gu\u0161\u0107e konzistencije od vode.<br \/> Doze se daju u malim koli\u010dinama, koje se nazivaju &#8220;\u010depovi&#8221; ili &#8220;\u010depovi G.&#8221;<br \/> Iako se mogu konzumirati cijela, obi\u010dno se razrijedi u vodi ili soku i pijucka.<br \/> GHB nema miris i nema vidljiv okus.<br \/> GBL ima blagi slani, kemijski okus i miris koji se lako maskira kada se pomije\u0161a s drugim teku\u0107inama . GBL je sna\u017enija verzija lijeka.<br \/> Ograni\u010dite se na iznimno niske doze GHB. Prili\u010dno je mo\u0107an, a mo\u0107 mo\u017ee zna\u010dajno varirati u razli\u010ditim serijama, \u010dak i me\u0111u iskusnim korisnicima. Savjetuje se pri\u010dekati izme\u0111u doza. Odre\u0111eni izvori preporu\u010duju \u010dekanje do dva sata izme\u0111u doza kako biste izbjegli Ging Out.<\/p>\n<p>U\u010dinci GHB-a<\/p>\n<p>U\u010dinci po\u010dinju otprilike dvadeset minuta nakon konzumiranja i mogu trajati do \u010detiri sata.<br \/> Manje, bla\u017ee koli\u010dine izazivaju opu\u0161tanje i smirenost.<br \/> Ako uzimate ve\u0107e koli\u010dine, mo\u017eete imati pospanost, vrtoglavicu i zbunjenost. Osim toga, mo\u017eete osjetiti mu\u010dninu, povra\u0107anje i gr\u010deve mi\u0161i\u0107a.<br \/> Mo\u017ee rezultirati konvulzijama, gubitkom svijesti, komom i ote\u017eanim disanjem<br \/> Mogu\u0107nost pove\u0107anja mi\u0161i\u0107nog rasta kod bodybuildera<\/p>\n<p>Seks s GHB-om<\/p>\n<p>Sli\u010dno alkoholu, smanjuje inhibicije, istovremeno pove\u0107avaju\u0107i samopouzdanje i dru\u0161tvenost.<br \/> Pove\u0107ana taktilna osjetljivost i osjetljivost na podra\u017eaje<br \/> Odre\u0111eni mu\u0161karci imaju ja\u010du erekciju.<br \/> Orgazami koji su prili\u010dno intenzivan, iako ovisi o dozi<br \/> Vi\u0161ak GHB-a mo\u017ee uzrokovati umor i onesvijestiti se tijekom seksa.<br \/> GHB se naziva lijekom za &#8220;silovanje na spoju&#8221; jer pove\u0107ava va\u0161u spremnost na seksualni odnos aktivnosti i naru\u0161ava va\u0161u sposobnost uspostavljanja i postavljanja seksualnih granica. Posebno je va\u017eno potvrditi pristanak s partnerima koji su na G. Odr\u017eavajte kontakt tijekom seksualne sesije. Seksualni kontakt s nekim tko je bez svijesti mo\u017ee se protuma\u010diti kao seksualni napad.<\/p>\n","protected":false},"excerpt":{"rendered":"<p>Kupite gama-hidroksimasla\u010dni\u00a0GHB prah za prodaju\u00a0u UK, Europi, Japanu, UAE, Kini, Aziji od najboljeg veleprodajnog dobavlja\u010da GHB, jam\u010dimo diskretnu dostavu diljem svijeta<\/p>\n","protected":false},"featured_media":5873,"comment_status":"open","ping_status":"closed","template":"","meta":[],"product_brand":[],"product_cat":[2014],"product_tag":[4019,4014,4023,4021,4017,4018,4020,4022,4016,4015],"class_list":{"0":"post-5863","1":"product","2":"type-product","3":"status-publish","4":"has-post-thumbnail","6":"product_cat-kupiti-istrazivati-kemikalije","7":"product_tag-gama-hidroksimaslana-kiselina-antidepresiv","8":"product_tag-buy-gamma-hydroxybutyrate-online","9":"product_tag-buy-ghb-powder","10":"product_tag-gama-hidroksimaslana-kiselina-cijena","11":"product_tag-droga","12":"product_tag-gama-hidroksimaslana-kiselina-i-hormon-rasta","13":"product_tag-gamma-hydroxybutyric-acid-bodybuilding","14":"product_tag-ghb-na-prodaju","15":"product_tag-buy-ghb-online","16":"product_tag-kupiti-ghb","18":"first","19":"instock","20":"shipping-taxable","21":"purchasable","22":"product-type-variable"},"yoast_head":"<!-- This site is optimized with the Yoast SEO plugin v27.2 - https:\/\/yoast.com\/product\/yoast-seo-wordpress\/ -->\n<title>Kupite gama hidroksibutirat (GHB) u prahu - najbolji najbolji svjetski lijekovi<\/title>\n<meta name=\"description\" content=\"Kupite Gama-Hydroxybutyric\u00a0GHB prah za prodaju\u00a0u UK, Europi, Japanu, UAE, Kini, Aziji od najboljeg veleprodajnog dobavlja\u010da GHB, jam\u010dimo diskretnu dostavu diljem svijeta\" \/>\n<meta name=\"robots\" content=\"index, follow, max-snippet:-1, max-image-preview:large, max-video-preview:-1\" \/>\n<link rel=\"canonical\" href=\"https:\/\/medicinasinc.com\/hr\/product\/kupiti-gama-hidroksibutirat-ghb-prah\/\" \/>\n<meta property=\"og:locale\" content=\"hr_HR\" \/>\n<meta property=\"og:type\" content=\"article\" \/>\n<meta property=\"og:title\" content=\"Kupite gama hidroksibutirat (GHB) u prahu - najbolji najbolji svjetski lijekovi\" \/>\n<meta property=\"og:description\" content=\"Kupite Gama-Hydroxybutyric\u00a0GHB prah za prodaju\u00a0u UK, Europi, Japanu, UAE, Kini, Aziji od najboljeg veleprodajnog dobavlja\u010da GHB, jam\u010dimo diskretnu dostavu diljem svijeta\" \/>\n<meta property=\"og:url\" content=\"https:\/\/medicinasinc.com\/hr\/product\/kupiti-gama-hidroksibutirat-ghb-prah\/\" \/>\n<meta property=\"og:site_name\" content=\"Medicinas Inc\" \/>\n<meta property=\"article:modified_time\" content=\"2022-03-15T05:24:00+00:00\" \/>\n<meta property=\"og:image\" content=\"https:\/\/medicinasinc.com\/hr\/wp-content\/uploads\/sites\/3\/2022\/02\/buy-GHB-powder-1.jpg\" \/>\n\t<meta property=\"og:image:width\" content=\"612\" \/>\n\t<meta property=\"og:image:height\" content=\"408\" \/>\n\t<meta property=\"og:image:type\" content=\"image\/jpeg\" \/>\n<meta name=\"twitter:card\" content=\"summary_large_image\" \/>\n<meta name=\"twitter:label1\" content=\"Procijenjeno vrijeme \u010ditanja\" \/>\n\t<meta name=\"twitter:data1\" content=\"2 minute\" \/>\n<script type=\"application\/ld+json\" class=\"yoast-schema-graph\">{\"@context\":\"https:\/\/schema.org\",\"@graph\":[{\"@type\":\"WebPage\",\"@id\":\"https:\/\/medicinasinc.com\/hr\/product\/kupiti-gama-hidroksibutirat-ghb-prah\/\",\"url\":\"https:\/\/medicinasinc.com\/hr\/product\/kupiti-gama-hidroksibutirat-ghb-prah\/\",\"name\":\"Kupite gama hidroksibutirat (GHB) u prahu - najbolji najbolji svjetski lijekovi\",\"isPartOf\":{\"@id\":\"https:\/\/medicinasinc.com\/hr\/#website\"},\"primaryImageOfPage\":{\"@id\":\"https:\/\/medicinasinc.com\/hr\/product\/kupiti-gama-hidroksibutirat-ghb-prah\/#primaryimage\"},\"image\":{\"@id\":\"https:\/\/medicinasinc.com\/hr\/product\/kupiti-gama-hidroksibutirat-ghb-prah\/#primaryimage\"},\"thumbnailUrl\":\"https:\/\/medicinasinc.com\/hr\/wp-content\/uploads\/sites\/3\/2022\/02\/buy-GHB-powder-1.jpg\",\"datePublished\":\"2022-02-22T07:36:01+00:00\",\"dateModified\":\"2022-03-15T05:24:00+00:00\",\"description\":\"Kupite Gama-Hydroxybutyric\u00a0GHB prah za prodaju\u00a0u UK, Europi, Japanu, UAE, Kini, Aziji od najboljeg veleprodajnog dobavlja\u010da GHB, jam\u010dimo diskretnu dostavu diljem svijeta\",\"breadcrumb\":{\"@id\":\"https:\/\/medicinasinc.com\/hr\/product\/kupiti-gama-hidroksibutirat-ghb-prah\/#breadcrumb\"},\"inLanguage\":\"hr\",\"potentialAction\":[{\"@type\":\"ReadAction\",\"target\":[\"https:\/\/medicinasinc.com\/hr\/product\/kupiti-gama-hidroksibutirat-ghb-prah\/\"]}]},{\"@type\":\"ImageObject\",\"inLanguage\":\"hr\",\"@id\":\"https:\/\/medicinasinc.com\/hr\/product\/kupiti-gama-hidroksibutirat-ghb-prah\/#primaryimage\",\"url\":\"https:\/\/medicinasinc.com\/hr\/wp-content\/uploads\/sites\/3\/2022\/02\/buy-GHB-powder-1.jpg\",\"contentUrl\":\"https:\/\/medicinasinc.com\/hr\/wp-content\/uploads\/sites\/3\/2022\/02\/buy-GHB-powder-1.jpg\",\"width\":612,\"height\":408},{\"@type\":\"BreadcrumbList\",\"@id\":\"https:\/\/medicinasinc.com\/hr\/product\/kupiti-gama-hidroksibutirat-ghb-prah\/#breadcrumb\",\"itemListElement\":[{\"@type\":\"ListItem\",\"position\":1,\"name\":\"Du\u0107an\",\"item\":\"https:\/\/medicinasinc.com\/hr\/ducan\/\"},{\"@type\":\"ListItem\",\"position\":2,\"name\":\"Kupite gama hidroksibutirat (GHB) u prahu\"}]},{\"@type\":\"WebSite\",\"@id\":\"https:\/\/medicinasinc.com\/hr\/#website\",\"url\":\"https:\/\/medicinasinc.com\/hr\/\",\"name\":\"Medicinas Inc\",\"description\":\"Health Medical Clinic\",\"potentialAction\":[{\"@type\":\"SearchAction\",\"target\":{\"@type\":\"EntryPoint\",\"urlTemplate\":\"https:\/\/medicinasinc.com\/hr\/?s={search_term_string}\"},\"query-input\":{\"@type\":\"PropertyValueSpecification\",\"valueRequired\":true,\"valueName\":\"search_term_string\"}}],\"inLanguage\":\"hr\"}]}<\/script>\n<!-- \/ Yoast SEO plugin. -->","yoast_head_json":{"title":"Kupite gama hidroksibutirat (GHB) u prahu - najbolji najbolji svjetski lijekovi","description":"Kupite Gama-Hydroxybutyric\u00a0GHB prah za prodaju\u00a0u UK, Europi, Japanu, UAE, Kini, Aziji od najboljeg veleprodajnog dobavlja\u010da GHB, jam\u010dimo diskretnu dostavu diljem svijeta","robots":{"index":"index","follow":"follow","max-snippet":"max-snippet:-1","max-image-preview":"max-image-preview:large","max-video-preview":"max-video-preview:-1"},"canonical":"https:\/\/medicinasinc.com\/hr\/product\/kupiti-gama-hidroksibutirat-ghb-prah\/","og_locale":"hr_HR","og_type":"article","og_title":"Kupite gama hidroksibutirat (GHB) u prahu - najbolji najbolji svjetski lijekovi","og_description":"Kupite Gama-Hydroxybutyric\u00a0GHB prah za prodaju\u00a0u UK, Europi, Japanu, UAE, Kini, Aziji od najboljeg veleprodajnog dobavlja\u010da GHB, jam\u010dimo diskretnu dostavu diljem svijeta","og_url":"https:\/\/medicinasinc.com\/hr\/product\/kupiti-gama-hidroksibutirat-ghb-prah\/","og_site_name":"Medicinas Inc","article_modified_time":"2022-03-15T05:24:00+00:00","og_image":[{"width":612,"height":408,"url":"https:\/\/medicinasinc.com\/hr\/wp-content\/uploads\/sites\/3\/2022\/02\/buy-GHB-powder-1.jpg","type":"image\/jpeg"}],"twitter_card":"summary_large_image","twitter_misc":{"Procijenjeno vrijeme \u010ditanja":"2 minute"},"schema":{"@context":"https:\/\/schema.org","@graph":[{"@type":"WebPage","@id":"https:\/\/medicinasinc.com\/hr\/product\/kupiti-gama-hidroksibutirat-ghb-prah\/","url":"https:\/\/medicinasinc.com\/hr\/product\/kupiti-gama-hidroksibutirat-ghb-prah\/","name":"Kupite gama hidroksibutirat (GHB) u prahu - najbolji najbolji svjetski lijekovi","isPartOf":{"@id":"https:\/\/medicinasinc.com\/hr\/#website"},"primaryImageOfPage":{"@id":"https:\/\/medicinasinc.com\/hr\/product\/kupiti-gama-hidroksibutirat-ghb-prah\/#primaryimage"},"image":{"@id":"https:\/\/medicinasinc.com\/hr\/product\/kupiti-gama-hidroksibutirat-ghb-prah\/#primaryimage"},"thumbnailUrl":"https:\/\/medicinasinc.com\/hr\/wp-content\/uploads\/sites\/3\/2022\/02\/buy-GHB-powder-1.jpg","datePublished":"2022-02-22T07:36:01+00:00","dateModified":"2022-03-15T05:24:00+00:00","description":"Kupite Gama-Hydroxybutyric\u00a0GHB prah za prodaju\u00a0u UK, Europi, Japanu, UAE, Kini, Aziji od najboljeg veleprodajnog dobavlja\u010da GHB, jam\u010dimo diskretnu dostavu diljem svijeta","breadcrumb":{"@id":"https:\/\/medicinasinc.com\/hr\/product\/kupiti-gama-hidroksibutirat-ghb-prah\/#breadcrumb"},"inLanguage":"hr","potentialAction":[{"@type":"ReadAction","target":["https:\/\/medicinasinc.com\/hr\/product\/kupiti-gama-hidroksibutirat-ghb-prah\/"]}]},{"@type":"ImageObject","inLanguage":"hr","@id":"https:\/\/medicinasinc.com\/hr\/product\/kupiti-gama-hidroksibutirat-ghb-prah\/#primaryimage","url":"https:\/\/medicinasinc.com\/hr\/wp-content\/uploads\/sites\/3\/2022\/02\/buy-GHB-powder-1.jpg","contentUrl":"https:\/\/medicinasinc.com\/hr\/wp-content\/uploads\/sites\/3\/2022\/02\/buy-GHB-powder-1.jpg","width":612,"height":408},{"@type":"BreadcrumbList","@id":"https:\/\/medicinasinc.com\/hr\/product\/kupiti-gama-hidroksibutirat-ghb-prah\/#breadcrumb","itemListElement":[{"@type":"ListItem","position":1,"name":"Du\u0107an","item":"https:\/\/medicinasinc.com\/hr\/ducan\/"},{"@type":"ListItem","position":2,"name":"Kupite gama hidroksibutirat (GHB) u prahu"}]},{"@type":"WebSite","@id":"https:\/\/medicinasinc.com\/hr\/#website","url":"https:\/\/medicinasinc.com\/hr\/","name":"Medicinas Inc","description":"Health Medical Clinic","potentialAction":[{"@type":"SearchAction","target":{"@type":"EntryPoint","urlTemplate":"https:\/\/medicinasinc.com\/hr\/?s={search_term_string}"},"query-input":{"@type":"PropertyValueSpecification","valueRequired":true,"valueName":"search_term_string"}}],"inLanguage":"hr"}]}},"_links":{"self":[{"href":"https:\/\/medicinasinc.com\/hr\/wp-json\/wp\/v2\/product\/5863","targetHints":{"allow":["GET"]}}],"collection":[{"href":"https:\/\/medicinasinc.com\/hr\/wp-json\/wp\/v2\/product"}],"about":[{"href":"https:\/\/medicinasinc.com\/hr\/wp-json\/wp\/v2\/types\/product"}],"replies":[{"embeddable":true,"href":"https:\/\/medicinasinc.com\/hr\/wp-json\/wp\/v2\/comments?post=5863"}],"wp:featuredmedia":[{"embeddable":true,"href":"https:\/\/medicinasinc.com\/hr\/wp-json\/wp\/v2\/media\/5873"}],"wp:attachment":[{"href":"https:\/\/medicinasinc.com\/hr\/wp-json\/wp\/v2\/media?parent=5863"}],"wp:term":[{"taxonomy":"product_brand","embeddable":true,"href":"https:\/\/medicinasinc.com\/hr\/wp-json\/wp\/v2\/product_brand?post=5863"},{"taxonomy":"product_cat","embeddable":true,"href":"https:\/\/medicinasinc.com\/hr\/wp-json\/wp\/v2\/product_cat?post=5863"},{"taxonomy":"product_tag","embeddable":true,"href":"https:\/\/medicinasinc.com\/hr\/wp-json\/wp\/v2\/product_tag?post=5863"}],"curies":[{"name":"wp","href":"https:\/\/api.w.org\/{rel}","templated":true}]}}