{"id":5858,"date":"2022-02-22T07:31:17","date_gmt":"2022-02-22T07:31:17","guid":{"rendered":"https:\/\/medicinasinc.com\/hr\/?post_type=product&#038;p=5858"},"modified":"2022-03-15T05:24:08","modified_gmt":"2022-03-15T05:24:08","slug":"kupiti-gama-hidroksibutirat-ghb-tekucinu","status":"publish","type":"product","link":"https:\/\/medicinasinc.com\/hr\/product\/kupiti-gama-hidroksibutirat-ghb-tekucinu\/","title":{"rendered":"Kupite gama hidroksibutirat (GHB) teku\u0107inu"},"content":{"rendered":"<p>Gamma-Hydroxybutyric GHB za prodaju u Ujedinjenom Kraljevstvu, Europi, Japanu, Ujedinjenim Arapskim Emiratima, Kini i Aziji iz najve\u0107eg veleprodajnog izvora GHB. Obe\u0107avamo diskretnu me\u0111unarodnu dostavu.<\/p>\n<p>-Hidroksimasla\u010dna kiselina (GHB), tako\u0111er poznata kao 4-hidroksibutanska kiselina, prirodni je neurotransmiter i halucinogena tvar. Na odre\u0111enim mjestima u mozgu djeluje kao prekursor GABA, glutamata i glicina. Skroman je agonist GABAB receptora i djeluje na GHB receptor. GHB se koristio kao op\u0107i anestetik i kao tretman za katapleksiju, narkolepsiju i alkoholizam u medicinskom okru\u017eenju. Osim toga, ilegalno se koristi kao opojno sredstvo, sredstvo za pobolj\u0161anje u\u010dinkovitosti, droga protiv silovanja i rekreacijska tvar.<\/p>\n<p>\u010cesto se koristi kao sol u obliku natrij-hidroksibutirata (NaGHB, natrij). oksibat, ili Xyrem) ili kalij-hidroksibutirat (KGHB, kalijev oksibat). GHB se tako\u0111er stvara tijekom fermentacije i nalazi se u tragovima u raznim pivima i vinima, kao iu govedini i sitnim plodovima agruma.<\/p>\n<p>GHB se medicinski koristi za lije\u010denje narkolepsije i, rje\u0111e, alkoholizma, iako je njegova u\u010dinkovitost u usporedbi s drugim farmakoterapijama za alkoholizam i dalje nepoznata.<\/p>\n<p>Povremeno se koristi off-label za lije\u010denje fibromijalgije.<\/p>\n<p>Natrijev oksibat je lijek koji se izdaje na recept koji sadr\u017ei aktivnu komponentu GHB. (Xyrem). Ameri\u010dka uprava za hranu i lijekove odobrila je natrijev oksibat za lije\u010denje katapleksije povezane s narkolepsijom i prekomjerne dnevne pospanosti (EDS) povezane s narkolepsijom.<\/p>\n<p>U modificiranim testovima vi\u0161estruke latencije spavanja, utvr\u0111eno je da GHB pouzdano poja\u010dava u\u010dinak. sporo valno spavanje i smanjuje sklonost ka REM spavanju.<\/p>\n<p>Ozna\u010davanje natrijevog oksibata koje je odobrila FDA ukazuje na to da nema dokaza da je GHB kancerogen, teratogen ili hepatotoksi\u010dan. Njegov superiorni sigurnosni profil u odnosu na etanol mo\u017ee objasniti za\u0161to se GHB jo\u0161 uvijek istra\u017euje] kao mogu\u0107a zamjena za alkohol.<\/p>\n","protected":false},"excerpt":{"rendered":"<p>Kupite Gama-Hydroxybutyric GHB teku\u0107inu za prodaju u Velikoj Britaniji, Europi, Japanu, UAE, Kini, Aziji od najboljeg veleprodajnog dobavlja\u010da GHB, jam\u010dimo diskretnu dostavu diljem svijeta<\/p>\n<p>Minimalna koli\u010dina\u00a0 200 ml<\/p>\n","protected":false},"featured_media":5868,"comment_status":"open","ping_status":"closed","template":"","meta":[],"product_brand":[],"product_cat":[2014],"product_tag":[4019,4014,4021,4017,4018,4020,4022,4016,4015],"class_list":{"0":"post-5858","1":"product","2":"type-product","3":"status-publish","4":"has-post-thumbnail","6":"product_cat-kupiti-istrazivati-kemikalije","7":"product_tag-gama-hidroksimaslana-kiselina-antidepresiv","8":"product_tag-buy-gamma-hydroxybutyrate-online","9":"product_tag-gama-hidroksimaslana-kiselina-cijena","10":"product_tag-droga","11":"product_tag-gama-hidroksimaslana-kiselina-i-hormon-rasta","12":"product_tag-gamma-hydroxybutyric-acid-bodybuilding","13":"product_tag-ghb-na-prodaju","14":"product_tag-buy-ghb-online","15":"product_tag-kupiti-ghb","17":"first","18":"instock","19":"shipping-taxable","20":"purchasable","21":"product-type-variable"},"yoast_head":"<!-- This site is optimized with the Yoast SEO plugin v27.3 - https:\/\/yoast.com\/product\/yoast-seo-wordpress\/ -->\n<title>Kupite gama hidroksibutirat (GHB) - najbolji najbolji svjetski lijekovi<\/title>\n<meta name=\"description\" content=\"Kupite Gama-Hydroxybutyric GHB teku\u0107inu za prodaju u Velikoj Britaniji, Europi, Japanu, UAE, Kini, Aziji od najboljeg veleprodajnog dobavlja\u010da GHB, jam\u010dimo diskretnu dostavu diljem svijeta\" \/>\n<meta name=\"robots\" content=\"index, follow, max-snippet:-1, max-image-preview:large, max-video-preview:-1\" \/>\n<link rel=\"canonical\" href=\"https:\/\/medicinasinc.com\/hr\/product\/kupiti-gama-hidroksibutirat-ghb-tekucinu\/\" \/>\n<meta property=\"og:locale\" content=\"hr_HR\" \/>\n<meta property=\"og:type\" content=\"article\" \/>\n<meta property=\"og:title\" content=\"Kupite gama hidroksibutirat (GHB) - najbolji najbolji svjetski lijekovi\" \/>\n<meta property=\"og:description\" content=\"Kupite Gama-Hydroxybutyric GHB teku\u0107inu za prodaju u Velikoj Britaniji, Europi, Japanu, UAE, Kini, Aziji od najboljeg veleprodajnog dobavlja\u010da GHB, jam\u010dimo diskretnu dostavu diljem svijeta\" \/>\n<meta property=\"og:url\" content=\"https:\/\/medicinasinc.com\/hr\/product\/kupiti-gama-hidroksibutirat-ghb-tekucinu\/\" \/>\n<meta property=\"og:site_name\" content=\"Medicinas Inc\" \/>\n<meta property=\"article:modified_time\" content=\"2022-03-15T05:24:08+00:00\" \/>\n<meta property=\"og:image\" content=\"https:\/\/medicinasinc.com\/hr\/wp-content\/uploads\/sites\/3\/2022\/02\/Buy-gamma-hydroxybutyrate.jpg\" \/>\n\t<meta property=\"og:image:width\" content=\"600\" \/>\n\t<meta property=\"og:image:height\" content=\"450\" \/>\n\t<meta property=\"og:image:type\" content=\"image\/jpeg\" \/>\n<meta name=\"twitter:card\" content=\"summary_large_image\" \/>\n<meta name=\"twitter:label1\" content=\"Procijenjeno vrijeme \u010ditanja\" \/>\n\t<meta name=\"twitter:data1\" content=\"2 minute\" \/>\n<script type=\"application\/ld+json\" class=\"yoast-schema-graph\">{\"@context\":\"https:\\\/\\\/schema.org\",\"@graph\":[{\"@type\":\"WebPage\",\"@id\":\"https:\\\/\\\/medicinasinc.com\\\/hr\\\/product\\\/kupiti-gama-hidroksibutirat-ghb-tekucinu\\\/\",\"url\":\"https:\\\/\\\/medicinasinc.com\\\/hr\\\/product\\\/kupiti-gama-hidroksibutirat-ghb-tekucinu\\\/\",\"name\":\"Kupite gama hidroksibutirat (GHB) - najbolji najbolji svjetski lijekovi\",\"isPartOf\":{\"@id\":\"https:\\\/\\\/medicinasinc.com\\\/hr\\\/#website\"},\"primaryImageOfPage\":{\"@id\":\"https:\\\/\\\/medicinasinc.com\\\/hr\\\/product\\\/kupiti-gama-hidroksibutirat-ghb-tekucinu\\\/#primaryimage\"},\"image\":{\"@id\":\"https:\\\/\\\/medicinasinc.com\\\/hr\\\/product\\\/kupiti-gama-hidroksibutirat-ghb-tekucinu\\\/#primaryimage\"},\"thumbnailUrl\":\"https:\\\/\\\/medicinasinc.com\\\/hr\\\/wp-content\\\/uploads\\\/sites\\\/3\\\/2022\\\/02\\\/Buy-gamma-hydroxybutyrate.jpg\",\"datePublished\":\"2022-02-22T07:31:17+00:00\",\"dateModified\":\"2022-03-15T05:24:08+00:00\",\"description\":\"Kupite Gama-Hydroxybutyric GHB teku\u0107inu za prodaju u Velikoj Britaniji, Europi, Japanu, UAE, Kini, Aziji od najboljeg veleprodajnog dobavlja\u010da GHB, jam\u010dimo diskretnu dostavu diljem svijeta\",\"breadcrumb\":{\"@id\":\"https:\\\/\\\/medicinasinc.com\\\/hr\\\/product\\\/kupiti-gama-hidroksibutirat-ghb-tekucinu\\\/#breadcrumb\"},\"inLanguage\":\"hr\",\"potentialAction\":[{\"@type\":\"ReadAction\",\"target\":[\"https:\\\/\\\/medicinasinc.com\\\/hr\\\/product\\\/kupiti-gama-hidroksibutirat-ghb-tekucinu\\\/\"]}]},{\"@type\":\"ImageObject\",\"inLanguage\":\"hr\",\"@id\":\"https:\\\/\\\/medicinasinc.com\\\/hr\\\/product\\\/kupiti-gama-hidroksibutirat-ghb-tekucinu\\\/#primaryimage\",\"url\":\"https:\\\/\\\/medicinasinc.com\\\/hr\\\/wp-content\\\/uploads\\\/sites\\\/3\\\/2022\\\/02\\\/Buy-gamma-hydroxybutyrate.jpg\",\"contentUrl\":\"https:\\\/\\\/medicinasinc.com\\\/hr\\\/wp-content\\\/uploads\\\/sites\\\/3\\\/2022\\\/02\\\/Buy-gamma-hydroxybutyrate.jpg\",\"width\":600,\"height\":450},{\"@type\":\"BreadcrumbList\",\"@id\":\"https:\\\/\\\/medicinasinc.com\\\/hr\\\/product\\\/kupiti-gama-hidroksibutirat-ghb-tekucinu\\\/#breadcrumb\",\"itemListElement\":[{\"@type\":\"ListItem\",\"position\":1,\"name\":\"Du\u0107an\",\"item\":\"https:\\\/\\\/medicinasinc.com\\\/hr\\\/ducan\\\/\"},{\"@type\":\"ListItem\",\"position\":2,\"name\":\"Kupite gama hidroksibutirat (GHB) teku\u0107inu\"}]},{\"@type\":\"WebSite\",\"@id\":\"https:\\\/\\\/medicinasinc.com\\\/hr\\\/#website\",\"url\":\"https:\\\/\\\/medicinasinc.com\\\/hr\\\/\",\"name\":\"Medicinas Inc\",\"description\":\"Health Medical Clinic\",\"potentialAction\":[{\"@type\":\"SearchAction\",\"target\":{\"@type\":\"EntryPoint\",\"urlTemplate\":\"https:\\\/\\\/medicinasinc.com\\\/hr\\\/?s={search_term_string}\"},\"query-input\":{\"@type\":\"PropertyValueSpecification\",\"valueRequired\":true,\"valueName\":\"search_term_string\"}}],\"inLanguage\":\"hr\"}]}<\/script>\n<!-- \/ Yoast SEO plugin. -->","yoast_head_json":{"title":"Kupite gama hidroksibutirat (GHB) - najbolji najbolji svjetski lijekovi","description":"Kupite Gama-Hydroxybutyric GHB teku\u0107inu za prodaju u Velikoj Britaniji, Europi, Japanu, UAE, Kini, Aziji od najboljeg veleprodajnog dobavlja\u010da GHB, jam\u010dimo diskretnu dostavu diljem svijeta","robots":{"index":"index","follow":"follow","max-snippet":"max-snippet:-1","max-image-preview":"max-image-preview:large","max-video-preview":"max-video-preview:-1"},"canonical":"https:\/\/medicinasinc.com\/hr\/product\/kupiti-gama-hidroksibutirat-ghb-tekucinu\/","og_locale":"hr_HR","og_type":"article","og_title":"Kupite gama hidroksibutirat (GHB) - najbolji najbolji svjetski lijekovi","og_description":"Kupite Gama-Hydroxybutyric GHB teku\u0107inu za prodaju u Velikoj Britaniji, Europi, Japanu, UAE, Kini, Aziji od najboljeg veleprodajnog dobavlja\u010da GHB, jam\u010dimo diskretnu dostavu diljem svijeta","og_url":"https:\/\/medicinasinc.com\/hr\/product\/kupiti-gama-hidroksibutirat-ghb-tekucinu\/","og_site_name":"Medicinas Inc","article_modified_time":"2022-03-15T05:24:08+00:00","og_image":[{"width":600,"height":450,"url":"https:\/\/medicinasinc.com\/hr\/wp-content\/uploads\/sites\/3\/2022\/02\/Buy-gamma-hydroxybutyrate.jpg","type":"image\/jpeg"}],"twitter_card":"summary_large_image","twitter_misc":{"Procijenjeno vrijeme \u010ditanja":"2 minute"},"schema":{"@context":"https:\/\/schema.org","@graph":[{"@type":"WebPage","@id":"https:\/\/medicinasinc.com\/hr\/product\/kupiti-gama-hidroksibutirat-ghb-tekucinu\/","url":"https:\/\/medicinasinc.com\/hr\/product\/kupiti-gama-hidroksibutirat-ghb-tekucinu\/","name":"Kupite gama hidroksibutirat (GHB) - najbolji najbolji svjetski lijekovi","isPartOf":{"@id":"https:\/\/medicinasinc.com\/hr\/#website"},"primaryImageOfPage":{"@id":"https:\/\/medicinasinc.com\/hr\/product\/kupiti-gama-hidroksibutirat-ghb-tekucinu\/#primaryimage"},"image":{"@id":"https:\/\/medicinasinc.com\/hr\/product\/kupiti-gama-hidroksibutirat-ghb-tekucinu\/#primaryimage"},"thumbnailUrl":"https:\/\/medicinasinc.com\/hr\/wp-content\/uploads\/sites\/3\/2022\/02\/Buy-gamma-hydroxybutyrate.jpg","datePublished":"2022-02-22T07:31:17+00:00","dateModified":"2022-03-15T05:24:08+00:00","description":"Kupite Gama-Hydroxybutyric GHB teku\u0107inu za prodaju u Velikoj Britaniji, Europi, Japanu, UAE, Kini, Aziji od najboljeg veleprodajnog dobavlja\u010da GHB, jam\u010dimo diskretnu dostavu diljem svijeta","breadcrumb":{"@id":"https:\/\/medicinasinc.com\/hr\/product\/kupiti-gama-hidroksibutirat-ghb-tekucinu\/#breadcrumb"},"inLanguage":"hr","potentialAction":[{"@type":"ReadAction","target":["https:\/\/medicinasinc.com\/hr\/product\/kupiti-gama-hidroksibutirat-ghb-tekucinu\/"]}]},{"@type":"ImageObject","inLanguage":"hr","@id":"https:\/\/medicinasinc.com\/hr\/product\/kupiti-gama-hidroksibutirat-ghb-tekucinu\/#primaryimage","url":"https:\/\/medicinasinc.com\/hr\/wp-content\/uploads\/sites\/3\/2022\/02\/Buy-gamma-hydroxybutyrate.jpg","contentUrl":"https:\/\/medicinasinc.com\/hr\/wp-content\/uploads\/sites\/3\/2022\/02\/Buy-gamma-hydroxybutyrate.jpg","width":600,"height":450},{"@type":"BreadcrumbList","@id":"https:\/\/medicinasinc.com\/hr\/product\/kupiti-gama-hidroksibutirat-ghb-tekucinu\/#breadcrumb","itemListElement":[{"@type":"ListItem","position":1,"name":"Du\u0107an","item":"https:\/\/medicinasinc.com\/hr\/ducan\/"},{"@type":"ListItem","position":2,"name":"Kupite gama hidroksibutirat (GHB) teku\u0107inu"}]},{"@type":"WebSite","@id":"https:\/\/medicinasinc.com\/hr\/#website","url":"https:\/\/medicinasinc.com\/hr\/","name":"Medicinas Inc","description":"Health Medical Clinic","potentialAction":[{"@type":"SearchAction","target":{"@type":"EntryPoint","urlTemplate":"https:\/\/medicinasinc.com\/hr\/?s={search_term_string}"},"query-input":{"@type":"PropertyValueSpecification","valueRequired":true,"valueName":"search_term_string"}}],"inLanguage":"hr"}]}},"_links":{"self":[{"href":"https:\/\/medicinasinc.com\/hr\/wp-json\/wp\/v2\/product\/5858","targetHints":{"allow":["GET"]}}],"collection":[{"href":"https:\/\/medicinasinc.com\/hr\/wp-json\/wp\/v2\/product"}],"about":[{"href":"https:\/\/medicinasinc.com\/hr\/wp-json\/wp\/v2\/types\/product"}],"replies":[{"embeddable":true,"href":"https:\/\/medicinasinc.com\/hr\/wp-json\/wp\/v2\/comments?post=5858"}],"wp:featuredmedia":[{"embeddable":true,"href":"https:\/\/medicinasinc.com\/hr\/wp-json\/wp\/v2\/media\/5868"}],"wp:attachment":[{"href":"https:\/\/medicinasinc.com\/hr\/wp-json\/wp\/v2\/media?parent=5858"}],"wp:term":[{"taxonomy":"product_brand","embeddable":true,"href":"https:\/\/medicinasinc.com\/hr\/wp-json\/wp\/v2\/product_brand?post=5858"},{"taxonomy":"product_cat","embeddable":true,"href":"https:\/\/medicinasinc.com\/hr\/wp-json\/wp\/v2\/product_cat?post=5858"},{"taxonomy":"product_tag","embeddable":true,"href":"https:\/\/medicinasinc.com\/hr\/wp-json\/wp\/v2\/product_tag?post=5858"}],"curies":[{"name":"wp","href":"https:\/\/api.w.org\/{rel}","templated":true}]}}