{"id":5852,"date":"2022-02-22T07:25:44","date_gmt":"2022-02-22T07:25:44","guid":{"rendered":"https:\/\/medicinasinc.com\/hr\/?post_type=product&#038;p=5852"},"modified":"2022-03-15T05:24:16","modified_gmt":"2022-03-15T05:24:16","slug":"kupiti-amfetamin-prah","status":"publish","type":"product","link":"https:\/\/medicinasinc.com\/hr\/product\/kupiti-amfetamin-prah\/","title":{"rendered":"Kupi amfetamin u prahu"},"content":{"rendered":"<p>Amfetamin u prahu mo\u017ee se kupiti online.<\/p>\n<p>Amfetamin u prahu online u Ujedinjenom Kraljevstvu, Europi i Europskoj uniji, Amfetamin u prahu po\u0161tom, Amfetamini su stimulativni lijekovi, \u0161to zna\u010di da ubrzavaju prijenos poruka izme\u0111u mozga i tijela.<\/p>\n<p>Amfetamini su stimulativni lijekovi koji ubrzavaju prijenos informacija izme\u0111u mozga i tijela.<\/p>\n<p>Mo\u017eda bi vas tako\u0111er zanimalo saznati vi\u0161e o u\u010dincima. i zdravstveni rizici povezani s amfetaminskim prahom. Mo\u017ee se manifestirati na isti na\u010din kao i brojni drugi lijekovi.<\/p>\n<p>Odre\u0111ene klase amfetamina lije\u010dnici legitimno preporu\u010duju za lije\u010denje bolesti kao \u0161to su poreme\u0107aj pa\u017enje i hiperaktivnost (ADHD) i narkolepsija (kada osoba ima nekontroliranu potrebu za spavanjem). Druge vrste amfetamina, poput speeda, nezakonito se proizvode i prodaju. Zaseban list s \u010dinjenicama posve\u0107en je sna\u017enijem obliku metamfetamina, kristalnom metamfetaminu (ledu).<\/p>\n<p>Amfetamini postoje u razli\u010ditim oblicima. Ovi lijekovi su dostupni u obliku praha, tableta, kristala i kapsula. Kada se prodaju ilegalno, mogu se pakirati u &#8216;folije&#8217; (aluminijska folija), plasti\u010dne vre\u0107ice ili minijaturne balone.<\/p>\n<p>Prah amfetamina je u boji od bijele do sme\u0111e, a povremeno sadr\u017ei tragove sive ili ru\u017ei\u010daste boje. Ima o\u0161tar miris i gorak okus. Kapsule i tablete koje sadr\u017ee amfetamine zna\u010dajno se razlikuju po veli\u010dini i boji.<\/p>\n<p>Amfetamin -Nezakonito proizvedeni amfetamini mogu sadr\u017eavati kombinaciju droga, veziva, kofeina i \u0161e\u0107era. Osim toga, mogu se dodati nove psihoaktivne droge.<\/p>\n<p>Slengovski izrazi<\/p>\n<p>Brzina, brz, uzlazni, gornji, louee, goey i whiz.<\/p>\n<p>Koju svrhu slu\u017ee. slu\u017ee?<\/p>\n<p>Op\u0107enito, amfetamini se unose, ubrizgavaju ili pu\u0161e. Osim toga, \u0161mrkaju se.<\/p>\n<p>U\u010dinci amfetamina<\/p>\n<p>Amfetamini imaju razli\u010dit u\u010dinak na svakog pojedinca, ovisno o:<\/p>\n<p>Indeksu tjelesne mase, te\u017eini i zdravlju <br \/> Da li je pojedinac naviknut da ga uzima<br \/> Da li se istodobno uzimaju neki drugi lijekovi<br \/> Povu\u010deni iznos<br \/> Potentnost lijeka (razlikuje se od serije do serije s ilegalno proizvedenim drogama)<\/p>\n<p>Amfetamini ispoljavaju svoje djelovanje odmah (bilo da su ubrizgani ili popu\u0161eni) ili unutar 30 minuta (ako se u\u0161mrkaju ili progutaju).<\/p>\n<p>Mogu se pojaviti sljede\u0107i u\u010dinci:<\/p>\n<p>Sre\u0107a i samoga sebe. -sigurnost<br \/> Govorite vi\u0161e i osje\u0107ate se vi\u0161e energije<br \/> Ponavljanje jednostavnih radnji kao \u0161to su svrbe\u017e i grebanje<br \/> Zjenice velike i suha usta<br \/> Ubrzani rad srca i disanje<br \/> \u0160kripanje zubima <br \/> Suzbijanje apetita<br \/> Prekomjerno znojenje<br \/> Poja\u010dano seksualno uzbu\u0111enje<br \/> Predoziranje<\/p>\n<p>Ako se konzumira zna\u010dajna koli\u010dina ili posebno jaka serija, mo\u017ee tako\u0111er rezultirati predoziranjem. Ako se pojavi bilo koji od sljede\u0107ih simptoma, hitnu pomo\u0107 treba odmah pozvati biranjem trostruke nule (000). Slu\u017ebenici hitne pomo\u0107i nisu du\u017eni konzultirati se s policijom.<\/p>\n<p>Odgovara brzim otkucajima srca<br \/> Mo\u017edani udar, sr\u010dani udar i smrt<\/p>\n<p>U\u0161mrkani amfetamini mogu iritirati nosne prolaze i uzrokovati krvarenje iz nosa.<\/p>\n<p>Ubrizgavanje amfetamina i dijeljenje igala mo\u017ee pove\u0107ati rizik od zaraze sljede\u0107im:<\/p>\n<p>Virus Hepatitis B<br \/>HIV\/AIDS Hepatitis C<br \/>Tetanus<br \/> Silazno<\/p>\n<p>Nakon upotrebe amfetamina, mogu se pojaviti sljede\u0107i u\u010dinci:<\/p>\n<p>Nesanica i iscrpljenost<br \/> Glavobolje<br \/> Dezorijentacija i zamagljen vid<br \/> Zbunjenost, paranoja, i halucinacije<br \/>Razdra\u017eljivost, promjene raspolo\u017eenja i depresija simptomi su depresije.<\/p>\n<p>Kori\u0161tenje depresiva kao \u0161to su alkohol, benzodiazepini ili kanabis za pomo\u0107 u procesu &#8216;padanja&#8217; mo\u017ee kulminirati u ciklus ovisnosti o obje vrste supstanci.<\/p>\n<p>Dugoro\u010dne posljedice<\/p>\n<p>Redovita uporaba amfetamina mo\u017ee u kona\u010dnici rezultirati sljede\u0107im:<\/p>\n<p>Suzbijanjem apetita i brz gubitak te\u017eine<br \/> Nesanica san<br \/> Problemi sa zubima i suha usta<br \/> Prehlada i gripa su \u010deste.<br \/> Pote\u0161ko\u0107e s koncentracijom<br \/> Pote\u0161ko\u0107e s disanjem<br \/> Uko\u010denost mi\u0161i\u0107a<br \/> Napadi panike i paranoja<br \/> Depresija<br \/> Kardiovaskularni i bubre\u017eni problemi<br \/> Pove\u0107an je rizik od mo\u017edanog udara<br \/> Morate vi\u0161e koristiti za postizanje \u017eeljenog u\u010dinka<br \/> Ovisnost o amfetaminima<br \/> Financijske, profesionalne i dru\u0161tvene pote\u0161ko\u0107e<br \/> Psihoza uzrokovane amfetaminima<\/p>\n<p>Osim toga, visoke doze i opetovana te\u0161ka uporaba mogu rezultirati &#8216;amfetaminskom psihozom&#8217;, koju karakteriziraju paranoi\u010dne zablude, halucinacije i neprimjereno agresivno ili nasilno pona\u0161anje. Ovi simptomi \u010desto nestaju unutar nekoliko dana nakon \u0161to pojedinac prestane koristiti amfetamine.<\/p>\n<p>Amfetamini u kombinaciji s drugim lijekovima<\/p>\n<p>Interakcije izme\u0111u amfetamina i drugih supstanci, kao \u0161to je prekomjerno kori\u0161tenje lijekovi koji se izdaju na recept ili na recept, mogu biti nepredvidivi i smrtonosni te mogu rezultirati sljede\u0107im:<\/p>\n<p>Amfetamini i odre\u0111eni antidepresivi uzrokuju hipertenziju, \u0161to mo\u017ee rezultirati nepravilnim pulsom, zatajenjem srca i mo\u017edanim udarom.<\/p>\n<p>4<\/p>\n<p>Amfetamini koji se koriste s alkoholom, kanabisom ili benzodiazepinima stavljaju tijelo pod ekstremni stres jer se nastoji nositi s kontradiktornim u\u010dincima dviju droga, \u0161to mo\u017ee dovesti do predoziranja.<\/p>\n<p>Prestanak<\/p>\n<p>Odustajanje od amfetamina nakon duljeg razdoblja uporabe te\u0161ko je jer se tijelo mora prilagoditi radu bez njih. Simptomi ustezanja trebali bi se povu\u0107i unutar tjedan dana i trebali bi potpuno nestati nakon mjesec dana. Simptomi uklju\u010duju sljede\u0107e:<\/p>\n<p>\u017dudnja za amfetaminom<br \/> Poticanje apetita<br \/> Smutnja i iritacija<br \/> Modrice i bolovi<br \/> Iscrpljenost<br \/> Nesanica i no\u0107ne more<br \/> Afektivni poreme\u0107aji kao \u0161to su anksioznost, depresija i paranoja<\/p>\n","protected":false},"excerpt":{"rendered":"<p>Kupite amfetamin u prahu za prodaju u Velikoj Britaniji, Europi jeftine generi\u010dke tablete i pilule marke u Sapporu, mo\u017eete kupiti amfetamin u prahu za prodaju putem interneta koriste\u0107i Bitcoin (BTC)<\/p>\n<p>Amfetamin u prahu sna\u017ean je stimulans sredi\u0161njeg \u017eiv\u010danog sustava sustava (neuroni mozga i le\u0111ne mo\u017edine) i koristi se u medicini za lije\u010denje raznih stanja. Osim toga, izuzetno stvara ovisnost i ima povijest zlostavljanja.<\/p>\n<p>Amfetamin u prahu je lijek koji se izdaje na recept koji se koristi za lije\u010denje poreme\u0107aja pa\u017enje i hiperaktivnosti (ADHD).<\/p>\n","protected":false},"featured_media":5862,"comment_status":"open","ping_status":"closed","template":"","meta":[],"product_brand":[],"product_cat":[2014,703],"product_tag":[4007,4013,4009,4011,4012,4010,4008],"class_list":{"0":"post-5852","1":"product","2":"type-product","3":"status-publish","4":"has-post-thumbnail","6":"product_cat-kupiti-istrazivati-kemikalije","7":"product_cat-kupiti-psihedelicne-droge","8":"product_tag-amfetamin-u-prahu","9":"product_tag-gdje-kupiti-amfetamin-praak-online","10":"product_tag-kupiti-amfetamin-pra-c5-a1ak-online","11":"product_tag-kupnja-amfetamin-praak-online","12":"product_tag-najbolje-mjesto-za-kupnju-amfetamina-u-prahu-na-mrei","13":"product_tag-naruite-amfetamin-praak-online","14":"product_tag-amfetamin-prah-na-prodaju","16":"first","17":"instock","18":"shipping-taxable","19":"purchasable","20":"product-type-variable"},"yoast_head":"<!-- This site is optimized with the Yoast SEO plugin v27.3 - https:\/\/yoast.com\/product\/yoast-seo-wordpress\/ -->\n<title>Kupite amfetamin u prahu - najbolji najbolji svjetski lijekovi<\/title>\n<meta name=\"description\" content=\"Kupite amfetamin u prahu za prodaju u Velikoj Britaniji, Europi, jeftine generi\u010dke tablete i pilule marke u Sapporu, mo\u017eete naru\u010diti amfetamin u prahu za prodaju putem interneta koriste\u0107i Bitcoin (BTC)\" \/>\n<meta name=\"robots\" content=\"index, follow, max-snippet:-1, max-image-preview:large, max-video-preview:-1\" \/>\n<link rel=\"canonical\" href=\"https:\/\/medicinasinc.com\/hr\/product\/kupiti-amfetamin-prah\/\" \/>\n<meta property=\"og:locale\" content=\"hr_HR\" \/>\n<meta property=\"og:type\" content=\"article\" \/>\n<meta property=\"og:title\" content=\"Kupite amfetamin u prahu - najbolji najbolji svjetski lijekovi\" \/>\n<meta property=\"og:description\" content=\"Kupite amfetamin u prahu za prodaju u Velikoj Britaniji, Europi, jeftine generi\u010dke tablete i pilule marke u Sapporu, mo\u017eete naru\u010diti amfetamin u prahu za prodaju putem interneta koriste\u0107i Bitcoin (BTC)\" \/>\n<meta property=\"og:url\" content=\"https:\/\/medicinasinc.com\/hr\/product\/kupiti-amfetamin-prah\/\" \/>\n<meta property=\"og:site_name\" content=\"Medicinas Inc\" \/>\n<meta property=\"article:modified_time\" content=\"2022-03-15T05:24:16+00:00\" \/>\n<meta property=\"og:image\" content=\"https:\/\/medicinasinc.com\/hr\/wp-content\/uploads\/sites\/3\/2022\/02\/Buy-Amphetamine-Powder.png\" \/>\n\t<meta property=\"og:image:width\" content=\"412\" \/>\n\t<meta property=\"og:image:height\" content=\"550\" \/>\n\t<meta property=\"og:image:type\" content=\"image\/png\" \/>\n<meta name=\"twitter:card\" content=\"summary_large_image\" \/>\n<meta name=\"twitter:label1\" content=\"Procijenjeno vrijeme \u010ditanja\" \/>\n\t<meta name=\"twitter:data1\" content=\"4 minute\" \/>\n<script type=\"application\/ld+json\" class=\"yoast-schema-graph\">{\"@context\":\"https:\\\/\\\/schema.org\",\"@graph\":[{\"@type\":\"WebPage\",\"@id\":\"https:\\\/\\\/medicinasinc.com\\\/hr\\\/product\\\/kupiti-amfetamin-prah\\\/\",\"url\":\"https:\\\/\\\/medicinasinc.com\\\/hr\\\/product\\\/kupiti-amfetamin-prah\\\/\",\"name\":\"Kupite amfetamin u prahu - najbolji najbolji svjetski lijekovi\",\"isPartOf\":{\"@id\":\"https:\\\/\\\/medicinasinc.com\\\/hr\\\/#website\"},\"primaryImageOfPage\":{\"@id\":\"https:\\\/\\\/medicinasinc.com\\\/hr\\\/product\\\/kupiti-amfetamin-prah\\\/#primaryimage\"},\"image\":{\"@id\":\"https:\\\/\\\/medicinasinc.com\\\/hr\\\/product\\\/kupiti-amfetamin-prah\\\/#primaryimage\"},\"thumbnailUrl\":\"https:\\\/\\\/medicinasinc.com\\\/hr\\\/wp-content\\\/uploads\\\/sites\\\/3\\\/2022\\\/02\\\/Buy-Amphetamine-Powder.png\",\"datePublished\":\"2022-02-22T07:25:44+00:00\",\"dateModified\":\"2022-03-15T05:24:16+00:00\",\"description\":\"Kupite amfetamin u prahu za prodaju u Velikoj Britaniji, Europi, jeftine generi\u010dke tablete i pilule marke u Sapporu, mo\u017eete naru\u010diti amfetamin u prahu za prodaju putem interneta koriste\u0107i Bitcoin (BTC)\",\"breadcrumb\":{\"@id\":\"https:\\\/\\\/medicinasinc.com\\\/hr\\\/product\\\/kupiti-amfetamin-prah\\\/#breadcrumb\"},\"inLanguage\":\"hr\",\"potentialAction\":[{\"@type\":\"ReadAction\",\"target\":[\"https:\\\/\\\/medicinasinc.com\\\/hr\\\/product\\\/kupiti-amfetamin-prah\\\/\"]}]},{\"@type\":\"ImageObject\",\"inLanguage\":\"hr\",\"@id\":\"https:\\\/\\\/medicinasinc.com\\\/hr\\\/product\\\/kupiti-amfetamin-prah\\\/#primaryimage\",\"url\":\"https:\\\/\\\/medicinasinc.com\\\/hr\\\/wp-content\\\/uploads\\\/sites\\\/3\\\/2022\\\/02\\\/Buy-Amphetamine-Powder.png\",\"contentUrl\":\"https:\\\/\\\/medicinasinc.com\\\/hr\\\/wp-content\\\/uploads\\\/sites\\\/3\\\/2022\\\/02\\\/Buy-Amphetamine-Powder.png\",\"width\":412,\"height\":550},{\"@type\":\"BreadcrumbList\",\"@id\":\"https:\\\/\\\/medicinasinc.com\\\/hr\\\/product\\\/kupiti-amfetamin-prah\\\/#breadcrumb\",\"itemListElement\":[{\"@type\":\"ListItem\",\"position\":1,\"name\":\"Du\u0107an\",\"item\":\"https:\\\/\\\/medicinasinc.com\\\/hr\\\/ducan\\\/\"},{\"@type\":\"ListItem\",\"position\":2,\"name\":\"Kupi amfetamin u prahu\"}]},{\"@type\":\"WebSite\",\"@id\":\"https:\\\/\\\/medicinasinc.com\\\/hr\\\/#website\",\"url\":\"https:\\\/\\\/medicinasinc.com\\\/hr\\\/\",\"name\":\"Medicinas Inc\",\"description\":\"Health Medical Clinic\",\"potentialAction\":[{\"@type\":\"SearchAction\",\"target\":{\"@type\":\"EntryPoint\",\"urlTemplate\":\"https:\\\/\\\/medicinasinc.com\\\/hr\\\/?s={search_term_string}\"},\"query-input\":{\"@type\":\"PropertyValueSpecification\",\"valueRequired\":true,\"valueName\":\"search_term_string\"}}],\"inLanguage\":\"hr\"}]}<\/script>\n<!-- \/ Yoast SEO plugin. -->","yoast_head_json":{"title":"Kupite amfetamin u prahu - najbolji najbolji svjetski lijekovi","description":"Kupite amfetamin u prahu za prodaju u Velikoj Britaniji, Europi, jeftine generi\u010dke tablete i pilule marke u Sapporu, mo\u017eete naru\u010diti amfetamin u prahu za prodaju putem interneta koriste\u0107i Bitcoin (BTC)","robots":{"index":"index","follow":"follow","max-snippet":"max-snippet:-1","max-image-preview":"max-image-preview:large","max-video-preview":"max-video-preview:-1"},"canonical":"https:\/\/medicinasinc.com\/hr\/product\/kupiti-amfetamin-prah\/","og_locale":"hr_HR","og_type":"article","og_title":"Kupite amfetamin u prahu - najbolji najbolji svjetski lijekovi","og_description":"Kupite amfetamin u prahu za prodaju u Velikoj Britaniji, Europi, jeftine generi\u010dke tablete i pilule marke u Sapporu, mo\u017eete naru\u010diti amfetamin u prahu za prodaju putem interneta koriste\u0107i Bitcoin (BTC)","og_url":"https:\/\/medicinasinc.com\/hr\/product\/kupiti-amfetamin-prah\/","og_site_name":"Medicinas Inc","article_modified_time":"2022-03-15T05:24:16+00:00","og_image":[{"width":412,"height":550,"url":"https:\/\/medicinasinc.com\/hr\/wp-content\/uploads\/sites\/3\/2022\/02\/Buy-Amphetamine-Powder.png","type":"image\/png"}],"twitter_card":"summary_large_image","twitter_misc":{"Procijenjeno vrijeme \u010ditanja":"4 minute"},"schema":{"@context":"https:\/\/schema.org","@graph":[{"@type":"WebPage","@id":"https:\/\/medicinasinc.com\/hr\/product\/kupiti-amfetamin-prah\/","url":"https:\/\/medicinasinc.com\/hr\/product\/kupiti-amfetamin-prah\/","name":"Kupite amfetamin u prahu - najbolji najbolji svjetski lijekovi","isPartOf":{"@id":"https:\/\/medicinasinc.com\/hr\/#website"},"primaryImageOfPage":{"@id":"https:\/\/medicinasinc.com\/hr\/product\/kupiti-amfetamin-prah\/#primaryimage"},"image":{"@id":"https:\/\/medicinasinc.com\/hr\/product\/kupiti-amfetamin-prah\/#primaryimage"},"thumbnailUrl":"https:\/\/medicinasinc.com\/hr\/wp-content\/uploads\/sites\/3\/2022\/02\/Buy-Amphetamine-Powder.png","datePublished":"2022-02-22T07:25:44+00:00","dateModified":"2022-03-15T05:24:16+00:00","description":"Kupite amfetamin u prahu za prodaju u Velikoj Britaniji, Europi, jeftine generi\u010dke tablete i pilule marke u Sapporu, mo\u017eete naru\u010diti amfetamin u prahu za prodaju putem interneta koriste\u0107i Bitcoin (BTC)","breadcrumb":{"@id":"https:\/\/medicinasinc.com\/hr\/product\/kupiti-amfetamin-prah\/#breadcrumb"},"inLanguage":"hr","potentialAction":[{"@type":"ReadAction","target":["https:\/\/medicinasinc.com\/hr\/product\/kupiti-amfetamin-prah\/"]}]},{"@type":"ImageObject","inLanguage":"hr","@id":"https:\/\/medicinasinc.com\/hr\/product\/kupiti-amfetamin-prah\/#primaryimage","url":"https:\/\/medicinasinc.com\/hr\/wp-content\/uploads\/sites\/3\/2022\/02\/Buy-Amphetamine-Powder.png","contentUrl":"https:\/\/medicinasinc.com\/hr\/wp-content\/uploads\/sites\/3\/2022\/02\/Buy-Amphetamine-Powder.png","width":412,"height":550},{"@type":"BreadcrumbList","@id":"https:\/\/medicinasinc.com\/hr\/product\/kupiti-amfetamin-prah\/#breadcrumb","itemListElement":[{"@type":"ListItem","position":1,"name":"Du\u0107an","item":"https:\/\/medicinasinc.com\/hr\/ducan\/"},{"@type":"ListItem","position":2,"name":"Kupi amfetamin u prahu"}]},{"@type":"WebSite","@id":"https:\/\/medicinasinc.com\/hr\/#website","url":"https:\/\/medicinasinc.com\/hr\/","name":"Medicinas Inc","description":"Health Medical Clinic","potentialAction":[{"@type":"SearchAction","target":{"@type":"EntryPoint","urlTemplate":"https:\/\/medicinasinc.com\/hr\/?s={search_term_string}"},"query-input":{"@type":"PropertyValueSpecification","valueRequired":true,"valueName":"search_term_string"}}],"inLanguage":"hr"}]}},"_links":{"self":[{"href":"https:\/\/medicinasinc.com\/hr\/wp-json\/wp\/v2\/product\/5852","targetHints":{"allow":["GET"]}}],"collection":[{"href":"https:\/\/medicinasinc.com\/hr\/wp-json\/wp\/v2\/product"}],"about":[{"href":"https:\/\/medicinasinc.com\/hr\/wp-json\/wp\/v2\/types\/product"}],"replies":[{"embeddable":true,"href":"https:\/\/medicinasinc.com\/hr\/wp-json\/wp\/v2\/comments?post=5852"}],"wp:featuredmedia":[{"embeddable":true,"href":"https:\/\/medicinasinc.com\/hr\/wp-json\/wp\/v2\/media\/5862"}],"wp:attachment":[{"href":"https:\/\/medicinasinc.com\/hr\/wp-json\/wp\/v2\/media?parent=5852"}],"wp:term":[{"taxonomy":"product_brand","embeddable":true,"href":"https:\/\/medicinasinc.com\/hr\/wp-json\/wp\/v2\/product_brand?post=5852"},{"taxonomy":"product_cat","embeddable":true,"href":"https:\/\/medicinasinc.com\/hr\/wp-json\/wp\/v2\/product_cat?post=5852"},{"taxonomy":"product_tag","embeddable":true,"href":"https:\/\/medicinasinc.com\/hr\/wp-json\/wp\/v2\/product_tag?post=5852"}],"curies":[{"name":"wp","href":"https:\/\/api.w.org\/{rel}","templated":true}]}}