{"id":5846,"date":"2022-02-22T07:19:31","date_gmt":"2022-02-22T07:19:31","guid":{"rendered":"https:\/\/medicinasinc.com\/hr\/?post_type=product&#038;p=5846"},"modified":"2022-03-15T05:24:26","modified_gmt":"2022-03-15T05:24:26","slug":"approvebitone","status":"publish","type":"product","link":"https:\/\/medicinasinc.com\/hr\/product\/approvebitone\/","title":{"rendered":"odobribarbiton"},"content":{"rendered":"<p>Aprobarbitone se mo\u017ee kupiti online u vrhunskoj internetskoj ljekarni Nembutal<\/p>\n<p>Online ljekarna Nembutal posluje ve\u0107 du\u017ee vrijeme. Sada imamo temeljito razumijevanje stajali\u0161ta i o\u010dekivanja klijenata diljem svijeta. Ovdje smo da ispunimo sve va\u0161e zahtjeve za Aprobarbitone. Ako \u017eelite kupiti Aprobarbitone online, na\u0161a ljekarna je najbolje mjesto za to. Nudimo ovaj terapeutski lijek po razumnoj cijeni. Mo\u017eete ga jednostavno kupiti kod nas, a mi \u0107emo ga isporu\u010diti u navedenom roku.<\/p>\n<p>Koja je uloga Aprobarbitone u va\u0161em zdravlju?<\/p>\n<p>Aprobarbitone vam mo\u017ee pomo\u0107i da se dobro naspavate. . Ukratko, idealan je lijek za nesanice. Dobro je poznat po svojim izvanrednim sedativnim, hipnoti\u010dkim i antikonvulzivnim svojstvima.<\/p>\n<p>Za\u0161to biste trebali kupiti aprobarbitone online od nas?<\/p>\n<p>Mi smo visoko specijalizirana skupina pojedinaca s velikim iskustvom. u podru\u010dju lijekova i lijekova. Osim toga, \u0161irimo pristup Aprobarbitoneu i drugim lijekovima diljem svijeta. Sada mo\u017eete dobiti Aprobarbitone online po najjeftinijoj cijeni iz udobnosti vlastitog doma. Udaljeni smo samo jednim klikom mi\u0161a. Po\u0161aljite svoju narud\u017ebu za online kupnju Aprobarbitonea danas i uskoro \u0107e biti dostavljena na va\u0161u navedenu adresu.<\/p>\n","protected":false},"excerpt":{"rendered":"<p>Kako kupiti Aprobarbitone online u ljekarni Nembutal?<\/p>\n<p>Nembutal Online Pharmacy je idealno mjesto za ispunjavanje svih va\u0161ih potreba i zahtjeva za Aprobarbitone. Jednostavno dodajte svoje lijekove u ko\u0161aricu, nastavite s postupkom pla\u0107anja i naru\u010dite na na\u0161oj web stranici. Sada je vrijeme da se obratite na\u0161oj ljekarni i dobijete najbolju mogu\u0107u skrb za svoje zdravlje. Kupite Aprobarbital sada!<\/p>\n","protected":false},"featured_media":5856,"comment_status":"open","ping_status":"closed","template":"","meta":[],"product_brand":[],"product_cat":[3818],"product_tag":[],"class_list":{"0":"post-5846","1":"product","2":"type-product","3":"status-publish","4":"has-post-thumbnail","6":"product_cat-pentobarbital-na-prodaju","8":"first","9":"instock","10":"featured","11":"shipping-taxable","12":"purchasable","13":"product-type-variable"},"yoast_head":"<!-- This site is optimized with the Yoast SEO plugin v27.3 - https:\/\/yoast.com\/product\/yoast-seo-wordpress\/ -->\n<title>Kupite Aprobarbitone - Najbolji najbolji svjetski lijekovi<\/title>\n<meta name=\"robots\" content=\"index, follow, max-snippet:-1, max-image-preview:large, max-video-preview:-1\" \/>\n<link rel=\"canonical\" href=\"https:\/\/medicinasinc.com\/hr\/product\/approvebitone\/\" \/>\n<meta property=\"og:locale\" content=\"hr_HR\" \/>\n<meta property=\"og:type\" content=\"article\" \/>\n<meta property=\"og:title\" content=\"Kupite Aprobarbitone - Najbolji najbolji svjetski lijekovi\" \/>\n<meta property=\"og:description\" content=\"Kako kupiti Aprobarbitone online u ljekarni Nembutal? Nembutal Online Pharmacy je idealno mjesto za ispunjavanje svih va\u0161ih potreba i zahtjeva za Aprobarbitone. Jednostavno dodajte svoje lijekove u ko\u0161aricu, nastavite s postupkom pla\u0107anja i naru\u010dite na na\u0161oj web stranici. Sada je vrijeme da se obratite na\u0161oj ljekarni i dobijete najbolju mogu\u0107u skrb za svoje zdravlje. Kupite Aprobarbital sada!\" \/>\n<meta property=\"og:url\" content=\"https:\/\/medicinasinc.com\/hr\/product\/approvebitone\/\" \/>\n<meta property=\"og:site_name\" content=\"Medicinas Inc\" \/>\n<meta property=\"article:modified_time\" content=\"2022-03-15T05:24:26+00:00\" \/>\n<meta property=\"og:image\" content=\"https:\/\/medicinasinc.com\/hr\/wp-content\/uploads\/sites\/3\/2022\/02\/Aprobarbitone.jpg\" \/>\n\t<meta property=\"og:image:width\" content=\"600\" \/>\n\t<meta property=\"og:image:height\" content=\"600\" \/>\n\t<meta property=\"og:image:type\" content=\"image\/jpeg\" \/>\n<meta name=\"twitter:card\" content=\"summary_large_image\" \/>\n<meta name=\"twitter:label1\" content=\"Procijenjeno vrijeme \u010ditanja\" \/>\n\t<meta name=\"twitter:data1\" content=\"1 minuta\" \/>\n<script type=\"application\/ld+json\" class=\"yoast-schema-graph\">{\"@context\":\"https:\\\/\\\/schema.org\",\"@graph\":[{\"@type\":\"WebPage\",\"@id\":\"https:\\\/\\\/medicinasinc.com\\\/hr\\\/product\\\/approvebitone\\\/\",\"url\":\"https:\\\/\\\/medicinasinc.com\\\/hr\\\/product\\\/approvebitone\\\/\",\"name\":\"Kupite Aprobarbitone - Najbolji najbolji svjetski lijekovi\",\"isPartOf\":{\"@id\":\"https:\\\/\\\/medicinasinc.com\\\/hr\\\/#website\"},\"primaryImageOfPage\":{\"@id\":\"https:\\\/\\\/medicinasinc.com\\\/hr\\\/product\\\/approvebitone\\\/#primaryimage\"},\"image\":{\"@id\":\"https:\\\/\\\/medicinasinc.com\\\/hr\\\/product\\\/approvebitone\\\/#primaryimage\"},\"thumbnailUrl\":\"https:\\\/\\\/medicinasinc.com\\\/hr\\\/wp-content\\\/uploads\\\/sites\\\/3\\\/2022\\\/02\\\/Aprobarbitone.jpg\",\"datePublished\":\"2022-02-22T07:19:31+00:00\",\"dateModified\":\"2022-03-15T05:24:26+00:00\",\"breadcrumb\":{\"@id\":\"https:\\\/\\\/medicinasinc.com\\\/hr\\\/product\\\/approvebitone\\\/#breadcrumb\"},\"inLanguage\":\"hr\",\"potentialAction\":[{\"@type\":\"ReadAction\",\"target\":[\"https:\\\/\\\/medicinasinc.com\\\/hr\\\/product\\\/approvebitone\\\/\"]}]},{\"@type\":\"ImageObject\",\"inLanguage\":\"hr\",\"@id\":\"https:\\\/\\\/medicinasinc.com\\\/hr\\\/product\\\/approvebitone\\\/#primaryimage\",\"url\":\"https:\\\/\\\/medicinasinc.com\\\/hr\\\/wp-content\\\/uploads\\\/sites\\\/3\\\/2022\\\/02\\\/Aprobarbitone.jpg\",\"contentUrl\":\"https:\\\/\\\/medicinasinc.com\\\/hr\\\/wp-content\\\/uploads\\\/sites\\\/3\\\/2022\\\/02\\\/Aprobarbitone.jpg\",\"width\":600,\"height\":600},{\"@type\":\"BreadcrumbList\",\"@id\":\"https:\\\/\\\/medicinasinc.com\\\/hr\\\/product\\\/approvebitone\\\/#breadcrumb\",\"itemListElement\":[{\"@type\":\"ListItem\",\"position\":1,\"name\":\"Du\u0107an\",\"item\":\"https:\\\/\\\/medicinasinc.com\\\/hr\\\/ducan\\\/\"},{\"@type\":\"ListItem\",\"position\":2,\"name\":\"odobribarbiton\"}]},{\"@type\":\"WebSite\",\"@id\":\"https:\\\/\\\/medicinasinc.com\\\/hr\\\/#website\",\"url\":\"https:\\\/\\\/medicinasinc.com\\\/hr\\\/\",\"name\":\"Medicinas Inc\",\"description\":\"Health Medical Clinic\",\"potentialAction\":[{\"@type\":\"SearchAction\",\"target\":{\"@type\":\"EntryPoint\",\"urlTemplate\":\"https:\\\/\\\/medicinasinc.com\\\/hr\\\/?s={search_term_string}\"},\"query-input\":{\"@type\":\"PropertyValueSpecification\",\"valueRequired\":true,\"valueName\":\"search_term_string\"}}],\"inLanguage\":\"hr\"}]}<\/script>\n<!-- \/ Yoast SEO plugin. -->","yoast_head_json":{"title":"Kupite Aprobarbitone - Najbolji najbolji svjetski lijekovi","robots":{"index":"index","follow":"follow","max-snippet":"max-snippet:-1","max-image-preview":"max-image-preview:large","max-video-preview":"max-video-preview:-1"},"canonical":"https:\/\/medicinasinc.com\/hr\/product\/approvebitone\/","og_locale":"hr_HR","og_type":"article","og_title":"Kupite Aprobarbitone - Najbolji najbolji svjetski lijekovi","og_description":"Kako kupiti Aprobarbitone online u ljekarni Nembutal? Nembutal Online Pharmacy je idealno mjesto za ispunjavanje svih va\u0161ih potreba i zahtjeva za Aprobarbitone. Jednostavno dodajte svoje lijekove u ko\u0161aricu, nastavite s postupkom pla\u0107anja i naru\u010dite na na\u0161oj web stranici. Sada je vrijeme da se obratite na\u0161oj ljekarni i dobijete najbolju mogu\u0107u skrb za svoje zdravlje. Kupite Aprobarbital sada!","og_url":"https:\/\/medicinasinc.com\/hr\/product\/approvebitone\/","og_site_name":"Medicinas Inc","article_modified_time":"2022-03-15T05:24:26+00:00","og_image":[{"width":600,"height":600,"url":"https:\/\/medicinasinc.com\/hr\/wp-content\/uploads\/sites\/3\/2022\/02\/Aprobarbitone.jpg","type":"image\/jpeg"}],"twitter_card":"summary_large_image","twitter_misc":{"Procijenjeno vrijeme \u010ditanja":"1 minuta"},"schema":{"@context":"https:\/\/schema.org","@graph":[{"@type":"WebPage","@id":"https:\/\/medicinasinc.com\/hr\/product\/approvebitone\/","url":"https:\/\/medicinasinc.com\/hr\/product\/approvebitone\/","name":"Kupite Aprobarbitone - Najbolji najbolji svjetski lijekovi","isPartOf":{"@id":"https:\/\/medicinasinc.com\/hr\/#website"},"primaryImageOfPage":{"@id":"https:\/\/medicinasinc.com\/hr\/product\/approvebitone\/#primaryimage"},"image":{"@id":"https:\/\/medicinasinc.com\/hr\/product\/approvebitone\/#primaryimage"},"thumbnailUrl":"https:\/\/medicinasinc.com\/hr\/wp-content\/uploads\/sites\/3\/2022\/02\/Aprobarbitone.jpg","datePublished":"2022-02-22T07:19:31+00:00","dateModified":"2022-03-15T05:24:26+00:00","breadcrumb":{"@id":"https:\/\/medicinasinc.com\/hr\/product\/approvebitone\/#breadcrumb"},"inLanguage":"hr","potentialAction":[{"@type":"ReadAction","target":["https:\/\/medicinasinc.com\/hr\/product\/approvebitone\/"]}]},{"@type":"ImageObject","inLanguage":"hr","@id":"https:\/\/medicinasinc.com\/hr\/product\/approvebitone\/#primaryimage","url":"https:\/\/medicinasinc.com\/hr\/wp-content\/uploads\/sites\/3\/2022\/02\/Aprobarbitone.jpg","contentUrl":"https:\/\/medicinasinc.com\/hr\/wp-content\/uploads\/sites\/3\/2022\/02\/Aprobarbitone.jpg","width":600,"height":600},{"@type":"BreadcrumbList","@id":"https:\/\/medicinasinc.com\/hr\/product\/approvebitone\/#breadcrumb","itemListElement":[{"@type":"ListItem","position":1,"name":"Du\u0107an","item":"https:\/\/medicinasinc.com\/hr\/ducan\/"},{"@type":"ListItem","position":2,"name":"odobribarbiton"}]},{"@type":"WebSite","@id":"https:\/\/medicinasinc.com\/hr\/#website","url":"https:\/\/medicinasinc.com\/hr\/","name":"Medicinas Inc","description":"Health Medical Clinic","potentialAction":[{"@type":"SearchAction","target":{"@type":"EntryPoint","urlTemplate":"https:\/\/medicinasinc.com\/hr\/?s={search_term_string}"},"query-input":{"@type":"PropertyValueSpecification","valueRequired":true,"valueName":"search_term_string"}}],"inLanguage":"hr"}]}},"_links":{"self":[{"href":"https:\/\/medicinasinc.com\/hr\/wp-json\/wp\/v2\/product\/5846","targetHints":{"allow":["GET"]}}],"collection":[{"href":"https:\/\/medicinasinc.com\/hr\/wp-json\/wp\/v2\/product"}],"about":[{"href":"https:\/\/medicinasinc.com\/hr\/wp-json\/wp\/v2\/types\/product"}],"replies":[{"embeddable":true,"href":"https:\/\/medicinasinc.com\/hr\/wp-json\/wp\/v2\/comments?post=5846"}],"wp:featuredmedia":[{"embeddable":true,"href":"https:\/\/medicinasinc.com\/hr\/wp-json\/wp\/v2\/media\/5856"}],"wp:attachment":[{"href":"https:\/\/medicinasinc.com\/hr\/wp-json\/wp\/v2\/media?parent=5846"}],"wp:term":[{"taxonomy":"product_brand","embeddable":true,"href":"https:\/\/medicinasinc.com\/hr\/wp-json\/wp\/v2\/product_brand?post=5846"},{"taxonomy":"product_cat","embeddable":true,"href":"https:\/\/medicinasinc.com\/hr\/wp-json\/wp\/v2\/product_cat?post=5846"},{"taxonomy":"product_tag","embeddable":true,"href":"https:\/\/medicinasinc.com\/hr\/wp-json\/wp\/v2\/product_tag?post=5846"}],"curies":[{"name":"wp","href":"https:\/\/api.w.org\/{rel}","templated":true}]}}