{"id":5840,"date":"2022-02-22T07:12:38","date_gmt":"2022-02-22T07:12:38","guid":{"rendered":"https:\/\/medicinasinc.com\/hr\/?post_type=product&#038;p=5840"},"modified":"2022-03-15T05:24:34","modified_gmt":"2022-03-15T05:24:34","slug":"bralobarbital-vesparaks","status":"publish","type":"product","link":"https:\/\/medicinasinc.com\/hr\/product\/bralobarbital-vesparaks\/","title":{"rendered":"bralobarbital (Vesparax)"},"content":{"rendered":"<p>Brallobarbital (Vesparax) Kupujte putem interneta u uglednoj ljekarni<\/p>\n<p>Internetska ljekarna Nembutal posluje s Brallobarbitalom (Vesparax) na internetskoj platformi i isporu\u010duje ga potro\u0161a\u010dima koji su ga naru\u010dili u navedenom roku. Mi smo renomirana online ljekarna u kojoj mo\u017eete nabaviti Vesparax po najni\u017eoj mogu\u0107oj cijeni. Na\u0161e cijene su neusporedive i dostupne svima. Osim toga, imamo tim koji \u0107e na vrijeme ispuniti va\u0161e zahtjeve i specifikacije za Nembutal Brallobarbital. Sada mo\u017eete jednostavno naru\u010diti Nembutal Brallobarbital iz na\u0161e ljekarne i dostaviti vam ga u roku od nekoliko dana.<\/p>\n<p>Kako se koristi Brallobarbital (Vesparax)?<\/p>\n<p>Vesparax se \u010desto naziva kao Vesparax. atipi\u010dni antipsihotik. Djeluje tako \u0161to mijenja aktivnost neurotransmitera mozga. Utvr\u0111eno je da je ovaj lijek prikladan samo za odrasle i ne smije se davati nikome mla\u0111em od 18 godina.<\/p>\n<p>Vesparax ima niz primjena, uklju\u010duju\u0107i sljede\u0107e:<\/p>\n<p>Doprinosi lije\u010denju odraslih i djece sa shizofrenijom<br \/> Indicirano za lije\u010denje bipolarnog poreme\u0107aja u odraslih i djece, kao i za lije\u010denje velikog depresivnog poreme\u0107aja u odraslih u kombinaciji s antidepresivima.<\/p>\n","protected":false},"excerpt":{"rendered":"<p>Kontaktirajte online ljekarnu Nembutal<\/p>\n<p>Online ljekarna Nembutal sada je dostupna sa samo nekoliko klikova! Mo\u017eete nas kontaktirati putem telefona, SMS-a ili e-po\u0161te kako bismo dobili odgovore na va\u0161a pitanja. Jam\u010dimo da \u0107emo ispuniti va\u0161 zahtjev u navedenom roku. Naru\u010dite za kupnju Vesparaxa online odmah!<\/p>\n","protected":false},"featured_media":5850,"comment_status":"open","ping_status":"closed","template":"","meta":[],"product_brand":[],"product_cat":[3818],"product_tag":[],"class_list":{"0":"post-5840","1":"product","2":"type-product","3":"status-publish","4":"has-post-thumbnail","6":"product_cat-pentobarbital-na-prodaju","8":"first","9":"instock","10":"shipping-taxable","11":"purchasable","12":"product-type-variable"},"yoast_head":"<!-- This site is optimized with the Yoast SEO plugin v27.3 - https:\/\/yoast.com\/product\/yoast-seo-wordpress\/ -->\n<title>Bralobarbital (Vesparax) - Najbolji globalni lijekovi<\/title>\n<meta name=\"robots\" content=\"index, follow, max-snippet:-1, max-image-preview:large, max-video-preview:-1\" \/>\n<link rel=\"canonical\" href=\"https:\/\/medicinasinc.com\/hr\/product\/bralobarbital-vesparaks\/\" \/>\n<meta property=\"og:locale\" content=\"hr_HR\" \/>\n<meta property=\"og:type\" content=\"article\" \/>\n<meta property=\"og:title\" content=\"Bralobarbital (Vesparax) - Najbolji globalni lijekovi\" \/>\n<meta property=\"og:description\" content=\"Kontaktirajte online ljekarnu Nembutal Online ljekarna Nembutal sada je dostupna sa samo nekoliko klikova! Mo\u017eete nas kontaktirati putem telefona, SMS-a ili e-po\u0161te kako bismo dobili odgovore na va\u0161a pitanja. Jam\u010dimo da \u0107emo ispuniti va\u0161 zahtjev u navedenom roku. Naru\u010dite za kupnju Vesparaxa online odmah!\" \/>\n<meta property=\"og:url\" content=\"https:\/\/medicinasinc.com\/hr\/product\/bralobarbital-vesparaks\/\" \/>\n<meta property=\"og:site_name\" content=\"Medicinas Inc\" \/>\n<meta property=\"article:modified_time\" content=\"2022-03-15T05:24:34+00:00\" \/>\n<meta property=\"og:image\" content=\"https:\/\/medicinasinc.com\/hr\/wp-content\/uploads\/sites\/3\/2022\/02\/Brallobarbital-Vesparax.jpg\" \/>\n\t<meta property=\"og:image:width\" content=\"600\" \/>\n\t<meta property=\"og:image:height\" content=\"600\" \/>\n\t<meta property=\"og:image:type\" content=\"image\/jpeg\" \/>\n<meta name=\"twitter:card\" content=\"summary_large_image\" \/>\n<meta name=\"twitter:label1\" content=\"Procijenjeno vrijeme \u010ditanja\" \/>\n\t<meta name=\"twitter:data1\" content=\"1 minuta\" \/>\n<script type=\"application\/ld+json\" class=\"yoast-schema-graph\">{\"@context\":\"https:\\\/\\\/schema.org\",\"@graph\":[{\"@type\":\"WebPage\",\"@id\":\"https:\\\/\\\/medicinasinc.com\\\/hr\\\/product\\\/bralobarbital-vesparaks\\\/\",\"url\":\"https:\\\/\\\/medicinasinc.com\\\/hr\\\/product\\\/bralobarbital-vesparaks\\\/\",\"name\":\"Bralobarbital (Vesparax) - Najbolji globalni lijekovi\",\"isPartOf\":{\"@id\":\"https:\\\/\\\/medicinasinc.com\\\/hr\\\/#website\"},\"primaryImageOfPage\":{\"@id\":\"https:\\\/\\\/medicinasinc.com\\\/hr\\\/product\\\/bralobarbital-vesparaks\\\/#primaryimage\"},\"image\":{\"@id\":\"https:\\\/\\\/medicinasinc.com\\\/hr\\\/product\\\/bralobarbital-vesparaks\\\/#primaryimage\"},\"thumbnailUrl\":\"https:\\\/\\\/medicinasinc.com\\\/hr\\\/wp-content\\\/uploads\\\/sites\\\/3\\\/2022\\\/02\\\/Brallobarbital-Vesparax.jpg\",\"datePublished\":\"2022-02-22T07:12:38+00:00\",\"dateModified\":\"2022-03-15T05:24:34+00:00\",\"breadcrumb\":{\"@id\":\"https:\\\/\\\/medicinasinc.com\\\/hr\\\/product\\\/bralobarbital-vesparaks\\\/#breadcrumb\"},\"inLanguage\":\"hr\",\"potentialAction\":[{\"@type\":\"ReadAction\",\"target\":[\"https:\\\/\\\/medicinasinc.com\\\/hr\\\/product\\\/bralobarbital-vesparaks\\\/\"]}]},{\"@type\":\"ImageObject\",\"inLanguage\":\"hr\",\"@id\":\"https:\\\/\\\/medicinasinc.com\\\/hr\\\/product\\\/bralobarbital-vesparaks\\\/#primaryimage\",\"url\":\"https:\\\/\\\/medicinasinc.com\\\/hr\\\/wp-content\\\/uploads\\\/sites\\\/3\\\/2022\\\/02\\\/Brallobarbital-Vesparax.jpg\",\"contentUrl\":\"https:\\\/\\\/medicinasinc.com\\\/hr\\\/wp-content\\\/uploads\\\/sites\\\/3\\\/2022\\\/02\\\/Brallobarbital-Vesparax.jpg\",\"width\":600,\"height\":600},{\"@type\":\"BreadcrumbList\",\"@id\":\"https:\\\/\\\/medicinasinc.com\\\/hr\\\/product\\\/bralobarbital-vesparaks\\\/#breadcrumb\",\"itemListElement\":[{\"@type\":\"ListItem\",\"position\":1,\"name\":\"Du\u0107an\",\"item\":\"https:\\\/\\\/medicinasinc.com\\\/hr\\\/ducan\\\/\"},{\"@type\":\"ListItem\",\"position\":2,\"name\":\"bralobarbital (Vesparax)\"}]},{\"@type\":\"WebSite\",\"@id\":\"https:\\\/\\\/medicinasinc.com\\\/hr\\\/#website\",\"url\":\"https:\\\/\\\/medicinasinc.com\\\/hr\\\/\",\"name\":\"Medicinas Inc\",\"description\":\"Health Medical Clinic\",\"potentialAction\":[{\"@type\":\"SearchAction\",\"target\":{\"@type\":\"EntryPoint\",\"urlTemplate\":\"https:\\\/\\\/medicinasinc.com\\\/hr\\\/?s={search_term_string}\"},\"query-input\":{\"@type\":\"PropertyValueSpecification\",\"valueRequired\":true,\"valueName\":\"search_term_string\"}}],\"inLanguage\":\"hr\"}]}<\/script>\n<!-- \/ Yoast SEO plugin. -->","yoast_head_json":{"title":"Bralobarbital (Vesparax) - Najbolji globalni lijekovi","robots":{"index":"index","follow":"follow","max-snippet":"max-snippet:-1","max-image-preview":"max-image-preview:large","max-video-preview":"max-video-preview:-1"},"canonical":"https:\/\/medicinasinc.com\/hr\/product\/bralobarbital-vesparaks\/","og_locale":"hr_HR","og_type":"article","og_title":"Bralobarbital (Vesparax) - Najbolji globalni lijekovi","og_description":"Kontaktirajte online ljekarnu Nembutal Online ljekarna Nembutal sada je dostupna sa samo nekoliko klikova! Mo\u017eete nas kontaktirati putem telefona, SMS-a ili e-po\u0161te kako bismo dobili odgovore na va\u0161a pitanja. Jam\u010dimo da \u0107emo ispuniti va\u0161 zahtjev u navedenom roku. Naru\u010dite za kupnju Vesparaxa online odmah!","og_url":"https:\/\/medicinasinc.com\/hr\/product\/bralobarbital-vesparaks\/","og_site_name":"Medicinas Inc","article_modified_time":"2022-03-15T05:24:34+00:00","og_image":[{"width":600,"height":600,"url":"https:\/\/medicinasinc.com\/hr\/wp-content\/uploads\/sites\/3\/2022\/02\/Brallobarbital-Vesparax.jpg","type":"image\/jpeg"}],"twitter_card":"summary_large_image","twitter_misc":{"Procijenjeno vrijeme \u010ditanja":"1 minuta"},"schema":{"@context":"https:\/\/schema.org","@graph":[{"@type":"WebPage","@id":"https:\/\/medicinasinc.com\/hr\/product\/bralobarbital-vesparaks\/","url":"https:\/\/medicinasinc.com\/hr\/product\/bralobarbital-vesparaks\/","name":"Bralobarbital (Vesparax) - Najbolji globalni lijekovi","isPartOf":{"@id":"https:\/\/medicinasinc.com\/hr\/#website"},"primaryImageOfPage":{"@id":"https:\/\/medicinasinc.com\/hr\/product\/bralobarbital-vesparaks\/#primaryimage"},"image":{"@id":"https:\/\/medicinasinc.com\/hr\/product\/bralobarbital-vesparaks\/#primaryimage"},"thumbnailUrl":"https:\/\/medicinasinc.com\/hr\/wp-content\/uploads\/sites\/3\/2022\/02\/Brallobarbital-Vesparax.jpg","datePublished":"2022-02-22T07:12:38+00:00","dateModified":"2022-03-15T05:24:34+00:00","breadcrumb":{"@id":"https:\/\/medicinasinc.com\/hr\/product\/bralobarbital-vesparaks\/#breadcrumb"},"inLanguage":"hr","potentialAction":[{"@type":"ReadAction","target":["https:\/\/medicinasinc.com\/hr\/product\/bralobarbital-vesparaks\/"]}]},{"@type":"ImageObject","inLanguage":"hr","@id":"https:\/\/medicinasinc.com\/hr\/product\/bralobarbital-vesparaks\/#primaryimage","url":"https:\/\/medicinasinc.com\/hr\/wp-content\/uploads\/sites\/3\/2022\/02\/Brallobarbital-Vesparax.jpg","contentUrl":"https:\/\/medicinasinc.com\/hr\/wp-content\/uploads\/sites\/3\/2022\/02\/Brallobarbital-Vesparax.jpg","width":600,"height":600},{"@type":"BreadcrumbList","@id":"https:\/\/medicinasinc.com\/hr\/product\/bralobarbital-vesparaks\/#breadcrumb","itemListElement":[{"@type":"ListItem","position":1,"name":"Du\u0107an","item":"https:\/\/medicinasinc.com\/hr\/ducan\/"},{"@type":"ListItem","position":2,"name":"bralobarbital (Vesparax)"}]},{"@type":"WebSite","@id":"https:\/\/medicinasinc.com\/hr\/#website","url":"https:\/\/medicinasinc.com\/hr\/","name":"Medicinas Inc","description":"Health Medical Clinic","potentialAction":[{"@type":"SearchAction","target":{"@type":"EntryPoint","urlTemplate":"https:\/\/medicinasinc.com\/hr\/?s={search_term_string}"},"query-input":{"@type":"PropertyValueSpecification","valueRequired":true,"valueName":"search_term_string"}}],"inLanguage":"hr"}]}},"_links":{"self":[{"href":"https:\/\/medicinasinc.com\/hr\/wp-json\/wp\/v2\/product\/5840","targetHints":{"allow":["GET"]}}],"collection":[{"href":"https:\/\/medicinasinc.com\/hr\/wp-json\/wp\/v2\/product"}],"about":[{"href":"https:\/\/medicinasinc.com\/hr\/wp-json\/wp\/v2\/types\/product"}],"replies":[{"embeddable":true,"href":"https:\/\/medicinasinc.com\/hr\/wp-json\/wp\/v2\/comments?post=5840"}],"wp:featuredmedia":[{"embeddable":true,"href":"https:\/\/medicinasinc.com\/hr\/wp-json\/wp\/v2\/media\/5850"}],"wp:attachment":[{"href":"https:\/\/medicinasinc.com\/hr\/wp-json\/wp\/v2\/media?parent=5840"}],"wp:term":[{"taxonomy":"product_brand","embeddable":true,"href":"https:\/\/medicinasinc.com\/hr\/wp-json\/wp\/v2\/product_brand?post=5840"},{"taxonomy":"product_cat","embeddable":true,"href":"https:\/\/medicinasinc.com\/hr\/wp-json\/wp\/v2\/product_cat?post=5840"},{"taxonomy":"product_tag","embeddable":true,"href":"https:\/\/medicinasinc.com\/hr\/wp-json\/wp\/v2\/product_tag?post=5840"}],"curies":[{"name":"wp","href":"https:\/\/api.w.org\/{rel}","templated":true}]}}