{"id":5834,"date":"2022-02-22T07:05:31","date_gmt":"2022-02-22T07:05:31","guid":{"rendered":"https:\/\/medicinasinc.com\/hr\/?post_type=product&#038;p=5834"},"modified":"2022-03-15T05:24:42","modified_gmt":"2022-03-15T05:24:42","slug":"kupiti-butabarbital-online","status":"publish","type":"product","link":"https:\/\/medicinasinc.com\/hr\/product\/kupiti-butabarbital-online\/","title":{"rendered":"Kupite butabarbital online"},"content":{"rendered":"<p>Kupite Butabarbital Sodium 50 mg tablete u The Best Pharmacy Online.<\/p>\n<p>Nembutal Online Pharmacy je najbolje mjesto za kupnju tableta Butabarbital Sodium 50 mg po najni\u017eoj cijeni. U farmaceutskoj smo industriji ve\u0107 du\u017ee vrijeme. Mo\u017eete ra\u010dunati na nas u pru\u017eanju najbolje mogu\u0107e skrbi za va\u0161e zdravlje. Na\u0161i vje\u0161ti \u010dlanovi tima u\u010dinit \u0107e sve da nadma\u0161e va\u0161a o\u010dekivanja. Kupite odmah!<\/p>\n<p>Kako biste trebali koristiti butabarbital natrij nakon \u0161to ga kupite od nas?<\/p>\n<p>Butabarbital natrij izvrstan je lijek za lije\u010denje nesanice kod ljudi. Obi\u010dno se radi o kratkotrajnom lijeku. Ova se tvar mo\u017ee koristiti u medicinskoj industriji kao sedativ prije bilo kakve operacije.<\/p>\n<p>Kako bismo osigurali pravilnu primjenu butabarbital natrija, na\u0161im kupcima pru\u017eamo priru\u010dnik za upotrebu. Ovaj priru\u010dnik sadr\u017ei sve upute za lijekove. Mo\u017eete ih jednostavno \u010ditati jednu po jednu i koristiti ih za razloge za koje su namijenjene. Mo\u017eete imati potpuno povjerenje u na\u0161u renomiranu internet ljekarnu. Dosljedno uzimamo u obzir najbolje interese na\u0161ih cijenjenih potro\u0161a\u010da. Stalno smo zabrinuti za zdravlje na\u0161ih kupaca i pregledavamo sve proizvode prije isporuke.<\/p>\n<p>Mo\u017eete nas kontaktirati kako bismo dobili najbolje cijene za butabarbital natrij. Na\u0161i stru\u010dnjaci \u0107e prevesti va\u0161u narud\u017ebu i dogovoriti je za trenutnu isporuku. Va\u0161i lijekovi bit \u0107e vam poslani u roku koji odredi na\u0161a mre\u017ena ljekarna. Nembutal je trenutno dostupan po sni\u017eenoj cijeni!<\/p>\n","protected":false},"excerpt":{"rendered":"<p>Kako mogu nabaviti butabarbital natrij iz Nembutal mre\u017ene ljekarne?<\/p>\n<p>Online ljekarna Nembutal je sada dostupna. Po\u0161aljite podatke o va\u0161oj narud\u017ebi i pla\u0107anju Butabarbital Sodium 50 mg tablete na na\u0161oj slu\u017ebenoj web stranici. Nakon \u0161to je narud\u017eba poslana, bit \u0107e obra\u0111ena u navedenom roku. Naru\u010dite danas!<\/p>\n","protected":false},"featured_media":5844,"comment_status":"open","ping_status":"closed","template":"","meta":[],"product_brand":[],"product_cat":[3818],"product_tag":[],"class_list":{"0":"post-5834","1":"product","2":"type-product","3":"status-publish","4":"has-post-thumbnail","6":"product_cat-pentobarbital-na-prodaju","8":"first","9":"instock","10":"shipping-taxable","11":"purchasable","12":"product-type-variable"},"yoast_head":"<!-- This site is optimized with the Yoast SEO plugin v27.3 - https:\/\/yoast.com\/product\/yoast-seo-wordpress\/ -->\n<title>Kupite butabarbital online - najbolji najbolji svjetski lijekovi<\/title>\n<meta name=\"robots\" content=\"index, follow, max-snippet:-1, max-image-preview:large, max-video-preview:-1\" \/>\n<link rel=\"canonical\" href=\"https:\/\/medicinasinc.com\/hr\/product\/kupiti-butabarbital-online\/\" \/>\n<meta property=\"og:locale\" content=\"hr_HR\" \/>\n<meta property=\"og:type\" content=\"article\" \/>\n<meta property=\"og:title\" content=\"Kupite butabarbital online - najbolji najbolji svjetski lijekovi\" \/>\n<meta property=\"og:description\" content=\"Kako mogu nabaviti butabarbital natrij iz Nembutal mre\u017ene ljekarne? Online ljekarna Nembutal je sada dostupna. Po\u0161aljite podatke o va\u0161oj narud\u017ebi i pla\u0107anju Butabarbital Sodium 50 mg tablete na na\u0161oj slu\u017ebenoj web stranici. Nakon \u0161to je narud\u017eba poslana, bit \u0107e obra\u0111ena u navedenom roku. Naru\u010dite danas!\" \/>\n<meta property=\"og:url\" content=\"https:\/\/medicinasinc.com\/hr\/product\/kupiti-butabarbital-online\/\" \/>\n<meta property=\"og:site_name\" content=\"Medicinas Inc\" \/>\n<meta property=\"article:modified_time\" content=\"2022-03-15T05:24:42+00:00\" \/>\n<meta property=\"og:image\" content=\"https:\/\/medicinasinc.com\/hr\/wp-content\/uploads\/sites\/3\/2022\/02\/Buy-Butabarbital.jpg\" \/>\n\t<meta property=\"og:image:width\" content=\"600\" \/>\n\t<meta property=\"og:image:height\" content=\"600\" \/>\n\t<meta property=\"og:image:type\" content=\"image\/jpeg\" \/>\n<meta name=\"twitter:card\" content=\"summary_large_image\" \/>\n<meta name=\"twitter:label1\" content=\"Procijenjeno vrijeme \u010ditanja\" \/>\n\t<meta name=\"twitter:data1\" content=\"2 minute\" \/>\n<script type=\"application\/ld+json\" class=\"yoast-schema-graph\">{\"@context\":\"https:\\\/\\\/schema.org\",\"@graph\":[{\"@type\":\"WebPage\",\"@id\":\"https:\\\/\\\/medicinasinc.com\\\/hr\\\/product\\\/kupiti-butabarbital-online\\\/\",\"url\":\"https:\\\/\\\/medicinasinc.com\\\/hr\\\/product\\\/kupiti-butabarbital-online\\\/\",\"name\":\"Kupite butabarbital online - najbolji najbolji svjetski lijekovi\",\"isPartOf\":{\"@id\":\"https:\\\/\\\/medicinasinc.com\\\/hr\\\/#website\"},\"primaryImageOfPage\":{\"@id\":\"https:\\\/\\\/medicinasinc.com\\\/hr\\\/product\\\/kupiti-butabarbital-online\\\/#primaryimage\"},\"image\":{\"@id\":\"https:\\\/\\\/medicinasinc.com\\\/hr\\\/product\\\/kupiti-butabarbital-online\\\/#primaryimage\"},\"thumbnailUrl\":\"https:\\\/\\\/medicinasinc.com\\\/hr\\\/wp-content\\\/uploads\\\/sites\\\/3\\\/2022\\\/02\\\/Buy-Butabarbital.jpg\",\"datePublished\":\"2022-02-22T07:05:31+00:00\",\"dateModified\":\"2022-03-15T05:24:42+00:00\",\"breadcrumb\":{\"@id\":\"https:\\\/\\\/medicinasinc.com\\\/hr\\\/product\\\/kupiti-butabarbital-online\\\/#breadcrumb\"},\"inLanguage\":\"hr\",\"potentialAction\":[{\"@type\":\"ReadAction\",\"target\":[\"https:\\\/\\\/medicinasinc.com\\\/hr\\\/product\\\/kupiti-butabarbital-online\\\/\"]}]},{\"@type\":\"ImageObject\",\"inLanguage\":\"hr\",\"@id\":\"https:\\\/\\\/medicinasinc.com\\\/hr\\\/product\\\/kupiti-butabarbital-online\\\/#primaryimage\",\"url\":\"https:\\\/\\\/medicinasinc.com\\\/hr\\\/wp-content\\\/uploads\\\/sites\\\/3\\\/2022\\\/02\\\/Buy-Butabarbital.jpg\",\"contentUrl\":\"https:\\\/\\\/medicinasinc.com\\\/hr\\\/wp-content\\\/uploads\\\/sites\\\/3\\\/2022\\\/02\\\/Buy-Butabarbital.jpg\",\"width\":600,\"height\":600},{\"@type\":\"BreadcrumbList\",\"@id\":\"https:\\\/\\\/medicinasinc.com\\\/hr\\\/product\\\/kupiti-butabarbital-online\\\/#breadcrumb\",\"itemListElement\":[{\"@type\":\"ListItem\",\"position\":1,\"name\":\"Du\u0107an\",\"item\":\"https:\\\/\\\/medicinasinc.com\\\/hr\\\/ducan\\\/\"},{\"@type\":\"ListItem\",\"position\":2,\"name\":\"Kupite butabarbital online\"}]},{\"@type\":\"WebSite\",\"@id\":\"https:\\\/\\\/medicinasinc.com\\\/hr\\\/#website\",\"url\":\"https:\\\/\\\/medicinasinc.com\\\/hr\\\/\",\"name\":\"Medicinas Inc\",\"description\":\"Health Medical Clinic\",\"potentialAction\":[{\"@type\":\"SearchAction\",\"target\":{\"@type\":\"EntryPoint\",\"urlTemplate\":\"https:\\\/\\\/medicinasinc.com\\\/hr\\\/?s={search_term_string}\"},\"query-input\":{\"@type\":\"PropertyValueSpecification\",\"valueRequired\":true,\"valueName\":\"search_term_string\"}}],\"inLanguage\":\"hr\"}]}<\/script>\n<!-- \/ Yoast SEO plugin. -->","yoast_head_json":{"title":"Kupite butabarbital online - najbolji najbolji svjetski lijekovi","robots":{"index":"index","follow":"follow","max-snippet":"max-snippet:-1","max-image-preview":"max-image-preview:large","max-video-preview":"max-video-preview:-1"},"canonical":"https:\/\/medicinasinc.com\/hr\/product\/kupiti-butabarbital-online\/","og_locale":"hr_HR","og_type":"article","og_title":"Kupite butabarbital online - najbolji najbolji svjetski lijekovi","og_description":"Kako mogu nabaviti butabarbital natrij iz Nembutal mre\u017ene ljekarne? Online ljekarna Nembutal je sada dostupna. Po\u0161aljite podatke o va\u0161oj narud\u017ebi i pla\u0107anju Butabarbital Sodium 50 mg tablete na na\u0161oj slu\u017ebenoj web stranici. Nakon \u0161to je narud\u017eba poslana, bit \u0107e obra\u0111ena u navedenom roku. Naru\u010dite danas!","og_url":"https:\/\/medicinasinc.com\/hr\/product\/kupiti-butabarbital-online\/","og_site_name":"Medicinas Inc","article_modified_time":"2022-03-15T05:24:42+00:00","og_image":[{"width":600,"height":600,"url":"https:\/\/medicinasinc.com\/hr\/wp-content\/uploads\/sites\/3\/2022\/02\/Buy-Butabarbital.jpg","type":"image\/jpeg"}],"twitter_card":"summary_large_image","twitter_misc":{"Procijenjeno vrijeme \u010ditanja":"2 minute"},"schema":{"@context":"https:\/\/schema.org","@graph":[{"@type":"WebPage","@id":"https:\/\/medicinasinc.com\/hr\/product\/kupiti-butabarbital-online\/","url":"https:\/\/medicinasinc.com\/hr\/product\/kupiti-butabarbital-online\/","name":"Kupite butabarbital online - najbolji najbolji svjetski lijekovi","isPartOf":{"@id":"https:\/\/medicinasinc.com\/hr\/#website"},"primaryImageOfPage":{"@id":"https:\/\/medicinasinc.com\/hr\/product\/kupiti-butabarbital-online\/#primaryimage"},"image":{"@id":"https:\/\/medicinasinc.com\/hr\/product\/kupiti-butabarbital-online\/#primaryimage"},"thumbnailUrl":"https:\/\/medicinasinc.com\/hr\/wp-content\/uploads\/sites\/3\/2022\/02\/Buy-Butabarbital.jpg","datePublished":"2022-02-22T07:05:31+00:00","dateModified":"2022-03-15T05:24:42+00:00","breadcrumb":{"@id":"https:\/\/medicinasinc.com\/hr\/product\/kupiti-butabarbital-online\/#breadcrumb"},"inLanguage":"hr","potentialAction":[{"@type":"ReadAction","target":["https:\/\/medicinasinc.com\/hr\/product\/kupiti-butabarbital-online\/"]}]},{"@type":"ImageObject","inLanguage":"hr","@id":"https:\/\/medicinasinc.com\/hr\/product\/kupiti-butabarbital-online\/#primaryimage","url":"https:\/\/medicinasinc.com\/hr\/wp-content\/uploads\/sites\/3\/2022\/02\/Buy-Butabarbital.jpg","contentUrl":"https:\/\/medicinasinc.com\/hr\/wp-content\/uploads\/sites\/3\/2022\/02\/Buy-Butabarbital.jpg","width":600,"height":600},{"@type":"BreadcrumbList","@id":"https:\/\/medicinasinc.com\/hr\/product\/kupiti-butabarbital-online\/#breadcrumb","itemListElement":[{"@type":"ListItem","position":1,"name":"Du\u0107an","item":"https:\/\/medicinasinc.com\/hr\/ducan\/"},{"@type":"ListItem","position":2,"name":"Kupite butabarbital online"}]},{"@type":"WebSite","@id":"https:\/\/medicinasinc.com\/hr\/#website","url":"https:\/\/medicinasinc.com\/hr\/","name":"Medicinas Inc","description":"Health Medical Clinic","potentialAction":[{"@type":"SearchAction","target":{"@type":"EntryPoint","urlTemplate":"https:\/\/medicinasinc.com\/hr\/?s={search_term_string}"},"query-input":{"@type":"PropertyValueSpecification","valueRequired":true,"valueName":"search_term_string"}}],"inLanguage":"hr"}]}},"_links":{"self":[{"href":"https:\/\/medicinasinc.com\/hr\/wp-json\/wp\/v2\/product\/5834","targetHints":{"allow":["GET"]}}],"collection":[{"href":"https:\/\/medicinasinc.com\/hr\/wp-json\/wp\/v2\/product"}],"about":[{"href":"https:\/\/medicinasinc.com\/hr\/wp-json\/wp\/v2\/types\/product"}],"replies":[{"embeddable":true,"href":"https:\/\/medicinasinc.com\/hr\/wp-json\/wp\/v2\/comments?post=5834"}],"wp:featuredmedia":[{"embeddable":true,"href":"https:\/\/medicinasinc.com\/hr\/wp-json\/wp\/v2\/media\/5844"}],"wp:attachment":[{"href":"https:\/\/medicinasinc.com\/hr\/wp-json\/wp\/v2\/media?parent=5834"}],"wp:term":[{"taxonomy":"product_brand","embeddable":true,"href":"https:\/\/medicinasinc.com\/hr\/wp-json\/wp\/v2\/product_brand?post=5834"},{"taxonomy":"product_cat","embeddable":true,"href":"https:\/\/medicinasinc.com\/hr\/wp-json\/wp\/v2\/product_cat?post=5834"},{"taxonomy":"product_tag","embeddable":true,"href":"https:\/\/medicinasinc.com\/hr\/wp-json\/wp\/v2\/product_tag?post=5834"}],"curies":[{"name":"wp","href":"https:\/\/api.w.org\/{rel}","templated":true}]}}