{"id":5828,"date":"2022-02-22T06:59:00","date_gmt":"2022-02-22T06:59:00","guid":{"rendered":"https:\/\/medicinasinc.com\/hr\/?post_type=product&#038;p=5828"},"modified":"2022-03-15T05:24:49","modified_gmt":"2022-03-15T05:24:49","slug":"kupiti-butalbital-online","status":"publish","type":"product","link":"https:\/\/medicinasinc.com\/hr\/product\/kupiti-butalbital-online\/","title":{"rendered":"Kupite Butalbital online"},"content":{"rendered":"<div class=\"mkdf-single-product-content\">\n<div class=\"mkdf-single-product-summary\">\n<div class=\"summary entry-summary\">\n<div class=\"woocommerce-tabs wc-tabs -wrapper\">\n<div id=\"tab-description\" class=\"woocommerce-Tabs-panel woocommerce-Tabs-panel--description panel entry-content wc-tab\" role=\"tabpanel\" aria-labelledby=\"tab-title -description\">\n<div id=\"ftwp-postcontent\">\n<p>Bez recepta, kupite Nembutal Butalbital u najboljoj internetskoj ljekarni<\/p>\n<p>Online Nembutal Pharmacy je renomirana internetska ljekarna koja je dobro poznata po svojom profesionalno\u0161\u0107u i visokokvalitetnim lijekovima. Mo\u017eete bez napora nabaviti Nembutal Butalbital online bez recepta s ove stranice. Predani smo pru\u017eanju visokokvalitetnih proizvoda kupcima diljem svijeta. Mi pratimo potrebe i potrebe svakog kupca i uvijek im izlazimo u susret prema rasporedu.<\/p>\n<p>Mo\u017eete nas kontaktirati brzo putem internetske platforme i nabaviti \u017eeljene lijekove u kratkom vremenskom razdoblju. Danas mo\u017eete naru\u010diti Butalbital online!<\/p>\n<p>Koje su prednosti Nembutal Butalbitala?<\/p>\n<p>Butalbital je lijek na recept koji se koristi kratko vrijeme. Ovaj lijek se mo\u017ee koristiti zajedno s drugim lijekovima kao \u0161to su paracetamol (acetaminofen) ili aspirin za ubla\u017eavanje boli i glavobolje. Osim toga, odobren je za lije\u010denje tenzijske glavobolje.<\/p>\n<p>Da biste kupili Butalbital online po najboljoj cijeni, po\u010dnite tako \u0161to \u0107ete ga dodati u ko\u0161aricu. Nakon \u0161to dovr\u0161ite dodavanje, mo\u017eete nastaviti s dovr\u0161avanjem pla\u0107anja. Uklju\u010dili smo razne pristupe za pla\u0107anje. Mo\u017eete odabrati najprikladniji i dovr\u0161iti postupak pla\u0107anja za svoju narud\u017ebu.<\/p>\n<p>Gdje mogu kupiti Nembutal Butalbital online po najboljoj cijeni?<\/p>\n<p>Ako vam je propisan Butalbital, to \u0107e vam biti propisano. vrijeme je za kupnju Butalbitala online u na\u0161oj ljekarni Nembutal.<\/p>\n<p>Povezivanje s na\u0161om online ljekarnom nikada nije bilo lak\u0161e. Na\u0161a je web-stranica iznimno jednostavna i jednostavna za kori\u0161tenje, \u0161to poma\u017ee na\u0161im potro\u0161a\u010dima da se osje\u0107aju opu\u0161teno dok naru\u010duju svoje proizvode.<\/p>\n<\/p><\/div><\/div><\/div><\/div><\/div><\/div>\n","protected":false},"excerpt":{"rendered":"<p>Na\u0161a internetska ljekarna \u0107e primiti va\u0161u narud\u017ebu odmah po slanju. Dat \u0107emo mu prioritet i dovr\u0161iti ga u najkra\u0107em mogu\u0107em roku. Obi\u010dno nam treba 5 dana za isporuku robe, \u0161to pokriva samo radne dane. U roku od tjedan dana dobit \u0107ete Nembutal Butalbital u najboljem mogu\u0107em stanju. Kupite odmah!<\/p>\n","protected":false},"featured_media":5838,"comment_status":"open","ping_status":"closed","template":"","meta":[],"product_brand":[],"product_cat":[3818],"product_tag":[3972,3973,3975,3976,3977,4001,4006,4005,3980,3840,3982,3981,3983,3979,1051,3928,3974,3978,4002,3845,3984,3995,3987,3934,3989,3990,3999,3998,3991,3993,3865,3994,3985,3936,3992,3997,3996,3986,3988,4000,3847,4003,4004],"class_list":{"0":"post-5828","1":"product","2":"type-product","3":"status-publish","4":"has-post-thumbnail","6":"product_cat-pentobarbital-na-prodaju","7":"product_tag-and-amytal","8":"product_tag-are","9":"product_tag-buy-nembutal-mexico","10":"product_tag-buying-nembutal","11":"product_tag-buying-nembutal-online","12":"product_tag-dobivanje-nembutal","13":"product_tag-gdje-kupiti-nembutal-u-meksiku","14":"product_tag-gdje-mogu-kupiti-nembutal","15":"product_tag-how-much-nembutal-is-fatal","16":"product_tag-how-to-acquire-nembutal","17":"product_tag-how-to-make-nembutal","18":"product_tag-kako-dobiti-nembutal","19":"product_tag-kako-uzeti-nembutal-umrijeti","20":"product_tag-koliko-kota-nembutal-kota","21":"product_tag-kupiti-nembutal","22":"product_tag-kupiti-nembutal-online","23":"product_tag-kupiti-nembutal-kanada","24":"product_tag-lijekovi-propisani-za-smanjenje-nesanice","25":"product_tag-naruiti-nembutal-online","26":"product_tag-nembutal","27":"product_tag-nembutal-capsules","28":"product_tag-nembutal-cijena","29":"product_tag-nembutal-definicija","30":"product_tag-nembutal-kupi-online","31":"product_tag-nembutal-mexico","32":"product_tag-nembutal-mexico-2018","33":"product_tag-nembutal-natrij","34":"product_tag-nembutal-nuspojave","35":"product_tag-nembutal-online","36":"product_tag-nembutal-pentobarbital","37":"product_tag-nembutal-pills-for-sale","38":"product_tag-nembutal-pilula","39":"product_tag-nembutal-kina","40":"product_tag-nembutal-prah","41":"product_tag-nembutal-over-the-counter","42":"product_tag-nembutal-raspored","43":"product_tag-nembutal-reddit","44":"product_tag-nembutal-smrt","45":"product_tag-nembutal-smrtonosna-doza","46":"product_tag-nembutal-epi","47":"product_tag-nembutal-na-prodaju","48":"product_tag-seconal","49":"product_tag-to-je-nembutal","51":"first","52":"instock","53":"shipping-taxable","54":"purchasable","55":"product-type-variable"},"yoast_head":"<!-- This site is optimized with the Yoast SEO plugin v27.3 - https:\/\/yoast.com\/product\/yoast-seo-wordpress\/ -->\n<title>Kupite Butalbital online - najbolji najbolji svjetski lijekovi<\/title>\n<meta name=\"robots\" content=\"index, follow, max-snippet:-1, max-image-preview:large, max-video-preview:-1\" \/>\n<link rel=\"canonical\" href=\"https:\/\/medicinasinc.com\/hr\/product\/kupiti-butalbital-online\/\" \/>\n<meta property=\"og:locale\" content=\"hr_HR\" \/>\n<meta property=\"og:type\" content=\"article\" \/>\n<meta property=\"og:title\" content=\"Kupite Butalbital online - najbolji najbolji svjetski lijekovi\" \/>\n<meta property=\"og:description\" content=\"Na\u0161a internetska ljekarna \u0107e primiti va\u0161u narud\u017ebu odmah po slanju. Dat \u0107emo mu prioritet i dovr\u0161iti ga u najkra\u0107em mogu\u0107em roku. Obi\u010dno nam treba 5 dana za isporuku robe, \u0161to pokriva samo radne dane. U roku od tjedan dana dobit \u0107ete Nembutal Butalbital u najboljem mogu\u0107em stanju. Kupite odmah!\" \/>\n<meta property=\"og:url\" content=\"https:\/\/medicinasinc.com\/hr\/product\/kupiti-butalbital-online\/\" \/>\n<meta property=\"og:site_name\" content=\"Medicinas Inc\" \/>\n<meta property=\"article:modified_time\" content=\"2022-03-15T05:24:49+00:00\" \/>\n<meta property=\"og:image\" content=\"https:\/\/medicinasinc.com\/hr\/wp-content\/uploads\/sites\/3\/2022\/02\/Buy-Butalbital-Online.jpg\" \/>\n\t<meta property=\"og:image:width\" content=\"600\" \/>\n\t<meta property=\"og:image:height\" content=\"600\" \/>\n\t<meta property=\"og:image:type\" content=\"image\/jpeg\" \/>\n<meta name=\"twitter:card\" content=\"summary_large_image\" \/>\n<meta name=\"twitter:label1\" content=\"Procijenjeno vrijeme \u010ditanja\" \/>\n\t<meta name=\"twitter:data1\" content=\"2 minute\" \/>\n<script type=\"application\/ld+json\" class=\"yoast-schema-graph\">{\"@context\":\"https:\\\/\\\/schema.org\",\"@graph\":[{\"@type\":\"WebPage\",\"@id\":\"https:\\\/\\\/medicinasinc.com\\\/hr\\\/product\\\/kupiti-butalbital-online\\\/\",\"url\":\"https:\\\/\\\/medicinasinc.com\\\/hr\\\/product\\\/kupiti-butalbital-online\\\/\",\"name\":\"Kupite Butalbital online - najbolji najbolji svjetski lijekovi\",\"isPartOf\":{\"@id\":\"https:\\\/\\\/medicinasinc.com\\\/hr\\\/#website\"},\"primaryImageOfPage\":{\"@id\":\"https:\\\/\\\/medicinasinc.com\\\/hr\\\/product\\\/kupiti-butalbital-online\\\/#primaryimage\"},\"image\":{\"@id\":\"https:\\\/\\\/medicinasinc.com\\\/hr\\\/product\\\/kupiti-butalbital-online\\\/#primaryimage\"},\"thumbnailUrl\":\"https:\\\/\\\/medicinasinc.com\\\/hr\\\/wp-content\\\/uploads\\\/sites\\\/3\\\/2022\\\/02\\\/Buy-Butalbital-Online.jpg\",\"datePublished\":\"2022-02-22T06:59:00+00:00\",\"dateModified\":\"2022-03-15T05:24:49+00:00\",\"breadcrumb\":{\"@id\":\"https:\\\/\\\/medicinasinc.com\\\/hr\\\/product\\\/kupiti-butalbital-online\\\/#breadcrumb\"},\"inLanguage\":\"hr\",\"potentialAction\":[{\"@type\":\"ReadAction\",\"target\":[\"https:\\\/\\\/medicinasinc.com\\\/hr\\\/product\\\/kupiti-butalbital-online\\\/\"]}]},{\"@type\":\"ImageObject\",\"inLanguage\":\"hr\",\"@id\":\"https:\\\/\\\/medicinasinc.com\\\/hr\\\/product\\\/kupiti-butalbital-online\\\/#primaryimage\",\"url\":\"https:\\\/\\\/medicinasinc.com\\\/hr\\\/wp-content\\\/uploads\\\/sites\\\/3\\\/2022\\\/02\\\/Buy-Butalbital-Online.jpg\",\"contentUrl\":\"https:\\\/\\\/medicinasinc.com\\\/hr\\\/wp-content\\\/uploads\\\/sites\\\/3\\\/2022\\\/02\\\/Buy-Butalbital-Online.jpg\",\"width\":600,\"height\":600},{\"@type\":\"BreadcrumbList\",\"@id\":\"https:\\\/\\\/medicinasinc.com\\\/hr\\\/product\\\/kupiti-butalbital-online\\\/#breadcrumb\",\"itemListElement\":[{\"@type\":\"ListItem\",\"position\":1,\"name\":\"Du\u0107an\",\"item\":\"https:\\\/\\\/medicinasinc.com\\\/hr\\\/ducan\\\/\"},{\"@type\":\"ListItem\",\"position\":2,\"name\":\"Kupite Butalbital online\"}]},{\"@type\":\"WebSite\",\"@id\":\"https:\\\/\\\/medicinasinc.com\\\/hr\\\/#website\",\"url\":\"https:\\\/\\\/medicinasinc.com\\\/hr\\\/\",\"name\":\"Medicinas Inc\",\"description\":\"Health Medical Clinic\",\"potentialAction\":[{\"@type\":\"SearchAction\",\"target\":{\"@type\":\"EntryPoint\",\"urlTemplate\":\"https:\\\/\\\/medicinasinc.com\\\/hr\\\/?s={search_term_string}\"},\"query-input\":{\"@type\":\"PropertyValueSpecification\",\"valueRequired\":true,\"valueName\":\"search_term_string\"}}],\"inLanguage\":\"hr\"}]}<\/script>\n<!-- \/ Yoast SEO plugin. -->","yoast_head_json":{"title":"Kupite Butalbital online - najbolji najbolji svjetski lijekovi","robots":{"index":"index","follow":"follow","max-snippet":"max-snippet:-1","max-image-preview":"max-image-preview:large","max-video-preview":"max-video-preview:-1"},"canonical":"https:\/\/medicinasinc.com\/hr\/product\/kupiti-butalbital-online\/","og_locale":"hr_HR","og_type":"article","og_title":"Kupite Butalbital online - najbolji najbolji svjetski lijekovi","og_description":"Na\u0161a internetska ljekarna \u0107e primiti va\u0161u narud\u017ebu odmah po slanju. Dat \u0107emo mu prioritet i dovr\u0161iti ga u najkra\u0107em mogu\u0107em roku. Obi\u010dno nam treba 5 dana za isporuku robe, \u0161to pokriva samo radne dane. U roku od tjedan dana dobit \u0107ete Nembutal Butalbital u najboljem mogu\u0107em stanju. Kupite odmah!","og_url":"https:\/\/medicinasinc.com\/hr\/product\/kupiti-butalbital-online\/","og_site_name":"Medicinas Inc","article_modified_time":"2022-03-15T05:24:49+00:00","og_image":[{"width":600,"height":600,"url":"https:\/\/medicinasinc.com\/hr\/wp-content\/uploads\/sites\/3\/2022\/02\/Buy-Butalbital-Online.jpg","type":"image\/jpeg"}],"twitter_card":"summary_large_image","twitter_misc":{"Procijenjeno vrijeme \u010ditanja":"2 minute"},"schema":{"@context":"https:\/\/schema.org","@graph":[{"@type":"WebPage","@id":"https:\/\/medicinasinc.com\/hr\/product\/kupiti-butalbital-online\/","url":"https:\/\/medicinasinc.com\/hr\/product\/kupiti-butalbital-online\/","name":"Kupite Butalbital online - najbolji najbolji svjetski lijekovi","isPartOf":{"@id":"https:\/\/medicinasinc.com\/hr\/#website"},"primaryImageOfPage":{"@id":"https:\/\/medicinasinc.com\/hr\/product\/kupiti-butalbital-online\/#primaryimage"},"image":{"@id":"https:\/\/medicinasinc.com\/hr\/product\/kupiti-butalbital-online\/#primaryimage"},"thumbnailUrl":"https:\/\/medicinasinc.com\/hr\/wp-content\/uploads\/sites\/3\/2022\/02\/Buy-Butalbital-Online.jpg","datePublished":"2022-02-22T06:59:00+00:00","dateModified":"2022-03-15T05:24:49+00:00","breadcrumb":{"@id":"https:\/\/medicinasinc.com\/hr\/product\/kupiti-butalbital-online\/#breadcrumb"},"inLanguage":"hr","potentialAction":[{"@type":"ReadAction","target":["https:\/\/medicinasinc.com\/hr\/product\/kupiti-butalbital-online\/"]}]},{"@type":"ImageObject","inLanguage":"hr","@id":"https:\/\/medicinasinc.com\/hr\/product\/kupiti-butalbital-online\/#primaryimage","url":"https:\/\/medicinasinc.com\/hr\/wp-content\/uploads\/sites\/3\/2022\/02\/Buy-Butalbital-Online.jpg","contentUrl":"https:\/\/medicinasinc.com\/hr\/wp-content\/uploads\/sites\/3\/2022\/02\/Buy-Butalbital-Online.jpg","width":600,"height":600},{"@type":"BreadcrumbList","@id":"https:\/\/medicinasinc.com\/hr\/product\/kupiti-butalbital-online\/#breadcrumb","itemListElement":[{"@type":"ListItem","position":1,"name":"Du\u0107an","item":"https:\/\/medicinasinc.com\/hr\/ducan\/"},{"@type":"ListItem","position":2,"name":"Kupite Butalbital online"}]},{"@type":"WebSite","@id":"https:\/\/medicinasinc.com\/hr\/#website","url":"https:\/\/medicinasinc.com\/hr\/","name":"Medicinas Inc","description":"Health Medical Clinic","potentialAction":[{"@type":"SearchAction","target":{"@type":"EntryPoint","urlTemplate":"https:\/\/medicinasinc.com\/hr\/?s={search_term_string}"},"query-input":{"@type":"PropertyValueSpecification","valueRequired":true,"valueName":"search_term_string"}}],"inLanguage":"hr"}]}},"_links":{"self":[{"href":"https:\/\/medicinasinc.com\/hr\/wp-json\/wp\/v2\/product\/5828","targetHints":{"allow":["GET"]}}],"collection":[{"href":"https:\/\/medicinasinc.com\/hr\/wp-json\/wp\/v2\/product"}],"about":[{"href":"https:\/\/medicinasinc.com\/hr\/wp-json\/wp\/v2\/types\/product"}],"replies":[{"embeddable":true,"href":"https:\/\/medicinasinc.com\/hr\/wp-json\/wp\/v2\/comments?post=5828"}],"wp:featuredmedia":[{"embeddable":true,"href":"https:\/\/medicinasinc.com\/hr\/wp-json\/wp\/v2\/media\/5838"}],"wp:attachment":[{"href":"https:\/\/medicinasinc.com\/hr\/wp-json\/wp\/v2\/media?parent=5828"}],"wp:term":[{"taxonomy":"product_brand","embeddable":true,"href":"https:\/\/medicinasinc.com\/hr\/wp-json\/wp\/v2\/product_brand?post=5828"},{"taxonomy":"product_cat","embeddable":true,"href":"https:\/\/medicinasinc.com\/hr\/wp-json\/wp\/v2\/product_cat?post=5828"},{"taxonomy":"product_tag","embeddable":true,"href":"https:\/\/medicinasinc.com\/hr\/wp-json\/wp\/v2\/product_tag?post=5828"}],"curies":[{"name":"wp","href":"https:\/\/api.w.org\/{rel}","templated":true}]}}