{"id":5816,"date":"2022-02-22T06:47:51","date_gmt":"2022-02-22T06:47:51","guid":{"rendered":"https:\/\/medicinasinc.com\/hr\/?post_type=product&#038;p=5816"},"modified":"2022-03-15T05:25:07","modified_gmt":"2022-03-15T05:25:07","slug":"kupiti-nembutal-pilule","status":"publish","type":"product","link":"https:\/\/medicinasinc.com\/hr\/product\/kupiti-nembutal-pilule\/","title":{"rendered":"Kupite Nembutal tablete"},"content":{"rendered":"<p>Nembutal tablete na prodaju u najboljoj internetskoj ljekarni po niskim cijenama<\/p>\n<p>Sada mo\u017eete kupiti Nembutal tablete u Best Global Meds i koristiti ih u punom potencijalu za svoje zdravlje. Uzet \u0107emo u obzir va\u0161u narud\u017ebu i pobrinuti se da stigne tamo gdje je trebala i\u0107i. Ako \u017eelite kupiti Nembutal tablete za prodaju, kontaktirajte nas ve\u0107 danas.<\/p>\n<p>U mogu\u0107nosti smo osigurati Nembutal tablete na precizan na\u010din zbog na\u0161eg zvjezdanog ugleda u poslu. Kako bismo osigurali da na\u0161i klijenti zaprime svoje narud\u017ebe \u0161to je prije mogu\u0107e, koristimo jednostavan i brz proces dostave. \u010cinimo sve kako bismo osigurali da na\u0161i klijenti ne moraju \u010dekati na svoje proizvode.<\/p>\n<p>Kao profesionalna internetska ljekarna, ne propu\u0161tamo ritam kada je u pitanju osiguravanje da va\u0161a narud\u017eba stigne na vrijeme . Kako se ni\u0161ta ne bi previdjelo, \u010dlan na\u0161eg tima sve prati 24 sata dnevno. \u017delimo da na\u0161i potro\u0161a\u010di imaju najve\u0107u mogu\u0107u brigu za svoju dobrobit.<\/p>\n<p>Koja je svrha tableta Nembutal?<\/p>\n<p>Kupnja tableta Nembutal u lokalnoj ambulanti ili ljekarni ne\u0107e dobiti ti jednostavno bilo koja stara droga. U lije\u010denju nedostatka sna, to je narkotik koji se koristi u visokim dozama. Pacijente u bolnicama i medicinskim klinikama lije\u010dnici i kirurzi uspavljuju upotrebom tableta Nembutal kako bi nastavili s procesom. Za one kojima su potrebne tablete Nembutal, mo\u017eete se obratiti Online Nembutal Pharmacy, vrhunskoj internet ljekarni. Ovdje \u0107ete prona\u0107i najbolje od najboljih. Kontaktirajte nas odmah!<\/p>\n","protected":false},"excerpt":{"rendered":"<p>Kako prona\u0107i najbolju online ljekarnu za kupnju Nembutal tableta?<\/p>\n<p>Kupite Nembutal [pilule iz na\u0161eg izbora pentobarbital Sodium pilula i injekcija, lijekova za barbiturate i Nembutal za prodaju u mojoj blizini uz siguran prijevoz.<\/p>\n<p>Ako niste sigurni kako se povezati s najboljom internetskom ljekarnom za kupnju Nembutal tableta putem interneta, Pentobarbital Global Meds je uvijek dostupan da vam pomogne. Ovdje smo da vam pomognemo u kupnji Nembutal tableta online po najni\u017eoj mogu\u0107oj cijeni. Ovdje mo\u017eete naru\u010diti svoju narud\u017ebu i \u010dekati da bude dovr\u0161ena na vrijeme. Ne\u0107emo odga\u0111ati isporuku na bilo koji na\u010din koji je nepotreban. Kontaktirajte nas odmah!<\/p>\n","protected":false},"featured_media":5826,"comment_status":"open","ping_status":"closed","template":"","meta":[],"product_brand":[],"product_cat":[3818],"product_tag":[3868,3915,3837,3839,3825,3832,3871,3858,3859,3864,3865,3867,3857,3860,3861,3863,3862],"class_list":{"0":"post-5816","1":"product","2":"type-product","3":"status-publish","4":"has-post-thumbnail","6":"product_cat-pentobarbital-na-prodaju","7":"product_tag-nembutal-pilule-dobavlja","8":"product_tag-gdje-mogu-kupiti-nembutal-pilule","9":"product_tag-how-can-i-order-nembutal-pills","10":"product_tag-kako-mogu-uzimati-nembutal","11":"product_tag-kupiti-nembutal-pilule-online","12":"product_tag-mogu-naruiti-nembutal-online","13":"product_tag-naruiti-nembutal-pilule","14":"product_tag-nembutal-pills-buy","15":"product_tag-nembutal-pills-buy-australia","16":"product_tag-nembutal-pills-dose","17":"product_tag-nembutal-pills-for-sale","18":"product_tag-nembutal-pills-overdose","19":"product_tag-nembutal-pilule","20":"product_tag-nembutal-pilule-kupi-austrija","21":"product_tag-nembutal-pilule-kupi-europa","22":"product_tag-nembutal-pilule-buy-uk","23":"product_tag-nembutal-pilule-kupite-online","25":"first","26":"instock","27":"shipping-taxable","28":"purchasable","29":"product-type-variable"},"yoast_head":"<!-- This site is optimized with the Yoast SEO plugin v27.3 - https:\/\/yoast.com\/product\/yoast-seo-wordpress\/ -->\n<title>Kupite tablete Nembutal - najbolji najbolji svjetski lijekovi<\/title>\n<meta name=\"description\" content=\"Kupite Nembutal [pilule iz na\u0161ih Pentobarbital Sodium pilula &amp; injekcije, Barbiturati i Nembutal na prodaju u mojoj blizini uz sigurnu po\u0161iljku.\" \/>\n<meta name=\"robots\" content=\"index, follow, max-snippet:-1, max-image-preview:large, max-video-preview:-1\" \/>\n<link rel=\"canonical\" href=\"https:\/\/medicinasinc.com\/hr\/product\/kupiti-nembutal-pilule\/\" \/>\n<meta property=\"og:locale\" content=\"hr_HR\" \/>\n<meta property=\"og:type\" content=\"article\" \/>\n<meta property=\"og:title\" content=\"Kupite tablete Nembutal - najbolji najbolji svjetski lijekovi\" \/>\n<meta property=\"og:description\" content=\"Kupite Nembutal [pilule iz na\u0161ih Pentobarbital Sodium pilula &amp; injekcije, Barbiturati i Nembutal na prodaju u mojoj blizini uz sigurnu po\u0161iljku.\" \/>\n<meta property=\"og:url\" content=\"https:\/\/medicinasinc.com\/hr\/product\/kupiti-nembutal-pilule\/\" \/>\n<meta property=\"og:site_name\" content=\"Medicinas Inc\" \/>\n<meta property=\"article:modified_time\" content=\"2022-03-15T05:25:07+00:00\" \/>\n<meta property=\"og:image\" content=\"https:\/\/medicinasinc.com\/hr\/wp-content\/uploads\/sites\/3\/2022\/02\/Buy-Nembutal-Pills.jpg\" \/>\n\t<meta property=\"og:image:width\" content=\"600\" \/>\n\t<meta property=\"og:image:height\" content=\"600\" \/>\n\t<meta property=\"og:image:type\" content=\"image\/jpeg\" \/>\n<meta name=\"twitter:card\" content=\"summary_large_image\" \/>\n<meta name=\"twitter:label1\" content=\"Procijenjeno vrijeme \u010ditanja\" \/>\n\t<meta name=\"twitter:data1\" content=\"2 minute\" \/>\n<script type=\"application\/ld+json\" class=\"yoast-schema-graph\">{\"@context\":\"https:\\\/\\\/schema.org\",\"@graph\":[{\"@type\":\"WebPage\",\"@id\":\"https:\\\/\\\/medicinasinc.com\\\/hr\\\/product\\\/kupiti-nembutal-pilule\\\/\",\"url\":\"https:\\\/\\\/medicinasinc.com\\\/hr\\\/product\\\/kupiti-nembutal-pilule\\\/\",\"name\":\"Kupite tablete Nembutal - najbolji najbolji svjetski lijekovi\",\"isPartOf\":{\"@id\":\"https:\\\/\\\/medicinasinc.com\\\/hr\\\/#website\"},\"primaryImageOfPage\":{\"@id\":\"https:\\\/\\\/medicinasinc.com\\\/hr\\\/product\\\/kupiti-nembutal-pilule\\\/#primaryimage\"},\"image\":{\"@id\":\"https:\\\/\\\/medicinasinc.com\\\/hr\\\/product\\\/kupiti-nembutal-pilule\\\/#primaryimage\"},\"thumbnailUrl\":\"https:\\\/\\\/medicinasinc.com\\\/hr\\\/wp-content\\\/uploads\\\/sites\\\/3\\\/2022\\\/02\\\/Buy-Nembutal-Pills.jpg\",\"datePublished\":\"2022-02-22T06:47:51+00:00\",\"dateModified\":\"2022-03-15T05:25:07+00:00\",\"description\":\"Kupite Nembutal [pilule iz na\u0161ih Pentobarbital Sodium pilula &amp; injekcije, Barbiturati i Nembutal na prodaju u mojoj blizini uz sigurnu po\u0161iljku.\",\"breadcrumb\":{\"@id\":\"https:\\\/\\\/medicinasinc.com\\\/hr\\\/product\\\/kupiti-nembutal-pilule\\\/#breadcrumb\"},\"inLanguage\":\"hr\",\"potentialAction\":[{\"@type\":\"ReadAction\",\"target\":[\"https:\\\/\\\/medicinasinc.com\\\/hr\\\/product\\\/kupiti-nembutal-pilule\\\/\"]}]},{\"@type\":\"ImageObject\",\"inLanguage\":\"hr\",\"@id\":\"https:\\\/\\\/medicinasinc.com\\\/hr\\\/product\\\/kupiti-nembutal-pilule\\\/#primaryimage\",\"url\":\"https:\\\/\\\/medicinasinc.com\\\/hr\\\/wp-content\\\/uploads\\\/sites\\\/3\\\/2022\\\/02\\\/Buy-Nembutal-Pills.jpg\",\"contentUrl\":\"https:\\\/\\\/medicinasinc.com\\\/hr\\\/wp-content\\\/uploads\\\/sites\\\/3\\\/2022\\\/02\\\/Buy-Nembutal-Pills.jpg\",\"width\":600,\"height\":600},{\"@type\":\"BreadcrumbList\",\"@id\":\"https:\\\/\\\/medicinasinc.com\\\/hr\\\/product\\\/kupiti-nembutal-pilule\\\/#breadcrumb\",\"itemListElement\":[{\"@type\":\"ListItem\",\"position\":1,\"name\":\"Du\u0107an\",\"item\":\"https:\\\/\\\/medicinasinc.com\\\/hr\\\/ducan\\\/\"},{\"@type\":\"ListItem\",\"position\":2,\"name\":\"Kupite Nembutal tablete\"}]},{\"@type\":\"WebSite\",\"@id\":\"https:\\\/\\\/medicinasinc.com\\\/hr\\\/#website\",\"url\":\"https:\\\/\\\/medicinasinc.com\\\/hr\\\/\",\"name\":\"Medicinas Inc\",\"description\":\"Health Medical Clinic\",\"potentialAction\":[{\"@type\":\"SearchAction\",\"target\":{\"@type\":\"EntryPoint\",\"urlTemplate\":\"https:\\\/\\\/medicinasinc.com\\\/hr\\\/?s={search_term_string}\"},\"query-input\":{\"@type\":\"PropertyValueSpecification\",\"valueRequired\":true,\"valueName\":\"search_term_string\"}}],\"inLanguage\":\"hr\"}]}<\/script>\n<!-- \/ Yoast SEO plugin. -->","yoast_head_json":{"title":"Kupite tablete Nembutal - najbolji najbolji svjetski lijekovi","description":"Kupite Nembutal [pilule iz na\u0161ih Pentobarbital Sodium pilula &amp; injekcije, Barbiturati i Nembutal na prodaju u mojoj blizini uz sigurnu po\u0161iljku.","robots":{"index":"index","follow":"follow","max-snippet":"max-snippet:-1","max-image-preview":"max-image-preview:large","max-video-preview":"max-video-preview:-1"},"canonical":"https:\/\/medicinasinc.com\/hr\/product\/kupiti-nembutal-pilule\/","og_locale":"hr_HR","og_type":"article","og_title":"Kupite tablete Nembutal - najbolji najbolji svjetski lijekovi","og_description":"Kupite Nembutal [pilule iz na\u0161ih Pentobarbital Sodium pilula &amp; injekcije, Barbiturati i Nembutal na prodaju u mojoj blizini uz sigurnu po\u0161iljku.","og_url":"https:\/\/medicinasinc.com\/hr\/product\/kupiti-nembutal-pilule\/","og_site_name":"Medicinas Inc","article_modified_time":"2022-03-15T05:25:07+00:00","og_image":[{"width":600,"height":600,"url":"https:\/\/medicinasinc.com\/hr\/wp-content\/uploads\/sites\/3\/2022\/02\/Buy-Nembutal-Pills.jpg","type":"image\/jpeg"}],"twitter_card":"summary_large_image","twitter_misc":{"Procijenjeno vrijeme \u010ditanja":"2 minute"},"schema":{"@context":"https:\/\/schema.org","@graph":[{"@type":"WebPage","@id":"https:\/\/medicinasinc.com\/hr\/product\/kupiti-nembutal-pilule\/","url":"https:\/\/medicinasinc.com\/hr\/product\/kupiti-nembutal-pilule\/","name":"Kupite tablete Nembutal - najbolji najbolji svjetski lijekovi","isPartOf":{"@id":"https:\/\/medicinasinc.com\/hr\/#website"},"primaryImageOfPage":{"@id":"https:\/\/medicinasinc.com\/hr\/product\/kupiti-nembutal-pilule\/#primaryimage"},"image":{"@id":"https:\/\/medicinasinc.com\/hr\/product\/kupiti-nembutal-pilule\/#primaryimage"},"thumbnailUrl":"https:\/\/medicinasinc.com\/hr\/wp-content\/uploads\/sites\/3\/2022\/02\/Buy-Nembutal-Pills.jpg","datePublished":"2022-02-22T06:47:51+00:00","dateModified":"2022-03-15T05:25:07+00:00","description":"Kupite Nembutal [pilule iz na\u0161ih Pentobarbital Sodium pilula &amp; injekcije, Barbiturati i Nembutal na prodaju u mojoj blizini uz sigurnu po\u0161iljku.","breadcrumb":{"@id":"https:\/\/medicinasinc.com\/hr\/product\/kupiti-nembutal-pilule\/#breadcrumb"},"inLanguage":"hr","potentialAction":[{"@type":"ReadAction","target":["https:\/\/medicinasinc.com\/hr\/product\/kupiti-nembutal-pilule\/"]}]},{"@type":"ImageObject","inLanguage":"hr","@id":"https:\/\/medicinasinc.com\/hr\/product\/kupiti-nembutal-pilule\/#primaryimage","url":"https:\/\/medicinasinc.com\/hr\/wp-content\/uploads\/sites\/3\/2022\/02\/Buy-Nembutal-Pills.jpg","contentUrl":"https:\/\/medicinasinc.com\/hr\/wp-content\/uploads\/sites\/3\/2022\/02\/Buy-Nembutal-Pills.jpg","width":600,"height":600},{"@type":"BreadcrumbList","@id":"https:\/\/medicinasinc.com\/hr\/product\/kupiti-nembutal-pilule\/#breadcrumb","itemListElement":[{"@type":"ListItem","position":1,"name":"Du\u0107an","item":"https:\/\/medicinasinc.com\/hr\/ducan\/"},{"@type":"ListItem","position":2,"name":"Kupite Nembutal tablete"}]},{"@type":"WebSite","@id":"https:\/\/medicinasinc.com\/hr\/#website","url":"https:\/\/medicinasinc.com\/hr\/","name":"Medicinas Inc","description":"Health Medical Clinic","potentialAction":[{"@type":"SearchAction","target":{"@type":"EntryPoint","urlTemplate":"https:\/\/medicinasinc.com\/hr\/?s={search_term_string}"},"query-input":{"@type":"PropertyValueSpecification","valueRequired":true,"valueName":"search_term_string"}}],"inLanguage":"hr"}]}},"_links":{"self":[{"href":"https:\/\/medicinasinc.com\/hr\/wp-json\/wp\/v2\/product\/5816","targetHints":{"allow":["GET"]}}],"collection":[{"href":"https:\/\/medicinasinc.com\/hr\/wp-json\/wp\/v2\/product"}],"about":[{"href":"https:\/\/medicinasinc.com\/hr\/wp-json\/wp\/v2\/types\/product"}],"replies":[{"embeddable":true,"href":"https:\/\/medicinasinc.com\/hr\/wp-json\/wp\/v2\/comments?post=5816"}],"wp:featuredmedia":[{"embeddable":true,"href":"https:\/\/medicinasinc.com\/hr\/wp-json\/wp\/v2\/media\/5826"}],"wp:attachment":[{"href":"https:\/\/medicinasinc.com\/hr\/wp-json\/wp\/v2\/media?parent=5816"}],"wp:term":[{"taxonomy":"product_brand","embeddable":true,"href":"https:\/\/medicinasinc.com\/hr\/wp-json\/wp\/v2\/product_brand?post=5816"},{"taxonomy":"product_cat","embeddable":true,"href":"https:\/\/medicinasinc.com\/hr\/wp-json\/wp\/v2\/product_cat?post=5816"},{"taxonomy":"product_tag","embeddable":true,"href":"https:\/\/medicinasinc.com\/hr\/wp-json\/wp\/v2\/product_tag?post=5816"}],"curies":[{"name":"wp","href":"https:\/\/api.w.org\/{rel}","templated":true}]}}