{"id":5810,"date":"2022-02-22T06:41:43","date_gmt":"2022-02-22T06:41:43","guid":{"rendered":"https:\/\/medicinasinc.com\/hr\/?post_type=product&#038;p=5810"},"modified":"2022-03-15T05:25:17","modified_gmt":"2022-03-15T05:25:17","slug":"kupiti-nembutal-tablete","status":"publish","type":"product","link":"https:\/\/medicinasinc.com\/hr\/product\/kupiti-nembutal-tablete\/","title":{"rendered":"Kupite Nembutal tablete"},"content":{"rendered":"<p>Nembutal tablete za prodaju na mre\u017ei po najni\u017eim cijenama iz na\u0161e renomirane internetske ljekarne<\/p>\n<p>Online platforma je svima u\u010dinila jednostavnom i jednostavnom nabavu Nembutal tableta. Ako ste zainteresirani za kupnju Nembutal tableta i online, pove\u017eite se s Online Nembutal Pharmacy. Na\u0161a je ljekarna predana, pouzdana i ekonomi\u010dna lokacija na kojoj mo\u017eete ispuniti svoje zahtjeve za Nembutal.<\/p>\n<p>Vjerujemo u va\u017enost visokokvalitetnih artikala i nastojimo ih pru\u017eiti na\u0161im kupcima. Odmah \u0107emo ispuniti va\u0161 zahtjev za kupnju Nembutal tableta online po najpovoljnijoj cijeni. Ne\u0107emo vas \u010dekati u nedogled. Na\u0161a internetska ljekarna \u0107e odmah poslati va\u0161e proizvode. Na\u0161 distribucijski sustav je diskretan i siguran. Ne ostavljamo mjesta gre\u0161kama. Sve narud\u017ebe se ovdje stru\u010dno izvr\u0161avaju. Kupite odmah!<\/p>\n<p>Nembutal tablete &#8211; educirajte se o njegovoj sigurnoj upotrebi uz pomo\u0107 na\u0161eg stru\u010dnog tima<\/p>\n<p>Nembutal tablete se opse\u017eno prepisuju za lije\u010denje nesanice, sedacije i napadaja. Ve\u0107 du\u017ee vrijeme opskrbljujemo Nembutal tablete diljem svijeta. U odre\u0111enim slu\u010dajevima, kirurzi koriste ovaj lijek za smirenje pacijenata prije izvo\u0111enja operacije na njima. Provodimo periodi\u010dne testove na ovim tabletama kako bismo uvjerili njihovu u\u010dinkovitost.<\/p>\n<p>Uklju\u010dujemo vodi\u010d za lijekove s Nembutal tabletama. To poma\u017ee na\u0161im klijentima u pravilnoj primjeni lijeka i razumijevanju odgovaraju\u0107e doze na temelju njihove te\u017eine, dobi i zdravstvenog stanja. Osim toga, vjerujemo da su Nembutal tablete najlak\u0161i i naju\u010dinkovitiji lijek za osobe koje imaju pote\u0161ko\u0107a sa spavanjem.<\/p>\n<p>Na\u0161i stru\u010dnjaci su tu 24 sata na dan da vam pomognu u razumijevanju svega u vezi s Nembutal tabletama. Na\u0161e tablete Nembutal imaju razumnu cijenu. Me\u0111utim, ne morate biti zabrinuti zbog cijene ovog proizvoda. Odmah naru\u010dite svoje zahtjeve!<\/p>\n","protected":false},"excerpt":{"rendered":"<p>Kako vam mo\u017eemo pomo\u0107i da kupite Nembutal tablete Phenobarbital za prodaju u Velikoj Britaniji, Europi na mre\u017ei? Internetska ljekarna Nembutal dostupna je svim ljudima diljem svijeta. Mo\u017eete nas kontaktirati bilo kada i bilo gdje.<\/p>\n<p>U Online Nembutal Pharmacy mo\u017eete kupiti Nembutal tablete i dostaviti ih na navedenu adresu u roku od nekoliko dana. Nembutal tablete morate dodati u va\u0161u internetsku ko\u0161aricu za kupnju kako biste dovr\u0161ili transakciju. Idite na odjeljak pla\u0107anja i platite nakon \u0161to ga dodate. Mo\u0107i \u0107ete naru\u010diti \u010dim izvr\u0161ite uplatu. Va\u0161u narud\u017ebu isporu\u010dit \u0107emo vam \u010dim je primi na\u0161a internet ljekarna. Naru\u010dite u ovom trenutku!<\/p>\n","protected":false},"featured_media":5820,"comment_status":"open","ping_status":"closed","template":"","meta":[],"product_brand":[],"product_cat":[3818],"product_tag":[],"class_list":{"0":"post-5810","1":"product","2":"type-product","3":"status-publish","4":"has-post-thumbnail","6":"product_cat-pentobarbital-na-prodaju","8":"first","9":"instock","10":"shipping-taxable","11":"purchasable","12":"product-type-variable"},"yoast_head":"<!-- This site is optimized with the Yoast SEO plugin v27.3 - https:\/\/yoast.com\/product\/yoast-seo-wordpress\/ -->\n<title>Kupite Nembutal tablete - Najbolji globalni lijekovi<\/title>\n<meta name=\"description\" content=\"Kako vam mo\u017eemo pomo\u0107i da kupite Nembutal tablete Phenobarbital za prodaju u Velikoj Britaniji, Europi na mre\u017ei? Internetska ljekarna Nembutal dostupna je svim ljudima diljem svijeta. Mo\u017eete nas kontaktirati bilo kada i bilo gdje.\" \/>\n<meta name=\"robots\" content=\"index, follow, max-snippet:-1, max-image-preview:large, max-video-preview:-1\" \/>\n<link rel=\"canonical\" href=\"https:\/\/medicinasinc.com\/hr\/product\/kupiti-nembutal-tablete\/\" \/>\n<meta property=\"og:locale\" content=\"hr_HR\" \/>\n<meta property=\"og:type\" content=\"article\" \/>\n<meta property=\"og:title\" content=\"Kupite Nembutal tablete - Najbolji globalni lijekovi\" \/>\n<meta property=\"og:description\" content=\"Kako vam mo\u017eemo pomo\u0107i da kupite Nembutal tablete Phenobarbital za prodaju u Velikoj Britaniji, Europi na mre\u017ei? Internetska ljekarna Nembutal dostupna je svim ljudima diljem svijeta. Mo\u017eete nas kontaktirati bilo kada i bilo gdje.\" \/>\n<meta property=\"og:url\" content=\"https:\/\/medicinasinc.com\/hr\/product\/kupiti-nembutal-tablete\/\" \/>\n<meta property=\"og:site_name\" content=\"Medicinas Inc\" \/>\n<meta property=\"article:modified_time\" content=\"2022-03-15T05:25:17+00:00\" \/>\n<meta property=\"og:image\" content=\"https:\/\/medicinasinc.com\/hr\/wp-content\/uploads\/sites\/3\/2022\/02\/Buy-Nembutal-Tablets.jpg\" \/>\n\t<meta property=\"og:image:width\" content=\"600\" \/>\n\t<meta property=\"og:image:height\" content=\"600\" \/>\n\t<meta property=\"og:image:type\" content=\"image\/jpeg\" \/>\n<meta name=\"twitter:card\" content=\"summary_large_image\" \/>\n<meta name=\"twitter:label1\" content=\"Procijenjeno vrijeme \u010ditanja\" \/>\n\t<meta name=\"twitter:data1\" content=\"2 minute\" \/>\n<script type=\"application\/ld+json\" class=\"yoast-schema-graph\">{\"@context\":\"https:\\\/\\\/schema.org\",\"@graph\":[{\"@type\":\"WebPage\",\"@id\":\"https:\\\/\\\/medicinasinc.com\\\/hr\\\/product\\\/kupiti-nembutal-tablete\\\/\",\"url\":\"https:\\\/\\\/medicinasinc.com\\\/hr\\\/product\\\/kupiti-nembutal-tablete\\\/\",\"name\":\"Kupite Nembutal tablete - Najbolji globalni lijekovi\",\"isPartOf\":{\"@id\":\"https:\\\/\\\/medicinasinc.com\\\/hr\\\/#website\"},\"primaryImageOfPage\":{\"@id\":\"https:\\\/\\\/medicinasinc.com\\\/hr\\\/product\\\/kupiti-nembutal-tablete\\\/#primaryimage\"},\"image\":{\"@id\":\"https:\\\/\\\/medicinasinc.com\\\/hr\\\/product\\\/kupiti-nembutal-tablete\\\/#primaryimage\"},\"thumbnailUrl\":\"https:\\\/\\\/medicinasinc.com\\\/hr\\\/wp-content\\\/uploads\\\/sites\\\/3\\\/2022\\\/02\\\/Buy-Nembutal-Tablets.jpg\",\"datePublished\":\"2022-02-22T06:41:43+00:00\",\"dateModified\":\"2022-03-15T05:25:17+00:00\",\"description\":\"Kako vam mo\u017eemo pomo\u0107i da kupite Nembutal tablete Phenobarbital za prodaju u Velikoj Britaniji, Europi na mre\u017ei? Internetska ljekarna Nembutal dostupna je svim ljudima diljem svijeta. Mo\u017eete nas kontaktirati bilo kada i bilo gdje.\",\"breadcrumb\":{\"@id\":\"https:\\\/\\\/medicinasinc.com\\\/hr\\\/product\\\/kupiti-nembutal-tablete\\\/#breadcrumb\"},\"inLanguage\":\"hr\",\"potentialAction\":[{\"@type\":\"ReadAction\",\"target\":[\"https:\\\/\\\/medicinasinc.com\\\/hr\\\/product\\\/kupiti-nembutal-tablete\\\/\"]}]},{\"@type\":\"ImageObject\",\"inLanguage\":\"hr\",\"@id\":\"https:\\\/\\\/medicinasinc.com\\\/hr\\\/product\\\/kupiti-nembutal-tablete\\\/#primaryimage\",\"url\":\"https:\\\/\\\/medicinasinc.com\\\/hr\\\/wp-content\\\/uploads\\\/sites\\\/3\\\/2022\\\/02\\\/Buy-Nembutal-Tablets.jpg\",\"contentUrl\":\"https:\\\/\\\/medicinasinc.com\\\/hr\\\/wp-content\\\/uploads\\\/sites\\\/3\\\/2022\\\/02\\\/Buy-Nembutal-Tablets.jpg\",\"width\":600,\"height\":600},{\"@type\":\"BreadcrumbList\",\"@id\":\"https:\\\/\\\/medicinasinc.com\\\/hr\\\/product\\\/kupiti-nembutal-tablete\\\/#breadcrumb\",\"itemListElement\":[{\"@type\":\"ListItem\",\"position\":1,\"name\":\"Du\u0107an\",\"item\":\"https:\\\/\\\/medicinasinc.com\\\/hr\\\/ducan\\\/\"},{\"@type\":\"ListItem\",\"position\":2,\"name\":\"Kupite Nembutal tablete\"}]},{\"@type\":\"WebSite\",\"@id\":\"https:\\\/\\\/medicinasinc.com\\\/hr\\\/#website\",\"url\":\"https:\\\/\\\/medicinasinc.com\\\/hr\\\/\",\"name\":\"Medicinas Inc\",\"description\":\"Health Medical Clinic\",\"potentialAction\":[{\"@type\":\"SearchAction\",\"target\":{\"@type\":\"EntryPoint\",\"urlTemplate\":\"https:\\\/\\\/medicinasinc.com\\\/hr\\\/?s={search_term_string}\"},\"query-input\":{\"@type\":\"PropertyValueSpecification\",\"valueRequired\":true,\"valueName\":\"search_term_string\"}}],\"inLanguage\":\"hr\"}]}<\/script>\n<!-- \/ Yoast SEO plugin. -->","yoast_head_json":{"title":"Kupite Nembutal tablete - Najbolji globalni lijekovi","description":"Kako vam mo\u017eemo pomo\u0107i da kupite Nembutal tablete Phenobarbital za prodaju u Velikoj Britaniji, Europi na mre\u017ei? Internetska ljekarna Nembutal dostupna je svim ljudima diljem svijeta. Mo\u017eete nas kontaktirati bilo kada i bilo gdje.","robots":{"index":"index","follow":"follow","max-snippet":"max-snippet:-1","max-image-preview":"max-image-preview:large","max-video-preview":"max-video-preview:-1"},"canonical":"https:\/\/medicinasinc.com\/hr\/product\/kupiti-nembutal-tablete\/","og_locale":"hr_HR","og_type":"article","og_title":"Kupite Nembutal tablete - Najbolji globalni lijekovi","og_description":"Kako vam mo\u017eemo pomo\u0107i da kupite Nembutal tablete Phenobarbital za prodaju u Velikoj Britaniji, Europi na mre\u017ei? Internetska ljekarna Nembutal dostupna je svim ljudima diljem svijeta. Mo\u017eete nas kontaktirati bilo kada i bilo gdje.","og_url":"https:\/\/medicinasinc.com\/hr\/product\/kupiti-nembutal-tablete\/","og_site_name":"Medicinas Inc","article_modified_time":"2022-03-15T05:25:17+00:00","og_image":[{"width":600,"height":600,"url":"https:\/\/medicinasinc.com\/hr\/wp-content\/uploads\/sites\/3\/2022\/02\/Buy-Nembutal-Tablets.jpg","type":"image\/jpeg"}],"twitter_card":"summary_large_image","twitter_misc":{"Procijenjeno vrijeme \u010ditanja":"2 minute"},"schema":{"@context":"https:\/\/schema.org","@graph":[{"@type":"WebPage","@id":"https:\/\/medicinasinc.com\/hr\/product\/kupiti-nembutal-tablete\/","url":"https:\/\/medicinasinc.com\/hr\/product\/kupiti-nembutal-tablete\/","name":"Kupite Nembutal tablete - Najbolji globalni lijekovi","isPartOf":{"@id":"https:\/\/medicinasinc.com\/hr\/#website"},"primaryImageOfPage":{"@id":"https:\/\/medicinasinc.com\/hr\/product\/kupiti-nembutal-tablete\/#primaryimage"},"image":{"@id":"https:\/\/medicinasinc.com\/hr\/product\/kupiti-nembutal-tablete\/#primaryimage"},"thumbnailUrl":"https:\/\/medicinasinc.com\/hr\/wp-content\/uploads\/sites\/3\/2022\/02\/Buy-Nembutal-Tablets.jpg","datePublished":"2022-02-22T06:41:43+00:00","dateModified":"2022-03-15T05:25:17+00:00","description":"Kako vam mo\u017eemo pomo\u0107i da kupite Nembutal tablete Phenobarbital za prodaju u Velikoj Britaniji, Europi na mre\u017ei? Internetska ljekarna Nembutal dostupna je svim ljudima diljem svijeta. Mo\u017eete nas kontaktirati bilo kada i bilo gdje.","breadcrumb":{"@id":"https:\/\/medicinasinc.com\/hr\/product\/kupiti-nembutal-tablete\/#breadcrumb"},"inLanguage":"hr","potentialAction":[{"@type":"ReadAction","target":["https:\/\/medicinasinc.com\/hr\/product\/kupiti-nembutal-tablete\/"]}]},{"@type":"ImageObject","inLanguage":"hr","@id":"https:\/\/medicinasinc.com\/hr\/product\/kupiti-nembutal-tablete\/#primaryimage","url":"https:\/\/medicinasinc.com\/hr\/wp-content\/uploads\/sites\/3\/2022\/02\/Buy-Nembutal-Tablets.jpg","contentUrl":"https:\/\/medicinasinc.com\/hr\/wp-content\/uploads\/sites\/3\/2022\/02\/Buy-Nembutal-Tablets.jpg","width":600,"height":600},{"@type":"BreadcrumbList","@id":"https:\/\/medicinasinc.com\/hr\/product\/kupiti-nembutal-tablete\/#breadcrumb","itemListElement":[{"@type":"ListItem","position":1,"name":"Du\u0107an","item":"https:\/\/medicinasinc.com\/hr\/ducan\/"},{"@type":"ListItem","position":2,"name":"Kupite Nembutal tablete"}]},{"@type":"WebSite","@id":"https:\/\/medicinasinc.com\/hr\/#website","url":"https:\/\/medicinasinc.com\/hr\/","name":"Medicinas Inc","description":"Health Medical Clinic","potentialAction":[{"@type":"SearchAction","target":{"@type":"EntryPoint","urlTemplate":"https:\/\/medicinasinc.com\/hr\/?s={search_term_string}"},"query-input":{"@type":"PropertyValueSpecification","valueRequired":true,"valueName":"search_term_string"}}],"inLanguage":"hr"}]}},"_links":{"self":[{"href":"https:\/\/medicinasinc.com\/hr\/wp-json\/wp\/v2\/product\/5810","targetHints":{"allow":["GET"]}}],"collection":[{"href":"https:\/\/medicinasinc.com\/hr\/wp-json\/wp\/v2\/product"}],"about":[{"href":"https:\/\/medicinasinc.com\/hr\/wp-json\/wp\/v2\/types\/product"}],"replies":[{"embeddable":true,"href":"https:\/\/medicinasinc.com\/hr\/wp-json\/wp\/v2\/comments?post=5810"}],"wp:featuredmedia":[{"embeddable":true,"href":"https:\/\/medicinasinc.com\/hr\/wp-json\/wp\/v2\/media\/5820"}],"wp:attachment":[{"href":"https:\/\/medicinasinc.com\/hr\/wp-json\/wp\/v2\/media?parent=5810"}],"wp:term":[{"taxonomy":"product_brand","embeddable":true,"href":"https:\/\/medicinasinc.com\/hr\/wp-json\/wp\/v2\/product_brand?post=5810"},{"taxonomy":"product_cat","embeddable":true,"href":"https:\/\/medicinasinc.com\/hr\/wp-json\/wp\/v2\/product_cat?post=5810"},{"taxonomy":"product_tag","embeddable":true,"href":"https:\/\/medicinasinc.com\/hr\/wp-json\/wp\/v2\/product_tag?post=5810"}],"curies":[{"name":"wp","href":"https:\/\/api.w.org\/{rel}","templated":true}]}}