{"id":5804,"date":"2022-02-22T06:35:00","date_gmt":"2022-02-22T06:35:00","guid":{"rendered":"https:\/\/medicinasinc.com\/hr\/?post_type=product&#038;p=5804"},"modified":"2022-03-15T05:27:42","modified_gmt":"2022-03-15T05:27:42","slug":"kupiti-pentobarbital-natrij-online","status":"publish","type":"product","link":"https:\/\/medicinasinc.com\/hr\/product\/kupiti-pentobarbital-natrij-online\/","title":{"rendered":"Kupite pentobarbital natrij online"},"content":{"rendered":"<p>Kupite pentobarbital natrij online.<\/p>\n<p>Intravenska ili intramuskularna injekcija otopine NEMBUTAL Sodium (injekcija pentobarbital natrija) sigurna je i jednostavna kori\u0161tenjem ove sterilne otopine. Za injekciju, svaki mililitar sadr\u017ei 50 miligrama natrijevog pentobarbitala otopljenog u propilen glikolu 40 posto, etanolu 10 posto i vodi. S klorovodi\u010dnom kiselinom ili natrijevim hidroksidom pH se mo\u017ee podi\u0107i na 9,5. Mo\u017ee se ubrizgati u mi\u0161i\u0107 ili venu pacijenta. Online kupnja natrijevog pentobarbitala za eutanaziju \u017eivotinja, natrijevog pentobarbitala za eutanaziju \u017eivotinja, skupine natrijevog pentobarbitala, teku\u0107ine natrijevog pentobarbitala.<\/p>\n<p>U Best Global Meds sada mo\u017eete kupiti natrijev pentobarbital online. Naru\u010dite Pentobarbital Sodium Injection online i dostavite je na ku\u0107ni prag u zadanom vremenskom roku. Molimo kontaktirajte nas odmah! Natrijev pentobarbital za eutanaziju \u017eivotinja, Pentobarbital natrij teku\u0107ina<\/p>\n<p>Pentobarbital: \u0161to je to i kako se koristi?<\/p>\n<p>Kratkotrajna upotreba pentobarbitala, barbiturata, koristi se za lije\u010denje nesanice. Kako bi se pacijenti uspavali zbog operacije, pentobarbital se tako\u0111er mo\u017ee koristiti kao hitna terapija. Internetska kupnja pentobarbital natrija, natrijevog pentobarbitala za eutanaziju \u017eivotinja i pentobarbital natrija<\/p>\n<p>Pentobarbital mo\u017ee uzrokovati zastoj disanja u visokim dozama, \u0161to mo\u017ee dovesti do smrti. Neke dr\u017eave i savezna vlada u Sjedinjenim Dr\u017eavama koriste ga za pogubljenje kriminalaca, kao i za eutanaziju \u017eivotinja. Kupite pentobarbital natrij online.<\/p>\n<p>Kada se daje u smrtonosnim koli\u010dinama, pentobarbital je smrtonosan. Ovim lijekom mo\u017ee se provesti eutanazija \u017eivotinja i ljudi. U komercijalnim injekcijama za eutanaziju \u017eivotinja, mo\u017ee se koristiti sam ili u kombinaciji s drugim lijekovima, kao \u0161to je fenitoin.<\/p>\n<p>Eutanazija s pentobarbitalom<\/p>\n<p>Jedan od naj\u010de\u0161\u0107e kori\u0161tenih barbiturata za anesteziju i eutanaziju. u veterini je pentobarbital (Nembutal). Ako \u017eelite mirno umrijeti, ovo je izvrstan izbor za eutanaziju ili potpomognuto samoubojstvo. Kupite pentobarbital natrij online.<\/p>\n<p>Na koji na\u010din se pentobarbital natrij isporu\u010duje?<br \/> Pentobarbital je sedativ koji se mo\u017ee davati intravenozno ili intraperitonealno. Pentobarbital se mo\u017ee primijeniti kao bolus (Borkowski i sur., 1990.) ili CRI kada se koristi kao op\u0107i anestetik. Nelagoda pri ubrizgavanju i tromboflebitis mogu\u0107e su nuspojave propilen glikola, \u010destog sastojka u komercijalnim tretmanima. Kupite pentobarbital natrij online.<\/p>\n<p>&nbsp;<\/p>\n<p>Kupnja natrijevog pentobarbitala u Ujedinjenom Kraljevstvu, dobivanje pentobarbital natrija za pse, dobivanje tableta za spavanje koje sadr\u017ee pentobarbital natrij, dobivanje nembutal natrij pentobarbitala i dobivanje pentobarbitala sodium na \u0161alteru su sve mogu\u0107e opcije. Kupnja natrijevog pentobarbitala u Velikoj Britaniji tako\u0111er je opcija. Upotreba lijeka pentobarbital, tako\u0111er poznatog kao pentobarbital sol, je sedativ koji se koristi za lije\u010denje napadaja kod pasa. Pentobarbital Sodium Online, Pentobarbital Sodium Buy, Pentobarbital Sodium China, Pentobarbital Sodium Death, Pentobarbital Sodium Dosage, Pentobarbital Sodium Injection za pse, Pentobarbital Sodium Injection za ljude, Pentobarbital Sodium Injection za ljude, Pentobarbital Sodium Group For Human, Pentobarbital Sodium, Pentobar Id. \/p&gt;<\/p>\n","protected":false},"excerpt":{"rendered":"<p>Nembutal Pentobarbital za prodaju UK, Europa online po najpovoljnijim cijenama mo\u017ee se prona\u0107i samo u Online Nembutal Pharmacy.<\/p>\n<p>Za intravensku ili intramuskularnu upotrebu, injekcija pentobarbital natrija je sterilna. Za injekciju, svaki mililitar sadr\u017ei 50 miligrama natrijevog pentobarbitala otopljenog u propilen glikolu 40 posto, etanolu 10 posto i vodi. S klorovodi\u010dnom kiselinom ili natrijevim hidroksidom pH se mo\u017ee povisiti na 9,5.<\/p>\n","protected":false},"featured_media":5814,"comment_status":"open","ping_status":"closed","template":"","meta":[],"product_brand":[],"product_cat":[3818],"product_tag":[],"class_list":{"0":"post-5804","1":"product","2":"type-product","3":"status-publish","4":"has-post-thumbnail","6":"product_cat-pentobarbital-na-prodaju","8":"first","9":"instock","10":"shipping-taxable","11":"purchasable","12":"product-type-variable"},"yoast_head":"<!-- This site is optimized with the Yoast SEO plugin v27.3 - https:\/\/yoast.com\/product\/yoast-seo-wordpress\/ -->\n<title>Kupite pentobarbital natrij online - najbolji svjetski lijekovi<\/title>\n<meta name=\"description\" content=\"Online Nembutal Pharmacy je jedino pouzdano odredi\u0161te gdje mo\u017eete kupiti Nembutal Pentobarbital za prodaju u Velikoj Britaniji, Europi online po najboljim dostupnim cijenama.\" \/>\n<meta name=\"robots\" content=\"index, follow, max-snippet:-1, max-image-preview:large, max-video-preview:-1\" \/>\n<link rel=\"canonical\" href=\"https:\/\/medicinasinc.com\/hr\/product\/kupiti-pentobarbital-natrij-online\/\" \/>\n<meta property=\"og:locale\" content=\"hr_HR\" \/>\n<meta property=\"og:type\" content=\"article\" \/>\n<meta property=\"og:title\" content=\"Kupite pentobarbital natrij online - najbolji svjetski lijekovi\" \/>\n<meta property=\"og:description\" content=\"Online Nembutal Pharmacy je jedino pouzdano odredi\u0161te gdje mo\u017eete kupiti Nembutal Pentobarbital za prodaju u Velikoj Britaniji, Europi online po najboljim dostupnim cijenama.\" \/>\n<meta property=\"og:url\" content=\"https:\/\/medicinasinc.com\/hr\/product\/kupiti-pentobarbital-natrij-online\/\" \/>\n<meta property=\"og:site_name\" content=\"Medicinas Inc\" \/>\n<meta property=\"article:modified_time\" content=\"2022-03-15T05:27:42+00:00\" \/>\n<meta property=\"og:image\" content=\"https:\/\/medicinasinc.com\/hr\/wp-content\/uploads\/sites\/3\/2022\/02\/buy-Nembutal-Pentobarbital.jpg\" \/>\n\t<meta property=\"og:image:width\" content=\"600\" \/>\n\t<meta property=\"og:image:height\" content=\"600\" \/>\n\t<meta property=\"og:image:type\" content=\"image\/jpeg\" \/>\n<meta name=\"twitter:card\" content=\"summary_large_image\" \/>\n<meta name=\"twitter:label1\" content=\"Procijenjeno vrijeme \u010ditanja\" \/>\n\t<meta name=\"twitter:data1\" content=\"3 minute\" \/>\n<script type=\"application\/ld+json\" class=\"yoast-schema-graph\">{\"@context\":\"https:\\\/\\\/schema.org\",\"@graph\":[{\"@type\":\"WebPage\",\"@id\":\"https:\\\/\\\/medicinasinc.com\\\/hr\\\/product\\\/kupiti-pentobarbital-natrij-online\\\/\",\"url\":\"https:\\\/\\\/medicinasinc.com\\\/hr\\\/product\\\/kupiti-pentobarbital-natrij-online\\\/\",\"name\":\"Kupite pentobarbital natrij online - najbolji svjetski lijekovi\",\"isPartOf\":{\"@id\":\"https:\\\/\\\/medicinasinc.com\\\/hr\\\/#website\"},\"primaryImageOfPage\":{\"@id\":\"https:\\\/\\\/medicinasinc.com\\\/hr\\\/product\\\/kupiti-pentobarbital-natrij-online\\\/#primaryimage\"},\"image\":{\"@id\":\"https:\\\/\\\/medicinasinc.com\\\/hr\\\/product\\\/kupiti-pentobarbital-natrij-online\\\/#primaryimage\"},\"thumbnailUrl\":\"https:\\\/\\\/medicinasinc.com\\\/hr\\\/wp-content\\\/uploads\\\/sites\\\/3\\\/2022\\\/02\\\/buy-Nembutal-Pentobarbital.jpg\",\"datePublished\":\"2022-02-22T06:35:00+00:00\",\"dateModified\":\"2022-03-15T05:27:42+00:00\",\"description\":\"Online Nembutal Pharmacy je jedino pouzdano odredi\u0161te gdje mo\u017eete kupiti Nembutal Pentobarbital za prodaju u Velikoj Britaniji, Europi online po najboljim dostupnim cijenama.\",\"breadcrumb\":{\"@id\":\"https:\\\/\\\/medicinasinc.com\\\/hr\\\/product\\\/kupiti-pentobarbital-natrij-online\\\/#breadcrumb\"},\"inLanguage\":\"hr\",\"potentialAction\":[{\"@type\":\"ReadAction\",\"target\":[\"https:\\\/\\\/medicinasinc.com\\\/hr\\\/product\\\/kupiti-pentobarbital-natrij-online\\\/\"]}]},{\"@type\":\"ImageObject\",\"inLanguage\":\"hr\",\"@id\":\"https:\\\/\\\/medicinasinc.com\\\/hr\\\/product\\\/kupiti-pentobarbital-natrij-online\\\/#primaryimage\",\"url\":\"https:\\\/\\\/medicinasinc.com\\\/hr\\\/wp-content\\\/uploads\\\/sites\\\/3\\\/2022\\\/02\\\/buy-Nembutal-Pentobarbital.jpg\",\"contentUrl\":\"https:\\\/\\\/medicinasinc.com\\\/hr\\\/wp-content\\\/uploads\\\/sites\\\/3\\\/2022\\\/02\\\/buy-Nembutal-Pentobarbital.jpg\",\"width\":600,\"height\":600,\"caption\":\"Buy Nembutal Online\"},{\"@type\":\"BreadcrumbList\",\"@id\":\"https:\\\/\\\/medicinasinc.com\\\/hr\\\/product\\\/kupiti-pentobarbital-natrij-online\\\/#breadcrumb\",\"itemListElement\":[{\"@type\":\"ListItem\",\"position\":1,\"name\":\"Du\u0107an\",\"item\":\"https:\\\/\\\/medicinasinc.com\\\/hr\\\/ducan\\\/\"},{\"@type\":\"ListItem\",\"position\":2,\"name\":\"Kupite pentobarbital natrij online\"}]},{\"@type\":\"WebSite\",\"@id\":\"https:\\\/\\\/medicinasinc.com\\\/hr\\\/#website\",\"url\":\"https:\\\/\\\/medicinasinc.com\\\/hr\\\/\",\"name\":\"Medicinas Inc\",\"description\":\"Health Medical Clinic\",\"potentialAction\":[{\"@type\":\"SearchAction\",\"target\":{\"@type\":\"EntryPoint\",\"urlTemplate\":\"https:\\\/\\\/medicinasinc.com\\\/hr\\\/?s={search_term_string}\"},\"query-input\":{\"@type\":\"PropertyValueSpecification\",\"valueRequired\":true,\"valueName\":\"search_term_string\"}}],\"inLanguage\":\"hr\"}]}<\/script>\n<!-- \/ Yoast SEO plugin. -->","yoast_head_json":{"title":"Kupite pentobarbital natrij online - najbolji svjetski lijekovi","description":"Online Nembutal Pharmacy je jedino pouzdano odredi\u0161te gdje mo\u017eete kupiti Nembutal Pentobarbital za prodaju u Velikoj Britaniji, Europi online po najboljim dostupnim cijenama.","robots":{"index":"index","follow":"follow","max-snippet":"max-snippet:-1","max-image-preview":"max-image-preview:large","max-video-preview":"max-video-preview:-1"},"canonical":"https:\/\/medicinasinc.com\/hr\/product\/kupiti-pentobarbital-natrij-online\/","og_locale":"hr_HR","og_type":"article","og_title":"Kupite pentobarbital natrij online - najbolji svjetski lijekovi","og_description":"Online Nembutal Pharmacy je jedino pouzdano odredi\u0161te gdje mo\u017eete kupiti Nembutal Pentobarbital za prodaju u Velikoj Britaniji, Europi online po najboljim dostupnim cijenama.","og_url":"https:\/\/medicinasinc.com\/hr\/product\/kupiti-pentobarbital-natrij-online\/","og_site_name":"Medicinas Inc","article_modified_time":"2022-03-15T05:27:42+00:00","og_image":[{"width":600,"height":600,"url":"https:\/\/medicinasinc.com\/hr\/wp-content\/uploads\/sites\/3\/2022\/02\/buy-Nembutal-Pentobarbital.jpg","type":"image\/jpeg"}],"twitter_card":"summary_large_image","twitter_misc":{"Procijenjeno vrijeme \u010ditanja":"3 minute"},"schema":{"@context":"https:\/\/schema.org","@graph":[{"@type":"WebPage","@id":"https:\/\/medicinasinc.com\/hr\/product\/kupiti-pentobarbital-natrij-online\/","url":"https:\/\/medicinasinc.com\/hr\/product\/kupiti-pentobarbital-natrij-online\/","name":"Kupite pentobarbital natrij online - najbolji svjetski lijekovi","isPartOf":{"@id":"https:\/\/medicinasinc.com\/hr\/#website"},"primaryImageOfPage":{"@id":"https:\/\/medicinasinc.com\/hr\/product\/kupiti-pentobarbital-natrij-online\/#primaryimage"},"image":{"@id":"https:\/\/medicinasinc.com\/hr\/product\/kupiti-pentobarbital-natrij-online\/#primaryimage"},"thumbnailUrl":"https:\/\/medicinasinc.com\/hr\/wp-content\/uploads\/sites\/3\/2022\/02\/buy-Nembutal-Pentobarbital.jpg","datePublished":"2022-02-22T06:35:00+00:00","dateModified":"2022-03-15T05:27:42+00:00","description":"Online Nembutal Pharmacy je jedino pouzdano odredi\u0161te gdje mo\u017eete kupiti Nembutal Pentobarbital za prodaju u Velikoj Britaniji, Europi online po najboljim dostupnim cijenama.","breadcrumb":{"@id":"https:\/\/medicinasinc.com\/hr\/product\/kupiti-pentobarbital-natrij-online\/#breadcrumb"},"inLanguage":"hr","potentialAction":[{"@type":"ReadAction","target":["https:\/\/medicinasinc.com\/hr\/product\/kupiti-pentobarbital-natrij-online\/"]}]},{"@type":"ImageObject","inLanguage":"hr","@id":"https:\/\/medicinasinc.com\/hr\/product\/kupiti-pentobarbital-natrij-online\/#primaryimage","url":"https:\/\/medicinasinc.com\/hr\/wp-content\/uploads\/sites\/3\/2022\/02\/buy-Nembutal-Pentobarbital.jpg","contentUrl":"https:\/\/medicinasinc.com\/hr\/wp-content\/uploads\/sites\/3\/2022\/02\/buy-Nembutal-Pentobarbital.jpg","width":600,"height":600,"caption":"Buy Nembutal Online"},{"@type":"BreadcrumbList","@id":"https:\/\/medicinasinc.com\/hr\/product\/kupiti-pentobarbital-natrij-online\/#breadcrumb","itemListElement":[{"@type":"ListItem","position":1,"name":"Du\u0107an","item":"https:\/\/medicinasinc.com\/hr\/ducan\/"},{"@type":"ListItem","position":2,"name":"Kupite pentobarbital natrij online"}]},{"@type":"WebSite","@id":"https:\/\/medicinasinc.com\/hr\/#website","url":"https:\/\/medicinasinc.com\/hr\/","name":"Medicinas Inc","description":"Health Medical Clinic","potentialAction":[{"@type":"SearchAction","target":{"@type":"EntryPoint","urlTemplate":"https:\/\/medicinasinc.com\/hr\/?s={search_term_string}"},"query-input":{"@type":"PropertyValueSpecification","valueRequired":true,"valueName":"search_term_string"}}],"inLanguage":"hr"}]}},"_links":{"self":[{"href":"https:\/\/medicinasinc.com\/hr\/wp-json\/wp\/v2\/product\/5804","targetHints":{"allow":["GET"]}}],"collection":[{"href":"https:\/\/medicinasinc.com\/hr\/wp-json\/wp\/v2\/product"}],"about":[{"href":"https:\/\/medicinasinc.com\/hr\/wp-json\/wp\/v2\/types\/product"}],"replies":[{"embeddable":true,"href":"https:\/\/medicinasinc.com\/hr\/wp-json\/wp\/v2\/comments?post=5804"}],"wp:featuredmedia":[{"embeddable":true,"href":"https:\/\/medicinasinc.com\/hr\/wp-json\/wp\/v2\/media\/5814"}],"wp:attachment":[{"href":"https:\/\/medicinasinc.com\/hr\/wp-json\/wp\/v2\/media?parent=5804"}],"wp:term":[{"taxonomy":"product_brand","embeddable":true,"href":"https:\/\/medicinasinc.com\/hr\/wp-json\/wp\/v2\/product_brand?post=5804"},{"taxonomy":"product_cat","embeddable":true,"href":"https:\/\/medicinasinc.com\/hr\/wp-json\/wp\/v2\/product_cat?post=5804"},{"taxonomy":"product_tag","embeddable":true,"href":"https:\/\/medicinasinc.com\/hr\/wp-json\/wp\/v2\/product_tag?post=5804"}],"curies":[{"name":"wp","href":"https:\/\/api.w.org\/{rel}","templated":true}]}}