{"id":5798,"date":"2022-02-22T06:27:38","date_gmt":"2022-02-22T06:27:38","guid":{"rendered":"https:\/\/medicinasinc.com\/hr\/?post_type=product&#038;p=5798"},"modified":"2022-03-15T05:27:52","modified_gmt":"2022-03-15T05:27:52","slug":"kupiti-fenobarbital-fenobarbital-luminal","status":"publish","type":"product","link":"https:\/\/medicinasinc.com\/hr\/product\/kupiti-fenobarbital-fenobarbital-luminal\/","title":{"rendered":"Kupite Phenobarbital (Phenobarbital) \/ Luminal"},"content":{"rendered":"<p>Kupite jeftino Phenobarbital Luminal Phenobarbital Luminal online od renomirane ljekarne po najboljoj cijeni<\/p>\n<p>Kori\u0161tenje online ljekarne kao \u0161to je Nembutal Pharmacy zgodan je na\u010din za potro\u0161a\u010de da dobiju svoje recepte i lijekove. Phenobarbital Luminal online mo\u017eete kupiti na na\u0161oj web stranici u bilo kojem trenutku, stoga nemojte propustiti. Ovdje mo\u017eete kupiti ovaj lijek po razumnoj cijeni.<\/p>\n<p>U na\u0161oj internetskoj ljekarni mo\u017eete biti sigurni da \u0107ete uvijek dobiti visokokvalitetne lijekove. Kupci mogu o\u010dekivati \u200b\u200bda \u0107e njihovi recepti sti\u0107i na vrijeme u ovu ljekarnu. Ne toleriramo nikakvu tromost u poslu i svaki zadatak obavimo brzo. Odmah se pove\u017eite s nama da naru\u010dite Phenobarbital Luminal online po najboljoj cijeni i brzo ga isporu\u010dite ako tra\u017eite online ljekarnu poput na\u0161e!<\/p>\n<p>Luminal Phenobarbital: \u0160to mo\u017eemo u\u010diniti kako bismo bili sigurni da ga koristite Sigurno?<\/p>\n<p>Phenobarbital Luminal je dobro etabliran lijek za lije\u010denje epilepti\u010dkih napadaja. Tako\u0111er mo\u017eete uzimati ovaj lijek za lije\u010denje anksioznosti, nesanice i drugih stanja. Prije uzimanja ovog lijeka, trebate se posavjetovati sa svojim lije\u010dnikom. Phenobarbital Luminal treba zapo\u010deti tek nakon temeljite rasprave sa svojim lije\u010dnikom.<\/p>\n<p>Uz svaku narud\u017ebu na\u0161a mre\u017ena ljekarna pru\u017ea detaljan vodi\u010d za lijekove. Zbog toga mo\u017eete sigurno slijediti upute lijeka i koristiti ih. Ovdje smo kako bismo vam u\u010dinili \u0161to jednostavnijom naru\u010divanje Phenobarbital Luminala online. Iskoristite prednosti ovog lijeka tako da nas odmah kontaktirate. Ovdje smo da vam uvijek pomognemo.<\/p>\n","protected":false},"excerpt":{"rendered":"<p>Koja internetska ljekarna nudi najjeftinije Phenobarbital Luminal?<\/p>\n<p>Na\u0161a internetska ljekarna trenutno prodaje tablete Phenobarbital Luminal. Phenobarbital Luminal narud\u017ebe za prodaju obra\u0111uju se \u0161to je br\u017ee mogu\u0107e. Jednostavno nas kontaktirajte danas i mi \u0107emo vam poslati lijekove u najkra\u0107em mogu\u0107em roku. Sada je vrijeme za povezivanje!<\/p>\n","protected":false},"featured_media":5808,"comment_status":"open","ping_status":"closed","template":"","meta":[],"product_brand":[],"product_cat":[3818],"product_tag":[3956,3961,3962,3967,3963,3955,3966,3959,3960,3965,3957,3964,3968,3958,3970,3971,3969],"class_list":{"0":"post-5798","1":"product","2":"type-product","3":"status-publish","4":"has-post-thumbnail","6":"product_cat-pentobarbital-na-prodaju","7":"product_tag-cost-of-phenobarbital-for-dogs","8":"product_tag-fenobarbitala-doze","9":"product_tag-doza-fenobarbitala-za-pse","10":"product_tag-fenobarbital-nuspojave-psi","11":"product_tag-fenobarbital-za-pse-nuspojave","12":"product_tag-nuspojava-barbiturata","13":"product_tag-nuspojave-fenobarbitala","14":"product_tag-phenobarbital-controlled-substance","15":"product_tag-phenobarbital-dosage","16":"product_tag-phenobarbital-overdose","17":"product_tag-fenobarb-predoziranje","18":"product_tag-na-razini-fenobarbitala","19":"product_tag-razina-fenobarbitona","20":"product_tag-fenobarbital-brend-name","21":"product_tag-to-je-fenobarbital","22":"product_tag-to-je-po-u-medicinskim-pojmovima","23":"product_tag-za-to-se-koristi-fenobarb","25":"first","26":"instock","27":"shipping-taxable","28":"purchasable","29":"product-type-variable"},"yoast_head":"<!-- This site is optimized with the Yoast SEO plugin v27.3 - https:\/\/yoast.com\/product\/yoast-seo-wordpress\/ -->\n<title>Kupite Phenobarbital (Phenobarbital) \/ Luminal - Najbolji globalni lijekovi<\/title>\n<meta name=\"description\" content=\"Sada mo\u017eete kupiti Phenobarbital Luminal tablete u Online Nembutal Pharmacy. Va\u0161a narud\u017eba za Phenobarbital Luminal za prodaju bit \u0107e dovr\u0161ena u najkra\u0107em mogu\u0107em roku. Sve \u0161to trebate u\u010diniti je danas nas nazvati, poslati poruku ili poslati e-poruku i uskoro dobiti svoje lijekove. Pove\u017eite se sada!\" \/>\n<meta name=\"robots\" content=\"index, follow, max-snippet:-1, max-image-preview:large, max-video-preview:-1\" \/>\n<link rel=\"canonical\" href=\"https:\/\/medicinasinc.com\/hr\/product\/kupiti-fenobarbital-fenobarbital-luminal\/\" \/>\n<meta property=\"og:locale\" content=\"hr_HR\" \/>\n<meta property=\"og:type\" content=\"article\" \/>\n<meta property=\"og:title\" content=\"Kupite Phenobarbital (Phenobarbital) \/ Luminal - Najbolji globalni lijekovi\" \/>\n<meta property=\"og:description\" content=\"Sada mo\u017eete kupiti Phenobarbital Luminal tablete u Online Nembutal Pharmacy. Va\u0161a narud\u017eba za Phenobarbital Luminal za prodaju bit \u0107e dovr\u0161ena u najkra\u0107em mogu\u0107em roku. Sve \u0161to trebate u\u010diniti je danas nas nazvati, poslati poruku ili poslati e-poruku i uskoro dobiti svoje lijekove. Pove\u017eite se sada!\" \/>\n<meta property=\"og:url\" content=\"https:\/\/medicinasinc.com\/hr\/product\/kupiti-fenobarbital-fenobarbital-luminal\/\" \/>\n<meta property=\"og:site_name\" content=\"Medicinas Inc\" \/>\n<meta property=\"article:modified_time\" content=\"2022-03-15T05:27:52+00:00\" \/>\n<meta property=\"og:image\" content=\"https:\/\/medicinasinc.com\/hr\/wp-content\/uploads\/sites\/3\/2022\/02\/Buy-Phenobarbital-Tablets.jpg\" \/>\n\t<meta property=\"og:image:width\" content=\"600\" \/>\n\t<meta property=\"og:image:height\" content=\"600\" \/>\n\t<meta property=\"og:image:type\" content=\"image\/jpeg\" \/>\n<meta name=\"twitter:card\" content=\"summary_large_image\" \/>\n<meta name=\"twitter:label1\" content=\"Procijenjeno vrijeme \u010ditanja\" \/>\n\t<meta name=\"twitter:data1\" content=\"2 minute\" \/>\n<script type=\"application\/ld+json\" class=\"yoast-schema-graph\">{\"@context\":\"https:\\\/\\\/schema.org\",\"@graph\":[{\"@type\":\"WebPage\",\"@id\":\"https:\\\/\\\/medicinasinc.com\\\/hr\\\/product\\\/kupiti-fenobarbital-fenobarbital-luminal\\\/\",\"url\":\"https:\\\/\\\/medicinasinc.com\\\/hr\\\/product\\\/kupiti-fenobarbital-fenobarbital-luminal\\\/\",\"name\":\"Kupite Phenobarbital (Phenobarbital) \\\/ Luminal - Najbolji globalni lijekovi\",\"isPartOf\":{\"@id\":\"https:\\\/\\\/medicinasinc.com\\\/hr\\\/#website\"},\"primaryImageOfPage\":{\"@id\":\"https:\\\/\\\/medicinasinc.com\\\/hr\\\/product\\\/kupiti-fenobarbital-fenobarbital-luminal\\\/#primaryimage\"},\"image\":{\"@id\":\"https:\\\/\\\/medicinasinc.com\\\/hr\\\/product\\\/kupiti-fenobarbital-fenobarbital-luminal\\\/#primaryimage\"},\"thumbnailUrl\":\"https:\\\/\\\/medicinasinc.com\\\/hr\\\/wp-content\\\/uploads\\\/sites\\\/3\\\/2022\\\/02\\\/Buy-Phenobarbital-Tablets.jpg\",\"datePublished\":\"2022-02-22T06:27:38+00:00\",\"dateModified\":\"2022-03-15T05:27:52+00:00\",\"description\":\"Sada mo\u017eete kupiti Phenobarbital Luminal tablete u Online Nembutal Pharmacy. Va\u0161a narud\u017eba za Phenobarbital Luminal za prodaju bit \u0107e dovr\u0161ena u najkra\u0107em mogu\u0107em roku. Sve \u0161to trebate u\u010diniti je danas nas nazvati, poslati poruku ili poslati e-poruku i uskoro dobiti svoje lijekove. Pove\u017eite se sada!\",\"breadcrumb\":{\"@id\":\"https:\\\/\\\/medicinasinc.com\\\/hr\\\/product\\\/kupiti-fenobarbital-fenobarbital-luminal\\\/#breadcrumb\"},\"inLanguage\":\"hr\",\"potentialAction\":[{\"@type\":\"ReadAction\",\"target\":[\"https:\\\/\\\/medicinasinc.com\\\/hr\\\/product\\\/kupiti-fenobarbital-fenobarbital-luminal\\\/\"]}]},{\"@type\":\"ImageObject\",\"inLanguage\":\"hr\",\"@id\":\"https:\\\/\\\/medicinasinc.com\\\/hr\\\/product\\\/kupiti-fenobarbital-fenobarbital-luminal\\\/#primaryimage\",\"url\":\"https:\\\/\\\/medicinasinc.com\\\/hr\\\/wp-content\\\/uploads\\\/sites\\\/3\\\/2022\\\/02\\\/Buy-Phenobarbital-Tablets.jpg\",\"contentUrl\":\"https:\\\/\\\/medicinasinc.com\\\/hr\\\/wp-content\\\/uploads\\\/sites\\\/3\\\/2022\\\/02\\\/Buy-Phenobarbital-Tablets.jpg\",\"width\":600,\"height\":600},{\"@type\":\"BreadcrumbList\",\"@id\":\"https:\\\/\\\/medicinasinc.com\\\/hr\\\/product\\\/kupiti-fenobarbital-fenobarbital-luminal\\\/#breadcrumb\",\"itemListElement\":[{\"@type\":\"ListItem\",\"position\":1,\"name\":\"Du\u0107an\",\"item\":\"https:\\\/\\\/medicinasinc.com\\\/hr\\\/ducan\\\/\"},{\"@type\":\"ListItem\",\"position\":2,\"name\":\"Kupite Phenobarbital (Phenobarbital) \\\/ Luminal\"}]},{\"@type\":\"WebSite\",\"@id\":\"https:\\\/\\\/medicinasinc.com\\\/hr\\\/#website\",\"url\":\"https:\\\/\\\/medicinasinc.com\\\/hr\\\/\",\"name\":\"Medicinas Inc\",\"description\":\"Health Medical Clinic\",\"potentialAction\":[{\"@type\":\"SearchAction\",\"target\":{\"@type\":\"EntryPoint\",\"urlTemplate\":\"https:\\\/\\\/medicinasinc.com\\\/hr\\\/?s={search_term_string}\"},\"query-input\":{\"@type\":\"PropertyValueSpecification\",\"valueRequired\":true,\"valueName\":\"search_term_string\"}}],\"inLanguage\":\"hr\"}]}<\/script>\n<!-- \/ Yoast SEO plugin. -->","yoast_head_json":{"title":"Kupite Phenobarbital (Phenobarbital) \/ Luminal - Najbolji globalni lijekovi","description":"Sada mo\u017eete kupiti Phenobarbital Luminal tablete u Online Nembutal Pharmacy. Va\u0161a narud\u017eba za Phenobarbital Luminal za prodaju bit \u0107e dovr\u0161ena u najkra\u0107em mogu\u0107em roku. Sve \u0161to trebate u\u010diniti je danas nas nazvati, poslati poruku ili poslati e-poruku i uskoro dobiti svoje lijekove. Pove\u017eite se sada!","robots":{"index":"index","follow":"follow","max-snippet":"max-snippet:-1","max-image-preview":"max-image-preview:large","max-video-preview":"max-video-preview:-1"},"canonical":"https:\/\/medicinasinc.com\/hr\/product\/kupiti-fenobarbital-fenobarbital-luminal\/","og_locale":"hr_HR","og_type":"article","og_title":"Kupite Phenobarbital (Phenobarbital) \/ Luminal - Najbolji globalni lijekovi","og_description":"Sada mo\u017eete kupiti Phenobarbital Luminal tablete u Online Nembutal Pharmacy. Va\u0161a narud\u017eba za Phenobarbital Luminal za prodaju bit \u0107e dovr\u0161ena u najkra\u0107em mogu\u0107em roku. Sve \u0161to trebate u\u010diniti je danas nas nazvati, poslati poruku ili poslati e-poruku i uskoro dobiti svoje lijekove. Pove\u017eite se sada!","og_url":"https:\/\/medicinasinc.com\/hr\/product\/kupiti-fenobarbital-fenobarbital-luminal\/","og_site_name":"Medicinas Inc","article_modified_time":"2022-03-15T05:27:52+00:00","og_image":[{"width":600,"height":600,"url":"https:\/\/medicinasinc.com\/hr\/wp-content\/uploads\/sites\/3\/2022\/02\/Buy-Phenobarbital-Tablets.jpg","type":"image\/jpeg"}],"twitter_card":"summary_large_image","twitter_misc":{"Procijenjeno vrijeme \u010ditanja":"2 minute"},"schema":{"@context":"https:\/\/schema.org","@graph":[{"@type":"WebPage","@id":"https:\/\/medicinasinc.com\/hr\/product\/kupiti-fenobarbital-fenobarbital-luminal\/","url":"https:\/\/medicinasinc.com\/hr\/product\/kupiti-fenobarbital-fenobarbital-luminal\/","name":"Kupite Phenobarbital (Phenobarbital) \/ Luminal - Najbolji globalni lijekovi","isPartOf":{"@id":"https:\/\/medicinasinc.com\/hr\/#website"},"primaryImageOfPage":{"@id":"https:\/\/medicinasinc.com\/hr\/product\/kupiti-fenobarbital-fenobarbital-luminal\/#primaryimage"},"image":{"@id":"https:\/\/medicinasinc.com\/hr\/product\/kupiti-fenobarbital-fenobarbital-luminal\/#primaryimage"},"thumbnailUrl":"https:\/\/medicinasinc.com\/hr\/wp-content\/uploads\/sites\/3\/2022\/02\/Buy-Phenobarbital-Tablets.jpg","datePublished":"2022-02-22T06:27:38+00:00","dateModified":"2022-03-15T05:27:52+00:00","description":"Sada mo\u017eete kupiti Phenobarbital Luminal tablete u Online Nembutal Pharmacy. Va\u0161a narud\u017eba za Phenobarbital Luminal za prodaju bit \u0107e dovr\u0161ena u najkra\u0107em mogu\u0107em roku. Sve \u0161to trebate u\u010diniti je danas nas nazvati, poslati poruku ili poslati e-poruku i uskoro dobiti svoje lijekove. Pove\u017eite se sada!","breadcrumb":{"@id":"https:\/\/medicinasinc.com\/hr\/product\/kupiti-fenobarbital-fenobarbital-luminal\/#breadcrumb"},"inLanguage":"hr","potentialAction":[{"@type":"ReadAction","target":["https:\/\/medicinasinc.com\/hr\/product\/kupiti-fenobarbital-fenobarbital-luminal\/"]}]},{"@type":"ImageObject","inLanguage":"hr","@id":"https:\/\/medicinasinc.com\/hr\/product\/kupiti-fenobarbital-fenobarbital-luminal\/#primaryimage","url":"https:\/\/medicinasinc.com\/hr\/wp-content\/uploads\/sites\/3\/2022\/02\/Buy-Phenobarbital-Tablets.jpg","contentUrl":"https:\/\/medicinasinc.com\/hr\/wp-content\/uploads\/sites\/3\/2022\/02\/Buy-Phenobarbital-Tablets.jpg","width":600,"height":600},{"@type":"BreadcrumbList","@id":"https:\/\/medicinasinc.com\/hr\/product\/kupiti-fenobarbital-fenobarbital-luminal\/#breadcrumb","itemListElement":[{"@type":"ListItem","position":1,"name":"Du\u0107an","item":"https:\/\/medicinasinc.com\/hr\/ducan\/"},{"@type":"ListItem","position":2,"name":"Kupite Phenobarbital (Phenobarbital) \/ Luminal"}]},{"@type":"WebSite","@id":"https:\/\/medicinasinc.com\/hr\/#website","url":"https:\/\/medicinasinc.com\/hr\/","name":"Medicinas Inc","description":"Health Medical Clinic","potentialAction":[{"@type":"SearchAction","target":{"@type":"EntryPoint","urlTemplate":"https:\/\/medicinasinc.com\/hr\/?s={search_term_string}"},"query-input":{"@type":"PropertyValueSpecification","valueRequired":true,"valueName":"search_term_string"}}],"inLanguage":"hr"}]}},"_links":{"self":[{"href":"https:\/\/medicinasinc.com\/hr\/wp-json\/wp\/v2\/product\/5798","targetHints":{"allow":["GET"]}}],"collection":[{"href":"https:\/\/medicinasinc.com\/hr\/wp-json\/wp\/v2\/product"}],"about":[{"href":"https:\/\/medicinasinc.com\/hr\/wp-json\/wp\/v2\/types\/product"}],"replies":[{"embeddable":true,"href":"https:\/\/medicinasinc.com\/hr\/wp-json\/wp\/v2\/comments?post=5798"}],"wp:featuredmedia":[{"embeddable":true,"href":"https:\/\/medicinasinc.com\/hr\/wp-json\/wp\/v2\/media\/5808"}],"wp:attachment":[{"href":"https:\/\/medicinasinc.com\/hr\/wp-json\/wp\/v2\/media?parent=5798"}],"wp:term":[{"taxonomy":"product_brand","embeddable":true,"href":"https:\/\/medicinasinc.com\/hr\/wp-json\/wp\/v2\/product_brand?post=5798"},{"taxonomy":"product_cat","embeddable":true,"href":"https:\/\/medicinasinc.com\/hr\/wp-json\/wp\/v2\/product_cat?post=5798"},{"taxonomy":"product_tag","embeddable":true,"href":"https:\/\/medicinasinc.com\/hr\/wp-json\/wp\/v2\/product_tag?post=5798"}],"curies":[{"name":"wp","href":"https:\/\/api.w.org\/{rel}","templated":true}]}}