{"id":5792,"date":"2022-02-22T06:20:38","date_gmt":"2022-02-22T06:20:38","guid":{"rendered":"https:\/\/medicinasinc.com\/hr\/?post_type=product&#038;p=5792"},"modified":"2022-03-15T05:28:00","modified_gmt":"2022-03-15T05:28:00","slug":"kupiti-seconal-natrij","status":"publish","type":"product","link":"https:\/\/medicinasinc.com\/hr\/product\/kupiti-seconal-natrij\/","title":{"rendered":"Kupite Seconal Sodium"},"content":{"rendered":"<p>Naru\u010dite Seconal Sodium online u najboljoj ljekarni. \u2013<\/p>\n<p>Sada je mogu\u0107e kupiti Nembutal online uz Seconal Sodium po najni\u017eoj cijeni. U na\u0161oj internetskoj ljekarni mo\u017eete naru\u010diti Seconal Sodium i dostaviti vam ga na ku\u0107ni prag za nekoliko dana. Kako biste dobili brzu isporuku va\u0161eg Seconal Sodium-a, jednostavno naru\u010dite kod nas i jedan od \u010dlanova na\u0161eg tima \u0107e ga pripremiti i zapakirati za vas. Budu\u0107i da smo u ovom poslu tako dugo, izgradili smo solidnu reputaciju pouzdane ljekarne. \u0160to se ti\u010de nabave najkvalitetnijih lijekova, mo\u017eete se osloniti na nas da ih isporu\u010dimo na vrijeme.<\/p>\n<p>Koje su prednosti Seconal Natrija? Za\u0161to biste ga trebali kupiti od nas?<\/p>\n<p>Prije rada, Seconal Sodium se koristi da vam pomogne da se opustite. Pripada klasi lijekova poznatih kao barbituratni hipnotici, koji uklju\u010duju Seconal. Smiruje vas utje\u010du\u0107i na odre\u0111ene dijelove va\u0161eg mozga. Osobe starije \u017eivotne dobi trebaju razgovarati sa svojim lije\u010dnikom ili specijalistom za lijekove o prednostima i opasnostima ovog lijeka, kao i o onima ja\u010dih, ali mo\u017eda sigurnijih lijekova. Prije nego po\u010dnete uzimati Seconal Sodium i svaki put kada dobijete dopunu, pro\u010ditajte Vodi\u010d za lijekove koji pru\u017ea na\u0161a mre\u017ena ljekarna. Posavjetujte se sa svojim lije\u010dnikom ili specijalistom za lijekove ako imate bilo kakvih pitanja. Prije operacije, slijedite upute svog lije\u010dnika i uzmite ovaj recept na usta s \u010da\u0161om vode na prazan \u017eeludac.<\/p>\n<p>Jedna od bolesti za koju se isklju\u010divo Seconal Sodium koristi je ona koja je navedena u nastavku:<\/p>\n<p>dodatne injekcije anestetika<br \/> dodatno sredstvo koje izaziva anesteziju<\/p>\n<p>Na\u0161a internetska ljekarna Nembutal prodaje i dostavlja Seconal Sodium Secobarbital na \u017eeljeno mjesto \u0161to je br\u017ee mogu\u0107e. Najbolji na\u010din na koji vam mo\u017eemo poslu\u017eiti je da nam to dopustite. Sigurno je povjeriti se na\u0161oj internetskoj ljekarni Nembutal. Stalno smo tu da pomognemo na\u0161im va\u017enim klijentima da ostvare svoje ciljeve i ispune svoje kriterije. Molimo da nas kontaktirate \u0161to je prije mogu\u0107e!<\/p>\n","protected":false},"excerpt":{"rendered":"<p>Potra\u017eite pomo\u0107 u online ljekarni za nembutal<\/p>\n<p>Kupite Seconal Sodium za prodaju u Ujedinjenom Kraljevstvu, Europi i ostatku svijeta po najboljoj mogu\u0107oj cijeni narud\u017ebom putem interneta. Na\u0161a mre\u017ena ljekarna Seconal Sodium nudi \u0161irok izbor visokokvalitetnih vitamina i lijekova. Za naru\u010divanje idite na web-mjesto.<\/p>\n<p>Svatko na svijetu mo\u017ee kupiti Nembutal online u online ljekarni. U svakom trenutku, s bilo kojeg mjesta, kontaktirajte nas. Na sva pitanja ili nedoumice na\u0161ih klijenata odmah \u0107e odgovoriti jedan od na\u0161ih predstavnika korisni\u010dke slu\u017ebe. Po\u010dinjemo pakirati va\u0161 proizvod \u010dim od vas primimo podatke o va\u0161oj narud\u017ebi. Vodimo ra\u010duna da svi na\u0161i klijenti&#8217; lijekovi sti\u017eu u sigurnom i ispravnom pakiranju, te da nijedan od njih nije neovla\u0161ten. Kada radite s nama, kvaliteta va\u0161ih lijekova ili status va\u0161e isporuke nikada nisu zabrinjavaju\u0107i. Ovdje smo da preuzmemo punu odgovornost za sve. Odavde ne mo\u017eete o\u010dekivati \u200b\u200bni\u0161ta osim najboljeg za svoju dobrobit. Mo\u017eete nas kontaktirati putem telefona, e-po\u0161te ili SMS-a. Kupite Seconal Sodium Secobarbital 100 mg u Online Nembutal Pharmacy danas i neka vam ga isporu\u010de u kratkom vremenu.<\/p>\n","protected":false},"featured_media":5802,"comment_status":"open","ping_status":"closed","template":"","meta":[],"product_brand":[],"product_cat":[59,3818],"product_tag":[3822,3823,3826,3828,3829,3830,3831,3834,3835,3882,3951,3923,3954,3925,3926,3920,3916,3918,3919,3927,3922,3840,3841,3842,3887,3843,3948,3821,3820,3952,3904,3824,3827,3819,3950,3953,3906,3909,3908,3845,3866,3949,3869,3888,3874,3875,3876,3897,3902,3889,3886,3879,3896,3891,3892,3894,3880,3881,3901,3899,3890,3895,3893,3884,3883,3878,3885,3898,3900,3903,3910,3844,3911,3907,3921,3913],"class_list":{"0":"post-5792","1":"product","2":"type-product","3":"status-publish","4":"has-post-thumbnail","6":"product_cat-nekategorizirano","7":"product_cat-pentobarbital-na-prodaju","8":"product_tag-buy-nembutal-here","9":"product_tag-buy-nembutal-liquid-online","10":"product_tag-buy-nembutal-sodium-online","11":"product_tag-buy-pentobarbital-sodium-2021","12":"product_tag-buy-pentobarbital-sodium-pentobarbital-sodium-salt","13":"product_tag-buy-sodium-pentobarbital-uk","14":"product_tag-can-i-buy-pentobarbital","15":"product_tag-can-you-buy-pentobarbital-sodium-over-the-counter","16":"product_tag-can-you-buy-sodium-pentobarbital","17":"product_tag-pentobarbital-natrij-doziranje","18":"product_tag-fenobarbital-natrij-intravenozno","19":"product_tag-gdje-kupiti-jeftino-nembutal-online","20":"product_tag-gdje-kupiti-nembutal-tekuina-online","21":"product_tag-gdje-kupiti-pentobarbital-natrij","22":"product_tag-gdje-kupiti-pentobarbital-natrij-za-pse","23":"product_tag-gdje-mogu-kupiti-natrij-pentobarbital","24":"product_tag-gdje-mogu-kupiti-nembutal-natrij-pentobarbital","25":"product_tag-gdje-mogu-kupiti-pentobarbital-natrij","26":"product_tag-gdje-mogu-kupiti-pentobarbital-natrij-pilule-za-spavanje","27":"product_tag-gdje-dobiti-pentobarbital-natrij","28":"product_tag-gdje-moete-kupiti-pentobarbital-natrij","29":"product_tag-how-to-acquire-nembutal","30":"product_tag-how-to-buy-nembutal-online","31":"product_tag-how-to-order-nembutal-by-mail","32":"product_tag-pentobarbital-natrij-injekcija-za-ljude","33":"product_tag-it-is-easy-to-buy-nembutal-online","34":"product_tag-kako-kupiti-nembutal-tekuina-online","35":"product_tag-kupiti-jeftino-nembutal-online","36":"product_tag-kupiti-jeftino-nembutal-tekuinu-online","37":"product_tag-kupnja-nembutal-tekuina-online","38":"product_tag-kupnja-nembutal-online","39":"product_tag-kupiti-nembutal-pentobarbital-natrij","40":"product_tag-kupiti-pentobarbital-natrij","41":"product_tag-najbolji-lijek-za-samoubojstvo-predoziranje","42":"product_tag-naruite-nembutal-tekuina-online","43":"product_tag-natrij","44":"product_tag-natrij-pentobarbital-nembutal","45":"product_tag-natrij-pentobarbital-za-eutanaziju","46":"product_tag-natrij-pentobarbital-eutanazija-za-ivotinje","47":"product_tag-nembutal","48":"product_tag-nembutal-pills-online","49":"product_tag-nembutal-struja-c4-87ina-prodaja","50":"product_tag-nembutal-samoubojstvo-c4-8dka-doza","51":"product_tag-pentobarbital-natrij-otopina-za-injekciju","52":"product_tag-pentobarbital","53":"product_tag-pentobarbital-de-sodium-dose-letale","54":"product_tag-pentobarbital-for-euthanasia","55":"product_tag-pentobarbital-natrij-cijena","56":"product_tag-pentobarbital-natrij-gdje-kupiti","57":"product_tag-pentobarbital-natrij-injekcija-usp","58":"product_tag-pentobarbital-natrij-injekcija-za-pse","59":"product_tag-pentobarbital-natrij-kupiti","60":"product_tag-pentobarbital-natrij-recept","61":"product_tag-pentobarbital-natrij-nz","62":"product_tag-pentobarbital-natrij-oralno","63":"product_tag-pentobarbital-natrij-pilule","64":"product_tag-pentobarbital-natrij-kina","65":"product_tag-pentobarbital-natrij-smrt","66":"product_tag-pentobarbital-natrij-tablete","67":"product_tag-pentobarbital-natrij-pilule-za-spavanje","68":"product_tag-pentobarbital-natrij-tekuina","69":"product_tag-pentobarbital-natrij-prah","70":"product_tag-pentobarbital-natrij-bez-recepta","71":"product_tag-pentobarbital-natrij-za-ljude","72":"product_tag-pentobarbital-natrij-za-pse","73":"product_tag-pentobarbital-natrij-anestezija","74":"product_tag-pentobarbital-natrij-skupina","75":"product_tag-pentobarbital-natrijeva-sol","76":"product_tag-pentobarbital-natrij-pilule-za-spavanje-bez-recepta","77":"product_tag-primjena-pentobarbitala","78":"product_tag-natrij-pentobarbital-proizvoai","79":"product_tag-smrtonosna-injekcija-kupi-online","80":"product_tag-sodium-pentobarbital-shelf-life","81":"product_tag-natrij-pentobarbital-troak","82":"product_tag-where-can-i-purchase-nembutal","83":"product_tag-elim-kupiti-nembutal","85":"first","86":"instock","87":"shipping-taxable","88":"purchasable","89":"product-type-variable"},"yoast_head":"<!-- This site is optimized with the Yoast SEO plugin v27.3 - https:\/\/yoast.com\/product\/yoast-seo-wordpress\/ -->\n<title>Kupite Seconal Sodium - najbolji najbolji svjetski lijekovi<\/title>\n<meta name=\"description\" content=\"Kupite Seconal Sodium za prodaju UK, Europa 100 mg online po najboljoj cijeni. Ogroman izbor visokokvalitetnih suplemenata i lijekova u na\u0161oj internetskoj ljekarni Seconal Sodium. Naru\u010dite online.\" \/>\n<meta name=\"robots\" content=\"index, follow, max-snippet:-1, max-image-preview:large, max-video-preview:-1\" \/>\n<link rel=\"canonical\" href=\"https:\/\/medicinasinc.com\/hr\/product\/kupiti-seconal-natrij\/\" \/>\n<meta property=\"og:locale\" content=\"hr_HR\" \/>\n<meta property=\"og:type\" content=\"article\" \/>\n<meta property=\"og:title\" content=\"Kupite Seconal Sodium - najbolji najbolji svjetski lijekovi\" \/>\n<meta property=\"og:description\" content=\"Kupite Seconal Sodium za prodaju UK, Europa 100 mg online po najboljoj cijeni. Ogroman izbor visokokvalitetnih suplemenata i lijekova u na\u0161oj internetskoj ljekarni Seconal Sodium. Naru\u010dite online.\" \/>\n<meta property=\"og:url\" content=\"https:\/\/medicinasinc.com\/hr\/product\/kupiti-seconal-natrij\/\" \/>\n<meta property=\"og:site_name\" content=\"Medicinas Inc\" \/>\n<meta property=\"article:modified_time\" content=\"2022-03-15T05:28:00+00:00\" \/>\n<meta property=\"og:image\" content=\"https:\/\/medicinasinc.com\/hr\/wp-content\/uploads\/sites\/3\/2022\/02\/Buy-Seconal-Sodium.jpg\" \/>\n\t<meta property=\"og:image:width\" content=\"600\" \/>\n\t<meta property=\"og:image:height\" content=\"600\" \/>\n\t<meta property=\"og:image:type\" content=\"image\/jpeg\" \/>\n<meta name=\"twitter:card\" content=\"summary_large_image\" \/>\n<meta name=\"twitter:label1\" content=\"Procijenjeno vrijeme \u010ditanja\" \/>\n\t<meta name=\"twitter:data1\" content=\"2 minute\" \/>\n<script type=\"application\/ld+json\" class=\"yoast-schema-graph\">{\"@context\":\"https:\\\/\\\/schema.org\",\"@graph\":[{\"@type\":\"WebPage\",\"@id\":\"https:\\\/\\\/medicinasinc.com\\\/hr\\\/product\\\/kupiti-seconal-natrij\\\/\",\"url\":\"https:\\\/\\\/medicinasinc.com\\\/hr\\\/product\\\/kupiti-seconal-natrij\\\/\",\"name\":\"Kupite Seconal Sodium - najbolji najbolji svjetski lijekovi\",\"isPartOf\":{\"@id\":\"https:\\\/\\\/medicinasinc.com\\\/hr\\\/#website\"},\"primaryImageOfPage\":{\"@id\":\"https:\\\/\\\/medicinasinc.com\\\/hr\\\/product\\\/kupiti-seconal-natrij\\\/#primaryimage\"},\"image\":{\"@id\":\"https:\\\/\\\/medicinasinc.com\\\/hr\\\/product\\\/kupiti-seconal-natrij\\\/#primaryimage\"},\"thumbnailUrl\":\"https:\\\/\\\/medicinasinc.com\\\/hr\\\/wp-content\\\/uploads\\\/sites\\\/3\\\/2022\\\/02\\\/Buy-Seconal-Sodium.jpg\",\"datePublished\":\"2022-02-22T06:20:38+00:00\",\"dateModified\":\"2022-03-15T05:28:00+00:00\",\"description\":\"Kupite Seconal Sodium za prodaju UK, Europa 100 mg online po najboljoj cijeni. Ogroman izbor visokokvalitetnih suplemenata i lijekova u na\u0161oj internetskoj ljekarni Seconal Sodium. Naru\u010dite online.\",\"breadcrumb\":{\"@id\":\"https:\\\/\\\/medicinasinc.com\\\/hr\\\/product\\\/kupiti-seconal-natrij\\\/#breadcrumb\"},\"inLanguage\":\"hr\",\"potentialAction\":[{\"@type\":\"ReadAction\",\"target\":[\"https:\\\/\\\/medicinasinc.com\\\/hr\\\/product\\\/kupiti-seconal-natrij\\\/\"]}]},{\"@type\":\"ImageObject\",\"inLanguage\":\"hr\",\"@id\":\"https:\\\/\\\/medicinasinc.com\\\/hr\\\/product\\\/kupiti-seconal-natrij\\\/#primaryimage\",\"url\":\"https:\\\/\\\/medicinasinc.com\\\/hr\\\/wp-content\\\/uploads\\\/sites\\\/3\\\/2022\\\/02\\\/Buy-Seconal-Sodium.jpg\",\"contentUrl\":\"https:\\\/\\\/medicinasinc.com\\\/hr\\\/wp-content\\\/uploads\\\/sites\\\/3\\\/2022\\\/02\\\/Buy-Seconal-Sodium.jpg\",\"width\":600,\"height\":600},{\"@type\":\"BreadcrumbList\",\"@id\":\"https:\\\/\\\/medicinasinc.com\\\/hr\\\/product\\\/kupiti-seconal-natrij\\\/#breadcrumb\",\"itemListElement\":[{\"@type\":\"ListItem\",\"position\":1,\"name\":\"Du\u0107an\",\"item\":\"https:\\\/\\\/medicinasinc.com\\\/hr\\\/ducan\\\/\"},{\"@type\":\"ListItem\",\"position\":2,\"name\":\"Kupite Seconal Sodium\"}]},{\"@type\":\"WebSite\",\"@id\":\"https:\\\/\\\/medicinasinc.com\\\/hr\\\/#website\",\"url\":\"https:\\\/\\\/medicinasinc.com\\\/hr\\\/\",\"name\":\"Medicinas Inc\",\"description\":\"Health Medical Clinic\",\"potentialAction\":[{\"@type\":\"SearchAction\",\"target\":{\"@type\":\"EntryPoint\",\"urlTemplate\":\"https:\\\/\\\/medicinasinc.com\\\/hr\\\/?s={search_term_string}\"},\"query-input\":{\"@type\":\"PropertyValueSpecification\",\"valueRequired\":true,\"valueName\":\"search_term_string\"}}],\"inLanguage\":\"hr\"}]}<\/script>\n<!-- \/ Yoast SEO plugin. -->","yoast_head_json":{"title":"Kupite Seconal Sodium - najbolji najbolji svjetski lijekovi","description":"Kupite Seconal Sodium za prodaju UK, Europa 100 mg online po najboljoj cijeni. Ogroman izbor visokokvalitetnih suplemenata i lijekova u na\u0161oj internetskoj ljekarni Seconal Sodium. Naru\u010dite online.","robots":{"index":"index","follow":"follow","max-snippet":"max-snippet:-1","max-image-preview":"max-image-preview:large","max-video-preview":"max-video-preview:-1"},"canonical":"https:\/\/medicinasinc.com\/hr\/product\/kupiti-seconal-natrij\/","og_locale":"hr_HR","og_type":"article","og_title":"Kupite Seconal Sodium - najbolji najbolji svjetski lijekovi","og_description":"Kupite Seconal Sodium za prodaju UK, Europa 100 mg online po najboljoj cijeni. Ogroman izbor visokokvalitetnih suplemenata i lijekova u na\u0161oj internetskoj ljekarni Seconal Sodium. Naru\u010dite online.","og_url":"https:\/\/medicinasinc.com\/hr\/product\/kupiti-seconal-natrij\/","og_site_name":"Medicinas Inc","article_modified_time":"2022-03-15T05:28:00+00:00","og_image":[{"width":600,"height":600,"url":"https:\/\/medicinasinc.com\/hr\/wp-content\/uploads\/sites\/3\/2022\/02\/Buy-Seconal-Sodium.jpg","type":"image\/jpeg"}],"twitter_card":"summary_large_image","twitter_misc":{"Procijenjeno vrijeme \u010ditanja":"2 minute"},"schema":{"@context":"https:\/\/schema.org","@graph":[{"@type":"WebPage","@id":"https:\/\/medicinasinc.com\/hr\/product\/kupiti-seconal-natrij\/","url":"https:\/\/medicinasinc.com\/hr\/product\/kupiti-seconal-natrij\/","name":"Kupite Seconal Sodium - najbolji najbolji svjetski lijekovi","isPartOf":{"@id":"https:\/\/medicinasinc.com\/hr\/#website"},"primaryImageOfPage":{"@id":"https:\/\/medicinasinc.com\/hr\/product\/kupiti-seconal-natrij\/#primaryimage"},"image":{"@id":"https:\/\/medicinasinc.com\/hr\/product\/kupiti-seconal-natrij\/#primaryimage"},"thumbnailUrl":"https:\/\/medicinasinc.com\/hr\/wp-content\/uploads\/sites\/3\/2022\/02\/Buy-Seconal-Sodium.jpg","datePublished":"2022-02-22T06:20:38+00:00","dateModified":"2022-03-15T05:28:00+00:00","description":"Kupite Seconal Sodium za prodaju UK, Europa 100 mg online po najboljoj cijeni. Ogroman izbor visokokvalitetnih suplemenata i lijekova u na\u0161oj internetskoj ljekarni Seconal Sodium. Naru\u010dite online.","breadcrumb":{"@id":"https:\/\/medicinasinc.com\/hr\/product\/kupiti-seconal-natrij\/#breadcrumb"},"inLanguage":"hr","potentialAction":[{"@type":"ReadAction","target":["https:\/\/medicinasinc.com\/hr\/product\/kupiti-seconal-natrij\/"]}]},{"@type":"ImageObject","inLanguage":"hr","@id":"https:\/\/medicinasinc.com\/hr\/product\/kupiti-seconal-natrij\/#primaryimage","url":"https:\/\/medicinasinc.com\/hr\/wp-content\/uploads\/sites\/3\/2022\/02\/Buy-Seconal-Sodium.jpg","contentUrl":"https:\/\/medicinasinc.com\/hr\/wp-content\/uploads\/sites\/3\/2022\/02\/Buy-Seconal-Sodium.jpg","width":600,"height":600},{"@type":"BreadcrumbList","@id":"https:\/\/medicinasinc.com\/hr\/product\/kupiti-seconal-natrij\/#breadcrumb","itemListElement":[{"@type":"ListItem","position":1,"name":"Du\u0107an","item":"https:\/\/medicinasinc.com\/hr\/ducan\/"},{"@type":"ListItem","position":2,"name":"Kupite Seconal Sodium"}]},{"@type":"WebSite","@id":"https:\/\/medicinasinc.com\/hr\/#website","url":"https:\/\/medicinasinc.com\/hr\/","name":"Medicinas Inc","description":"Health Medical Clinic","potentialAction":[{"@type":"SearchAction","target":{"@type":"EntryPoint","urlTemplate":"https:\/\/medicinasinc.com\/hr\/?s={search_term_string}"},"query-input":{"@type":"PropertyValueSpecification","valueRequired":true,"valueName":"search_term_string"}}],"inLanguage":"hr"}]}},"_links":{"self":[{"href":"https:\/\/medicinasinc.com\/hr\/wp-json\/wp\/v2\/product\/5792","targetHints":{"allow":["GET"]}}],"collection":[{"href":"https:\/\/medicinasinc.com\/hr\/wp-json\/wp\/v2\/product"}],"about":[{"href":"https:\/\/medicinasinc.com\/hr\/wp-json\/wp\/v2\/types\/product"}],"replies":[{"embeddable":true,"href":"https:\/\/medicinasinc.com\/hr\/wp-json\/wp\/v2\/comments?post=5792"}],"wp:featuredmedia":[{"embeddable":true,"href":"https:\/\/medicinasinc.com\/hr\/wp-json\/wp\/v2\/media\/5802"}],"wp:attachment":[{"href":"https:\/\/medicinasinc.com\/hr\/wp-json\/wp\/v2\/media?parent=5792"}],"wp:term":[{"taxonomy":"product_brand","embeddable":true,"href":"https:\/\/medicinasinc.com\/hr\/wp-json\/wp\/v2\/product_brand?post=5792"},{"taxonomy":"product_cat","embeddable":true,"href":"https:\/\/medicinasinc.com\/hr\/wp-json\/wp\/v2\/product_cat?post=5792"},{"taxonomy":"product_tag","embeddable":true,"href":"https:\/\/medicinasinc.com\/hr\/wp-json\/wp\/v2\/product_tag?post=5792"}],"curies":[{"name":"wp","href":"https:\/\/api.w.org\/{rel}","templated":true}]}}