{"id":5785,"date":"2022-02-22T06:12:06","date_gmt":"2022-02-22T06:12:06","guid":{"rendered":"https:\/\/medicinasinc.com\/hr\/?post_type=product&#038;p=5785"},"modified":"2022-08-04T06:19:55","modified_gmt":"2022-08-04T06:19:55","slug":"kupiti-nembutal-pentobarbital-natrij","status":"publish","type":"product","link":"https:\/\/medicinasinc.com\/hr\/product\/kupiti-nembutal-pentobarbital-natrij\/","title":{"rendered":"Kupite nembutal pentobarbital natrij"},"content":{"rendered":"<p>Best Global Med nudi najbolju cijenu i kvalitetu Nembutal Pentobarbital Sodium za prodaju. Postavite online zahtjev na na\u0161u web stranicu.<\/p>\n<p>Postoji nekoliko razloga za\u0161to ljudi biraju nembutal pentobarbital za oralnu upotrebu, ali jedan od naj\u010de\u0161\u0107ih je teku\u0107i oblik.<\/p>\n<p>Teku\u0107i oblik. Nembutal Fenobarbital (tako\u0111er poznat kao Nembutal) je barbituratni lijek. Iako se \u0161iroko koristio kao pomo\u0107 pri spavanju 1940-ih i 1950-ih, hipnotiziraju\u0107i se tako\u0111er koristio kao oblik lijeka protiv anksioznosti (na primjer, narkotika). Predoziranje Nembutalom daleko je smrtonosnije nego s dana\u0161njim pomagalima za spavanje. To je jedan od najboljih lijekova za potpomognuto samoubojstvo jer je \u010dvrst i tih. Nembutal koriste organizacije za namjerno istrebljenje u Sjedinjenim Dr\u017eavama (Oregon Death With Dignity Act), \u0160vicarskoj (Dignitas) i Nizozemskoj..<\/p>\n<p>Nembutal je uklonjen s tr\u017ei\u0161ta jer se njime bilo tako lako predozirati. (bilo slu\u010dajno ili planirano), stoga je zamijenjen sigurnijim lijekovima za spavanje. Godine 1998. Nembutal je uklonjen s popisa preporu\u010denih lijekova australske vlade. Nembutal, s druge strane, jo\u0161 uvijek koriste veterinari kako bi prekinuli \u017eivote ve\u0107ih \u017eivotinja. Mnogi su ljudi uspjeli dobiti veterinarski Nembutal kako bi okon\u010dali svoje \u017eivote. Marilyn Monroe, legendarna ameri\u010dka glumica i pjeva\u010dica, o\u010dito se ubila smrtonosnom dozom nembutala.<\/p>\n<p>Kada je dr. John S. Lundy prvi put po\u010deo koristiti jednad\u017ebu natrijeve soli\u2014Na (natrij) + etil + metil + butil + al\u20141930. dobio je naziv robne marke &#8220;Nembutal&#8221; (normalni postfiks za barbiturate). U Danskoj, Lundbeck posjeduje za\u0161titni znak i proizvodi Nembutal.<\/p>\n<p>Barbiturati kratkog djelovanja uklju\u010duju fenobarbital (engleski ameri\u010dki) i pentobarbiton (UK engleski). Kada je u pitanju fenobarbital, dolazi u raznim oblicima uklju\u010duju\u0107i slobodne korozivne tvari i soli razli\u010ditih sastojaka, kao \u0161to su natrij i kalcij. U vodi i etanolu, slobodni koroziv je tek malo topiv. Nembutal je jedna od robnih marki lijeka.<\/p>\n<p>Kemijska formula za C11H18N2O3 je sljede\u0107a:<\/p>\n<p>Jetra je uklju\u010dena u metaboli\u010dke procese.<\/p>\n<p>Polu\u017eivot. organskih spojeva: 15\u201348 sati. Teku\u0107ina u prahu, pilule<\/p>\n","protected":false},"excerpt":{"rendered":"<p>Kupite nembutal pentobarbital natrij online u na\u0161oj trgovini medicinasinc.com i odmah vam ga dostavimo! Ovdje \u0107ete prona\u0107i najbolje mjesto za kupnju Nembutal online!<\/p>\n<p>Nembutal mo\u017eete kupiti online od Best Global Meds, koji dostavlja na va\u0161a vrata. Nembutal bez recepta dostupan je ovdje po najni\u017eoj cijeni.<\/p>\n<p>Budu\u0107i da su predoziranja Nembutalom bila tako \u010desta, lijek je povu\u010den s tr\u017ei\u0161ta i zamijenjen sigurnijim pomagalima za spavanje. Australcima vi\u0161e nije bilo dopu\u0161teno preporu\u010diti Nembutal kao opciju lije\u010denja 1998. U svakom slu\u010daju, veterani nastavljaju uzimati Nembutal.<\/p>\n","protected":false},"featured_media":5796,"comment_status":"open","ping_status":"closed","template":"","meta":[],"product_brand":[],"product_cat":[3818],"product_tag":[3822,3823,3826,3828,3829,3830,3831,3834,3835,3882,3951,3923,3954,3925,3926,3920,3916,3918,3919,3927,3922,3840,3841,3842,3887,3843,3948,3821,3820,3952,3904,3824,3827,3819,3950,3953,3906,3909,3908,3845,3866,3949,3869,3888,3874,3875,3876,3897,3902,3889,3886,3879,3896,3891,3892,3894,3880,3881,3901,3899,3890,3895,3893,3884,3883,3878,3885,3898,3900,3903,3910,3844,3911,3907,3921,3913],"class_list":{"0":"post-5785","1":"product","2":"type-product","3":"status-publish","4":"has-post-thumbnail","6":"product_cat-pentobarbital-na-prodaju","7":"product_tag-buy-nembutal-here","8":"product_tag-buy-nembutal-liquid-online","9":"product_tag-buy-nembutal-sodium-online","10":"product_tag-buy-pentobarbital-sodium-2021","11":"product_tag-buy-pentobarbital-sodium-pentobarbital-sodium-salt","12":"product_tag-buy-sodium-pentobarbital-uk","13":"product_tag-can-i-buy-pentobarbital","14":"product_tag-can-you-buy-pentobarbital-sodium-over-the-counter","15":"product_tag-can-you-buy-sodium-pentobarbital","16":"product_tag-pentobarbital-natrij-doziranje","17":"product_tag-fenobarbital-natrij-intravenozno","18":"product_tag-gdje-kupiti-jeftino-nembutal-online","19":"product_tag-gdje-kupiti-nembutal-tekuina-online","20":"product_tag-gdje-kupiti-pentobarbital-natrij","21":"product_tag-gdje-kupiti-pentobarbital-natrij-za-pse","22":"product_tag-gdje-mogu-kupiti-natrij-pentobarbital","23":"product_tag-gdje-mogu-kupiti-nembutal-natrij-pentobarbital","24":"product_tag-gdje-mogu-kupiti-pentobarbital-natrij","25":"product_tag-gdje-mogu-kupiti-pentobarbital-natrij-pilule-za-spavanje","26":"product_tag-gdje-dobiti-pentobarbital-natrij","27":"product_tag-gdje-moete-kupiti-pentobarbital-natrij","28":"product_tag-how-to-acquire-nembutal","29":"product_tag-how-to-buy-nembutal-online","30":"product_tag-how-to-order-nembutal-by-mail","31":"product_tag-pentobarbital-natrij-injekcija-za-ljude","32":"product_tag-it-is-easy-to-buy-nembutal-online","33":"product_tag-kako-kupiti-nembutal-tekuina-online","34":"product_tag-kupiti-jeftino-nembutal-online","35":"product_tag-kupiti-jeftino-nembutal-tekuinu-online","36":"product_tag-kupnja-nembutal-tekuina-online","37":"product_tag-kupnja-nembutal-online","38":"product_tag-kupiti-nembutal-pentobarbital-natrij","39":"product_tag-kupiti-pentobarbital-natrij","40":"product_tag-najbolji-lijek-za-samoubojstvo-predoziranje","41":"product_tag-naruite-nembutal-tekuina-online","42":"product_tag-natrij","43":"product_tag-natrij-pentobarbital-nembutal","44":"product_tag-natrij-pentobarbital-za-eutanaziju","45":"product_tag-natrij-pentobarbital-eutanazija-za-ivotinje","46":"product_tag-nembutal","47":"product_tag-nembutal-pills-online","48":"product_tag-nembutal-struja-c4-87ina-prodaja","49":"product_tag-nembutal-samoubojstvo-c4-8dka-doza","50":"product_tag-pentobarbital-natrij-otopina-za-injekciju","51":"product_tag-pentobarbital","52":"product_tag-pentobarbital-de-sodium-dose-letale","53":"product_tag-pentobarbital-for-euthanasia","54":"product_tag-pentobarbital-natrij-cijena","55":"product_tag-pentobarbital-natrij-gdje-kupiti","56":"product_tag-pentobarbital-natrij-injekcija-usp","57":"product_tag-pentobarbital-natrij-injekcija-za-pse","58":"product_tag-pentobarbital-natrij-kupiti","59":"product_tag-pentobarbital-natrij-recept","60":"product_tag-pentobarbital-natrij-nz","61":"product_tag-pentobarbital-natrij-oralno","62":"product_tag-pentobarbital-natrij-pilule","63":"product_tag-pentobarbital-natrij-kina","64":"product_tag-pentobarbital-natrij-smrt","65":"product_tag-pentobarbital-natrij-tablete","66":"product_tag-pentobarbital-natrij-pilule-za-spavanje","67":"product_tag-pentobarbital-natrij-tekuina","68":"product_tag-pentobarbital-natrij-prah","69":"product_tag-pentobarbital-natrij-bez-recepta","70":"product_tag-pentobarbital-natrij-za-ljude","71":"product_tag-pentobarbital-natrij-za-pse","72":"product_tag-pentobarbital-natrij-anestezija","73":"product_tag-pentobarbital-natrij-skupina","74":"product_tag-pentobarbital-natrijeva-sol","75":"product_tag-pentobarbital-natrij-pilule-za-spavanje-bez-recepta","76":"product_tag-primjena-pentobarbitala","77":"product_tag-natrij-pentobarbital-proizvoai","78":"product_tag-smrtonosna-injekcija-kupi-online","79":"product_tag-sodium-pentobarbital-shelf-life","80":"product_tag-natrij-pentobarbital-troak","81":"product_tag-where-can-i-purchase-nembutal","82":"product_tag-elim-kupiti-nembutal","84":"first","85":"instock","86":"shipping-taxable","87":"purchasable","88":"product-type-variable"},"yoast_head":"<!-- This site is optimized with the Yoast SEO plugin v27.3 - https:\/\/yoast.com\/product\/yoast-seo-wordpress\/ -->\n<title>Kupite nembutal pentobarbital natrij - najbolji globalni lijekovi<\/title>\n<meta name=\"description\" content=\"Kupite nembutal pentobarbital natrij u Velikoj Britaniji, Europi, Aziji, Kini u na\u0161oj medicinasinc.com online trgovini uz brzu isporuku diljem svijeta! Najbolji Nembutal za naru\u010divanje na\u0107i \u0107ete ovdje!\" \/>\n<meta name=\"robots\" content=\"index, follow, max-snippet:-1, max-image-preview:large, max-video-preview:-1\" \/>\n<link rel=\"canonical\" href=\"https:\/\/medicinasinc.com\/hr\/product\/kupiti-nembutal-pentobarbital-natrij\/\" \/>\n<meta property=\"og:locale\" content=\"hr_HR\" \/>\n<meta property=\"og:type\" content=\"article\" \/>\n<meta property=\"og:title\" content=\"Kupite nembutal pentobarbital natrij - najbolji globalni lijekovi\" \/>\n<meta property=\"og:description\" content=\"Kupite nembutal pentobarbital natrij u Velikoj Britaniji, Europi, Aziji, Kini u na\u0161oj medicinasinc.com online trgovini uz brzu isporuku diljem svijeta! Najbolji Nembutal za naru\u010divanje na\u0107i \u0107ete ovdje!\" \/>\n<meta property=\"og:url\" content=\"https:\/\/medicinasinc.com\/hr\/product\/kupiti-nembutal-pentobarbital-natrij\/\" \/>\n<meta property=\"og:site_name\" content=\"Medicinas Inc\" \/>\n<meta property=\"article:modified_time\" content=\"2022-08-04T06:19:55+00:00\" \/>\n<meta property=\"og:image\" content=\"https:\/\/medicinasinc.com\/hr\/wp-content\/uploads\/sites\/3\/2022\/02\/Buy-Pentobarbital-Sodium-1.jpg\" \/>\n\t<meta property=\"og:image:width\" content=\"356\" \/>\n\t<meta property=\"og:image:height\" content=\"540\" \/>\n\t<meta property=\"og:image:type\" content=\"image\/jpeg\" \/>\n<meta name=\"twitter:card\" content=\"summary_large_image\" \/>\n<meta name=\"twitter:label1\" content=\"Procijenjeno vrijeme \u010ditanja\" \/>\n\t<meta name=\"twitter:data1\" content=\"2 minute\" \/>\n<script type=\"application\/ld+json\" class=\"yoast-schema-graph\">{\"@context\":\"https:\\\/\\\/schema.org\",\"@graph\":[{\"@type\":\"WebPage\",\"@id\":\"https:\\\/\\\/medicinasinc.com\\\/hr\\\/product\\\/kupiti-nembutal-pentobarbital-natrij\\\/\",\"url\":\"https:\\\/\\\/medicinasinc.com\\\/hr\\\/product\\\/kupiti-nembutal-pentobarbital-natrij\\\/\",\"name\":\"Kupite nembutal pentobarbital natrij - najbolji globalni lijekovi\",\"isPartOf\":{\"@id\":\"https:\\\/\\\/medicinasinc.com\\\/hr\\\/#website\"},\"primaryImageOfPage\":{\"@id\":\"https:\\\/\\\/medicinasinc.com\\\/hr\\\/product\\\/kupiti-nembutal-pentobarbital-natrij\\\/#primaryimage\"},\"image\":{\"@id\":\"https:\\\/\\\/medicinasinc.com\\\/hr\\\/product\\\/kupiti-nembutal-pentobarbital-natrij\\\/#primaryimage\"},\"thumbnailUrl\":\"https:\\\/\\\/medicinasinc.com\\\/hr\\\/wp-content\\\/uploads\\\/sites\\\/3\\\/2022\\\/02\\\/Buy-Pentobarbital-Sodium-1.jpg\",\"datePublished\":\"2022-02-22T06:12:06+00:00\",\"dateModified\":\"2022-08-04T06:19:55+00:00\",\"description\":\"Kupite nembutal pentobarbital natrij u Velikoj Britaniji, Europi, Aziji, Kini u na\u0161oj medicinasinc.com online trgovini uz brzu isporuku diljem svijeta! Najbolji Nembutal za naru\u010divanje na\u0107i \u0107ete ovdje!\",\"breadcrumb\":{\"@id\":\"https:\\\/\\\/medicinasinc.com\\\/hr\\\/product\\\/kupiti-nembutal-pentobarbital-natrij\\\/#breadcrumb\"},\"inLanguage\":\"hr\",\"potentialAction\":[{\"@type\":\"ReadAction\",\"target\":[\"https:\\\/\\\/medicinasinc.com\\\/hr\\\/product\\\/kupiti-nembutal-pentobarbital-natrij\\\/\"]}]},{\"@type\":\"ImageObject\",\"inLanguage\":\"hr\",\"@id\":\"https:\\\/\\\/medicinasinc.com\\\/hr\\\/product\\\/kupiti-nembutal-pentobarbital-natrij\\\/#primaryimage\",\"url\":\"https:\\\/\\\/medicinasinc.com\\\/hr\\\/wp-content\\\/uploads\\\/sites\\\/3\\\/2022\\\/02\\\/Buy-Pentobarbital-Sodium-1.jpg\",\"contentUrl\":\"https:\\\/\\\/medicinasinc.com\\\/hr\\\/wp-content\\\/uploads\\\/sites\\\/3\\\/2022\\\/02\\\/Buy-Pentobarbital-Sodium-1.jpg\",\"width\":356,\"height\":540},{\"@type\":\"BreadcrumbList\",\"@id\":\"https:\\\/\\\/medicinasinc.com\\\/hr\\\/product\\\/kupiti-nembutal-pentobarbital-natrij\\\/#breadcrumb\",\"itemListElement\":[{\"@type\":\"ListItem\",\"position\":1,\"name\":\"Du\u0107an\",\"item\":\"https:\\\/\\\/medicinasinc.com\\\/hr\\\/ducan\\\/\"},{\"@type\":\"ListItem\",\"position\":2,\"name\":\"Kupite nembutal pentobarbital natrij\"}]},{\"@type\":\"WebSite\",\"@id\":\"https:\\\/\\\/medicinasinc.com\\\/hr\\\/#website\",\"url\":\"https:\\\/\\\/medicinasinc.com\\\/hr\\\/\",\"name\":\"Medicinas Inc\",\"description\":\"Health Medical Clinic\",\"potentialAction\":[{\"@type\":\"SearchAction\",\"target\":{\"@type\":\"EntryPoint\",\"urlTemplate\":\"https:\\\/\\\/medicinasinc.com\\\/hr\\\/?s={search_term_string}\"},\"query-input\":{\"@type\":\"PropertyValueSpecification\",\"valueRequired\":true,\"valueName\":\"search_term_string\"}}],\"inLanguage\":\"hr\"}]}<\/script>\n<!-- \/ Yoast SEO plugin. -->","yoast_head_json":{"title":"Kupite nembutal pentobarbital natrij - najbolji globalni lijekovi","description":"Kupite nembutal pentobarbital natrij u Velikoj Britaniji, Europi, Aziji, Kini u na\u0161oj medicinasinc.com online trgovini uz brzu isporuku diljem svijeta! Najbolji Nembutal za naru\u010divanje na\u0107i \u0107ete ovdje!","robots":{"index":"index","follow":"follow","max-snippet":"max-snippet:-1","max-image-preview":"max-image-preview:large","max-video-preview":"max-video-preview:-1"},"canonical":"https:\/\/medicinasinc.com\/hr\/product\/kupiti-nembutal-pentobarbital-natrij\/","og_locale":"hr_HR","og_type":"article","og_title":"Kupite nembutal pentobarbital natrij - najbolji globalni lijekovi","og_description":"Kupite nembutal pentobarbital natrij u Velikoj Britaniji, Europi, Aziji, Kini u na\u0161oj medicinasinc.com online trgovini uz brzu isporuku diljem svijeta! Najbolji Nembutal za naru\u010divanje na\u0107i \u0107ete ovdje!","og_url":"https:\/\/medicinasinc.com\/hr\/product\/kupiti-nembutal-pentobarbital-natrij\/","og_site_name":"Medicinas Inc","article_modified_time":"2022-08-04T06:19:55+00:00","og_image":[{"width":356,"height":540,"url":"https:\/\/medicinasinc.com\/hr\/wp-content\/uploads\/sites\/3\/2022\/02\/Buy-Pentobarbital-Sodium-1.jpg","type":"image\/jpeg"}],"twitter_card":"summary_large_image","twitter_misc":{"Procijenjeno vrijeme \u010ditanja":"2 minute"},"schema":{"@context":"https:\/\/schema.org","@graph":[{"@type":"WebPage","@id":"https:\/\/medicinasinc.com\/hr\/product\/kupiti-nembutal-pentobarbital-natrij\/","url":"https:\/\/medicinasinc.com\/hr\/product\/kupiti-nembutal-pentobarbital-natrij\/","name":"Kupite nembutal pentobarbital natrij - najbolji globalni lijekovi","isPartOf":{"@id":"https:\/\/medicinasinc.com\/hr\/#website"},"primaryImageOfPage":{"@id":"https:\/\/medicinasinc.com\/hr\/product\/kupiti-nembutal-pentobarbital-natrij\/#primaryimage"},"image":{"@id":"https:\/\/medicinasinc.com\/hr\/product\/kupiti-nembutal-pentobarbital-natrij\/#primaryimage"},"thumbnailUrl":"https:\/\/medicinasinc.com\/hr\/wp-content\/uploads\/sites\/3\/2022\/02\/Buy-Pentobarbital-Sodium-1.jpg","datePublished":"2022-02-22T06:12:06+00:00","dateModified":"2022-08-04T06:19:55+00:00","description":"Kupite nembutal pentobarbital natrij u Velikoj Britaniji, Europi, Aziji, Kini u na\u0161oj medicinasinc.com online trgovini uz brzu isporuku diljem svijeta! Najbolji Nembutal za naru\u010divanje na\u0107i \u0107ete ovdje!","breadcrumb":{"@id":"https:\/\/medicinasinc.com\/hr\/product\/kupiti-nembutal-pentobarbital-natrij\/#breadcrumb"},"inLanguage":"hr","potentialAction":[{"@type":"ReadAction","target":["https:\/\/medicinasinc.com\/hr\/product\/kupiti-nembutal-pentobarbital-natrij\/"]}]},{"@type":"ImageObject","inLanguage":"hr","@id":"https:\/\/medicinasinc.com\/hr\/product\/kupiti-nembutal-pentobarbital-natrij\/#primaryimage","url":"https:\/\/medicinasinc.com\/hr\/wp-content\/uploads\/sites\/3\/2022\/02\/Buy-Pentobarbital-Sodium-1.jpg","contentUrl":"https:\/\/medicinasinc.com\/hr\/wp-content\/uploads\/sites\/3\/2022\/02\/Buy-Pentobarbital-Sodium-1.jpg","width":356,"height":540},{"@type":"BreadcrumbList","@id":"https:\/\/medicinasinc.com\/hr\/product\/kupiti-nembutal-pentobarbital-natrij\/#breadcrumb","itemListElement":[{"@type":"ListItem","position":1,"name":"Du\u0107an","item":"https:\/\/medicinasinc.com\/hr\/ducan\/"},{"@type":"ListItem","position":2,"name":"Kupite nembutal pentobarbital natrij"}]},{"@type":"WebSite","@id":"https:\/\/medicinasinc.com\/hr\/#website","url":"https:\/\/medicinasinc.com\/hr\/","name":"Medicinas Inc","description":"Health Medical Clinic","potentialAction":[{"@type":"SearchAction","target":{"@type":"EntryPoint","urlTemplate":"https:\/\/medicinasinc.com\/hr\/?s={search_term_string}"},"query-input":{"@type":"PropertyValueSpecification","valueRequired":true,"valueName":"search_term_string"}}],"inLanguage":"hr"}]}},"_links":{"self":[{"href":"https:\/\/medicinasinc.com\/hr\/wp-json\/wp\/v2\/product\/5785","targetHints":{"allow":["GET"]}}],"collection":[{"href":"https:\/\/medicinasinc.com\/hr\/wp-json\/wp\/v2\/product"}],"about":[{"href":"https:\/\/medicinasinc.com\/hr\/wp-json\/wp\/v2\/types\/product"}],"replies":[{"embeddable":true,"href":"https:\/\/medicinasinc.com\/hr\/wp-json\/wp\/v2\/comments?post=5785"}],"wp:featuredmedia":[{"embeddable":true,"href":"https:\/\/medicinasinc.com\/hr\/wp-json\/wp\/v2\/media\/5796"}],"wp:attachment":[{"href":"https:\/\/medicinasinc.com\/hr\/wp-json\/wp\/v2\/media?parent=5785"}],"wp:term":[{"taxonomy":"product_brand","embeddable":true,"href":"https:\/\/medicinasinc.com\/hr\/wp-json\/wp\/v2\/product_brand?post=5785"},{"taxonomy":"product_cat","embeddable":true,"href":"https:\/\/medicinasinc.com\/hr\/wp-json\/wp\/v2\/product_cat?post=5785"},{"taxonomy":"product_tag","embeddable":true,"href":"https:\/\/medicinasinc.com\/hr\/wp-json\/wp\/v2\/product_tag?post=5785"}],"curies":[{"name":"wp","href":"https:\/\/api.w.org\/{rel}","templated":true}]}}