{"id":5781,"date":"2022-02-22T06:07:08","date_gmt":"2022-02-22T06:07:08","guid":{"rendered":"https:\/\/medicinasinc.com\/hr\/?post_type=product&#038;p=5781"},"modified":"2022-03-15T05:28:17","modified_gmt":"2022-03-15T05:28:17","slug":"kupiti-nembutal-prah","status":"publish","type":"product","link":"https:\/\/medicinasinc.com\/hr\/product\/kupiti-nembutal-prah\/","title":{"rendered":"Kupite nembutal u prahu"},"content":{"rendered":"<p>Nembutal u prahu od najboljih dobavlja\u010da po najni\u017eim cijenama<\/p>\n<p>Na internetskom tr\u017ei\u0161tu mo\u017eete prona\u0107i visokokvalitetne lijekove i lijekove u Online Nembutal Pharmacy. Kako biste nabavili Nembutal u prahu od najboljih dobavlja\u010da Nembutal u prahu, trebali biste do\u0107i u na\u0161u ljekarnu. Kontaktirajte nas danas i odmah \u0107emo obaviti va\u0161 posao. Va\u0161i lijekovi bit \u0107e dostavljeni na adresu koju navedete. Za najbolju ponudu Nembutal praha, naru\u010dite odmah!<\/p>\n<p>\u0160to mo\u017eete o\u010dekivati \u200b\u200bkori\u0161tenjem Nembutal praha?<\/p>\n<p>Nembutal prah je poznat po tome \u0161to poma\u017ee nesanicama i onima koji prona\u0111u pra\u0161ak za nesanicu. te\u0161ko je zaspati zatvoriti o\u010di. U mnogim slu\u010dajevima koristi se kao lijek protiv anksioznosti. Na\u0161a internetska ljekarna je najbolje mjesto za nabavu nembutalnog praha ako imate iste ciljeve na umu.<\/p>\n<p>Koja internetska trgovina prodaje najbolji nembutal u prahu?<\/p>\n<p>Koji god da je razlog naru\u010divanja nembutalnog praha? , uvijek se mo\u017eete osloniti na Online Nembutal Pharmacy da \u0107e posao obaviti kako treba za vas.<\/p>\n<p>Razumijemo potrebe i o\u010dekivanja na\u0161ih kupaca zbog na\u0161e dugogodi\u0161nje stru\u010dnosti. Nikada nemamo pristup niti pohranjujemo bilo koje va\u0161e podatke o kreditnoj kartici ili osobne podatke. Svi podaci su privatni. To zna\u010di da Nembutal pra\u0161ak mo\u017eete kupiti online od nas po najpovoljnijoj cijeni.<\/p>\n<p>Kupnjom u na\u0161oj internetskoj ljekarni bit \u0107ete jedan korak ispred konkurencije. S vremenom smo stekli mnogo potencijalnih potro\u0161a\u010da. Ako tra\u017eite najbolje, ne ustru\u010davajte se kontaktirati nas u bilo koje vrijeme.<\/p>\n","protected":false},"excerpt":{"rendered":"<p>Postoji niz internetskih ljekarni koje prodaju nembutal u prahu pentobarbital natrij za prodaju, uklju\u010duju\u0107i bestglobalmeds.com. Ovdje \u0107ete prona\u0107i najbolje mjesto za kupnju Nembutala online! Sada je mogu\u0107e nabaviti ljekarnu Nembutal online iz udobnosti vlastitog doma. Nembutal u prahu za prodaju po najni\u017eoj mogu\u0107oj cijeni mo\u017eete prona\u0107i ovdje.<\/p>\n<p>Najbolji Global Meds nudi Nembutal u prahu za prodaju na internetu po pristupa\u010dnim cijenama. Nembutal tablete, tablete i kapsule najvi\u0161e kvalitete mogu se kupiti uz najve\u0107u cijenu. Ne ustru\u010davajte se odmah nas kontaktirati!<\/p>\n","protected":false},"featured_media":5791,"comment_status":"open","ping_status":"closed","template":"","meta":[],"product_brand":[],"product_cat":[3818],"product_tag":[3941,3938,3947,3946,3930,3931,3839,3928,3944,3929,3832,3945,3943,3942,3845,3932,3933,3935,3934,3937,3936,3940,3939],"class_list":{"0":"post-5781","1":"product","2":"type-product","3":"status-publish","4":"has-post-thumbnail","6":"product_cat-pentobarbital-na-prodaju","7":"product_tag-nembutal-prah-dobavlja","8":"product_tag-nembutal-praak-doza","9":"product_tag-gdje-kupiti-nembutal-puder-online","10":"product_tag-gdje-mogu-kupiti-nembutal-prah","11":"product_tag-how-can-i-order-nembutal-powder","12":"product_tag-how-to-buy-nembutal-powder-online","13":"product_tag-kako-mogu-uzimati-nembutal","14":"product_tag-kupiti-nembutal-online","15":"product_tag-kupnja-nembutal-prah-online","16":"product_tag-kupiti-nembutal-praak-online","17":"product_tag-mogu-naruiti-nembutal-online","18":"product_tag-najbolje-mjesto-za-kupnju-nembutal-puder-online","19":"product_tag-naruite-nembutal-prah-online","20":"product_tag-red-nembutal-prah","21":"product_tag-nembutal","22":"product_tag-nembutal-kupi-australija","23":"product_tag-nembutal-kupi-austrija","24":"product_tag-nembutal-buy-uk","25":"product_tag-nembutal-kupi-online","26":"product_tag-nembutal-powder-buy","27":"product_tag-nembutal-prah","28":"product_tag-nembutal-praak-predoziranje","29":"product_tag-nembutal-prah-na-prodaj","31":"first","32":"instock","33":"shipping-taxable","34":"purchasable","35":"product-type-variable"},"yoast_head":"<!-- This site is optimized with the Yoast SEO plugin v27.3 - https:\/\/yoast.com\/product\/yoast-seo-wordpress\/ -->\n<title>Kupite nembutal u prahu - pentobarbital sodium - Best Global Meds<\/title>\n<meta name=\"description\" content=\"Kupite nembutal u prahu pentobarbital natrij za prodaju u Velikoj Britaniji, UAE, Europi, Kini u na\u0161oj bestglobalmeds.com online trgovini uz brzu isporuku diljem svijeta! Najbolji Nembutal za naru\u010divanje na\u0107i \u0107ete ovdje!\" \/>\n<meta name=\"robots\" content=\"index, follow, max-snippet:-1, max-image-preview:large, max-video-preview:-1\" \/>\n<link rel=\"canonical\" href=\"https:\/\/medicinasinc.com\/hr\/product\/kupiti-nembutal-prah\/\" \/>\n<meta property=\"og:locale\" content=\"hr_HR\" \/>\n<meta property=\"og:type\" content=\"article\" \/>\n<meta property=\"og:title\" content=\"Kupite nembutal u prahu - pentobarbital sodium - Best Global Meds\" \/>\n<meta property=\"og:description\" content=\"Kupite nembutal u prahu pentobarbital natrij za prodaju u Velikoj Britaniji, UAE, Europi, Kini u na\u0161oj bestglobalmeds.com online trgovini uz brzu isporuku diljem svijeta! Najbolji Nembutal za naru\u010divanje na\u0107i \u0107ete ovdje!\" \/>\n<meta property=\"og:url\" content=\"https:\/\/medicinasinc.com\/hr\/product\/kupiti-nembutal-prah\/\" \/>\n<meta property=\"og:site_name\" content=\"Medicinas Inc\" \/>\n<meta property=\"article:modified_time\" content=\"2022-03-15T05:28:17+00:00\" \/>\n<meta property=\"og:image\" content=\"https:\/\/medicinasinc.com\/hr\/wp-content\/uploads\/sites\/3\/2022\/02\/Buy-Nembutal-Powder-2.jpg\" \/>\n\t<meta property=\"og:image:width\" content=\"600\" \/>\n\t<meta property=\"og:image:height\" content=\"600\" \/>\n\t<meta property=\"og:image:type\" content=\"image\/jpeg\" \/>\n<meta name=\"twitter:card\" content=\"summary_large_image\" \/>\n<meta name=\"twitter:label1\" content=\"Procijenjeno vrijeme \u010ditanja\" \/>\n\t<meta name=\"twitter:data1\" content=\"2 minute\" \/>\n<script type=\"application\/ld+json\" class=\"yoast-schema-graph\">{\"@context\":\"https:\\\/\\\/schema.org\",\"@graph\":[{\"@type\":\"WebPage\",\"@id\":\"https:\\\/\\\/medicinasinc.com\\\/hr\\\/product\\\/kupiti-nembutal-prah\\\/\",\"url\":\"https:\\\/\\\/medicinasinc.com\\\/hr\\\/product\\\/kupiti-nembutal-prah\\\/\",\"name\":\"Kupite nembutal u prahu - pentobarbital sodium - Best Global Meds\",\"isPartOf\":{\"@id\":\"https:\\\/\\\/medicinasinc.com\\\/hr\\\/#website\"},\"primaryImageOfPage\":{\"@id\":\"https:\\\/\\\/medicinasinc.com\\\/hr\\\/product\\\/kupiti-nembutal-prah\\\/#primaryimage\"},\"image\":{\"@id\":\"https:\\\/\\\/medicinasinc.com\\\/hr\\\/product\\\/kupiti-nembutal-prah\\\/#primaryimage\"},\"thumbnailUrl\":\"https:\\\/\\\/medicinasinc.com\\\/hr\\\/wp-content\\\/uploads\\\/sites\\\/3\\\/2022\\\/02\\\/Buy-Nembutal-Powder-2.jpg\",\"datePublished\":\"2022-02-22T06:07:08+00:00\",\"dateModified\":\"2022-03-15T05:28:17+00:00\",\"description\":\"Kupite nembutal u prahu pentobarbital natrij za prodaju u Velikoj Britaniji, UAE, Europi, Kini u na\u0161oj bestglobalmeds.com online trgovini uz brzu isporuku diljem svijeta! Najbolji Nembutal za naru\u010divanje na\u0107i \u0107ete ovdje!\",\"breadcrumb\":{\"@id\":\"https:\\\/\\\/medicinasinc.com\\\/hr\\\/product\\\/kupiti-nembutal-prah\\\/#breadcrumb\"},\"inLanguage\":\"hr\",\"potentialAction\":[{\"@type\":\"ReadAction\",\"target\":[\"https:\\\/\\\/medicinasinc.com\\\/hr\\\/product\\\/kupiti-nembutal-prah\\\/\"]}]},{\"@type\":\"ImageObject\",\"inLanguage\":\"hr\",\"@id\":\"https:\\\/\\\/medicinasinc.com\\\/hr\\\/product\\\/kupiti-nembutal-prah\\\/#primaryimage\",\"url\":\"https:\\\/\\\/medicinasinc.com\\\/hr\\\/wp-content\\\/uploads\\\/sites\\\/3\\\/2022\\\/02\\\/Buy-Nembutal-Powder-2.jpg\",\"contentUrl\":\"https:\\\/\\\/medicinasinc.com\\\/hr\\\/wp-content\\\/uploads\\\/sites\\\/3\\\/2022\\\/02\\\/Buy-Nembutal-Powder-2.jpg\",\"width\":600,\"height\":600},{\"@type\":\"BreadcrumbList\",\"@id\":\"https:\\\/\\\/medicinasinc.com\\\/hr\\\/product\\\/kupiti-nembutal-prah\\\/#breadcrumb\",\"itemListElement\":[{\"@type\":\"ListItem\",\"position\":1,\"name\":\"Du\u0107an\",\"item\":\"https:\\\/\\\/medicinasinc.com\\\/hr\\\/ducan\\\/\"},{\"@type\":\"ListItem\",\"position\":2,\"name\":\"Kupite nembutal u prahu\"}]},{\"@type\":\"WebSite\",\"@id\":\"https:\\\/\\\/medicinasinc.com\\\/hr\\\/#website\",\"url\":\"https:\\\/\\\/medicinasinc.com\\\/hr\\\/\",\"name\":\"Medicinas Inc\",\"description\":\"Health Medical Clinic\",\"potentialAction\":[{\"@type\":\"SearchAction\",\"target\":{\"@type\":\"EntryPoint\",\"urlTemplate\":\"https:\\\/\\\/medicinasinc.com\\\/hr\\\/?s={search_term_string}\"},\"query-input\":{\"@type\":\"PropertyValueSpecification\",\"valueRequired\":true,\"valueName\":\"search_term_string\"}}],\"inLanguage\":\"hr\"}]}<\/script>\n<!-- \/ Yoast SEO plugin. -->","yoast_head_json":{"title":"Kupite nembutal u prahu - pentobarbital sodium - Best Global Meds","description":"Kupite nembutal u prahu pentobarbital natrij za prodaju u Velikoj Britaniji, UAE, Europi, Kini u na\u0161oj bestglobalmeds.com online trgovini uz brzu isporuku diljem svijeta! Najbolji Nembutal za naru\u010divanje na\u0107i \u0107ete ovdje!","robots":{"index":"index","follow":"follow","max-snippet":"max-snippet:-1","max-image-preview":"max-image-preview:large","max-video-preview":"max-video-preview:-1"},"canonical":"https:\/\/medicinasinc.com\/hr\/product\/kupiti-nembutal-prah\/","og_locale":"hr_HR","og_type":"article","og_title":"Kupite nembutal u prahu - pentobarbital sodium - Best Global Meds","og_description":"Kupite nembutal u prahu pentobarbital natrij za prodaju u Velikoj Britaniji, UAE, Europi, Kini u na\u0161oj bestglobalmeds.com online trgovini uz brzu isporuku diljem svijeta! Najbolji Nembutal za naru\u010divanje na\u0107i \u0107ete ovdje!","og_url":"https:\/\/medicinasinc.com\/hr\/product\/kupiti-nembutal-prah\/","og_site_name":"Medicinas Inc","article_modified_time":"2022-03-15T05:28:17+00:00","og_image":[{"width":600,"height":600,"url":"https:\/\/medicinasinc.com\/hr\/wp-content\/uploads\/sites\/3\/2022\/02\/Buy-Nembutal-Powder-2.jpg","type":"image\/jpeg"}],"twitter_card":"summary_large_image","twitter_misc":{"Procijenjeno vrijeme \u010ditanja":"2 minute"},"schema":{"@context":"https:\/\/schema.org","@graph":[{"@type":"WebPage","@id":"https:\/\/medicinasinc.com\/hr\/product\/kupiti-nembutal-prah\/","url":"https:\/\/medicinasinc.com\/hr\/product\/kupiti-nembutal-prah\/","name":"Kupite nembutal u prahu - pentobarbital sodium - Best Global Meds","isPartOf":{"@id":"https:\/\/medicinasinc.com\/hr\/#website"},"primaryImageOfPage":{"@id":"https:\/\/medicinasinc.com\/hr\/product\/kupiti-nembutal-prah\/#primaryimage"},"image":{"@id":"https:\/\/medicinasinc.com\/hr\/product\/kupiti-nembutal-prah\/#primaryimage"},"thumbnailUrl":"https:\/\/medicinasinc.com\/hr\/wp-content\/uploads\/sites\/3\/2022\/02\/Buy-Nembutal-Powder-2.jpg","datePublished":"2022-02-22T06:07:08+00:00","dateModified":"2022-03-15T05:28:17+00:00","description":"Kupite nembutal u prahu pentobarbital natrij za prodaju u Velikoj Britaniji, UAE, Europi, Kini u na\u0161oj bestglobalmeds.com online trgovini uz brzu isporuku diljem svijeta! Najbolji Nembutal za naru\u010divanje na\u0107i \u0107ete ovdje!","breadcrumb":{"@id":"https:\/\/medicinasinc.com\/hr\/product\/kupiti-nembutal-prah\/#breadcrumb"},"inLanguage":"hr","potentialAction":[{"@type":"ReadAction","target":["https:\/\/medicinasinc.com\/hr\/product\/kupiti-nembutal-prah\/"]}]},{"@type":"ImageObject","inLanguage":"hr","@id":"https:\/\/medicinasinc.com\/hr\/product\/kupiti-nembutal-prah\/#primaryimage","url":"https:\/\/medicinasinc.com\/hr\/wp-content\/uploads\/sites\/3\/2022\/02\/Buy-Nembutal-Powder-2.jpg","contentUrl":"https:\/\/medicinasinc.com\/hr\/wp-content\/uploads\/sites\/3\/2022\/02\/Buy-Nembutal-Powder-2.jpg","width":600,"height":600},{"@type":"BreadcrumbList","@id":"https:\/\/medicinasinc.com\/hr\/product\/kupiti-nembutal-prah\/#breadcrumb","itemListElement":[{"@type":"ListItem","position":1,"name":"Du\u0107an","item":"https:\/\/medicinasinc.com\/hr\/ducan\/"},{"@type":"ListItem","position":2,"name":"Kupite nembutal u prahu"}]},{"@type":"WebSite","@id":"https:\/\/medicinasinc.com\/hr\/#website","url":"https:\/\/medicinasinc.com\/hr\/","name":"Medicinas Inc","description":"Health Medical Clinic","potentialAction":[{"@type":"SearchAction","target":{"@type":"EntryPoint","urlTemplate":"https:\/\/medicinasinc.com\/hr\/?s={search_term_string}"},"query-input":{"@type":"PropertyValueSpecification","valueRequired":true,"valueName":"search_term_string"}}],"inLanguage":"hr"}]}},"_links":{"self":[{"href":"https:\/\/medicinasinc.com\/hr\/wp-json\/wp\/v2\/product\/5781","targetHints":{"allow":["GET"]}}],"collection":[{"href":"https:\/\/medicinasinc.com\/hr\/wp-json\/wp\/v2\/product"}],"about":[{"href":"https:\/\/medicinasinc.com\/hr\/wp-json\/wp\/v2\/types\/product"}],"replies":[{"embeddable":true,"href":"https:\/\/medicinasinc.com\/hr\/wp-json\/wp\/v2\/comments?post=5781"}],"wp:featuredmedia":[{"embeddable":true,"href":"https:\/\/medicinasinc.com\/hr\/wp-json\/wp\/v2\/media\/5791"}],"wp:attachment":[{"href":"https:\/\/medicinasinc.com\/hr\/wp-json\/wp\/v2\/media?parent=5781"}],"wp:term":[{"taxonomy":"product_brand","embeddable":true,"href":"https:\/\/medicinasinc.com\/hr\/wp-json\/wp\/v2\/product_brand?post=5781"},{"taxonomy":"product_cat","embeddable":true,"href":"https:\/\/medicinasinc.com\/hr\/wp-json\/wp\/v2\/product_cat?post=5781"},{"taxonomy":"product_tag","embeddable":true,"href":"https:\/\/medicinasinc.com\/hr\/wp-json\/wp\/v2\/product_tag?post=5781"}],"curies":[{"name":"wp","href":"https:\/\/api.w.org\/{rel}","templated":true}]}}