{"id":5777,"date":"2022-02-22T05:58:59","date_gmt":"2022-02-22T05:58:59","guid":{"rendered":"https:\/\/medicinasinc.com\/hr\/?post_type=product&#038;p=5777"},"modified":"2022-03-15T05:28:28","modified_gmt":"2022-03-15T05:28:28","slug":"kupiti-nembutal-kapsule","status":"publish","type":"product","link":"https:\/\/medicinasinc.com\/hr\/product\/kupiti-nembutal-kapsule\/","title":{"rendered":"Kupite Nembutal kapsule"},"content":{"rendered":"<p>Prona\u0111ite najbolje dobavlja\u010de i trgovce Nembutal kapsula u na\u0161oj internetskoj ljekarni Nembutal<\/p>\n<p>Poku\u0161avate li prona\u0107i renomiranu online ljekarnu u kojoj mo\u017eete dobiti najpovoljniju ponudu Nembutal kapsula? Da? Onda je ovo idealno mjesto za vas. Poznati kao Online Nembutal Pharmacy, mi smo dobro poznata internetska ljekarna. Prikupili smo mnogo odanih kupaca zahvaljuju\u0107i na\u0161em ugledu jednog od vode\u0107ih online prodava\u010da i dobavlja\u010da Nembutal kapsula.<\/p>\n<p>Ne brinite ako vam je ovo prvi put da kupujete Nembutal kapsule u na\u0161oj internetskoj ljekarni. . Ovdje ne mo\u017eete o\u010dekivati \u200b\u200bni\u0161ta osim najboljeg. Uvijek smo tu da vam pomognemo prona\u0107i Nembutal kapsule koje trebate i dostaviti vam ih \u0161to je prije mogu\u0107e. U skladu s industrijskim normama ispunjavamo ili prema\u0161ujemo o\u010dekivanja na\u0161ih klijenata. Nembutal kapsule na\u0161e online ljekarne su najvi\u0161e kvalitete, a to uklju\u010duje i pakiranje i dostavu. Kontaktirajte nas ve\u0107 danas ako ste zainteresirani za nabavku Nembutal kapsula i mi \u0107emo pravovremeno udovoljiti va\u0161im potrebama.<\/p>\n<p>Za\u0161to je kupnja Nembutal kapsula u online ljekarni Nembutal najbolji izbor?<\/p>\n<p> Na\u0161a tvrtka je najbolja opcija ako \u017eelite Nembutal kapsule na precizan na\u010din uz provjerenu kvalitetu i brzu dostavu. Najkvalitetnije kapsule Nembutal dostupne su po povoljnim cijenama u internetskoj ljekarni Nembutal. Budu\u0107i da ne koristimo posrednike, u mogu\u0107nosti smo odr\u017eavati da se sve odvija nesmetano. Slu\u017eba za korisnike je za nas prioritet, a mi osiguravamo da se narud\u017ebe isporu\u010duju na vrijeme.<\/p>\n<p>Primili smo sjajne povratne informacije i ocjene od na\u0161ih potro\u0161a\u010da jer ve\u0107 dugo radimo na ovom polju. Nembutal kapsule kupcima \u0161alje na\u0161 tim na siguran na\u010din. Uz svaki artikl koji kupite od nas, prila\u017eemo set uputa. Ove upute pokazat \u0107e vam kako sigurno uzeti recept za Nembutal kapsule.<\/p>\n<p>Uvijek se mo\u017eete osloniti na na\u0161e vrhunske usluge. Na\u0161a online ljekarna mo\u017ee vam pomo\u0107i da saznate vi\u0161e o lijeku Nembutal kapsule. Nembutal kapsule u pro\u0161losti je bilo te\u0161ko nabaviti. Me\u0111utim, kako je vrijeme odmicalo, na\u0161a internetska ljekarna je mogla ponuditi Nembutal artikle online. Mo\u017eete ih dobiti kad god \u017eelite.<\/p>\n","protected":false},"excerpt":{"rendered":"<p>Naru\u010divanje Nembutal kapsula putem interneta: koje korake treba poduzeti?<\/p>\n<p>Mo\u017eete poslati svoj zahtjev za kupnju Nembutal kapsula online po najpovoljnijoj cijeni na na\u0161oj slu\u017ebenoj web stranici i to dovr\u0161iti u kratkom vremenu. Mi smo zadu\u017eeni za ispunjenje va\u0161e narud\u017ebe. Mo\u017eete kupiti Nembutal kapsule od nas odmah ako nas kontaktirate danas!<\/p>\n<p>U na\u0161oj BestGlobalMedicines.com online trgovini mo\u017eete nabaviti Nembutal kapsule, tablete Europe i Pentobarbital za prodaju u Ujedinjenom Kraljevstvu uz brzu dostavu diljem svijeta! Ovdje \u0107ete prona\u0107i najbolje mjesto za kupnju Nembutala online!<\/p>\n","protected":false},"featured_media":5786,"comment_status":"open","ping_status":"closed","template":"","meta":[],"product_brand":[],"product_cat":[3818],"product_tag":[3822,3823,3826,3828,3829,3830,3831,3834,3835,3868,3855,3853,3882,3923,3924,3925,3926,3920,3916,3915,3914,3917,3918,3919,3927,3922,3836,3837,3840,3841,3842,3887,3843,3838,3839,3821,3820,3825,3904,3824,3827,3832,3833,3912,3819,3872,3871,3870,3906,3909,3908,3845,3846,3856,3858,3859,3864,3865,3866,3867,3857,3860,3861,3863,3862,3848,3849,3850,3851,3852,3869,3888,3874,3875,3876,3897,3902,3889,3886,3879,3896,3891,3892,3894,3880,3881,3901,3899,3890,3895,3893,3884,3883,3878,3885,3898,3900,3877,3854,3903,3847,3910,3905,3873,3844,3911,3907,3921,3913],"class_list":{"0":"post-5777","1":"product","2":"type-product","3":"status-publish","4":"has-post-thumbnail","6":"product_cat-pentobarbital-na-prodaju","7":"product_tag-buy-nembutal-here","8":"product_tag-buy-nembutal-liquid-online","9":"product_tag-buy-nembutal-sodium-online","10":"product_tag-buy-pentobarbital-sodium-2021","11":"product_tag-buy-pentobarbital-sodium-pentobarbital-sodium-salt","12":"product_tag-buy-sodium-pentobarbital-uk","13":"product_tag-can-i-buy-pentobarbital","14":"product_tag-can-you-buy-pentobarbital-sodium-over-the-counter","15":"product_tag-can-you-buy-sodium-pentobarbital","16":"product_tag-nembutal-pilule-dobavlja","17":"product_tag-nembutal-tekuina-dobavlja","18":"product_tag-nembutal-tekuina-doza","19":"product_tag-pentobarbital-natrij-doziranje","20":"product_tag-gdje-kupiti-jeftino-nembutal-online","21":"product_tag-gdje-kupiti-nembutal-pilule-online","22":"product_tag-gdje-kupiti-pentobarbital-natrij","23":"product_tag-gdje-kupiti-pentobarbital-natrij-za-pse","24":"product_tag-gdje-mogu-kupiti-natrij-pentobarbital","25":"product_tag-gdje-mogu-kupiti-nembutal-natrij-pentobarbital","26":"product_tag-gdje-mogu-kupiti-nembutal-pilule","27":"product_tag-gdje-mogu-kupiti-nembutal-tekuinu","28":"product_tag-gdje-mogu-kupiti-pentobarbital","29":"product_tag-gdje-mogu-kupiti-pentobarbital-natrij","30":"product_tag-gdje-mogu-kupiti-pentobarbital-natrij-pilule-za-spavanje","31":"product_tag-gdje-dobiti-pentobarbital-natrij","32":"product_tag-gdje-moete-kupiti-pentobarbital-natrij","33":"product_tag-how-can-i-order-nembutal-liquid","34":"product_tag-how-can-i-order-nembutal-pills","35":"product_tag-how-to-acquire-nembutal","36":"product_tag-how-to-buy-nembutal-online","37":"product_tag-how-to-order-nembutal-by-mail","38":"product_tag-pentobarbital-natrij-injekcija-za-ljude","39":"product_tag-it-is-easy-to-buy-nembutal-online","40":"product_tag-kako-mogu-naruiti-pentobarbital-natrij","41":"product_tag-kako-mogu-uzimati-nembutal","42":"product_tag-kupiti-jeftino-nembutal-online","43":"product_tag-kupiti-jeftino-nembutal-tekuinu-online","44":"product_tag-kupiti-nembutal-pilule-online","45":"product_tag-kupnja-nembutal-online","46":"product_tag-kupiti-nembutal-pentobarbital-natrij","47":"product_tag-kupiti-pentobarbital-natrij","48":"product_tag-mogu-naruiti-nembutal-online","49":"product_tag-mogu-naruiti-pentobarbital-online","50":"product_tag-najbolje-mjesto-za-kupnju-nembutal-pilule-online","51":"product_tag-najbolji-lijek-za-samoubojstvo-predoziranje","52":"product_tag-naruite-nembutal-pilule-online","53":"product_tag-naruiti-nembutal-pilule","54":"product_tag-red-nembutal-tekuina","55":"product_tag-natrij-pentobarbital-nembutal","56":"product_tag-natrij-pentobarbital-za-eutanaziju","57":"product_tag-natrij-pentobarbital-eutanazija-za-ivotinje","58":"product_tag-nembutal","59":"product_tag-nembutal-capsule","60":"product_tag-nembutal-pentobarbital-natrij-kupiti","61":"product_tag-nembutal-pills-buy","62":"product_tag-nembutal-pills-buy-australia","63":"product_tag-nembutal-pills-dose","64":"product_tag-nembutal-pills-for-sale","65":"product_tag-nembutal-pills-online","66":"product_tag-nembutal-pills-overdose","67":"product_tag-nembutal-pilule","68":"product_tag-nembutal-pilule-kupi-austrija","69":"product_tag-nembutal-pilule-kupi-europa","70":"product_tag-nembutal-pilule-buy-uk","71":"product_tag-nembutal-pilule-kupite-online","72":"product_tag-nembutal-tekuina-kupi","73":"product_tag-nembutal-current-c4-87ina-buy-australia","74":"product_tag-nembutal-tekuina-kupi-austrija","75":"product_tag-nembutal-tekuina-kupi-europa","76":"product_tag-nembutal-tekuina-kupi-uk","77":"product_tag-nembutal-samoubojstvo-c4-8dka-doza","78":"product_tag-pentobarbital-natrij-otopina-za-injekciju","79":"product_tag-pentobarbital","80":"product_tag-pentobarbital-de-sodium-dose-letale","81":"product_tag-pentobarbital-for-euthanasia","82":"product_tag-pentobarbital-natrij-cijena","83":"product_tag-pentobarbital-natrij-gdje-kupiti","84":"product_tag-pentobarbital-natrij-injekcija-usp","85":"product_tag-pentobarbital-natrij-injekcija-za-pse","86":"product_tag-pentobarbital-natrij-kupiti","87":"product_tag-pentobarbital-natrij-recept","88":"product_tag-pentobarbital-natrij-nz","89":"product_tag-pentobarbital-natrij-oralno","90":"product_tag-pentobarbital-natrij-pilule","91":"product_tag-pentobarbital-natrij-kina","92":"product_tag-pentobarbital-natrij-smrt","93":"product_tag-pentobarbital-natrij-tablete","94":"product_tag-pentobarbital-natrij-pilule-za-spavanje","95":"product_tag-pentobarbital-natrij-tekuina","96":"product_tag-pentobarbital-natrij-prah","97":"product_tag-pentobarbital-natrij-bez-recepta","98":"product_tag-pentobarbital-natrij-za-ljude","99":"product_tag-pentobarbital-natrij-za-pse","100":"product_tag-pentobarbital-natrij-anestezija","101":"product_tag-pentobarbital-natrij-skupina","102":"product_tag-pentobarbital-natrijeva-sol","103":"product_tag-pentobarbital-natrij-pilule-za-spavanje-bez-recepta","104":"product_tag-pentobarbital-blizu-mene","105":"product_tag-nembutal-tekuina-predoziranje","106":"product_tag-primjena-pentobarbitala","107":"product_tag-nembutal-na-prodaju","108":"product_tag-natrij-pentobarbital-proizvoai","109":"product_tag-purchase-nembutal-pills-online","110":"product_tag-red-pentobarbital-natrij","111":"product_tag-smrtonosna-injekcija-kupi-online","112":"product_tag-sodium-pentobarbital-shelf-life","113":"product_tag-natrij-pentobarbital-troak","114":"product_tag-where-can-i-purchase-nembutal","115":"product_tag-elim-kupiti-nembutal","117":"first","118":"instock","119":"shipping-taxable","120":"purchasable","121":"product-type-variable"},"yoast_head":"<!-- This site is optimized with the Yoast SEO plugin v27.3 - https:\/\/yoast.com\/product\/yoast-seo-wordpress\/ -->\n<title>Kupite Nembutal kapsule - Naru\u010dite Nembutal kapsule - Najbolji globalni lijekovi<\/title>\n<meta name=\"description\" content=\"Kupite\/naru\u010dite Nembutal kapsule, tablete za prodaju u Velikoj Britaniji, Europi, Kini, Japanu, Izraelu iz renomirane online ljekarne bez recepta i zajam\u010dene diskretne dostave.\" \/>\n<meta name=\"robots\" content=\"index, follow, max-snippet:-1, max-image-preview:large, max-video-preview:-1\" \/>\n<link rel=\"canonical\" href=\"https:\/\/medicinasinc.com\/hr\/product\/kupiti-nembutal-kapsule\/\" \/>\n<meta property=\"og:locale\" content=\"hr_HR\" \/>\n<meta property=\"og:type\" content=\"article\" \/>\n<meta property=\"og:title\" content=\"Kupite Nembutal kapsule - Naru\u010dite Nembutal kapsule - Najbolji globalni lijekovi\" \/>\n<meta property=\"og:description\" content=\"Kupite\/naru\u010dite Nembutal kapsule, tablete za prodaju u Velikoj Britaniji, Europi, Kini, Japanu, Izraelu iz renomirane online ljekarne bez recepta i zajam\u010dene diskretne dostave.\" \/>\n<meta property=\"og:url\" content=\"https:\/\/medicinasinc.com\/hr\/product\/kupiti-nembutal-kapsule\/\" \/>\n<meta property=\"og:site_name\" content=\"Medicinas Inc\" \/>\n<meta property=\"article:modified_time\" content=\"2022-03-15T05:28:28+00:00\" \/>\n<meta property=\"og:image\" content=\"https:\/\/medicinasinc.com\/hr\/wp-content\/uploads\/sites\/3\/2022\/02\/Buy-Nembutal-Capsules.jpg\" \/>\n\t<meta property=\"og:image:width\" content=\"600\" \/>\n\t<meta property=\"og:image:height\" content=\"600\" \/>\n\t<meta property=\"og:image:type\" content=\"image\/jpeg\" \/>\n<meta name=\"twitter:card\" content=\"summary_large_image\" \/>\n<meta name=\"twitter:label1\" content=\"Procijenjeno vrijeme \u010ditanja\" \/>\n\t<meta name=\"twitter:data1\" content=\"2 minute\" \/>\n<script type=\"application\/ld+json\" class=\"yoast-schema-graph\">{\"@context\":\"https:\\\/\\\/schema.org\",\"@graph\":[{\"@type\":\"WebPage\",\"@id\":\"https:\\\/\\\/medicinasinc.com\\\/hr\\\/product\\\/kupiti-nembutal-kapsule\\\/\",\"url\":\"https:\\\/\\\/medicinasinc.com\\\/hr\\\/product\\\/kupiti-nembutal-kapsule\\\/\",\"name\":\"Kupite Nembutal kapsule - Naru\u010dite Nembutal kapsule - Najbolji globalni lijekovi\",\"isPartOf\":{\"@id\":\"https:\\\/\\\/medicinasinc.com\\\/hr\\\/#website\"},\"primaryImageOfPage\":{\"@id\":\"https:\\\/\\\/medicinasinc.com\\\/hr\\\/product\\\/kupiti-nembutal-kapsule\\\/#primaryimage\"},\"image\":{\"@id\":\"https:\\\/\\\/medicinasinc.com\\\/hr\\\/product\\\/kupiti-nembutal-kapsule\\\/#primaryimage\"},\"thumbnailUrl\":\"https:\\\/\\\/medicinasinc.com\\\/hr\\\/wp-content\\\/uploads\\\/sites\\\/3\\\/2022\\\/02\\\/Buy-Nembutal-Capsules.jpg\",\"datePublished\":\"2022-02-22T05:58:59+00:00\",\"dateModified\":\"2022-03-15T05:28:28+00:00\",\"description\":\"Kupite\\\/naru\u010dite Nembutal kapsule, tablete za prodaju u Velikoj Britaniji, Europi, Kini, Japanu, Izraelu iz renomirane online ljekarne bez recepta i zajam\u010dene diskretne dostave.\",\"breadcrumb\":{\"@id\":\"https:\\\/\\\/medicinasinc.com\\\/hr\\\/product\\\/kupiti-nembutal-kapsule\\\/#breadcrumb\"},\"inLanguage\":\"hr\",\"potentialAction\":[{\"@type\":\"ReadAction\",\"target\":[\"https:\\\/\\\/medicinasinc.com\\\/hr\\\/product\\\/kupiti-nembutal-kapsule\\\/\"]}]},{\"@type\":\"ImageObject\",\"inLanguage\":\"hr\",\"@id\":\"https:\\\/\\\/medicinasinc.com\\\/hr\\\/product\\\/kupiti-nembutal-kapsule\\\/#primaryimage\",\"url\":\"https:\\\/\\\/medicinasinc.com\\\/hr\\\/wp-content\\\/uploads\\\/sites\\\/3\\\/2022\\\/02\\\/Buy-Nembutal-Capsules.jpg\",\"contentUrl\":\"https:\\\/\\\/medicinasinc.com\\\/hr\\\/wp-content\\\/uploads\\\/sites\\\/3\\\/2022\\\/02\\\/Buy-Nembutal-Capsules.jpg\",\"width\":600,\"height\":600},{\"@type\":\"BreadcrumbList\",\"@id\":\"https:\\\/\\\/medicinasinc.com\\\/hr\\\/product\\\/kupiti-nembutal-kapsule\\\/#breadcrumb\",\"itemListElement\":[{\"@type\":\"ListItem\",\"position\":1,\"name\":\"Du\u0107an\",\"item\":\"https:\\\/\\\/medicinasinc.com\\\/hr\\\/ducan\\\/\"},{\"@type\":\"ListItem\",\"position\":2,\"name\":\"Kupite Nembutal kapsule\"}]},{\"@type\":\"WebSite\",\"@id\":\"https:\\\/\\\/medicinasinc.com\\\/hr\\\/#website\",\"url\":\"https:\\\/\\\/medicinasinc.com\\\/hr\\\/\",\"name\":\"Medicinas Inc\",\"description\":\"Health Medical Clinic\",\"potentialAction\":[{\"@type\":\"SearchAction\",\"target\":{\"@type\":\"EntryPoint\",\"urlTemplate\":\"https:\\\/\\\/medicinasinc.com\\\/hr\\\/?s={search_term_string}\"},\"query-input\":{\"@type\":\"PropertyValueSpecification\",\"valueRequired\":true,\"valueName\":\"search_term_string\"}}],\"inLanguage\":\"hr\"}]}<\/script>\n<!-- \/ Yoast SEO plugin. -->","yoast_head_json":{"title":"Kupite Nembutal kapsule - Naru\u010dite Nembutal kapsule - Najbolji globalni lijekovi","description":"Kupite\/naru\u010dite Nembutal kapsule, tablete za prodaju u Velikoj Britaniji, Europi, Kini, Japanu, Izraelu iz renomirane online ljekarne bez recepta i zajam\u010dene diskretne dostave.","robots":{"index":"index","follow":"follow","max-snippet":"max-snippet:-1","max-image-preview":"max-image-preview:large","max-video-preview":"max-video-preview:-1"},"canonical":"https:\/\/medicinasinc.com\/hr\/product\/kupiti-nembutal-kapsule\/","og_locale":"hr_HR","og_type":"article","og_title":"Kupite Nembutal kapsule - Naru\u010dite Nembutal kapsule - Najbolji globalni lijekovi","og_description":"Kupite\/naru\u010dite Nembutal kapsule, tablete za prodaju u Velikoj Britaniji, Europi, Kini, Japanu, Izraelu iz renomirane online ljekarne bez recepta i zajam\u010dene diskretne dostave.","og_url":"https:\/\/medicinasinc.com\/hr\/product\/kupiti-nembutal-kapsule\/","og_site_name":"Medicinas Inc","article_modified_time":"2022-03-15T05:28:28+00:00","og_image":[{"width":600,"height":600,"url":"https:\/\/medicinasinc.com\/hr\/wp-content\/uploads\/sites\/3\/2022\/02\/Buy-Nembutal-Capsules.jpg","type":"image\/jpeg"}],"twitter_card":"summary_large_image","twitter_misc":{"Procijenjeno vrijeme \u010ditanja":"2 minute"},"schema":{"@context":"https:\/\/schema.org","@graph":[{"@type":"WebPage","@id":"https:\/\/medicinasinc.com\/hr\/product\/kupiti-nembutal-kapsule\/","url":"https:\/\/medicinasinc.com\/hr\/product\/kupiti-nembutal-kapsule\/","name":"Kupite Nembutal kapsule - Naru\u010dite Nembutal kapsule - Najbolji globalni lijekovi","isPartOf":{"@id":"https:\/\/medicinasinc.com\/hr\/#website"},"primaryImageOfPage":{"@id":"https:\/\/medicinasinc.com\/hr\/product\/kupiti-nembutal-kapsule\/#primaryimage"},"image":{"@id":"https:\/\/medicinasinc.com\/hr\/product\/kupiti-nembutal-kapsule\/#primaryimage"},"thumbnailUrl":"https:\/\/medicinasinc.com\/hr\/wp-content\/uploads\/sites\/3\/2022\/02\/Buy-Nembutal-Capsules.jpg","datePublished":"2022-02-22T05:58:59+00:00","dateModified":"2022-03-15T05:28:28+00:00","description":"Kupite\/naru\u010dite Nembutal kapsule, tablete za prodaju u Velikoj Britaniji, Europi, Kini, Japanu, Izraelu iz renomirane online ljekarne bez recepta i zajam\u010dene diskretne dostave.","breadcrumb":{"@id":"https:\/\/medicinasinc.com\/hr\/product\/kupiti-nembutal-kapsule\/#breadcrumb"},"inLanguage":"hr","potentialAction":[{"@type":"ReadAction","target":["https:\/\/medicinasinc.com\/hr\/product\/kupiti-nembutal-kapsule\/"]}]},{"@type":"ImageObject","inLanguage":"hr","@id":"https:\/\/medicinasinc.com\/hr\/product\/kupiti-nembutal-kapsule\/#primaryimage","url":"https:\/\/medicinasinc.com\/hr\/wp-content\/uploads\/sites\/3\/2022\/02\/Buy-Nembutal-Capsules.jpg","contentUrl":"https:\/\/medicinasinc.com\/hr\/wp-content\/uploads\/sites\/3\/2022\/02\/Buy-Nembutal-Capsules.jpg","width":600,"height":600},{"@type":"BreadcrumbList","@id":"https:\/\/medicinasinc.com\/hr\/product\/kupiti-nembutal-kapsule\/#breadcrumb","itemListElement":[{"@type":"ListItem","position":1,"name":"Du\u0107an","item":"https:\/\/medicinasinc.com\/hr\/ducan\/"},{"@type":"ListItem","position":2,"name":"Kupite Nembutal kapsule"}]},{"@type":"WebSite","@id":"https:\/\/medicinasinc.com\/hr\/#website","url":"https:\/\/medicinasinc.com\/hr\/","name":"Medicinas Inc","description":"Health Medical Clinic","potentialAction":[{"@type":"SearchAction","target":{"@type":"EntryPoint","urlTemplate":"https:\/\/medicinasinc.com\/hr\/?s={search_term_string}"},"query-input":{"@type":"PropertyValueSpecification","valueRequired":true,"valueName":"search_term_string"}}],"inLanguage":"hr"}]}},"_links":{"self":[{"href":"https:\/\/medicinasinc.com\/hr\/wp-json\/wp\/v2\/product\/5777","targetHints":{"allow":["GET"]}}],"collection":[{"href":"https:\/\/medicinasinc.com\/hr\/wp-json\/wp\/v2\/product"}],"about":[{"href":"https:\/\/medicinasinc.com\/hr\/wp-json\/wp\/v2\/types\/product"}],"replies":[{"embeddable":true,"href":"https:\/\/medicinasinc.com\/hr\/wp-json\/wp\/v2\/comments?post=5777"}],"wp:featuredmedia":[{"embeddable":true,"href":"https:\/\/medicinasinc.com\/hr\/wp-json\/wp\/v2\/media\/5786"}],"wp:attachment":[{"href":"https:\/\/medicinasinc.com\/hr\/wp-json\/wp\/v2\/media?parent=5777"}],"wp:term":[{"taxonomy":"product_brand","embeddable":true,"href":"https:\/\/medicinasinc.com\/hr\/wp-json\/wp\/v2\/product_brand?post=5777"},{"taxonomy":"product_cat","embeddable":true,"href":"https:\/\/medicinasinc.com\/hr\/wp-json\/wp\/v2\/product_cat?post=5777"},{"taxonomy":"product_tag","embeddable":true,"href":"https:\/\/medicinasinc.com\/hr\/wp-json\/wp\/v2\/product_tag?post=5777"}],"curies":[{"name":"wp","href":"https:\/\/api.w.org\/{rel}","templated":true}]}}