{"id":5739,"date":"2022-02-22T05:15:21","date_gmt":"2022-02-22T05:15:21","guid":{"rendered":"https:\/\/medicinasinc.com\/hr\/?post_type=product&#038;p=5739"},"modified":"2022-03-15T05:28:38","modified_gmt":"2022-03-15T05:28:38","slug":"kupiti-pirazolam-0-5-mg-pelete","status":"publish","type":"product","link":"https:\/\/medicinasinc.com\/hr\/product\/kupiti-pirazolam-0-5-mg-pelete\/","title":{"rendered":"Kupite Pyrazolam 0,5 mg pelete"},"content":{"rendered":"<p>Pyrazolam 0,5 mg pelete za prodaju u Ujedinjenom Kraljevstvu, Europi, Australiji i Europskoj uniji. Cijena pirazolama, dostava pirazolama preko no\u0107i i gdje kupiti kvalitetni pirazolam.<\/p>\n<p>Bitcoin se mo\u017ee koristiti za kupnju 1mg pirazolam peleta na mre\u017ei. C16H12BrN5 je molekularna struktura ove pre\u0161ane kuglice. Do pirazolama mo\u017ee biti te\u0161ko do\u0107i.<\/p>\n<p>Klasa benzodiazepina uklju\u010duje pirazolam, potpuno novi depresiv. Opu\u0161tanje, dezinhibicija i euforija samo su neke od pozitivnih nuspojava koje ljudi navode. Kupujte i naru\u010dite jeftine pelete pirazolama 2022 na internetu.<\/p>\n<p>Benzodiazepini poput pirazolama i diazepama imaju manje euforije i vi\u0161e su sedativni, tako da se obi\u010dno ne koriste u rekreativne svrhe.<\/p>\n<p> Pharmaceuticals Order Cheap 2022 Pyrazolam Pellets Online<\/p>\n<p>Postoji mnogo razli\u010ditih u\u010dinaka koji se mogu proizvesti uzimanjem benzosa jer se ve\u017eu na mjesto benzodiazepinskog receptora i pobolj\u0161avaju u\u010dinkovitost gama-aminomasla\u010dne kiseline i u\u010dinke na njezine receptore.<\/p>\n<p>Pyazolamov sedativni ili umiruju\u0107i u\u010dinak na \u017eiv\u010dani sustav mo\u017ee se pripisati njegovoj modulaciji ovog mjesta, koje je najplodniji skup inhibicijskih receptora u mozgu.<\/p>\n<p>Kupnja pirazolama od renomiranog dobavlja\u010da jam\u010di da \u0107ete to u\u010diniti. primite svoju narud\u017ebu na vrijeme za 2021. godinu.<\/p>\n<p>Umjesto benzodiazepinskih receptora, antikonvulzivni u\u010dinci benzodiazepina mogu biti posljedica njihovog vezanja na natrijeve kanale ovisne o naponu.<\/p>\n<p>U\u010dinci na natrijeve kanale. Tijelo<br \/> Vrtoglavica<br \/> gubitak motori\u010dka funkcija<br \/> Opu\u0161tanje mi\u0161i\u0107a<br \/> Depresija di\u0161nog sustava<br \/> Pyazolam djeluje manje sedativno od ostalih benzodiazepina osim ako se ne uzima u visokim dozama, zbog \u010dega se \u010desto propisuje za lije\u010denje nesanice.<br \/> Utjecaj na um<\/p>\n<p>Pyrazolamovi kognitivni u\u010dinci mogu se podijeliti na nekoliko komponenti koje pove\u0107avaju intenzitet kako se doza pove\u0107ava.<\/p>\n<p>Kupnja pirazolama od renomiranog dobavlja\u010da jam\u010di da \u0107ete dobiti svoj proizvod. rasporedite na vrijeme za 2021. godinu.<\/p>\n<p>Mnogi ljudi op\u0107e djelovanje pirazolama na um opisuju kao blagu sedaciju, ali s odgovaraju\u0107im sna\u017enim smanjenjem tjeskobe. Ima veliki broj kognitivnih u\u010dinaka koji se obi\u010dno povezuju s depresijom.<\/p>\n<p>Op\u0107enito, najuo\u010dljiviji kognitivni u\u010dinci uklju\u010duju:<\/p>\n<p>Amneziju<br \/> Suzbijanje tjeskobe<br \/> Usporavanje uma<br \/> Potiskivanje analize podataka<br \/> Dezinhibicija<br \/> Ponovljeno ponavljanje vlastitih pogre\u0161aka<br \/> Trijeznost-obmana: unato\u010d o\u010ditim dokazima suprotnom, kao \u0161to su ozbiljno kognitivno o\u0161te\u0107enje i nemogu\u0107nost potpune komunikacije s drugima, la\u017eno uvjerenje da je netko potpuno trijezan opstaje u pojedincu.<br \/> Pove\u0107anje snova<br \/> Zadivljuju\u0107i kontrasti<br \/> Naru\u010dite Pyrazolam Pellets 2021, Kupite Pyrazolam Online za jeftino 2021<\/p>\n<p>Nije neuobi\u010dajeno da ljudi koji uzimaju benzodiazepine do\u017eive neobi\u010dne nuspojave kao \u0161to su pove\u0107anje u\u010destalosti napadaja, agresije, razdra\u017eljivosti i suicidalnih ideja.<\/p>\n<p>Rekreativni korisnici droga, osobe s mentalnim bolestima, djeca, a vjerojatnije je da \u0107e do\u017eivjeti bolesnike na re\u017eimima visokih doza e ove paradoksalne u\u010dinke.<\/p>\n<p>Ovisnost i potencijal tolerancije<\/p>\n<p>Pyrazolam ima visoku razinu fizi\u010dke i mentalne ovisnosti.<br \/> Tolerancija na sedativno-hipnoti\u010dke u\u010dinke \u0107e se razviti u roku od nekoliko dana redovitog kori\u0161tenja lijeka.<\/p>\n<p>Tolerancija se vra\u0107a na normalu unutar 7 do 14 dana od prestanka. Me\u0111utim, mogu\u0107e je da, ovisno o tome koliko dugo i koliko intenzivno ga koristite, mo\u017ee potrajati znatno dulje.<\/p>\n<p>Nakon nekoliko tjedana ili dulje od stalnog doziranja, mogu se pojaviti simptomi ustezanja ili simptomi povrata lijeka, zbog \u010dega je potrebno lije\u010denje. postupno smanjenje doze.<\/p>\n<p>Interakcije koje bi mogle biti \u0161tetne. Kupite Pyrazolam online, naru\u010dite Pyrazolam Pellets 2022.<\/p>\n<p>Mnogi lijekovi su sigurni sami po sebi, ali u kombinaciji s drugim tvarima mogu biti opasni, pa \u010dak i opasni po \u017eivot. Nekoliko najopasnijih kombinacija su navedene u nastavku, ali ovo je do ne zna\u010di iscrpan popis.<\/p>\n<p>Me\u0111utim, \u010dak i u malim dozama, odre\u0111ene kombinacije mogu pove\u0107ati rizik od smrti. Prije konzumiranja mje\u0161avine dviju ili vi\u0161e tvari, potrebno je provesti neovisno istra\u017eivanje kako bi se osiguralo da je sigurna.<\/p>\n<p>Kombinacija depresiva s drugim depresivom mo\u017ee dovesti do opasne ili \u010dak smrtonosne respiratorne depresije. Pri visokim dozama, opu\u0161tanje mi\u0161i\u0107a, sedacija i amnezija koje svaki od ovih lijekova uzrokuje mogu se poja\u010dati do to\u010dke neo\u010dekivanog gubitka svijesti.<\/p>\n<p>Kao rezultat ove kombinacije, rizik od povra\u0107anja i smrti. gu\u0161enjem tijekom nesvjestice je pove\u0107ana. Osobe koje do\u017eive to trebale bi poku\u0161ati spavati u polo\u017eaju za oporavak ili neka ih prijatelj pomakne u njega.<\/p>\n<p>Benzodiazepini i stimulansi ne smiju se kombinirati zbog rizika od prekomjerne intoksikacije. Sedativni u\u010dinak benzodiazepina umanjuje se stimulansima, \u0161to je glavni razlog za razmatranje ve\u0107ine ljudi prilikom mjerenja razine intoksikacije.<\/p>\n","protected":false},"excerpt":{"rendered":"<p>U Velikoj Britaniji, Europi, Australiji i EU, Pyrazolam 0,5 mg pelete dostupne su za kupnju. Kupite Pyrazolam na mre\u017ei, dostava pirazolama preko no\u0107i, cijena pirazolama.<\/p>\n<p>Kupite 1mg pirazolam peleta s Bitcoinom u online ljekarni. C16H12BrN5 je molekularna struktura ove kemijske pelete za pre\u0161anje. pyrazolam je te\u0161ko prona\u0107i.<\/p>\n<p>Pyrazolam 0,5 mg pelete dostupne su za kupnju putem interneta. Prema teoriji, o\u010dekuje se da \u0107e pirazolam uzrokovati manje ataksije i sedacije od drugih lijekova. Budu\u0107i da nema aktivnih metabolita, pirazolam ima dulji poluvijek (u prosjeku 6 sati) i linearniji u\u010dinak od ve\u0107ine drugih benzodiazepina.<\/p>\n","protected":false},"featured_media":5751,"comment_status":"open","ping_status":"closed","template":"","meta":[],"product_brand":[],"product_cat":[2014],"product_tag":[3797,3798,3802,3803,3812,3817,3816,3799,3801,3807,3804,3805,3806,3809,3808,3800,3811,3814,3815,3813,3810],"class_list":{"0":"post-5739","1":"product","2":"type-product","3":"status-publish","4":"has-post-thumbnail","6":"product_cat-kupiti-istrazivati-kemikalije","7":"product_tag-best-place-to-order-pyrazolam-0-5-mg-pallets","8":"product_tag-best-quality-pyrazolam","9":"product_tag-buy-pyrazolam-near-me","10":"product_tag-buy-pyrazolam-online","11":"product_tag-pirazolam-cijena","12":"product_tag-gdje-kupiti-pirazolam-0-5-mg","13":"product_tag-gdje-mogu-fine-pirazolam-palete","14":"product_tag-kupi-pirazolam-0-5-mg","15":"product_tag-kupiti-pirazolam-europa","16":"product_tag-kupovni-pirazolam","17":"product_tag-red-pirazolam","18":"product_tag-naruiti-pirazolam-0-5-palete","19":"product_tag-red-pirazolam-uk","20":"product_tag-pirazolam-0-5-mg-pregled","21":"product_tag-pirazolam-0-5-mg-na-prodaju","22":"product_tag-kupiti-pirazolam-0-5-mg-pelete","23":"product_tag-pirazolam-na-prodaju","24":"product_tag-pyrazolam-supplier","25":"product_tag-pyrazolam-wholesale","26":"product_tag-pirazolam-prodaja","27":"product_tag-pirazolamski-u-c4-8dinak","29":"first","30":"instock","31":"shipping-taxable","32":"purchasable","33":"product-type-variable","34":"has-default-attributes"},"yoast_head":"<!-- This site is optimized with the Yoast SEO plugin v27.3 - https:\/\/yoast.com\/product\/yoast-seo-wordpress\/ -->\n<title>Kupite Pyrazolam 0,5 mg pelete - Pyrazolam 0,5 mg - Best Global Meds<\/title>\n<meta name=\"description\" content=\"Kupite Pyrazolam 0,5 mg pelete za prodaju u Ujedinjenom Kraljevstvu, Europi, AU, EU, naru\u010dite jeftine\u00a0Pyrazolam pelete\u00a02022., Gdje\u00a0kupiti\u00a0visokokvalitetni\u00a0Pyrazolam preko no\u0107i,\u00a0Pyrazolam\u00a0Cijena.\" \/>\n<meta name=\"robots\" content=\"index, follow, max-snippet:-1, max-image-preview:large, max-video-preview:-1\" \/>\n<link rel=\"canonical\" href=\"https:\/\/medicinasinc.com\/hr\/product\/kupiti-pirazolam-0-5-mg-pelete\/\" \/>\n<meta property=\"og:locale\" content=\"hr_HR\" \/>\n<meta property=\"og:type\" content=\"article\" \/>\n<meta property=\"og:title\" content=\"Kupite Pyrazolam 0,5 mg pelete - Pyrazolam 0,5 mg - Best Global Meds\" \/>\n<meta property=\"og:description\" content=\"Kupite Pyrazolam 0,5 mg pelete za prodaju u Ujedinjenom Kraljevstvu, Europi, AU, EU, naru\u010dite jeftine\u00a0Pyrazolam pelete\u00a02022., Gdje\u00a0kupiti\u00a0visokokvalitetni\u00a0Pyrazolam preko no\u0107i,\u00a0Pyrazolam\u00a0Cijena.\" \/>\n<meta property=\"og:url\" content=\"https:\/\/medicinasinc.com\/hr\/product\/kupiti-pirazolam-0-5-mg-pelete\/\" \/>\n<meta property=\"og:site_name\" content=\"Medicinas Inc\" \/>\n<meta property=\"article:modified_time\" content=\"2022-03-15T05:28:38+00:00\" \/>\n<meta property=\"og:image\" content=\"https:\/\/medicinasinc.com\/hr\/wp-content\/uploads\/sites\/3\/2022\/02\/buy-pyrazolam-0-5-mg-pellets-online.jpg\" \/>\n\t<meta property=\"og:image:width\" content=\"600\" \/>\n\t<meta property=\"og:image:height\" content=\"600\" \/>\n\t<meta property=\"og:image:type\" content=\"image\/jpeg\" \/>\n<meta name=\"twitter:card\" content=\"summary_large_image\" \/>\n<meta name=\"twitter:label1\" content=\"Procijenjeno vrijeme \u010ditanja\" \/>\n\t<meta name=\"twitter:data1\" content=\"4 minute\" \/>\n<script type=\"application\/ld+json\" class=\"yoast-schema-graph\">{\"@context\":\"https:\\\/\\\/schema.org\",\"@graph\":[{\"@type\":\"WebPage\",\"@id\":\"https:\\\/\\\/medicinasinc.com\\\/hr\\\/product\\\/kupiti-pirazolam-0-5-mg-pelete\\\/\",\"url\":\"https:\\\/\\\/medicinasinc.com\\\/hr\\\/product\\\/kupiti-pirazolam-0-5-mg-pelete\\\/\",\"name\":\"Kupite Pyrazolam 0,5 mg pelete - Pyrazolam 0,5 mg - Best Global Meds\",\"isPartOf\":{\"@id\":\"https:\\\/\\\/medicinasinc.com\\\/hr\\\/#website\"},\"primaryImageOfPage\":{\"@id\":\"https:\\\/\\\/medicinasinc.com\\\/hr\\\/product\\\/kupiti-pirazolam-0-5-mg-pelete\\\/#primaryimage\"},\"image\":{\"@id\":\"https:\\\/\\\/medicinasinc.com\\\/hr\\\/product\\\/kupiti-pirazolam-0-5-mg-pelete\\\/#primaryimage\"},\"thumbnailUrl\":\"https:\\\/\\\/medicinasinc.com\\\/hr\\\/wp-content\\\/uploads\\\/sites\\\/3\\\/2022\\\/02\\\/buy-pyrazolam-0-5-mg-pellets-online.jpg\",\"datePublished\":\"2022-02-22T05:15:21+00:00\",\"dateModified\":\"2022-03-15T05:28:38+00:00\",\"description\":\"Kupite Pyrazolam 0,5 mg pelete za prodaju u Ujedinjenom Kraljevstvu, Europi, AU, EU, naru\u010dite jeftine\u00a0Pyrazolam pelete\u00a02022., Gdje\u00a0kupiti\u00a0visokokvalitetni\u00a0Pyrazolam preko no\u0107i,\u00a0Pyrazolam\u00a0Cijena.\",\"breadcrumb\":{\"@id\":\"https:\\\/\\\/medicinasinc.com\\\/hr\\\/product\\\/kupiti-pirazolam-0-5-mg-pelete\\\/#breadcrumb\"},\"inLanguage\":\"hr\",\"potentialAction\":[{\"@type\":\"ReadAction\",\"target\":[\"https:\\\/\\\/medicinasinc.com\\\/hr\\\/product\\\/kupiti-pirazolam-0-5-mg-pelete\\\/\"]}]},{\"@type\":\"ImageObject\",\"inLanguage\":\"hr\",\"@id\":\"https:\\\/\\\/medicinasinc.com\\\/hr\\\/product\\\/kupiti-pirazolam-0-5-mg-pelete\\\/#primaryimage\",\"url\":\"https:\\\/\\\/medicinasinc.com\\\/hr\\\/wp-content\\\/uploads\\\/sites\\\/3\\\/2022\\\/02\\\/buy-pyrazolam-0-5-mg-pellets-online.jpg\",\"contentUrl\":\"https:\\\/\\\/medicinasinc.com\\\/hr\\\/wp-content\\\/uploads\\\/sites\\\/3\\\/2022\\\/02\\\/buy-pyrazolam-0-5-mg-pellets-online.jpg\",\"width\":600,\"height\":600},{\"@type\":\"BreadcrumbList\",\"@id\":\"https:\\\/\\\/medicinasinc.com\\\/hr\\\/product\\\/kupiti-pirazolam-0-5-mg-pelete\\\/#breadcrumb\",\"itemListElement\":[{\"@type\":\"ListItem\",\"position\":1,\"name\":\"Du\u0107an\",\"item\":\"https:\\\/\\\/medicinasinc.com\\\/hr\\\/ducan\\\/\"},{\"@type\":\"ListItem\",\"position\":2,\"name\":\"Kupite Pyrazolam 0,5 mg pelete\"}]},{\"@type\":\"WebSite\",\"@id\":\"https:\\\/\\\/medicinasinc.com\\\/hr\\\/#website\",\"url\":\"https:\\\/\\\/medicinasinc.com\\\/hr\\\/\",\"name\":\"Medicinas Inc\",\"description\":\"Health Medical Clinic\",\"potentialAction\":[{\"@type\":\"SearchAction\",\"target\":{\"@type\":\"EntryPoint\",\"urlTemplate\":\"https:\\\/\\\/medicinasinc.com\\\/hr\\\/?s={search_term_string}\"},\"query-input\":{\"@type\":\"PropertyValueSpecification\",\"valueRequired\":true,\"valueName\":\"search_term_string\"}}],\"inLanguage\":\"hr\"}]}<\/script>\n<!-- \/ Yoast SEO plugin. -->","yoast_head_json":{"title":"Kupite Pyrazolam 0,5 mg pelete - Pyrazolam 0,5 mg - Best Global Meds","description":"Kupite Pyrazolam 0,5 mg pelete za prodaju u Ujedinjenom Kraljevstvu, Europi, AU, EU, naru\u010dite jeftine\u00a0Pyrazolam pelete\u00a02022., Gdje\u00a0kupiti\u00a0visokokvalitetni\u00a0Pyrazolam preko no\u0107i,\u00a0Pyrazolam\u00a0Cijena.","robots":{"index":"index","follow":"follow","max-snippet":"max-snippet:-1","max-image-preview":"max-image-preview:large","max-video-preview":"max-video-preview:-1"},"canonical":"https:\/\/medicinasinc.com\/hr\/product\/kupiti-pirazolam-0-5-mg-pelete\/","og_locale":"hr_HR","og_type":"article","og_title":"Kupite Pyrazolam 0,5 mg pelete - Pyrazolam 0,5 mg - Best Global Meds","og_description":"Kupite Pyrazolam 0,5 mg pelete za prodaju u Ujedinjenom Kraljevstvu, Europi, AU, EU, naru\u010dite jeftine\u00a0Pyrazolam pelete\u00a02022., Gdje\u00a0kupiti\u00a0visokokvalitetni\u00a0Pyrazolam preko no\u0107i,\u00a0Pyrazolam\u00a0Cijena.","og_url":"https:\/\/medicinasinc.com\/hr\/product\/kupiti-pirazolam-0-5-mg-pelete\/","og_site_name":"Medicinas Inc","article_modified_time":"2022-03-15T05:28:38+00:00","og_image":[{"width":600,"height":600,"url":"https:\/\/medicinasinc.com\/hr\/wp-content\/uploads\/sites\/3\/2022\/02\/buy-pyrazolam-0-5-mg-pellets-online.jpg","type":"image\/jpeg"}],"twitter_card":"summary_large_image","twitter_misc":{"Procijenjeno vrijeme \u010ditanja":"4 minute"},"schema":{"@context":"https:\/\/schema.org","@graph":[{"@type":"WebPage","@id":"https:\/\/medicinasinc.com\/hr\/product\/kupiti-pirazolam-0-5-mg-pelete\/","url":"https:\/\/medicinasinc.com\/hr\/product\/kupiti-pirazolam-0-5-mg-pelete\/","name":"Kupite Pyrazolam 0,5 mg pelete - Pyrazolam 0,5 mg - Best Global Meds","isPartOf":{"@id":"https:\/\/medicinasinc.com\/hr\/#website"},"primaryImageOfPage":{"@id":"https:\/\/medicinasinc.com\/hr\/product\/kupiti-pirazolam-0-5-mg-pelete\/#primaryimage"},"image":{"@id":"https:\/\/medicinasinc.com\/hr\/product\/kupiti-pirazolam-0-5-mg-pelete\/#primaryimage"},"thumbnailUrl":"https:\/\/medicinasinc.com\/hr\/wp-content\/uploads\/sites\/3\/2022\/02\/buy-pyrazolam-0-5-mg-pellets-online.jpg","datePublished":"2022-02-22T05:15:21+00:00","dateModified":"2022-03-15T05:28:38+00:00","description":"Kupite Pyrazolam 0,5 mg pelete za prodaju u Ujedinjenom Kraljevstvu, Europi, AU, EU, naru\u010dite jeftine\u00a0Pyrazolam pelete\u00a02022., Gdje\u00a0kupiti\u00a0visokokvalitetni\u00a0Pyrazolam preko no\u0107i,\u00a0Pyrazolam\u00a0Cijena.","breadcrumb":{"@id":"https:\/\/medicinasinc.com\/hr\/product\/kupiti-pirazolam-0-5-mg-pelete\/#breadcrumb"},"inLanguage":"hr","potentialAction":[{"@type":"ReadAction","target":["https:\/\/medicinasinc.com\/hr\/product\/kupiti-pirazolam-0-5-mg-pelete\/"]}]},{"@type":"ImageObject","inLanguage":"hr","@id":"https:\/\/medicinasinc.com\/hr\/product\/kupiti-pirazolam-0-5-mg-pelete\/#primaryimage","url":"https:\/\/medicinasinc.com\/hr\/wp-content\/uploads\/sites\/3\/2022\/02\/buy-pyrazolam-0-5-mg-pellets-online.jpg","contentUrl":"https:\/\/medicinasinc.com\/hr\/wp-content\/uploads\/sites\/3\/2022\/02\/buy-pyrazolam-0-5-mg-pellets-online.jpg","width":600,"height":600},{"@type":"BreadcrumbList","@id":"https:\/\/medicinasinc.com\/hr\/product\/kupiti-pirazolam-0-5-mg-pelete\/#breadcrumb","itemListElement":[{"@type":"ListItem","position":1,"name":"Du\u0107an","item":"https:\/\/medicinasinc.com\/hr\/ducan\/"},{"@type":"ListItem","position":2,"name":"Kupite Pyrazolam 0,5 mg pelete"}]},{"@type":"WebSite","@id":"https:\/\/medicinasinc.com\/hr\/#website","url":"https:\/\/medicinasinc.com\/hr\/","name":"Medicinas Inc","description":"Health Medical Clinic","potentialAction":[{"@type":"SearchAction","target":{"@type":"EntryPoint","urlTemplate":"https:\/\/medicinasinc.com\/hr\/?s={search_term_string}"},"query-input":{"@type":"PropertyValueSpecification","valueRequired":true,"valueName":"search_term_string"}}],"inLanguage":"hr"}]}},"_links":{"self":[{"href":"https:\/\/medicinasinc.com\/hr\/wp-json\/wp\/v2\/product\/5739","targetHints":{"allow":["GET"]}}],"collection":[{"href":"https:\/\/medicinasinc.com\/hr\/wp-json\/wp\/v2\/product"}],"about":[{"href":"https:\/\/medicinasinc.com\/hr\/wp-json\/wp\/v2\/types\/product"}],"replies":[{"embeddable":true,"href":"https:\/\/medicinasinc.com\/hr\/wp-json\/wp\/v2\/comments?post=5739"}],"wp:featuredmedia":[{"embeddable":true,"href":"https:\/\/medicinasinc.com\/hr\/wp-json\/wp\/v2\/media\/5751"}],"wp:attachment":[{"href":"https:\/\/medicinasinc.com\/hr\/wp-json\/wp\/v2\/media?parent=5739"}],"wp:term":[{"taxonomy":"product_brand","embeddable":true,"href":"https:\/\/medicinasinc.com\/hr\/wp-json\/wp\/v2\/product_brand?post=5739"},{"taxonomy":"product_cat","embeddable":true,"href":"https:\/\/medicinasinc.com\/hr\/wp-json\/wp\/v2\/product_cat?post=5739"},{"taxonomy":"product_tag","embeddable":true,"href":"https:\/\/medicinasinc.com\/hr\/wp-json\/wp\/v2\/product_tag?post=5739"}],"curies":[{"name":"wp","href":"https:\/\/api.w.org\/{rel}","templated":true}]}}