{"id":5735,"date":"2022-02-22T05:09:43","date_gmt":"2022-02-22T05:09:43","guid":{"rendered":"https:\/\/medicinasinc.com\/hr\/?post_type=product&#038;p=5735"},"modified":"2022-03-15T05:28:47","modified_gmt":"2022-03-15T05:28:47","slug":"buy-al-lad-powder","status":"publish","type":"product","link":"https:\/\/medicinasinc.com\/hr\/product\/buy-al-lad-powder\/","title":{"rendered":"Kupi al-lad prah"},"content":{"rendered":"<p>Kupite al-lad prah u Velikoj Britaniji, Europi, Australiji i EU i nabavite ga do 2022. po niskoj cijeni. Al-lad puder prodaja, gdje kupiti al-lad prah preko no\u0107i.<\/p>\n<p>AL-LAD u prahu. Veletrgovac i dobavlja\u010d 99 posto \u010distih farmaceutskih sirovina, istra\u017eiva\u010dkih kemikalija i generi\u010dkih lijekova, uklju\u010duju\u0107i AL-LAD prah. Pakiranje koje je i sigurno i diskretno, kao i otprema koja je pra\u0107ena.<\/p>\n<p>Analog dietilamida lizerginske kiseline poznat kao AL-LAD, ili 6-alil-6-nor-LSD, je kemikalija spoj (LSD). Psihoaktivna droga sli\u010dna LSD-u iz klase lizergamida, primjenjuje se kako bi proizvela iste psihodeli\u010dne u\u010dinke.<\/p>\n<p>Informacije koje su brze i prljave<\/p>\n<p>AL-LAD je naziv proizvoda.<br \/> \/&gt; 6-6-nor-6-alil-6-nor, AL-LAD<br \/> -LSD<br \/> CAS broj: 65527-61-9<br \/> C22H27N3O je molekulska formula<br \/> Me\u0111unarodna unija \u010diste i primijenjene kemije (6aR,9R)<br \/> -N,N-dietil-7-prop<br \/> -2-enil-6,6a,8,9<br \/> -tetrahidro- 4H-indolo[4,3-fg]<br \/> kinolin-9-karboksamid<br \/> Molekularna te\u017eina je 349,5 g\/mol.<br \/> 99,5 posto bez ne\u010disto\u0107a<br \/> Bijela ili sivobijela kristalni prah po izgledu<\/p>\n<p>Dobavlja\u010d AL-LAD praha<\/p>\n<p>Na tr\u017ei\u0161tu farmaceutskih sirovina poznati smo po \u0161irokom rasponu proizvoda koje nudimo i po pru\u017eanju pouzdanih kapljica usluge dostave za generi\u010dke lijekove najvi\u0161eg kalibra. Cilj veletrgovca praha AL-LAD je pru\u017eiti kupcima visokokvalitetne proizvode po konkurentnim cijenama.<\/p>\n","protected":false},"excerpt":{"rendered":"<div class=\"woocommerce-product-details__short-description\">\n<p>Kupite al-lad prah za prodaju u UK, Europi, AU, EU, naru\u010dite jeftini al-lad prah 2022, gdje kupiti visokokvalitetni al-lad Dostava u prahu preko no\u0107i, prodaja praha al-lad.<\/p>\n<p>Kupite AL-LAD Powder Europe od provjerenog dobavlja\u010da istra\u017eiva\u010dkih kemikalija. AL-LAD prah prodaje veletrgovac koji dostavlja iz EU.<\/p>\n<p>Ljudi koji \u017eele kupiti AL-LAD prah mogu ga dobiti po najpovoljnijim cijenama. Ima visokokvalitetne lizergamide i druge spojeve. Najni\u017ee cijene. Postoji popust. Dostava diljem svijeta je brza.<\/p>\n<p>Kupite Al-lad prah online. Dietilamid 6-alil-6-nor-lizerginske kiseline, tako\u0111er poznat kao Aladin, je polusintetski halucinogeni lijek koji mo\u017ee izluditi ljude.<\/p>\n<table class=\"table\" style=\"height: 249px\">\n<tbody>\n<tr>\n<th><\/th>\n<td><\/td>\n<\/tr>\n<tr>\n<th>Minimalna koli\u010dina narud\u017ebe:<\/th>\n<td>20 g<\/td>\n<\/tr>\n<tr>\n<th>Mogu\u0107nost opskrbe:<\/th>\n<td>100 kg\/mjese\u010dno<\/td>\n<\/tr>\n<tr>\n<th>Luka:<\/th>\n<td> Var\u0161ava, Nizozemska<\/td>\n<\/tr>\n<tr>\n<th>Uvjeti pla\u0107anja:<\/th>\n<td>Bankovni prijenos,Bitcoin, WU\/MG, Ostalo<\/td>\n<\/tr>\n<tr>\n<th>Pojedinosti o pakiranju:<\/th>\n<td>Prema zahtjevu kupca<\/td>\n<\/tr>\n<tr>\n<th>Pojedinosti o dostavi:<\/th>\n<td>Brza dostava, DPD, Pharma Courier EU<\/td>\n<\/tr>\n<\/tbody>\n<\/table><\/div>\n","protected":false},"featured_media":5747,"comment_status":"open","ping_status":"closed","template":"","meta":[],"product_brand":[],"product_cat":[2014],"product_tag":[3758,3757,3759,3771,3776,3760,3761,3762,3763,3764,3779,3772,3767,3768,3773,3774,3775,3765,3769,3777,3766,3770,3778,3780,3783,3788,3790,3794,3795,3796,3789,3784,3785,3786,3787,3782,3791,3792,3793,3781],"class_list":{"0":"post-5735","1":"product","2":"type-product","3":"status-publish","4":"has-post-thumbnail","6":"product_cat-kupiti-istrazivati-kemikalije","7":"product_tag-al-lad-dobavlja","8":"product_tag-al-lad-sigurnost","9":"product_tag-al-lad-buy","10":"product_tag-al-lad-powder-cijene","11":"product_tag-al-lad-dobavlja-praha","12":"product_tag-al-lad-dosage","13":"product_tag-al-lad-drug","14":"product_tag-al-lad-effects","15":"product_tag-al-lad-erovid","16":"product_tag-al-lad-iskustvo","17":"product_tag-al-lad-trip-report","18":"product_tag-al-lad-powder-pregled","19":"product_tag-al-lad-powder-effect","20":"product_tag-al-lad-powder-europe","21":"product_tag-al-lad-powder-reviews","22":"product_tag-al-lad-powder-sale","23":"product_tag-al-lad-powder-sales","24":"product_tag-al-lad-powder-buy","25":"product_tag-al-lad-prah-na-prodaja","26":"product_tag-al-lad-prah-veleprodaja","27":"product_tag-al-lad-powder-kina","28":"product_tag-al-lad-prah-za-prodaja-online","29":"product_tag-al-lad-reddit","30":"product_tag-al-lad-vendor","31":"product_tag-buy-al-lad-canada","32":"product_tag-buy-al-lad-powder-europe","33":"product_tag-easychems-pregled","34":"product_tag-gdje-kupiti-al-lad","35":"product_tag-gdje-kupiti-al-lad-prah","36":"product_tag-gdje-naruiti-al-lad-prah","37":"product_tag-easy-chems-review","38":"product_tag-buy-al-lad-powder","39":"product_tag-buy-al-lad-uk","40":"product_tag-buy-al-lad-online","41":"product_tag-buy-al-lad-powder-australia","42":"product_tag-najbolje-kvalitete-al-lad-powder","43":"product_tag-red-al-lad-powder","44":"product_tag-purchase-al-lad-powder","45":"product_tag-sample-al-lad-powder","46":"product_tag-ve-c4-87-neki-zakonitost","48":"first","49":"instock","50":"shipping-taxable","51":"purchasable","52":"product-type-variable","53":"has-default-attributes"},"yoast_head":"<!-- This site is optimized with the Yoast SEO plugin v27.3 - https:\/\/yoast.com\/product\/yoast-seo-wordpress\/ -->\n<title>Kupi al-lad prah - Al-lad prah za prodaju - Best Global Meds<\/title>\n<meta name=\"description\" content=\"Kupite al-lad prah za prodaju u UK, Europi, AU, EU, naru\u010dite jeftini al-lad prah 2022, gdje kupiti visokokvalitetni al-lad prah, dostava preko no\u0107i, prodaja al-lad praha.\" \/>\n<meta name=\"robots\" content=\"index, follow, max-snippet:-1, max-image-preview:large, max-video-preview:-1\" \/>\n<link rel=\"canonical\" href=\"https:\/\/medicinasinc.com\/hr\/product\/buy-al-lad-powder\/\" \/>\n<meta property=\"og:locale\" content=\"hr_HR\" \/>\n<meta property=\"og:type\" content=\"article\" \/>\n<meta property=\"og:title\" content=\"Kupi al-lad prah - Al-lad prah za prodaju - Best Global Meds\" \/>\n<meta property=\"og:description\" content=\"Kupite al-lad prah za prodaju u UK, Europi, AU, EU, naru\u010dite jeftini al-lad prah 2022, gdje kupiti visokokvalitetni al-lad prah, dostava preko no\u0107i, prodaja al-lad praha.\" \/>\n<meta property=\"og:url\" content=\"https:\/\/medicinasinc.com\/hr\/product\/buy-al-lad-powder\/\" \/>\n<meta property=\"og:site_name\" content=\"Medicinas Inc\" \/>\n<meta property=\"article:modified_time\" content=\"2022-03-15T05:28:47+00:00\" \/>\n<meta property=\"og:image\" content=\"https:\/\/medicinasinc.com\/hr\/wp-content\/uploads\/sites\/3\/2022\/02\/Buy-al-lad-powder.jpg\" \/>\n\t<meta property=\"og:image:width\" content=\"931\" \/>\n\t<meta property=\"og:image:height\" content=\"799\" \/>\n\t<meta property=\"og:image:type\" content=\"image\/jpeg\" \/>\n<meta name=\"twitter:card\" content=\"summary_large_image\" \/>\n<meta name=\"twitter:label1\" content=\"Procijenjeno vrijeme \u010ditanja\" \/>\n\t<meta name=\"twitter:data1\" content=\"1 minuta\" \/>\n<script type=\"application\/ld+json\" class=\"yoast-schema-graph\">{\"@context\":\"https:\\\/\\\/schema.org\",\"@graph\":[{\"@type\":\"WebPage\",\"@id\":\"https:\\\/\\\/medicinasinc.com\\\/hr\\\/product\\\/buy-al-lad-powder\\\/\",\"url\":\"https:\\\/\\\/medicinasinc.com\\\/hr\\\/product\\\/buy-al-lad-powder\\\/\",\"name\":\"Kupi al-lad prah - Al-lad prah za prodaju - Best Global Meds\",\"isPartOf\":{\"@id\":\"https:\\\/\\\/medicinasinc.com\\\/hr\\\/#website\"},\"primaryImageOfPage\":{\"@id\":\"https:\\\/\\\/medicinasinc.com\\\/hr\\\/product\\\/buy-al-lad-powder\\\/#primaryimage\"},\"image\":{\"@id\":\"https:\\\/\\\/medicinasinc.com\\\/hr\\\/product\\\/buy-al-lad-powder\\\/#primaryimage\"},\"thumbnailUrl\":\"https:\\\/\\\/medicinasinc.com\\\/hr\\\/wp-content\\\/uploads\\\/sites\\\/3\\\/2022\\\/02\\\/Buy-al-lad-powder.jpg\",\"datePublished\":\"2022-02-22T05:09:43+00:00\",\"dateModified\":\"2022-03-15T05:28:47+00:00\",\"description\":\"Kupite al-lad prah za prodaju u UK, Europi, AU, EU, naru\u010dite jeftini al-lad prah 2022, gdje kupiti visokokvalitetni al-lad prah, dostava preko no\u0107i, prodaja al-lad praha.\",\"breadcrumb\":{\"@id\":\"https:\\\/\\\/medicinasinc.com\\\/hr\\\/product\\\/buy-al-lad-powder\\\/#breadcrumb\"},\"inLanguage\":\"hr\",\"potentialAction\":[{\"@type\":\"ReadAction\",\"target\":[\"https:\\\/\\\/medicinasinc.com\\\/hr\\\/product\\\/buy-al-lad-powder\\\/\"]}]},{\"@type\":\"ImageObject\",\"inLanguage\":\"hr\",\"@id\":\"https:\\\/\\\/medicinasinc.com\\\/hr\\\/product\\\/buy-al-lad-powder\\\/#primaryimage\",\"url\":\"https:\\\/\\\/medicinasinc.com\\\/hr\\\/wp-content\\\/uploads\\\/sites\\\/3\\\/2022\\\/02\\\/Buy-al-lad-powder.jpg\",\"contentUrl\":\"https:\\\/\\\/medicinasinc.com\\\/hr\\\/wp-content\\\/uploads\\\/sites\\\/3\\\/2022\\\/02\\\/Buy-al-lad-powder.jpg\",\"width\":931,\"height\":799},{\"@type\":\"BreadcrumbList\",\"@id\":\"https:\\\/\\\/medicinasinc.com\\\/hr\\\/product\\\/buy-al-lad-powder\\\/#breadcrumb\",\"itemListElement\":[{\"@type\":\"ListItem\",\"position\":1,\"name\":\"Du\u0107an\",\"item\":\"https:\\\/\\\/medicinasinc.com\\\/hr\\\/ducan\\\/\"},{\"@type\":\"ListItem\",\"position\":2,\"name\":\"Kupi al-lad prah\"}]},{\"@type\":\"WebSite\",\"@id\":\"https:\\\/\\\/medicinasinc.com\\\/hr\\\/#website\",\"url\":\"https:\\\/\\\/medicinasinc.com\\\/hr\\\/\",\"name\":\"Medicinas Inc\",\"description\":\"Health Medical Clinic\",\"potentialAction\":[{\"@type\":\"SearchAction\",\"target\":{\"@type\":\"EntryPoint\",\"urlTemplate\":\"https:\\\/\\\/medicinasinc.com\\\/hr\\\/?s={search_term_string}\"},\"query-input\":{\"@type\":\"PropertyValueSpecification\",\"valueRequired\":true,\"valueName\":\"search_term_string\"}}],\"inLanguage\":\"hr\"}]}<\/script>\n<!-- \/ Yoast SEO plugin. -->","yoast_head_json":{"title":"Kupi al-lad prah - Al-lad prah za prodaju - Best Global Meds","description":"Kupite al-lad prah za prodaju u UK, Europi, AU, EU, naru\u010dite jeftini al-lad prah 2022, gdje kupiti visokokvalitetni al-lad prah, dostava preko no\u0107i, prodaja al-lad praha.","robots":{"index":"index","follow":"follow","max-snippet":"max-snippet:-1","max-image-preview":"max-image-preview:large","max-video-preview":"max-video-preview:-1"},"canonical":"https:\/\/medicinasinc.com\/hr\/product\/buy-al-lad-powder\/","og_locale":"hr_HR","og_type":"article","og_title":"Kupi al-lad prah - Al-lad prah za prodaju - Best Global Meds","og_description":"Kupite al-lad prah za prodaju u UK, Europi, AU, EU, naru\u010dite jeftini al-lad prah 2022, gdje kupiti visokokvalitetni al-lad prah, dostava preko no\u0107i, prodaja al-lad praha.","og_url":"https:\/\/medicinasinc.com\/hr\/product\/buy-al-lad-powder\/","og_site_name":"Medicinas Inc","article_modified_time":"2022-03-15T05:28:47+00:00","og_image":[{"width":931,"height":799,"url":"https:\/\/medicinasinc.com\/hr\/wp-content\/uploads\/sites\/3\/2022\/02\/Buy-al-lad-powder.jpg","type":"image\/jpeg"}],"twitter_card":"summary_large_image","twitter_misc":{"Procijenjeno vrijeme \u010ditanja":"1 minuta"},"schema":{"@context":"https:\/\/schema.org","@graph":[{"@type":"WebPage","@id":"https:\/\/medicinasinc.com\/hr\/product\/buy-al-lad-powder\/","url":"https:\/\/medicinasinc.com\/hr\/product\/buy-al-lad-powder\/","name":"Kupi al-lad prah - Al-lad prah za prodaju - Best Global Meds","isPartOf":{"@id":"https:\/\/medicinasinc.com\/hr\/#website"},"primaryImageOfPage":{"@id":"https:\/\/medicinasinc.com\/hr\/product\/buy-al-lad-powder\/#primaryimage"},"image":{"@id":"https:\/\/medicinasinc.com\/hr\/product\/buy-al-lad-powder\/#primaryimage"},"thumbnailUrl":"https:\/\/medicinasinc.com\/hr\/wp-content\/uploads\/sites\/3\/2022\/02\/Buy-al-lad-powder.jpg","datePublished":"2022-02-22T05:09:43+00:00","dateModified":"2022-03-15T05:28:47+00:00","description":"Kupite al-lad prah za prodaju u UK, Europi, AU, EU, naru\u010dite jeftini al-lad prah 2022, gdje kupiti visokokvalitetni al-lad prah, dostava preko no\u0107i, prodaja al-lad praha.","breadcrumb":{"@id":"https:\/\/medicinasinc.com\/hr\/product\/buy-al-lad-powder\/#breadcrumb"},"inLanguage":"hr","potentialAction":[{"@type":"ReadAction","target":["https:\/\/medicinasinc.com\/hr\/product\/buy-al-lad-powder\/"]}]},{"@type":"ImageObject","inLanguage":"hr","@id":"https:\/\/medicinasinc.com\/hr\/product\/buy-al-lad-powder\/#primaryimage","url":"https:\/\/medicinasinc.com\/hr\/wp-content\/uploads\/sites\/3\/2022\/02\/Buy-al-lad-powder.jpg","contentUrl":"https:\/\/medicinasinc.com\/hr\/wp-content\/uploads\/sites\/3\/2022\/02\/Buy-al-lad-powder.jpg","width":931,"height":799},{"@type":"BreadcrumbList","@id":"https:\/\/medicinasinc.com\/hr\/product\/buy-al-lad-powder\/#breadcrumb","itemListElement":[{"@type":"ListItem","position":1,"name":"Du\u0107an","item":"https:\/\/medicinasinc.com\/hr\/ducan\/"},{"@type":"ListItem","position":2,"name":"Kupi al-lad prah"}]},{"@type":"WebSite","@id":"https:\/\/medicinasinc.com\/hr\/#website","url":"https:\/\/medicinasinc.com\/hr\/","name":"Medicinas Inc","description":"Health Medical Clinic","potentialAction":[{"@type":"SearchAction","target":{"@type":"EntryPoint","urlTemplate":"https:\/\/medicinasinc.com\/hr\/?s={search_term_string}"},"query-input":{"@type":"PropertyValueSpecification","valueRequired":true,"valueName":"search_term_string"}}],"inLanguage":"hr"}]}},"_links":{"self":[{"href":"https:\/\/medicinasinc.com\/hr\/wp-json\/wp\/v2\/product\/5735","targetHints":{"allow":["GET"]}}],"collection":[{"href":"https:\/\/medicinasinc.com\/hr\/wp-json\/wp\/v2\/product"}],"about":[{"href":"https:\/\/medicinasinc.com\/hr\/wp-json\/wp\/v2\/types\/product"}],"replies":[{"embeddable":true,"href":"https:\/\/medicinasinc.com\/hr\/wp-json\/wp\/v2\/comments?post=5735"}],"wp:featuredmedia":[{"embeddable":true,"href":"https:\/\/medicinasinc.com\/hr\/wp-json\/wp\/v2\/media\/5747"}],"wp:attachment":[{"href":"https:\/\/medicinasinc.com\/hr\/wp-json\/wp\/v2\/media?parent=5735"}],"wp:term":[{"taxonomy":"product_brand","embeddable":true,"href":"https:\/\/medicinasinc.com\/hr\/wp-json\/wp\/v2\/product_brand?post=5735"},{"taxonomy":"product_cat","embeddable":true,"href":"https:\/\/medicinasinc.com\/hr\/wp-json\/wp\/v2\/product_cat?post=5735"},{"taxonomy":"product_tag","embeddable":true,"href":"https:\/\/medicinasinc.com\/hr\/wp-json\/wp\/v2\/product_tag?post=5735"}],"curies":[{"name":"wp","href":"https:\/\/api.w.org\/{rel}","templated":true}]}}