{"id":5731,"date":"2022-02-22T05:03:24","date_gmt":"2022-02-22T05:03:24","guid":{"rendered":"https:\/\/medicinasinc.com\/hr\/?post_type=product&#038;p=5731"},"modified":"2022-03-15T05:28:54","modified_gmt":"2022-03-15T05:28:54","slug":"buy-sextacy-powder","status":"publish","type":"product","link":"https:\/\/medicinasinc.com\/hr\/product\/buy-sextacy-powder\/","title":{"rendered":"Kupite Sextacy puder"},"content":{"rendered":"<p>Obavezno kupite Sextacy puder.<\/p>\n<p>Kupujte Sextacy puder online na veliko i kupujte ga u velikim koli\u010dinama.<\/p>\n<p>Sextacy puder je novi i uzbudljiv brendirani proizvod koji mo\u017eete kupiti. kupiti.<br \/> Ako \u017eelite koristiti Sextacy, morate ga kupiti u obliku praha. Glavni sastojak je a-PVP.<\/p>\n<p>Snaga je 5\/5. Sextacy Najbolji puder koji je legalan za kori\u0161tenje.<br \/> Vrijeme je da se uklju\u010dite u laboratorij s ovim novim i sjajnim proizvodom.<\/p>\n<p>Mo\u017eete kupiti \u010disti Sextacy puder online.<\/p>\n<div class=\"product-next-previous\">\n<div class=\"product-prev\"><\/div><\/div>\n","protected":false},"excerpt":{"rendered":"<p>Pure Quality Sextacy puder za prodaju u Europi, UK i Australiji mo\u017ee se kupiti na internetu. Ako \u017eelite koristiti Sextacy, morate ga kupiti u obliku praha. Glavni sastojak je a-PVP.<\/p>\n<p>Kupite Sextacy Legal High Powder na internetu. To mo\u017eete u\u010diniti<\/p>\n<p>Kupite puno odjednom Sextacy je novi i uzbudljiv brendirani proizvod koji mo\u017eete kupiti. Sextacy je PVP, a to je ono \u0161to jest.<\/p>\n<p>Postoji puno web-mjesta na kojima mo\u017eete kupiti puno soli za kupanje za puno novca.<\/p>\n<p>Na mre\u017ei, vi ste vi. mogu kupiti sextacy soli za kupanje od Global Medicine. Prodajne cijene Sextacy soli za kupanje mo\u017eete saznati \u010ditaju\u0107i ovaj tekst<\/p>\n","protected":false},"featured_media":5742,"comment_status":"open","ping_status":"closed","template":"","meta":[],"product_brand":[],"product_cat":[2014],"product_tag":[3731,3756,3735,3545,3737,3734,3733,3732,3736,3739,3742,3743,3744,3749,3750,3751,3752,3753,3740,3745,3755,3754,3738,3741,3747,3748,3746],"class_list":{"0":"post-5731","1":"product","2":"type-product","3":"status-publish","4":"has-post-thumbnail","6":"product_cat-kupiti-istrazivati-kemikalije","7":"product_tag-best-quality-sextacy-powder","8":"product_tag-gdje-kupiti-sextacy-puder","9":"product_tag-buy-sextacy-powder-online","10":"product_tag-kupnja-metoksetamin","11":"product_tag-kupnja-sextacy-prah","12":"product_tag-buy-sextacy-powder-europa","13":"product_tag-buy-sextacy-powder","14":"product_tag-best-sextacy-powder-online","15":"product_tag-red-sextacy-prah","16":"product_tag-sextacy-powder-effect","17":"product_tag-sextacy-powder-for-sale-online","18":"product_tag-sextacy-powder-google","19":"product_tag-sextacy-powder-mail","20":"product_tag-sextacy-powder-over-night","21":"product_tag-sextacy-powder-purchase","22":"product_tag-sextacy-powder-reviews","23":"product_tag-sextacy-powder-sale","24":"product_tag-sextacy-powder-shipping","25":"product_tag-sextacy-powder-europa","26":"product_tag-sextacy-powder-mail-order","27":"product_tag-sextacy-puder-veleprodaja","28":"product_tag-sextacy-supplies-c4-8d-powder","29":"product_tag-sextacy-powder-buy","30":"product_tag-sextacy-puder-na-prodaj","31":"product_tag-sextacy-powder-online","32":"product_tag-sextacy-puder-crvena","33":"product_tag-sextacy-puder-blizu-mene","35":"first","36":"instock","37":"shipping-taxable","38":"purchasable","39":"product-type-variable","40":"has-default-attributes"},"yoast_head":"<!-- This site is optimized with the Yoast SEO plugin v27.3 - https:\/\/yoast.com\/product\/yoast-seo-wordpress\/ -->\n<title>Kupite Sextacy puder - rasprodaja Sextacy pudera - Najbolji globalni lijekovi<\/title>\n<meta name=\"description\" content=\"Kupite Pure Quality Sextacy puder za prodaju u Europi, UK, AU online. Aktivni sastojak Sextacyja je a-PVP i ovaj proizvod dolazi samo u obliku praha! Naru\u010dite Sextacy Powder\" \/>\n<meta name=\"robots\" content=\"index, follow, max-snippet:-1, max-image-preview:large, max-video-preview:-1\" \/>\n<link rel=\"canonical\" href=\"https:\/\/medicinasinc.com\/hr\/product\/buy-sextacy-powder\/\" \/>\n<meta property=\"og:locale\" content=\"hr_HR\" \/>\n<meta property=\"og:type\" content=\"article\" \/>\n<meta property=\"og:title\" content=\"Kupite Sextacy puder - rasprodaja Sextacy pudera - Najbolji globalni lijekovi\" \/>\n<meta property=\"og:description\" content=\"Kupite Pure Quality Sextacy puder za prodaju u Europi, UK, AU online. Aktivni sastojak Sextacyja je a-PVP i ovaj proizvod dolazi samo u obliku praha! Naru\u010dite Sextacy Powder\" \/>\n<meta property=\"og:url\" content=\"https:\/\/medicinasinc.com\/hr\/product\/buy-sextacy-powder\/\" \/>\n<meta property=\"og:site_name\" content=\"Medicinas Inc\" \/>\n<meta property=\"article:modified_time\" content=\"2022-03-15T05:28:54+00:00\" \/>\n<meta property=\"og:image\" content=\"https:\/\/medicinasinc.com\/hr\/wp-content\/uploads\/sites\/3\/2022\/02\/Buy-Sextacy-Powder.jpg\" \/>\n\t<meta property=\"og:image:width\" content=\"300\" \/>\n\t<meta property=\"og:image:height\" content=\"300\" \/>\n\t<meta property=\"og:image:type\" content=\"image\/jpeg\" \/>\n<meta name=\"twitter:card\" content=\"summary_large_image\" \/>\n<meta name=\"twitter:label1\" content=\"Procijenjeno vrijeme \u010ditanja\" \/>\n\t<meta name=\"twitter:data1\" content=\"1 minuta\" \/>\n<script type=\"application\/ld+json\" class=\"yoast-schema-graph\">{\"@context\":\"https:\\\/\\\/schema.org\",\"@graph\":[{\"@type\":\"WebPage\",\"@id\":\"https:\\\/\\\/medicinasinc.com\\\/hr\\\/product\\\/buy-sextacy-powder\\\/\",\"url\":\"https:\\\/\\\/medicinasinc.com\\\/hr\\\/product\\\/buy-sextacy-powder\\\/\",\"name\":\"Kupite Sextacy puder - rasprodaja Sextacy pudera - Najbolji globalni lijekovi\",\"isPartOf\":{\"@id\":\"https:\\\/\\\/medicinasinc.com\\\/hr\\\/#website\"},\"primaryImageOfPage\":{\"@id\":\"https:\\\/\\\/medicinasinc.com\\\/hr\\\/product\\\/buy-sextacy-powder\\\/#primaryimage\"},\"image\":{\"@id\":\"https:\\\/\\\/medicinasinc.com\\\/hr\\\/product\\\/buy-sextacy-powder\\\/#primaryimage\"},\"thumbnailUrl\":\"https:\\\/\\\/medicinasinc.com\\\/hr\\\/wp-content\\\/uploads\\\/sites\\\/3\\\/2022\\\/02\\\/Buy-Sextacy-Powder.jpg\",\"datePublished\":\"2022-02-22T05:03:24+00:00\",\"dateModified\":\"2022-03-15T05:28:54+00:00\",\"description\":\"Kupite Pure Quality Sextacy puder za prodaju u Europi, UK, AU online. Aktivni sastojak Sextacyja je a-PVP i ovaj proizvod dolazi samo u obliku praha! Naru\u010dite Sextacy Powder\",\"breadcrumb\":{\"@id\":\"https:\\\/\\\/medicinasinc.com\\\/hr\\\/product\\\/buy-sextacy-powder\\\/#breadcrumb\"},\"inLanguage\":\"hr\",\"potentialAction\":[{\"@type\":\"ReadAction\",\"target\":[\"https:\\\/\\\/medicinasinc.com\\\/hr\\\/product\\\/buy-sextacy-powder\\\/\"]}]},{\"@type\":\"ImageObject\",\"inLanguage\":\"hr\",\"@id\":\"https:\\\/\\\/medicinasinc.com\\\/hr\\\/product\\\/buy-sextacy-powder\\\/#primaryimage\",\"url\":\"https:\\\/\\\/medicinasinc.com\\\/hr\\\/wp-content\\\/uploads\\\/sites\\\/3\\\/2022\\\/02\\\/Buy-Sextacy-Powder.jpg\",\"contentUrl\":\"https:\\\/\\\/medicinasinc.com\\\/hr\\\/wp-content\\\/uploads\\\/sites\\\/3\\\/2022\\\/02\\\/Buy-Sextacy-Powder.jpg\",\"width\":300,\"height\":300},{\"@type\":\"BreadcrumbList\",\"@id\":\"https:\\\/\\\/medicinasinc.com\\\/hr\\\/product\\\/buy-sextacy-powder\\\/#breadcrumb\",\"itemListElement\":[{\"@type\":\"ListItem\",\"position\":1,\"name\":\"Du\u0107an\",\"item\":\"https:\\\/\\\/medicinasinc.com\\\/hr\\\/ducan\\\/\"},{\"@type\":\"ListItem\",\"position\":2,\"name\":\"Kupite Sextacy puder\"}]},{\"@type\":\"WebSite\",\"@id\":\"https:\\\/\\\/medicinasinc.com\\\/hr\\\/#website\",\"url\":\"https:\\\/\\\/medicinasinc.com\\\/hr\\\/\",\"name\":\"Medicinas Inc\",\"description\":\"Health Medical Clinic\",\"potentialAction\":[{\"@type\":\"SearchAction\",\"target\":{\"@type\":\"EntryPoint\",\"urlTemplate\":\"https:\\\/\\\/medicinasinc.com\\\/hr\\\/?s={search_term_string}\"},\"query-input\":{\"@type\":\"PropertyValueSpecification\",\"valueRequired\":true,\"valueName\":\"search_term_string\"}}],\"inLanguage\":\"hr\"}]}<\/script>\n<!-- \/ Yoast SEO plugin. -->","yoast_head_json":{"title":"Kupite Sextacy puder - rasprodaja Sextacy pudera - Najbolji globalni lijekovi","description":"Kupite Pure Quality Sextacy puder za prodaju u Europi, UK, AU online. Aktivni sastojak Sextacyja je a-PVP i ovaj proizvod dolazi samo u obliku praha! Naru\u010dite Sextacy Powder","robots":{"index":"index","follow":"follow","max-snippet":"max-snippet:-1","max-image-preview":"max-image-preview:large","max-video-preview":"max-video-preview:-1"},"canonical":"https:\/\/medicinasinc.com\/hr\/product\/buy-sextacy-powder\/","og_locale":"hr_HR","og_type":"article","og_title":"Kupite Sextacy puder - rasprodaja Sextacy pudera - Najbolji globalni lijekovi","og_description":"Kupite Pure Quality Sextacy puder za prodaju u Europi, UK, AU online. Aktivni sastojak Sextacyja je a-PVP i ovaj proizvod dolazi samo u obliku praha! Naru\u010dite Sextacy Powder","og_url":"https:\/\/medicinasinc.com\/hr\/product\/buy-sextacy-powder\/","og_site_name":"Medicinas Inc","article_modified_time":"2022-03-15T05:28:54+00:00","og_image":[{"width":300,"height":300,"url":"https:\/\/medicinasinc.com\/hr\/wp-content\/uploads\/sites\/3\/2022\/02\/Buy-Sextacy-Powder.jpg","type":"image\/jpeg"}],"twitter_card":"summary_large_image","twitter_misc":{"Procijenjeno vrijeme \u010ditanja":"1 minuta"},"schema":{"@context":"https:\/\/schema.org","@graph":[{"@type":"WebPage","@id":"https:\/\/medicinasinc.com\/hr\/product\/buy-sextacy-powder\/","url":"https:\/\/medicinasinc.com\/hr\/product\/buy-sextacy-powder\/","name":"Kupite Sextacy puder - rasprodaja Sextacy pudera - Najbolji globalni lijekovi","isPartOf":{"@id":"https:\/\/medicinasinc.com\/hr\/#website"},"primaryImageOfPage":{"@id":"https:\/\/medicinasinc.com\/hr\/product\/buy-sextacy-powder\/#primaryimage"},"image":{"@id":"https:\/\/medicinasinc.com\/hr\/product\/buy-sextacy-powder\/#primaryimage"},"thumbnailUrl":"https:\/\/medicinasinc.com\/hr\/wp-content\/uploads\/sites\/3\/2022\/02\/Buy-Sextacy-Powder.jpg","datePublished":"2022-02-22T05:03:24+00:00","dateModified":"2022-03-15T05:28:54+00:00","description":"Kupite Pure Quality Sextacy puder za prodaju u Europi, UK, AU online. Aktivni sastojak Sextacyja je a-PVP i ovaj proizvod dolazi samo u obliku praha! Naru\u010dite Sextacy Powder","breadcrumb":{"@id":"https:\/\/medicinasinc.com\/hr\/product\/buy-sextacy-powder\/#breadcrumb"},"inLanguage":"hr","potentialAction":[{"@type":"ReadAction","target":["https:\/\/medicinasinc.com\/hr\/product\/buy-sextacy-powder\/"]}]},{"@type":"ImageObject","inLanguage":"hr","@id":"https:\/\/medicinasinc.com\/hr\/product\/buy-sextacy-powder\/#primaryimage","url":"https:\/\/medicinasinc.com\/hr\/wp-content\/uploads\/sites\/3\/2022\/02\/Buy-Sextacy-Powder.jpg","contentUrl":"https:\/\/medicinasinc.com\/hr\/wp-content\/uploads\/sites\/3\/2022\/02\/Buy-Sextacy-Powder.jpg","width":300,"height":300},{"@type":"BreadcrumbList","@id":"https:\/\/medicinasinc.com\/hr\/product\/buy-sextacy-powder\/#breadcrumb","itemListElement":[{"@type":"ListItem","position":1,"name":"Du\u0107an","item":"https:\/\/medicinasinc.com\/hr\/ducan\/"},{"@type":"ListItem","position":2,"name":"Kupite Sextacy puder"}]},{"@type":"WebSite","@id":"https:\/\/medicinasinc.com\/hr\/#website","url":"https:\/\/medicinasinc.com\/hr\/","name":"Medicinas Inc","description":"Health Medical Clinic","potentialAction":[{"@type":"SearchAction","target":{"@type":"EntryPoint","urlTemplate":"https:\/\/medicinasinc.com\/hr\/?s={search_term_string}"},"query-input":{"@type":"PropertyValueSpecification","valueRequired":true,"valueName":"search_term_string"}}],"inLanguage":"hr"}]}},"_links":{"self":[{"href":"https:\/\/medicinasinc.com\/hr\/wp-json\/wp\/v2\/product\/5731","targetHints":{"allow":["GET"]}}],"collection":[{"href":"https:\/\/medicinasinc.com\/hr\/wp-json\/wp\/v2\/product"}],"about":[{"href":"https:\/\/medicinasinc.com\/hr\/wp-json\/wp\/v2\/types\/product"}],"replies":[{"embeddable":true,"href":"https:\/\/medicinasinc.com\/hr\/wp-json\/wp\/v2\/comments?post=5731"}],"wp:featuredmedia":[{"embeddable":true,"href":"https:\/\/medicinasinc.com\/hr\/wp-json\/wp\/v2\/media\/5742"}],"wp:attachment":[{"href":"https:\/\/medicinasinc.com\/hr\/wp-json\/wp\/v2\/media?parent=5731"}],"wp:term":[{"taxonomy":"product_brand","embeddable":true,"href":"https:\/\/medicinasinc.com\/hr\/wp-json\/wp\/v2\/product_brand?post=5731"},{"taxonomy":"product_cat","embeddable":true,"href":"https:\/\/medicinasinc.com\/hr\/wp-json\/wp\/v2\/product_cat?post=5731"},{"taxonomy":"product_tag","embeddable":true,"href":"https:\/\/medicinasinc.com\/hr\/wp-json\/wp\/v2\/product_tag?post=5731"}],"curies":[{"name":"wp","href":"https:\/\/api.w.org\/{rel}","templated":true}]}}