{"id":5730,"date":"2022-02-22T05:01:35","date_gmt":"2022-02-22T05:01:35","guid":{"rendered":"https:\/\/medicinasinc.com\/hr\/?post_type=product&#038;p=5730"},"modified":"2022-08-04T05:59:31","modified_gmt":"2022-08-04T05:59:31","slug":"kupi-cisti-mdma-prah","status":"publish","type":"product","link":"https:\/\/medicinasinc.com\/hr\/product\/kupi-cisti-mdma-prah\/","title":{"rendered":"Kupite \u010disti mdma prah"},"content":{"rendered":"<p>Kupite MDMA u obliku praha<\/p>\n<p>MDMA prah, MDMA kristale i ekstazi<\/p>\n<p>Sa svojim stimulativnim i halucinogenim svojstvima u jednakoj mjeri, kristali MDMA praha jedan su od najpopularnijih rekreacijskih tvari na tr\u017ei\u0161tu danas.<\/p>\n<p>1,2 Obi\u010dno,<\/p>\n<p>MDMA prah se mo\u017ee kupiti online.<\/p>\n<p>MDMA prah za prodaju u svom naj\u010di\u0161\u0107em obliku, online.<\/p>\n<p>Na mre\u017ei prodajemo samo najkvalitetniji MDMA (Ecstasy\/Molly) prah na.<\/p>\n<p>\u010cisti MDMA prah dostupan je za kupnju putem interneta.<\/p>\n<p>Najjeftinije mjesto. kupiti Ecstasy\/Molly prah<\/p>\n<p>Imaju li MDMA pra\u0161ci ikakvih prednosti ili nedostataka u usporedbi s tabletama?<\/p>\n<p>Drubljeni kristali MDMA ili prah jo\u0161 su jedan na\u010din za dobivanje tvari.<\/p>\n<p>Oralno primijenjen MDMA (kratica od 3,4-metilendioksimetamfetamin), \u010diji je kemijski naziv 3,4-metilendioksimetamfetamin, ima polu\u017eivot od 3 do 6 sati. Jedna do dvije tablete MDMA, od kojih svaka sadr\u017ei 60 do 120 miligrama MDMA, naj\u010de\u0161\u0107e je prijavljena doza. 1 Kako u\u010dinci prve doze po\u010dinju nestajati, nije neobi\u010dno da korisnici uzmu drugu dozu lijeka.<\/p>\n","protected":false},"excerpt":{"rendered":"<p>Kupite kvalitetan Mdma prah za prodaju u Velikoj Britaniji, Europi, AU u na\u0161oj medicinasinc.com online trgovini uz brzu dostavu diljem svijeta! Najbolji Mdma prah za naru\u010divanje na\u0107i \u0107ete ovdje!<\/p>\n<ul>\n<li>Kupite \u010disti MDMA prah online<\/li>\n<li>Pure MDMA u prahu online<\/li>\n<li>Ecstasy\/Molly prah na prodaju<\/li>\n<li>\u00a0kupite Ecstasy\/Molly puder online<\/li>\n<\/ul>\n","protected":false},"featured_media":5740,"comment_status":"open","ping_status":"closed","template":"","meta":[],"product_brand":[],"product_cat":[2014],"product_tag":[3704,3705,3706,3707,3729,3728,3730,3708,3703,3647,3609,3710,3711,3715,3716,3717,3718,3722,3659,3713,3714,3719,3712,3662,3720,3721,3727,3701,3702,3724,3723,3709],"class_list":{"0":"post-5730","1":"product","2":"type-product","3":"status-publish","4":"has-post-thumbnail","6":"product_cat-kupiti-istrazivati-kemikalije","7":"product_tag-buy-mdma-powder-eu","8":"product_tag-buy-mdma-powder-europe","9":"product_tag-buy-mdma-powder-near-me","10":"product_tag-buy-mdma-powder-online","11":"product_tag-gdje-kupiti-mdma-prah-kristal-online","12":"product_tag-gdje-kupiti-mdma-puder","13":"product_tag-gdje-naruiti-mdma-prah","14":"product_tag-how-to-buy-mdma-powder-crystal-online","15":"product_tag-kupiti-mdma-prah-kristal-online","16":"product_tag-kupiti-mdma-prah","17":"product_tag-mdma-puder-kupovina","18":"product_tag-mdma-powder-effect","19":"product_tag-mdma-powder-europe","20":"product_tag-mdma-powder-near-me","21":"product_tag-mdma-powder-online","22":"product_tag-mdma-powder-over-night","23":"product_tag-mdma-powder-price","24":"product_tag-mdma-powder-shipping","25":"product_tag-mdma-prah","26":"product_tag-mdma-powder-google","27":"product_tag-mdma-prah-narudba-putem-pote","28":"product_tag-mdma-powder-reddit","29":"product_tag-mdma-prah-za-prodaja-online","30":"product_tag-mdma-puder-na-prodaja","31":"product_tag-mdma-prah-pregled","32":"product_tag-mdma-puder-recenzije","33":"product_tag-najbolje-mjesto-za-kupnju-mdma-powder-crystal-online","34":"product_tag-najbolji-mdma-prah","35":"product_tag-najbolje-kvalitete-mdma-prah","36":"product_tag-naruite-mdma-powder-crystal-online","37":"product_tag-red-mdma-prah","38":"product_tag-mdma-prah-kristal-na-prodaja","40":"first","41":"instock","42":"shipping-taxable","43":"purchasable","44":"product-type-variable","45":"has-default-attributes"},"yoast_head":"<!-- This site is optimized with the Yoast SEO plugin v27.3 - https:\/\/yoast.com\/product\/yoast-seo-wordpress\/ -->\n<title>Kupite \u010disti mdma prah - mdma prah za prodaju - Best Global Meds<\/title>\n<meta name=\"description\" content=\"Kupite kvalitetan Mdma prah za prodaju u Velikoj Britaniji, Europi, AU u na\u0161oj medicinasinc.com online trgovini uz brzu dostavu diljem svijeta! Najbolji Mdma puder za naru\u010divanje na\u0107i \u0107ete ovdje!\" \/>\n<meta name=\"robots\" content=\"index, follow, max-snippet:-1, max-image-preview:large, max-video-preview:-1\" \/>\n<link rel=\"canonical\" href=\"https:\/\/medicinasinc.com\/hr\/product\/kupi-cisti-mdma-prah\/\" \/>\n<meta property=\"og:locale\" content=\"hr_HR\" \/>\n<meta property=\"og:type\" content=\"article\" \/>\n<meta property=\"og:title\" content=\"Kupite \u010disti mdma prah - mdma prah za prodaju - Best Global Meds\" \/>\n<meta property=\"og:description\" content=\"Kupite kvalitetan Mdma prah za prodaju u Velikoj Britaniji, Europi, AU u na\u0161oj medicinasinc.com online trgovini uz brzu dostavu diljem svijeta! Najbolji Mdma puder za naru\u010divanje na\u0107i \u0107ete ovdje!\" \/>\n<meta property=\"og:url\" content=\"https:\/\/medicinasinc.com\/hr\/product\/kupi-cisti-mdma-prah\/\" \/>\n<meta property=\"og:site_name\" content=\"Medicinas Inc\" \/>\n<meta property=\"article:modified_time\" content=\"2022-08-04T05:59:31+00:00\" \/>\n<meta property=\"og:image\" content=\"https:\/\/medicinasinc.com\/hr\/wp-content\/uploads\/sites\/3\/2022\/02\/Buy-pure-mdma-powder.jpg\" \/>\n\t<meta property=\"og:image:width\" content=\"1500\" \/>\n\t<meta property=\"og:image:height\" content=\"1496\" \/>\n\t<meta property=\"og:image:type\" content=\"image\/jpeg\" \/>\n<meta name=\"twitter:card\" content=\"summary_large_image\" \/>\n<meta name=\"twitter:label1\" content=\"Procijenjeno vrijeme \u010ditanja\" \/>\n\t<meta name=\"twitter:data1\" content=\"1 minuta\" \/>\n<script type=\"application\/ld+json\" class=\"yoast-schema-graph\">{\"@context\":\"https:\\\/\\\/schema.org\",\"@graph\":[{\"@type\":\"WebPage\",\"@id\":\"https:\\\/\\\/medicinasinc.com\\\/hr\\\/product\\\/kupi-cisti-mdma-prah\\\/\",\"url\":\"https:\\\/\\\/medicinasinc.com\\\/hr\\\/product\\\/kupi-cisti-mdma-prah\\\/\",\"name\":\"Kupite \u010disti mdma prah - mdma prah za prodaju - Best Global Meds\",\"isPartOf\":{\"@id\":\"https:\\\/\\\/medicinasinc.com\\\/hr\\\/#website\"},\"primaryImageOfPage\":{\"@id\":\"https:\\\/\\\/medicinasinc.com\\\/hr\\\/product\\\/kupi-cisti-mdma-prah\\\/#primaryimage\"},\"image\":{\"@id\":\"https:\\\/\\\/medicinasinc.com\\\/hr\\\/product\\\/kupi-cisti-mdma-prah\\\/#primaryimage\"},\"thumbnailUrl\":\"https:\\\/\\\/medicinasinc.com\\\/hr\\\/wp-content\\\/uploads\\\/sites\\\/3\\\/2022\\\/02\\\/Buy-pure-mdma-powder.jpg\",\"datePublished\":\"2022-02-22T05:01:35+00:00\",\"dateModified\":\"2022-08-04T05:59:31+00:00\",\"description\":\"Kupite kvalitetan Mdma prah za prodaju u Velikoj Britaniji, Europi, AU u na\u0161oj medicinasinc.com online trgovini uz brzu dostavu diljem svijeta! Najbolji Mdma puder za naru\u010divanje na\u0107i \u0107ete ovdje!\",\"breadcrumb\":{\"@id\":\"https:\\\/\\\/medicinasinc.com\\\/hr\\\/product\\\/kupi-cisti-mdma-prah\\\/#breadcrumb\"},\"inLanguage\":\"hr\",\"potentialAction\":[{\"@type\":\"ReadAction\",\"target\":[\"https:\\\/\\\/medicinasinc.com\\\/hr\\\/product\\\/kupi-cisti-mdma-prah\\\/\"]}]},{\"@type\":\"ImageObject\",\"inLanguage\":\"hr\",\"@id\":\"https:\\\/\\\/medicinasinc.com\\\/hr\\\/product\\\/kupi-cisti-mdma-prah\\\/#primaryimage\",\"url\":\"https:\\\/\\\/medicinasinc.com\\\/hr\\\/wp-content\\\/uploads\\\/sites\\\/3\\\/2022\\\/02\\\/Buy-pure-mdma-powder.jpg\",\"contentUrl\":\"https:\\\/\\\/medicinasinc.com\\\/hr\\\/wp-content\\\/uploads\\\/sites\\\/3\\\/2022\\\/02\\\/Buy-pure-mdma-powder.jpg\",\"width\":1500,\"height\":1496},{\"@type\":\"BreadcrumbList\",\"@id\":\"https:\\\/\\\/medicinasinc.com\\\/hr\\\/product\\\/kupi-cisti-mdma-prah\\\/#breadcrumb\",\"itemListElement\":[{\"@type\":\"ListItem\",\"position\":1,\"name\":\"Du\u0107an\",\"item\":\"https:\\\/\\\/medicinasinc.com\\\/hr\\\/ducan\\\/\"},{\"@type\":\"ListItem\",\"position\":2,\"name\":\"Kupite \u010disti mdma prah\"}]},{\"@type\":\"WebSite\",\"@id\":\"https:\\\/\\\/medicinasinc.com\\\/hr\\\/#website\",\"url\":\"https:\\\/\\\/medicinasinc.com\\\/hr\\\/\",\"name\":\"Medicinas Inc\",\"description\":\"Health Medical Clinic\",\"potentialAction\":[{\"@type\":\"SearchAction\",\"target\":{\"@type\":\"EntryPoint\",\"urlTemplate\":\"https:\\\/\\\/medicinasinc.com\\\/hr\\\/?s={search_term_string}\"},\"query-input\":{\"@type\":\"PropertyValueSpecification\",\"valueRequired\":true,\"valueName\":\"search_term_string\"}}],\"inLanguage\":\"hr\"}]}<\/script>\n<!-- \/ Yoast SEO plugin. -->","yoast_head_json":{"title":"Kupite \u010disti mdma prah - mdma prah za prodaju - Best Global Meds","description":"Kupite kvalitetan Mdma prah za prodaju u Velikoj Britaniji, Europi, AU u na\u0161oj medicinasinc.com online trgovini uz brzu dostavu diljem svijeta! Najbolji Mdma puder za naru\u010divanje na\u0107i \u0107ete ovdje!","robots":{"index":"index","follow":"follow","max-snippet":"max-snippet:-1","max-image-preview":"max-image-preview:large","max-video-preview":"max-video-preview:-1"},"canonical":"https:\/\/medicinasinc.com\/hr\/product\/kupi-cisti-mdma-prah\/","og_locale":"hr_HR","og_type":"article","og_title":"Kupite \u010disti mdma prah - mdma prah za prodaju - Best Global Meds","og_description":"Kupite kvalitetan Mdma prah za prodaju u Velikoj Britaniji, Europi, AU u na\u0161oj medicinasinc.com online trgovini uz brzu dostavu diljem svijeta! Najbolji Mdma puder za naru\u010divanje na\u0107i \u0107ete ovdje!","og_url":"https:\/\/medicinasinc.com\/hr\/product\/kupi-cisti-mdma-prah\/","og_site_name":"Medicinas Inc","article_modified_time":"2022-08-04T05:59:31+00:00","og_image":[{"width":1500,"height":1496,"url":"https:\/\/medicinasinc.com\/hr\/wp-content\/uploads\/sites\/3\/2022\/02\/Buy-pure-mdma-powder.jpg","type":"image\/jpeg"}],"twitter_card":"summary_large_image","twitter_misc":{"Procijenjeno vrijeme \u010ditanja":"1 minuta"},"schema":{"@context":"https:\/\/schema.org","@graph":[{"@type":"WebPage","@id":"https:\/\/medicinasinc.com\/hr\/product\/kupi-cisti-mdma-prah\/","url":"https:\/\/medicinasinc.com\/hr\/product\/kupi-cisti-mdma-prah\/","name":"Kupite \u010disti mdma prah - mdma prah za prodaju - Best Global Meds","isPartOf":{"@id":"https:\/\/medicinasinc.com\/hr\/#website"},"primaryImageOfPage":{"@id":"https:\/\/medicinasinc.com\/hr\/product\/kupi-cisti-mdma-prah\/#primaryimage"},"image":{"@id":"https:\/\/medicinasinc.com\/hr\/product\/kupi-cisti-mdma-prah\/#primaryimage"},"thumbnailUrl":"https:\/\/medicinasinc.com\/hr\/wp-content\/uploads\/sites\/3\/2022\/02\/Buy-pure-mdma-powder.jpg","datePublished":"2022-02-22T05:01:35+00:00","dateModified":"2022-08-04T05:59:31+00:00","description":"Kupite kvalitetan Mdma prah za prodaju u Velikoj Britaniji, Europi, AU u na\u0161oj medicinasinc.com online trgovini uz brzu dostavu diljem svijeta! Najbolji Mdma puder za naru\u010divanje na\u0107i \u0107ete ovdje!","breadcrumb":{"@id":"https:\/\/medicinasinc.com\/hr\/product\/kupi-cisti-mdma-prah\/#breadcrumb"},"inLanguage":"hr","potentialAction":[{"@type":"ReadAction","target":["https:\/\/medicinasinc.com\/hr\/product\/kupi-cisti-mdma-prah\/"]}]},{"@type":"ImageObject","inLanguage":"hr","@id":"https:\/\/medicinasinc.com\/hr\/product\/kupi-cisti-mdma-prah\/#primaryimage","url":"https:\/\/medicinasinc.com\/hr\/wp-content\/uploads\/sites\/3\/2022\/02\/Buy-pure-mdma-powder.jpg","contentUrl":"https:\/\/medicinasinc.com\/hr\/wp-content\/uploads\/sites\/3\/2022\/02\/Buy-pure-mdma-powder.jpg","width":1500,"height":1496},{"@type":"BreadcrumbList","@id":"https:\/\/medicinasinc.com\/hr\/product\/kupi-cisti-mdma-prah\/#breadcrumb","itemListElement":[{"@type":"ListItem","position":1,"name":"Du\u0107an","item":"https:\/\/medicinasinc.com\/hr\/ducan\/"},{"@type":"ListItem","position":2,"name":"Kupite \u010disti mdma prah"}]},{"@type":"WebSite","@id":"https:\/\/medicinasinc.com\/hr\/#website","url":"https:\/\/medicinasinc.com\/hr\/","name":"Medicinas Inc","description":"Health Medical Clinic","potentialAction":[{"@type":"SearchAction","target":{"@type":"EntryPoint","urlTemplate":"https:\/\/medicinasinc.com\/hr\/?s={search_term_string}"},"query-input":{"@type":"PropertyValueSpecification","valueRequired":true,"valueName":"search_term_string"}}],"inLanguage":"hr"}]}},"_links":{"self":[{"href":"https:\/\/medicinasinc.com\/hr\/wp-json\/wp\/v2\/product\/5730","targetHints":{"allow":["GET"]}}],"collection":[{"href":"https:\/\/medicinasinc.com\/hr\/wp-json\/wp\/v2\/product"}],"about":[{"href":"https:\/\/medicinasinc.com\/hr\/wp-json\/wp\/v2\/types\/product"}],"replies":[{"embeddable":true,"href":"https:\/\/medicinasinc.com\/hr\/wp-json\/wp\/v2\/comments?post=5730"}],"wp:featuredmedia":[{"embeddable":true,"href":"https:\/\/medicinasinc.com\/hr\/wp-json\/wp\/v2\/media\/5740"}],"wp:attachment":[{"href":"https:\/\/medicinasinc.com\/hr\/wp-json\/wp\/v2\/media?parent=5730"}],"wp:term":[{"taxonomy":"product_brand","embeddable":true,"href":"https:\/\/medicinasinc.com\/hr\/wp-json\/wp\/v2\/product_brand?post=5730"},{"taxonomy":"product_cat","embeddable":true,"href":"https:\/\/medicinasinc.com\/hr\/wp-json\/wp\/v2\/product_cat?post=5730"},{"taxonomy":"product_tag","embeddable":true,"href":"https:\/\/medicinasinc.com\/hr\/wp-json\/wp\/v2\/product_tag?post=5730"}],"curies":[{"name":"wp","href":"https:\/\/api.w.org\/{rel}","templated":true}]}}