{"id":5729,"date":"2022-02-22T04:59:37","date_gmt":"2022-02-22T04:59:37","guid":{"rendered":"https:\/\/medicinasinc.com\/hr\/?post_type=product&#038;p=5729"},"modified":"2022-03-15T05:29:15","modified_gmt":"2022-03-15T05:29:15","slug":"kupi-hidrokodon-prah","status":"publish","type":"product","link":"https:\/\/medicinasinc.com\/hr\/product\/kupi-hidrokodon-prah\/","title":{"rendered":"Kupite hidrokodon u prahu"},"content":{"rendered":"<p>Kako biste kupili hidrokodon u prahu online, kliknite ovdje.<br \/> Online mo\u017eete kupiti hidrokodon u prahu na veliko po povoljnoj cijeni po veleprodajnim cijenama. Hidrokodon, koji se prodaje pod robnom markom Hysingla i drugim imenima, opioid je koji se mo\u017ee koristiti za lije\u010denje boli koja traje dugo ako drugi tretmani ne djeluju. Kao sredstvo za suzbijanje ka\u0161lja, koriste ga i osobe starije od 18 godina. Ljudi ga jedu. Acetaminofen i hidrokodon se obi\u010dno prodaju zajedno. Ibuprofen i hidrokodon se tako\u0111er obi\u010dno prodaju zajedno. Sam po sebi, dolazi u obliku dugotrajnog djelovanja koji mo\u017eete kupiti.<\/p>\n<p>Postoje dvije vrste hidrokodonske soli ili praha:<\/p>\n<p>Hidrokodon je polusintetski opioid koji dolazi iz biljka kodeina. Hidrokodon se mo\u017ee uzimati na usta za ubla\u017eavanje boli i zaustavljanje ka\u0161ljanja, \u010desto s paracetamolom ili ibuprofenom. U Sjedinjenim Dr\u017eavama postoji mnogo recepata za hidrokodon.<\/p>\n","protected":false},"excerpt":{"rendered":"<p>Hydrocodone u prahu za prodaju u Europi, Ujedinjenom Kraljevstvu i Australiji. Kodein se koristi za proizvodnju hidrokodonskog praha, polusintetskog opioida. Najjeftinije cijene za hidrokodon u prahu.<\/p>\n<p>Kupite hidrokodon u prahu online iz pouzdanog izvora.<\/p>\n<p>To je polusintetski opioid dobiven iz kodeina. Hidrokodon u prahu<\/p>\n","protected":false},"featured_media":5738,"comment_status":"open","ping_status":"closed","template":"","meta":[],"product_brand":[],"product_cat":[2014],"product_tag":[3673,3674,3696,3675,3700,3676,3687,3681,3689,3677,3678,3686,3680,3683,3684,3688,3691,3692,3690,3693,3694,3670,3672,3671,3695,3682,3699,3685,3697,3698,3679],"class_list":{"0":"post-5729","1":"product","2":"type-product","3":"status-publish","4":"has-post-thumbnail","6":"product_cat-kupiti-istrazivati-kemikalije","7":"product_tag-buy-hydrocodone-powder","8":"product_tag-can-hydrocodone-kill-you","9":"product_tag-isti-hidrokodon-praak-na-prodaju","10":"product_tag-does-hydrocodone-cause-constipation","11":"product_tag-gdje-kupiti-hidrokodon-pilule","12":"product_tag-hidrokodon-hcl","13":"product_tag-hidrokodon-praak-upotrebe","14":"product_tag-hidrokodon-prah-na-prodaju","15":"product_tag-hidrokodon-vs-vikodin","16":"product_tag-hidrokodon-prah","17":"product_tag-hidrokodon-prah-kupi","18":"product_tag-hidrokodon-prah-prodaja","19":"product_tag-hidrokodon-prah-za-spojivanje","20":"product_tag-hydrocodone-powder-price","21":"product_tag-hydrocodone-powder-reddit","22":"product_tag-hydrocodone-vs-kratom","23":"product_tag-kratom-and-hydrocodone-combination","24":"product_tag-kratom-bali-compared-to-hydrocodone","25":"product_tag-kratom-i-hidrokodon","26":"product_tag-kratom-u-usporedbi-s-norco","27":"product_tag-kratom-vs-hidrokodon-snaga","28":"product_tag-kupiti-hidrokodon-acetaminofen","29":"product_tag-kupiti-hidrokodon-online-bez-rx","30":"product_tag-kupiti-hidrokodon-online-usa","31":"product_tag-mijeanje-kratom-i-hidrokodona","32":"product_tag-hidrokodon-prah-crveno","33":"product_tag-od-ega-se-sastoji-hidrokodon","34":"product_tag-hidrokodon-pra-c5-a1ak-pregled","35":"product_tag-sirovi-hidrokodon-prah","36":"product_tag-to-se-dogaa-kad-mrka-hidrokodon","37":"product_tag-hidrokodon-prah-uinak","39":"first","40":"instock","41":"shipping-taxable","42":"purchasable","43":"product-type-variable","44":"has-default-attributes"},"yoast_head":"<!-- This site is optimized with the Yoast SEO plugin v27.3 - https:\/\/yoast.com\/product\/yoast-seo-wordpress\/ -->\n<title>Kupite hidrokodon u prahu - hidrokodon u prahu - najbolji svjetski lijekovi<\/title>\n<meta name=\"description\" content=\"Kupite kvalitetan hidrokodon u prahu za prodaju u Europi, UK, AU online. Hidrokodon u prahu je polusintetski opioid koji se dobiva iz kodeina. Naru\u010dite hidrokodon prah po najpovoljnijim cijenama\" \/>\n<meta name=\"robots\" content=\"index, follow, max-snippet:-1, max-image-preview:large, max-video-preview:-1\" \/>\n<link rel=\"canonical\" href=\"https:\/\/medicinasinc.com\/hr\/product\/kupi-hidrokodon-prah\/\" \/>\n<meta property=\"og:locale\" content=\"hr_HR\" \/>\n<meta property=\"og:type\" content=\"article\" \/>\n<meta property=\"og:title\" content=\"Kupite hidrokodon u prahu - hidrokodon u prahu - najbolji svjetski lijekovi\" \/>\n<meta property=\"og:description\" content=\"Kupite kvalitetan hidrokodon u prahu za prodaju u Europi, UK, AU online. Hidrokodon u prahu je polusintetski opioid koji se dobiva iz kodeina. Naru\u010dite hidrokodon prah po najpovoljnijim cijenama\" \/>\n<meta property=\"og:url\" content=\"https:\/\/medicinasinc.com\/hr\/product\/kupi-hidrokodon-prah\/\" \/>\n<meta property=\"og:site_name\" content=\"Medicinas Inc\" \/>\n<meta property=\"article:modified_time\" content=\"2022-03-15T05:29:15+00:00\" \/>\n<meta property=\"og:image\" content=\"https:\/\/medicinasinc.com\/hr\/wp-content\/uploads\/sites\/3\/2022\/02\/Buy-Hydrocodone-Powder.jpg\" \/>\n\t<meta property=\"og:image:width\" content=\"650\" \/>\n\t<meta property=\"og:image:height\" content=\"390\" \/>\n\t<meta property=\"og:image:type\" content=\"image\/jpeg\" \/>\n<meta name=\"twitter:card\" content=\"summary_large_image\" \/>\n<meta name=\"twitter:label1\" content=\"Procijenjeno vrijeme \u010ditanja\" \/>\n\t<meta name=\"twitter:data1\" content=\"1 minuta\" \/>\n<script type=\"application\/ld+json\" class=\"yoast-schema-graph\">{\"@context\":\"https:\\\/\\\/schema.org\",\"@graph\":[{\"@type\":\"WebPage\",\"@id\":\"https:\\\/\\\/medicinasinc.com\\\/hr\\\/product\\\/kupi-hidrokodon-prah\\\/\",\"url\":\"https:\\\/\\\/medicinasinc.com\\\/hr\\\/product\\\/kupi-hidrokodon-prah\\\/\",\"name\":\"Kupite hidrokodon u prahu - hidrokodon u prahu - najbolji svjetski lijekovi\",\"isPartOf\":{\"@id\":\"https:\\\/\\\/medicinasinc.com\\\/hr\\\/#website\"},\"primaryImageOfPage\":{\"@id\":\"https:\\\/\\\/medicinasinc.com\\\/hr\\\/product\\\/kupi-hidrokodon-prah\\\/#primaryimage\"},\"image\":{\"@id\":\"https:\\\/\\\/medicinasinc.com\\\/hr\\\/product\\\/kupi-hidrokodon-prah\\\/#primaryimage\"},\"thumbnailUrl\":\"https:\\\/\\\/medicinasinc.com\\\/hr\\\/wp-content\\\/uploads\\\/sites\\\/3\\\/2022\\\/02\\\/Buy-Hydrocodone-Powder.jpg\",\"datePublished\":\"2022-02-22T04:59:37+00:00\",\"dateModified\":\"2022-03-15T05:29:15+00:00\",\"description\":\"Kupite kvalitetan hidrokodon u prahu za prodaju u Europi, UK, AU online. Hidrokodon u prahu je polusintetski opioid koji se dobiva iz kodeina. Naru\u010dite hidrokodon prah po najpovoljnijim cijenama\",\"breadcrumb\":{\"@id\":\"https:\\\/\\\/medicinasinc.com\\\/hr\\\/product\\\/kupi-hidrokodon-prah\\\/#breadcrumb\"},\"inLanguage\":\"hr\",\"potentialAction\":[{\"@type\":\"ReadAction\",\"target\":[\"https:\\\/\\\/medicinasinc.com\\\/hr\\\/product\\\/kupi-hidrokodon-prah\\\/\"]}]},{\"@type\":\"ImageObject\",\"inLanguage\":\"hr\",\"@id\":\"https:\\\/\\\/medicinasinc.com\\\/hr\\\/product\\\/kupi-hidrokodon-prah\\\/#primaryimage\",\"url\":\"https:\\\/\\\/medicinasinc.com\\\/hr\\\/wp-content\\\/uploads\\\/sites\\\/3\\\/2022\\\/02\\\/Buy-Hydrocodone-Powder.jpg\",\"contentUrl\":\"https:\\\/\\\/medicinasinc.com\\\/hr\\\/wp-content\\\/uploads\\\/sites\\\/3\\\/2022\\\/02\\\/Buy-Hydrocodone-Powder.jpg\",\"width\":650,\"height\":390},{\"@type\":\"BreadcrumbList\",\"@id\":\"https:\\\/\\\/medicinasinc.com\\\/hr\\\/product\\\/kupi-hidrokodon-prah\\\/#breadcrumb\",\"itemListElement\":[{\"@type\":\"ListItem\",\"position\":1,\"name\":\"Du\u0107an\",\"item\":\"https:\\\/\\\/medicinasinc.com\\\/hr\\\/ducan\\\/\"},{\"@type\":\"ListItem\",\"position\":2,\"name\":\"Kupite hidrokodon u prahu\"}]},{\"@type\":\"WebSite\",\"@id\":\"https:\\\/\\\/medicinasinc.com\\\/hr\\\/#website\",\"url\":\"https:\\\/\\\/medicinasinc.com\\\/hr\\\/\",\"name\":\"Medicinas Inc\",\"description\":\"Health Medical Clinic\",\"potentialAction\":[{\"@type\":\"SearchAction\",\"target\":{\"@type\":\"EntryPoint\",\"urlTemplate\":\"https:\\\/\\\/medicinasinc.com\\\/hr\\\/?s={search_term_string}\"},\"query-input\":{\"@type\":\"PropertyValueSpecification\",\"valueRequired\":true,\"valueName\":\"search_term_string\"}}],\"inLanguage\":\"hr\"}]}<\/script>\n<!-- \/ Yoast SEO plugin. -->","yoast_head_json":{"title":"Kupite hidrokodon u prahu - hidrokodon u prahu - najbolji svjetski lijekovi","description":"Kupite kvalitetan hidrokodon u prahu za prodaju u Europi, UK, AU online. Hidrokodon u prahu je polusintetski opioid koji se dobiva iz kodeina. Naru\u010dite hidrokodon prah po najpovoljnijim cijenama","robots":{"index":"index","follow":"follow","max-snippet":"max-snippet:-1","max-image-preview":"max-image-preview:large","max-video-preview":"max-video-preview:-1"},"canonical":"https:\/\/medicinasinc.com\/hr\/product\/kupi-hidrokodon-prah\/","og_locale":"hr_HR","og_type":"article","og_title":"Kupite hidrokodon u prahu - hidrokodon u prahu - najbolji svjetski lijekovi","og_description":"Kupite kvalitetan hidrokodon u prahu za prodaju u Europi, UK, AU online. Hidrokodon u prahu je polusintetski opioid koji se dobiva iz kodeina. Naru\u010dite hidrokodon prah po najpovoljnijim cijenama","og_url":"https:\/\/medicinasinc.com\/hr\/product\/kupi-hidrokodon-prah\/","og_site_name":"Medicinas Inc","article_modified_time":"2022-03-15T05:29:15+00:00","og_image":[{"width":650,"height":390,"url":"https:\/\/medicinasinc.com\/hr\/wp-content\/uploads\/sites\/3\/2022\/02\/Buy-Hydrocodone-Powder.jpg","type":"image\/jpeg"}],"twitter_card":"summary_large_image","twitter_misc":{"Procijenjeno vrijeme \u010ditanja":"1 minuta"},"schema":{"@context":"https:\/\/schema.org","@graph":[{"@type":"WebPage","@id":"https:\/\/medicinasinc.com\/hr\/product\/kupi-hidrokodon-prah\/","url":"https:\/\/medicinasinc.com\/hr\/product\/kupi-hidrokodon-prah\/","name":"Kupite hidrokodon u prahu - hidrokodon u prahu - najbolji svjetski lijekovi","isPartOf":{"@id":"https:\/\/medicinasinc.com\/hr\/#website"},"primaryImageOfPage":{"@id":"https:\/\/medicinasinc.com\/hr\/product\/kupi-hidrokodon-prah\/#primaryimage"},"image":{"@id":"https:\/\/medicinasinc.com\/hr\/product\/kupi-hidrokodon-prah\/#primaryimage"},"thumbnailUrl":"https:\/\/medicinasinc.com\/hr\/wp-content\/uploads\/sites\/3\/2022\/02\/Buy-Hydrocodone-Powder.jpg","datePublished":"2022-02-22T04:59:37+00:00","dateModified":"2022-03-15T05:29:15+00:00","description":"Kupite kvalitetan hidrokodon u prahu za prodaju u Europi, UK, AU online. Hidrokodon u prahu je polusintetski opioid koji se dobiva iz kodeina. Naru\u010dite hidrokodon prah po najpovoljnijim cijenama","breadcrumb":{"@id":"https:\/\/medicinasinc.com\/hr\/product\/kupi-hidrokodon-prah\/#breadcrumb"},"inLanguage":"hr","potentialAction":[{"@type":"ReadAction","target":["https:\/\/medicinasinc.com\/hr\/product\/kupi-hidrokodon-prah\/"]}]},{"@type":"ImageObject","inLanguage":"hr","@id":"https:\/\/medicinasinc.com\/hr\/product\/kupi-hidrokodon-prah\/#primaryimage","url":"https:\/\/medicinasinc.com\/hr\/wp-content\/uploads\/sites\/3\/2022\/02\/Buy-Hydrocodone-Powder.jpg","contentUrl":"https:\/\/medicinasinc.com\/hr\/wp-content\/uploads\/sites\/3\/2022\/02\/Buy-Hydrocodone-Powder.jpg","width":650,"height":390},{"@type":"BreadcrumbList","@id":"https:\/\/medicinasinc.com\/hr\/product\/kupi-hidrokodon-prah\/#breadcrumb","itemListElement":[{"@type":"ListItem","position":1,"name":"Du\u0107an","item":"https:\/\/medicinasinc.com\/hr\/ducan\/"},{"@type":"ListItem","position":2,"name":"Kupite hidrokodon u prahu"}]},{"@type":"WebSite","@id":"https:\/\/medicinasinc.com\/hr\/#website","url":"https:\/\/medicinasinc.com\/hr\/","name":"Medicinas Inc","description":"Health Medical Clinic","potentialAction":[{"@type":"SearchAction","target":{"@type":"EntryPoint","urlTemplate":"https:\/\/medicinasinc.com\/hr\/?s={search_term_string}"},"query-input":{"@type":"PropertyValueSpecification","valueRequired":true,"valueName":"search_term_string"}}],"inLanguage":"hr"}]}},"_links":{"self":[{"href":"https:\/\/medicinasinc.com\/hr\/wp-json\/wp\/v2\/product\/5729","targetHints":{"allow":["GET"]}}],"collection":[{"href":"https:\/\/medicinasinc.com\/hr\/wp-json\/wp\/v2\/product"}],"about":[{"href":"https:\/\/medicinasinc.com\/hr\/wp-json\/wp\/v2\/types\/product"}],"replies":[{"embeddable":true,"href":"https:\/\/medicinasinc.com\/hr\/wp-json\/wp\/v2\/comments?post=5729"}],"wp:featuredmedia":[{"embeddable":true,"href":"https:\/\/medicinasinc.com\/hr\/wp-json\/wp\/v2\/media\/5738"}],"wp:attachment":[{"href":"https:\/\/medicinasinc.com\/hr\/wp-json\/wp\/v2\/media?parent=5729"}],"wp:term":[{"taxonomy":"product_brand","embeddable":true,"href":"https:\/\/medicinasinc.com\/hr\/wp-json\/wp\/v2\/product_brand?post=5729"},{"taxonomy":"product_cat","embeddable":true,"href":"https:\/\/medicinasinc.com\/hr\/wp-json\/wp\/v2\/product_cat?post=5729"},{"taxonomy":"product_tag","embeddable":true,"href":"https:\/\/medicinasinc.com\/hr\/wp-json\/wp\/v2\/product_tag?post=5729"}],"curies":[{"name":"wp","href":"https:\/\/api.w.org\/{rel}","templated":true}]}}