{"id":5710,"date":"2022-02-22T04:39:11","date_gmt":"2022-02-22T04:39:11","guid":{"rendered":"https:\/\/medicinasinc.com\/hr\/?post_type=product&#038;p=5710"},"modified":"2022-03-15T05:29:24","modified_gmt":"2022-03-15T05:29:24","slug":"kupi-mdma-kristali","status":"publish","type":"product","link":"https:\/\/medicinasinc.com\/hr\/product\/kupi-mdma-kristali\/","title":{"rendered":"Kupite mdma kristale"},"content":{"rendered":"<p>GDJE NARU\u010cITI MDMA PRA\u0160AK I KRISTALE ONLINE<\/p>\n<p>CRYSTAL MDMA dostupan je za kupnju na internetu. Kupnja MDMA praha putem interneta jednostavna je i prakti\u010dna. 3,4-metilendioksimetamfetamin, koji se \u010de\u0161\u0107e naziva ecstasy, je stimulans i op\u0107enito se koristi za zabavu. Da bi se postigli \u017eeljeni ishodi, u\u010dinci uklju\u010duju promijenjene osje\u0107aje i pove\u0107anje energije, empatije i u\u017eivanja. MDMA se mo\u017ee kupiti upravo ovdje na na\u0161oj stranici. Isprva su MDMA uglavnom koristili oni koji su posje\u0107ivali no\u0107ne klubove i cjelono\u0107ne plesne zabave (poznate kao &#8220;rejvs&#8221;), ali se droga od tada pro\u0161irila na \u0161iru publiku i sada se naziva Ecstasy ili Molly.<\/p>\n<p>To je sintetska droga koja utje\u010de na raspolo\u017eenje i percepciju, 3,4-metilendioksi-metamfetamin (MDMA) (svijest o okolnim objektima i uvjetima). Kao stimulans i halucinogen, proizvodi osje\u0107aj pove\u0107ane energije, u\u017eitka i emocionalne topline, kao i konfuzno osjetilno iskustvo.<\/p>\n<p>Kako je MDMA CYSTAL | Pra\u0161ak koji koriste njegovi korisnici?<\/p>\n<p>MDMA se obi\u010dno koristi u obliku pilule ili kapsule, iako se mo\u017ee unijeti i kao teku\u0107ina ili u\u0161mrkati kao prah. Uobi\u010dajeno je zvati ovaj prah MDMA (MDMA CRYSTAL) Molly, \u017eargonski izraz za navodno &#8220;\u010disti&#8221; kristalni prah lijeka. Neki ljudi mogu kombinirati MDMA s drugim tvarima, poput alkohola ili marihuane.<\/p>\n<p>Kakvi su u\u010dinci MDMA na mozak?<\/p>\n<p>Tri molekule mozga aktiviraju se MDMA: <\/p>\n<p>Pove\u0107ana energija i aktivnost dva su od u\u010dinaka dopamina, koji funkcionira kao nagrada u sustavu nagra\u0111ivanja mozga.<br \/> Oni s kardiovaskularnim ili vaskularnim problemima osjetljiviji su na u\u010dinke norepinefrina, koji pove\u0107ava broj otkucaja srca i krvni tlak.<br \/> Postoje mnoge funkcije na koje utje\u010de serotonin, kao \u0161to su raspolo\u017eenje, glad i san. Tako\u0111er utje\u010de na seksualno uzbu\u0111enje i povjerenje izazivaju\u0107i osloba\u0111anje hormona. Ljudi koji uzimaju MDMA prijavljuju osje\u0107aje emocionalne povezanosti, pobolj\u0161anog raspolo\u017eenja i empatije kao rezultat djelovanja lijeka na osloba\u0111anje serotonina. Kupite Molly tablete u uglednoj internetskoj ljekarni.<\/p>\n<p>&nbsp;<\/p>\n<p>\u0160to se ti\u010de ostalih negativnih u\u010dinaka na zdravlje:<\/p>\n<p>bol u trbuhu i gr\u010devi<br \/> stiskanje zubi izazvao izmaglicu u mojoj viziji<br \/> zimicusznojenje<\/p>\n","protected":false},"excerpt":{"rendered":"<p>Kupite kristale mdma za prodaju u Velikoj Britaniji i Europi od nas. Ljudi koji kupuju kod nas mogu biti sigurni da \u0107e dobiti ono \u0161to pla\u0107aju. Sada kupite 3,4-Methyl enedioksi metamfetamin.<\/p>\n<p>Na prodaju su Ecstasy\/Molly Crystals (mo\u017eete kupiti Ecstasy\/Molly Crystals online). Mnogo je mjesta na kojima mo\u017eete kupiti MDMA kristale online. Kristale metilona mo\u017eete kupiti i online.<\/p>\n","protected":false},"featured_media":5720,"comment_status":"open","ping_status":"closed","template":"","meta":[],"product_brand":[],"product_cat":[2014],"product_tag":[3644,3645,3646,501,3653,3668,3667,3669,3648,506,3647,3652,3655,3656,3657,3654,3660,3661,3658,3659,3662,3666,3663,539,3649,3650,3665,3651,3664],"class_list":{"0":"post-5710","1":"product","2":"type-product","3":"status-publish","4":"has-post-thumbnail","6":"product_cat-kupiti-istrazivati-kemikalije","7":"product_tag-buy-mdma-crystal","8":"product_tag-buy-mdma-crystal-online","9":"product_tag-buy-mdma-crystals","10":"product_tag-buy-mdma-online","11":"product_tag-mdma-kristali-efekt","12":"product_tag-gdje-kupiti-mdma-crystal-online","13":"product_tag-gdje-mogu-kupiti-mdma","14":"product_tag-gdje-dobiti-mdma-usa","15":"product_tag-how-to-buy-mdma-crystal-online","16":"product_tag-kupiti-pure-mdma-online","17":"product_tag-kupiti-mdma-prah","18":"product_tag-mdma-kristal-za-prodaju-online","19":"product_tag-mdma-crystals-prices","20":"product_tag-mdma-crystals-reddit","21":"product_tag-mdma-for-sale-usa","22":"product_tag-mdma-kristali-na-prodaju","23":"product_tag-mdma-prah-kristali","24":"product_tag-mdma-prah-kristali-online","25":"product_tag-mdma-online-kupi","26":"product_tag-mdma-prah","27":"product_tag-mdma-puder-na-prodaja","28":"product_tag-najbolje-mjesto-za-kupnju-mdma-kristal-online","29":"product_tag-naruite-mdma-crystal-online","30":"product_tag-naruite-mdma-online","31":"product_tag-mail-order-mdma","32":"product_tag-mail-order-mdma-crystal","33":"product_tag-oznake-kupi-ekstazi-usa","34":"product_tag-mdma-kristal-na-prodaja","35":"product_tag-purchase-mdma-crystal-online","37":"first","38":"instock","39":"shipping-taxable","40":"purchasable","41":"product-type-variable","42":"has-default-attributes"},"yoast_head":"<!-- This site is optimized with the Yoast SEO plugin v27.3 - https:\/\/yoast.com\/product\/yoast-seo-wordpress\/ -->\n<title>Kupite mdma kristale - Mdma kristale za prodaju - Best Global Meds<\/title>\n<meta name=\"description\" content=\"Kupite mdma kristale za prodaju u Velikoj Britaniji, Europi. nudimo najpouzdanije transakcije i prodajemo po vrlo pristupa\u010dnim cijenama. Naru\u010dite 3,4-metil\u200bendioksi\u200bmetamfetamin odmah\" \/>\n<meta name=\"robots\" content=\"index, follow, max-snippet:-1, max-image-preview:large, max-video-preview:-1\" \/>\n<link rel=\"canonical\" href=\"https:\/\/medicinasinc.com\/hr\/product\/kupi-mdma-kristali\/\" \/>\n<meta property=\"og:locale\" content=\"hr_HR\" \/>\n<meta property=\"og:type\" content=\"article\" \/>\n<meta property=\"og:title\" content=\"Kupite mdma kristale - Mdma kristale za prodaju - Best Global Meds\" \/>\n<meta property=\"og:description\" content=\"Kupite mdma kristale za prodaju u Velikoj Britaniji, Europi. nudimo najpouzdanije transakcije i prodajemo po vrlo pristupa\u010dnim cijenama. Naru\u010dite 3,4-metil\u200bendioksi\u200bmetamfetamin odmah\" \/>\n<meta property=\"og:url\" content=\"https:\/\/medicinasinc.com\/hr\/product\/kupi-mdma-kristali\/\" \/>\n<meta property=\"og:site_name\" content=\"Medicinas Inc\" \/>\n<meta property=\"article:modified_time\" content=\"2022-03-15T05:29:24+00:00\" \/>\n<meta property=\"og:image\" content=\"https:\/\/medicinasinc.com\/hr\/wp-content\/uploads\/sites\/3\/2022\/02\/Buy-mdma-crystals.jpg\" \/>\n\t<meta property=\"og:image:width\" content=\"600\" \/>\n\t<meta property=\"og:image:height\" content=\"600\" \/>\n\t<meta property=\"og:image:type\" content=\"image\/jpeg\" \/>\n<meta name=\"twitter:card\" content=\"summary_large_image\" \/>\n<meta name=\"twitter:label1\" content=\"Procijenjeno vrijeme \u010ditanja\" \/>\n\t<meta name=\"twitter:data1\" content=\"2 minute\" \/>\n<script type=\"application\/ld+json\" class=\"yoast-schema-graph\">{\"@context\":\"https:\\\/\\\/schema.org\",\"@graph\":[{\"@type\":\"WebPage\",\"@id\":\"https:\\\/\\\/medicinasinc.com\\\/hr\\\/product\\\/kupi-mdma-kristali\\\/\",\"url\":\"https:\\\/\\\/medicinasinc.com\\\/hr\\\/product\\\/kupi-mdma-kristali\\\/\",\"name\":\"Kupite mdma kristale - Mdma kristale za prodaju - Best Global Meds\",\"isPartOf\":{\"@id\":\"https:\\\/\\\/medicinasinc.com\\\/hr\\\/#website\"},\"primaryImageOfPage\":{\"@id\":\"https:\\\/\\\/medicinasinc.com\\\/hr\\\/product\\\/kupi-mdma-kristali\\\/#primaryimage\"},\"image\":{\"@id\":\"https:\\\/\\\/medicinasinc.com\\\/hr\\\/product\\\/kupi-mdma-kristali\\\/#primaryimage\"},\"thumbnailUrl\":\"https:\\\/\\\/medicinasinc.com\\\/hr\\\/wp-content\\\/uploads\\\/sites\\\/3\\\/2022\\\/02\\\/Buy-mdma-crystals.jpg\",\"datePublished\":\"2022-02-22T04:39:11+00:00\",\"dateModified\":\"2022-03-15T05:29:24+00:00\",\"description\":\"Kupite mdma kristale za prodaju u Velikoj Britaniji, Europi. nudimo najpouzdanije transakcije i prodajemo po vrlo pristupa\u010dnim cijenama. Naru\u010dite 3,4-metil\u200bendioksi\u200bmetamfetamin odmah\",\"breadcrumb\":{\"@id\":\"https:\\\/\\\/medicinasinc.com\\\/hr\\\/product\\\/kupi-mdma-kristali\\\/#breadcrumb\"},\"inLanguage\":\"hr\",\"potentialAction\":[{\"@type\":\"ReadAction\",\"target\":[\"https:\\\/\\\/medicinasinc.com\\\/hr\\\/product\\\/kupi-mdma-kristali\\\/\"]}]},{\"@type\":\"ImageObject\",\"inLanguage\":\"hr\",\"@id\":\"https:\\\/\\\/medicinasinc.com\\\/hr\\\/product\\\/kupi-mdma-kristali\\\/#primaryimage\",\"url\":\"https:\\\/\\\/medicinasinc.com\\\/hr\\\/wp-content\\\/uploads\\\/sites\\\/3\\\/2022\\\/02\\\/Buy-mdma-crystals.jpg\",\"contentUrl\":\"https:\\\/\\\/medicinasinc.com\\\/hr\\\/wp-content\\\/uploads\\\/sites\\\/3\\\/2022\\\/02\\\/Buy-mdma-crystals.jpg\",\"width\":600,\"height\":600},{\"@type\":\"BreadcrumbList\",\"@id\":\"https:\\\/\\\/medicinasinc.com\\\/hr\\\/product\\\/kupi-mdma-kristali\\\/#breadcrumb\",\"itemListElement\":[{\"@type\":\"ListItem\",\"position\":1,\"name\":\"Du\u0107an\",\"item\":\"https:\\\/\\\/medicinasinc.com\\\/hr\\\/ducan\\\/\"},{\"@type\":\"ListItem\",\"position\":2,\"name\":\"Kupite mdma kristale\"}]},{\"@type\":\"WebSite\",\"@id\":\"https:\\\/\\\/medicinasinc.com\\\/hr\\\/#website\",\"url\":\"https:\\\/\\\/medicinasinc.com\\\/hr\\\/\",\"name\":\"Medicinas Inc\",\"description\":\"Health Medical Clinic\",\"potentialAction\":[{\"@type\":\"SearchAction\",\"target\":{\"@type\":\"EntryPoint\",\"urlTemplate\":\"https:\\\/\\\/medicinasinc.com\\\/hr\\\/?s={search_term_string}\"},\"query-input\":{\"@type\":\"PropertyValueSpecification\",\"valueRequired\":true,\"valueName\":\"search_term_string\"}}],\"inLanguage\":\"hr\"}]}<\/script>\n<!-- \/ Yoast SEO plugin. -->","yoast_head_json":{"title":"Kupite mdma kristale - Mdma kristale za prodaju - Best Global Meds","description":"Kupite mdma kristale za prodaju u Velikoj Britaniji, Europi. nudimo najpouzdanije transakcije i prodajemo po vrlo pristupa\u010dnim cijenama. Naru\u010dite 3,4-metil\u200bendioksi\u200bmetamfetamin odmah","robots":{"index":"index","follow":"follow","max-snippet":"max-snippet:-1","max-image-preview":"max-image-preview:large","max-video-preview":"max-video-preview:-1"},"canonical":"https:\/\/medicinasinc.com\/hr\/product\/kupi-mdma-kristali\/","og_locale":"hr_HR","og_type":"article","og_title":"Kupite mdma kristale - Mdma kristale za prodaju - Best Global Meds","og_description":"Kupite mdma kristale za prodaju u Velikoj Britaniji, Europi. nudimo najpouzdanije transakcije i prodajemo po vrlo pristupa\u010dnim cijenama. Naru\u010dite 3,4-metil\u200bendioksi\u200bmetamfetamin odmah","og_url":"https:\/\/medicinasinc.com\/hr\/product\/kupi-mdma-kristali\/","og_site_name":"Medicinas Inc","article_modified_time":"2022-03-15T05:29:24+00:00","og_image":[{"width":600,"height":600,"url":"https:\/\/medicinasinc.com\/hr\/wp-content\/uploads\/sites\/3\/2022\/02\/Buy-mdma-crystals.jpg","type":"image\/jpeg"}],"twitter_card":"summary_large_image","twitter_misc":{"Procijenjeno vrijeme \u010ditanja":"2 minute"},"schema":{"@context":"https:\/\/schema.org","@graph":[{"@type":"WebPage","@id":"https:\/\/medicinasinc.com\/hr\/product\/kupi-mdma-kristali\/","url":"https:\/\/medicinasinc.com\/hr\/product\/kupi-mdma-kristali\/","name":"Kupite mdma kristale - Mdma kristale za prodaju - Best Global Meds","isPartOf":{"@id":"https:\/\/medicinasinc.com\/hr\/#website"},"primaryImageOfPage":{"@id":"https:\/\/medicinasinc.com\/hr\/product\/kupi-mdma-kristali\/#primaryimage"},"image":{"@id":"https:\/\/medicinasinc.com\/hr\/product\/kupi-mdma-kristali\/#primaryimage"},"thumbnailUrl":"https:\/\/medicinasinc.com\/hr\/wp-content\/uploads\/sites\/3\/2022\/02\/Buy-mdma-crystals.jpg","datePublished":"2022-02-22T04:39:11+00:00","dateModified":"2022-03-15T05:29:24+00:00","description":"Kupite mdma kristale za prodaju u Velikoj Britaniji, Europi. nudimo najpouzdanije transakcije i prodajemo po vrlo pristupa\u010dnim cijenama. Naru\u010dite 3,4-metil\u200bendioksi\u200bmetamfetamin odmah","breadcrumb":{"@id":"https:\/\/medicinasinc.com\/hr\/product\/kupi-mdma-kristali\/#breadcrumb"},"inLanguage":"hr","potentialAction":[{"@type":"ReadAction","target":["https:\/\/medicinasinc.com\/hr\/product\/kupi-mdma-kristali\/"]}]},{"@type":"ImageObject","inLanguage":"hr","@id":"https:\/\/medicinasinc.com\/hr\/product\/kupi-mdma-kristali\/#primaryimage","url":"https:\/\/medicinasinc.com\/hr\/wp-content\/uploads\/sites\/3\/2022\/02\/Buy-mdma-crystals.jpg","contentUrl":"https:\/\/medicinasinc.com\/hr\/wp-content\/uploads\/sites\/3\/2022\/02\/Buy-mdma-crystals.jpg","width":600,"height":600},{"@type":"BreadcrumbList","@id":"https:\/\/medicinasinc.com\/hr\/product\/kupi-mdma-kristali\/#breadcrumb","itemListElement":[{"@type":"ListItem","position":1,"name":"Du\u0107an","item":"https:\/\/medicinasinc.com\/hr\/ducan\/"},{"@type":"ListItem","position":2,"name":"Kupite mdma kristale"}]},{"@type":"WebSite","@id":"https:\/\/medicinasinc.com\/hr\/#website","url":"https:\/\/medicinasinc.com\/hr\/","name":"Medicinas Inc","description":"Health Medical Clinic","potentialAction":[{"@type":"SearchAction","target":{"@type":"EntryPoint","urlTemplate":"https:\/\/medicinasinc.com\/hr\/?s={search_term_string}"},"query-input":{"@type":"PropertyValueSpecification","valueRequired":true,"valueName":"search_term_string"}}],"inLanguage":"hr"}]}},"_links":{"self":[{"href":"https:\/\/medicinasinc.com\/hr\/wp-json\/wp\/v2\/product\/5710","targetHints":{"allow":["GET"]}}],"collection":[{"href":"https:\/\/medicinasinc.com\/hr\/wp-json\/wp\/v2\/product"}],"about":[{"href":"https:\/\/medicinasinc.com\/hr\/wp-json\/wp\/v2\/types\/product"}],"replies":[{"embeddable":true,"href":"https:\/\/medicinasinc.com\/hr\/wp-json\/wp\/v2\/comments?post=5710"}],"wp:featuredmedia":[{"embeddable":true,"href":"https:\/\/medicinasinc.com\/hr\/wp-json\/wp\/v2\/media\/5720"}],"wp:attachment":[{"href":"https:\/\/medicinasinc.com\/hr\/wp-json\/wp\/v2\/media?parent=5710"}],"wp:term":[{"taxonomy":"product_brand","embeddable":true,"href":"https:\/\/medicinasinc.com\/hr\/wp-json\/wp\/v2\/product_brand?post=5710"},{"taxonomy":"product_cat","embeddable":true,"href":"https:\/\/medicinasinc.com\/hr\/wp-json\/wp\/v2\/product_cat?post=5710"},{"taxonomy":"product_tag","embeddable":true,"href":"https:\/\/medicinasinc.com\/hr\/wp-json\/wp\/v2\/product_tag?post=5710"}],"curies":[{"name":"wp","href":"https:\/\/api.w.org\/{rel}","templated":true}]}}