{"id":5703,"date":"2022-02-22T04:29:46","date_gmt":"2022-02-22T04:29:46","guid":{"rendered":"https:\/\/medicinasinc.com\/hr\/?post_type=product&#038;p=5703"},"modified":"2022-03-15T05:29:35","modified_gmt":"2022-03-15T05:29:35","slug":"kupiti-dimetiltriptamin-dmt","status":"publish","type":"product","link":"https:\/\/medicinasinc.com\/hr\/product\/kupiti-dimetiltriptamin-dmt\/","title":{"rendered":"Kupite dimetiltriptamin DMT"},"content":{"rendered":"<p>Postoji mnogo mjesta za kupnju DMT praha online.<\/p>\n<p>DMT postoji ve\u0107 dugo vremena. Lijek se tijekom godina mnogo koristio za mnogo razli\u010ditih stvari sve dok ga vlada nije vidjela kao lijek koji bi mogao biti opasan ako se uzme do krajnosti. Mo\u017eda ne\u0107ete mo\u0107i kupiti DMT prah online ako ne znate kako to u\u010diniti. Kona\u010dno, va\u0161 trud se isplatio i imate \u017eeljene rezultate. Bestglobalmeds je web stranica na kojoj mo\u017eete kupiti DMT online po odli\u010dnoj cijeni. Ima visokokvalitetan i \u010disti DMT.<\/p>\n<p>Odgovor na pitanje &#8220;\u0160to je DMT prah?&#8221;<\/p>\n<p>DMT (N,N-dimetiltriptamin) je prirodni psihodeli\u010dni triptamin koji mo\u017ee mogu se na\u0107i u biljkama, \u017eivotinjama i ljudima. Dio je skupine psihodeli\u010dnih droga (tvari koje vas osvje\u0161tavaju). DMT smjese koje proizvodi Changa tako\u0111er se rade na ovaj na\u010din. Mogu se napraviti u obliku praha ili se mogu napraviti u obliku praha.<\/p>\n<p>To je prirodna tvar koja se u malim koli\u010dinama mo\u017ee na\u0107i u ljudskom mozgu, gdje je njezina funkcija nepoznata. DMT je poznat po svojoj snazi. Ako ga popu\u0161ite, psihodeli\u010dni trip koji napravi traje samo 5 do 30 minuta, ali u\u010dinak koji ima je sna\u017ean i dugotrajan. Osje\u0107aju\u0107i da je poslan na potpuno drugo mjesto, sa zvukovima i slikama koji vas tjeraju na razmi\u0161ljanje o kaledosorskim stvarima,<\/p>\n<p>Ayahuasca brews, koji se prave od kore drve\u0107a koja sadr\u017ei DMT i drugih biljaka koje sadr\u017ee kemikalija koja se zove MAOI (inhibitor monoamin oksidaze, za istinski bolesne). MAOI \u010dini da DMT traje mnogo dulje u na\u0161im tijelima i produljuje psihijatrijsko iskustvo satima. DMT se ve\u0107 dugo koristi u tradicionalnoj medicini.<\/p>\n<p>Posljednjih nekoliko godina ovaj je napitak postao popularniji zbog svojih ljekovitih svojstava, uklju\u010duju\u0107i i lije\u010denje zlouporabe supstanci. U usporedbi s &#8220;o\u0161trim patrijarhom&#8221; Sboganea, &#8220;matrijarh ljubavi&#8221; iscjeljivanja Ayahuasce naziva se &#8220;matrijarhom ljubavi&#8221;. Poma\u017ee ljudima da razbiju obrambene mehanizme koje su mo\u017eda izgradili i koji ih spre\u010davaju da se pove\u017eu s drugima.<\/p>\n<p>Znate li kako DMT izgleda?<br \/> Opi\u0161ite kako DMT izgleda.<br \/> KAD je \u010dist, izgleda kao bijeli kristalizirani prah ili ne\u0161to drugo.<br \/> Tako\u0111er, kada nije \u010dist, izgleda kao \u017euti, naran\u010dasti ili ru\u017ei\u010dasti prah ili teku\u0107ina. Ovo je \u010de\u0161\u0107e, ali to nije jedini na\u010din da se na to gleda.<br \/> Sme\u0111e\/crvena biljna mje\u0161avina, kada se pomije\u0161a s biljem, \u010dini pi\u0107e pod nazivom ayahuasca sme\u0111e\/crveno pi\u0107e kada je dio ayahuasce pi\u0107e.<br \/> DMT ima okus i miri\u0161e kakav.<\/p>\n<p>N,N-dimetiltruptamin ima vrlo jak miris i okus koji su mnogi ljudi, uklju\u010duju\u0107i na\u0161e klijente, usporedili sa spaljenom plastikom i novim cipelama.<\/p>\n<p>Kako se koristi DMT?<\/p>\n<p>Kada kupujete DMT putem interneta, imajte na umu da se mo\u017ee koristiti na tri glavna na\u010dina: mazati, mijenjati i povijati.<\/p>\n<p>DMT se dimi.<\/p>\n<p>Ljudi ponekad mije\u0161aju DMT sa za\u010dinskim biljem, poput ayahuasce, kako bi napravili pi\u0107e koje se zove ch\u00e1nga. To je zato \u0161to je DMT opasan i mo\u017ee biti opasan za pu\u0161enje. Svaka serija change razlikuje se ovisno o tome koje bilje se koristi, tako da ja\u010dina svake serije varira.<\/p>\n<p>Ljudi se piju s DMT-om<\/p>\n<p>Ch\u00e1cruna je ju\u017enoameri\u010dka biljka koja sadr\u017ei DMT to. Ponekad se pomije\u0161a s biljkom ayahuassa kako bi se napravio \u0161amanski napitak, ayahuassa.<\/p>\n<p>Davanje DMT-a nekome<\/p>\n<p>DMT se mo\u017ee pripremiti za ubrizgavanje, a to mo\u017ee biti vrlo opasno , tako\u0111er.<\/p>\n<p>\u0160mrkanje DMT-a<\/p>\n<p>Da biste dobili DMT, mo\u017eete ga zdrobiti u prah i u\u0161mrkati.<\/p>\n<p>Doziranje<\/p>\n<p>DMT: pu\u0161io 15-60mg (samo u staklenoj luli), nju\u0161io 20-50mg i pio 30-150mg.<\/p>\n<p>Changa: Sve ovisi o tome koliko je DMT-a u udjelu.<\/p>\n<p>Sve dok ima dovoljno DMT-a u mje\u0161avini.<\/p>\n<p>\u0160to \u0107e se dogoditi ako uzmete DMT?<br \/> \u0160to mislite o tome?<\/p>\n<p> DMT je poznat po tome \u0161to ljudima koji ga uzimaju daje vrlo intenzivan &#8220;trp&#8221;, \u0161to je naziv za iskustvo uzimanja psihodelika.<\/p>\n<p>Kada uzimate DMT, svijet izgleda vrlo druga\u010dije. Boje, zvukovi, predmeti, pa \u010dak i vrijeme mogu sve izgledaju vrlo razli\u010dite. Neki ljudi imaju izvantjelesna iskustva dok uzimaju DMT.<\/p>\n<p>Mo\u017ee vas natjerati da:<\/p>\n<p>vidite i \u010dujete stvari koje ne postoje (halunirate), \u0161to bi moglo biti dobro ili lo\u0161e iskustvo. Osje\u0107ajte da se vrijeme i pokret ubrzavaju ili usporavaju. To se zove &#8220;vizualno&#8221;.<br \/> Kako se ljudi pona\u0161aju?<\/p>\n<p>Ljudi se mogu pona\u0161ati na na\u010din na koji ne o\u010dekuju kada su visoko na DMT-u, ba\u0161 kao i sa bilo kojom halucinogenom drogom.<\/p>\n<p> p&gt; <\/p>\n<p>Nekoliko korisnika ka\u017ee da se osje\u0107aju kao da prolaze kroz iskustvo bliske smrti, i kao rezultat toga, postaju vrlo tihi i zbog toga gledaju unutra.<\/p>\n<p>Neki ljudi ka\u017eu da mogu. nemojte se micati dok su na DMT-u.<\/p>\n<p>Kada DMT po\u010dinje djelovati na vas?<\/p>\n<p>Sve ovisi o tome koliko ste uzeli, koliko ste veliki , jeste li jeli i koje ste druge lijekove uzimali.<\/p>\n<p>Ova rije\u010d je tako\u0111er poznata kao &#8220;ksk.&#8221;<\/p>\n<p>Kada se popu\u0161i, DMT dolazi vrlo brzo. U\u010dinak mo\u017ee potrajati dugo dok se ne pojavi kada je dio ceremonije ayahuasce.<\/p>\n<p>Koliko je trajao?<\/p>\n<p>Mo\u017eete se jako uzbuditi kada odete na DMT. putovanja, ali traju i vrlo brzo, ponekad i samo nekoliko minuta. Kao dio ceremonije ayahuasce, putovanje DMT-om mo\u017ee trajati nekoliko sati, ali mo\u017ee biti i vrlo kratko.<\/p>\n<p>Zbog ovih razloga, DMT je bio poznat kao &#8220;bunes trip&#8221; 1960-ih godina u 1960-ima. Ujedinjene dr\u017eave. Korisnik je mogao dobiti punu dubinu i raspon iskustva s ovim lijekom, koji je bio br\u017ei nego s drugim lijekovima, poput LSD-a ili \u010darobnih gljiva.<\/p>\n<p>\u0160to ima DMT?<br \/> Ovako se tjelesno zdravlje odr\u017eava. djeluje:<\/p>\n<p>Mnogi ljudi u Ju\u017enoj Americi piju ili jedu pi\u0107a ili hranu koja sadr\u017ei DMT kao dio svog na\u010dina \u017eivota. Najpoznatiji primjer su ayahuasca ceremonije.<\/p>\n<p>Postoje ljudi koji misle da je DMT duhovna droga koja je tako\u0111er sigurna, ali je i dalje kemijski halucinogen.<\/p>\n<p>Mo\u017ee:<\/p>\n<p>Mo\u017ee:<\/p>\n<p> p&gt; <\/p>\n<p>Vrijeme je da provjerite svoj krvni tlak.<br \/> ako ve\u0107 imate sr\u010dano oboljenje, pove\u0107anje broja otkucaja srca moglo bi vas razboljeti i po\u017eeljeti oti\u0107i. To je zato \u0161to va\u0161e tijelo dobiva mnogo otrova.<\/p>\n<p>Ako uzimate DMT, mo\u017ee imati mnogo razli\u010ditih, a ponekad i vrlo zastra\u0161uju\u0107ih u\u010dinaka. Ovi u\u010dinci mo\u017eda nisu ni u ne\u010dijoj glavi.<\/p>\n<p>Mo\u017ee biti vrlo zbunjuju\u0107e i zastra\u0161uju\u0107e ako osoba u\u0111e.<\/p>\n<p>Mo\u017ee vam pomo\u0107i: ako uzmete lijek kao \u0161to je DMT .<\/p>\n<p>Flashbackovi se doga\u0111aju kada se dio putovanja ponovno pro\u017eivi nakon originalnog.<br \/> Pa\u017eljivo pratite nekoga tko je u pro\u0161losti imao problema s mentalnim zdravljem. To bi moglo uzrokovati probleme nekome tko nije znao da je u opasnosti od psihi\u010dkih problema.<br \/> Ako putovanje pro\u0111e lo\u0161e, korisnik bi se mogao ozlijediti. Dakle, ako ste lo\u0161eg ili tjeskobnog raspolo\u017eenja, mo\u017eda ne \u017eelite uzimati DMT.<br \/> Dovodi do neugodnih i emocionalnih u\u010dinaka koji mogu trajati danima nakon uzimanja lijeka. Ti u\u010dinci mogu biti neugodni ili emocionalni.<\/p>\n<div class=\"product-next-previous\">\n<div class=\"product-prev\"><\/div><\/div>\n","protected":false},"excerpt":{"rendered":"<p>Kupite dimetiltriptamin DMT za prodaju u Velikoj Britaniji, Europi, AU. nudimo najpouzdanije transakcije i prodajemo po vrlo pristupa\u010dnim cijenama. Naru\u010dite DMT sada po najpovoljnijim cijenama. Na\u0161 dimetiltriptamin jedan je od najboljih najpouzdanijih dobavlja\u010da, kontaktirajte sada kako biste naru\u010dili svoj \u010disti dimetiltriptamin DMT za prodaju<\/p>\n<p><em>Dmt<\/em>\u00a0je mo\u0107na halucinogena droga koja se nalazi u nekoliko biljaka koja mo\u017ee pu\u0161iti, \u0161mrkati ili pomije\u0161ati s ayahuascom. Naru\u010dite\u00a0<em>DMT<\/em>\u00a0online.<\/p>\n","protected":false},"featured_media":5713,"comment_status":"open","ping_status":"closed","template":"","meta":[],"product_brand":[],"product_cat":[2014,703],"product_tag":[3617,3618,3622,3623,3628,3629,3630,3631,3624,3625,3633,3635,3295,3637,3638,3636,3639,3634,3626,3632,3616,3621,3619,3620,3615,3640,3641,3642,3643,3627],"class_list":{"0":"post-5703","1":"product","2":"type-product","3":"status-publish","4":"has-post-thumbnail","6":"product_cat-kupiti-istrazivati-kemikalije","7":"product_cat-kupiti-psihedelicne-droge","8":"product_tag-buy-dmt","9":"product_tag-buy-pure-dmt","10":"product_tag-bu-hl-drug-nln","11":"product_tag-cheap-psycheclic-drug","12":"product_tag-dimethyltryptamine-for-sale","13":"product_tag-dimethyltryptamine-order","14":"product_tag-dimethyltryptamine-purchase","15":"product_tag-dimethyltryptamine-reddit","16":"product_tag-dimetiltriptamin","17":"product_tag-dimetiltriptamin-alica","18":"product_tag-dmt-kupi","19":"product_tag-dmt-na-prodaja","20":"product_tag-dmt-order","21":"product_tag-dmt-recenzija","22":"product_tag-dmt-prodaja","23":"product_tag-dmt-reddit","24":"product_tag-dmt-sales","25":"product_tag-dmt-efekt","26":"product_tag-dimetiltriptamin-doza-za-trudnice","27":"product_tag-dimetiltriptamin-pregled","28":"product_tag-kupiti-dimetiltriptamin","29":"product_tag-bu-pur-dmthltrtmn-dmt-onl-d1n","30":"product_tag-ovo-je--dmt","31":"product_tag-bu-psihiki-lijek","32":"product_tag-najbolje-mjesto-za-kupnju-dimetiltriptamina","33":"product_tag-red-dimetiltriptamin","34":"product_tag-narudba-dmt","35":"product_tag-ista-dmt-na-prodaja","36":"product_tag-to-je-dmt-prah","37":"product_tag-dimetiltriptamin-uinak","39":"first","40":"instock","41":"shipping-taxable","42":"purchasable","43":"product-type-variable","44":"has-default-attributes"},"yoast_head":"<!-- This site is optimized with the Yoast SEO plugin v27.3 - https:\/\/yoast.com\/product\/yoast-seo-wordpress\/ -->\n<title>Kupite dimetiltriptamin DMT - Dmt za prodaju - najbolji svjetski lijekovi<\/title>\n<meta name=\"description\" content=\"Kupite dimetiltriptamin DMT za prodaju u Velikoj Britaniji, Europi, AU. nudimo najpouzdanije transakcije i prodajemo po vrlo pristupa\u010dnim cijenama. Naru\u010dite DMT sada po najpovoljnijim cijenama\" \/>\n<meta name=\"robots\" content=\"index, follow, max-snippet:-1, max-image-preview:large, max-video-preview:-1\" \/>\n<link rel=\"canonical\" href=\"https:\/\/medicinasinc.com\/hr\/product\/kupiti-dimetiltriptamin-dmt\/\" \/>\n<meta property=\"og:locale\" content=\"hr_HR\" \/>\n<meta property=\"og:type\" content=\"article\" \/>\n<meta property=\"og:title\" content=\"Kupite dimetiltriptamin DMT - Dmt za prodaju - najbolji svjetski lijekovi\" \/>\n<meta property=\"og:description\" content=\"Kupite dimetiltriptamin DMT za prodaju u Velikoj Britaniji, Europi, AU. nudimo najpouzdanije transakcije i prodajemo po vrlo pristupa\u010dnim cijenama. Naru\u010dite DMT sada po najpovoljnijim cijenama\" \/>\n<meta property=\"og:url\" content=\"https:\/\/medicinasinc.com\/hr\/product\/kupiti-dimetiltriptamin-dmt\/\" \/>\n<meta property=\"og:site_name\" content=\"Medicinas Inc\" \/>\n<meta property=\"article:modified_time\" content=\"2022-03-15T05:29:35+00:00\" \/>\n<meta property=\"og:image\" content=\"https:\/\/medicinasinc.com\/hr\/wp-content\/uploads\/sites\/3\/2022\/02\/DMT-for-Sale.jpg\" \/>\n\t<meta property=\"og:image:width\" content=\"500\" \/>\n\t<meta property=\"og:image:height\" content=\"500\" \/>\n\t<meta property=\"og:image:type\" content=\"image\/jpeg\" \/>\n<meta name=\"twitter:card\" content=\"summary_large_image\" \/>\n<meta name=\"twitter:label1\" content=\"Procijenjeno vrijeme \u010ditanja\" \/>\n\t<meta name=\"twitter:data1\" content=\"6 minuta\" \/>\n<script type=\"application\/ld+json\" class=\"yoast-schema-graph\">{\"@context\":\"https:\\\/\\\/schema.org\",\"@graph\":[{\"@type\":\"WebPage\",\"@id\":\"https:\\\/\\\/medicinasinc.com\\\/hr\\\/product\\\/kupiti-dimetiltriptamin-dmt\\\/\",\"url\":\"https:\\\/\\\/medicinasinc.com\\\/hr\\\/product\\\/kupiti-dimetiltriptamin-dmt\\\/\",\"name\":\"Kupite dimetiltriptamin DMT - Dmt za prodaju - najbolji svjetski lijekovi\",\"isPartOf\":{\"@id\":\"https:\\\/\\\/medicinasinc.com\\\/hr\\\/#website\"},\"primaryImageOfPage\":{\"@id\":\"https:\\\/\\\/medicinasinc.com\\\/hr\\\/product\\\/kupiti-dimetiltriptamin-dmt\\\/#primaryimage\"},\"image\":{\"@id\":\"https:\\\/\\\/medicinasinc.com\\\/hr\\\/product\\\/kupiti-dimetiltriptamin-dmt\\\/#primaryimage\"},\"thumbnailUrl\":\"https:\\\/\\\/medicinasinc.com\\\/hr\\\/wp-content\\\/uploads\\\/sites\\\/3\\\/2022\\\/02\\\/DMT-for-Sale.jpg\",\"datePublished\":\"2022-02-22T04:29:46+00:00\",\"dateModified\":\"2022-03-15T05:29:35+00:00\",\"description\":\"Kupite dimetiltriptamin DMT za prodaju u Velikoj Britaniji, Europi, AU. nudimo najpouzdanije transakcije i prodajemo po vrlo pristupa\u010dnim cijenama. Naru\u010dite DMT sada po najpovoljnijim cijenama\",\"breadcrumb\":{\"@id\":\"https:\\\/\\\/medicinasinc.com\\\/hr\\\/product\\\/kupiti-dimetiltriptamin-dmt\\\/#breadcrumb\"},\"inLanguage\":\"hr\",\"potentialAction\":[{\"@type\":\"ReadAction\",\"target\":[\"https:\\\/\\\/medicinasinc.com\\\/hr\\\/product\\\/kupiti-dimetiltriptamin-dmt\\\/\"]}]},{\"@type\":\"ImageObject\",\"inLanguage\":\"hr\",\"@id\":\"https:\\\/\\\/medicinasinc.com\\\/hr\\\/product\\\/kupiti-dimetiltriptamin-dmt\\\/#primaryimage\",\"url\":\"https:\\\/\\\/medicinasinc.com\\\/hr\\\/wp-content\\\/uploads\\\/sites\\\/3\\\/2022\\\/02\\\/DMT-for-Sale.jpg\",\"contentUrl\":\"https:\\\/\\\/medicinasinc.com\\\/hr\\\/wp-content\\\/uploads\\\/sites\\\/3\\\/2022\\\/02\\\/DMT-for-Sale.jpg\",\"width\":500,\"height\":500},{\"@type\":\"BreadcrumbList\",\"@id\":\"https:\\\/\\\/medicinasinc.com\\\/hr\\\/product\\\/kupiti-dimetiltriptamin-dmt\\\/#breadcrumb\",\"itemListElement\":[{\"@type\":\"ListItem\",\"position\":1,\"name\":\"Du\u0107an\",\"item\":\"https:\\\/\\\/medicinasinc.com\\\/hr\\\/ducan\\\/\"},{\"@type\":\"ListItem\",\"position\":2,\"name\":\"Kupite dimetiltriptamin DMT\"}]},{\"@type\":\"WebSite\",\"@id\":\"https:\\\/\\\/medicinasinc.com\\\/hr\\\/#website\",\"url\":\"https:\\\/\\\/medicinasinc.com\\\/hr\\\/\",\"name\":\"Medicinas Inc\",\"description\":\"Health Medical Clinic\",\"potentialAction\":[{\"@type\":\"SearchAction\",\"target\":{\"@type\":\"EntryPoint\",\"urlTemplate\":\"https:\\\/\\\/medicinasinc.com\\\/hr\\\/?s={search_term_string}\"},\"query-input\":{\"@type\":\"PropertyValueSpecification\",\"valueRequired\":true,\"valueName\":\"search_term_string\"}}],\"inLanguage\":\"hr\"}]}<\/script>\n<!-- \/ Yoast SEO plugin. -->","yoast_head_json":{"title":"Kupite dimetiltriptamin DMT - Dmt za prodaju - najbolji svjetski lijekovi","description":"Kupite dimetiltriptamin DMT za prodaju u Velikoj Britaniji, Europi, AU. nudimo najpouzdanije transakcije i prodajemo po vrlo pristupa\u010dnim cijenama. Naru\u010dite DMT sada po najpovoljnijim cijenama","robots":{"index":"index","follow":"follow","max-snippet":"max-snippet:-1","max-image-preview":"max-image-preview:large","max-video-preview":"max-video-preview:-1"},"canonical":"https:\/\/medicinasinc.com\/hr\/product\/kupiti-dimetiltriptamin-dmt\/","og_locale":"hr_HR","og_type":"article","og_title":"Kupite dimetiltriptamin DMT - Dmt za prodaju - najbolji svjetski lijekovi","og_description":"Kupite dimetiltriptamin DMT za prodaju u Velikoj Britaniji, Europi, AU. nudimo najpouzdanije transakcije i prodajemo po vrlo pristupa\u010dnim cijenama. Naru\u010dite DMT sada po najpovoljnijim cijenama","og_url":"https:\/\/medicinasinc.com\/hr\/product\/kupiti-dimetiltriptamin-dmt\/","og_site_name":"Medicinas Inc","article_modified_time":"2022-03-15T05:29:35+00:00","og_image":[{"width":500,"height":500,"url":"https:\/\/medicinasinc.com\/hr\/wp-content\/uploads\/sites\/3\/2022\/02\/DMT-for-Sale.jpg","type":"image\/jpeg"}],"twitter_card":"summary_large_image","twitter_misc":{"Procijenjeno vrijeme \u010ditanja":"6 minuta"},"schema":{"@context":"https:\/\/schema.org","@graph":[{"@type":"WebPage","@id":"https:\/\/medicinasinc.com\/hr\/product\/kupiti-dimetiltriptamin-dmt\/","url":"https:\/\/medicinasinc.com\/hr\/product\/kupiti-dimetiltriptamin-dmt\/","name":"Kupite dimetiltriptamin DMT - Dmt za prodaju - najbolji svjetski lijekovi","isPartOf":{"@id":"https:\/\/medicinasinc.com\/hr\/#website"},"primaryImageOfPage":{"@id":"https:\/\/medicinasinc.com\/hr\/product\/kupiti-dimetiltriptamin-dmt\/#primaryimage"},"image":{"@id":"https:\/\/medicinasinc.com\/hr\/product\/kupiti-dimetiltriptamin-dmt\/#primaryimage"},"thumbnailUrl":"https:\/\/medicinasinc.com\/hr\/wp-content\/uploads\/sites\/3\/2022\/02\/DMT-for-Sale.jpg","datePublished":"2022-02-22T04:29:46+00:00","dateModified":"2022-03-15T05:29:35+00:00","description":"Kupite dimetiltriptamin DMT za prodaju u Velikoj Britaniji, Europi, AU. nudimo najpouzdanije transakcije i prodajemo po vrlo pristupa\u010dnim cijenama. Naru\u010dite DMT sada po najpovoljnijim cijenama","breadcrumb":{"@id":"https:\/\/medicinasinc.com\/hr\/product\/kupiti-dimetiltriptamin-dmt\/#breadcrumb"},"inLanguage":"hr","potentialAction":[{"@type":"ReadAction","target":["https:\/\/medicinasinc.com\/hr\/product\/kupiti-dimetiltriptamin-dmt\/"]}]},{"@type":"ImageObject","inLanguage":"hr","@id":"https:\/\/medicinasinc.com\/hr\/product\/kupiti-dimetiltriptamin-dmt\/#primaryimage","url":"https:\/\/medicinasinc.com\/hr\/wp-content\/uploads\/sites\/3\/2022\/02\/DMT-for-Sale.jpg","contentUrl":"https:\/\/medicinasinc.com\/hr\/wp-content\/uploads\/sites\/3\/2022\/02\/DMT-for-Sale.jpg","width":500,"height":500},{"@type":"BreadcrumbList","@id":"https:\/\/medicinasinc.com\/hr\/product\/kupiti-dimetiltriptamin-dmt\/#breadcrumb","itemListElement":[{"@type":"ListItem","position":1,"name":"Du\u0107an","item":"https:\/\/medicinasinc.com\/hr\/ducan\/"},{"@type":"ListItem","position":2,"name":"Kupite dimetiltriptamin DMT"}]},{"@type":"WebSite","@id":"https:\/\/medicinasinc.com\/hr\/#website","url":"https:\/\/medicinasinc.com\/hr\/","name":"Medicinas Inc","description":"Health Medical Clinic","potentialAction":[{"@type":"SearchAction","target":{"@type":"EntryPoint","urlTemplate":"https:\/\/medicinasinc.com\/hr\/?s={search_term_string}"},"query-input":{"@type":"PropertyValueSpecification","valueRequired":true,"valueName":"search_term_string"}}],"inLanguage":"hr"}]}},"_links":{"self":[{"href":"https:\/\/medicinasinc.com\/hr\/wp-json\/wp\/v2\/product\/5703","targetHints":{"allow":["GET"]}}],"collection":[{"href":"https:\/\/medicinasinc.com\/hr\/wp-json\/wp\/v2\/product"}],"about":[{"href":"https:\/\/medicinasinc.com\/hr\/wp-json\/wp\/v2\/types\/product"}],"replies":[{"embeddable":true,"href":"https:\/\/medicinasinc.com\/hr\/wp-json\/wp\/v2\/comments?post=5703"}],"wp:featuredmedia":[{"embeddable":true,"href":"https:\/\/medicinasinc.com\/hr\/wp-json\/wp\/v2\/media\/5713"}],"wp:attachment":[{"href":"https:\/\/medicinasinc.com\/hr\/wp-json\/wp\/v2\/media?parent=5703"}],"wp:term":[{"taxonomy":"product_brand","embeddable":true,"href":"https:\/\/medicinasinc.com\/hr\/wp-json\/wp\/v2\/product_brand?post=5703"},{"taxonomy":"product_cat","embeddable":true,"href":"https:\/\/medicinasinc.com\/hr\/wp-json\/wp\/v2\/product_cat?post=5703"},{"taxonomy":"product_tag","embeddable":true,"href":"https:\/\/medicinasinc.com\/hr\/wp-json\/wp\/v2\/product_tag?post=5703"}],"curies":[{"name":"wp","href":"https:\/\/api.w.org\/{rel}","templated":true}]}}