{"id":5696,"date":"2022-02-22T04:23:00","date_gmt":"2022-02-22T04:23:00","guid":{"rendered":"https:\/\/medicinasinc.com\/hr\/?post_type=product&#038;p=5696"},"modified":"2022-08-04T06:03:48","modified_gmt":"2022-08-04T06:03:48","slug":"kupiti-efenidin-prah","status":"publish","type":"product","link":"https:\/\/medicinasinc.com\/hr\/product\/kupiti-efenidin-prah\/","title":{"rendered":"Kupite efenidin u prahu"},"content":{"rendered":"<p>Efenidin u prahu: kupujte efenidin u Velikoj Britaniji, Europi, Aziji, SAD-u, Australiji, Kini i ostatku svijeta od efenidina u prahu.<\/p>\n<p>Evropski efenidin na prodaju, dobavlja\u010d efenidina, za prodaja. Veletrgovci efenidina mogu ga poslati u Europu.<\/p>\n<p>Efenidin, koji je tako\u0111er poznat kao NEDPA i EPE, je disocijativni anestetik koji je dio dijariletilamin klase lijekova. Fizi\u010dki, efenidin je sli\u010dan diariletilaminima poput difenidina i metoksfenidina, koji se tako\u0111er nazivaju efenidin. Sedacija, halucinacije, anestezija i izvantjelesna stanja, nazvana &#8220;disocijativna anestezija&#8221;, neke su od nuspojava.<\/p>\n<p>Detaljne informacije o ovoj stavci:<\/p>\n<p>nizozemski, litavski jezik. , i ameri\u010dki<br \/>\nNjegovo ime je efenidin u prahu.<br \/>\nEPE je IUPAC naziv za N-etil-1,2-difeniletilamin.<br \/>\nCAS broj: 60951-19-1<br \/>\nC16H19N je MF.<br \/>\nVi\u0161e od 99,5 posto<br \/>\nOvako izgleda:<br \/>\nVre\u0107a od aluminijske folije ili plasti\u010dna vre\u0107ica: Kako pakirati:<\/p>\n<p>Uvjeti pla\u0107anja:<\/p>\n<p>Minimalni iznos narud\u017ebe: Pitajte o uvjetima pla\u0107anja: Bitcoin, Money Gram, bankovni prijenos, itd.<\/p>\n<p>Pravila isporuke i dostave:<\/p>\n<p>1. Robu \u0107emo poslati za 1 dan nakon \u0161to platite.<br \/>\n2: Robu \u0107emo poslati UPS-om, DHL-om, TNT-om ili FEDEX-om. Odabrat \u0107emo najboljeg kurira za svaku zemlju i prona\u0107i najsigurniji na\u010din da vam robu stigne.<br \/>\nPotrebno je oko tri do pet dana da dobijete po\u0161tu od EMS-a. DHL-u, UPS-u i FedEx-u potrebno je 4-5 dana.<br \/>\n4. Carine u zemljama poput Rusije, Australije i Kanade vrlo su stroge, ali mo\u017eemo se pobrinuti da isporu\u010dimo 100% vremena.<br \/>\n5. Robu bi u pravilu trebali dobiti za 4-5 dana. Ako je roba izgubljena ili nije stigla iz drugih razloga, poslat \u0107emo je ponovno.<\/p>\n<p>Cijena: pitajte.<\/p>\n<p>Napomena:<\/p>\n<p>Imamo puno stalnih kupaca diljem svijeta i nadamo se da \u0107emo jo\u0161 dugo raditi s vama. Za vi\u0161e informacija, ne ustru\u010davajte se kontaktirati nas. Dat \u0107emo sve od sebe da zadovoljimo va\u0161e potrebe. Hvala!<\/p>\n","protected":false},"excerpt":{"rendered":"<div class=\"woocommerce-product-details__short-description\">\n<p>medicinasinc.com ima efenidin u prahu visoke \u010disto\u0107e za prodaju u Velikoj Britaniji, Europi i Australiji, a mo\u017eemo vam ga poslati bilo gdje u svijetu. Ovdje mo\u017eete kupiti najbolji efenidin u prahu po narud\u017ebi.<\/p>\n<p>Kupite efenidin u prahu na mre\u017ei i nabavite ga po povoljnoj cijeni. Lijek pod nazivom efedrin je disocijativni anestetik. Tako\u0111er blokira NMDA receptor, zbog \u010dega je manja vjerojatnost da \u0107e lijek djelovati.<\/p>\n<p>Kupite \u010disti, visokokvalitetni efenidin u prahu online uz Bitcoin \u2013 to mo\u017eete u\u010diniti.<\/p>\n<p>Kupujte. za legalne droge na mre\u017ei, kupujte istra\u017eiva\u010dke kemikalije, sirove farmaceutske pra\u0161kove i jo\u0161 mnogo toga u trgovini.<\/p>\n<p>Ova tvrtka prodaje efenidin u prahu, farmaceutske me\u0111uprodukte i sirove pra\u0161kove.<\/p>\n<p>Postoji ih nekoliko. Efenidin tablete na prodaju. Dobavlja\u010d efenidina u Kini. Veleprodaja\u00a0Efenidina\u00a0izvoznik<\/p>\n<p><em>Kupite efenidin u prahu<\/em> na veliko online na veliko sada. Efenidin je disocijativni anestetik i djeluje kao antagonist za NMDA.<\/p>\n<p>&nbsp;<\/p>\n<\/div>\n","protected":false},"featured_media":5707,"comment_status":"open","ping_status":"closed","template":"","meta":[],"product_brand":[],"product_cat":[2014],"product_tag":[3591,3592,3613,3595,3596,3597,3607,3603,3599,3602,3601,3604,3600,3605,3606,3598,3593,3594,3609,3611,3612,3610,3614],"class_list":{"0":"post-5696","1":"product","2":"type-product","3":"status-publish","4":"has-post-thumbnail","6":"product_cat-kupiti-istrazivati-kemikalije","7":"product_tag-anesthetic","8":"product_tag-buy-ephenidine-powder","9":"product_tag-isti-efenidin-prah","10":"product_tag-diariletilamin","11":"product_tag-disocijativna","12":"product_tag-disocijativno-anestetsko","13":"product_tag-efenidin-prah-dobavlja","14":"product_tag-efenidin-prah-uinak","15":"product_tag-efenidin","16":"product_tag-efenidin-prah-kina","17":"product_tag-efenidin-prah-kupi","18":"product_tag-efenidin-prah-na-prodaju","19":"product_tag-efenidin-prah-rasuti","20":"product_tag-efenidin-prah-red","21":"product_tag-efenidin-prah-reddit","22":"product_tag-epe","23":"product_tag-kupiti-efenidin-prah-europa","24":"product_tag-kupiti-efenidin-praak-online","25":"product_tag-mdma-puder-kupovina","26":"product_tag-red-efenidin-prah","27":"product_tag-naruite-efenidin-praak-online","28":"product_tag-nedpa","29":"product_tag-what-is-ephenidine-powder","31":"first","32":"instock","33":"featured","34":"shipping-taxable","35":"purchasable","36":"product-type-variable","37":"has-default-attributes"},"yoast_head":"<!-- This site is optimized with the Yoast SEO plugin v27.2 - https:\/\/yoast.com\/product\/yoast-seo-wordpress\/ -->\n<title>Kupite efenidin u prahu - efenidin u prahu na mre\u017ei - najbolji svjetski lijekovi<\/title>\n<meta name=\"description\" content=\"Kupite efenidin u prahu visoke \u010disto\u0107e za prodaju u Velikoj Britaniji, Europi, AU u na\u0161oj medicinasinc.com online trgovini uz brzu dostavu diljem svijeta! Najbolji efenidin u prahu za naru\u010divanje na\u0107i \u0107ete ovdje!\" \/>\n<meta name=\"robots\" content=\"index, follow, max-snippet:-1, max-image-preview:large, max-video-preview:-1\" \/>\n<link rel=\"canonical\" href=\"https:\/\/medicinasinc.com\/hr\/product\/kupiti-efenidin-prah\/\" \/>\n<meta property=\"og:locale\" content=\"hr_HR\" \/>\n<meta property=\"og:type\" content=\"article\" \/>\n<meta property=\"og:title\" content=\"Kupite efenidin u prahu - efenidin u prahu na mre\u017ei - najbolji svjetski lijekovi\" \/>\n<meta property=\"og:description\" content=\"Kupite efenidin u prahu visoke \u010disto\u0107e za prodaju u Velikoj Britaniji, Europi, AU u na\u0161oj medicinasinc.com online trgovini uz brzu dostavu diljem svijeta! Najbolji efenidin u prahu za naru\u010divanje na\u0107i \u0107ete ovdje!\" \/>\n<meta property=\"og:url\" content=\"https:\/\/medicinasinc.com\/hr\/product\/kupiti-efenidin-prah\/\" \/>\n<meta property=\"og:site_name\" content=\"Medicinas Inc\" \/>\n<meta property=\"article:modified_time\" content=\"2022-08-04T06:03:48+00:00\" \/>\n<meta property=\"og:image\" content=\"https:\/\/medicinasinc.com\/hr\/wp-content\/uploads\/sites\/3\/2022\/02\/Buy-Ephenidine-Powder-1.jpg\" \/>\n\t<meta property=\"og:image:width\" content=\"1080\" \/>\n\t<meta property=\"og:image:height\" content=\"1166\" \/>\n\t<meta property=\"og:image:type\" content=\"image\/jpeg\" \/>\n<meta name=\"twitter:card\" content=\"summary_large_image\" \/>\n<meta name=\"twitter:label1\" content=\"Procijenjeno vrijeme \u010ditanja\" \/>\n\t<meta name=\"twitter:data1\" content=\"2 minute\" \/>\n<script type=\"application\/ld+json\" class=\"yoast-schema-graph\">{\"@context\":\"https:\/\/schema.org\",\"@graph\":[{\"@type\":\"WebPage\",\"@id\":\"https:\/\/medicinasinc.com\/hr\/product\/kupiti-efenidin-prah\/\",\"url\":\"https:\/\/medicinasinc.com\/hr\/product\/kupiti-efenidin-prah\/\",\"name\":\"Kupite efenidin u prahu - efenidin u prahu na mre\u017ei - najbolji svjetski lijekovi\",\"isPartOf\":{\"@id\":\"https:\/\/medicinasinc.com\/hr\/#website\"},\"primaryImageOfPage\":{\"@id\":\"https:\/\/medicinasinc.com\/hr\/product\/kupiti-efenidin-prah\/#primaryimage\"},\"image\":{\"@id\":\"https:\/\/medicinasinc.com\/hr\/product\/kupiti-efenidin-prah\/#primaryimage\"},\"thumbnailUrl\":\"https:\/\/medicinasinc.com\/hr\/wp-content\/uploads\/sites\/3\/2022\/02\/Buy-Ephenidine-Powder-1.jpg\",\"datePublished\":\"2022-02-22T04:23:00+00:00\",\"dateModified\":\"2022-08-04T06:03:48+00:00\",\"description\":\"Kupite efenidin u prahu visoke \u010disto\u0107e za prodaju u Velikoj Britaniji, Europi, AU u na\u0161oj medicinasinc.com online trgovini uz brzu dostavu diljem svijeta! Najbolji efenidin u prahu za naru\u010divanje na\u0107i \u0107ete ovdje!\",\"breadcrumb\":{\"@id\":\"https:\/\/medicinasinc.com\/hr\/product\/kupiti-efenidin-prah\/#breadcrumb\"},\"inLanguage\":\"hr\",\"potentialAction\":[{\"@type\":\"ReadAction\",\"target\":[\"https:\/\/medicinasinc.com\/hr\/product\/kupiti-efenidin-prah\/\"]}]},{\"@type\":\"ImageObject\",\"inLanguage\":\"hr\",\"@id\":\"https:\/\/medicinasinc.com\/hr\/product\/kupiti-efenidin-prah\/#primaryimage\",\"url\":\"https:\/\/medicinasinc.com\/hr\/wp-content\/uploads\/sites\/3\/2022\/02\/Buy-Ephenidine-Powder-1.jpg\",\"contentUrl\":\"https:\/\/medicinasinc.com\/hr\/wp-content\/uploads\/sites\/3\/2022\/02\/Buy-Ephenidine-Powder-1.jpg\",\"width\":1080,\"height\":1166},{\"@type\":\"BreadcrumbList\",\"@id\":\"https:\/\/medicinasinc.com\/hr\/product\/kupiti-efenidin-prah\/#breadcrumb\",\"itemListElement\":[{\"@type\":\"ListItem\",\"position\":1,\"name\":\"Du\u0107an\",\"item\":\"https:\/\/medicinasinc.com\/hr\/ducan\/\"},{\"@type\":\"ListItem\",\"position\":2,\"name\":\"Kupite efenidin u prahu\"}]},{\"@type\":\"WebSite\",\"@id\":\"https:\/\/medicinasinc.com\/hr\/#website\",\"url\":\"https:\/\/medicinasinc.com\/hr\/\",\"name\":\"Medicinas Inc\",\"description\":\"Health Medical Clinic\",\"potentialAction\":[{\"@type\":\"SearchAction\",\"target\":{\"@type\":\"EntryPoint\",\"urlTemplate\":\"https:\/\/medicinasinc.com\/hr\/?s={search_term_string}\"},\"query-input\":{\"@type\":\"PropertyValueSpecification\",\"valueRequired\":true,\"valueName\":\"search_term_string\"}}],\"inLanguage\":\"hr\"}]}<\/script>\n<!-- \/ Yoast SEO plugin. -->","yoast_head_json":{"title":"Kupite efenidin u prahu - efenidin u prahu na mre\u017ei - najbolji svjetski lijekovi","description":"Kupite efenidin u prahu visoke \u010disto\u0107e za prodaju u Velikoj Britaniji, Europi, AU u na\u0161oj medicinasinc.com online trgovini uz brzu dostavu diljem svijeta! Najbolji efenidin u prahu za naru\u010divanje na\u0107i \u0107ete ovdje!","robots":{"index":"index","follow":"follow","max-snippet":"max-snippet:-1","max-image-preview":"max-image-preview:large","max-video-preview":"max-video-preview:-1"},"canonical":"https:\/\/medicinasinc.com\/hr\/product\/kupiti-efenidin-prah\/","og_locale":"hr_HR","og_type":"article","og_title":"Kupite efenidin u prahu - efenidin u prahu na mre\u017ei - najbolji svjetski lijekovi","og_description":"Kupite efenidin u prahu visoke \u010disto\u0107e za prodaju u Velikoj Britaniji, Europi, AU u na\u0161oj medicinasinc.com online trgovini uz brzu dostavu diljem svijeta! Najbolji efenidin u prahu za naru\u010divanje na\u0107i \u0107ete ovdje!","og_url":"https:\/\/medicinasinc.com\/hr\/product\/kupiti-efenidin-prah\/","og_site_name":"Medicinas Inc","article_modified_time":"2022-08-04T06:03:48+00:00","og_image":[{"width":1080,"height":1166,"url":"https:\/\/medicinasinc.com\/hr\/wp-content\/uploads\/sites\/3\/2022\/02\/Buy-Ephenidine-Powder-1.jpg","type":"image\/jpeg"}],"twitter_card":"summary_large_image","twitter_misc":{"Procijenjeno vrijeme \u010ditanja":"2 minute"},"schema":{"@context":"https:\/\/schema.org","@graph":[{"@type":"WebPage","@id":"https:\/\/medicinasinc.com\/hr\/product\/kupiti-efenidin-prah\/","url":"https:\/\/medicinasinc.com\/hr\/product\/kupiti-efenidin-prah\/","name":"Kupite efenidin u prahu - efenidin u prahu na mre\u017ei - najbolji svjetski lijekovi","isPartOf":{"@id":"https:\/\/medicinasinc.com\/hr\/#website"},"primaryImageOfPage":{"@id":"https:\/\/medicinasinc.com\/hr\/product\/kupiti-efenidin-prah\/#primaryimage"},"image":{"@id":"https:\/\/medicinasinc.com\/hr\/product\/kupiti-efenidin-prah\/#primaryimage"},"thumbnailUrl":"https:\/\/medicinasinc.com\/hr\/wp-content\/uploads\/sites\/3\/2022\/02\/Buy-Ephenidine-Powder-1.jpg","datePublished":"2022-02-22T04:23:00+00:00","dateModified":"2022-08-04T06:03:48+00:00","description":"Kupite efenidin u prahu visoke \u010disto\u0107e za prodaju u Velikoj Britaniji, Europi, AU u na\u0161oj medicinasinc.com online trgovini uz brzu dostavu diljem svijeta! Najbolji efenidin u prahu za naru\u010divanje na\u0107i \u0107ete ovdje!","breadcrumb":{"@id":"https:\/\/medicinasinc.com\/hr\/product\/kupiti-efenidin-prah\/#breadcrumb"},"inLanguage":"hr","potentialAction":[{"@type":"ReadAction","target":["https:\/\/medicinasinc.com\/hr\/product\/kupiti-efenidin-prah\/"]}]},{"@type":"ImageObject","inLanguage":"hr","@id":"https:\/\/medicinasinc.com\/hr\/product\/kupiti-efenidin-prah\/#primaryimage","url":"https:\/\/medicinasinc.com\/hr\/wp-content\/uploads\/sites\/3\/2022\/02\/Buy-Ephenidine-Powder-1.jpg","contentUrl":"https:\/\/medicinasinc.com\/hr\/wp-content\/uploads\/sites\/3\/2022\/02\/Buy-Ephenidine-Powder-1.jpg","width":1080,"height":1166},{"@type":"BreadcrumbList","@id":"https:\/\/medicinasinc.com\/hr\/product\/kupiti-efenidin-prah\/#breadcrumb","itemListElement":[{"@type":"ListItem","position":1,"name":"Du\u0107an","item":"https:\/\/medicinasinc.com\/hr\/ducan\/"},{"@type":"ListItem","position":2,"name":"Kupite efenidin u prahu"}]},{"@type":"WebSite","@id":"https:\/\/medicinasinc.com\/hr\/#website","url":"https:\/\/medicinasinc.com\/hr\/","name":"Medicinas Inc","description":"Health Medical Clinic","potentialAction":[{"@type":"SearchAction","target":{"@type":"EntryPoint","urlTemplate":"https:\/\/medicinasinc.com\/hr\/?s={search_term_string}"},"query-input":{"@type":"PropertyValueSpecification","valueRequired":true,"valueName":"search_term_string"}}],"inLanguage":"hr"}]}},"_links":{"self":[{"href":"https:\/\/medicinasinc.com\/hr\/wp-json\/wp\/v2\/product\/5696","targetHints":{"allow":["GET"]}}],"collection":[{"href":"https:\/\/medicinasinc.com\/hr\/wp-json\/wp\/v2\/product"}],"about":[{"href":"https:\/\/medicinasinc.com\/hr\/wp-json\/wp\/v2\/types\/product"}],"replies":[{"embeddable":true,"href":"https:\/\/medicinasinc.com\/hr\/wp-json\/wp\/v2\/comments?post=5696"}],"wp:featuredmedia":[{"embeddable":true,"href":"https:\/\/medicinasinc.com\/hr\/wp-json\/wp\/v2\/media\/5707"}],"wp:attachment":[{"href":"https:\/\/medicinasinc.com\/hr\/wp-json\/wp\/v2\/media?parent=5696"}],"wp:term":[{"taxonomy":"product_brand","embeddable":true,"href":"https:\/\/medicinasinc.com\/hr\/wp-json\/wp\/v2\/product_brand?post=5696"},{"taxonomy":"product_cat","embeddable":true,"href":"https:\/\/medicinasinc.com\/hr\/wp-json\/wp\/v2\/product_cat?post=5696"},{"taxonomy":"product_tag","embeddable":true,"href":"https:\/\/medicinasinc.com\/hr\/wp-json\/wp\/v2\/product_tag?post=5696"}],"curies":[{"name":"wp","href":"https:\/\/api.w.org\/{rel}","templated":true}]}}