{"id":5686,"date":"2022-02-22T04:12:43","date_gmt":"2022-02-22T04:12:43","guid":{"rendered":"https:\/\/medicinasinc.com\/hr\/?post_type=product&#038;p=5686"},"modified":"2022-03-15T05:29:55","modified_gmt":"2022-03-15T05:29:55","slug":"buy-ald-52-prah","status":"publish","type":"product","link":"https:\/\/medicinasinc.com\/hr\/product\/buy-ald-52-prah\/","title":{"rendered":"Kupite ALD-52 prah"},"content":{"rendered":"<p><a href=\"https:\/\/www.bestglobalmeds.com\/product\/research-chemicals\/buy-ald-52-powder\/\"><strong>ALD-52 prah<\/strong><\/a>. Veletrgovac i dobavlja\u010d Pure\u00a0<em>ALD-52 praha<\/em>\u00a0po najni\u017eoj cijeni i raznih farmaceutskih sirovina \u010disto\u0107e &gt;99%, istra\u017eiva\u010dkih kemikalija i generi\u010dkih lijekova. Sigurno i diskretno pakiranje s pra\u0107enjem dostave.<\/p>\n<p>ALD-52, tako\u0111er poznat kao 1-acetil-LSD, kemijski je analog dietilamida lizerginske kiseline (LSD). To je psihodeli\u010dna tvar iz klase lizergamida koja proizvodi psihodeli\u010dne u\u010dinke nalik LSD-u kada se daje.<\/p>\n<p class=\"h2_style\">Kratke pojedinosti<\/p>\n<p>Naziv proizvoda: <a href=\"https:\/\/www.bestglobalmeds.com\/product\/research-chemicals\/buy-ald-52-powder\/\">ALD-52<\/a><br \/> Sinonimi: ALD-52, 1-acetil-LSD, 1A-LSD , 1A-LAD<br \/> CAS broj: 3270-02-8<br \/> Molekularna formula: C22H27N3O2<br \/> IUPAC: (6aR,9R)-4-acetil-N,N-dietil-7-metil -4,6,6a,7,8,9-heksahidroindolo[4,3-fg]kinolin-9-karboksamid<br \/> Molekularna te\u017eina: 365,477 g\/mol<br \/> \u010cisto\u0107a: 99,6%<br \/> Izgled : Bijeli kristalni prah \/ prljavo bijeli prah<\/p>\n<h2>Dobavlja\u010d praha ALD-52<\/h2>\n<p>Jedan od vode\u0107ih europskih dobavlja\u010da farmaceutskih sirovina, poznati smo po iznimnom asortimanu proizvoda i na\u0161im usluge drop-shippinga kvalitetnih generi\u010dkih lijekova. Budu\u0107i da smo veletrgovac prahom ALD-52, nastojimo isporu\u010diti visokokvalitetne i isplative proizvode na tr\u017ei\u0161tu.<\/p>\n<div class=\"product-next-previous\">\n<div class=\"product-prev\"><\/div><\/div>\n","protected":false},"excerpt":{"rendered":"<p>Najbolje mjesto za kupnju ALD-52 praha je iz UK. Tako\u0111er ga mo\u017eete kupiti iz Europe, Australije i EU po povoljnoj cijeni. Kupite ALD-52 prah 2022, ALD-52 prah preko no\u0107i, cijena ALD-52 praha.<\/p>\n<p>Jedna od tvrtki koja proizvodi i prodaje ALD-52.<\/p>\n<p>online trgovina: kupite ALD-52 online, ALD-52 za \u200b\u200bprodaju, ALD-52 dobavlja\u010d, ALD-52 prah, kupite ga sada<\/p>\n<p>ALD-52\u00a0reddit. Dostava je besplatna.<\/p>\n<p>Mo\u017eete kupiti \u010disti prah s 10 mg ALD-52 za \u200b\u200bprodaju putem interneta.<\/p>\n<p>&nbsp;<\/p>\n<p><strong>25%<\/strong>\u00a0isklju\u010deno za\u00a0<strong>40 mg\u00a0<\/strong>i vi\u0161e. K\u00f4d kupona: bhobos2018z<\/p>\n<table class=\"table\">\n<tbody>\n<tr>\n<th><span style=\"font-weight: 400\">Minimalna koli\u010dina narud\u017ebe:<\/span><\/th>\n<td>10 g<\/td>\n<\/tr>\n<tr>\n<th><span style=\"font-weight: 400\">Mogu\u0107nost opskrbe:<\/span><\/th>\n<td>100 kg\/mjese\u010dno<\/td>\n<\/tr>\n<tr>\n<th><span style=\"font-weight: 400\">Luka:<\/span><\/th>\n<td>Var\u0161ava, Nizozemska<\/td>\n<\/tr>\n<tr>\n<th><span style=\"font-weight: 400\">Uvjeti pla\u0107anja:<\/span><\/th>\n<td>Bankovni prijenos, Bitcoin, WU\/MG, Ostalo<\/td>\n<\/tr>\n<tr>\n<th><span style=\"font-weight: 400\">Pojedinosti pakiranja:<\/span><\/th>\n<td>Prema zahtjevu kupca<\/td>\n<\/tr>\n<tr>\n<th><span style=\"font-weight: 400\">Detalji dostave:<\/span><\/th>\n<td>DPD, brza dostava, Pharma Courier EU<\/td>\n<\/tr>\n<\/tbody>\n<\/table>\n","protected":false},"featured_media":5699,"comment_status":"open","ping_status":"closed","template":"","meta":[],"product_brand":[],"product_cat":[2014],"product_tag":[3574,3577,3579,3580,3581,3576,3582,3583,3584,3588,3589,3585,3586,3587,3575,3578,3590],"class_list":{"0":"post-5686","1":"product","2":"type-product","3":"status-publish","4":"has-post-thumbnail","6":"product_cat-kupiti-istrazivati-kemikalije","7":"product_tag-ald-52-dosage","8":"product_tag-ald-52-uinak-praha","9":"product_tag-ald-52-powder-order","10":"product_tag-ald-52-powder-reddit","11":"product_tag-ald-52-powder-supplier","12":"product_tag-ald-52-prah","13":"product_tag-ald-52-prah-veleprodaja","14":"product_tag-best-place-to-order-ald-52","15":"product_tag-buy-ald-52","16":"product_tag-isti-ald-52-prah","17":"product_tag-pure-ald-52-powder-google","18":"product_tag-buy-ald-52-prah","19":"product_tag-buy-ald-52-powder-online","20":"product_tag-red-ald-52-prah","21":"product_tag-ald-52-na-prodaju","22":"product_tag-ald-52-prah-na-prodaju","23":"product_tag-to-je-ald-52-prah","25":"first","26":"instock","27":"shipping-taxable","28":"purchasable","29":"product-type-simple"},"yoast_head":"<!-- This site is optimized with the Yoast SEO plugin v27.3 - https:\/\/yoast.com\/product\/yoast-seo-wordpress\/ -->\n<title>Kupite ALD-52 prah - ALD-52 pra\u0161ak na mre\u017ei - najbolji svjetski lijekovi<\/title>\n<meta name=\"description\" content=\"Kupite Kupite ALD-52 prah za prodaju u Ujedinjenom Kraljevstvu, Europi, AU, EU, naru\u010dite jeftino\u00a0Kupite ALD-52 prah\u00a02022., gdje\u00a0kupiti\u00a0visokokvalitetan\u00a0Kupiti ALD-52 prah preko no\u0107i,\u00a0cijena ALD-52 praha.\" \/>\n<meta name=\"robots\" content=\"index, follow, max-snippet:-1, max-image-preview:large, max-video-preview:-1\" \/>\n<link rel=\"canonical\" href=\"https:\/\/medicinasinc.com\/hr\/product\/buy-ald-52-prah\/\" \/>\n<meta property=\"og:locale\" content=\"hr_HR\" \/>\n<meta property=\"og:type\" content=\"article\" \/>\n<meta property=\"og:title\" content=\"Kupite ALD-52 prah - ALD-52 pra\u0161ak na mre\u017ei - najbolji svjetski lijekovi\" \/>\n<meta property=\"og:description\" content=\"Kupite Kupite ALD-52 prah za prodaju u Ujedinjenom Kraljevstvu, Europi, AU, EU, naru\u010dite jeftino\u00a0Kupite ALD-52 prah\u00a02022., gdje\u00a0kupiti\u00a0visokokvalitetan\u00a0Kupiti ALD-52 prah preko no\u0107i,\u00a0cijena ALD-52 praha.\" \/>\n<meta property=\"og:url\" content=\"https:\/\/medicinasinc.com\/hr\/product\/buy-ald-52-prah\/\" \/>\n<meta property=\"og:site_name\" content=\"Medicinas Inc\" \/>\n<meta property=\"article:modified_time\" content=\"2022-03-15T05:29:55+00:00\" \/>\n<meta property=\"og:image\" content=\"https:\/\/medicinasinc.com\/hr\/wp-content\/uploads\/sites\/3\/2022\/02\/Buy-ALD-52-Powder.jpg\" \/>\n\t<meta property=\"og:image:width\" content=\"1080\" \/>\n\t<meta property=\"og:image:height\" content=\"995\" \/>\n\t<meta property=\"og:image:type\" content=\"image\/jpeg\" \/>\n<meta name=\"twitter:card\" content=\"summary_large_image\" \/>\n<meta name=\"twitter:label1\" content=\"Procijenjeno vrijeme \u010ditanja\" \/>\n\t<meta name=\"twitter:data1\" content=\"1 minuta\" \/>\n<script type=\"application\/ld+json\" class=\"yoast-schema-graph\">{\"@context\":\"https:\\\/\\\/schema.org\",\"@graph\":[{\"@type\":\"WebPage\",\"@id\":\"https:\\\/\\\/medicinasinc.com\\\/hr\\\/product\\\/buy-ald-52-prah\\\/\",\"url\":\"https:\\\/\\\/medicinasinc.com\\\/hr\\\/product\\\/buy-ald-52-prah\\\/\",\"name\":\"Kupite ALD-52 prah - ALD-52 pra\u0161ak na mre\u017ei - najbolji svjetski lijekovi\",\"isPartOf\":{\"@id\":\"https:\\\/\\\/medicinasinc.com\\\/hr\\\/#website\"},\"primaryImageOfPage\":{\"@id\":\"https:\\\/\\\/medicinasinc.com\\\/hr\\\/product\\\/buy-ald-52-prah\\\/#primaryimage\"},\"image\":{\"@id\":\"https:\\\/\\\/medicinasinc.com\\\/hr\\\/product\\\/buy-ald-52-prah\\\/#primaryimage\"},\"thumbnailUrl\":\"https:\\\/\\\/medicinasinc.com\\\/hr\\\/wp-content\\\/uploads\\\/sites\\\/3\\\/2022\\\/02\\\/Buy-ALD-52-Powder.jpg\",\"datePublished\":\"2022-02-22T04:12:43+00:00\",\"dateModified\":\"2022-03-15T05:29:55+00:00\",\"description\":\"Kupite Kupite ALD-52 prah za prodaju u Ujedinjenom Kraljevstvu, Europi, AU, EU, naru\u010dite jeftino\u00a0Kupite ALD-52 prah\u00a02022., gdje\u00a0kupiti\u00a0visokokvalitetan\u00a0Kupiti ALD-52 prah preko no\u0107i,\u00a0cijena ALD-52 praha.\",\"breadcrumb\":{\"@id\":\"https:\\\/\\\/medicinasinc.com\\\/hr\\\/product\\\/buy-ald-52-prah\\\/#breadcrumb\"},\"inLanguage\":\"hr\",\"potentialAction\":[{\"@type\":\"ReadAction\",\"target\":[\"https:\\\/\\\/medicinasinc.com\\\/hr\\\/product\\\/buy-ald-52-prah\\\/\"]}]},{\"@type\":\"ImageObject\",\"inLanguage\":\"hr\",\"@id\":\"https:\\\/\\\/medicinasinc.com\\\/hr\\\/product\\\/buy-ald-52-prah\\\/#primaryimage\",\"url\":\"https:\\\/\\\/medicinasinc.com\\\/hr\\\/wp-content\\\/uploads\\\/sites\\\/3\\\/2022\\\/02\\\/Buy-ALD-52-Powder.jpg\",\"contentUrl\":\"https:\\\/\\\/medicinasinc.com\\\/hr\\\/wp-content\\\/uploads\\\/sites\\\/3\\\/2022\\\/02\\\/Buy-ALD-52-Powder.jpg\",\"width\":1080,\"height\":995},{\"@type\":\"BreadcrumbList\",\"@id\":\"https:\\\/\\\/medicinasinc.com\\\/hr\\\/product\\\/buy-ald-52-prah\\\/#breadcrumb\",\"itemListElement\":[{\"@type\":\"ListItem\",\"position\":1,\"name\":\"Du\u0107an\",\"item\":\"https:\\\/\\\/medicinasinc.com\\\/hr\\\/ducan\\\/\"},{\"@type\":\"ListItem\",\"position\":2,\"name\":\"Kupite ALD-52 prah\"}]},{\"@type\":\"WebSite\",\"@id\":\"https:\\\/\\\/medicinasinc.com\\\/hr\\\/#website\",\"url\":\"https:\\\/\\\/medicinasinc.com\\\/hr\\\/\",\"name\":\"Medicinas Inc\",\"description\":\"Health Medical Clinic\",\"potentialAction\":[{\"@type\":\"SearchAction\",\"target\":{\"@type\":\"EntryPoint\",\"urlTemplate\":\"https:\\\/\\\/medicinasinc.com\\\/hr\\\/?s={search_term_string}\"},\"query-input\":{\"@type\":\"PropertyValueSpecification\",\"valueRequired\":true,\"valueName\":\"search_term_string\"}}],\"inLanguage\":\"hr\"}]}<\/script>\n<!-- \/ Yoast SEO plugin. -->","yoast_head_json":{"title":"Kupite ALD-52 prah - ALD-52 pra\u0161ak na mre\u017ei - najbolji svjetski lijekovi","description":"Kupite Kupite ALD-52 prah za prodaju u Ujedinjenom Kraljevstvu, Europi, AU, EU, naru\u010dite jeftino\u00a0Kupite ALD-52 prah\u00a02022., gdje\u00a0kupiti\u00a0visokokvalitetan\u00a0Kupiti ALD-52 prah preko no\u0107i,\u00a0cijena ALD-52 praha.","robots":{"index":"index","follow":"follow","max-snippet":"max-snippet:-1","max-image-preview":"max-image-preview:large","max-video-preview":"max-video-preview:-1"},"canonical":"https:\/\/medicinasinc.com\/hr\/product\/buy-ald-52-prah\/","og_locale":"hr_HR","og_type":"article","og_title":"Kupite ALD-52 prah - ALD-52 pra\u0161ak na mre\u017ei - najbolji svjetski lijekovi","og_description":"Kupite Kupite ALD-52 prah za prodaju u Ujedinjenom Kraljevstvu, Europi, AU, EU, naru\u010dite jeftino\u00a0Kupite ALD-52 prah\u00a02022., gdje\u00a0kupiti\u00a0visokokvalitetan\u00a0Kupiti ALD-52 prah preko no\u0107i,\u00a0cijena ALD-52 praha.","og_url":"https:\/\/medicinasinc.com\/hr\/product\/buy-ald-52-prah\/","og_site_name":"Medicinas Inc","article_modified_time":"2022-03-15T05:29:55+00:00","og_image":[{"width":1080,"height":995,"url":"https:\/\/medicinasinc.com\/hr\/wp-content\/uploads\/sites\/3\/2022\/02\/Buy-ALD-52-Powder.jpg","type":"image\/jpeg"}],"twitter_card":"summary_large_image","twitter_misc":{"Procijenjeno vrijeme \u010ditanja":"1 minuta"},"schema":{"@context":"https:\/\/schema.org","@graph":[{"@type":"WebPage","@id":"https:\/\/medicinasinc.com\/hr\/product\/buy-ald-52-prah\/","url":"https:\/\/medicinasinc.com\/hr\/product\/buy-ald-52-prah\/","name":"Kupite ALD-52 prah - ALD-52 pra\u0161ak na mre\u017ei - najbolji svjetski lijekovi","isPartOf":{"@id":"https:\/\/medicinasinc.com\/hr\/#website"},"primaryImageOfPage":{"@id":"https:\/\/medicinasinc.com\/hr\/product\/buy-ald-52-prah\/#primaryimage"},"image":{"@id":"https:\/\/medicinasinc.com\/hr\/product\/buy-ald-52-prah\/#primaryimage"},"thumbnailUrl":"https:\/\/medicinasinc.com\/hr\/wp-content\/uploads\/sites\/3\/2022\/02\/Buy-ALD-52-Powder.jpg","datePublished":"2022-02-22T04:12:43+00:00","dateModified":"2022-03-15T05:29:55+00:00","description":"Kupite Kupite ALD-52 prah za prodaju u Ujedinjenom Kraljevstvu, Europi, AU, EU, naru\u010dite jeftino\u00a0Kupite ALD-52 prah\u00a02022., gdje\u00a0kupiti\u00a0visokokvalitetan\u00a0Kupiti ALD-52 prah preko no\u0107i,\u00a0cijena ALD-52 praha.","breadcrumb":{"@id":"https:\/\/medicinasinc.com\/hr\/product\/buy-ald-52-prah\/#breadcrumb"},"inLanguage":"hr","potentialAction":[{"@type":"ReadAction","target":["https:\/\/medicinasinc.com\/hr\/product\/buy-ald-52-prah\/"]}]},{"@type":"ImageObject","inLanguage":"hr","@id":"https:\/\/medicinasinc.com\/hr\/product\/buy-ald-52-prah\/#primaryimage","url":"https:\/\/medicinasinc.com\/hr\/wp-content\/uploads\/sites\/3\/2022\/02\/Buy-ALD-52-Powder.jpg","contentUrl":"https:\/\/medicinasinc.com\/hr\/wp-content\/uploads\/sites\/3\/2022\/02\/Buy-ALD-52-Powder.jpg","width":1080,"height":995},{"@type":"BreadcrumbList","@id":"https:\/\/medicinasinc.com\/hr\/product\/buy-ald-52-prah\/#breadcrumb","itemListElement":[{"@type":"ListItem","position":1,"name":"Du\u0107an","item":"https:\/\/medicinasinc.com\/hr\/ducan\/"},{"@type":"ListItem","position":2,"name":"Kupite ALD-52 prah"}]},{"@type":"WebSite","@id":"https:\/\/medicinasinc.com\/hr\/#website","url":"https:\/\/medicinasinc.com\/hr\/","name":"Medicinas Inc","description":"Health Medical Clinic","potentialAction":[{"@type":"SearchAction","target":{"@type":"EntryPoint","urlTemplate":"https:\/\/medicinasinc.com\/hr\/?s={search_term_string}"},"query-input":{"@type":"PropertyValueSpecification","valueRequired":true,"valueName":"search_term_string"}}],"inLanguage":"hr"}]}},"_links":{"self":[{"href":"https:\/\/medicinasinc.com\/hr\/wp-json\/wp\/v2\/product\/5686","targetHints":{"allow":["GET"]}}],"collection":[{"href":"https:\/\/medicinasinc.com\/hr\/wp-json\/wp\/v2\/product"}],"about":[{"href":"https:\/\/medicinasinc.com\/hr\/wp-json\/wp\/v2\/types\/product"}],"replies":[{"embeddable":true,"href":"https:\/\/medicinasinc.com\/hr\/wp-json\/wp\/v2\/comments?post=5686"}],"wp:featuredmedia":[{"embeddable":true,"href":"https:\/\/medicinasinc.com\/hr\/wp-json\/wp\/v2\/media\/5699"}],"wp:attachment":[{"href":"https:\/\/medicinasinc.com\/hr\/wp-json\/wp\/v2\/media?parent=5686"}],"wp:term":[{"taxonomy":"product_brand","embeddable":true,"href":"https:\/\/medicinasinc.com\/hr\/wp-json\/wp\/v2\/product_brand?post=5686"},{"taxonomy":"product_cat","embeddable":true,"href":"https:\/\/medicinasinc.com\/hr\/wp-json\/wp\/v2\/product_cat?post=5686"},{"taxonomy":"product_tag","embeddable":true,"href":"https:\/\/medicinasinc.com\/hr\/wp-json\/wp\/v2\/product_tag?post=5686"}],"curies":[{"name":"wp","href":"https:\/\/api.w.org\/{rel}","templated":true}]}}